{"id":50322,"date":"2025-04-17T16:26:59","date_gmt":"2025-04-17T09:26:59","guid":{"rendered":"https:\/\/capy-planet.com\/shop\/capyslip-pantoufles-confortables-en-forme-de-capybara-chaussures-dinterieur-pelucheuses\/"},"modified":"2025-12-11T04:38:42","modified_gmt":"2025-12-10T20:38:42","slug":"capyslip-pantoufles-confortables-en-forme-de-capybara-chaussures-dinterieur-pelucheuses","status":"publish","type":"product","link":"https:\/\/capy-planet.com\/fr\/shop\/capyslip-pantoufles-confortables-en-forme-de-capybara-chaussures-dinterieur-pelucheuses\/","title":{"rendered":"CapySlip \u2013 Pantoufles Confortables en Forme de Capybara | Chaussures d&rsquo;Int\u00e9rieur Pelucheuses"},"content":{"rendered":"<p class=\"\" data-start=\"333\" data-end=\"437\"><strong>\ud83e\udde1<\/strong> <strong data-start=\"338\" data-end=\"433\">Pr\u00e9sentation de CapySlip \u2013 Les pantoufles \u00e0 dos ouvert en forme de capybara con\u00e7ues pour des pieds chauds et des c\u0153urs chaleureux !<\/strong> \ud83d\udc3e\u2728<\/p>\n<p class=\"\" data-start=\"439\" data-end=\"746\">Dites adieu aux chaussures d&rsquo;int\u00e9rieur ennuyeuses et bonjour \u00e0 <strong data-start=\"487\" data-end=\"500\">CapySlip<\/strong> \u2014 les pantoufles en forme de capybara ultra-douces \u00e0 dos ouvert, con\u00e7ues pour les amateurs de soir\u00e9es d\u00e9contract\u00e9es et d&rsquo;ambiances chaleureuses. Arborant un adorable visage de capybara brod\u00e9 et un int\u00e9rieur en sherpa chaud, ces chaussons confortables gardent vos pieds au chaud tout en ajoutant une dose quotidienne d&rsquo;attendrissement. <\/p>\n<p class=\"\" data-start=\"748\" data-end=\"866\">Parfaites pour les couples, les colocataires, ou toute personne souhaitant se sentir enlac\u00e9e par un ami capybara pelucheux \u00e0 chaque pas.<\/p>\n<p class=\"\" data-start=\"868\" data-end=\"1404\">\ud83d\udc96 <strong data-start=\"871\" data-end=\"901\">Pourquoi allez-vous adorer CapySlip ?<\/strong><br data-start=\"901\" data-end=\"904\">\u2714\ufe0f <strong data-start=\"907\" data-end=\"930\">Design facile \u00e0 enfiler<\/strong> \u2013 Style ouvert \u00e0 l&rsquo;arri\u00e8re pour un confort rapide sans tracas.<br data-start=\"986\" data-end=\"989\">\u2714\ufe0f <strong data-start=\"992\" data-end=\"1013\">Doublure ultra-douce<\/strong> \u2013 Comme marcher dans une \u00e9treinte chaleureuse de capybara.<br data-start=\"1058\" data-end=\"1061\">\u2714\ufe0f <strong data-start=\"1064\" data-end=\"1084\">Visage kawaii de capybara<\/strong> \u2013 Des capybaras souriants \u00e0 vos pieds ? Certainement.<br data-start=\"1130\" data-end=\"1133\">\u2714\ufe0f <strong data-start=\"1136\" data-end=\"1153\">Semelle antid\u00e9rapante<\/strong> \u2013 Confortable et s\u00fbre pour les sols en bois, les carrelages et les missions de collation nocturne.<br data-start=\"1225\" data-end=\"1228\">\u2714\ufe0f <strong data-start=\"1231\" data-end=\"1254\">Taille adapt\u00e9e aux couples<\/strong> \u2013 Disponible en plusieurs tailles pour vous et votre \u00eatre humain pr\u00e9f\u00e9r\u00e9.<br data-start=\"1317\" data-end=\"1320\">\u2714\ufe0f <strong data-start=\"1323\" data-end=\"1349\">Porter adorable au quotidien<\/strong> \u2013 Am\u00e9liorez votre look d&rsquo;int\u00e9rieur avec un peu de douceur inspir\u00e9e des capybaras. <\/p>\n<p class=\"\" data-start=\"1406\" data-end=\"1505\">\ud83c\udf81  <strong data-start=\"1409\" data-end=\"1498\">CapySlip est le compagnon d\u00e9contract\u00e9 que vos pieds attendaient. Soyez confortable, restez mignon. <\/strong>  \ud83c\udfe1\ud83e\udde6\ud83e\udd99<\/p>\n","protected":false},"excerpt":{"rendered":"<p><strong>\ud83e\udde1 CapySlip<\/strong> \u2013 Pantoufles moelleuses en forme de capybara avec un design \u00e0 dos ouvert. Douces, chaudes et irr\u00e9sistiblement mignonnes. La paire parfaite pour des soir\u00e9es douillettes \u00e0 la maison !  <\/p>\n","protected":false},"featured_media":50278,"comment_status":"open","ping_status":"closed","template":"","meta":[],"product_brand":[],"product_cat":[2716],"product_tag":[2806,2807,2800,2802,2735,2805,2801,2803,2799,2804],"class_list":{"0":"post-50322","1":"product","2":"type-product","3":"status-publish","4":"has-post-thumbnail","6":"product_cat-capy-shoes-fr","7":"product_tag-cadeau-pantoufles-animales","8":"product_tag-chaussons-chauds-et-duveteux","9":"product_tag-chaussures-dinterieur-kawaii","10":"product_tag-mules-capybara-pelucheuses","11":"product_tag-pantoufles-capybara","12":"product_tag-pantoufles-capybara-antiderapantes","13":"product_tag-pantoufles-confortables-pour-couple","14":"product_tag-pantoufles-dinterieur-pour-hommes-et-femmes","15":"product_tag-pantoufles-en-peluche-a-dos-ouvert","16":"product_tag-pantoufles-originales-mignonnes","18":"first","19":"instock","20":"sale","21":"shipping-taxable","22":"purchasable","23":"product-type-variable"},"yoast_head":"<!-- This site is optimized with the Yoast SEO plugin v27.0 - https:\/\/yoast.com\/product\/yoast-seo-wordpress\/ -->\n<title>CapySlip \u2013 Pantoufles Confortables en Forme de Capybara | Chaussures d&#039;Int\u00e9rieur Pelucheuses - Capy Planet<\/title>\n<meta name=\"description\" content=\"\ud83e\udde1 CapySlip \u2013 Pantoufles capybara douces et mignonnes. Parfaites pour soir\u00e9es cosy !\" \/>\n<meta name=\"robots\" content=\"index, follow, max-snippet:-1, max-image-preview:large, max-video-preview:-1\" \/>\n<link rel=\"canonical\" href=\"https:\/\/capy-planet.com\/fr\/shop\/capyslip-pantoufles-confortables-en-forme-de-capybara-chaussures-dinterieur-pelucheuses\/\" \/>\n<meta property=\"og:locale\" content=\"fr_FR\" \/>\n<meta property=\"og:type\" content=\"article\" \/>\n<meta property=\"og:title\" content=\"CapySlip \u2013 Pantoufles Confortables en Forme de Capybara | Chaussures d&#039;Int\u00e9rieur Pelucheuses - Capy Planet\" \/>\n<meta property=\"og:description\" content=\"\ud83e\udde1 CapySlip \u2013 Pantoufles capybara douces et mignonnes. Parfaites pour soir\u00e9es cosy !\" \/>\n<meta property=\"og:url\" content=\"https:\/\/capy-planet.com\/fr\/shop\/capyslip-pantoufles-confortables-en-forme-de-capybara-chaussures-dinterieur-pelucheuses\/\" \/>\n<meta property=\"og:site_name\" content=\"Capy Planet\" \/>\n<meta property=\"article:publisher\" content=\"https:\/\/www.facebook.com\/capy.planet\" \/>\n<meta property=\"article:modified_time\" content=\"2025-12-10T20:38:42+00:00\" \/>\n<meta property=\"og:image\" content=\"https:\/\/capy-planet.com\/wp-content\/uploads\/sites\/2\/2025\/04\/Sec0385b0a91c458cb6f3407967976ac1P.webp\" \/>\n\t<meta property=\"og:image:width\" content=\"800\" \/>\n\t<meta property=\"og:image:height\" content=\"800\" \/>\n\t<meta property=\"og:image:type\" content=\"image\/webp\" \/>\n<meta name=\"twitter:card\" content=\"summary_large_image\" \/>\n<meta name=\"twitter:label1\" content=\"Dur\u00e9e de lecture estim\u00e9e\" \/>\n\t<meta name=\"twitter:data1\" content=\"1 minute\" \/>\n<script type=\"application\/ld+json\" class=\"yoast-schema-graph\">{\"@context\":\"https:\/\/schema.org\",\"@graph\":[{\"@type\":\"WebPage\",\"@id\":\"https:\/\/capy-planet.com\/fr\/shop\/capyslip-pantoufles-confortables-en-forme-de-capybara-chaussures-dinterieur-pelucheuses\/\",\"url\":\"https:\/\/capy-planet.com\/fr\/shop\/capyslip-pantoufles-confortables-en-forme-de-capybara-chaussures-dinterieur-pelucheuses\/\",\"name\":\"CapySlip \u2013 Pantoufles Confortables en Forme de Capybara | Chaussures d'Int\u00e9rieur Pelucheuses - Capy Planet\",\"isPartOf\":{\"@id\":\"https:\/\/capy-planet.com\/fr\/#website\"},\"primaryImageOfPage\":{\"@id\":\"https:\/\/capy-planet.com\/fr\/shop\/capyslip-pantoufles-confortables-en-forme-de-capybara-chaussures-dinterieur-pelucheuses\/#primaryimage\"},\"image\":{\"@id\":\"https:\/\/capy-planet.com\/fr\/shop\/capyslip-pantoufles-confortables-en-forme-de-capybara-chaussures-dinterieur-pelucheuses\/#primaryimage\"},\"thumbnailUrl\":\"https:\/\/i0.wp.com\/capy-planet.com\/wp-content\/uploads\/sites\/2\/2025\/04\/Sec0385b0a91c458cb6f3407967976ac1P.webp?fit=800%2C800&ssl=1\",\"datePublished\":\"2025-04-17T09:26:59+00:00\",\"dateModified\":\"2025-12-10T20:38:42+00:00\",\"description\":\"\ud83e\udde1 CapySlip \u2013 Pantoufles capybara douces et mignonnes. Parfaites pour soir\u00e9es cosy !\",\"breadcrumb\":{\"@id\":\"https:\/\/capy-planet.com\/fr\/shop\/capyslip-pantoufles-confortables-en-forme-de-capybara-chaussures-dinterieur-pelucheuses\/#breadcrumb\"},\"inLanguage\":\"fr-FR\",\"potentialAction\":[{\"@type\":\"ReadAction\",\"target\":[\"https:\/\/capy-planet.com\/fr\/shop\/capyslip-pantoufles-confortables-en-forme-de-capybara-chaussures-dinterieur-pelucheuses\/\"]}]},{\"@type\":\"ImageObject\",\"inLanguage\":\"fr-FR\",\"@id\":\"https:\/\/capy-planet.com\/fr\/shop\/capyslip-pantoufles-confortables-en-forme-de-capybara-chaussures-dinterieur-pelucheuses\/#primaryimage\",\"url\":\"https:\/\/i0.wp.com\/capy-planet.com\/wp-content\/uploads\/sites\/2\/2025\/04\/Sec0385b0a91c458cb6f3407967976ac1P.webp?fit=800%2C800&ssl=1\",\"contentUrl\":\"https:\/\/i0.wp.com\/capy-planet.com\/wp-content\/uploads\/sites\/2\/2025\/04\/Sec0385b0a91c458cb6f3407967976ac1P.webp?fit=800%2C800&ssl=1\",\"width\":800,\"height\":800},{\"@type\":\"BreadcrumbList\",\"@id\":\"https:\/\/capy-planet.com\/fr\/shop\/capyslip-pantoufles-confortables-en-forme-de-capybara-chaussures-dinterieur-pelucheuses\/#breadcrumb\",\"itemListElement\":[{\"@type\":\"ListItem\",\"position\":1,\"name\":\"Home\",\"item\":\"https:\/\/capy-planet.com\/fr\/home\/\"},{\"@type\":\"ListItem\",\"position\":2,\"name\":\"Capy Shop\",\"item\":\"https:\/\/capy-planet.com\/shop\/\"},{\"@type\":\"ListItem\",\"position\":3,\"name\":\"CapySlip \u2013 Pantoufles Confortables en Forme de Capybara | Chaussures d&#8217;Int\u00e9rieur Pelucheuses\"}]},{\"@type\":\"WebSite\",\"@id\":\"https:\/\/capy-planet.com\/fr\/#website\",\"url\":\"https:\/\/capy-planet.com\/fr\/\",\"name\":\"Capy Planet\",\"description\":\"Adoptez la vibe Capybara !\",\"publisher\":{\"@id\":\"https:\/\/capy-planet.com\/fr\/#organization\"},\"potentialAction\":[{\"@type\":\"SearchAction\",\"target\":{\"@type\":\"EntryPoint\",\"urlTemplate\":\"https:\/\/capy-planet.com\/fr\/?s={search_term_string}\"},\"query-input\":{\"@type\":\"PropertyValueSpecification\",\"valueRequired\":true,\"valueName\":\"search_term_string\"}}],\"inLanguage\":\"fr-FR\"},{\"@type\":\"Organization\",\"@id\":\"https:\/\/capy-planet.com\/fr\/#organization\",\"name\":\"Plan\u00e8te Capy\",\"url\":\"https:\/\/capy-planet.com\/fr\/\",\"logo\":{\"@type\":\"ImageObject\",\"inLanguage\":\"fr-FR\",\"@id\":\"https:\/\/capy-planet.com\/fr\/#\/schema\/logo\/image\/\",\"url\":\"https:\/\/i0.wp.com\/capy-planet.com\/wp-content\/uploads\/sites\/2\/2025\/03\/Henri_Hardillier_Capybara_face_large_smile_big_white_kawaii_eyes_c795f5d3-126d-4c2b-bf35-82751b2d63bb-2.png?fit=705%2C705&ssl=1\",\"contentUrl\":\"https:\/\/i0.wp.com\/capy-planet.com\/wp-content\/uploads\/sites\/2\/2025\/03\/Henri_Hardillier_Capybara_face_large_smile_big_white_kawaii_eyes_c795f5d3-126d-4c2b-bf35-82751b2d63bb-2.png?fit=705%2C705&ssl=1\",\"width\":705,\"height\":705,\"caption\":\"Plan\u00e8te Capy\"},\"image\":{\"@id\":\"https:\/\/capy-planet.com\/fr\/#\/schema\/logo\/image\/\"},\"sameAs\":[\"https:\/\/www.facebook.com\/capy.planet\",\"https:\/\/www.instagram.com\/capy_planet_com\"]}]}<\/script>\n<!-- \/ Yoast SEO plugin. -->","yoast_head_json":{"title":"CapySlip \u2013 Pantoufles Confortables en Forme de Capybara | Chaussures d'Int\u00e9rieur Pelucheuses - Capy Planet","description":"\ud83e\udde1 CapySlip \u2013 Pantoufles capybara douces et mignonnes. Parfaites pour soir\u00e9es cosy !","robots":{"index":"index","follow":"follow","max-snippet":"max-snippet:-1","max-image-preview":"max-image-preview:large","max-video-preview":"max-video-preview:-1"},"canonical":"https:\/\/capy-planet.com\/fr\/shop\/capyslip-pantoufles-confortables-en-forme-de-capybara-chaussures-dinterieur-pelucheuses\/","og_locale":"fr_FR","og_type":"article","og_title":"CapySlip \u2013 Pantoufles Confortables en Forme de Capybara | Chaussures d'Int\u00e9rieur Pelucheuses - Capy Planet","og_description":"\ud83e\udde1 CapySlip \u2013 Pantoufles capybara douces et mignonnes. Parfaites pour soir\u00e9es cosy !","og_url":"https:\/\/capy-planet.com\/fr\/shop\/capyslip-pantoufles-confortables-en-forme-de-capybara-chaussures-dinterieur-pelucheuses\/","og_site_name":"Capy Planet","article_publisher":"https:\/\/www.facebook.com\/capy.planet","article_modified_time":"2025-12-10T20:38:42+00:00","og_image":[{"width":800,"height":800,"url":"https:\/\/capy-planet.com\/wp-content\/uploads\/sites\/2\/2025\/04\/Sec0385b0a91c458cb6f3407967976ac1P.webp","type":"image\/webp"}],"twitter_card":"summary_large_image","twitter_misc":{"Dur\u00e9e de lecture estim\u00e9e":"1 minute"},"schema":{"@context":"https:\/\/schema.org","@graph":[{"@type":"WebPage","@id":"https:\/\/capy-planet.com\/fr\/shop\/capyslip-pantoufles-confortables-en-forme-de-capybara-chaussures-dinterieur-pelucheuses\/","url":"https:\/\/capy-planet.com\/fr\/shop\/capyslip-pantoufles-confortables-en-forme-de-capybara-chaussures-dinterieur-pelucheuses\/","name":"CapySlip \u2013 Pantoufles Confortables en Forme de Capybara | Chaussures d'Int\u00e9rieur Pelucheuses - Capy Planet","isPartOf":{"@id":"https:\/\/capy-planet.com\/fr\/#website"},"primaryImageOfPage":{"@id":"https:\/\/capy-planet.com\/fr\/shop\/capyslip-pantoufles-confortables-en-forme-de-capybara-chaussures-dinterieur-pelucheuses\/#primaryimage"},"image":{"@id":"https:\/\/capy-planet.com\/fr\/shop\/capyslip-pantoufles-confortables-en-forme-de-capybara-chaussures-dinterieur-pelucheuses\/#primaryimage"},"thumbnailUrl":"https:\/\/i0.wp.com\/capy-planet.com\/wp-content\/uploads\/sites\/2\/2025\/04\/Sec0385b0a91c458cb6f3407967976ac1P.webp?fit=800%2C800&ssl=1","datePublished":"2025-04-17T09:26:59+00:00","dateModified":"2025-12-10T20:38:42+00:00","description":"\ud83e\udde1 CapySlip \u2013 Pantoufles capybara douces et mignonnes. Parfaites pour soir\u00e9es cosy !","breadcrumb":{"@id":"https:\/\/capy-planet.com\/fr\/shop\/capyslip-pantoufles-confortables-en-forme-de-capybara-chaussures-dinterieur-pelucheuses\/#breadcrumb"},"inLanguage":"fr-FR","potentialAction":[{"@type":"ReadAction","target":["https:\/\/capy-planet.com\/fr\/shop\/capyslip-pantoufles-confortables-en-forme-de-capybara-chaussures-dinterieur-pelucheuses\/"]}]},{"@type":"ImageObject","inLanguage":"fr-FR","@id":"https:\/\/capy-planet.com\/fr\/shop\/capyslip-pantoufles-confortables-en-forme-de-capybara-chaussures-dinterieur-pelucheuses\/#primaryimage","url":"https:\/\/i0.wp.com\/capy-planet.com\/wp-content\/uploads\/sites\/2\/2025\/04\/Sec0385b0a91c458cb6f3407967976ac1P.webp?fit=800%2C800&ssl=1","contentUrl":"https:\/\/i0.wp.com\/capy-planet.com\/wp-content\/uploads\/sites\/2\/2025\/04\/Sec0385b0a91c458cb6f3407967976ac1P.webp?fit=800%2C800&ssl=1","width":800,"height":800},{"@type":"BreadcrumbList","@id":"https:\/\/capy-planet.com\/fr\/shop\/capyslip-pantoufles-confortables-en-forme-de-capybara-chaussures-dinterieur-pelucheuses\/#breadcrumb","itemListElement":[{"@type":"ListItem","position":1,"name":"Home","item":"https:\/\/capy-planet.com\/fr\/home\/"},{"@type":"ListItem","position":2,"name":"Capy Shop","item":"https:\/\/capy-planet.com\/shop\/"},{"@type":"ListItem","position":3,"name":"CapySlip \u2013 Pantoufles Confortables en Forme de Capybara | Chaussures d&#8217;Int\u00e9rieur Pelucheuses"}]},{"@type":"WebSite","@id":"https:\/\/capy-planet.com\/fr\/#website","url":"https:\/\/capy-planet.com\/fr\/","name":"Capy Planet","description":"Adoptez la vibe Capybara !","publisher":{"@id":"https:\/\/capy-planet.com\/fr\/#organization"},"potentialAction":[{"@type":"SearchAction","target":{"@type":"EntryPoint","urlTemplate":"https:\/\/capy-planet.com\/fr\/?s={search_term_string}"},"query-input":{"@type":"PropertyValueSpecification","valueRequired":true,"valueName":"search_term_string"}}],"inLanguage":"fr-FR"},{"@type":"Organization","@id":"https:\/\/capy-planet.com\/fr\/#organization","name":"Plan\u00e8te Capy","url":"https:\/\/capy-planet.com\/fr\/","logo":{"@type":"ImageObject","inLanguage":"fr-FR","@id":"https:\/\/capy-planet.com\/fr\/#\/schema\/logo\/image\/","url":"https:\/\/i0.wp.com\/capy-planet.com\/wp-content\/uploads\/sites\/2\/2025\/03\/Henri_Hardillier_Capybara_face_large_smile_big_white_kawaii_eyes_c795f5d3-126d-4c2b-bf35-82751b2d63bb-2.png?fit=705%2C705&ssl=1","contentUrl":"https:\/\/i0.wp.com\/capy-planet.com\/wp-content\/uploads\/sites\/2\/2025\/03\/Henri_Hardillier_Capybara_face_large_smile_big_white_kawaii_eyes_c795f5d3-126d-4c2b-bf35-82751b2d63bb-2.png?fit=705%2C705&ssl=1","width":705,"height":705,"caption":"Plan\u00e8te Capy"},"image":{"@id":"https:\/\/capy-planet.com\/fr\/#\/schema\/logo\/image\/"},"sameAs":["https:\/\/www.facebook.com\/capy.planet","https:\/\/www.instagram.com\/capy_planet_com"]}]}},"jetpack_sharing_enabled":true,"_links":{"self":[{"href":"https:\/\/capy-planet.com\/fr\/wp-json\/wp\/v2\/product\/50322","targetHints":{"allow":["GET"]}}],"collection":[{"href":"https:\/\/capy-planet.com\/fr\/wp-json\/wp\/v2\/product"}],"about":[{"href":"https:\/\/capy-planet.com\/fr\/wp-json\/wp\/v2\/types\/product"}],"replies":[{"embeddable":true,"href":"https:\/\/capy-planet.com\/fr\/wp-json\/wp\/v2\/comments?post=50322"}],"wp:featuredmedia":[{"embeddable":true,"href":"https:\/\/capy-planet.com\/fr\/wp-json\/wp\/v2\/media\/50278"}],"wp:attachment":[{"href":"https:\/\/capy-planet.com\/fr\/wp-json\/wp\/v2\/media?parent=50322"}],"wp:term":[{"taxonomy":"product_brand","embeddable":true,"href":"https:\/\/capy-planet.com\/fr\/wp-json\/wp\/v2\/product_brand?post=50322"},{"taxonomy":"product_cat","embeddable":true,"href":"https:\/\/capy-planet.com\/fr\/wp-json\/wp\/v2\/product_cat?post=50322"},{"taxonomy":"product_tag","embeddable":true,"href":"https:\/\/capy-planet.com\/fr\/wp-json\/wp\/v2\/product_tag?post=50322"}],"curies":[{"name":"wp","href":"https:\/\/api.w.org\/{rel}","templated":true}]}}