{"id":50258,"date":"2025-04-17T16:21:15","date_gmt":"2025-04-17T09:21:15","guid":{"rendered":"https:\/\/capy-planet.com\/shop\/capyfeet-pantoufles-capybara-ultra-duveteuses-confort-interieur-geant-en-peluche-pour-legendes-du-cocooning\/"},"modified":"2025-04-17T16:24:55","modified_gmt":"2025-04-17T09:24:55","slug":"capyfeet-pantoufles-capybara-ultra-duveteuses-confort-interieur-geant-en-peluche-pour-legendes-du-cocooning","status":"publish","type":"product","link":"https:\/\/capy-planet.com\/fr\/shop\/capyfeet-pantoufles-capybara-ultra-duveteuses-confort-interieur-geant-en-peluche-pour-legendes-du-cocooning\/","title":{"rendered":"CapyFeet \u2013 Pantoufles Capybara Ultra-Moelleuses | Confort Int\u00e9rieur en Peluche G\u00e9ante"},"content":{"rendered":"<p class=\"\" data-start=\"345\" data-end=\"448\">\ud83e\uddb6\ud83d\udca4 <strong data-start=\"350\" data-end=\"443\">Glissez dans un confort gigantesque avec CapyFeet \u2013 Les pantoufles capybara volumineuses que vos pieds m\u00e9ritent !<\/strong> \ud83e\udde6\ud83d\udc9b<\/p>\n<p class=\"\" data-start=\"450\" data-end=\"684\">Si vos pieds ont toujours r\u00eav\u00e9 d&rsquo;\u00eatre enlac\u00e9s par un capybara \u2014 <strong data-start=\"513\" data-end=\"549\">il est temps de concr\u00e9tiser ce r\u00eave<\/strong>. Faites la connaissance de <strong data-start=\"564\" data-end=\"577\">CapyFeet<\/strong>, les pantoufles capybara hilarantes, surdimensionn\u00e9es et ultra-douces, con\u00e7ues pour un confort maximal et une ambiance des plus d\u00e9contract\u00e9es. <\/p>\n<p class=\"\" data-start=\"686\" data-end=\"942\">Fabriqu\u00e9es avec un tissu \u00e9pais et moelleux, et rembourr\u00e9es du museau \u00e0 la queue, ces adorables chaussons sont parfaits pour les week-ends paresseux, les journ\u00e9es de t\u00e9l\u00e9travail, ou simplement pour afficher votre amour pour l&rsquo;animal le plus d\u00e9contract\u00e9 d&rsquo;Internet. Ils sont mignons, douillets, et oui \u2014 ils sont <em data-start=\"933\" data-end=\"941\">volumineux<\/em>. <\/p>\n<p class=\"\" data-start=\"944\" data-end=\"1109\">Que vous soyez un <strong data-start=\"961\" data-end=\"983\">collectionneur de capybaras<\/strong>, un <strong data-start=\"987\" data-end=\"1003\">passionn\u00e9 de peluches<\/strong>, ou simplement quelqu&rsquo;un qui reconna\u00eet le confort lorsqu&rsquo;il le voit \u2014 ces compagnons en peluche seront vos nouvelles chaussures de pr\u00e9dilection. \ud83d\udecb\ufe0f\ud83d\udca8 <\/p>\n<p class=\"\" data-start=\"1111\" data-end=\"1605\">\ud83d\udc96 <strong data-start=\"1114\" data-end=\"1144\">Pourquoi allez-vous adorer CapyFeet ?<\/strong><br data-start=\"1144\" data-end=\"1147\">\u2714\ufe0f <strong data-start=\"1150\" data-end=\"1173\">Conception ultra-moelleuse<\/strong> \u2013 Comme marcher sur un nuage (mais en plus mignon).<br data-start=\"1227\" data-end=\"1230\">\u2714\ufe0f <strong data-start=\"1233\" data-end=\"1252\">Surdimensionn\u00e9s et amusants<\/strong> \u2013 Look en peluche extra-large pour une ambiance ultra-douillette.<br data-start=\"1299\" data-end=\"1302\">\u2714\ufe0f <strong data-start=\"1305\" data-end=\"1323\">Semelle antid\u00e9rapante<\/strong> \u2013 Car la s\u00e9curit\u00e9 peut aussi \u00eatre adorable.<br data-start=\"1358\" data-end=\"1361\">\u2714\ufe0f <strong data-start=\"1364\" data-end=\"1378\">Coupe unisexe<\/strong> \u2013 Pour les amateurs de capybaras de toutes formes et tailles.<br data-start=\"1421\" data-end=\"1424\">\u2714\ufe0f <strong data-start=\"1427\" data-end=\"1443\">Cadeau parfait<\/strong> \u2013 Un succ\u00e8s garanti aupr\u00e8s des amoureux des animaux, des grands enfants et des passionn\u00e9s de m\u00e8mes.<br data-start=\"1519\" data-end=\"1522\">\u2714\ufe0f <strong data-start=\"1525\" data-end=\"1552\">G\u00e9n\u00e9rateur de sourires instantan\u00e9<\/strong> \u2013 Marchez avec un capybara \u00e0 chaque pied. Cela se passe de commentaires. <\/p>\n<p class=\"\" data-start=\"1607\" data-end=\"1708\">\ud83c\udf81  <strong data-start=\"1610\" data-end=\"1704\">Offrez \u00e0 vos orteils un c\u00e2lin de capybara. CapyFeet est plus qu&rsquo;une pantoufle \u2014 c&rsquo;est un style de vie. <\/strong>  \ud83d\udc3e\u2728<\/p>\n","protected":false},"excerpt":{"rendered":"<p><strong>\ud83e\uddb6 CapyFeet<\/strong> \u2013 Pantoufles capybara surdimensionn\u00e9es et ultra-moelleuses ! Pour les amateurs de pieds chauds, de pas feutr\u00e9s et de pur bonheur d&rsquo;int\u00e9rieur. Une taille unique convient aux plus d\u00e9tendus.  <\/p>\n","protected":false},"featured_media":50209,"comment_status":"open","ping_status":"closed","template":"","meta":[],"product_brand":[],"product_cat":[2716],"product_tag":[2780,2775,2777,514,2737,2735,2779,2774,2778,2776],"class_list":{"0":"post-50258","1":"product","2":"type-product","3":"status-publish","4":"has-post-thumbnail","6":"product_cat-capy-shoes-fr","7":"product_tag-articles-pour-amateurs-de-capybaras","8":"product_tag-chaussons-dinterieur-amusants","9":"product_tag-chaussures-dinterieur-unisexes","10":"product_tag-capybara-gift-idea-fr","11":"product_tag-pantoufles-animaux-douillettes","12":"product_tag-pantoufles-capybara","13":"product_tag-pantoufles-en-peluche-de-dessin-anime","14":"product_tag-pantoufles-en-peluche-geantes","15":"product_tag-pantoufles-kawaii","16":"product_tag-pantoufles-surdimensionnees","18":"first","19":"instock","20":"sale","21":"shipping-taxable","22":"purchasable","23":"product-type-variable"},"yoast_head":"<!-- This site is optimized with the Yoast SEO plugin v27.0 - https:\/\/yoast.com\/product\/yoast-seo-wordpress\/ -->\n<title>CapyFeet \u2013 Pantoufles Capybara Ultra-Moelleuses | Confort Int\u00e9rieur en Peluche G\u00e9ante - Capy Planet<\/title>\n<meta name=\"description\" content=\"\ud83e\uddb6 CapyFeet \u2013 Pantoufles capybara XXL ultra-douces. Pour pieds au chaud et confort maximal. Taille unique.\" \/>\n<meta name=\"robots\" content=\"index, follow, max-snippet:-1, max-image-preview:large, max-video-preview:-1\" \/>\n<link rel=\"canonical\" href=\"https:\/\/capy-planet.com\/fr\/shop\/capyfeet-pantoufles-capybara-ultra-duveteuses-confort-interieur-geant-en-peluche-pour-legendes-du-cocooning\/\" \/>\n<meta property=\"og:locale\" content=\"fr_FR\" \/>\n<meta property=\"og:type\" content=\"article\" \/>\n<meta property=\"og:title\" content=\"CapyFeet \u2013 Pantoufles Capybara Ultra-Moelleuses | Confort Int\u00e9rieur en Peluche G\u00e9ante - Capy Planet\" \/>\n<meta property=\"og:description\" content=\"\ud83e\uddb6 CapyFeet \u2013 Pantoufles capybara XXL ultra-douces. Pour pieds au chaud et confort maximal. Taille unique.\" \/>\n<meta property=\"og:url\" content=\"https:\/\/capy-planet.com\/fr\/shop\/capyfeet-pantoufles-capybara-ultra-duveteuses-confort-interieur-geant-en-peluche-pour-legendes-du-cocooning\/\" \/>\n<meta property=\"og:site_name\" content=\"Capy Planet\" \/>\n<meta property=\"article:publisher\" content=\"https:\/\/www.facebook.com\/capy.planet\" \/>\n<meta property=\"article:modified_time\" content=\"2025-04-17T09:24:55+00:00\" \/>\n<meta property=\"og:image\" content=\"https:\/\/capy-planet.com\/wp-content\/uploads\/sites\/2\/2025\/04\/S655bce18006f4f9bad3887f85b8ed96dn.webp\" \/>\n\t<meta property=\"og:image:width\" content=\"800\" \/>\n\t<meta property=\"og:image:height\" content=\"800\" \/>\n\t<meta property=\"og:image:type\" content=\"image\/webp\" \/>\n<meta name=\"twitter:card\" content=\"summary_large_image\" \/>\n<meta name=\"twitter:label1\" content=\"Dur\u00e9e de lecture estim\u00e9e\" \/>\n\t<meta name=\"twitter:data1\" content=\"1 minute\" \/>\n<script type=\"application\/ld+json\" class=\"yoast-schema-graph\">{\"@context\":\"https:\/\/schema.org\",\"@graph\":[{\"@type\":\"WebPage\",\"@id\":\"https:\/\/capy-planet.com\/fr\/shop\/capyfeet-pantoufles-capybara-ultra-duveteuses-confort-interieur-geant-en-peluche-pour-legendes-du-cocooning\/\",\"url\":\"https:\/\/capy-planet.com\/fr\/shop\/capyfeet-pantoufles-capybara-ultra-duveteuses-confort-interieur-geant-en-peluche-pour-legendes-du-cocooning\/\",\"name\":\"CapyFeet \u2013 Pantoufles Capybara Ultra-Moelleuses | Confort Int\u00e9rieur en Peluche G\u00e9ante - Capy Planet\",\"isPartOf\":{\"@id\":\"https:\/\/capy-planet.com\/fr\/#website\"},\"primaryImageOfPage\":{\"@id\":\"https:\/\/capy-planet.com\/fr\/shop\/capyfeet-pantoufles-capybara-ultra-duveteuses-confort-interieur-geant-en-peluche-pour-legendes-du-cocooning\/#primaryimage\"},\"image\":{\"@id\":\"https:\/\/capy-planet.com\/fr\/shop\/capyfeet-pantoufles-capybara-ultra-duveteuses-confort-interieur-geant-en-peluche-pour-legendes-du-cocooning\/#primaryimage\"},\"thumbnailUrl\":\"https:\/\/i0.wp.com\/capy-planet.com\/wp-content\/uploads\/sites\/2\/2025\/04\/S655bce18006f4f9bad3887f85b8ed96dn.webp?fit=800%2C800&ssl=1\",\"datePublished\":\"2025-04-17T09:21:15+00:00\",\"dateModified\":\"2025-04-17T09:24:55+00:00\",\"description\":\"\ud83e\uddb6 CapyFeet \u2013 Pantoufles capybara XXL ultra-douces. Pour pieds au chaud et confort maximal. Taille unique.\",\"breadcrumb\":{\"@id\":\"https:\/\/capy-planet.com\/fr\/shop\/capyfeet-pantoufles-capybara-ultra-duveteuses-confort-interieur-geant-en-peluche-pour-legendes-du-cocooning\/#breadcrumb\"},\"inLanguage\":\"fr-FR\",\"potentialAction\":[{\"@type\":\"ReadAction\",\"target\":[\"https:\/\/capy-planet.com\/fr\/shop\/capyfeet-pantoufles-capybara-ultra-duveteuses-confort-interieur-geant-en-peluche-pour-legendes-du-cocooning\/\"]}]},{\"@type\":\"ImageObject\",\"inLanguage\":\"fr-FR\",\"@id\":\"https:\/\/capy-planet.com\/fr\/shop\/capyfeet-pantoufles-capybara-ultra-duveteuses-confort-interieur-geant-en-peluche-pour-legendes-du-cocooning\/#primaryimage\",\"url\":\"https:\/\/i0.wp.com\/capy-planet.com\/wp-content\/uploads\/sites\/2\/2025\/04\/S655bce18006f4f9bad3887f85b8ed96dn.webp?fit=800%2C800&ssl=1\",\"contentUrl\":\"https:\/\/i0.wp.com\/capy-planet.com\/wp-content\/uploads\/sites\/2\/2025\/04\/S655bce18006f4f9bad3887f85b8ed96dn.webp?fit=800%2C800&ssl=1\",\"width\":800,\"height\":800},{\"@type\":\"BreadcrumbList\",\"@id\":\"https:\/\/capy-planet.com\/fr\/shop\/capyfeet-pantoufles-capybara-ultra-duveteuses-confort-interieur-geant-en-peluche-pour-legendes-du-cocooning\/#breadcrumb\",\"itemListElement\":[{\"@type\":\"ListItem\",\"position\":1,\"name\":\"Home\",\"item\":\"https:\/\/capy-planet.com\/fr\/home\/\"},{\"@type\":\"ListItem\",\"position\":2,\"name\":\"Capy Shop\",\"item\":\"https:\/\/capy-planet.com\/shop\/\"},{\"@type\":\"ListItem\",\"position\":3,\"name\":\"CapyFeet \u2013 Pantoufles Capybara Ultra-Moelleuses | Confort Int\u00e9rieur en Peluche G\u00e9ante\"}]},{\"@type\":\"WebSite\",\"@id\":\"https:\/\/capy-planet.com\/fr\/#website\",\"url\":\"https:\/\/capy-planet.com\/fr\/\",\"name\":\"Capy Planet\",\"description\":\"Adoptez la vibe Capybara !\",\"publisher\":{\"@id\":\"https:\/\/capy-planet.com\/fr\/#organization\"},\"potentialAction\":[{\"@type\":\"SearchAction\",\"target\":{\"@type\":\"EntryPoint\",\"urlTemplate\":\"https:\/\/capy-planet.com\/fr\/?s={search_term_string}\"},\"query-input\":{\"@type\":\"PropertyValueSpecification\",\"valueRequired\":true,\"valueName\":\"search_term_string\"}}],\"inLanguage\":\"fr-FR\"},{\"@type\":\"Organization\",\"@id\":\"https:\/\/capy-planet.com\/fr\/#organization\",\"name\":\"Plan\u00e8te Capy\",\"url\":\"https:\/\/capy-planet.com\/fr\/\",\"logo\":{\"@type\":\"ImageObject\",\"inLanguage\":\"fr-FR\",\"@id\":\"https:\/\/capy-planet.com\/fr\/#\/schema\/logo\/image\/\",\"url\":\"https:\/\/i0.wp.com\/capy-planet.com\/wp-content\/uploads\/sites\/2\/2025\/03\/Henri_Hardillier_Capybara_face_large_smile_big_white_kawaii_eyes_c795f5d3-126d-4c2b-bf35-82751b2d63bb-2.png?fit=705%2C705&ssl=1\",\"contentUrl\":\"https:\/\/i0.wp.com\/capy-planet.com\/wp-content\/uploads\/sites\/2\/2025\/03\/Henri_Hardillier_Capybara_face_large_smile_big_white_kawaii_eyes_c795f5d3-126d-4c2b-bf35-82751b2d63bb-2.png?fit=705%2C705&ssl=1\",\"width\":705,\"height\":705,\"caption\":\"Plan\u00e8te Capy\"},\"image\":{\"@id\":\"https:\/\/capy-planet.com\/fr\/#\/schema\/logo\/image\/\"},\"sameAs\":[\"https:\/\/www.facebook.com\/capy.planet\",\"https:\/\/www.instagram.com\/capy_planet_com\"]}]}<\/script>\n<!-- \/ Yoast SEO plugin. -->","yoast_head_json":{"title":"CapyFeet \u2013 Pantoufles Capybara Ultra-Moelleuses | Confort Int\u00e9rieur en Peluche G\u00e9ante - Capy Planet","description":"\ud83e\uddb6 CapyFeet \u2013 Pantoufles capybara XXL ultra-douces. Pour pieds au chaud et confort maximal. Taille unique.","robots":{"index":"index","follow":"follow","max-snippet":"max-snippet:-1","max-image-preview":"max-image-preview:large","max-video-preview":"max-video-preview:-1"},"canonical":"https:\/\/capy-planet.com\/fr\/shop\/capyfeet-pantoufles-capybara-ultra-duveteuses-confort-interieur-geant-en-peluche-pour-legendes-du-cocooning\/","og_locale":"fr_FR","og_type":"article","og_title":"CapyFeet \u2013 Pantoufles Capybara Ultra-Moelleuses | Confort Int\u00e9rieur en Peluche G\u00e9ante - Capy Planet","og_description":"\ud83e\uddb6 CapyFeet \u2013 Pantoufles capybara XXL ultra-douces. Pour pieds au chaud et confort maximal. Taille unique.","og_url":"https:\/\/capy-planet.com\/fr\/shop\/capyfeet-pantoufles-capybara-ultra-duveteuses-confort-interieur-geant-en-peluche-pour-legendes-du-cocooning\/","og_site_name":"Capy Planet","article_publisher":"https:\/\/www.facebook.com\/capy.planet","article_modified_time":"2025-04-17T09:24:55+00:00","og_image":[{"width":800,"height":800,"url":"https:\/\/capy-planet.com\/wp-content\/uploads\/sites\/2\/2025\/04\/S655bce18006f4f9bad3887f85b8ed96dn.webp","type":"image\/webp"}],"twitter_card":"summary_large_image","twitter_misc":{"Dur\u00e9e de lecture estim\u00e9e":"1 minute"},"schema":{"@context":"https:\/\/schema.org","@graph":[{"@type":"WebPage","@id":"https:\/\/capy-planet.com\/fr\/shop\/capyfeet-pantoufles-capybara-ultra-duveteuses-confort-interieur-geant-en-peluche-pour-legendes-du-cocooning\/","url":"https:\/\/capy-planet.com\/fr\/shop\/capyfeet-pantoufles-capybara-ultra-duveteuses-confort-interieur-geant-en-peluche-pour-legendes-du-cocooning\/","name":"CapyFeet \u2013 Pantoufles Capybara Ultra-Moelleuses | Confort Int\u00e9rieur en Peluche G\u00e9ante - Capy Planet","isPartOf":{"@id":"https:\/\/capy-planet.com\/fr\/#website"},"primaryImageOfPage":{"@id":"https:\/\/capy-planet.com\/fr\/shop\/capyfeet-pantoufles-capybara-ultra-duveteuses-confort-interieur-geant-en-peluche-pour-legendes-du-cocooning\/#primaryimage"},"image":{"@id":"https:\/\/capy-planet.com\/fr\/shop\/capyfeet-pantoufles-capybara-ultra-duveteuses-confort-interieur-geant-en-peluche-pour-legendes-du-cocooning\/#primaryimage"},"thumbnailUrl":"https:\/\/i0.wp.com\/capy-planet.com\/wp-content\/uploads\/sites\/2\/2025\/04\/S655bce18006f4f9bad3887f85b8ed96dn.webp?fit=800%2C800&ssl=1","datePublished":"2025-04-17T09:21:15+00:00","dateModified":"2025-04-17T09:24:55+00:00","description":"\ud83e\uddb6 CapyFeet \u2013 Pantoufles capybara XXL ultra-douces. Pour pieds au chaud et confort maximal. Taille unique.","breadcrumb":{"@id":"https:\/\/capy-planet.com\/fr\/shop\/capyfeet-pantoufles-capybara-ultra-duveteuses-confort-interieur-geant-en-peluche-pour-legendes-du-cocooning\/#breadcrumb"},"inLanguage":"fr-FR","potentialAction":[{"@type":"ReadAction","target":["https:\/\/capy-planet.com\/fr\/shop\/capyfeet-pantoufles-capybara-ultra-duveteuses-confort-interieur-geant-en-peluche-pour-legendes-du-cocooning\/"]}]},{"@type":"ImageObject","inLanguage":"fr-FR","@id":"https:\/\/capy-planet.com\/fr\/shop\/capyfeet-pantoufles-capybara-ultra-duveteuses-confort-interieur-geant-en-peluche-pour-legendes-du-cocooning\/#primaryimage","url":"https:\/\/i0.wp.com\/capy-planet.com\/wp-content\/uploads\/sites\/2\/2025\/04\/S655bce18006f4f9bad3887f85b8ed96dn.webp?fit=800%2C800&ssl=1","contentUrl":"https:\/\/i0.wp.com\/capy-planet.com\/wp-content\/uploads\/sites\/2\/2025\/04\/S655bce18006f4f9bad3887f85b8ed96dn.webp?fit=800%2C800&ssl=1","width":800,"height":800},{"@type":"BreadcrumbList","@id":"https:\/\/capy-planet.com\/fr\/shop\/capyfeet-pantoufles-capybara-ultra-duveteuses-confort-interieur-geant-en-peluche-pour-legendes-du-cocooning\/#breadcrumb","itemListElement":[{"@type":"ListItem","position":1,"name":"Home","item":"https:\/\/capy-planet.com\/fr\/home\/"},{"@type":"ListItem","position":2,"name":"Capy Shop","item":"https:\/\/capy-planet.com\/shop\/"},{"@type":"ListItem","position":3,"name":"CapyFeet \u2013 Pantoufles Capybara Ultra-Moelleuses | Confort Int\u00e9rieur en Peluche G\u00e9ante"}]},{"@type":"WebSite","@id":"https:\/\/capy-planet.com\/fr\/#website","url":"https:\/\/capy-planet.com\/fr\/","name":"Capy Planet","description":"Adoptez la vibe Capybara !","publisher":{"@id":"https:\/\/capy-planet.com\/fr\/#organization"},"potentialAction":[{"@type":"SearchAction","target":{"@type":"EntryPoint","urlTemplate":"https:\/\/capy-planet.com\/fr\/?s={search_term_string}"},"query-input":{"@type":"PropertyValueSpecification","valueRequired":true,"valueName":"search_term_string"}}],"inLanguage":"fr-FR"},{"@type":"Organization","@id":"https:\/\/capy-planet.com\/fr\/#organization","name":"Plan\u00e8te Capy","url":"https:\/\/capy-planet.com\/fr\/","logo":{"@type":"ImageObject","inLanguage":"fr-FR","@id":"https:\/\/capy-planet.com\/fr\/#\/schema\/logo\/image\/","url":"https:\/\/i0.wp.com\/capy-planet.com\/wp-content\/uploads\/sites\/2\/2025\/03\/Henri_Hardillier_Capybara_face_large_smile_big_white_kawaii_eyes_c795f5d3-126d-4c2b-bf35-82751b2d63bb-2.png?fit=705%2C705&ssl=1","contentUrl":"https:\/\/i0.wp.com\/capy-planet.com\/wp-content\/uploads\/sites\/2\/2025\/03\/Henri_Hardillier_Capybara_face_large_smile_big_white_kawaii_eyes_c795f5d3-126d-4c2b-bf35-82751b2d63bb-2.png?fit=705%2C705&ssl=1","width":705,"height":705,"caption":"Plan\u00e8te Capy"},"image":{"@id":"https:\/\/capy-planet.com\/fr\/#\/schema\/logo\/image\/"},"sameAs":["https:\/\/www.facebook.com\/capy.planet","https:\/\/www.instagram.com\/capy_planet_com"]}]}},"jetpack_sharing_enabled":true,"_links":{"self":[{"href":"https:\/\/capy-planet.com\/fr\/wp-json\/wp\/v2\/product\/50258","targetHints":{"allow":["GET"]}}],"collection":[{"href":"https:\/\/capy-planet.com\/fr\/wp-json\/wp\/v2\/product"}],"about":[{"href":"https:\/\/capy-planet.com\/fr\/wp-json\/wp\/v2\/types\/product"}],"replies":[{"embeddable":true,"href":"https:\/\/capy-planet.com\/fr\/wp-json\/wp\/v2\/comments?post=50258"}],"wp:featuredmedia":[{"embeddable":true,"href":"https:\/\/capy-planet.com\/fr\/wp-json\/wp\/v2\/media\/50209"}],"wp:attachment":[{"href":"https:\/\/capy-planet.com\/fr\/wp-json\/wp\/v2\/media?parent=50258"}],"wp:term":[{"taxonomy":"product_brand","embeddable":true,"href":"https:\/\/capy-planet.com\/fr\/wp-json\/wp\/v2\/product_brand?post=50258"},{"taxonomy":"product_cat","embeddable":true,"href":"https:\/\/capy-planet.com\/fr\/wp-json\/wp\/v2\/product_cat?post=50258"},{"taxonomy":"product_tag","embeddable":true,"href":"https:\/\/capy-planet.com\/fr\/wp-json\/wp\/v2\/product_tag?post=50258"}],"curies":[{"name":"wp","href":"https:\/\/api.w.org\/{rel}","templated":true}]}}