{"id":48888,"date":"2025-04-13T01:11:40","date_gmt":"2025-04-12T18:11:40","guid":{"rendered":"https:\/\/capy-planet.com\/shop\/capysnackz-ensemble-de-coussins-en-peluche-en-forme-de-collations-sac-de-jouets-doux-kawaii-pour-canape-lit-et-cadeaux\/"},"modified":"2025-04-13T02:15:41","modified_gmt":"2025-04-12T19:15:41","slug":"capysnackz-ensemble-de-coussins-en-peluche-en-forme-de-collations-sac-de-jouets-doux-kawaii-pour-canape-lit-et-cadeaux","status":"publish","type":"product","link":"https:\/\/capy-planet.com\/fr\/shop\/capysnackz-ensemble-de-coussins-en-peluche-en-forme-de-collations-sac-de-jouets-doux-kawaii-pour-canape-lit-et-cadeaux\/","title":{"rendered":"CapySnackz \u2013 Ensemble d&rsquo;Oreillers en Peluche de l&rsquo;Escouade des Collations | Sac de Jouets Moelleux Kawaii"},"content":{"rendered":"<p class=\"\" data-start=\"387\" data-end=\"630\">\ud83d\udcac Faites la connaissance de l&rsquo;attaque de collations la plus c\u00e2line qui soit : l&rsquo;ensemble de coussins <strong data-start=\"436\" data-end=\"451\">CapySnackz<\/strong> ! Ce lot adorablement chaotique pr\u00e9sente vos friandises pr\u00e9f\u00e9r\u00e9es <em data-start=\"533\" data-end=\"545\">transform\u00e9es en peluches<\/em> avec une touche de capybara. <\/p>\n<p class=\"\" data-start=\"632\" data-end=\"804\">Chaque peluche est douce, moelleuse et con\u00e7ue pour transformer tout canap\u00e9, chambre \u00e0 coucher ou pause-collation en un d\u00e9lice douillet. Ce ne sont pas simplement des coussins, ce sont vos peluches de soutien \u00e9motionnel. \ud83d\udc95<\/p>\n<p class=\"\" data-start=\"806\" data-end=\"959\">C\u00e2lins, empilables et absolument <em data-start=\"841\" data-end=\"849\">kawaii<\/em>, ces peluches sont le cadeau r\u00eav\u00e9 pour les enfants, les collectionneurs de capybaras et les accumulateurs de coussins pastel.<\/p>\n<hr class=\"\" data-start=\"961\" data-end=\"964\">\n<h4 class=\"\" data-start=\"966\" data-end=\"1021\">\ud83c\udf6c Pourquoi CapySnackz est le nouveau meilleur ami de votre canap\u00e9 :<\/h4>\n<ul data-start=\"1022\" data-end=\"1357\">\n<li class=\"\" data-start=\"1022\" data-end=\"1087\">\n<p class=\"\" data-start=\"1024\" data-end=\"1087\">\ud83e\uddf8 Peluche ultra-douce, parfaite pour les siestes ou la recharge \u00e9motionnelle<\/p>\n<\/li>\n<li class=\"\" data-start=\"1150\" data-end=\"1215\">\n<p class=\"\" data-start=\"1152\" data-end=\"1215\">\ud83d\udc3e Les visages de collations \u00e0 th\u00e8me capybara apportent instantan\u00e9ment de la s\u00e9rotonine<\/p>\n<\/li>\n<li class=\"\" data-start=\"1216\" data-end=\"1275\">\n<p class=\"\" data-start=\"1218\" data-end=\"1275\">\ud83c\udfa8 Livr\u00e9 dans un joli sac de transport \u2013 amusant <em data-start=\"1258\" data-end=\"1263\">et<\/em> portable !<\/p>\n<\/li>\n<li class=\"\" data-start=\"1276\" data-end=\"1357\">\n<p class=\"\" data-start=\"1278\" data-end=\"1357\">\ud83c\udf81 Parfait pour les anniversaires, les f\u00eates \u00e0 th\u00e8me, la d\u00e9coration de dortoir, ou simplement pour vous faire plaisir<\/p>\n<\/li>\n<\/ul>\n<p class=\"\" data-start=\"1359\" data-end=\"1439\">C&rsquo;est la seule fois o\u00f9 se gaver de capybaras est <em data-start=\"1412\" data-end=\"1435\">totalement acceptable<\/em>. \ud83e\udd2d <\/p>\n","protected":false},"excerpt":{"rendered":"<p><strong data-start=\"1500\" data-end=\"1515\">\ud83c\udf6c CapySnackz<\/strong> \u2013 Un ensemble hilarant et c\u00e2lin de coussins en peluche \u00e0 th\u00e8me gourmand mettant en vedette des capybaras. Doux, mignon et le cadeau de confort ultime ! <\/p>\n","protected":false},"featured_media":48843,"comment_status":"open","ping_status":"closed","template":"","meta":[],"product_brand":[],"product_cat":[455],"product_tag":[2639,2641,2640,2638,2642,2637,2636],"class_list":{"0":"post-48888","1":"product","2":"type-product","3":"status-publish","4":"has-post-thumbnail","6":"product_cat-capy-plushies-fr","7":"product_tag-cadeaux-mignons-capybara","8":"product_tag-decoration-interieure-kawaii","9":"product_tag-ensemble-de-coussins-capybara","10":"product_tag-lot-de-peluches-alimentaires","11":"product_tag-pack-cadeau-de-jouets-doux","12":"product_tag-peluche-de-collation-kawaii","13":"product_tag-peluches-capybara","15":"first","16":"instock","17":"sale","18":"shipping-taxable","19":"purchasable","20":"product-type-variable"},"yoast_head":"<!-- This site is optimized with the Yoast SEO plugin v27.0 - https:\/\/yoast.com\/product\/yoast-seo-wordpress\/ -->\n<title>CapySnackz \u2013 Ensemble d&#039;Oreillers en Peluche de l&#039;Escouade des Collations | Sac de Jouets Moelleux Kawaii - Capy Planet<\/title>\n<meta name=\"description\" content=\"\ud83c\udf6c CapySnackz \u2013 Coussins capybaras gourmands. Doux, mignons, cadeau r\u00e9confortant !\" \/>\n<meta name=\"robots\" content=\"index, follow, max-snippet:-1, max-image-preview:large, max-video-preview:-1\" \/>\n<link rel=\"canonical\" href=\"https:\/\/capy-planet.com\/fr\/shop\/capysnackz-ensemble-de-coussins-en-peluche-en-forme-de-collations-sac-de-jouets-doux-kawaii-pour-canape-lit-et-cadeaux\/\" \/>\n<meta property=\"og:locale\" content=\"fr_FR\" \/>\n<meta property=\"og:type\" content=\"article\" \/>\n<meta property=\"og:title\" content=\"CapySnackz \u2013 Ensemble d&#039;Oreillers en Peluche de l&#039;Escouade des Collations | Sac de Jouets Moelleux Kawaii - Capy Planet\" \/>\n<meta property=\"og:description\" content=\"\ud83c\udf6c CapySnackz \u2013 Coussins capybaras gourmands. Doux, mignons, cadeau r\u00e9confortant !\" \/>\n<meta property=\"og:url\" content=\"https:\/\/capy-planet.com\/fr\/shop\/capysnackz-ensemble-de-coussins-en-peluche-en-forme-de-collations-sac-de-jouets-doux-kawaii-pour-canape-lit-et-cadeaux\/\" \/>\n<meta property=\"og:site_name\" content=\"Capy Planet\" \/>\n<meta property=\"article:publisher\" content=\"https:\/\/www.facebook.com\/capy.planet\" \/>\n<meta property=\"article:modified_time\" content=\"2025-04-12T19:15:41+00:00\" \/>\n<meta property=\"og:image\" content=\"https:\/\/capy-planet.com\/wp-content\/uploads\/sites\/2\/2025\/04\/Sc0f8dccd69ff44de8c47198f41e4b680H.webp\" \/>\n\t<meta property=\"og:image:width\" content=\"800\" \/>\n\t<meta property=\"og:image:height\" content=\"800\" \/>\n\t<meta property=\"og:image:type\" content=\"image\/webp\" \/>\n<meta name=\"twitter:card\" content=\"summary_large_image\" \/>\n<meta name=\"twitter:label1\" content=\"Dur\u00e9e de lecture estim\u00e9e\" \/>\n\t<meta name=\"twitter:data1\" content=\"1 minute\" \/>\n<script type=\"application\/ld+json\" class=\"yoast-schema-graph\">{\"@context\":\"https:\/\/schema.org\",\"@graph\":[{\"@type\":\"WebPage\",\"@id\":\"https:\/\/capy-planet.com\/fr\/shop\/capysnackz-ensemble-de-coussins-en-peluche-en-forme-de-collations-sac-de-jouets-doux-kawaii-pour-canape-lit-et-cadeaux\/\",\"url\":\"https:\/\/capy-planet.com\/fr\/shop\/capysnackz-ensemble-de-coussins-en-peluche-en-forme-de-collations-sac-de-jouets-doux-kawaii-pour-canape-lit-et-cadeaux\/\",\"name\":\"CapySnackz \u2013 Ensemble d'Oreillers en Peluche de l'Escouade des Collations | Sac de Jouets Moelleux Kawaii - Capy Planet\",\"isPartOf\":{\"@id\":\"https:\/\/capy-planet.com\/fr\/#website\"},\"primaryImageOfPage\":{\"@id\":\"https:\/\/capy-planet.com\/fr\/shop\/capysnackz-ensemble-de-coussins-en-peluche-en-forme-de-collations-sac-de-jouets-doux-kawaii-pour-canape-lit-et-cadeaux\/#primaryimage\"},\"image\":{\"@id\":\"https:\/\/capy-planet.com\/fr\/shop\/capysnackz-ensemble-de-coussins-en-peluche-en-forme-de-collations-sac-de-jouets-doux-kawaii-pour-canape-lit-et-cadeaux\/#primaryimage\"},\"thumbnailUrl\":\"https:\/\/i0.wp.com\/capy-planet.com\/wp-content\/uploads\/sites\/2\/2025\/04\/Sc0f8dccd69ff44de8c47198f41e4b680H.webp?fit=800%2C800&ssl=1\",\"datePublished\":\"2025-04-12T18:11:40+00:00\",\"dateModified\":\"2025-04-12T19:15:41+00:00\",\"description\":\"\ud83c\udf6c CapySnackz \u2013 Coussins capybaras gourmands. Doux, mignons, cadeau r\u00e9confortant !\",\"breadcrumb\":{\"@id\":\"https:\/\/capy-planet.com\/fr\/shop\/capysnackz-ensemble-de-coussins-en-peluche-en-forme-de-collations-sac-de-jouets-doux-kawaii-pour-canape-lit-et-cadeaux\/#breadcrumb\"},\"inLanguage\":\"fr-FR\",\"potentialAction\":[{\"@type\":\"ReadAction\",\"target\":[\"https:\/\/capy-planet.com\/fr\/shop\/capysnackz-ensemble-de-coussins-en-peluche-en-forme-de-collations-sac-de-jouets-doux-kawaii-pour-canape-lit-et-cadeaux\/\"]}]},{\"@type\":\"ImageObject\",\"inLanguage\":\"fr-FR\",\"@id\":\"https:\/\/capy-planet.com\/fr\/shop\/capysnackz-ensemble-de-coussins-en-peluche-en-forme-de-collations-sac-de-jouets-doux-kawaii-pour-canape-lit-et-cadeaux\/#primaryimage\",\"url\":\"https:\/\/i0.wp.com\/capy-planet.com\/wp-content\/uploads\/sites\/2\/2025\/04\/Sc0f8dccd69ff44de8c47198f41e4b680H.webp?fit=800%2C800&ssl=1\",\"contentUrl\":\"https:\/\/i0.wp.com\/capy-planet.com\/wp-content\/uploads\/sites\/2\/2025\/04\/Sc0f8dccd69ff44de8c47198f41e4b680H.webp?fit=800%2C800&ssl=1\",\"width\":800,\"height\":800},{\"@type\":\"BreadcrumbList\",\"@id\":\"https:\/\/capy-planet.com\/fr\/shop\/capysnackz-ensemble-de-coussins-en-peluche-en-forme-de-collations-sac-de-jouets-doux-kawaii-pour-canape-lit-et-cadeaux\/#breadcrumb\",\"itemListElement\":[{\"@type\":\"ListItem\",\"position\":1,\"name\":\"Home\",\"item\":\"https:\/\/capy-planet.com\/fr\/home\/\"},{\"@type\":\"ListItem\",\"position\":2,\"name\":\"Capy Shop\",\"item\":\"https:\/\/capy-planet.com\/shop\/\"},{\"@type\":\"ListItem\",\"position\":3,\"name\":\"CapySnackz \u2013 Ensemble d&#8217;Oreillers en Peluche de l&#8217;Escouade des Collations | Sac de Jouets Moelleux Kawaii\"}]},{\"@type\":\"WebSite\",\"@id\":\"https:\/\/capy-planet.com\/fr\/#website\",\"url\":\"https:\/\/capy-planet.com\/fr\/\",\"name\":\"Capy Planet\",\"description\":\"Adoptez la vibe Capybara !\",\"publisher\":{\"@id\":\"https:\/\/capy-planet.com\/fr\/#organization\"},\"potentialAction\":[{\"@type\":\"SearchAction\",\"target\":{\"@type\":\"EntryPoint\",\"urlTemplate\":\"https:\/\/capy-planet.com\/fr\/?s={search_term_string}\"},\"query-input\":{\"@type\":\"PropertyValueSpecification\",\"valueRequired\":true,\"valueName\":\"search_term_string\"}}],\"inLanguage\":\"fr-FR\"},{\"@type\":\"Organization\",\"@id\":\"https:\/\/capy-planet.com\/fr\/#organization\",\"name\":\"Plan\u00e8te Capy\",\"url\":\"https:\/\/capy-planet.com\/fr\/\",\"logo\":{\"@type\":\"ImageObject\",\"inLanguage\":\"fr-FR\",\"@id\":\"https:\/\/capy-planet.com\/fr\/#\/schema\/logo\/image\/\",\"url\":\"https:\/\/i0.wp.com\/capy-planet.com\/wp-content\/uploads\/sites\/2\/2025\/03\/Henri_Hardillier_Capybara_face_large_smile_big_white_kawaii_eyes_c795f5d3-126d-4c2b-bf35-82751b2d63bb-2.png?fit=705%2C705&ssl=1\",\"contentUrl\":\"https:\/\/i0.wp.com\/capy-planet.com\/wp-content\/uploads\/sites\/2\/2025\/03\/Henri_Hardillier_Capybara_face_large_smile_big_white_kawaii_eyes_c795f5d3-126d-4c2b-bf35-82751b2d63bb-2.png?fit=705%2C705&ssl=1\",\"width\":705,\"height\":705,\"caption\":\"Plan\u00e8te Capy\"},\"image\":{\"@id\":\"https:\/\/capy-planet.com\/fr\/#\/schema\/logo\/image\/\"},\"sameAs\":[\"https:\/\/www.facebook.com\/capy.planet\",\"https:\/\/www.instagram.com\/capy_planet_com\"]}]}<\/script>\n<!-- \/ Yoast SEO plugin. -->","yoast_head_json":{"title":"CapySnackz \u2013 Ensemble d'Oreillers en Peluche de l'Escouade des Collations | Sac de Jouets Moelleux Kawaii - Capy Planet","description":"\ud83c\udf6c CapySnackz \u2013 Coussins capybaras gourmands. Doux, mignons, cadeau r\u00e9confortant !","robots":{"index":"index","follow":"follow","max-snippet":"max-snippet:-1","max-image-preview":"max-image-preview:large","max-video-preview":"max-video-preview:-1"},"canonical":"https:\/\/capy-planet.com\/fr\/shop\/capysnackz-ensemble-de-coussins-en-peluche-en-forme-de-collations-sac-de-jouets-doux-kawaii-pour-canape-lit-et-cadeaux\/","og_locale":"fr_FR","og_type":"article","og_title":"CapySnackz \u2013 Ensemble d'Oreillers en Peluche de l'Escouade des Collations | Sac de Jouets Moelleux Kawaii - Capy Planet","og_description":"\ud83c\udf6c CapySnackz \u2013 Coussins capybaras gourmands. Doux, mignons, cadeau r\u00e9confortant !","og_url":"https:\/\/capy-planet.com\/fr\/shop\/capysnackz-ensemble-de-coussins-en-peluche-en-forme-de-collations-sac-de-jouets-doux-kawaii-pour-canape-lit-et-cadeaux\/","og_site_name":"Capy Planet","article_publisher":"https:\/\/www.facebook.com\/capy.planet","article_modified_time":"2025-04-12T19:15:41+00:00","og_image":[{"width":800,"height":800,"url":"https:\/\/capy-planet.com\/wp-content\/uploads\/sites\/2\/2025\/04\/Sc0f8dccd69ff44de8c47198f41e4b680H.webp","type":"image\/webp"}],"twitter_card":"summary_large_image","twitter_misc":{"Dur\u00e9e de lecture estim\u00e9e":"1 minute"},"schema":{"@context":"https:\/\/schema.org","@graph":[{"@type":"WebPage","@id":"https:\/\/capy-planet.com\/fr\/shop\/capysnackz-ensemble-de-coussins-en-peluche-en-forme-de-collations-sac-de-jouets-doux-kawaii-pour-canape-lit-et-cadeaux\/","url":"https:\/\/capy-planet.com\/fr\/shop\/capysnackz-ensemble-de-coussins-en-peluche-en-forme-de-collations-sac-de-jouets-doux-kawaii-pour-canape-lit-et-cadeaux\/","name":"CapySnackz \u2013 Ensemble d'Oreillers en Peluche de l'Escouade des Collations | Sac de Jouets Moelleux Kawaii - Capy Planet","isPartOf":{"@id":"https:\/\/capy-planet.com\/fr\/#website"},"primaryImageOfPage":{"@id":"https:\/\/capy-planet.com\/fr\/shop\/capysnackz-ensemble-de-coussins-en-peluche-en-forme-de-collations-sac-de-jouets-doux-kawaii-pour-canape-lit-et-cadeaux\/#primaryimage"},"image":{"@id":"https:\/\/capy-planet.com\/fr\/shop\/capysnackz-ensemble-de-coussins-en-peluche-en-forme-de-collations-sac-de-jouets-doux-kawaii-pour-canape-lit-et-cadeaux\/#primaryimage"},"thumbnailUrl":"https:\/\/i0.wp.com\/capy-planet.com\/wp-content\/uploads\/sites\/2\/2025\/04\/Sc0f8dccd69ff44de8c47198f41e4b680H.webp?fit=800%2C800&ssl=1","datePublished":"2025-04-12T18:11:40+00:00","dateModified":"2025-04-12T19:15:41+00:00","description":"\ud83c\udf6c CapySnackz \u2013 Coussins capybaras gourmands. Doux, mignons, cadeau r\u00e9confortant !","breadcrumb":{"@id":"https:\/\/capy-planet.com\/fr\/shop\/capysnackz-ensemble-de-coussins-en-peluche-en-forme-de-collations-sac-de-jouets-doux-kawaii-pour-canape-lit-et-cadeaux\/#breadcrumb"},"inLanguage":"fr-FR","potentialAction":[{"@type":"ReadAction","target":["https:\/\/capy-planet.com\/fr\/shop\/capysnackz-ensemble-de-coussins-en-peluche-en-forme-de-collations-sac-de-jouets-doux-kawaii-pour-canape-lit-et-cadeaux\/"]}]},{"@type":"ImageObject","inLanguage":"fr-FR","@id":"https:\/\/capy-planet.com\/fr\/shop\/capysnackz-ensemble-de-coussins-en-peluche-en-forme-de-collations-sac-de-jouets-doux-kawaii-pour-canape-lit-et-cadeaux\/#primaryimage","url":"https:\/\/i0.wp.com\/capy-planet.com\/wp-content\/uploads\/sites\/2\/2025\/04\/Sc0f8dccd69ff44de8c47198f41e4b680H.webp?fit=800%2C800&ssl=1","contentUrl":"https:\/\/i0.wp.com\/capy-planet.com\/wp-content\/uploads\/sites\/2\/2025\/04\/Sc0f8dccd69ff44de8c47198f41e4b680H.webp?fit=800%2C800&ssl=1","width":800,"height":800},{"@type":"BreadcrumbList","@id":"https:\/\/capy-planet.com\/fr\/shop\/capysnackz-ensemble-de-coussins-en-peluche-en-forme-de-collations-sac-de-jouets-doux-kawaii-pour-canape-lit-et-cadeaux\/#breadcrumb","itemListElement":[{"@type":"ListItem","position":1,"name":"Home","item":"https:\/\/capy-planet.com\/fr\/home\/"},{"@type":"ListItem","position":2,"name":"Capy Shop","item":"https:\/\/capy-planet.com\/shop\/"},{"@type":"ListItem","position":3,"name":"CapySnackz \u2013 Ensemble d&#8217;Oreillers en Peluche de l&#8217;Escouade des Collations | Sac de Jouets Moelleux Kawaii"}]},{"@type":"WebSite","@id":"https:\/\/capy-planet.com\/fr\/#website","url":"https:\/\/capy-planet.com\/fr\/","name":"Capy Planet","description":"Adoptez la vibe Capybara !","publisher":{"@id":"https:\/\/capy-planet.com\/fr\/#organization"},"potentialAction":[{"@type":"SearchAction","target":{"@type":"EntryPoint","urlTemplate":"https:\/\/capy-planet.com\/fr\/?s={search_term_string}"},"query-input":{"@type":"PropertyValueSpecification","valueRequired":true,"valueName":"search_term_string"}}],"inLanguage":"fr-FR"},{"@type":"Organization","@id":"https:\/\/capy-planet.com\/fr\/#organization","name":"Plan\u00e8te Capy","url":"https:\/\/capy-planet.com\/fr\/","logo":{"@type":"ImageObject","inLanguage":"fr-FR","@id":"https:\/\/capy-planet.com\/fr\/#\/schema\/logo\/image\/","url":"https:\/\/i0.wp.com\/capy-planet.com\/wp-content\/uploads\/sites\/2\/2025\/03\/Henri_Hardillier_Capybara_face_large_smile_big_white_kawaii_eyes_c795f5d3-126d-4c2b-bf35-82751b2d63bb-2.png?fit=705%2C705&ssl=1","contentUrl":"https:\/\/i0.wp.com\/capy-planet.com\/wp-content\/uploads\/sites\/2\/2025\/03\/Henri_Hardillier_Capybara_face_large_smile_big_white_kawaii_eyes_c795f5d3-126d-4c2b-bf35-82751b2d63bb-2.png?fit=705%2C705&ssl=1","width":705,"height":705,"caption":"Plan\u00e8te Capy"},"image":{"@id":"https:\/\/capy-planet.com\/fr\/#\/schema\/logo\/image\/"},"sameAs":["https:\/\/www.facebook.com\/capy.planet","https:\/\/www.instagram.com\/capy_planet_com"]}]}},"jetpack_sharing_enabled":true,"_links":{"self":[{"href":"https:\/\/capy-planet.com\/fr\/wp-json\/wp\/v2\/product\/48888","targetHints":{"allow":["GET"]}}],"collection":[{"href":"https:\/\/capy-planet.com\/fr\/wp-json\/wp\/v2\/product"}],"about":[{"href":"https:\/\/capy-planet.com\/fr\/wp-json\/wp\/v2\/types\/product"}],"replies":[{"embeddable":true,"href":"https:\/\/capy-planet.com\/fr\/wp-json\/wp\/v2\/comments?post=48888"}],"wp:featuredmedia":[{"embeddable":true,"href":"https:\/\/capy-planet.com\/fr\/wp-json\/wp\/v2\/media\/48843"}],"wp:attachment":[{"href":"https:\/\/capy-planet.com\/fr\/wp-json\/wp\/v2\/media?parent=48888"}],"wp:term":[{"taxonomy":"product_brand","embeddable":true,"href":"https:\/\/capy-planet.com\/fr\/wp-json\/wp\/v2\/product_brand?post=48888"},{"taxonomy":"product_cat","embeddable":true,"href":"https:\/\/capy-planet.com\/fr\/wp-json\/wp\/v2\/product_cat?post=48888"},{"taxonomy":"product_tag","embeddable":true,"href":"https:\/\/capy-planet.com\/fr\/wp-json\/wp\/v2\/product_tag?post=48888"}],"curies":[{"name":"wp","href":"https:\/\/api.w.org\/{rel}","templated":true}]}}