{"id":48770,"date":"2025-04-13T01:03:30","date_gmt":"2025-04-12T18:03:30","guid":{"rendered":"https:\/\/capy-planet.com\/shop\/capynihon-ensemble-dart-mural-vintage-japonais-zen-fourrure-avec-capybaras-decoration-murale-inspiree-des-onsen\/"},"modified":"2025-04-13T02:15:42","modified_gmt":"2025-04-12T19:15:42","slug":"capynihon-ensemble-dart-mural-vintage-japonais-zen-fourrure-avec-capybaras-decoration-murale-inspiree-des-onsen","status":"publish","type":"product","link":"https:\/\/capy-planet.com\/fr\/shop\/capynihon-ensemble-dart-mural-vintage-japonais-zen-fourrure-avec-capybaras-decoration-murale-inspiree-des-onsen\/","title":{"rendered":"CapyNihon \u2013 Ensemble d&rsquo;art mural vintage japonais \u00ab Zen &amp; Fourrure \u00bb sur le th\u00e8me du capybara | Inspir\u00e9 des onsen"},"content":{"rendered":"<p class=\"\" data-start=\"406\" data-end=\"569\">\u2728 Plongez dans l&rsquo;univers tranquille de <strong data-start=\"440\" data-end=\"454\">CapyNihon<\/strong>, o\u00f9 les lignes minimalistes et les capybaras d\u00e9tendus rencontrent l&rsquo;\u00e2me de l&rsquo;art japonais et le charme des affiches vintage.<\/p>\n<p class=\"\" data-start=\"571\" data-end=\"834\">Chaque pi\u00e8ce de cette collection d&rsquo;affiches sur toile m\u00eale esth\u00e9tique r\u00e9tro et culture capybara fantasque. Des bains dans les sources chaudes \u00e0 la calligraphie japonaise po\u00e9tique, c&rsquo;est un hommage \u00e0 la vie paisible \u2014 et \u00e0 la fourrure douce. Parfait pour ceux qui appr\u00e9cient une d\u00e9coration originale porteuse de sens. \ud83c\uddef\ud83c\uddf5   <\/p>\n<p class=\"\" data-start=\"836\" data-end=\"1050\">Que vous d\u00e9corier une chambre d&rsquo;amis, un coin th\u00e9, ou votre bureau de r\u00eave tokyo\u00efte, ces toiles sans cadre suscitent la curiosit\u00e9 et la conversation. CapyNihon est <strong data-start=\"998\" data-end=\"1047\">l\u00e0 o\u00f9 la s\u00e9r\u00e9nit\u00e9 japonaise rencontre l&rsquo;\u00e9nergie des capybaras<\/strong>. <\/p>\n<h4 class=\"\" data-start=\"1057\" data-end=\"1105\">\ud83c\udf0a Pourquoi CapyNihon rend n&rsquo;importe quel espace plus zen :<\/h4>\n<ul data-start=\"1106\" data-end=\"1526\">\n<li class=\"\" data-start=\"1106\" data-end=\"1182\">\n<p class=\"\" data-start=\"1108\" data-end=\"1182\">\ud83c\udf8c <strong data-start=\"1111\" data-end=\"1145\">Esth\u00e9tique r\u00e9tro des onsen japonais<\/strong> avec des polices vintage et des tons classiques<\/p>\n<\/li>\n<li class=\"\" data-start=\"1183\" data-end=\"1267\">\n<p class=\"\" data-start=\"1185\" data-end=\"1267\">\ud83e\uddd6\u200d\u2642\ufe0f <strong data-start=\"1191\" data-end=\"1219\">Motifs de capybaras<\/strong> tout droit sortis d&rsquo;un carnet de voyage illustr\u00e9<\/p>\n<\/li>\n<li class=\"\" data-start=\"1268\" data-end=\"1369\">\n<p class=\"\" data-start=\"1270\" data-end=\"1369\">\ud83d\uddbc\ufe0f <strong data-start=\"1274\" data-end=\"1293\">Impressions sans cadre<\/strong> pour un placement cr\u00e9atif : mur de collage, cadre sur pied, ou magie du washi tape<\/p>\n<\/li>\n<li class=\"\" data-start=\"1370\" data-end=\"1448\">\n<p class=\"\" data-start=\"1372\" data-end=\"1448\">\u2728 <strong data-start=\"1374\" data-end=\"1396\">Minimaliste et atmosph\u00e9rique<\/strong> \u2014 id\u00e9al pour les studios, les chambres d&rsquo;amis, les coins lecture<\/p>\n<\/li>\n<li class=\"\" data-start=\"1449\" data-end=\"1526\">\n<p class=\"\" data-start=\"1451\" data-end=\"1526\">\ud83c\udf81 <strong data-start=\"1454\" data-end=\"1470\">Un cadeau de niche<\/strong> pour les amateurs du Japon, les passionn\u00e9s de voyage, ou les collectionneurs de capybaras<\/p>\n<\/li>\n<\/ul>\n<p class=\"\" data-start=\"1528\" data-end=\"1594\">Consid\u00e9rez-le comme un ha\u00efku silencieux sur votre mur&#8230; mais avec des capybaras. \ud83c\udf75<\/p>\n","protected":false},"excerpt":{"rendered":"<p><strong data-start=\"1656\" data-end=\"1670\">\ud83c\udf8c CapyNihon<\/strong> \u2013 Affiches murales vintage de style japonais mettant en sc\u00e8ne des capybaras et des th\u00e8mes d&rsquo;onsen. Esth\u00e9tiques, sans cadre, et parfaites pour les amateurs de d\u00e9coration int\u00e9rieure paisible et originale. <\/p>\n","protected":false},"featured_media":48730,"comment_status":"open","ping_status":"closed","template":"","meta":[],"product_brand":[],"product_cat":[1812],"product_tag":[2609,2608,2606,2610,2607,2613,1942,2612,2611],"class_list":{"0":"post-48770","1":"product","2":"type-product","3":"status-publish","4":"has-post-thumbnail","6":"product_cat-capy-decorations-fr","7":"product_tag-affiche-de-voyage-japonaise","8":"product_tag-affiche-vintage-capybara","9":"product_tag-art-japonais-capybara","10":"product_tag-art-zen-capybara","11":"product_tag-decoration-murale-onsen","12":"product_tag-design-capybara-source-chaude","13":"product_tag-esthetique-capybara","14":"product_tag-impression-murale-retro-tokyo","15":"product_tag-toile-sans-cadre-japon","17":"first","18":"instock","19":"sale","20":"shipping-taxable","21":"purchasable","22":"product-type-variable"},"yoast_head":"<!-- This site is optimized with the Yoast SEO plugin v27.0 - https:\/\/yoast.com\/product\/yoast-seo-wordpress\/ -->\n<title>CapyNihon \u2013 Ensemble d&#039;art mural vintage japonais \u00ab Zen &amp; Fourrure \u00bb sur le th\u00e8me du capybara | Inspir\u00e9 des onsen - Capy Planet<\/title>\n<meta name=\"description\" content=\"\ud83c\udf8c CapyNihon \u2013 Affiches murales vintage de style japonais mettant en sc\u00e8ne des capybaras et des th\u00e8mes d&#039;onsen. Esth\u00e9tiques, sans cadre, et parfaites pour les amateurs de d\u00e9coration int\u00e9rieure paisible et originale.\" \/>\n<meta name=\"robots\" content=\"index, follow, max-snippet:-1, max-image-preview:large, max-video-preview:-1\" \/>\n<link rel=\"canonical\" href=\"https:\/\/capy-planet.com\/fr\/shop\/capynihon-ensemble-dart-mural-vintage-japonais-zen-fourrure-avec-capybaras-decoration-murale-inspiree-des-onsen\/\" \/>\n<meta property=\"og:locale\" content=\"fr_FR\" \/>\n<meta property=\"og:type\" content=\"article\" \/>\n<meta property=\"og:title\" content=\"CapyNihon \u2013 Ensemble d&#039;art mural vintage japonais \u00ab Zen &amp; Fourrure \u00bb sur le th\u00e8me du capybara | Inspir\u00e9 des onsen - Capy Planet\" \/>\n<meta property=\"og:description\" content=\"\ud83c\udf8c CapyNihon \u2013 Affiches murales vintage de style japonais mettant en sc\u00e8ne des capybaras et des th\u00e8mes d&#039;onsen. Esth\u00e9tiques, sans cadre, et parfaites pour les amateurs de d\u00e9coration int\u00e9rieure paisible et originale.\" \/>\n<meta property=\"og:url\" content=\"https:\/\/capy-planet.com\/fr\/shop\/capynihon-ensemble-dart-mural-vintage-japonais-zen-fourrure-avec-capybaras-decoration-murale-inspiree-des-onsen\/\" \/>\n<meta property=\"og:site_name\" content=\"Capy Planet\" \/>\n<meta property=\"article:publisher\" content=\"https:\/\/www.facebook.com\/capy.planet\" \/>\n<meta property=\"article:modified_time\" content=\"2025-04-12T19:15:42+00:00\" \/>\n<meta property=\"og:image\" content=\"https:\/\/capy-planet.com\/wp-content\/uploads\/sites\/2\/2025\/04\/S4a4aa155434c4954843cf9ffd390f90dt.webp\" \/>\n\t<meta property=\"og:image:width\" content=\"800\" \/>\n\t<meta property=\"og:image:height\" content=\"800\" \/>\n\t<meta property=\"og:image:type\" content=\"image\/webp\" \/>\n<meta name=\"twitter:card\" content=\"summary_large_image\" \/>\n<meta name=\"twitter:label1\" content=\"Dur\u00e9e de lecture estim\u00e9e\" \/>\n\t<meta name=\"twitter:data1\" content=\"1 minute\" \/>\n<script type=\"application\/ld+json\" class=\"yoast-schema-graph\">{\"@context\":\"https:\/\/schema.org\",\"@graph\":[{\"@type\":\"WebPage\",\"@id\":\"https:\/\/capy-planet.com\/fr\/shop\/capynihon-ensemble-dart-mural-vintage-japonais-zen-fourrure-avec-capybaras-decoration-murale-inspiree-des-onsen\/\",\"url\":\"https:\/\/capy-planet.com\/fr\/shop\/capynihon-ensemble-dart-mural-vintage-japonais-zen-fourrure-avec-capybaras-decoration-murale-inspiree-des-onsen\/\",\"name\":\"CapyNihon \u2013 Ensemble d'art mural vintage japonais \u00ab Zen &amp; Fourrure \u00bb sur le th\u00e8me du capybara | Inspir\u00e9 des onsen - Capy Planet\",\"isPartOf\":{\"@id\":\"https:\/\/capy-planet.com\/fr\/#website\"},\"primaryImageOfPage\":{\"@id\":\"https:\/\/capy-planet.com\/fr\/shop\/capynihon-ensemble-dart-mural-vintage-japonais-zen-fourrure-avec-capybaras-decoration-murale-inspiree-des-onsen\/#primaryimage\"},\"image\":{\"@id\":\"https:\/\/capy-planet.com\/fr\/shop\/capynihon-ensemble-dart-mural-vintage-japonais-zen-fourrure-avec-capybaras-decoration-murale-inspiree-des-onsen\/#primaryimage\"},\"thumbnailUrl\":\"https:\/\/i0.wp.com\/capy-planet.com\/wp-content\/uploads\/sites\/2\/2025\/04\/S4a4aa155434c4954843cf9ffd390f90dt.webp?fit=800%2C800&ssl=1\",\"datePublished\":\"2025-04-12T18:03:30+00:00\",\"dateModified\":\"2025-04-12T19:15:42+00:00\",\"description\":\"\ud83c\udf8c CapyNihon \u2013 Affiches murales vintage de style japonais mettant en sc\u00e8ne des capybaras et des th\u00e8mes d'onsen. Esth\u00e9tiques, sans cadre, et parfaites pour les amateurs de d\u00e9coration int\u00e9rieure paisible et originale.\",\"breadcrumb\":{\"@id\":\"https:\/\/capy-planet.com\/fr\/shop\/capynihon-ensemble-dart-mural-vintage-japonais-zen-fourrure-avec-capybaras-decoration-murale-inspiree-des-onsen\/#breadcrumb\"},\"inLanguage\":\"fr-FR\",\"potentialAction\":[{\"@type\":\"ReadAction\",\"target\":[\"https:\/\/capy-planet.com\/fr\/shop\/capynihon-ensemble-dart-mural-vintage-japonais-zen-fourrure-avec-capybaras-decoration-murale-inspiree-des-onsen\/\"]}]},{\"@type\":\"ImageObject\",\"inLanguage\":\"fr-FR\",\"@id\":\"https:\/\/capy-planet.com\/fr\/shop\/capynihon-ensemble-dart-mural-vintage-japonais-zen-fourrure-avec-capybaras-decoration-murale-inspiree-des-onsen\/#primaryimage\",\"url\":\"https:\/\/i0.wp.com\/capy-planet.com\/wp-content\/uploads\/sites\/2\/2025\/04\/S4a4aa155434c4954843cf9ffd390f90dt.webp?fit=800%2C800&ssl=1\",\"contentUrl\":\"https:\/\/i0.wp.com\/capy-planet.com\/wp-content\/uploads\/sites\/2\/2025\/04\/S4a4aa155434c4954843cf9ffd390f90dt.webp?fit=800%2C800&ssl=1\",\"width\":800,\"height\":800},{\"@type\":\"BreadcrumbList\",\"@id\":\"https:\/\/capy-planet.com\/fr\/shop\/capynihon-ensemble-dart-mural-vintage-japonais-zen-fourrure-avec-capybaras-decoration-murale-inspiree-des-onsen\/#breadcrumb\",\"itemListElement\":[{\"@type\":\"ListItem\",\"position\":1,\"name\":\"Home\",\"item\":\"https:\/\/capy-planet.com\/fr\/home\/\"},{\"@type\":\"ListItem\",\"position\":2,\"name\":\"Capy Shop\",\"item\":\"https:\/\/capy-planet.com\/shop\/\"},{\"@type\":\"ListItem\",\"position\":3,\"name\":\"CapyNihon \u2013 Ensemble d&#8217;art mural vintage japonais \u00ab Zen &amp; Fourrure \u00bb sur le th\u00e8me du capybara | Inspir\u00e9 des onsen\"}]},{\"@type\":\"WebSite\",\"@id\":\"https:\/\/capy-planet.com\/fr\/#website\",\"url\":\"https:\/\/capy-planet.com\/fr\/\",\"name\":\"Capy Planet\",\"description\":\"Adoptez la vibe Capybara !\",\"publisher\":{\"@id\":\"https:\/\/capy-planet.com\/fr\/#organization\"},\"potentialAction\":[{\"@type\":\"SearchAction\",\"target\":{\"@type\":\"EntryPoint\",\"urlTemplate\":\"https:\/\/capy-planet.com\/fr\/?s={search_term_string}\"},\"query-input\":{\"@type\":\"PropertyValueSpecification\",\"valueRequired\":true,\"valueName\":\"search_term_string\"}}],\"inLanguage\":\"fr-FR\"},{\"@type\":\"Organization\",\"@id\":\"https:\/\/capy-planet.com\/fr\/#organization\",\"name\":\"Plan\u00e8te Capy\",\"url\":\"https:\/\/capy-planet.com\/fr\/\",\"logo\":{\"@type\":\"ImageObject\",\"inLanguage\":\"fr-FR\",\"@id\":\"https:\/\/capy-planet.com\/fr\/#\/schema\/logo\/image\/\",\"url\":\"https:\/\/i0.wp.com\/capy-planet.com\/wp-content\/uploads\/sites\/2\/2025\/03\/Henri_Hardillier_Capybara_face_large_smile_big_white_kawaii_eyes_c795f5d3-126d-4c2b-bf35-82751b2d63bb-2.png?fit=705%2C705&ssl=1\",\"contentUrl\":\"https:\/\/i0.wp.com\/capy-planet.com\/wp-content\/uploads\/sites\/2\/2025\/03\/Henri_Hardillier_Capybara_face_large_smile_big_white_kawaii_eyes_c795f5d3-126d-4c2b-bf35-82751b2d63bb-2.png?fit=705%2C705&ssl=1\",\"width\":705,\"height\":705,\"caption\":\"Plan\u00e8te Capy\"},\"image\":{\"@id\":\"https:\/\/capy-planet.com\/fr\/#\/schema\/logo\/image\/\"},\"sameAs\":[\"https:\/\/www.facebook.com\/capy.planet\",\"https:\/\/www.instagram.com\/capy_planet_com\"]}]}<\/script>\n<!-- \/ Yoast SEO plugin. -->","yoast_head_json":{"title":"CapyNihon \u2013 Ensemble d'art mural vintage japonais \u00ab Zen &amp; Fourrure \u00bb sur le th\u00e8me du capybara | Inspir\u00e9 des onsen - Capy Planet","description":"\ud83c\udf8c CapyNihon \u2013 Affiches murales vintage de style japonais mettant en sc\u00e8ne des capybaras et des th\u00e8mes d'onsen. Esth\u00e9tiques, sans cadre, et parfaites pour les amateurs de d\u00e9coration int\u00e9rieure paisible et originale.","robots":{"index":"index","follow":"follow","max-snippet":"max-snippet:-1","max-image-preview":"max-image-preview:large","max-video-preview":"max-video-preview:-1"},"canonical":"https:\/\/capy-planet.com\/fr\/shop\/capynihon-ensemble-dart-mural-vintage-japonais-zen-fourrure-avec-capybaras-decoration-murale-inspiree-des-onsen\/","og_locale":"fr_FR","og_type":"article","og_title":"CapyNihon \u2013 Ensemble d'art mural vintage japonais \u00ab Zen &amp; Fourrure \u00bb sur le th\u00e8me du capybara | Inspir\u00e9 des onsen - Capy Planet","og_description":"\ud83c\udf8c CapyNihon \u2013 Affiches murales vintage de style japonais mettant en sc\u00e8ne des capybaras et des th\u00e8mes d'onsen. Esth\u00e9tiques, sans cadre, et parfaites pour les amateurs de d\u00e9coration int\u00e9rieure paisible et originale.","og_url":"https:\/\/capy-planet.com\/fr\/shop\/capynihon-ensemble-dart-mural-vintage-japonais-zen-fourrure-avec-capybaras-decoration-murale-inspiree-des-onsen\/","og_site_name":"Capy Planet","article_publisher":"https:\/\/www.facebook.com\/capy.planet","article_modified_time":"2025-04-12T19:15:42+00:00","og_image":[{"width":800,"height":800,"url":"https:\/\/capy-planet.com\/wp-content\/uploads\/sites\/2\/2025\/04\/S4a4aa155434c4954843cf9ffd390f90dt.webp","type":"image\/webp"}],"twitter_card":"summary_large_image","twitter_misc":{"Dur\u00e9e de lecture estim\u00e9e":"1 minute"},"schema":{"@context":"https:\/\/schema.org","@graph":[{"@type":"WebPage","@id":"https:\/\/capy-planet.com\/fr\/shop\/capynihon-ensemble-dart-mural-vintage-japonais-zen-fourrure-avec-capybaras-decoration-murale-inspiree-des-onsen\/","url":"https:\/\/capy-planet.com\/fr\/shop\/capynihon-ensemble-dart-mural-vintage-japonais-zen-fourrure-avec-capybaras-decoration-murale-inspiree-des-onsen\/","name":"CapyNihon \u2013 Ensemble d'art mural vintage japonais \u00ab Zen &amp; Fourrure \u00bb sur le th\u00e8me du capybara | Inspir\u00e9 des onsen - Capy Planet","isPartOf":{"@id":"https:\/\/capy-planet.com\/fr\/#website"},"primaryImageOfPage":{"@id":"https:\/\/capy-planet.com\/fr\/shop\/capynihon-ensemble-dart-mural-vintage-japonais-zen-fourrure-avec-capybaras-decoration-murale-inspiree-des-onsen\/#primaryimage"},"image":{"@id":"https:\/\/capy-planet.com\/fr\/shop\/capynihon-ensemble-dart-mural-vintage-japonais-zen-fourrure-avec-capybaras-decoration-murale-inspiree-des-onsen\/#primaryimage"},"thumbnailUrl":"https:\/\/i0.wp.com\/capy-planet.com\/wp-content\/uploads\/sites\/2\/2025\/04\/S4a4aa155434c4954843cf9ffd390f90dt.webp?fit=800%2C800&ssl=1","datePublished":"2025-04-12T18:03:30+00:00","dateModified":"2025-04-12T19:15:42+00:00","description":"\ud83c\udf8c CapyNihon \u2013 Affiches murales vintage de style japonais mettant en sc\u00e8ne des capybaras et des th\u00e8mes d'onsen. Esth\u00e9tiques, sans cadre, et parfaites pour les amateurs de d\u00e9coration int\u00e9rieure paisible et originale.","breadcrumb":{"@id":"https:\/\/capy-planet.com\/fr\/shop\/capynihon-ensemble-dart-mural-vintage-japonais-zen-fourrure-avec-capybaras-decoration-murale-inspiree-des-onsen\/#breadcrumb"},"inLanguage":"fr-FR","potentialAction":[{"@type":"ReadAction","target":["https:\/\/capy-planet.com\/fr\/shop\/capynihon-ensemble-dart-mural-vintage-japonais-zen-fourrure-avec-capybaras-decoration-murale-inspiree-des-onsen\/"]}]},{"@type":"ImageObject","inLanguage":"fr-FR","@id":"https:\/\/capy-planet.com\/fr\/shop\/capynihon-ensemble-dart-mural-vintage-japonais-zen-fourrure-avec-capybaras-decoration-murale-inspiree-des-onsen\/#primaryimage","url":"https:\/\/i0.wp.com\/capy-planet.com\/wp-content\/uploads\/sites\/2\/2025\/04\/S4a4aa155434c4954843cf9ffd390f90dt.webp?fit=800%2C800&ssl=1","contentUrl":"https:\/\/i0.wp.com\/capy-planet.com\/wp-content\/uploads\/sites\/2\/2025\/04\/S4a4aa155434c4954843cf9ffd390f90dt.webp?fit=800%2C800&ssl=1","width":800,"height":800},{"@type":"BreadcrumbList","@id":"https:\/\/capy-planet.com\/fr\/shop\/capynihon-ensemble-dart-mural-vintage-japonais-zen-fourrure-avec-capybaras-decoration-murale-inspiree-des-onsen\/#breadcrumb","itemListElement":[{"@type":"ListItem","position":1,"name":"Home","item":"https:\/\/capy-planet.com\/fr\/home\/"},{"@type":"ListItem","position":2,"name":"Capy Shop","item":"https:\/\/capy-planet.com\/shop\/"},{"@type":"ListItem","position":3,"name":"CapyNihon \u2013 Ensemble d&#8217;art mural vintage japonais \u00ab Zen &amp; Fourrure \u00bb sur le th\u00e8me du capybara | Inspir\u00e9 des onsen"}]},{"@type":"WebSite","@id":"https:\/\/capy-planet.com\/fr\/#website","url":"https:\/\/capy-planet.com\/fr\/","name":"Capy Planet","description":"Adoptez la vibe Capybara !","publisher":{"@id":"https:\/\/capy-planet.com\/fr\/#organization"},"potentialAction":[{"@type":"SearchAction","target":{"@type":"EntryPoint","urlTemplate":"https:\/\/capy-planet.com\/fr\/?s={search_term_string}"},"query-input":{"@type":"PropertyValueSpecification","valueRequired":true,"valueName":"search_term_string"}}],"inLanguage":"fr-FR"},{"@type":"Organization","@id":"https:\/\/capy-planet.com\/fr\/#organization","name":"Plan\u00e8te Capy","url":"https:\/\/capy-planet.com\/fr\/","logo":{"@type":"ImageObject","inLanguage":"fr-FR","@id":"https:\/\/capy-planet.com\/fr\/#\/schema\/logo\/image\/","url":"https:\/\/i0.wp.com\/capy-planet.com\/wp-content\/uploads\/sites\/2\/2025\/03\/Henri_Hardillier_Capybara_face_large_smile_big_white_kawaii_eyes_c795f5d3-126d-4c2b-bf35-82751b2d63bb-2.png?fit=705%2C705&ssl=1","contentUrl":"https:\/\/i0.wp.com\/capy-planet.com\/wp-content\/uploads\/sites\/2\/2025\/03\/Henri_Hardillier_Capybara_face_large_smile_big_white_kawaii_eyes_c795f5d3-126d-4c2b-bf35-82751b2d63bb-2.png?fit=705%2C705&ssl=1","width":705,"height":705,"caption":"Plan\u00e8te Capy"},"image":{"@id":"https:\/\/capy-planet.com\/fr\/#\/schema\/logo\/image\/"},"sameAs":["https:\/\/www.facebook.com\/capy.planet","https:\/\/www.instagram.com\/capy_planet_com"]}]}},"jetpack_sharing_enabled":true,"_links":{"self":[{"href":"https:\/\/capy-planet.com\/fr\/wp-json\/wp\/v2\/product\/48770","targetHints":{"allow":["GET"]}}],"collection":[{"href":"https:\/\/capy-planet.com\/fr\/wp-json\/wp\/v2\/product"}],"about":[{"href":"https:\/\/capy-planet.com\/fr\/wp-json\/wp\/v2\/types\/product"}],"replies":[{"embeddable":true,"href":"https:\/\/capy-planet.com\/fr\/wp-json\/wp\/v2\/comments?post=48770"}],"wp:featuredmedia":[{"embeddable":true,"href":"https:\/\/capy-planet.com\/fr\/wp-json\/wp\/v2\/media\/48730"}],"wp:attachment":[{"href":"https:\/\/capy-planet.com\/fr\/wp-json\/wp\/v2\/media?parent=48770"}],"wp:term":[{"taxonomy":"product_brand","embeddable":true,"href":"https:\/\/capy-planet.com\/fr\/wp-json\/wp\/v2\/product_brand?post=48770"},{"taxonomy":"product_cat","embeddable":true,"href":"https:\/\/capy-planet.com\/fr\/wp-json\/wp\/v2\/product_cat?post=48770"},{"taxonomy":"product_tag","embeddable":true,"href":"https:\/\/capy-planet.com\/fr\/wp-json\/wp\/v2\/product_tag?post=48770"}],"curies":[{"name":"wp","href":"https:\/\/api.w.org\/{rel}","templated":true}]}}