{"id":48696,"date":"2025-04-13T00:54:01","date_gmt":"2025-04-12T17:54:01","guid":{"rendered":"https:\/\/capy-planet.com\/shop\/capygarden-ensemble-dimpressions-murales-chroniques-de-capybaras-serie-daffiches-sur-toile-kawaii-pour-chambres-denfants-et-coins-douillets\/"},"modified":"2025-04-13T02:15:43","modified_gmt":"2025-04-12T19:15:43","slug":"capygarden-ensemble-dimpressions-murales-chroniques-de-capybaras-serie-daffiches-sur-toile-kawaii-pour-chambres-denfants-et-coins-douillets","status":"publish","type":"product","link":"https:\/\/capy-planet.com\/fr\/shop\/capygarden-ensemble-dimpressions-murales-chroniques-de-capybaras-serie-daffiches-sur-toile-kawaii-pour-chambres-denfants-et-coins-douillets\/","title":{"rendered":"CapyGarden \u2013 S\u00e9rie d&rsquo;impressions murales \u00ab Chroniques du Capybara \u00bb | Collection d&rsquo;affiches sur toile Kawaii"},"content":{"rendered":"<p class=\"\" data-start=\"357\" data-end=\"486\">\u2728 Bienvenue dans l&rsquo;univers fantaisiste de <strong data-start=\"393\" data-end=\"408\">CapyGarden<\/strong>, o\u00f9 les grenouilles donnent la s\u00e9r\u00e9nade dans des \u00e9tangs de lotus et les capybaras se pr\u00e9lassent sous des r\u00eaves feuillus !<\/p>\n<p class=\"\" data-start=\"488\" data-end=\"772\">Cet ensemble d&rsquo;affiches sur toile aux couleurs vives n&rsquo;est pas qu&rsquo;une simple d\u00e9coration \u2014 c&rsquo;est un <strong data-start=\"546\" data-end=\"571\">conte de f\u00e9es illustr\u00e9<\/strong> pr\u00eat \u00e0 apporter calme, couleur et c\u00e2lins \u00e0 l&rsquo;espace de votre enfant. Chaque panneau raconte une partie de l&rsquo;histoire paisible d&rsquo;un \u00e9tang, peupl\u00e9 d&rsquo;amis capybaras tout doux, de grenouilles espi\u00e8gles, d&rsquo;abeilles bourdonnantes et de lotus en fleurs. \ud83c\udf3c<\/p>\n<p class=\"\" data-start=\"774\" data-end=\"1011\">R\u00e9alis\u00e9e sur une toile de qualit\u00e9 sup\u00e9rieure, cette collection d&rsquo;affiches non encadr\u00e9es transforme les nurseries, les chambres d&rsquo;enfants, les salles de classe ou les coins cr\u00e9atifs en havres joyeux de nature et d&rsquo;imagination. Une <em data-start=\"949\" data-end=\"972\">exclusivit\u00e9 Capy Planet<\/em> pour les petits esprits emplis d&rsquo;\u00e9merveillement. \ud83d\udc1d\ud83d\udcab  <\/p>\n<h4 class=\"\" data-start=\"1018\" data-end=\"1070\">\ud83c\udf1f Pourquoi CapyGarden m\u00e9rite sa place dans votre espace de bonheur :<\/h4>\n<ul data-start=\"1071\" data-end=\"1455\">\n<li class=\"\" data-start=\"1071\" data-end=\"1137\">\n<p class=\"\" data-start=\"1073\" data-end=\"1137\">\ud83d\uddbc\ufe0f <strong data-start=\"1077\" data-end=\"1104\">Tons pastel verts doux<\/strong> pour une atmosph\u00e8re chaleureuse et apaisante<\/p>\n<\/li>\n<li class=\"\" data-start=\"1138\" data-end=\"1217\">\n<p class=\"\" data-start=\"1140\" data-end=\"1217\"><strong data-start=\"1143\" data-end=\"1185\">\ud83d\udc39 Charmantes illustrations de capybaras<\/strong> appr\u00e9ci\u00e9es tant par les enfants que par les adultes<\/p>\n<\/li>\n<li class=\"\" data-start=\"1218\" data-end=\"1293\">\n<p class=\"\" data-start=\"1220\" data-end=\"1293\">\ud83c\udf31 <strong data-start=\"1223\" data-end=\"1251\">Non encadr\u00e9 pour plus de flexibilit\u00e9<\/strong> \u2014 encadrez-le, \u00e9pinglez-le, suspendez-le \u00e0 votre guise<\/p>\n<\/li>\n<li class=\"\" data-start=\"1294\" data-end=\"1374\">\n<p class=\"\" data-start=\"1296\" data-end=\"1374\">\ud83e\uddf8 <strong data-start=\"1299\" data-end=\"1372\">Parfait pour les nurseries, les salles de jeux ou les environnements d&rsquo;inspiration Montessori<\/strong><\/p>\n<\/li>\n<li class=\"\" data-start=\"1375\" data-end=\"1455\">\n<p class=\"\" data-start=\"1377\" data-end=\"1455\">\ud83c\udf81 <strong data-start=\"1380\" data-end=\"1409\">Un cadeau r\u00e9fl\u00e9chi et unique<\/strong> pour les anniversaires, les baby showers ou les nouveaux parents<\/p>\n<\/li>\n<\/ul>\n<p class=\"\" data-start=\"1457\" data-end=\"1567\">Laissez les Chroniques des Capybaras apporter la joie de la nature directement sur vos murs \u2014 un bond, une sieste et une fleur \u00e0 la fois. \ud83d\udc3e<\/p>\n","protected":false},"excerpt":{"rendered":"<p><strong data-start=\"1628\" data-end=\"1643\">\ud83d\udc38\ud83d\udc39 CapyGarden<\/strong> \u2013 Ensemble d&rsquo;affiches murales sur toile repr\u00e9sentant d&rsquo;adorables capybaras dans des sc\u00e8nes d&rsquo;\u00e9tang de lotus. Ambiance douce et kawaii pour les chambres d&rsquo;enfants, les salles de jeux ou la d\u00e9coration de nurserie. Non encadr\u00e9 et empli de magie.  <\/p>\n","protected":false},"featured_media":48625,"comment_status":"open","ping_status":"closed","template":"","meta":[],"product_brand":[],"product_cat":[1812],"product_tag":[2579,2581,1896,2577,2580,2576,2575,2578,2574],"class_list":{"0":"post-48696","1":"product","2":"type-product","3":"status-publish","4":"has-post-thumbnail","6":"product_cat-capy-decorations-fr","7":"product_tag-affiche-sur-toile-non-encadree","8":"product_tag-art-de-capybara-et-grenouille","9":"product_tag-art-mural-de-capybara","10":"product_tag-art-mural-esthetique-animalier","11":"product_tag-cadeau-pour-baby-shower","12":"product_tag-chambre-denfant-capybara","13":"product_tag-decoration-etang-de-lotus","14":"product_tag-illustration-nature-pastel","15":"product_tag-impression-kawaii-pour-nurserie","17":"first","18":"instock","19":"sale","20":"shipping-taxable","21":"purchasable","22":"product-type-variable"},"yoast_head":"<!-- This site is optimized with the Yoast SEO plugin v27.0 - https:\/\/yoast.com\/product\/yoast-seo-wordpress\/ -->\n<title>CapyGarden \u2013 S\u00e9rie d&#039;impressions murales \u00ab Chroniques du Capybara \u00bb | Collection d&#039;affiches sur toile Kawaii - Capy Planet<\/title>\n<meta name=\"description\" content=\"\ud83d\udc38\ud83d\udc39 CapyGarden \u2013 Ensemble d&#039;affiches murales sur toile repr\u00e9sentant d&#039;adorables capybaras dans des sc\u00e8nes d&#039;\u00e9tang de lotus. Ambiance douce et kawaii pour les chambres d&#039;enfants, les salles de jeux ou la d\u00e9coration de nurserie. Non encadr\u00e9 et empli de magie.\" \/>\n<meta name=\"robots\" content=\"index, follow, max-snippet:-1, max-image-preview:large, max-video-preview:-1\" \/>\n<link rel=\"canonical\" href=\"https:\/\/capy-planet.com\/fr\/shop\/capygarden-ensemble-dimpressions-murales-chroniques-de-capybaras-serie-daffiches-sur-toile-kawaii-pour-chambres-denfants-et-coins-douillets\/\" \/>\n<meta property=\"og:locale\" content=\"fr_FR\" \/>\n<meta property=\"og:type\" content=\"article\" \/>\n<meta property=\"og:title\" content=\"CapyGarden \u2013 S\u00e9rie d&#039;impressions murales \u00ab Chroniques du Capybara \u00bb | Collection d&#039;affiches sur toile Kawaii - Capy Planet\" \/>\n<meta property=\"og:description\" content=\"\ud83d\udc38\ud83d\udc39 CapyGarden \u2013 Ensemble d&#039;affiches murales sur toile repr\u00e9sentant d&#039;adorables capybaras dans des sc\u00e8nes d&#039;\u00e9tang de lotus. Ambiance douce et kawaii pour les chambres d&#039;enfants, les salles de jeux ou la d\u00e9coration de nurserie. Non encadr\u00e9 et empli de magie.\" \/>\n<meta property=\"og:url\" content=\"https:\/\/capy-planet.com\/fr\/shop\/capygarden-ensemble-dimpressions-murales-chroniques-de-capybaras-serie-daffiches-sur-toile-kawaii-pour-chambres-denfants-et-coins-douillets\/\" \/>\n<meta property=\"og:site_name\" content=\"Capy Planet\" \/>\n<meta property=\"article:publisher\" content=\"https:\/\/www.facebook.com\/capy.planet\" \/>\n<meta property=\"article:modified_time\" content=\"2025-04-12T19:15:43+00:00\" \/>\n<meta property=\"og:image\" content=\"https:\/\/capy-planet.com\/wp-content\/uploads\/sites\/2\/2025\/04\/Sd8c89fd97a4f4d299e3a282333aab5dcG.webp\" \/>\n\t<meta property=\"og:image:width\" content=\"800\" \/>\n\t<meta property=\"og:image:height\" content=\"800\" \/>\n\t<meta property=\"og:image:type\" content=\"image\/webp\" \/>\n<meta name=\"twitter:card\" content=\"summary_large_image\" \/>\n<meta name=\"twitter:label1\" content=\"Dur\u00e9e de lecture estim\u00e9e\" \/>\n\t<meta name=\"twitter:data1\" content=\"1 minute\" \/>\n<script type=\"application\/ld+json\" class=\"yoast-schema-graph\">{\"@context\":\"https:\/\/schema.org\",\"@graph\":[{\"@type\":\"WebPage\",\"@id\":\"https:\/\/capy-planet.com\/fr\/shop\/capygarden-ensemble-dimpressions-murales-chroniques-de-capybaras-serie-daffiches-sur-toile-kawaii-pour-chambres-denfants-et-coins-douillets\/\",\"url\":\"https:\/\/capy-planet.com\/fr\/shop\/capygarden-ensemble-dimpressions-murales-chroniques-de-capybaras-serie-daffiches-sur-toile-kawaii-pour-chambres-denfants-et-coins-douillets\/\",\"name\":\"CapyGarden \u2013 S\u00e9rie d'impressions murales \u00ab Chroniques du Capybara \u00bb | Collection d'affiches sur toile Kawaii - Capy Planet\",\"isPartOf\":{\"@id\":\"https:\/\/capy-planet.com\/fr\/#website\"},\"primaryImageOfPage\":{\"@id\":\"https:\/\/capy-planet.com\/fr\/shop\/capygarden-ensemble-dimpressions-murales-chroniques-de-capybaras-serie-daffiches-sur-toile-kawaii-pour-chambres-denfants-et-coins-douillets\/#primaryimage\"},\"image\":{\"@id\":\"https:\/\/capy-planet.com\/fr\/shop\/capygarden-ensemble-dimpressions-murales-chroniques-de-capybaras-serie-daffiches-sur-toile-kawaii-pour-chambres-denfants-et-coins-douillets\/#primaryimage\"},\"thumbnailUrl\":\"https:\/\/i0.wp.com\/capy-planet.com\/wp-content\/uploads\/sites\/2\/2025\/04\/Sd8c89fd97a4f4d299e3a282333aab5dcG.webp?fit=800%2C800&ssl=1\",\"datePublished\":\"2025-04-12T17:54:01+00:00\",\"dateModified\":\"2025-04-12T19:15:43+00:00\",\"description\":\"\ud83d\udc38\ud83d\udc39 CapyGarden \u2013 Ensemble d'affiches murales sur toile repr\u00e9sentant d'adorables capybaras dans des sc\u00e8nes d'\u00e9tang de lotus. Ambiance douce et kawaii pour les chambres d'enfants, les salles de jeux ou la d\u00e9coration de nurserie. Non encadr\u00e9 et empli de magie.\",\"breadcrumb\":{\"@id\":\"https:\/\/capy-planet.com\/fr\/shop\/capygarden-ensemble-dimpressions-murales-chroniques-de-capybaras-serie-daffiches-sur-toile-kawaii-pour-chambres-denfants-et-coins-douillets\/#breadcrumb\"},\"inLanguage\":\"fr-FR\",\"potentialAction\":[{\"@type\":\"ReadAction\",\"target\":[\"https:\/\/capy-planet.com\/fr\/shop\/capygarden-ensemble-dimpressions-murales-chroniques-de-capybaras-serie-daffiches-sur-toile-kawaii-pour-chambres-denfants-et-coins-douillets\/\"]}]},{\"@type\":\"ImageObject\",\"inLanguage\":\"fr-FR\",\"@id\":\"https:\/\/capy-planet.com\/fr\/shop\/capygarden-ensemble-dimpressions-murales-chroniques-de-capybaras-serie-daffiches-sur-toile-kawaii-pour-chambres-denfants-et-coins-douillets\/#primaryimage\",\"url\":\"https:\/\/i0.wp.com\/capy-planet.com\/wp-content\/uploads\/sites\/2\/2025\/04\/Sd8c89fd97a4f4d299e3a282333aab5dcG.webp?fit=800%2C800&ssl=1\",\"contentUrl\":\"https:\/\/i0.wp.com\/capy-planet.com\/wp-content\/uploads\/sites\/2\/2025\/04\/Sd8c89fd97a4f4d299e3a282333aab5dcG.webp?fit=800%2C800&ssl=1\",\"width\":800,\"height\":800},{\"@type\":\"BreadcrumbList\",\"@id\":\"https:\/\/capy-planet.com\/fr\/shop\/capygarden-ensemble-dimpressions-murales-chroniques-de-capybaras-serie-daffiches-sur-toile-kawaii-pour-chambres-denfants-et-coins-douillets\/#breadcrumb\",\"itemListElement\":[{\"@type\":\"ListItem\",\"position\":1,\"name\":\"Home\",\"item\":\"https:\/\/capy-planet.com\/fr\/home\/\"},{\"@type\":\"ListItem\",\"position\":2,\"name\":\"Capy Shop\",\"item\":\"https:\/\/capy-planet.com\/shop\/\"},{\"@type\":\"ListItem\",\"position\":3,\"name\":\"CapyGarden \u2013 S\u00e9rie d&#8217;impressions murales \u00ab Chroniques du Capybara \u00bb | Collection d&#8217;affiches sur toile Kawaii\"}]},{\"@type\":\"WebSite\",\"@id\":\"https:\/\/capy-planet.com\/fr\/#website\",\"url\":\"https:\/\/capy-planet.com\/fr\/\",\"name\":\"Capy Planet\",\"description\":\"Adoptez la vibe Capybara !\",\"publisher\":{\"@id\":\"https:\/\/capy-planet.com\/fr\/#organization\"},\"potentialAction\":[{\"@type\":\"SearchAction\",\"target\":{\"@type\":\"EntryPoint\",\"urlTemplate\":\"https:\/\/capy-planet.com\/fr\/?s={search_term_string}\"},\"query-input\":{\"@type\":\"PropertyValueSpecification\",\"valueRequired\":true,\"valueName\":\"search_term_string\"}}],\"inLanguage\":\"fr-FR\"},{\"@type\":\"Organization\",\"@id\":\"https:\/\/capy-planet.com\/fr\/#organization\",\"name\":\"Plan\u00e8te Capy\",\"url\":\"https:\/\/capy-planet.com\/fr\/\",\"logo\":{\"@type\":\"ImageObject\",\"inLanguage\":\"fr-FR\",\"@id\":\"https:\/\/capy-planet.com\/fr\/#\/schema\/logo\/image\/\",\"url\":\"https:\/\/i0.wp.com\/capy-planet.com\/wp-content\/uploads\/sites\/2\/2025\/03\/Henri_Hardillier_Capybara_face_large_smile_big_white_kawaii_eyes_c795f5d3-126d-4c2b-bf35-82751b2d63bb-2.png?fit=705%2C705&ssl=1\",\"contentUrl\":\"https:\/\/i0.wp.com\/capy-planet.com\/wp-content\/uploads\/sites\/2\/2025\/03\/Henri_Hardillier_Capybara_face_large_smile_big_white_kawaii_eyes_c795f5d3-126d-4c2b-bf35-82751b2d63bb-2.png?fit=705%2C705&ssl=1\",\"width\":705,\"height\":705,\"caption\":\"Plan\u00e8te Capy\"},\"image\":{\"@id\":\"https:\/\/capy-planet.com\/fr\/#\/schema\/logo\/image\/\"},\"sameAs\":[\"https:\/\/www.facebook.com\/capy.planet\",\"https:\/\/www.instagram.com\/capy_planet_com\"]}]}<\/script>\n<!-- \/ Yoast SEO plugin. -->","yoast_head_json":{"title":"CapyGarden \u2013 S\u00e9rie d'impressions murales \u00ab Chroniques du Capybara \u00bb | Collection d'affiches sur toile Kawaii - Capy Planet","description":"\ud83d\udc38\ud83d\udc39 CapyGarden \u2013 Ensemble d'affiches murales sur toile repr\u00e9sentant d'adorables capybaras dans des sc\u00e8nes d'\u00e9tang de lotus. Ambiance douce et kawaii pour les chambres d'enfants, les salles de jeux ou la d\u00e9coration de nurserie. Non encadr\u00e9 et empli de magie.","robots":{"index":"index","follow":"follow","max-snippet":"max-snippet:-1","max-image-preview":"max-image-preview:large","max-video-preview":"max-video-preview:-1"},"canonical":"https:\/\/capy-planet.com\/fr\/shop\/capygarden-ensemble-dimpressions-murales-chroniques-de-capybaras-serie-daffiches-sur-toile-kawaii-pour-chambres-denfants-et-coins-douillets\/","og_locale":"fr_FR","og_type":"article","og_title":"CapyGarden \u2013 S\u00e9rie d'impressions murales \u00ab Chroniques du Capybara \u00bb | Collection d'affiches sur toile Kawaii - Capy Planet","og_description":"\ud83d\udc38\ud83d\udc39 CapyGarden \u2013 Ensemble d'affiches murales sur toile repr\u00e9sentant d'adorables capybaras dans des sc\u00e8nes d'\u00e9tang de lotus. Ambiance douce et kawaii pour les chambres d'enfants, les salles de jeux ou la d\u00e9coration de nurserie. Non encadr\u00e9 et empli de magie.","og_url":"https:\/\/capy-planet.com\/fr\/shop\/capygarden-ensemble-dimpressions-murales-chroniques-de-capybaras-serie-daffiches-sur-toile-kawaii-pour-chambres-denfants-et-coins-douillets\/","og_site_name":"Capy Planet","article_publisher":"https:\/\/www.facebook.com\/capy.planet","article_modified_time":"2025-04-12T19:15:43+00:00","og_image":[{"width":800,"height":800,"url":"https:\/\/capy-planet.com\/wp-content\/uploads\/sites\/2\/2025\/04\/Sd8c89fd97a4f4d299e3a282333aab5dcG.webp","type":"image\/webp"}],"twitter_card":"summary_large_image","twitter_misc":{"Dur\u00e9e de lecture estim\u00e9e":"1 minute"},"schema":{"@context":"https:\/\/schema.org","@graph":[{"@type":"WebPage","@id":"https:\/\/capy-planet.com\/fr\/shop\/capygarden-ensemble-dimpressions-murales-chroniques-de-capybaras-serie-daffiches-sur-toile-kawaii-pour-chambres-denfants-et-coins-douillets\/","url":"https:\/\/capy-planet.com\/fr\/shop\/capygarden-ensemble-dimpressions-murales-chroniques-de-capybaras-serie-daffiches-sur-toile-kawaii-pour-chambres-denfants-et-coins-douillets\/","name":"CapyGarden \u2013 S\u00e9rie d'impressions murales \u00ab Chroniques du Capybara \u00bb | Collection d'affiches sur toile Kawaii - Capy Planet","isPartOf":{"@id":"https:\/\/capy-planet.com\/fr\/#website"},"primaryImageOfPage":{"@id":"https:\/\/capy-planet.com\/fr\/shop\/capygarden-ensemble-dimpressions-murales-chroniques-de-capybaras-serie-daffiches-sur-toile-kawaii-pour-chambres-denfants-et-coins-douillets\/#primaryimage"},"image":{"@id":"https:\/\/capy-planet.com\/fr\/shop\/capygarden-ensemble-dimpressions-murales-chroniques-de-capybaras-serie-daffiches-sur-toile-kawaii-pour-chambres-denfants-et-coins-douillets\/#primaryimage"},"thumbnailUrl":"https:\/\/i0.wp.com\/capy-planet.com\/wp-content\/uploads\/sites\/2\/2025\/04\/Sd8c89fd97a4f4d299e3a282333aab5dcG.webp?fit=800%2C800&ssl=1","datePublished":"2025-04-12T17:54:01+00:00","dateModified":"2025-04-12T19:15:43+00:00","description":"\ud83d\udc38\ud83d\udc39 CapyGarden \u2013 Ensemble d'affiches murales sur toile repr\u00e9sentant d'adorables capybaras dans des sc\u00e8nes d'\u00e9tang de lotus. Ambiance douce et kawaii pour les chambres d'enfants, les salles de jeux ou la d\u00e9coration de nurserie. Non encadr\u00e9 et empli de magie.","breadcrumb":{"@id":"https:\/\/capy-planet.com\/fr\/shop\/capygarden-ensemble-dimpressions-murales-chroniques-de-capybaras-serie-daffiches-sur-toile-kawaii-pour-chambres-denfants-et-coins-douillets\/#breadcrumb"},"inLanguage":"fr-FR","potentialAction":[{"@type":"ReadAction","target":["https:\/\/capy-planet.com\/fr\/shop\/capygarden-ensemble-dimpressions-murales-chroniques-de-capybaras-serie-daffiches-sur-toile-kawaii-pour-chambres-denfants-et-coins-douillets\/"]}]},{"@type":"ImageObject","inLanguage":"fr-FR","@id":"https:\/\/capy-planet.com\/fr\/shop\/capygarden-ensemble-dimpressions-murales-chroniques-de-capybaras-serie-daffiches-sur-toile-kawaii-pour-chambres-denfants-et-coins-douillets\/#primaryimage","url":"https:\/\/i0.wp.com\/capy-planet.com\/wp-content\/uploads\/sites\/2\/2025\/04\/Sd8c89fd97a4f4d299e3a282333aab5dcG.webp?fit=800%2C800&ssl=1","contentUrl":"https:\/\/i0.wp.com\/capy-planet.com\/wp-content\/uploads\/sites\/2\/2025\/04\/Sd8c89fd97a4f4d299e3a282333aab5dcG.webp?fit=800%2C800&ssl=1","width":800,"height":800},{"@type":"BreadcrumbList","@id":"https:\/\/capy-planet.com\/fr\/shop\/capygarden-ensemble-dimpressions-murales-chroniques-de-capybaras-serie-daffiches-sur-toile-kawaii-pour-chambres-denfants-et-coins-douillets\/#breadcrumb","itemListElement":[{"@type":"ListItem","position":1,"name":"Home","item":"https:\/\/capy-planet.com\/fr\/home\/"},{"@type":"ListItem","position":2,"name":"Capy Shop","item":"https:\/\/capy-planet.com\/shop\/"},{"@type":"ListItem","position":3,"name":"CapyGarden \u2013 S\u00e9rie d&#8217;impressions murales \u00ab Chroniques du Capybara \u00bb | Collection d&#8217;affiches sur toile Kawaii"}]},{"@type":"WebSite","@id":"https:\/\/capy-planet.com\/fr\/#website","url":"https:\/\/capy-planet.com\/fr\/","name":"Capy Planet","description":"Adoptez la vibe Capybara !","publisher":{"@id":"https:\/\/capy-planet.com\/fr\/#organization"},"potentialAction":[{"@type":"SearchAction","target":{"@type":"EntryPoint","urlTemplate":"https:\/\/capy-planet.com\/fr\/?s={search_term_string}"},"query-input":{"@type":"PropertyValueSpecification","valueRequired":true,"valueName":"search_term_string"}}],"inLanguage":"fr-FR"},{"@type":"Organization","@id":"https:\/\/capy-planet.com\/fr\/#organization","name":"Plan\u00e8te Capy","url":"https:\/\/capy-planet.com\/fr\/","logo":{"@type":"ImageObject","inLanguage":"fr-FR","@id":"https:\/\/capy-planet.com\/fr\/#\/schema\/logo\/image\/","url":"https:\/\/i0.wp.com\/capy-planet.com\/wp-content\/uploads\/sites\/2\/2025\/03\/Henri_Hardillier_Capybara_face_large_smile_big_white_kawaii_eyes_c795f5d3-126d-4c2b-bf35-82751b2d63bb-2.png?fit=705%2C705&ssl=1","contentUrl":"https:\/\/i0.wp.com\/capy-planet.com\/wp-content\/uploads\/sites\/2\/2025\/03\/Henri_Hardillier_Capybara_face_large_smile_big_white_kawaii_eyes_c795f5d3-126d-4c2b-bf35-82751b2d63bb-2.png?fit=705%2C705&ssl=1","width":705,"height":705,"caption":"Plan\u00e8te Capy"},"image":{"@id":"https:\/\/capy-planet.com\/fr\/#\/schema\/logo\/image\/"},"sameAs":["https:\/\/www.facebook.com\/capy.planet","https:\/\/www.instagram.com\/capy_planet_com"]}]}},"jetpack_sharing_enabled":true,"_links":{"self":[{"href":"https:\/\/capy-planet.com\/fr\/wp-json\/wp\/v2\/product\/48696","targetHints":{"allow":["GET"]}}],"collection":[{"href":"https:\/\/capy-planet.com\/fr\/wp-json\/wp\/v2\/product"}],"about":[{"href":"https:\/\/capy-planet.com\/fr\/wp-json\/wp\/v2\/types\/product"}],"replies":[{"embeddable":true,"href":"https:\/\/capy-planet.com\/fr\/wp-json\/wp\/v2\/comments?post=48696"}],"wp:featuredmedia":[{"embeddable":true,"href":"https:\/\/capy-planet.com\/fr\/wp-json\/wp\/v2\/media\/48625"}],"wp:attachment":[{"href":"https:\/\/capy-planet.com\/fr\/wp-json\/wp\/v2\/media?parent=48696"}],"wp:term":[{"taxonomy":"product_brand","embeddable":true,"href":"https:\/\/capy-planet.com\/fr\/wp-json\/wp\/v2\/product_brand?post=48696"},{"taxonomy":"product_cat","embeddable":true,"href":"https:\/\/capy-planet.com\/fr\/wp-json\/wp\/v2\/product_cat?post=48696"},{"taxonomy":"product_tag","embeddable":true,"href":"https:\/\/capy-planet.com\/fr\/wp-json\/wp\/v2\/product_tag?post=48696"}],"curies":[{"name":"wp","href":"https:\/\/api.w.org\/{rel}","templated":true}]}}