{"id":46236,"date":"2025-04-11T04:43:21","date_gmt":"2025-04-10T21:43:21","guid":{"rendered":"https:\/\/capy-planet.com\/shop\/capymorph-peluche-transformable-de-capybara-compagnons-animaliers-multi-costumes-grenouille-lapin-dinosaure-chien-panda-cadeau-kawaii-en-peluche-pour-anniversaire\/"},"modified":"2025-04-13T02:15:54","modified_gmt":"2025-04-12T19:15:54","slug":"capymorph-peluche-transformable-de-capybara-compagnons-animaliers-multi-costumes-grenouille-lapin-dinosaure-chien-panda-cadeau-kawaii-en-peluche-pour-anniversaire","status":"publish","type":"product","link":"https:\/\/capy-planet.com\/fr\/shop\/capymorph-peluche-transformable-de-capybara-compagnons-animaliers-multi-costumes-grenouille-lapin-dinosaure-chien-panda-cadeau-kawaii-en-peluche-pour-anniversaire\/","title":{"rendered":"CapyMorph \u2013 Peluche Transformable de Capybara | Cadeau Peluche Kawaii pour Anniversaire"},"content":{"rendered":"<p class=\"\" data-start=\"354\" data-end=\"624\">Du monde fantaisiste de <strong data-start=\"382\" data-end=\"397\">Capy Planet<\/strong> vient <strong data-start=\"404\" data-end=\"418\">CapyMorph<\/strong> \u2014 la peluche de capybara ultra-mignonne qui se <em data-start=\"456\" data-end=\"478\">transforme litt\u00e9ralement<\/em> en diff\u00e9rents personnages animaux ! Qu&rsquo;il s&rsquo;agisse d&rsquo;une grenouille, d&rsquo;un lapin, d&rsquo;un panda, d&rsquo;un dinosaure ou d&rsquo;un chien, ce capybara ne peut d\u00e9cider qui il veut \u00eatre&#8230; et c&rsquo;est l\u00e0 toute la magie. <\/p>\n<p class=\"\" data-start=\"626\" data-end=\"972\">Cette peluche dodue, douce et compressible change de costumes de la mani\u00e8re la plus adorable, alliant imagination et c\u00e2lins. Chaque tenue est d\u00e9taill\u00e9e et cousue avec amour, la rendant parfaite pour l&rsquo;exposition, les c\u00e2lins ou le jeu imaginatif. <strong data-start=\"404\" data-end=\"418\">CapyMorph<\/strong> est la surprise d&rsquo;anniversaire id\u00e9ale ou l&rsquo;objet de collection parfait pour quiconque est obs\u00e9d\u00e9 par les capybaras et la culture kawaii. <\/p>\n<p class=\"\" data-start=\"974\" data-end=\"1261\">\ud83c\udf81 Constitue un merveilleux cadeau pour les enfants, les amateurs de peluches et les collectionneurs<br data-start=\"1038\" data-end=\"1041\">\ud83e\udd95 5 Transformations : Capybara + Dinosaure, Lapin, Grenouille, Chien  Panda<br data-start=\"1104\" data-end=\"1107\">\u2728 Mat\u00e9riau en peluche ultra-doux pour des c\u00e2lins de qualit\u00e9 sup\u00e9rieure<br data-start=\"1155\" data-end=\"1158\">\ud83d\udccf Disponible en tailles 25cm, 35cm  50cm<br data-start=\"1197\" data-end=\"1200\">\ud83c\udf89 Garanti de provoquer des cris de joie (et quelques gloussements aussi)<\/p>\n<p class=\"\" data-start=\"1263\" data-end=\"1343\">Ramenez chez vous la peluche qui ne peut choisir qui \u00eatre\u2014alors elle est tout \u00e0 la fois \ud83d\udc95<\/p>\n","protected":false},"excerpt":{"rendered":"<p><strong>\ud83e\uddf8 CapyMorph<\/strong> \u2013 Une peluche de capybara adorablement hilarante qui se transforme en 5 amis animaux\u2014parfaite pour offrir, c\u00e2liner et collectionner !<\/p>\n","protected":false},"featured_media":46134,"comment_status":"open","ping_status":"closed","template":"","meta":[],"product_brand":[],"product_cat":[455],"product_tag":[2539,2536,2541,2543,2544,2535,2540,2538,2537,2542],"class_list":{"0":"post-46236","1":"product","2":"type-product","3":"status-publish","4":"has-post-thumbnail","6":"product_cat-capy-plushies-fr","7":"product_tag-cadeau-danniversaire-pour-les-amateurs-de-peluches","8":"product_tag-jouet-en-peluche-animal-kawaii","9":"product_tag-jouet-en-peluche-capybara-de-cosplay","10":"product_tag-jouet-en-peluche-de-style-anime","11":"product_tag-objets-de-collection-capybara-doux","12":"product_tag-peluche-capybara-transformable","13":"product_tag-peluche-danimal-amusant","14":"product_tag-peluche-grenouille-lapin-panda-dinosaure","15":"product_tag-poupee-en-peluche-capybara","16":"product_tag-poupee-oreiller-kawaii","18":"first","19":"instock","20":"sale","21":"shipping-taxable","22":"purchasable","23":"product-type-variable"},"yoast_head":"<!-- This site is optimized with the Yoast SEO plugin v27.0 - https:\/\/yoast.com\/product\/yoast-seo-wordpress\/ -->\n<title>CapyMorph \u2013 Peluche Transformable de Capybara | Cadeau Peluche Kawaii pour Anniversaire - Capy Planet<\/title>\n<meta name=\"description\" content=\"\ud83e\uddf8 CapyMorph \u2013 Une peluche de capybara adorablement hilarante qui se transforme en 5 amis animaux\u2014parfaite pour offrir, c\u00e2liner et collectionner !\" \/>\n<meta name=\"robots\" content=\"index, follow, max-snippet:-1, max-image-preview:large, max-video-preview:-1\" \/>\n<link rel=\"canonical\" href=\"https:\/\/capy-planet.com\/fr\/shop\/capymorph-peluche-transformable-de-capybara-compagnons-animaliers-multi-costumes-grenouille-lapin-dinosaure-chien-panda-cadeau-kawaii-en-peluche-pour-anniversaire\/\" \/>\n<meta property=\"og:locale\" content=\"fr_FR\" \/>\n<meta property=\"og:type\" content=\"article\" \/>\n<meta property=\"og:title\" content=\"CapyMorph \u2013 Peluche Transformable de Capybara | Cadeau Peluche Kawaii pour Anniversaire - Capy Planet\" \/>\n<meta property=\"og:description\" content=\"\ud83e\uddf8 CapyMorph \u2013 Une peluche de capybara adorablement hilarante qui se transforme en 5 amis animaux\u2014parfaite pour offrir, c\u00e2liner et collectionner !\" \/>\n<meta property=\"og:url\" content=\"https:\/\/capy-planet.com\/fr\/shop\/capymorph-peluche-transformable-de-capybara-compagnons-animaliers-multi-costumes-grenouille-lapin-dinosaure-chien-panda-cadeau-kawaii-en-peluche-pour-anniversaire\/\" \/>\n<meta property=\"og:site_name\" content=\"Capy Planet\" \/>\n<meta property=\"article:publisher\" content=\"https:\/\/www.facebook.com\/capy.planet\" \/>\n<meta property=\"article:modified_time\" content=\"2025-04-12T19:15:54+00:00\" \/>\n<meta property=\"og:image\" content=\"https:\/\/capy-planet.com\/wp-content\/uploads\/sites\/2\/2025\/04\/S80a1815596e044b98dc0b5edcb90888dM.webp\" \/>\n\t<meta property=\"og:image:width\" content=\"800\" \/>\n\t<meta property=\"og:image:height\" content=\"800\" \/>\n\t<meta property=\"og:image:type\" content=\"image\/webp\" \/>\n<meta name=\"twitter:card\" content=\"summary_large_image\" \/>\n<meta name=\"twitter:label1\" content=\"Dur\u00e9e de lecture estim\u00e9e\" \/>\n\t<meta name=\"twitter:data1\" content=\"1 minute\" \/>\n<script type=\"application\/ld+json\" class=\"yoast-schema-graph\">{\"@context\":\"https:\/\/schema.org\",\"@graph\":[{\"@type\":\"WebPage\",\"@id\":\"https:\/\/capy-planet.com\/fr\/shop\/capymorph-peluche-transformable-de-capybara-compagnons-animaliers-multi-costumes-grenouille-lapin-dinosaure-chien-panda-cadeau-kawaii-en-peluche-pour-anniversaire\/\",\"url\":\"https:\/\/capy-planet.com\/fr\/shop\/capymorph-peluche-transformable-de-capybara-compagnons-animaliers-multi-costumes-grenouille-lapin-dinosaure-chien-panda-cadeau-kawaii-en-peluche-pour-anniversaire\/\",\"name\":\"CapyMorph \u2013 Peluche Transformable de Capybara | Cadeau Peluche Kawaii pour Anniversaire - Capy Planet\",\"isPartOf\":{\"@id\":\"https:\/\/capy-planet.com\/fr\/#website\"},\"primaryImageOfPage\":{\"@id\":\"https:\/\/capy-planet.com\/fr\/shop\/capymorph-peluche-transformable-de-capybara-compagnons-animaliers-multi-costumes-grenouille-lapin-dinosaure-chien-panda-cadeau-kawaii-en-peluche-pour-anniversaire\/#primaryimage\"},\"image\":{\"@id\":\"https:\/\/capy-planet.com\/fr\/shop\/capymorph-peluche-transformable-de-capybara-compagnons-animaliers-multi-costumes-grenouille-lapin-dinosaure-chien-panda-cadeau-kawaii-en-peluche-pour-anniversaire\/#primaryimage\"},\"thumbnailUrl\":\"https:\/\/i0.wp.com\/capy-planet.com\/wp-content\/uploads\/sites\/2\/2025\/04\/S80a1815596e044b98dc0b5edcb90888dM.webp?fit=800%2C800&ssl=1\",\"datePublished\":\"2025-04-10T21:43:21+00:00\",\"dateModified\":\"2025-04-12T19:15:54+00:00\",\"description\":\"\ud83e\uddf8 CapyMorph \u2013 Une peluche de capybara adorablement hilarante qui se transforme en 5 amis animaux\u2014parfaite pour offrir, c\u00e2liner et collectionner !\",\"breadcrumb\":{\"@id\":\"https:\/\/capy-planet.com\/fr\/shop\/capymorph-peluche-transformable-de-capybara-compagnons-animaliers-multi-costumes-grenouille-lapin-dinosaure-chien-panda-cadeau-kawaii-en-peluche-pour-anniversaire\/#breadcrumb\"},\"inLanguage\":\"fr-FR\",\"potentialAction\":[{\"@type\":\"ReadAction\",\"target\":[\"https:\/\/capy-planet.com\/fr\/shop\/capymorph-peluche-transformable-de-capybara-compagnons-animaliers-multi-costumes-grenouille-lapin-dinosaure-chien-panda-cadeau-kawaii-en-peluche-pour-anniversaire\/\"]}]},{\"@type\":\"ImageObject\",\"inLanguage\":\"fr-FR\",\"@id\":\"https:\/\/capy-planet.com\/fr\/shop\/capymorph-peluche-transformable-de-capybara-compagnons-animaliers-multi-costumes-grenouille-lapin-dinosaure-chien-panda-cadeau-kawaii-en-peluche-pour-anniversaire\/#primaryimage\",\"url\":\"https:\/\/i0.wp.com\/capy-planet.com\/wp-content\/uploads\/sites\/2\/2025\/04\/S80a1815596e044b98dc0b5edcb90888dM.webp?fit=800%2C800&ssl=1\",\"contentUrl\":\"https:\/\/i0.wp.com\/capy-planet.com\/wp-content\/uploads\/sites\/2\/2025\/04\/S80a1815596e044b98dc0b5edcb90888dM.webp?fit=800%2C800&ssl=1\",\"width\":800,\"height\":800},{\"@type\":\"BreadcrumbList\",\"@id\":\"https:\/\/capy-planet.com\/fr\/shop\/capymorph-peluche-transformable-de-capybara-compagnons-animaliers-multi-costumes-grenouille-lapin-dinosaure-chien-panda-cadeau-kawaii-en-peluche-pour-anniversaire\/#breadcrumb\",\"itemListElement\":[{\"@type\":\"ListItem\",\"position\":1,\"name\":\"Home\",\"item\":\"https:\/\/capy-planet.com\/fr\/home\/\"},{\"@type\":\"ListItem\",\"position\":2,\"name\":\"Capy Shop\",\"item\":\"https:\/\/capy-planet.com\/shop\/\"},{\"@type\":\"ListItem\",\"position\":3,\"name\":\"CapyMorph \u2013 Peluche Transformable de Capybara | Cadeau Peluche Kawaii pour Anniversaire\"}]},{\"@type\":\"WebSite\",\"@id\":\"https:\/\/capy-planet.com\/fr\/#website\",\"url\":\"https:\/\/capy-planet.com\/fr\/\",\"name\":\"Capy Planet\",\"description\":\"Adoptez la vibe Capybara !\",\"publisher\":{\"@id\":\"https:\/\/capy-planet.com\/fr\/#organization\"},\"potentialAction\":[{\"@type\":\"SearchAction\",\"target\":{\"@type\":\"EntryPoint\",\"urlTemplate\":\"https:\/\/capy-planet.com\/fr\/?s={search_term_string}\"},\"query-input\":{\"@type\":\"PropertyValueSpecification\",\"valueRequired\":true,\"valueName\":\"search_term_string\"}}],\"inLanguage\":\"fr-FR\"},{\"@type\":\"Organization\",\"@id\":\"https:\/\/capy-planet.com\/fr\/#organization\",\"name\":\"Plan\u00e8te Capy\",\"url\":\"https:\/\/capy-planet.com\/fr\/\",\"logo\":{\"@type\":\"ImageObject\",\"inLanguage\":\"fr-FR\",\"@id\":\"https:\/\/capy-planet.com\/fr\/#\/schema\/logo\/image\/\",\"url\":\"https:\/\/i0.wp.com\/capy-planet.com\/wp-content\/uploads\/sites\/2\/2025\/03\/Henri_Hardillier_Capybara_face_large_smile_big_white_kawaii_eyes_c795f5d3-126d-4c2b-bf35-82751b2d63bb-2.png?fit=705%2C705&ssl=1\",\"contentUrl\":\"https:\/\/i0.wp.com\/capy-planet.com\/wp-content\/uploads\/sites\/2\/2025\/03\/Henri_Hardillier_Capybara_face_large_smile_big_white_kawaii_eyes_c795f5d3-126d-4c2b-bf35-82751b2d63bb-2.png?fit=705%2C705&ssl=1\",\"width\":705,\"height\":705,\"caption\":\"Plan\u00e8te Capy\"},\"image\":{\"@id\":\"https:\/\/capy-planet.com\/fr\/#\/schema\/logo\/image\/\"},\"sameAs\":[\"https:\/\/www.facebook.com\/capy.planet\",\"https:\/\/www.instagram.com\/capy_planet_com\"]}]}<\/script>\n<!-- \/ Yoast SEO plugin. -->","yoast_head_json":{"title":"CapyMorph \u2013 Peluche Transformable de Capybara | Cadeau Peluche Kawaii pour Anniversaire - Capy Planet","description":"\ud83e\uddf8 CapyMorph \u2013 Une peluche de capybara adorablement hilarante qui se transforme en 5 amis animaux\u2014parfaite pour offrir, c\u00e2liner et collectionner !","robots":{"index":"index","follow":"follow","max-snippet":"max-snippet:-1","max-image-preview":"max-image-preview:large","max-video-preview":"max-video-preview:-1"},"canonical":"https:\/\/capy-planet.com\/fr\/shop\/capymorph-peluche-transformable-de-capybara-compagnons-animaliers-multi-costumes-grenouille-lapin-dinosaure-chien-panda-cadeau-kawaii-en-peluche-pour-anniversaire\/","og_locale":"fr_FR","og_type":"article","og_title":"CapyMorph \u2013 Peluche Transformable de Capybara | Cadeau Peluche Kawaii pour Anniversaire - Capy Planet","og_description":"\ud83e\uddf8 CapyMorph \u2013 Une peluche de capybara adorablement hilarante qui se transforme en 5 amis animaux\u2014parfaite pour offrir, c\u00e2liner et collectionner !","og_url":"https:\/\/capy-planet.com\/fr\/shop\/capymorph-peluche-transformable-de-capybara-compagnons-animaliers-multi-costumes-grenouille-lapin-dinosaure-chien-panda-cadeau-kawaii-en-peluche-pour-anniversaire\/","og_site_name":"Capy Planet","article_publisher":"https:\/\/www.facebook.com\/capy.planet","article_modified_time":"2025-04-12T19:15:54+00:00","og_image":[{"width":800,"height":800,"url":"https:\/\/capy-planet.com\/wp-content\/uploads\/sites\/2\/2025\/04\/S80a1815596e044b98dc0b5edcb90888dM.webp","type":"image\/webp"}],"twitter_card":"summary_large_image","twitter_misc":{"Dur\u00e9e de lecture estim\u00e9e":"1 minute"},"schema":{"@context":"https:\/\/schema.org","@graph":[{"@type":"WebPage","@id":"https:\/\/capy-planet.com\/fr\/shop\/capymorph-peluche-transformable-de-capybara-compagnons-animaliers-multi-costumes-grenouille-lapin-dinosaure-chien-panda-cadeau-kawaii-en-peluche-pour-anniversaire\/","url":"https:\/\/capy-planet.com\/fr\/shop\/capymorph-peluche-transformable-de-capybara-compagnons-animaliers-multi-costumes-grenouille-lapin-dinosaure-chien-panda-cadeau-kawaii-en-peluche-pour-anniversaire\/","name":"CapyMorph \u2013 Peluche Transformable de Capybara | Cadeau Peluche Kawaii pour Anniversaire - Capy Planet","isPartOf":{"@id":"https:\/\/capy-planet.com\/fr\/#website"},"primaryImageOfPage":{"@id":"https:\/\/capy-planet.com\/fr\/shop\/capymorph-peluche-transformable-de-capybara-compagnons-animaliers-multi-costumes-grenouille-lapin-dinosaure-chien-panda-cadeau-kawaii-en-peluche-pour-anniversaire\/#primaryimage"},"image":{"@id":"https:\/\/capy-planet.com\/fr\/shop\/capymorph-peluche-transformable-de-capybara-compagnons-animaliers-multi-costumes-grenouille-lapin-dinosaure-chien-panda-cadeau-kawaii-en-peluche-pour-anniversaire\/#primaryimage"},"thumbnailUrl":"https:\/\/i0.wp.com\/capy-planet.com\/wp-content\/uploads\/sites\/2\/2025\/04\/S80a1815596e044b98dc0b5edcb90888dM.webp?fit=800%2C800&ssl=1","datePublished":"2025-04-10T21:43:21+00:00","dateModified":"2025-04-12T19:15:54+00:00","description":"\ud83e\uddf8 CapyMorph \u2013 Une peluche de capybara adorablement hilarante qui se transforme en 5 amis animaux\u2014parfaite pour offrir, c\u00e2liner et collectionner !","breadcrumb":{"@id":"https:\/\/capy-planet.com\/fr\/shop\/capymorph-peluche-transformable-de-capybara-compagnons-animaliers-multi-costumes-grenouille-lapin-dinosaure-chien-panda-cadeau-kawaii-en-peluche-pour-anniversaire\/#breadcrumb"},"inLanguage":"fr-FR","potentialAction":[{"@type":"ReadAction","target":["https:\/\/capy-planet.com\/fr\/shop\/capymorph-peluche-transformable-de-capybara-compagnons-animaliers-multi-costumes-grenouille-lapin-dinosaure-chien-panda-cadeau-kawaii-en-peluche-pour-anniversaire\/"]}]},{"@type":"ImageObject","inLanguage":"fr-FR","@id":"https:\/\/capy-planet.com\/fr\/shop\/capymorph-peluche-transformable-de-capybara-compagnons-animaliers-multi-costumes-grenouille-lapin-dinosaure-chien-panda-cadeau-kawaii-en-peluche-pour-anniversaire\/#primaryimage","url":"https:\/\/i0.wp.com\/capy-planet.com\/wp-content\/uploads\/sites\/2\/2025\/04\/S80a1815596e044b98dc0b5edcb90888dM.webp?fit=800%2C800&ssl=1","contentUrl":"https:\/\/i0.wp.com\/capy-planet.com\/wp-content\/uploads\/sites\/2\/2025\/04\/S80a1815596e044b98dc0b5edcb90888dM.webp?fit=800%2C800&ssl=1","width":800,"height":800},{"@type":"BreadcrumbList","@id":"https:\/\/capy-planet.com\/fr\/shop\/capymorph-peluche-transformable-de-capybara-compagnons-animaliers-multi-costumes-grenouille-lapin-dinosaure-chien-panda-cadeau-kawaii-en-peluche-pour-anniversaire\/#breadcrumb","itemListElement":[{"@type":"ListItem","position":1,"name":"Home","item":"https:\/\/capy-planet.com\/fr\/home\/"},{"@type":"ListItem","position":2,"name":"Capy Shop","item":"https:\/\/capy-planet.com\/shop\/"},{"@type":"ListItem","position":3,"name":"CapyMorph \u2013 Peluche Transformable de Capybara | Cadeau Peluche Kawaii pour Anniversaire"}]},{"@type":"WebSite","@id":"https:\/\/capy-planet.com\/fr\/#website","url":"https:\/\/capy-planet.com\/fr\/","name":"Capy Planet","description":"Adoptez la vibe Capybara !","publisher":{"@id":"https:\/\/capy-planet.com\/fr\/#organization"},"potentialAction":[{"@type":"SearchAction","target":{"@type":"EntryPoint","urlTemplate":"https:\/\/capy-planet.com\/fr\/?s={search_term_string}"},"query-input":{"@type":"PropertyValueSpecification","valueRequired":true,"valueName":"search_term_string"}}],"inLanguage":"fr-FR"},{"@type":"Organization","@id":"https:\/\/capy-planet.com\/fr\/#organization","name":"Plan\u00e8te Capy","url":"https:\/\/capy-planet.com\/fr\/","logo":{"@type":"ImageObject","inLanguage":"fr-FR","@id":"https:\/\/capy-planet.com\/fr\/#\/schema\/logo\/image\/","url":"https:\/\/i0.wp.com\/capy-planet.com\/wp-content\/uploads\/sites\/2\/2025\/03\/Henri_Hardillier_Capybara_face_large_smile_big_white_kawaii_eyes_c795f5d3-126d-4c2b-bf35-82751b2d63bb-2.png?fit=705%2C705&ssl=1","contentUrl":"https:\/\/i0.wp.com\/capy-planet.com\/wp-content\/uploads\/sites\/2\/2025\/03\/Henri_Hardillier_Capybara_face_large_smile_big_white_kawaii_eyes_c795f5d3-126d-4c2b-bf35-82751b2d63bb-2.png?fit=705%2C705&ssl=1","width":705,"height":705,"caption":"Plan\u00e8te Capy"},"image":{"@id":"https:\/\/capy-planet.com\/fr\/#\/schema\/logo\/image\/"},"sameAs":["https:\/\/www.facebook.com\/capy.planet","https:\/\/www.instagram.com\/capy_planet_com"]}]}},"jetpack_sharing_enabled":true,"_links":{"self":[{"href":"https:\/\/capy-planet.com\/fr\/wp-json\/wp\/v2\/product\/46236","targetHints":{"allow":["GET"]}}],"collection":[{"href":"https:\/\/capy-planet.com\/fr\/wp-json\/wp\/v2\/product"}],"about":[{"href":"https:\/\/capy-planet.com\/fr\/wp-json\/wp\/v2\/types\/product"}],"replies":[{"embeddable":true,"href":"https:\/\/capy-planet.com\/fr\/wp-json\/wp\/v2\/comments?post=46236"}],"wp:featuredmedia":[{"embeddable":true,"href":"https:\/\/capy-planet.com\/fr\/wp-json\/wp\/v2\/media\/46134"}],"wp:attachment":[{"href":"https:\/\/capy-planet.com\/fr\/wp-json\/wp\/v2\/media?parent=46236"}],"wp:term":[{"taxonomy":"product_brand","embeddable":true,"href":"https:\/\/capy-planet.com\/fr\/wp-json\/wp\/v2\/product_brand?post=46236"},{"taxonomy":"product_cat","embeddable":true,"href":"https:\/\/capy-planet.com\/fr\/wp-json\/wp\/v2\/product_cat?post=46236"},{"taxonomy":"product_tag","embeddable":true,"href":"https:\/\/capy-planet.com\/fr\/wp-json\/wp\/v2\/product_tag?post=46236"}],"curies":[{"name":"wp","href":"https:\/\/api.w.org\/{rel}","templated":true}]}}