{"id":46109,"date":"2025-04-11T04:35:51","date_gmt":"2025-04-10T21:35:51","guid":{"rendered":"https:\/\/capy-planet.com\/shop\/toile-capyramen-slurp-chill-art-mural-esthetique-du-temps-des-nouilles-au-capybara-affiche-de-ramen-inspiree-de-lanime-pour-des-espaces-kawaii-confortables\/"},"modified":"2025-04-13T02:15:43","modified_gmt":"2025-04-12T19:15:43","slug":"toile-capyramen-slurp-chill-art-mural-esthetique-du-temps-des-nouilles-au-capybara-affiche-de-ramen-inspiree-de-lanime-pour-des-espaces-kawaii-confortables","status":"publish","type":"product","link":"https:\/\/capy-planet.com\/fr\/shop\/toile-capyramen-slurp-chill-art-mural-esthetique-du-temps-des-nouilles-au-capybara-affiche-de-ramen-inspiree-de-lanime-pour-des-espaces-kawaii-confortables\/","title":{"rendered":"Toile CapyRamen D\u00e9gustation &amp; D\u00e9tente \u2013 Affiche Esth\u00e9tique de Capybara Inspir\u00e9e de l&rsquo;Anime et du Ramen"},"content":{"rendered":"<p class=\"\" data-start=\"410\" data-end=\"576\">Bienvenue au summum de la culture capybara. Nous vous pr\u00e9sentons le <strong data-start=\"456\" data-end=\"491\">CapyRamen Slurp  Chill Canvas<\/strong> \u2013 un design original o\u00f9 le calme rencontre les glucides et o\u00f9 les nouilles r\u00e8gnent en ma\u00eetre. <\/p>\n<p class=\"\" data-start=\"578\" data-end=\"839\">Cette toile imprim\u00e9e de haute qualit\u00e9 capture un capybara affam\u00e9 en plein moment ramen, sur fond d&rsquo;un restaurant de ramen japonais nostalgique. C&rsquo;est l&rsquo;ajout parfait \u00e0 votre chambre, votre coin cuisine, votre antre de jeu ou votre mur de mangas \u2013 car m\u00eame les capybaras ont besoin de leur moment nouilles. <\/p>\n<p class=\"\" data-start=\"841\" data-end=\"1065\">Inspir\u00e9e par l&rsquo;esth\u00e9tique anime, les ambiances chaleureuses et l&rsquo;art animalier viral, cette \u0153uvre m\u00eale humour et c\u0153ur dans chaque coup de pinceau. Que vous soyez un gourmet, un japonophile ou simplement un adorateur de capybaras, voici votre prochaine d\u00e9coration murale pr\u00e9f\u00e9r\u00e9e. <\/p>\n<p class=\"\" data-start=\"1067\" data-end=\"1146\">\ud83c\udf5c Pour les amateurs de ramen.<br data-start=\"1087\" data-end=\"1090\">\ud83c\udfa8 Pour les \u00e2mes kawaii.<br data-start=\"1110\" data-end=\"1113\">\ud83d\udc3e Pour les v\u00e9ritables citoyens de <strong>Capy Planet<\/strong>.<\/p>\n<p class=\"\" data-start=\"1148\" data-end=\"1160\"><strong data-start=\"1148\" data-end=\"1160\">D\u00e9tails :<\/strong><\/p>\n<ul data-start=\"1161\" data-end=\"1393\">\n<li class=\"\" data-start=\"1161\" data-end=\"1214\">\n<p class=\"\" data-start=\"1163\" data-end=\"1214\">Toile imprim\u00e9e non encadr\u00e9e disponible en plusieurs tailles<\/p>\n<\/li>\n<li class=\"\" data-start=\"1215\" data-end=\"1257\">\n<p class=\"\" data-start=\"1217\" data-end=\"1257\">Couleurs vives et illustration textur\u00e9e<\/p>\n<\/li>\n<li class=\"\" data-start=\"1258\" data-end=\"1326\">\n<p class=\"\" data-start=\"1260\" data-end=\"1326\">S&rsquo;int\u00e8gre parfaitement dans les caf\u00e9s confortables, les chambres d&rsquo;anime ou les murs d&rsquo;art \u00e9clectique<\/p>\n<\/li>\n<li class=\"\" data-start=\"1327\" data-end=\"1393\">\n<p class=\"\" data-start=\"1329\" data-end=\"1393\">Un cadeau original pour les otakus, les amis ou les collectionneurs de capybaras<\/p>\n<\/li>\n<\/ul>\n","protected":false},"excerpt":{"rendered":"<p>\ud83c\udf5c <strong data-start=\"456\" data-end=\"491\">CapyRamen Slurp  Chill Canvas<\/strong> \u2013 une toile imprim\u00e9e d&rsquo;inspiration anime confortable repr\u00e9sentant un capybara et des ramens, pour les gourmets, les otakus et les amateurs de capybaras !<\/p>\n","protected":false},"featured_media":46093,"comment_status":"open","ping_status":"closed","template":"","meta":[],"product_brand":[],"product_cat":[1812],"product_tag":[2490,2496,2495,2493,2489,2492,2488,704,2491,2494],"class_list":{"0":"post-46109","1":"product","2":"type-product","3":"status-publish","4":"has-post-thumbnail","6":"product_cat-capy-decorations-fr","7":"product_tag-affiche-alimentaire-humoristique","8":"product_tag-affiche-mignonne-de-capybara","9":"product_tag-animal-mangeant-des-nouilles","10":"product_tag-art-de-chambre-otaku","11":"product_tag-art-mural-danimal-anime","12":"product_tag-decoration-murale-kawaii-ramen","13":"product_tag-impression-capybara-ramen","14":"product_tag-aesthetic-capybara-gift-fr","15":"product_tag-toile-capybara-slurp-nouilles","16":"product_tag-toile-de-style-japonais","18":"first","19":"instock","20":"sale","21":"shipping-taxable","22":"purchasable","23":"product-type-variable"},"yoast_head":"<!-- This site is optimized with the Yoast SEO plugin v27.0 - https:\/\/yoast.com\/product\/yoast-seo-wordpress\/ -->\n<title>Toile CapyRamen D\u00e9gustation &amp; D\u00e9tente \u2013 Affiche Esth\u00e9tique de Capybara Inspir\u00e9e de l&#039;Anime et du Ramen - Capy Planet<\/title>\n<meta name=\"description\" content=\"\ud83c\udf5c CapyRamen : toile anime capybara-ramen pour gourmets et fans\" \/>\n<meta name=\"robots\" content=\"index, follow, max-snippet:-1, max-image-preview:large, max-video-preview:-1\" \/>\n<link rel=\"canonical\" href=\"https:\/\/capy-planet.com\/fr\/shop\/toile-capyramen-slurp-chill-art-mural-esthetique-du-temps-des-nouilles-au-capybara-affiche-de-ramen-inspiree-de-lanime-pour-des-espaces-kawaii-confortables\/\" \/>\n<meta property=\"og:locale\" content=\"fr_FR\" \/>\n<meta property=\"og:type\" content=\"article\" \/>\n<meta property=\"og:title\" content=\"Toile CapyRamen D\u00e9gustation &amp; D\u00e9tente \u2013 Affiche Esth\u00e9tique de Capybara Inspir\u00e9e de l&#039;Anime et du Ramen - Capy Planet\" \/>\n<meta property=\"og:description\" content=\"\ud83c\udf5c CapyRamen : toile anime capybara-ramen pour gourmets et fans\" \/>\n<meta property=\"og:url\" content=\"https:\/\/capy-planet.com\/fr\/shop\/toile-capyramen-slurp-chill-art-mural-esthetique-du-temps-des-nouilles-au-capybara-affiche-de-ramen-inspiree-de-lanime-pour-des-espaces-kawaii-confortables\/\" \/>\n<meta property=\"og:site_name\" content=\"Capy Planet\" \/>\n<meta property=\"article:publisher\" content=\"https:\/\/www.facebook.com\/capy.planet\" \/>\n<meta property=\"article:modified_time\" content=\"2025-04-12T19:15:43+00:00\" \/>\n<meta property=\"og:image\" content=\"https:\/\/capy-planet.com\/wp-content\/uploads\/sites\/2\/2025\/04\/Seb3c1ce378c349ee8af1378c206b04b24.webp\" \/>\n\t<meta property=\"og:image:width\" content=\"857\" \/>\n\t<meta property=\"og:image:height\" content=\"1200\" \/>\n\t<meta property=\"og:image:type\" content=\"image\/webp\" \/>\n<meta name=\"twitter:card\" content=\"summary_large_image\" \/>\n<meta name=\"twitter:label1\" content=\"Dur\u00e9e de lecture estim\u00e9e\" \/>\n\t<meta name=\"twitter:data1\" content=\"1 minute\" \/>\n<script type=\"application\/ld+json\" class=\"yoast-schema-graph\">{\"@context\":\"https:\/\/schema.org\",\"@graph\":[{\"@type\":\"WebPage\",\"@id\":\"https:\/\/capy-planet.com\/fr\/shop\/toile-capyramen-slurp-chill-art-mural-esthetique-du-temps-des-nouilles-au-capybara-affiche-de-ramen-inspiree-de-lanime-pour-des-espaces-kawaii-confortables\/\",\"url\":\"https:\/\/capy-planet.com\/fr\/shop\/toile-capyramen-slurp-chill-art-mural-esthetique-du-temps-des-nouilles-au-capybara-affiche-de-ramen-inspiree-de-lanime-pour-des-espaces-kawaii-confortables\/\",\"name\":\"Toile CapyRamen D\u00e9gustation &amp; D\u00e9tente \u2013 Affiche Esth\u00e9tique de Capybara Inspir\u00e9e de l'Anime et du Ramen - Capy Planet\",\"isPartOf\":{\"@id\":\"https:\/\/capy-planet.com\/fr\/#website\"},\"primaryImageOfPage\":{\"@id\":\"https:\/\/capy-planet.com\/fr\/shop\/toile-capyramen-slurp-chill-art-mural-esthetique-du-temps-des-nouilles-au-capybara-affiche-de-ramen-inspiree-de-lanime-pour-des-espaces-kawaii-confortables\/#primaryimage\"},\"image\":{\"@id\":\"https:\/\/capy-planet.com\/fr\/shop\/toile-capyramen-slurp-chill-art-mural-esthetique-du-temps-des-nouilles-au-capybara-affiche-de-ramen-inspiree-de-lanime-pour-des-espaces-kawaii-confortables\/#primaryimage\"},\"thumbnailUrl\":\"https:\/\/i0.wp.com\/capy-planet.com\/wp-content\/uploads\/sites\/2\/2025\/04\/Seb3c1ce378c349ee8af1378c206b04b24.webp?fit=857%2C1200&ssl=1\",\"datePublished\":\"2025-04-10T21:35:51+00:00\",\"dateModified\":\"2025-04-12T19:15:43+00:00\",\"description\":\"\ud83c\udf5c CapyRamen : toile anime capybara-ramen pour gourmets et fans\",\"breadcrumb\":{\"@id\":\"https:\/\/capy-planet.com\/fr\/shop\/toile-capyramen-slurp-chill-art-mural-esthetique-du-temps-des-nouilles-au-capybara-affiche-de-ramen-inspiree-de-lanime-pour-des-espaces-kawaii-confortables\/#breadcrumb\"},\"inLanguage\":\"fr-FR\",\"potentialAction\":[{\"@type\":\"ReadAction\",\"target\":[\"https:\/\/capy-planet.com\/fr\/shop\/toile-capyramen-slurp-chill-art-mural-esthetique-du-temps-des-nouilles-au-capybara-affiche-de-ramen-inspiree-de-lanime-pour-des-espaces-kawaii-confortables\/\"]}]},{\"@type\":\"ImageObject\",\"inLanguage\":\"fr-FR\",\"@id\":\"https:\/\/capy-planet.com\/fr\/shop\/toile-capyramen-slurp-chill-art-mural-esthetique-du-temps-des-nouilles-au-capybara-affiche-de-ramen-inspiree-de-lanime-pour-des-espaces-kawaii-confortables\/#primaryimage\",\"url\":\"https:\/\/i0.wp.com\/capy-planet.com\/wp-content\/uploads\/sites\/2\/2025\/04\/Seb3c1ce378c349ee8af1378c206b04b24.webp?fit=857%2C1200&ssl=1\",\"contentUrl\":\"https:\/\/i0.wp.com\/capy-planet.com\/wp-content\/uploads\/sites\/2\/2025\/04\/Seb3c1ce378c349ee8af1378c206b04b24.webp?fit=857%2C1200&ssl=1\",\"width\":857,\"height\":1200},{\"@type\":\"BreadcrumbList\",\"@id\":\"https:\/\/capy-planet.com\/fr\/shop\/toile-capyramen-slurp-chill-art-mural-esthetique-du-temps-des-nouilles-au-capybara-affiche-de-ramen-inspiree-de-lanime-pour-des-espaces-kawaii-confortables\/#breadcrumb\",\"itemListElement\":[{\"@type\":\"ListItem\",\"position\":1,\"name\":\"Home\",\"item\":\"https:\/\/capy-planet.com\/fr\/home\/\"},{\"@type\":\"ListItem\",\"position\":2,\"name\":\"Capy Shop\",\"item\":\"https:\/\/capy-planet.com\/shop\/\"},{\"@type\":\"ListItem\",\"position\":3,\"name\":\"Toile CapyRamen D\u00e9gustation &amp; D\u00e9tente \u2013 Affiche Esth\u00e9tique de Capybara Inspir\u00e9e de l&#8217;Anime et du Ramen\"}]},{\"@type\":\"WebSite\",\"@id\":\"https:\/\/capy-planet.com\/fr\/#website\",\"url\":\"https:\/\/capy-planet.com\/fr\/\",\"name\":\"Capy Planet\",\"description\":\"Adoptez la vibe Capybara !\",\"publisher\":{\"@id\":\"https:\/\/capy-planet.com\/fr\/#organization\"},\"potentialAction\":[{\"@type\":\"SearchAction\",\"target\":{\"@type\":\"EntryPoint\",\"urlTemplate\":\"https:\/\/capy-planet.com\/fr\/?s={search_term_string}\"},\"query-input\":{\"@type\":\"PropertyValueSpecification\",\"valueRequired\":true,\"valueName\":\"search_term_string\"}}],\"inLanguage\":\"fr-FR\"},{\"@type\":\"Organization\",\"@id\":\"https:\/\/capy-planet.com\/fr\/#organization\",\"name\":\"Plan\u00e8te Capy\",\"url\":\"https:\/\/capy-planet.com\/fr\/\",\"logo\":{\"@type\":\"ImageObject\",\"inLanguage\":\"fr-FR\",\"@id\":\"https:\/\/capy-planet.com\/fr\/#\/schema\/logo\/image\/\",\"url\":\"https:\/\/i0.wp.com\/capy-planet.com\/wp-content\/uploads\/sites\/2\/2025\/03\/Henri_Hardillier_Capybara_face_large_smile_big_white_kawaii_eyes_c795f5d3-126d-4c2b-bf35-82751b2d63bb-2.png?fit=705%2C705&ssl=1\",\"contentUrl\":\"https:\/\/i0.wp.com\/capy-planet.com\/wp-content\/uploads\/sites\/2\/2025\/03\/Henri_Hardillier_Capybara_face_large_smile_big_white_kawaii_eyes_c795f5d3-126d-4c2b-bf35-82751b2d63bb-2.png?fit=705%2C705&ssl=1\",\"width\":705,\"height\":705,\"caption\":\"Plan\u00e8te Capy\"},\"image\":{\"@id\":\"https:\/\/capy-planet.com\/fr\/#\/schema\/logo\/image\/\"},\"sameAs\":[\"https:\/\/www.facebook.com\/capy.planet\",\"https:\/\/www.instagram.com\/capy_planet_com\"]}]}<\/script>\n<!-- \/ Yoast SEO plugin. -->","yoast_head_json":{"title":"Toile CapyRamen D\u00e9gustation &amp; D\u00e9tente \u2013 Affiche Esth\u00e9tique de Capybara Inspir\u00e9e de l'Anime et du Ramen - Capy Planet","description":"\ud83c\udf5c CapyRamen : toile anime capybara-ramen pour gourmets et fans","robots":{"index":"index","follow":"follow","max-snippet":"max-snippet:-1","max-image-preview":"max-image-preview:large","max-video-preview":"max-video-preview:-1"},"canonical":"https:\/\/capy-planet.com\/fr\/shop\/toile-capyramen-slurp-chill-art-mural-esthetique-du-temps-des-nouilles-au-capybara-affiche-de-ramen-inspiree-de-lanime-pour-des-espaces-kawaii-confortables\/","og_locale":"fr_FR","og_type":"article","og_title":"Toile CapyRamen D\u00e9gustation &amp; D\u00e9tente \u2013 Affiche Esth\u00e9tique de Capybara Inspir\u00e9e de l'Anime et du Ramen - Capy Planet","og_description":"\ud83c\udf5c CapyRamen : toile anime capybara-ramen pour gourmets et fans","og_url":"https:\/\/capy-planet.com\/fr\/shop\/toile-capyramen-slurp-chill-art-mural-esthetique-du-temps-des-nouilles-au-capybara-affiche-de-ramen-inspiree-de-lanime-pour-des-espaces-kawaii-confortables\/","og_site_name":"Capy Planet","article_publisher":"https:\/\/www.facebook.com\/capy.planet","article_modified_time":"2025-04-12T19:15:43+00:00","og_image":[{"width":857,"height":1200,"url":"https:\/\/capy-planet.com\/wp-content\/uploads\/sites\/2\/2025\/04\/Seb3c1ce378c349ee8af1378c206b04b24.webp","type":"image\/webp"}],"twitter_card":"summary_large_image","twitter_misc":{"Dur\u00e9e de lecture estim\u00e9e":"1 minute"},"schema":{"@context":"https:\/\/schema.org","@graph":[{"@type":"WebPage","@id":"https:\/\/capy-planet.com\/fr\/shop\/toile-capyramen-slurp-chill-art-mural-esthetique-du-temps-des-nouilles-au-capybara-affiche-de-ramen-inspiree-de-lanime-pour-des-espaces-kawaii-confortables\/","url":"https:\/\/capy-planet.com\/fr\/shop\/toile-capyramen-slurp-chill-art-mural-esthetique-du-temps-des-nouilles-au-capybara-affiche-de-ramen-inspiree-de-lanime-pour-des-espaces-kawaii-confortables\/","name":"Toile CapyRamen D\u00e9gustation &amp; D\u00e9tente \u2013 Affiche Esth\u00e9tique de Capybara Inspir\u00e9e de l'Anime et du Ramen - Capy Planet","isPartOf":{"@id":"https:\/\/capy-planet.com\/fr\/#website"},"primaryImageOfPage":{"@id":"https:\/\/capy-planet.com\/fr\/shop\/toile-capyramen-slurp-chill-art-mural-esthetique-du-temps-des-nouilles-au-capybara-affiche-de-ramen-inspiree-de-lanime-pour-des-espaces-kawaii-confortables\/#primaryimage"},"image":{"@id":"https:\/\/capy-planet.com\/fr\/shop\/toile-capyramen-slurp-chill-art-mural-esthetique-du-temps-des-nouilles-au-capybara-affiche-de-ramen-inspiree-de-lanime-pour-des-espaces-kawaii-confortables\/#primaryimage"},"thumbnailUrl":"https:\/\/i0.wp.com\/capy-planet.com\/wp-content\/uploads\/sites\/2\/2025\/04\/Seb3c1ce378c349ee8af1378c206b04b24.webp?fit=857%2C1200&ssl=1","datePublished":"2025-04-10T21:35:51+00:00","dateModified":"2025-04-12T19:15:43+00:00","description":"\ud83c\udf5c CapyRamen : toile anime capybara-ramen pour gourmets et fans","breadcrumb":{"@id":"https:\/\/capy-planet.com\/fr\/shop\/toile-capyramen-slurp-chill-art-mural-esthetique-du-temps-des-nouilles-au-capybara-affiche-de-ramen-inspiree-de-lanime-pour-des-espaces-kawaii-confortables\/#breadcrumb"},"inLanguage":"fr-FR","potentialAction":[{"@type":"ReadAction","target":["https:\/\/capy-planet.com\/fr\/shop\/toile-capyramen-slurp-chill-art-mural-esthetique-du-temps-des-nouilles-au-capybara-affiche-de-ramen-inspiree-de-lanime-pour-des-espaces-kawaii-confortables\/"]}]},{"@type":"ImageObject","inLanguage":"fr-FR","@id":"https:\/\/capy-planet.com\/fr\/shop\/toile-capyramen-slurp-chill-art-mural-esthetique-du-temps-des-nouilles-au-capybara-affiche-de-ramen-inspiree-de-lanime-pour-des-espaces-kawaii-confortables\/#primaryimage","url":"https:\/\/i0.wp.com\/capy-planet.com\/wp-content\/uploads\/sites\/2\/2025\/04\/Seb3c1ce378c349ee8af1378c206b04b24.webp?fit=857%2C1200&ssl=1","contentUrl":"https:\/\/i0.wp.com\/capy-planet.com\/wp-content\/uploads\/sites\/2\/2025\/04\/Seb3c1ce378c349ee8af1378c206b04b24.webp?fit=857%2C1200&ssl=1","width":857,"height":1200},{"@type":"BreadcrumbList","@id":"https:\/\/capy-planet.com\/fr\/shop\/toile-capyramen-slurp-chill-art-mural-esthetique-du-temps-des-nouilles-au-capybara-affiche-de-ramen-inspiree-de-lanime-pour-des-espaces-kawaii-confortables\/#breadcrumb","itemListElement":[{"@type":"ListItem","position":1,"name":"Home","item":"https:\/\/capy-planet.com\/fr\/home\/"},{"@type":"ListItem","position":2,"name":"Capy Shop","item":"https:\/\/capy-planet.com\/shop\/"},{"@type":"ListItem","position":3,"name":"Toile CapyRamen D\u00e9gustation &amp; D\u00e9tente \u2013 Affiche Esth\u00e9tique de Capybara Inspir\u00e9e de l&#8217;Anime et du Ramen"}]},{"@type":"WebSite","@id":"https:\/\/capy-planet.com\/fr\/#website","url":"https:\/\/capy-planet.com\/fr\/","name":"Capy Planet","description":"Adoptez la vibe Capybara !","publisher":{"@id":"https:\/\/capy-planet.com\/fr\/#organization"},"potentialAction":[{"@type":"SearchAction","target":{"@type":"EntryPoint","urlTemplate":"https:\/\/capy-planet.com\/fr\/?s={search_term_string}"},"query-input":{"@type":"PropertyValueSpecification","valueRequired":true,"valueName":"search_term_string"}}],"inLanguage":"fr-FR"},{"@type":"Organization","@id":"https:\/\/capy-planet.com\/fr\/#organization","name":"Plan\u00e8te Capy","url":"https:\/\/capy-planet.com\/fr\/","logo":{"@type":"ImageObject","inLanguage":"fr-FR","@id":"https:\/\/capy-planet.com\/fr\/#\/schema\/logo\/image\/","url":"https:\/\/i0.wp.com\/capy-planet.com\/wp-content\/uploads\/sites\/2\/2025\/03\/Henri_Hardillier_Capybara_face_large_smile_big_white_kawaii_eyes_c795f5d3-126d-4c2b-bf35-82751b2d63bb-2.png?fit=705%2C705&ssl=1","contentUrl":"https:\/\/i0.wp.com\/capy-planet.com\/wp-content\/uploads\/sites\/2\/2025\/03\/Henri_Hardillier_Capybara_face_large_smile_big_white_kawaii_eyes_c795f5d3-126d-4c2b-bf35-82751b2d63bb-2.png?fit=705%2C705&ssl=1","width":705,"height":705,"caption":"Plan\u00e8te Capy"},"image":{"@id":"https:\/\/capy-planet.com\/fr\/#\/schema\/logo\/image\/"},"sameAs":["https:\/\/www.facebook.com\/capy.planet","https:\/\/www.instagram.com\/capy_planet_com"]}]}},"jetpack_sharing_enabled":true,"_links":{"self":[{"href":"https:\/\/capy-planet.com\/fr\/wp-json\/wp\/v2\/product\/46109","targetHints":{"allow":["GET"]}}],"collection":[{"href":"https:\/\/capy-planet.com\/fr\/wp-json\/wp\/v2\/product"}],"about":[{"href":"https:\/\/capy-planet.com\/fr\/wp-json\/wp\/v2\/types\/product"}],"replies":[{"embeddable":true,"href":"https:\/\/capy-planet.com\/fr\/wp-json\/wp\/v2\/comments?post=46109"}],"wp:featuredmedia":[{"embeddable":true,"href":"https:\/\/capy-planet.com\/fr\/wp-json\/wp\/v2\/media\/46093"}],"wp:attachment":[{"href":"https:\/\/capy-planet.com\/fr\/wp-json\/wp\/v2\/media?parent=46109"}],"wp:term":[{"taxonomy":"product_brand","embeddable":true,"href":"https:\/\/capy-planet.com\/fr\/wp-json\/wp\/v2\/product_brand?post=46109"},{"taxonomy":"product_cat","embeddable":true,"href":"https:\/\/capy-planet.com\/fr\/wp-json\/wp\/v2\/product_cat?post=46109"},{"taxonomy":"product_tag","embeddable":true,"href":"https:\/\/capy-planet.com\/fr\/wp-json\/wp\/v2\/product_tag?post=46109"}],"curies":[{"name":"wp","href":"https:\/\/api.w.org\/{rel}","templated":true}]}}