{"id":46044,"date":"2025-04-11T04:26:13","date_gmt":"2025-04-10T21:26:13","guid":{"rendered":"https:\/\/capy-planet.com\/shop\/toile-de-vie-de-salon-capyclub-scene-de-bar-abstraite-de-capybara-art-mural-affiche-moderne-heure-du-martini-pour-les-amateurs-danimaux-raffines\/"},"modified":"2025-04-13T02:15:52","modified_gmt":"2025-04-12T19:15:52","slug":"toile-de-vie-de-salon-capyclub-scene-de-bar-abstraite-de-capybara-art-mural-affiche-moderne-heure-du-martini-pour-les-amateurs-danimaux-raffines","status":"publish","type":"product","link":"https:\/\/capy-planet.com\/fr\/shop\/toile-de-vie-de-salon-capyclub-scene-de-bar-abstraite-de-capybara-art-mural-affiche-moderne-heure-du-martini-pour-les-amateurs-danimaux-raffines\/","title":{"rendered":"Toile de vie de salon CapyClub \u2013 Art mural de sc\u00e8ne de bar abstrait de capybara | Affiche moderne de l&rsquo;heure du Martini"},"content":{"rendered":"<p class=\"\" data-start=\"394\" data-end=\"549\">Ajoutez une touche de charme suave \u00e0 votre espace avec la <strong data-start=\"441\" data-end=\"473\">Toile de vie de salon CapyClub<\/strong>, l&rsquo;ultime m\u00e9lange de d\u00e9contraction et de classe que nous vous proposons. \ud83c\udf78\u2728 <\/p>\n<p class=\"\" data-start=\"551\" data-end=\"782\">Cette toile imprim\u00e9e met en sc\u00e8ne deux capybaras \u00e9l\u00e9gants savourant leurs martinis tels de v\u00e9ritables l\u00e9gendes du salon. Rendue dans des tons riches et abstraits, cette \u0153uvre d&rsquo;art est parfaite pour les espaces modernes qui embrassent l&rsquo;humour, le minimalisme et la sophistication poilue. <\/p>\n<p class=\"\" data-start=\"784\" data-end=\"1040\">Que ce soit dans votre salon, votre bar personnel, votre studio ou votre bureau, cette pi\u00e8ce rehausse vos murs avec juste ce qu&rsquo;il faut d&rsquo;excentricit\u00e9 et de caract\u00e8re. C&rsquo;est le cadeau id\u00e9al pour les amoureux des animaux, les connaisseurs de cocktails ou les passionn\u00e9s d&rsquo;art qui appr\u00e9cient la personnalit\u00e9 sur toile. <\/p>\n<p class=\"\" data-start=\"1042\" data-end=\"1129\">\ud83c\udfa8 Disponible en plusieurs tailles et imprim\u00e9e sur une toile premium non encadr\u00e9e pour s&rsquo;adapter \u00e0 tous les espaces.<\/p>\n<p class=\"\" data-start=\"1131\" data-end=\"1154\"><strong data-start=\"1131\" data-end=\"1154\">Pourquoi vous l&rsquo;adorerez :<\/strong><\/p>\n<ul data-start=\"1155\" data-end=\"1396\">\n<li class=\"\" data-start=\"1155\" data-end=\"1204\">\n<p class=\"\" data-start=\"1157\" data-end=\"1204\">\ud83c\udf79 Sc\u00e8ne de bar capybara originale de style abstrait<\/p>\n<\/li>\n<li class=\"\" data-start=\"1205\" data-end=\"1249\">\n<p class=\"\" data-start=\"1207\" data-end=\"1249\">\ud83d\uddbc\ufe0f Impression de qualit\u00e9 mus\u00e9ale haute r\u00e9solution<\/p>\n<\/li>\n<li class=\"\" data-start=\"1250\" data-end=\"1286\">\n<p class=\"\" data-start=\"1252\" data-end=\"1286\">\ud83e\udde1 Un sujet de conversation unique<\/p>\n<\/li>\n<li class=\"\" data-start=\"1287\" data-end=\"1349\">\n<p class=\"\" data-start=\"1289\" data-end=\"1349\">\ud83c\udf81 Parfait pour les cadeaux, les murs de galerie ou la d\u00e9coration de caf\u00e9 styl\u00e9e<\/p>\n<\/li>\n<li class=\"\" data-start=\"1350\" data-end=\"1396\">\n<p class=\"\" data-start=\"1352\" data-end=\"1396\">\ud83d\udc3e Issu du monde fantaisiste de <strong>Capy Planet<\/strong><\/p>\n<\/li>\n<\/ul>\n","protected":false},"excerpt":{"rendered":"<p class=\"\" data-start=\"1438\" data-end=\"1595\">\ud83c\udf77<strong>Toile de vie de salon CapyClub<\/strong> \u2013 Impression d&rsquo;art de bar capybara \u00e9l\u00e9gante mettant en sc\u00e8ne des rongeurs sirotant des martinis dans un style moderne abstrait. Pour des espaces raffin\u00e9s, confortables ou excentriques. <\/p>\n","protected":false},"featured_media":46004,"comment_status":"open","ping_status":"closed","template":"","meta":[],"product_brand":[],"product_cat":[1812],"product_tag":[2455,2458,1896,2459,2454,2456,2453,2457,2452,2460],"class_list":{"0":"post-46044","1":"product","2":"type-product","3":"status-publish","4":"has-post-thumbnail","6":"product_cat-capy-decorations-fr","7":"product_tag-affiche-animal-salon-de-bar","8":"product_tag-art-club-capybara","9":"product_tag-art-mural-de-capybara","10":"product_tag-cadeau-unique-pour-les-amoureux-des-animaux","11":"product_tag-capybara-buvant-un-martini","12":"product_tag-decoration-murale-fantaisiste","13":"product_tag-impression-animale-abstraite-amusante","14":"product_tag-impression-moderne-de-capybara","15":"product_tag-toile-cocktail-animal","16":"product_tag-toile-dart-capybara","18":"first","19":"instock","20":"sale","21":"shipping-taxable","22":"purchasable","23":"product-type-variable"},"yoast_head":"<!-- This site is optimized with the Yoast SEO plugin v27.0 - https:\/\/yoast.com\/product\/yoast-seo-wordpress\/ -->\n<title>Toile de vie de salon CapyClub \u2013 Art mural de sc\u00e8ne de bar abstrait de capybara | Affiche moderne de l&#039;heure du Martini - Capy Planet<\/title>\n<meta name=\"description\" content=\"\ud83c\udf77 Toile de vie de salon CapyClub \u2013 Impression d&#039;art de bar capybara \u00e9l\u00e9gante mettant en sc\u00e8ne des rongeurs sirotant des martinis dans un style moderne abstrait. Pour des espaces raffin\u00e9s, confortables ou excentriques.\" \/>\n<meta name=\"robots\" content=\"index, follow, max-snippet:-1, max-image-preview:large, max-video-preview:-1\" \/>\n<link rel=\"canonical\" href=\"https:\/\/capy-planet.com\/fr\/shop\/toile-de-vie-de-salon-capyclub-scene-de-bar-abstraite-de-capybara-art-mural-affiche-moderne-heure-du-martini-pour-les-amateurs-danimaux-raffines\/\" \/>\n<meta property=\"og:locale\" content=\"fr_FR\" \/>\n<meta property=\"og:type\" content=\"article\" \/>\n<meta property=\"og:title\" content=\"Toile de vie de salon CapyClub \u2013 Art mural de sc\u00e8ne de bar abstrait de capybara | Affiche moderne de l&#039;heure du Martini - Capy Planet\" \/>\n<meta property=\"og:description\" content=\"\ud83c\udf77 Toile de vie de salon CapyClub \u2013 Impression d&#039;art de bar capybara \u00e9l\u00e9gante mettant en sc\u00e8ne des rongeurs sirotant des martinis dans un style moderne abstrait. Pour des espaces raffin\u00e9s, confortables ou excentriques.\" \/>\n<meta property=\"og:url\" content=\"https:\/\/capy-planet.com\/fr\/shop\/toile-de-vie-de-salon-capyclub-scene-de-bar-abstraite-de-capybara-art-mural-affiche-moderne-heure-du-martini-pour-les-amateurs-danimaux-raffines\/\" \/>\n<meta property=\"og:site_name\" content=\"Capy Planet\" \/>\n<meta property=\"article:publisher\" content=\"https:\/\/www.facebook.com\/capy.planet\" \/>\n<meta property=\"article:modified_time\" content=\"2025-04-12T19:15:52+00:00\" \/>\n<meta property=\"og:image\" content=\"https:\/\/capy-planet.com\/wp-content\/uploads\/sites\/2\/2025\/04\/H53cdb27794f844368b908af9b80b52bcs.webp\" \/>\n\t<meta property=\"og:image:width\" content=\"800\" \/>\n\t<meta property=\"og:image:height\" content=\"800\" \/>\n\t<meta property=\"og:image:type\" content=\"image\/webp\" \/>\n<meta name=\"twitter:card\" content=\"summary_large_image\" \/>\n<meta name=\"twitter:label1\" content=\"Dur\u00e9e de lecture estim\u00e9e\" \/>\n\t<meta name=\"twitter:data1\" content=\"1 minute\" \/>\n<script type=\"application\/ld+json\" class=\"yoast-schema-graph\">{\"@context\":\"https:\/\/schema.org\",\"@graph\":[{\"@type\":\"WebPage\",\"@id\":\"https:\/\/capy-planet.com\/fr\/shop\/toile-de-vie-de-salon-capyclub-scene-de-bar-abstraite-de-capybara-art-mural-affiche-moderne-heure-du-martini-pour-les-amateurs-danimaux-raffines\/\",\"url\":\"https:\/\/capy-planet.com\/fr\/shop\/toile-de-vie-de-salon-capyclub-scene-de-bar-abstraite-de-capybara-art-mural-affiche-moderne-heure-du-martini-pour-les-amateurs-danimaux-raffines\/\",\"name\":\"Toile de vie de salon CapyClub \u2013 Art mural de sc\u00e8ne de bar abstrait de capybara | Affiche moderne de l'heure du Martini - Capy Planet\",\"isPartOf\":{\"@id\":\"https:\/\/capy-planet.com\/fr\/#website\"},\"primaryImageOfPage\":{\"@id\":\"https:\/\/capy-planet.com\/fr\/shop\/toile-de-vie-de-salon-capyclub-scene-de-bar-abstraite-de-capybara-art-mural-affiche-moderne-heure-du-martini-pour-les-amateurs-danimaux-raffines\/#primaryimage\"},\"image\":{\"@id\":\"https:\/\/capy-planet.com\/fr\/shop\/toile-de-vie-de-salon-capyclub-scene-de-bar-abstraite-de-capybara-art-mural-affiche-moderne-heure-du-martini-pour-les-amateurs-danimaux-raffines\/#primaryimage\"},\"thumbnailUrl\":\"https:\/\/i0.wp.com\/capy-planet.com\/wp-content\/uploads\/sites\/2\/2025\/04\/H53cdb27794f844368b908af9b80b52bcs.webp?fit=800%2C800&ssl=1\",\"datePublished\":\"2025-04-10T21:26:13+00:00\",\"dateModified\":\"2025-04-12T19:15:52+00:00\",\"description\":\"\ud83c\udf77 Toile de vie de salon CapyClub \u2013 Impression d'art de bar capybara \u00e9l\u00e9gante mettant en sc\u00e8ne des rongeurs sirotant des martinis dans un style moderne abstrait. Pour des espaces raffin\u00e9s, confortables ou excentriques.\",\"breadcrumb\":{\"@id\":\"https:\/\/capy-planet.com\/fr\/shop\/toile-de-vie-de-salon-capyclub-scene-de-bar-abstraite-de-capybara-art-mural-affiche-moderne-heure-du-martini-pour-les-amateurs-danimaux-raffines\/#breadcrumb\"},\"inLanguage\":\"fr-FR\",\"potentialAction\":[{\"@type\":\"ReadAction\",\"target\":[\"https:\/\/capy-planet.com\/fr\/shop\/toile-de-vie-de-salon-capyclub-scene-de-bar-abstraite-de-capybara-art-mural-affiche-moderne-heure-du-martini-pour-les-amateurs-danimaux-raffines\/\"]}]},{\"@type\":\"ImageObject\",\"inLanguage\":\"fr-FR\",\"@id\":\"https:\/\/capy-planet.com\/fr\/shop\/toile-de-vie-de-salon-capyclub-scene-de-bar-abstraite-de-capybara-art-mural-affiche-moderne-heure-du-martini-pour-les-amateurs-danimaux-raffines\/#primaryimage\",\"url\":\"https:\/\/i0.wp.com\/capy-planet.com\/wp-content\/uploads\/sites\/2\/2025\/04\/H53cdb27794f844368b908af9b80b52bcs.webp?fit=800%2C800&ssl=1\",\"contentUrl\":\"https:\/\/i0.wp.com\/capy-planet.com\/wp-content\/uploads\/sites\/2\/2025\/04\/H53cdb27794f844368b908af9b80b52bcs.webp?fit=800%2C800&ssl=1\",\"width\":800,\"height\":800},{\"@type\":\"BreadcrumbList\",\"@id\":\"https:\/\/capy-planet.com\/fr\/shop\/toile-de-vie-de-salon-capyclub-scene-de-bar-abstraite-de-capybara-art-mural-affiche-moderne-heure-du-martini-pour-les-amateurs-danimaux-raffines\/#breadcrumb\",\"itemListElement\":[{\"@type\":\"ListItem\",\"position\":1,\"name\":\"Home\",\"item\":\"https:\/\/capy-planet.com\/fr\/home\/\"},{\"@type\":\"ListItem\",\"position\":2,\"name\":\"Capy Shop\",\"item\":\"https:\/\/capy-planet.com\/shop\/\"},{\"@type\":\"ListItem\",\"position\":3,\"name\":\"Toile de vie de salon CapyClub \u2013 Art mural de sc\u00e8ne de bar abstrait de capybara | Affiche moderne de l&#8217;heure du Martini\"}]},{\"@type\":\"WebSite\",\"@id\":\"https:\/\/capy-planet.com\/fr\/#website\",\"url\":\"https:\/\/capy-planet.com\/fr\/\",\"name\":\"Capy Planet\",\"description\":\"Adoptez la vibe Capybara !\",\"publisher\":{\"@id\":\"https:\/\/capy-planet.com\/fr\/#organization\"},\"potentialAction\":[{\"@type\":\"SearchAction\",\"target\":{\"@type\":\"EntryPoint\",\"urlTemplate\":\"https:\/\/capy-planet.com\/fr\/?s={search_term_string}\"},\"query-input\":{\"@type\":\"PropertyValueSpecification\",\"valueRequired\":true,\"valueName\":\"search_term_string\"}}],\"inLanguage\":\"fr-FR\"},{\"@type\":\"Organization\",\"@id\":\"https:\/\/capy-planet.com\/fr\/#organization\",\"name\":\"Plan\u00e8te Capy\",\"url\":\"https:\/\/capy-planet.com\/fr\/\",\"logo\":{\"@type\":\"ImageObject\",\"inLanguage\":\"fr-FR\",\"@id\":\"https:\/\/capy-planet.com\/fr\/#\/schema\/logo\/image\/\",\"url\":\"https:\/\/i0.wp.com\/capy-planet.com\/wp-content\/uploads\/sites\/2\/2025\/03\/Henri_Hardillier_Capybara_face_large_smile_big_white_kawaii_eyes_c795f5d3-126d-4c2b-bf35-82751b2d63bb-2.png?fit=705%2C705&ssl=1\",\"contentUrl\":\"https:\/\/i0.wp.com\/capy-planet.com\/wp-content\/uploads\/sites\/2\/2025\/03\/Henri_Hardillier_Capybara_face_large_smile_big_white_kawaii_eyes_c795f5d3-126d-4c2b-bf35-82751b2d63bb-2.png?fit=705%2C705&ssl=1\",\"width\":705,\"height\":705,\"caption\":\"Plan\u00e8te Capy\"},\"image\":{\"@id\":\"https:\/\/capy-planet.com\/fr\/#\/schema\/logo\/image\/\"},\"sameAs\":[\"https:\/\/www.facebook.com\/capy.planet\",\"https:\/\/www.instagram.com\/capy_planet_com\"]}]}<\/script>\n<!-- \/ Yoast SEO plugin. -->","yoast_head_json":{"title":"Toile de vie de salon CapyClub \u2013 Art mural de sc\u00e8ne de bar abstrait de capybara | Affiche moderne de l'heure du Martini - Capy Planet","description":"\ud83c\udf77 Toile de vie de salon CapyClub \u2013 Impression d'art de bar capybara \u00e9l\u00e9gante mettant en sc\u00e8ne des rongeurs sirotant des martinis dans un style moderne abstrait. Pour des espaces raffin\u00e9s, confortables ou excentriques.","robots":{"index":"index","follow":"follow","max-snippet":"max-snippet:-1","max-image-preview":"max-image-preview:large","max-video-preview":"max-video-preview:-1"},"canonical":"https:\/\/capy-planet.com\/fr\/shop\/toile-de-vie-de-salon-capyclub-scene-de-bar-abstraite-de-capybara-art-mural-affiche-moderne-heure-du-martini-pour-les-amateurs-danimaux-raffines\/","og_locale":"fr_FR","og_type":"article","og_title":"Toile de vie de salon CapyClub \u2013 Art mural de sc\u00e8ne de bar abstrait de capybara | Affiche moderne de l'heure du Martini - Capy Planet","og_description":"\ud83c\udf77 Toile de vie de salon CapyClub \u2013 Impression d'art de bar capybara \u00e9l\u00e9gante mettant en sc\u00e8ne des rongeurs sirotant des martinis dans un style moderne abstrait. Pour des espaces raffin\u00e9s, confortables ou excentriques.","og_url":"https:\/\/capy-planet.com\/fr\/shop\/toile-de-vie-de-salon-capyclub-scene-de-bar-abstraite-de-capybara-art-mural-affiche-moderne-heure-du-martini-pour-les-amateurs-danimaux-raffines\/","og_site_name":"Capy Planet","article_publisher":"https:\/\/www.facebook.com\/capy.planet","article_modified_time":"2025-04-12T19:15:52+00:00","og_image":[{"width":800,"height":800,"url":"https:\/\/capy-planet.com\/wp-content\/uploads\/sites\/2\/2025\/04\/H53cdb27794f844368b908af9b80b52bcs.webp","type":"image\/webp"}],"twitter_card":"summary_large_image","twitter_misc":{"Dur\u00e9e de lecture estim\u00e9e":"1 minute"},"schema":{"@context":"https:\/\/schema.org","@graph":[{"@type":"WebPage","@id":"https:\/\/capy-planet.com\/fr\/shop\/toile-de-vie-de-salon-capyclub-scene-de-bar-abstraite-de-capybara-art-mural-affiche-moderne-heure-du-martini-pour-les-amateurs-danimaux-raffines\/","url":"https:\/\/capy-planet.com\/fr\/shop\/toile-de-vie-de-salon-capyclub-scene-de-bar-abstraite-de-capybara-art-mural-affiche-moderne-heure-du-martini-pour-les-amateurs-danimaux-raffines\/","name":"Toile de vie de salon CapyClub \u2013 Art mural de sc\u00e8ne de bar abstrait de capybara | Affiche moderne de l'heure du Martini - Capy Planet","isPartOf":{"@id":"https:\/\/capy-planet.com\/fr\/#website"},"primaryImageOfPage":{"@id":"https:\/\/capy-planet.com\/fr\/shop\/toile-de-vie-de-salon-capyclub-scene-de-bar-abstraite-de-capybara-art-mural-affiche-moderne-heure-du-martini-pour-les-amateurs-danimaux-raffines\/#primaryimage"},"image":{"@id":"https:\/\/capy-planet.com\/fr\/shop\/toile-de-vie-de-salon-capyclub-scene-de-bar-abstraite-de-capybara-art-mural-affiche-moderne-heure-du-martini-pour-les-amateurs-danimaux-raffines\/#primaryimage"},"thumbnailUrl":"https:\/\/i0.wp.com\/capy-planet.com\/wp-content\/uploads\/sites\/2\/2025\/04\/H53cdb27794f844368b908af9b80b52bcs.webp?fit=800%2C800&ssl=1","datePublished":"2025-04-10T21:26:13+00:00","dateModified":"2025-04-12T19:15:52+00:00","description":"\ud83c\udf77 Toile de vie de salon CapyClub \u2013 Impression d'art de bar capybara \u00e9l\u00e9gante mettant en sc\u00e8ne des rongeurs sirotant des martinis dans un style moderne abstrait. Pour des espaces raffin\u00e9s, confortables ou excentriques.","breadcrumb":{"@id":"https:\/\/capy-planet.com\/fr\/shop\/toile-de-vie-de-salon-capyclub-scene-de-bar-abstraite-de-capybara-art-mural-affiche-moderne-heure-du-martini-pour-les-amateurs-danimaux-raffines\/#breadcrumb"},"inLanguage":"fr-FR","potentialAction":[{"@type":"ReadAction","target":["https:\/\/capy-planet.com\/fr\/shop\/toile-de-vie-de-salon-capyclub-scene-de-bar-abstraite-de-capybara-art-mural-affiche-moderne-heure-du-martini-pour-les-amateurs-danimaux-raffines\/"]}]},{"@type":"ImageObject","inLanguage":"fr-FR","@id":"https:\/\/capy-planet.com\/fr\/shop\/toile-de-vie-de-salon-capyclub-scene-de-bar-abstraite-de-capybara-art-mural-affiche-moderne-heure-du-martini-pour-les-amateurs-danimaux-raffines\/#primaryimage","url":"https:\/\/i0.wp.com\/capy-planet.com\/wp-content\/uploads\/sites\/2\/2025\/04\/H53cdb27794f844368b908af9b80b52bcs.webp?fit=800%2C800&ssl=1","contentUrl":"https:\/\/i0.wp.com\/capy-planet.com\/wp-content\/uploads\/sites\/2\/2025\/04\/H53cdb27794f844368b908af9b80b52bcs.webp?fit=800%2C800&ssl=1","width":800,"height":800},{"@type":"BreadcrumbList","@id":"https:\/\/capy-planet.com\/fr\/shop\/toile-de-vie-de-salon-capyclub-scene-de-bar-abstraite-de-capybara-art-mural-affiche-moderne-heure-du-martini-pour-les-amateurs-danimaux-raffines\/#breadcrumb","itemListElement":[{"@type":"ListItem","position":1,"name":"Home","item":"https:\/\/capy-planet.com\/fr\/home\/"},{"@type":"ListItem","position":2,"name":"Capy Shop","item":"https:\/\/capy-planet.com\/shop\/"},{"@type":"ListItem","position":3,"name":"Toile de vie de salon CapyClub \u2013 Art mural de sc\u00e8ne de bar abstrait de capybara | Affiche moderne de l&#8217;heure du Martini"}]},{"@type":"WebSite","@id":"https:\/\/capy-planet.com\/fr\/#website","url":"https:\/\/capy-planet.com\/fr\/","name":"Capy Planet","description":"Adoptez la vibe Capybara !","publisher":{"@id":"https:\/\/capy-planet.com\/fr\/#organization"},"potentialAction":[{"@type":"SearchAction","target":{"@type":"EntryPoint","urlTemplate":"https:\/\/capy-planet.com\/fr\/?s={search_term_string}"},"query-input":{"@type":"PropertyValueSpecification","valueRequired":true,"valueName":"search_term_string"}}],"inLanguage":"fr-FR"},{"@type":"Organization","@id":"https:\/\/capy-planet.com\/fr\/#organization","name":"Plan\u00e8te Capy","url":"https:\/\/capy-planet.com\/fr\/","logo":{"@type":"ImageObject","inLanguage":"fr-FR","@id":"https:\/\/capy-planet.com\/fr\/#\/schema\/logo\/image\/","url":"https:\/\/i0.wp.com\/capy-planet.com\/wp-content\/uploads\/sites\/2\/2025\/03\/Henri_Hardillier_Capybara_face_large_smile_big_white_kawaii_eyes_c795f5d3-126d-4c2b-bf35-82751b2d63bb-2.png?fit=705%2C705&ssl=1","contentUrl":"https:\/\/i0.wp.com\/capy-planet.com\/wp-content\/uploads\/sites\/2\/2025\/03\/Henri_Hardillier_Capybara_face_large_smile_big_white_kawaii_eyes_c795f5d3-126d-4c2b-bf35-82751b2d63bb-2.png?fit=705%2C705&ssl=1","width":705,"height":705,"caption":"Plan\u00e8te Capy"},"image":{"@id":"https:\/\/capy-planet.com\/fr\/#\/schema\/logo\/image\/"},"sameAs":["https:\/\/www.facebook.com\/capy.planet","https:\/\/www.instagram.com\/capy_planet_com"]}]}},"jetpack_sharing_enabled":true,"_links":{"self":[{"href":"https:\/\/capy-planet.com\/fr\/wp-json\/wp\/v2\/product\/46044","targetHints":{"allow":["GET"]}}],"collection":[{"href":"https:\/\/capy-planet.com\/fr\/wp-json\/wp\/v2\/product"}],"about":[{"href":"https:\/\/capy-planet.com\/fr\/wp-json\/wp\/v2\/types\/product"}],"replies":[{"embeddable":true,"href":"https:\/\/capy-planet.com\/fr\/wp-json\/wp\/v2\/comments?post=46044"}],"wp:featuredmedia":[{"embeddable":true,"href":"https:\/\/capy-planet.com\/fr\/wp-json\/wp\/v2\/media\/46004"}],"wp:attachment":[{"href":"https:\/\/capy-planet.com\/fr\/wp-json\/wp\/v2\/media?parent=46044"}],"wp:term":[{"taxonomy":"product_brand","embeddable":true,"href":"https:\/\/capy-planet.com\/fr\/wp-json\/wp\/v2\/product_brand?post=46044"},{"taxonomy":"product_cat","embeddable":true,"href":"https:\/\/capy-planet.com\/fr\/wp-json\/wp\/v2\/product_cat?post=46044"},{"taxonomy":"product_tag","embeddable":true,"href":"https:\/\/capy-planet.com\/fr\/wp-json\/wp\/v2\/product_tag?post=46044"}],"curies":[{"name":"wp","href":"https:\/\/api.w.org\/{rel}","templated":true}]}}