{"id":45678,"date":"2025-04-11T04:16:59","date_gmt":"2025-04-10T21:16:59","guid":{"rendered":"https:\/\/capy-planet.com\/shop\/capyportraits-impressions-dart-sur-toile-de-capybaras-majestueux-couronne-de-fleurs-gentilshommes-et-capybaras-royaux-pour-decoration-murale-collection-de-galerie-danimaux-humoristi\/"},"modified":"2025-04-13T02:20:40","modified_gmt":"2025-04-12T19:20:40","slug":"capyportraits-impressions-dart-sur-toile-de-capybaras-majestueux-couronne-de-fleurs-gentilshommes-et-capybaras-royaux-pour-decoration-murale-collection-de-galerie-danimaux-humoristi","status":"publish","type":"product","link":"https:\/\/capy-planet.com\/fr\/shop\/capyportraits-impressions-dart-sur-toile-de-capybaras-majestueux-couronne-de-fleurs-gentilshommes-et-capybaras-royaux-pour-decoration-murale-collection-de-galerie-danimaux-humoristi\/","title":{"rendered":"CapyPortraits \u2013 Impressions d&rsquo;art de capybaras royaux | Toiles murales d\u00e9coratives avec capybaras couronn\u00e9s de fleurs, gentilshommes et capybaras royaux"},"content":{"rendered":"<p class=\"\" data-start=\"335\" data-end=\"492\">Apportez la royaut\u00e9 et l&rsquo;humour dans votre demeure avec <strong data-start=\"379\" data-end=\"397\">CapyPortraits<\/strong>, la collection d&rsquo;art mural la plus majestueuse (et ridiculement adorable) de <strong data-start=\"470\" data-end=\"485\">Capy Planet<\/strong> ! \ud83d\uddbc\ufe0f\ud83d\udc51<\/p>\n<p class=\"\" data-start=\"494\" data-end=\"762\">Mettant en sc\u00e8ne des capybaras orn\u00e9s de couronnes de fleurs, v\u00eatus de costumes victoriens, arborant des monocles et par\u00e9s de regalia royaux, ces impressions sur toile haute d\u00e9finition transforment vos murs en un palais de noblesse capybara. Parfait pour les amateurs de capybaras, les passionn\u00e9s d&rsquo;art ou quiconque appr\u00e9cie le ridicule raffin\u00e9. <\/p>\n<p class=\"\" data-start=\"764\" data-end=\"973\">Que vous d\u00e9corez un coin lecture douillet, un salon moderne, un bureau excentrique ou m\u00eame un caf\u00e9, ces estampes font une d\u00e9claration <em data-start=\"884\" data-end=\"901\">audacieuse et joyeuse<\/em>. Disponibles en plusieurs dimensions, pr\u00eates \u00e0 \u00eatre encadr\u00e9es ou accroch\u00e9es telles quelles. <\/p>\n<p class=\"\" data-start=\"975\" data-end=\"1052\">\ud83c\udf81 Constitue un cadeau unique pour les amis qui appr\u00e9cient les animaux, l&rsquo;art ou l&rsquo;\u00e9l\u00e9gance absurde.<\/p>\n<p class=\"\" data-start=\"1054\" data-end=\"1067\"><strong data-start=\"1054\" data-end=\"1067\">Caract\u00e9ristiques :<\/strong><\/p>\n<ul data-start=\"1068\" data-end=\"1338\">\n<li class=\"\" data-start=\"1068\" data-end=\"1121\">\n<p class=\"\" data-start=\"1070\" data-end=\"1121\">\ud83d\udc51 Portraits de personnages capybaras hilarants et nobles<\/p>\n<\/li>\n<li class=\"\" data-start=\"1122\" data-end=\"1165\">\n<p class=\"\" data-start=\"1124\" data-end=\"1165\">\ud83d\uddbc\ufe0f Disponibles en diverses tailles non encadr\u00e9es<\/p>\n<\/li>\n<li class=\"\" data-start=\"1166\" data-end=\"1215\">\n<p class=\"\" data-start=\"1168\" data-end=\"1215\">\ud83c\udf31 Imprim\u00e9s sur toile de qualit\u00e9 sup\u00e9rieure pour des couleurs \u00e9clatantes<\/p>\n<\/li>\n<li class=\"\" data-start=\"1216\" data-end=\"1279\">\n<p class=\"\" data-start=\"1218\" data-end=\"1279\">\ud83d\udcab Id\u00e9al pour les salons, chambres \u00e0 coucher, caf\u00e9s ou d\u00e9coration de bureau<\/p>\n<\/li>\n<li class=\"\" data-start=\"1280\" data-end=\"1338\">\n<p class=\"\" data-start=\"1282\" data-end=\"1338\">\ud83c\udfa8 Art avec personnalit\u00e9 \u2013 \u00e9gayez n&rsquo;importe quel espace avec fantaisie<\/p>\n<\/li>\n<\/ul>\n","protected":false},"excerpt":{"rendered":"<p>\ud83d\udc39\ud83d\uddbc\ufe0f <strong>CapyPortraits<\/strong> \u2013 Une collection d&rsquo;estampes humoristiques de capybaras stylis\u00e9s dans des th\u00e8mes royaux, floraux et distingu\u00e9s. D\u00e9coration murale sur toile de haute qualit\u00e9 pour des int\u00e9rieurs fantaisistes. <\/p>\n","protected":false},"featured_media":45575,"comment_status":"open","ping_status":"closed","template":"","meta":[],"product_brand":[],"product_cat":[1812],"product_tag":[1899,2432,1896,2431,2430,2433,2428,2434,2429,2427],"class_list":{"0":"post-45678","1":"product","2":"type-product","3":"status-publish","4":"has-post-thumbnail","6":"product_cat-capy-decorations-fr","7":"product_tag-affiche-de-capybara","8":"product_tag-art-animalier-floral","9":"product_tag-art-mural-de-capybara","10":"product_tag-capybara-gentleman","11":"product_tag-decoration-interieure-fantaisiste","12":"product_tag-decoration-murale-animaliere-vintage","13":"product_tag-estampes-animalieres-humoristiques","14":"product_tag-estampes-excentriques-pour-salon","15":"product_tag-peinture-de-capybara-royal","16":"product_tag-toile-de-portrait-animalier","18":"first","19":"instock","20":"sale","21":"shipping-taxable","22":"purchasable","23":"product-type-variable"},"yoast_head":"<!-- This site is optimized with the Yoast SEO plugin v27.0 - https:\/\/yoast.com\/product\/yoast-seo-wordpress\/ -->\n<title>CapyPortraits \u2013 Impressions d&#039;art de capybaras royaux | Toiles murales d\u00e9coratives avec capybaras couronn\u00e9s de fleurs, gentilshommes et capybaras royaux - Capy Planet<\/title>\n<meta name=\"description\" content=\"\ud83d\udc39\ud83d\uddbc\ufe0f CapyPortraits \u2013 Une collection d&#039;estampes humoristiques de capybaras stylis\u00e9s dans des th\u00e8mes royaux, floraux et distingu\u00e9s. D\u00e9coration murale sur toile de haute qualit\u00e9 pour des int\u00e9rieurs fantaisistes.\" \/>\n<meta name=\"robots\" content=\"index, follow, max-snippet:-1, max-image-preview:large, max-video-preview:-1\" \/>\n<link rel=\"canonical\" href=\"https:\/\/capy-planet.com\/fr\/shop\/capyportraits-impressions-dart-sur-toile-de-capybaras-majestueux-couronne-de-fleurs-gentilshommes-et-capybaras-royaux-pour-decoration-murale-collection-de-galerie-danimaux-humoristi\/\" \/>\n<meta property=\"og:locale\" content=\"fr_FR\" \/>\n<meta property=\"og:type\" content=\"article\" \/>\n<meta property=\"og:title\" content=\"CapyPortraits \u2013 Impressions d&#039;art de capybaras royaux | Toiles murales d\u00e9coratives avec capybaras couronn\u00e9s de fleurs, gentilshommes et capybaras royaux - Capy Planet\" \/>\n<meta property=\"og:description\" content=\"\ud83d\udc39\ud83d\uddbc\ufe0f CapyPortraits \u2013 Une collection d&#039;estampes humoristiques de capybaras stylis\u00e9s dans des th\u00e8mes royaux, floraux et distingu\u00e9s. D\u00e9coration murale sur toile de haute qualit\u00e9 pour des int\u00e9rieurs fantaisistes.\" \/>\n<meta property=\"og:url\" content=\"https:\/\/capy-planet.com\/fr\/shop\/capyportraits-impressions-dart-sur-toile-de-capybaras-majestueux-couronne-de-fleurs-gentilshommes-et-capybaras-royaux-pour-decoration-murale-collection-de-galerie-danimaux-humoristi\/\" \/>\n<meta property=\"og:site_name\" content=\"Capy Planet\" \/>\n<meta property=\"article:publisher\" content=\"https:\/\/www.facebook.com\/capy.planet\" \/>\n<meta property=\"article:modified_time\" content=\"2025-04-12T19:20:40+00:00\" \/>\n<meta property=\"og:image\" content=\"https:\/\/capy-planet.com\/wp-content\/uploads\/sites\/2\/2025\/04\/S648a508625384ebab95259a2b8e420a2T.webp\" \/>\n\t<meta property=\"og:image:width\" content=\"920\" \/>\n\t<meta property=\"og:image:height\" content=\"920\" \/>\n\t<meta property=\"og:image:type\" content=\"image\/webp\" \/>\n<meta name=\"twitter:card\" content=\"summary_large_image\" \/>\n<meta name=\"twitter:label1\" content=\"Dur\u00e9e de lecture estim\u00e9e\" \/>\n\t<meta name=\"twitter:data1\" content=\"1 minute\" \/>\n<script type=\"application\/ld+json\" class=\"yoast-schema-graph\">{\"@context\":\"https:\/\/schema.org\",\"@graph\":[{\"@type\":\"WebPage\",\"@id\":\"https:\/\/capy-planet.com\/fr\/shop\/capyportraits-impressions-dart-sur-toile-de-capybaras-majestueux-couronne-de-fleurs-gentilshommes-et-capybaras-royaux-pour-decoration-murale-collection-de-galerie-danimaux-humoristi\/\",\"url\":\"https:\/\/capy-planet.com\/fr\/shop\/capyportraits-impressions-dart-sur-toile-de-capybaras-majestueux-couronne-de-fleurs-gentilshommes-et-capybaras-royaux-pour-decoration-murale-collection-de-galerie-danimaux-humoristi\/\",\"name\":\"CapyPortraits \u2013 Impressions d'art de capybaras royaux | Toiles murales d\u00e9coratives avec capybaras couronn\u00e9s de fleurs, gentilshommes et capybaras royaux - Capy Planet\",\"isPartOf\":{\"@id\":\"https:\/\/capy-planet.com\/fr\/#website\"},\"primaryImageOfPage\":{\"@id\":\"https:\/\/capy-planet.com\/fr\/shop\/capyportraits-impressions-dart-sur-toile-de-capybaras-majestueux-couronne-de-fleurs-gentilshommes-et-capybaras-royaux-pour-decoration-murale-collection-de-galerie-danimaux-humoristi\/#primaryimage\"},\"image\":{\"@id\":\"https:\/\/capy-planet.com\/fr\/shop\/capyportraits-impressions-dart-sur-toile-de-capybaras-majestueux-couronne-de-fleurs-gentilshommes-et-capybaras-royaux-pour-decoration-murale-collection-de-galerie-danimaux-humoristi\/#primaryimage\"},\"thumbnailUrl\":\"https:\/\/i0.wp.com\/capy-planet.com\/wp-content\/uploads\/sites\/2\/2025\/04\/S648a508625384ebab95259a2b8e420a2T.webp?fit=920%2C920&ssl=1\",\"datePublished\":\"2025-04-10T21:16:59+00:00\",\"dateModified\":\"2025-04-12T19:20:40+00:00\",\"description\":\"\ud83d\udc39\ud83d\uddbc\ufe0f CapyPortraits \u2013 Une collection d'estampes humoristiques de capybaras stylis\u00e9s dans des th\u00e8mes royaux, floraux et distingu\u00e9s. D\u00e9coration murale sur toile de haute qualit\u00e9 pour des int\u00e9rieurs fantaisistes.\",\"breadcrumb\":{\"@id\":\"https:\/\/capy-planet.com\/fr\/shop\/capyportraits-impressions-dart-sur-toile-de-capybaras-majestueux-couronne-de-fleurs-gentilshommes-et-capybaras-royaux-pour-decoration-murale-collection-de-galerie-danimaux-humoristi\/#breadcrumb\"},\"inLanguage\":\"fr-FR\",\"potentialAction\":[{\"@type\":\"ReadAction\",\"target\":[\"https:\/\/capy-planet.com\/fr\/shop\/capyportraits-impressions-dart-sur-toile-de-capybaras-majestueux-couronne-de-fleurs-gentilshommes-et-capybaras-royaux-pour-decoration-murale-collection-de-galerie-danimaux-humoristi\/\"]}]},{\"@type\":\"ImageObject\",\"inLanguage\":\"fr-FR\",\"@id\":\"https:\/\/capy-planet.com\/fr\/shop\/capyportraits-impressions-dart-sur-toile-de-capybaras-majestueux-couronne-de-fleurs-gentilshommes-et-capybaras-royaux-pour-decoration-murale-collection-de-galerie-danimaux-humoristi\/#primaryimage\",\"url\":\"https:\/\/i0.wp.com\/capy-planet.com\/wp-content\/uploads\/sites\/2\/2025\/04\/S648a508625384ebab95259a2b8e420a2T.webp?fit=920%2C920&ssl=1\",\"contentUrl\":\"https:\/\/i0.wp.com\/capy-planet.com\/wp-content\/uploads\/sites\/2\/2025\/04\/S648a508625384ebab95259a2b8e420a2T.webp?fit=920%2C920&ssl=1\",\"width\":920,\"height\":920},{\"@type\":\"BreadcrumbList\",\"@id\":\"https:\/\/capy-planet.com\/fr\/shop\/capyportraits-impressions-dart-sur-toile-de-capybaras-majestueux-couronne-de-fleurs-gentilshommes-et-capybaras-royaux-pour-decoration-murale-collection-de-galerie-danimaux-humoristi\/#breadcrumb\",\"itemListElement\":[{\"@type\":\"ListItem\",\"position\":1,\"name\":\"Home\",\"item\":\"https:\/\/capy-planet.com\/fr\/home\/\"},{\"@type\":\"ListItem\",\"position\":2,\"name\":\"Capy Shop\",\"item\":\"https:\/\/capy-planet.com\/shop\/\"},{\"@type\":\"ListItem\",\"position\":3,\"name\":\"CapyPortraits \u2013 Impressions d&#8217;art de capybaras royaux | Toiles murales d\u00e9coratives avec capybaras couronn\u00e9s de fleurs, gentilshommes et capybaras royaux\"}]},{\"@type\":\"WebSite\",\"@id\":\"https:\/\/capy-planet.com\/fr\/#website\",\"url\":\"https:\/\/capy-planet.com\/fr\/\",\"name\":\"Capy Planet\",\"description\":\"Adoptez la vibe Capybara !\",\"publisher\":{\"@id\":\"https:\/\/capy-planet.com\/fr\/#organization\"},\"potentialAction\":[{\"@type\":\"SearchAction\",\"target\":{\"@type\":\"EntryPoint\",\"urlTemplate\":\"https:\/\/capy-planet.com\/fr\/?s={search_term_string}\"},\"query-input\":{\"@type\":\"PropertyValueSpecification\",\"valueRequired\":true,\"valueName\":\"search_term_string\"}}],\"inLanguage\":\"fr-FR\"},{\"@type\":\"Organization\",\"@id\":\"https:\/\/capy-planet.com\/fr\/#organization\",\"name\":\"Plan\u00e8te Capy\",\"url\":\"https:\/\/capy-planet.com\/fr\/\",\"logo\":{\"@type\":\"ImageObject\",\"inLanguage\":\"fr-FR\",\"@id\":\"https:\/\/capy-planet.com\/fr\/#\/schema\/logo\/image\/\",\"url\":\"https:\/\/i0.wp.com\/capy-planet.com\/wp-content\/uploads\/sites\/2\/2025\/03\/Henri_Hardillier_Capybara_face_large_smile_big_white_kawaii_eyes_c795f5d3-126d-4c2b-bf35-82751b2d63bb-2.png?fit=705%2C705&ssl=1\",\"contentUrl\":\"https:\/\/i0.wp.com\/capy-planet.com\/wp-content\/uploads\/sites\/2\/2025\/03\/Henri_Hardillier_Capybara_face_large_smile_big_white_kawaii_eyes_c795f5d3-126d-4c2b-bf35-82751b2d63bb-2.png?fit=705%2C705&ssl=1\",\"width\":705,\"height\":705,\"caption\":\"Plan\u00e8te Capy\"},\"image\":{\"@id\":\"https:\/\/capy-planet.com\/fr\/#\/schema\/logo\/image\/\"},\"sameAs\":[\"https:\/\/www.facebook.com\/capy.planet\",\"https:\/\/www.instagram.com\/capy_planet_com\"]}]}<\/script>\n<!-- \/ Yoast SEO plugin. -->","yoast_head_json":{"title":"CapyPortraits \u2013 Impressions d'art de capybaras royaux | Toiles murales d\u00e9coratives avec capybaras couronn\u00e9s de fleurs, gentilshommes et capybaras royaux - Capy Planet","description":"\ud83d\udc39\ud83d\uddbc\ufe0f CapyPortraits \u2013 Une collection d'estampes humoristiques de capybaras stylis\u00e9s dans des th\u00e8mes royaux, floraux et distingu\u00e9s. D\u00e9coration murale sur toile de haute qualit\u00e9 pour des int\u00e9rieurs fantaisistes.","robots":{"index":"index","follow":"follow","max-snippet":"max-snippet:-1","max-image-preview":"max-image-preview:large","max-video-preview":"max-video-preview:-1"},"canonical":"https:\/\/capy-planet.com\/fr\/shop\/capyportraits-impressions-dart-sur-toile-de-capybaras-majestueux-couronne-de-fleurs-gentilshommes-et-capybaras-royaux-pour-decoration-murale-collection-de-galerie-danimaux-humoristi\/","og_locale":"fr_FR","og_type":"article","og_title":"CapyPortraits \u2013 Impressions d'art de capybaras royaux | Toiles murales d\u00e9coratives avec capybaras couronn\u00e9s de fleurs, gentilshommes et capybaras royaux - Capy Planet","og_description":"\ud83d\udc39\ud83d\uddbc\ufe0f CapyPortraits \u2013 Une collection d'estampes humoristiques de capybaras stylis\u00e9s dans des th\u00e8mes royaux, floraux et distingu\u00e9s. D\u00e9coration murale sur toile de haute qualit\u00e9 pour des int\u00e9rieurs fantaisistes.","og_url":"https:\/\/capy-planet.com\/fr\/shop\/capyportraits-impressions-dart-sur-toile-de-capybaras-majestueux-couronne-de-fleurs-gentilshommes-et-capybaras-royaux-pour-decoration-murale-collection-de-galerie-danimaux-humoristi\/","og_site_name":"Capy Planet","article_publisher":"https:\/\/www.facebook.com\/capy.planet","article_modified_time":"2025-04-12T19:20:40+00:00","og_image":[{"width":920,"height":920,"url":"https:\/\/capy-planet.com\/wp-content\/uploads\/sites\/2\/2025\/04\/S648a508625384ebab95259a2b8e420a2T.webp","type":"image\/webp"}],"twitter_card":"summary_large_image","twitter_misc":{"Dur\u00e9e de lecture estim\u00e9e":"1 minute"},"schema":{"@context":"https:\/\/schema.org","@graph":[{"@type":"WebPage","@id":"https:\/\/capy-planet.com\/fr\/shop\/capyportraits-impressions-dart-sur-toile-de-capybaras-majestueux-couronne-de-fleurs-gentilshommes-et-capybaras-royaux-pour-decoration-murale-collection-de-galerie-danimaux-humoristi\/","url":"https:\/\/capy-planet.com\/fr\/shop\/capyportraits-impressions-dart-sur-toile-de-capybaras-majestueux-couronne-de-fleurs-gentilshommes-et-capybaras-royaux-pour-decoration-murale-collection-de-galerie-danimaux-humoristi\/","name":"CapyPortraits \u2013 Impressions d'art de capybaras royaux | Toiles murales d\u00e9coratives avec capybaras couronn\u00e9s de fleurs, gentilshommes et capybaras royaux - Capy Planet","isPartOf":{"@id":"https:\/\/capy-planet.com\/fr\/#website"},"primaryImageOfPage":{"@id":"https:\/\/capy-planet.com\/fr\/shop\/capyportraits-impressions-dart-sur-toile-de-capybaras-majestueux-couronne-de-fleurs-gentilshommes-et-capybaras-royaux-pour-decoration-murale-collection-de-galerie-danimaux-humoristi\/#primaryimage"},"image":{"@id":"https:\/\/capy-planet.com\/fr\/shop\/capyportraits-impressions-dart-sur-toile-de-capybaras-majestueux-couronne-de-fleurs-gentilshommes-et-capybaras-royaux-pour-decoration-murale-collection-de-galerie-danimaux-humoristi\/#primaryimage"},"thumbnailUrl":"https:\/\/i0.wp.com\/capy-planet.com\/wp-content\/uploads\/sites\/2\/2025\/04\/S648a508625384ebab95259a2b8e420a2T.webp?fit=920%2C920&ssl=1","datePublished":"2025-04-10T21:16:59+00:00","dateModified":"2025-04-12T19:20:40+00:00","description":"\ud83d\udc39\ud83d\uddbc\ufe0f CapyPortraits \u2013 Une collection d'estampes humoristiques de capybaras stylis\u00e9s dans des th\u00e8mes royaux, floraux et distingu\u00e9s. D\u00e9coration murale sur toile de haute qualit\u00e9 pour des int\u00e9rieurs fantaisistes.","breadcrumb":{"@id":"https:\/\/capy-planet.com\/fr\/shop\/capyportraits-impressions-dart-sur-toile-de-capybaras-majestueux-couronne-de-fleurs-gentilshommes-et-capybaras-royaux-pour-decoration-murale-collection-de-galerie-danimaux-humoristi\/#breadcrumb"},"inLanguage":"fr-FR","potentialAction":[{"@type":"ReadAction","target":["https:\/\/capy-planet.com\/fr\/shop\/capyportraits-impressions-dart-sur-toile-de-capybaras-majestueux-couronne-de-fleurs-gentilshommes-et-capybaras-royaux-pour-decoration-murale-collection-de-galerie-danimaux-humoristi\/"]}]},{"@type":"ImageObject","inLanguage":"fr-FR","@id":"https:\/\/capy-planet.com\/fr\/shop\/capyportraits-impressions-dart-sur-toile-de-capybaras-majestueux-couronne-de-fleurs-gentilshommes-et-capybaras-royaux-pour-decoration-murale-collection-de-galerie-danimaux-humoristi\/#primaryimage","url":"https:\/\/i0.wp.com\/capy-planet.com\/wp-content\/uploads\/sites\/2\/2025\/04\/S648a508625384ebab95259a2b8e420a2T.webp?fit=920%2C920&ssl=1","contentUrl":"https:\/\/i0.wp.com\/capy-planet.com\/wp-content\/uploads\/sites\/2\/2025\/04\/S648a508625384ebab95259a2b8e420a2T.webp?fit=920%2C920&ssl=1","width":920,"height":920},{"@type":"BreadcrumbList","@id":"https:\/\/capy-planet.com\/fr\/shop\/capyportraits-impressions-dart-sur-toile-de-capybaras-majestueux-couronne-de-fleurs-gentilshommes-et-capybaras-royaux-pour-decoration-murale-collection-de-galerie-danimaux-humoristi\/#breadcrumb","itemListElement":[{"@type":"ListItem","position":1,"name":"Home","item":"https:\/\/capy-planet.com\/fr\/home\/"},{"@type":"ListItem","position":2,"name":"Capy Shop","item":"https:\/\/capy-planet.com\/shop\/"},{"@type":"ListItem","position":3,"name":"CapyPortraits \u2013 Impressions d&#8217;art de capybaras royaux | Toiles murales d\u00e9coratives avec capybaras couronn\u00e9s de fleurs, gentilshommes et capybaras royaux"}]},{"@type":"WebSite","@id":"https:\/\/capy-planet.com\/fr\/#website","url":"https:\/\/capy-planet.com\/fr\/","name":"Capy Planet","description":"Adoptez la vibe Capybara !","publisher":{"@id":"https:\/\/capy-planet.com\/fr\/#organization"},"potentialAction":[{"@type":"SearchAction","target":{"@type":"EntryPoint","urlTemplate":"https:\/\/capy-planet.com\/fr\/?s={search_term_string}"},"query-input":{"@type":"PropertyValueSpecification","valueRequired":true,"valueName":"search_term_string"}}],"inLanguage":"fr-FR"},{"@type":"Organization","@id":"https:\/\/capy-planet.com\/fr\/#organization","name":"Plan\u00e8te Capy","url":"https:\/\/capy-planet.com\/fr\/","logo":{"@type":"ImageObject","inLanguage":"fr-FR","@id":"https:\/\/capy-planet.com\/fr\/#\/schema\/logo\/image\/","url":"https:\/\/i0.wp.com\/capy-planet.com\/wp-content\/uploads\/sites\/2\/2025\/03\/Henri_Hardillier_Capybara_face_large_smile_big_white_kawaii_eyes_c795f5d3-126d-4c2b-bf35-82751b2d63bb-2.png?fit=705%2C705&ssl=1","contentUrl":"https:\/\/i0.wp.com\/capy-planet.com\/wp-content\/uploads\/sites\/2\/2025\/03\/Henri_Hardillier_Capybara_face_large_smile_big_white_kawaii_eyes_c795f5d3-126d-4c2b-bf35-82751b2d63bb-2.png?fit=705%2C705&ssl=1","width":705,"height":705,"caption":"Plan\u00e8te Capy"},"image":{"@id":"https:\/\/capy-planet.com\/fr\/#\/schema\/logo\/image\/"},"sameAs":["https:\/\/www.facebook.com\/capy.planet","https:\/\/www.instagram.com\/capy_planet_com"]}]}},"jetpack_sharing_enabled":true,"_links":{"self":[{"href":"https:\/\/capy-planet.com\/fr\/wp-json\/wp\/v2\/product\/45678","targetHints":{"allow":["GET"]}}],"collection":[{"href":"https:\/\/capy-planet.com\/fr\/wp-json\/wp\/v2\/product"}],"about":[{"href":"https:\/\/capy-planet.com\/fr\/wp-json\/wp\/v2\/types\/product"}],"replies":[{"embeddable":true,"href":"https:\/\/capy-planet.com\/fr\/wp-json\/wp\/v2\/comments?post=45678"}],"wp:featuredmedia":[{"embeddable":true,"href":"https:\/\/capy-planet.com\/fr\/wp-json\/wp\/v2\/media\/45575"}],"wp:attachment":[{"href":"https:\/\/capy-planet.com\/fr\/wp-json\/wp\/v2\/media?parent=45678"}],"wp:term":[{"taxonomy":"product_brand","embeddable":true,"href":"https:\/\/capy-planet.com\/fr\/wp-json\/wp\/v2\/product_brand?post=45678"},{"taxonomy":"product_cat","embeddable":true,"href":"https:\/\/capy-planet.com\/fr\/wp-json\/wp\/v2\/product_cat?post=45678"},{"taxonomy":"product_tag","embeddable":true,"href":"https:\/\/capy-planet.com\/fr\/wp-json\/wp\/v2\/product_tag?post=45678"}],"curies":[{"name":"wp","href":"https:\/\/api.w.org\/{rel}","templated":true}]}}