{"id":45427,"date":"2025-04-11T04:01:32","date_gmt":"2025-04-10T21:01:32","guid":{"rendered":"https:\/\/capy-planet.com\/shop\/capycush-mini-peluche-capybara-assise-jouet-collector-ultra-doux-de-16-cm-pour-enfants-et-amateurs-de-kawaii\/"},"modified":"2025-04-13T06:05:53","modified_gmt":"2025-04-12T23:05:53","slug":"capycush-mini-peluche-capybara-assise-jouet-collector-ultra-doux-de-16-cm-pour-enfants-et-amateurs-de-kawaii","status":"publish","type":"product","link":"https:\/\/capy-planet.com\/fr\/shop\/capycush-mini-peluche-capybara-assise-jouet-collector-ultra-doux-de-16-cm-pour-enfants-et-amateurs-de-kawaii\/","title":{"rendered":"CapyCush Mini \u2013 Peluche Capybara Assise | Jouet Collector Ultra-Doux de 16 cm pour Enfants et Amateurs de Kawaii"},"content":{"rendered":"<p class=\"\" data-start=\"373\" data-end=\"624\">Faites la connaissance du roi du calme et de la mignonnerie : la poup\u00e9e en peluche <strong data-start=\"421\" data-end=\"439\">CapyCush Mini<\/strong> ! Avec ses 16 cm de pure douceur c\u00e2line, ce petit capybara assis est <em data-start=\"522\" data-end=\"548\">le compagnon de bureau miniature par excellence<\/em>, le r\u00e9confort pour l&rsquo;heure du coucher et le favori des collectionneurs pour les amateurs de capybaras de tous \u00e2ges. <\/p>\n<p class=\"\" data-start=\"626\" data-end=\"973\">Confectionn\u00e9e avec une fausse fourrure douce comme du velours, une broderie soign\u00e9e et un ventre irr\u00e9sistiblement dodu, cette peluche offre un gros c\u00e2lin dans un format petit et portable. Que vous constituiez une arm\u00e9e de peluches, offriez un adorable capybara \u00e0 votre meilleur(e) ami(e) ou ajoutiez de la personnalit\u00e9 \u00e0 votre biblioth\u00e8que, le <strong data-start=\"890\" data-end=\"908\">CapyCush Mini<\/strong> apporte des ondes paisibles et un style douillet dans un seul paquet aux yeux endormis. <\/p>\n<p class=\"\" data-start=\"975\" data-end=\"1004\">\ud83c\udf1f <strong data-start=\"978\" data-end=\"1002\">Points forts du CapyCush<\/strong><\/p>\n<ul data-start=\"1005\" data-end=\"1254\">\n<li class=\"\" data-start=\"1005\" data-end=\"1044\">\n<p class=\"\" data-start=\"1007\" data-end=\"1044\">\u2728 16 cm de hauteur \u2013 la perfection \u00e0 la taille de la paume<\/p>\n<\/li>\n<li class=\"\" data-start=\"1045\" data-end=\"1087\">\n<p class=\"\" data-start=\"1047\" data-end=\"1087\">\ud83e\uddf5 Coutures durables et textures riches<\/p>\n<\/li>\n<li class=\"\" data-start=\"1088\" data-end=\"1145\">\n<p class=\"\" data-start=\"1090\" data-end=\"1145\">\ud83d\udc39 Visage r\u00e9aliste de capybara avec un sourire endormi kawaii<\/p>\n<\/li>\n<li class=\"\" data-start=\"1146\" data-end=\"1192\">\n<p class=\"\" data-start=\"1148\" data-end=\"1192\">\ud83d\udc3e Base lest\u00e9e pour une pose assise stable<\/p>\n<\/li>\n<li class=\"\" data-start=\"1193\" data-end=\"1254\">\n<p class=\"\" data-start=\"1195\" data-end=\"1254\">\ud83c\udf81 Cadeau id\u00e9al pour les anniversaires, les amateurs de peluches et les collectionneurs<\/p>\n<\/li>\n<\/ul>\n<p class=\"\" data-start=\"1256\" data-end=\"1356\">Ajoutez une petite touche de d\u00e9tente \u00e0 votre monde avec ce compagnon en peluche miniature. Qui a dit que le calme ne pouvait pas \u00eatre mignon ? <\/p>\n","protected":false},"excerpt":{"rendered":"<p class=\"\" data-start=\"1398\" data-end=\"1532\"><strong>\ud83c\udf1f CapyCush Mini<\/strong> \u2013 Un jouet en peluche de capybara assis de 16 cm con\u00e7u pour les c\u00e2lins, l&rsquo;ambiance apaisante et les collectionneurs kawaii. Le cadeau parfait de la taille d&rsquo;une paume ! <\/p>\n","protected":false},"featured_media":45416,"comment_status":"open","ping_status":"closed","template":"","meta":[],"product_brand":[],"product_cat":[455],"product_tag":[1090,2331,2334,2330,2327,2328,507,2332,2333,2329],"class_list":{"0":"post-45427","1":"product","2":"type-product","3":"status-publish","4":"has-post-thumbnail","6":"product_cat-capy-plushies-fr","7":"product_tag-animal-en-peluche-kawaii","8":"product_tag-cadeau-capybara-pour-enfants","9":"product_tag-decoration-kawaii","10":"product_tag-jouet-animal-doux","11":"product_tag-jouet-capybara-assis","12":"product_tag-mini-capybara-en-peluche","13":"product_tag-capybara-plush-fr","14":"product_tag-peluche-de-poche","15":"product_tag-peluche-mignonne-danimal-endormi","16":"product_tag-poupee-en-peluche-de-collection","18":"first","19":"instock","20":"sale","21":"shipping-taxable","22":"purchasable","23":"product-type-variable","24":"has-default-attributes"},"yoast_head":"<!-- This site is optimized with the Yoast SEO plugin v27.0 - https:\/\/yoast.com\/product\/yoast-seo-wordpress\/ -->\n<title>CapyCush Mini \u2013 Peluche Capybara Assise | Jouet Collector Ultra-Doux de 16 cm pour Enfants et Amateurs de Kawaii - Capy Planet<\/title>\n<meta name=\"description\" content=\"\ud83c\udf1f CapyCush Mini: Peluche capybara 16cm pour c\u00e2lins et collection. Cadeau id\u00e9al!\" \/>\n<meta name=\"robots\" content=\"index, follow, max-snippet:-1, max-image-preview:large, max-video-preview:-1\" \/>\n<link rel=\"canonical\" href=\"https:\/\/capy-planet.com\/fr\/shop\/capycush-mini-peluche-capybara-assise-jouet-collector-ultra-doux-de-16-cm-pour-enfants-et-amateurs-de-kawaii\/\" \/>\n<meta property=\"og:locale\" content=\"fr_FR\" \/>\n<meta property=\"og:type\" content=\"article\" \/>\n<meta property=\"og:title\" content=\"CapyCush Mini \u2013 Peluche Capybara Assise | Jouet Collector Ultra-Doux de 16 cm pour Enfants et Amateurs de Kawaii - Capy Planet\" \/>\n<meta property=\"og:description\" content=\"\ud83c\udf1f CapyCush Mini: Peluche capybara 16cm pour c\u00e2lins et collection. Cadeau id\u00e9al!\" \/>\n<meta property=\"og:url\" content=\"https:\/\/capy-planet.com\/fr\/shop\/capycush-mini-peluche-capybara-assise-jouet-collector-ultra-doux-de-16-cm-pour-enfants-et-amateurs-de-kawaii\/\" \/>\n<meta property=\"og:site_name\" content=\"Capy Planet\" \/>\n<meta property=\"article:publisher\" content=\"https:\/\/www.facebook.com\/capy.planet\" \/>\n<meta property=\"article:modified_time\" content=\"2025-04-12T23:05:53+00:00\" \/>\n<meta property=\"og:image\" content=\"https:\/\/capy-planet.com\/wp-content\/uploads\/sites\/2\/2025\/04\/S8ad1adc907944ac7adae87751d01e4a92.webp\" \/>\n\t<meta property=\"og:image:width\" content=\"800\" \/>\n\t<meta property=\"og:image:height\" content=\"800\" \/>\n\t<meta property=\"og:image:type\" content=\"image\/webp\" \/>\n<meta name=\"twitter:card\" content=\"summary_large_image\" \/>\n<meta name=\"twitter:label1\" content=\"Dur\u00e9e de lecture estim\u00e9e\" \/>\n\t<meta name=\"twitter:data1\" content=\"1 minute\" \/>\n<script type=\"application\/ld+json\" class=\"yoast-schema-graph\">{\"@context\":\"https:\/\/schema.org\",\"@graph\":[{\"@type\":\"WebPage\",\"@id\":\"https:\/\/capy-planet.com\/fr\/shop\/capycush-mini-peluche-capybara-assise-jouet-collector-ultra-doux-de-16-cm-pour-enfants-et-amateurs-de-kawaii\/\",\"url\":\"https:\/\/capy-planet.com\/fr\/shop\/capycush-mini-peluche-capybara-assise-jouet-collector-ultra-doux-de-16-cm-pour-enfants-et-amateurs-de-kawaii\/\",\"name\":\"CapyCush Mini \u2013 Peluche Capybara Assise | Jouet Collector Ultra-Doux de 16 cm pour Enfants et Amateurs de Kawaii - Capy Planet\",\"isPartOf\":{\"@id\":\"https:\/\/capy-planet.com\/fr\/#website\"},\"primaryImageOfPage\":{\"@id\":\"https:\/\/capy-planet.com\/fr\/shop\/capycush-mini-peluche-capybara-assise-jouet-collector-ultra-doux-de-16-cm-pour-enfants-et-amateurs-de-kawaii\/#primaryimage\"},\"image\":{\"@id\":\"https:\/\/capy-planet.com\/fr\/shop\/capycush-mini-peluche-capybara-assise-jouet-collector-ultra-doux-de-16-cm-pour-enfants-et-amateurs-de-kawaii\/#primaryimage\"},\"thumbnailUrl\":\"https:\/\/i0.wp.com\/capy-planet.com\/wp-content\/uploads\/sites\/2\/2025\/04\/S8ad1adc907944ac7adae87751d01e4a92.webp?fit=800%2C800&ssl=1\",\"datePublished\":\"2025-04-10T21:01:32+00:00\",\"dateModified\":\"2025-04-12T23:05:53+00:00\",\"description\":\"\ud83c\udf1f CapyCush Mini: Peluche capybara 16cm pour c\u00e2lins et collection. Cadeau id\u00e9al!\",\"breadcrumb\":{\"@id\":\"https:\/\/capy-planet.com\/fr\/shop\/capycush-mini-peluche-capybara-assise-jouet-collector-ultra-doux-de-16-cm-pour-enfants-et-amateurs-de-kawaii\/#breadcrumb\"},\"inLanguage\":\"fr-FR\",\"potentialAction\":[{\"@type\":\"ReadAction\",\"target\":[\"https:\/\/capy-planet.com\/fr\/shop\/capycush-mini-peluche-capybara-assise-jouet-collector-ultra-doux-de-16-cm-pour-enfants-et-amateurs-de-kawaii\/\"]}]},{\"@type\":\"ImageObject\",\"inLanguage\":\"fr-FR\",\"@id\":\"https:\/\/capy-planet.com\/fr\/shop\/capycush-mini-peluche-capybara-assise-jouet-collector-ultra-doux-de-16-cm-pour-enfants-et-amateurs-de-kawaii\/#primaryimage\",\"url\":\"https:\/\/i0.wp.com\/capy-planet.com\/wp-content\/uploads\/sites\/2\/2025\/04\/S8ad1adc907944ac7adae87751d01e4a92.webp?fit=800%2C800&ssl=1\",\"contentUrl\":\"https:\/\/i0.wp.com\/capy-planet.com\/wp-content\/uploads\/sites\/2\/2025\/04\/S8ad1adc907944ac7adae87751d01e4a92.webp?fit=800%2C800&ssl=1\",\"width\":800,\"height\":800},{\"@type\":\"BreadcrumbList\",\"@id\":\"https:\/\/capy-planet.com\/fr\/shop\/capycush-mini-peluche-capybara-assise-jouet-collector-ultra-doux-de-16-cm-pour-enfants-et-amateurs-de-kawaii\/#breadcrumb\",\"itemListElement\":[{\"@type\":\"ListItem\",\"position\":1,\"name\":\"Home\",\"item\":\"https:\/\/capy-planet.com\/fr\/home\/\"},{\"@type\":\"ListItem\",\"position\":2,\"name\":\"Capy Shop\",\"item\":\"https:\/\/capy-planet.com\/shop\/\"},{\"@type\":\"ListItem\",\"position\":3,\"name\":\"CapyCush Mini \u2013 Peluche Capybara Assise | Jouet Collector Ultra-Doux de 16 cm pour Enfants et Amateurs de Kawaii\"}]},{\"@type\":\"WebSite\",\"@id\":\"https:\/\/capy-planet.com\/fr\/#website\",\"url\":\"https:\/\/capy-planet.com\/fr\/\",\"name\":\"Capy Planet\",\"description\":\"Adoptez la vibe Capybara !\",\"publisher\":{\"@id\":\"https:\/\/capy-planet.com\/fr\/#organization\"},\"potentialAction\":[{\"@type\":\"SearchAction\",\"target\":{\"@type\":\"EntryPoint\",\"urlTemplate\":\"https:\/\/capy-planet.com\/fr\/?s={search_term_string}\"},\"query-input\":{\"@type\":\"PropertyValueSpecification\",\"valueRequired\":true,\"valueName\":\"search_term_string\"}}],\"inLanguage\":\"fr-FR\"},{\"@type\":\"Organization\",\"@id\":\"https:\/\/capy-planet.com\/fr\/#organization\",\"name\":\"Plan\u00e8te Capy\",\"url\":\"https:\/\/capy-planet.com\/fr\/\",\"logo\":{\"@type\":\"ImageObject\",\"inLanguage\":\"fr-FR\",\"@id\":\"https:\/\/capy-planet.com\/fr\/#\/schema\/logo\/image\/\",\"url\":\"https:\/\/i0.wp.com\/capy-planet.com\/wp-content\/uploads\/sites\/2\/2025\/03\/Henri_Hardillier_Capybara_face_large_smile_big_white_kawaii_eyes_c795f5d3-126d-4c2b-bf35-82751b2d63bb-2.png?fit=705%2C705&ssl=1\",\"contentUrl\":\"https:\/\/i0.wp.com\/capy-planet.com\/wp-content\/uploads\/sites\/2\/2025\/03\/Henri_Hardillier_Capybara_face_large_smile_big_white_kawaii_eyes_c795f5d3-126d-4c2b-bf35-82751b2d63bb-2.png?fit=705%2C705&ssl=1\",\"width\":705,\"height\":705,\"caption\":\"Plan\u00e8te Capy\"},\"image\":{\"@id\":\"https:\/\/capy-planet.com\/fr\/#\/schema\/logo\/image\/\"},\"sameAs\":[\"https:\/\/www.facebook.com\/capy.planet\",\"https:\/\/www.instagram.com\/capy_planet_com\"]}]}<\/script>\n<!-- \/ Yoast SEO plugin. -->","yoast_head_json":{"title":"CapyCush Mini \u2013 Peluche Capybara Assise | Jouet Collector Ultra-Doux de 16 cm pour Enfants et Amateurs de Kawaii - Capy Planet","description":"\ud83c\udf1f CapyCush Mini: Peluche capybara 16cm pour c\u00e2lins et collection. Cadeau id\u00e9al!","robots":{"index":"index","follow":"follow","max-snippet":"max-snippet:-1","max-image-preview":"max-image-preview:large","max-video-preview":"max-video-preview:-1"},"canonical":"https:\/\/capy-planet.com\/fr\/shop\/capycush-mini-peluche-capybara-assise-jouet-collector-ultra-doux-de-16-cm-pour-enfants-et-amateurs-de-kawaii\/","og_locale":"fr_FR","og_type":"article","og_title":"CapyCush Mini \u2013 Peluche Capybara Assise | Jouet Collector Ultra-Doux de 16 cm pour Enfants et Amateurs de Kawaii - Capy Planet","og_description":"\ud83c\udf1f CapyCush Mini: Peluche capybara 16cm pour c\u00e2lins et collection. Cadeau id\u00e9al!","og_url":"https:\/\/capy-planet.com\/fr\/shop\/capycush-mini-peluche-capybara-assise-jouet-collector-ultra-doux-de-16-cm-pour-enfants-et-amateurs-de-kawaii\/","og_site_name":"Capy Planet","article_publisher":"https:\/\/www.facebook.com\/capy.planet","article_modified_time":"2025-04-12T23:05:53+00:00","og_image":[{"width":800,"height":800,"url":"https:\/\/capy-planet.com\/wp-content\/uploads\/sites\/2\/2025\/04\/S8ad1adc907944ac7adae87751d01e4a92.webp","type":"image\/webp"}],"twitter_card":"summary_large_image","twitter_misc":{"Dur\u00e9e de lecture estim\u00e9e":"1 minute"},"schema":{"@context":"https:\/\/schema.org","@graph":[{"@type":"WebPage","@id":"https:\/\/capy-planet.com\/fr\/shop\/capycush-mini-peluche-capybara-assise-jouet-collector-ultra-doux-de-16-cm-pour-enfants-et-amateurs-de-kawaii\/","url":"https:\/\/capy-planet.com\/fr\/shop\/capycush-mini-peluche-capybara-assise-jouet-collector-ultra-doux-de-16-cm-pour-enfants-et-amateurs-de-kawaii\/","name":"CapyCush Mini \u2013 Peluche Capybara Assise | Jouet Collector Ultra-Doux de 16 cm pour Enfants et Amateurs de Kawaii - Capy Planet","isPartOf":{"@id":"https:\/\/capy-planet.com\/fr\/#website"},"primaryImageOfPage":{"@id":"https:\/\/capy-planet.com\/fr\/shop\/capycush-mini-peluche-capybara-assise-jouet-collector-ultra-doux-de-16-cm-pour-enfants-et-amateurs-de-kawaii\/#primaryimage"},"image":{"@id":"https:\/\/capy-planet.com\/fr\/shop\/capycush-mini-peluche-capybara-assise-jouet-collector-ultra-doux-de-16-cm-pour-enfants-et-amateurs-de-kawaii\/#primaryimage"},"thumbnailUrl":"https:\/\/i0.wp.com\/capy-planet.com\/wp-content\/uploads\/sites\/2\/2025\/04\/S8ad1adc907944ac7adae87751d01e4a92.webp?fit=800%2C800&ssl=1","datePublished":"2025-04-10T21:01:32+00:00","dateModified":"2025-04-12T23:05:53+00:00","description":"\ud83c\udf1f CapyCush Mini: Peluche capybara 16cm pour c\u00e2lins et collection. Cadeau id\u00e9al!","breadcrumb":{"@id":"https:\/\/capy-planet.com\/fr\/shop\/capycush-mini-peluche-capybara-assise-jouet-collector-ultra-doux-de-16-cm-pour-enfants-et-amateurs-de-kawaii\/#breadcrumb"},"inLanguage":"fr-FR","potentialAction":[{"@type":"ReadAction","target":["https:\/\/capy-planet.com\/fr\/shop\/capycush-mini-peluche-capybara-assise-jouet-collector-ultra-doux-de-16-cm-pour-enfants-et-amateurs-de-kawaii\/"]}]},{"@type":"ImageObject","inLanguage":"fr-FR","@id":"https:\/\/capy-planet.com\/fr\/shop\/capycush-mini-peluche-capybara-assise-jouet-collector-ultra-doux-de-16-cm-pour-enfants-et-amateurs-de-kawaii\/#primaryimage","url":"https:\/\/i0.wp.com\/capy-planet.com\/wp-content\/uploads\/sites\/2\/2025\/04\/S8ad1adc907944ac7adae87751d01e4a92.webp?fit=800%2C800&ssl=1","contentUrl":"https:\/\/i0.wp.com\/capy-planet.com\/wp-content\/uploads\/sites\/2\/2025\/04\/S8ad1adc907944ac7adae87751d01e4a92.webp?fit=800%2C800&ssl=1","width":800,"height":800},{"@type":"BreadcrumbList","@id":"https:\/\/capy-planet.com\/fr\/shop\/capycush-mini-peluche-capybara-assise-jouet-collector-ultra-doux-de-16-cm-pour-enfants-et-amateurs-de-kawaii\/#breadcrumb","itemListElement":[{"@type":"ListItem","position":1,"name":"Home","item":"https:\/\/capy-planet.com\/fr\/home\/"},{"@type":"ListItem","position":2,"name":"Capy Shop","item":"https:\/\/capy-planet.com\/shop\/"},{"@type":"ListItem","position":3,"name":"CapyCush Mini \u2013 Peluche Capybara Assise | Jouet Collector Ultra-Doux de 16 cm pour Enfants et Amateurs de Kawaii"}]},{"@type":"WebSite","@id":"https:\/\/capy-planet.com\/fr\/#website","url":"https:\/\/capy-planet.com\/fr\/","name":"Capy Planet","description":"Adoptez la vibe Capybara !","publisher":{"@id":"https:\/\/capy-planet.com\/fr\/#organization"},"potentialAction":[{"@type":"SearchAction","target":{"@type":"EntryPoint","urlTemplate":"https:\/\/capy-planet.com\/fr\/?s={search_term_string}"},"query-input":{"@type":"PropertyValueSpecification","valueRequired":true,"valueName":"search_term_string"}}],"inLanguage":"fr-FR"},{"@type":"Organization","@id":"https:\/\/capy-planet.com\/fr\/#organization","name":"Plan\u00e8te Capy","url":"https:\/\/capy-planet.com\/fr\/","logo":{"@type":"ImageObject","inLanguage":"fr-FR","@id":"https:\/\/capy-planet.com\/fr\/#\/schema\/logo\/image\/","url":"https:\/\/i0.wp.com\/capy-planet.com\/wp-content\/uploads\/sites\/2\/2025\/03\/Henri_Hardillier_Capybara_face_large_smile_big_white_kawaii_eyes_c795f5d3-126d-4c2b-bf35-82751b2d63bb-2.png?fit=705%2C705&ssl=1","contentUrl":"https:\/\/i0.wp.com\/capy-planet.com\/wp-content\/uploads\/sites\/2\/2025\/03\/Henri_Hardillier_Capybara_face_large_smile_big_white_kawaii_eyes_c795f5d3-126d-4c2b-bf35-82751b2d63bb-2.png?fit=705%2C705&ssl=1","width":705,"height":705,"caption":"Plan\u00e8te Capy"},"image":{"@id":"https:\/\/capy-planet.com\/fr\/#\/schema\/logo\/image\/"},"sameAs":["https:\/\/www.facebook.com\/capy.planet","https:\/\/www.instagram.com\/capy_planet_com"]}]}},"jetpack_sharing_enabled":true,"_links":{"self":[{"href":"https:\/\/capy-planet.com\/fr\/wp-json\/wp\/v2\/product\/45427","targetHints":{"allow":["GET"]}}],"collection":[{"href":"https:\/\/capy-planet.com\/fr\/wp-json\/wp\/v2\/product"}],"about":[{"href":"https:\/\/capy-planet.com\/fr\/wp-json\/wp\/v2\/types\/product"}],"replies":[{"embeddable":true,"href":"https:\/\/capy-planet.com\/fr\/wp-json\/wp\/v2\/comments?post=45427"}],"wp:featuredmedia":[{"embeddable":true,"href":"https:\/\/capy-planet.com\/fr\/wp-json\/wp\/v2\/media\/45416"}],"wp:attachment":[{"href":"https:\/\/capy-planet.com\/fr\/wp-json\/wp\/v2\/media?parent=45427"}],"wp:term":[{"taxonomy":"product_brand","embeddable":true,"href":"https:\/\/capy-planet.com\/fr\/wp-json\/wp\/v2\/product_brand?post=45427"},{"taxonomy":"product_cat","embeddable":true,"href":"https:\/\/capy-planet.com\/fr\/wp-json\/wp\/v2\/product_cat?post=45427"},{"taxonomy":"product_tag","embeddable":true,"href":"https:\/\/capy-planet.com\/fr\/wp-json\/wp\/v2\/product_tag?post=45427"}],"curies":[{"name":"wp","href":"https:\/\/api.w.org\/{rel}","templated":true}]}}