{"id":45400,"date":"2025-04-11T03:57:07","date_gmt":"2025-04-10T20:57:07","guid":{"rendered":"https:\/\/capy-planet.com\/shop\/capyhugger-oreiller-corporel-capybara-xxl-coussin-en-peluche-ultra-doux-pour-calins-sommeil-et-ambiance-decontractee-70-120-cm\/"},"modified":"2025-04-13T02:20:38","modified_gmt":"2025-04-12T19:20:38","slug":"capyhugger-oreiller-corporel-capybara-xxl-coussin-en-peluche-ultra-doux-pour-calins-sommeil-et-ambiance-decontractee-70-120-cm","status":"publish","type":"product","link":"https:\/\/capy-planet.com\/fr\/shop\/capyhugger-oreiller-corporel-capybara-xxl-coussin-en-peluche-ultra-doux-pour-calins-sommeil-et-ambiance-decontractee-70-120-cm\/","title":{"rendered":"CapyHugger \u2013 Oreiller corporel XXL en forme de capybara | Traversin en peluche ultra-doux pour c\u00e2lins et sommeil (70-120 cm)"},"content":{"rendered":"<p class=\"\" data-start=\"350\" data-end=\"610\">La saison des c\u00e2lins vient de s&rsquo;am\u00e9liorer ! Faites la connaissance de <strong data-start=\"391\" data-end=\"406\">CapyHugger<\/strong>, l&rsquo;oreiller corporel en forme de capybara le plus c\u00e2lin que votre lit ait jamais vu. Disponible en 70 cm, 90 cm, ou un impressionnant 120 cm, ce compagnon en peluche ultra-doux offre un confort maximal et de s\u00e9rieuses augmentations de s\u00e9rotonine.  <\/p>\n<p class=\"\" data-start=\"612\" data-end=\"927\">Con\u00e7u avec un rembourrage hypoallerg\u00e9nique de qualit\u00e9 sup\u00e9rieure et le tissu polaire le plus doux, <strong>CapyHugger<\/strong> est plus qu&rsquo;un oreiller \u2014 c&rsquo;est un style de vie. Que vous soyez un dormeur lat\u00e9ral chronique, un collectionneur de peluches r\u00e9confortantes, ou simplement obs\u00e9d\u00e9 par les capybaras (ne le sommes-nous pas tous ?), ce traversin est l&rsquo;ajout ultime \u00e0 votre sanctuaire de douceur. <\/p>\n<p class=\"\" data-start=\"929\" data-end=\"968\">\ud83e\udde1 <strong data-start=\"932\" data-end=\"966\">Pourquoi CapyHugger est un incontournable<\/strong><\/p>\n<ul data-start=\"969\" data-end=\"1321\">\n<li class=\"\" data-start=\"969\" data-end=\"1036\">\n<p class=\"\" data-start=\"971\" data-end=\"1036\">\ud83d\udc39 Visage de capybara adorablement r\u00e9aliste + petits pieds = joie instantan\u00e9e<\/p>\n<\/li>\n<li class=\"\" data-start=\"1037\" data-end=\"1093\">\n<p class=\"\" data-start=\"1039\" data-end=\"1093\">\ud83d\udccf Disponible en 3 tailles dignes de c\u00e2lins : 70 cm, 90 cm, 120 cm<\/p>\n<\/li>\n<li class=\"\" data-start=\"1094\" data-end=\"1165\">\n<p class=\"\" data-start=\"1096\" data-end=\"1165\">\ud83d\udecf\ufe0f Id\u00e9al pour le sommeil, le soutien des jambes, le soulagement de l&rsquo;anxi\u00e9t\u00e9 ou les marathons cin\u00e9matographiques<\/p>\n<\/li>\n<li class=\"\" data-start=\"1166\" data-end=\"1231\">\n<p class=\"\" data-start=\"1168\" data-end=\"1231\">\ud83c\udf31 Peluche hypoallerg\u00e9nique et respirante \u2014 douce pour tous les types de peau<\/p>\n<\/li>\n<li class=\"\" data-start=\"1232\" data-end=\"1321\">\n<p class=\"\" data-start=\"1234\" data-end=\"1321\">\ud83c\udf81 Meilleur cadeau pour les amateurs de capybaras, les collectionneurs de peluches, ou quiconque m\u00e9rite un c\u00e2lin douillet<\/p>\n<\/li>\n<\/ul>\n<p class=\"\" data-start=\"1323\" data-end=\"1433\">Ramenez chez vous un oreiller qui <em data-start=\"1348\" data-end=\"1364\">vous aime en retour<\/em> \u2014 <strong>CapyHugger<\/strong> est pr\u00eat \u00e0 s&rsquo;allonger et \u00e0 soutenir vos r\u00eaves. Litt\u00e9ralement. <\/p>\n","protected":false},"excerpt":{"rendered":"<p><strong>\ud83e\udde1 CapyHugger<\/strong> \u2013 Oreiller corporel XXL de capybara ultra-doux pour le sommeil et le confort. Disponible en 70 cm\u2013120 cm. Douillet, mignon et parfait pour les admirateurs de capybaras !  <\/p>\n","protected":false},"featured_media":45347,"comment_status":"open","ping_status":"closed","template":"","meta":[],"product_brand":[],"product_cat":[455],"product_tag":[2172,666,2301,546,2302,2304,2299,2303,2300,742],"class_list":{"0":"post-45400","1":"product","2":"type-product","3":"status-publish","4":"has-post-thumbnail","6":"product_cat-capy-plushies-fr","7":"product_tag-animal-en-peluche-geant","8":"product_tag-capybara-gift-fr","9":"product_tag-coussin-traversin-animalier","10":"product_tag-kawaii-room-decor-fr","11":"product_tag-jouet-en-peluche-long","12":"product_tag-oreiller-animalier-calin","13":"product_tag-oreiller-corporel-capybara","14":"product_tag-oreiller-de-soutien-pour-le-sommeil","15":"product_tag-peluche-capybara-kawaii","16":"product_tag-anxiety-relief-plush-fr","18":"first","19":"instock","20":"sale","21":"shipping-taxable","22":"purchasable","23":"product-type-variable"},"yoast_head":"<!-- This site is optimized with the Yoast SEO plugin v27.0 - https:\/\/yoast.com\/product\/yoast-seo-wordpress\/ -->\n<title>CapyHugger \u2013 Oreiller corporel XXL en forme de capybara | Traversin en peluche ultra-doux pour c\u00e2lins et sommeil (70-120 cm) - Capy Planet<\/title>\n<meta name=\"description\" content=\"\ud83e\udde1 CapyHugger \u2013 Oreiller XXL capybara doux. 70-120cm. Confortable, mignon, id\u00e9al pour fans!\" \/>\n<meta name=\"robots\" content=\"index, follow, max-snippet:-1, max-image-preview:large, max-video-preview:-1\" \/>\n<link rel=\"canonical\" href=\"https:\/\/capy-planet.com\/fr\/shop\/capyhugger-oreiller-corporel-capybara-xxl-coussin-en-peluche-ultra-doux-pour-calins-sommeil-et-ambiance-decontractee-70-120-cm\/\" \/>\n<meta property=\"og:locale\" content=\"fr_FR\" \/>\n<meta property=\"og:type\" content=\"article\" \/>\n<meta property=\"og:title\" content=\"CapyHugger \u2013 Oreiller corporel XXL en forme de capybara | Traversin en peluche ultra-doux pour c\u00e2lins et sommeil (70-120 cm) - Capy Planet\" \/>\n<meta property=\"og:description\" content=\"\ud83e\udde1 CapyHugger \u2013 Oreiller XXL capybara doux. 70-120cm. Confortable, mignon, id\u00e9al pour fans!\" \/>\n<meta property=\"og:url\" content=\"https:\/\/capy-planet.com\/fr\/shop\/capyhugger-oreiller-corporel-capybara-xxl-coussin-en-peluche-ultra-doux-pour-calins-sommeil-et-ambiance-decontractee-70-120-cm\/\" \/>\n<meta property=\"og:site_name\" content=\"Capy Planet\" \/>\n<meta property=\"article:publisher\" content=\"https:\/\/www.facebook.com\/capy.planet\" \/>\n<meta property=\"article:modified_time\" content=\"2025-04-12T19:20:38+00:00\" \/>\n<meta property=\"og:image\" content=\"https:\/\/capy-planet.com\/wp-content\/uploads\/sites\/2\/2025\/04\/S996d4b7a6ddb4cf0b66455703d45f333W.webp\" \/>\n\t<meta property=\"og:image:width\" content=\"800\" \/>\n\t<meta property=\"og:image:height\" content=\"800\" \/>\n\t<meta property=\"og:image:type\" content=\"image\/webp\" \/>\n<meta name=\"twitter:card\" content=\"summary_large_image\" \/>\n<meta name=\"twitter:label1\" content=\"Dur\u00e9e de lecture estim\u00e9e\" \/>\n\t<meta name=\"twitter:data1\" content=\"1 minute\" \/>\n<script type=\"application\/ld+json\" class=\"yoast-schema-graph\">{\"@context\":\"https:\/\/schema.org\",\"@graph\":[{\"@type\":\"WebPage\",\"@id\":\"https:\/\/capy-planet.com\/fr\/shop\/capyhugger-oreiller-corporel-capybara-xxl-coussin-en-peluche-ultra-doux-pour-calins-sommeil-et-ambiance-decontractee-70-120-cm\/\",\"url\":\"https:\/\/capy-planet.com\/fr\/shop\/capyhugger-oreiller-corporel-capybara-xxl-coussin-en-peluche-ultra-doux-pour-calins-sommeil-et-ambiance-decontractee-70-120-cm\/\",\"name\":\"CapyHugger \u2013 Oreiller corporel XXL en forme de capybara | Traversin en peluche ultra-doux pour c\u00e2lins et sommeil (70-120 cm) - Capy Planet\",\"isPartOf\":{\"@id\":\"https:\/\/capy-planet.com\/fr\/#website\"},\"primaryImageOfPage\":{\"@id\":\"https:\/\/capy-planet.com\/fr\/shop\/capyhugger-oreiller-corporel-capybara-xxl-coussin-en-peluche-ultra-doux-pour-calins-sommeil-et-ambiance-decontractee-70-120-cm\/#primaryimage\"},\"image\":{\"@id\":\"https:\/\/capy-planet.com\/fr\/shop\/capyhugger-oreiller-corporel-capybara-xxl-coussin-en-peluche-ultra-doux-pour-calins-sommeil-et-ambiance-decontractee-70-120-cm\/#primaryimage\"},\"thumbnailUrl\":\"https:\/\/i0.wp.com\/capy-planet.com\/wp-content\/uploads\/sites\/2\/2025\/04\/S996d4b7a6ddb4cf0b66455703d45f333W.webp?fit=800%2C800&ssl=1\",\"datePublished\":\"2025-04-10T20:57:07+00:00\",\"dateModified\":\"2025-04-12T19:20:38+00:00\",\"description\":\"\ud83e\udde1 CapyHugger \u2013 Oreiller XXL capybara doux. 70-120cm. Confortable, mignon, id\u00e9al pour fans!\",\"breadcrumb\":{\"@id\":\"https:\/\/capy-planet.com\/fr\/shop\/capyhugger-oreiller-corporel-capybara-xxl-coussin-en-peluche-ultra-doux-pour-calins-sommeil-et-ambiance-decontractee-70-120-cm\/#breadcrumb\"},\"inLanguage\":\"fr-FR\",\"potentialAction\":[{\"@type\":\"ReadAction\",\"target\":[\"https:\/\/capy-planet.com\/fr\/shop\/capyhugger-oreiller-corporel-capybara-xxl-coussin-en-peluche-ultra-doux-pour-calins-sommeil-et-ambiance-decontractee-70-120-cm\/\"]}]},{\"@type\":\"ImageObject\",\"inLanguage\":\"fr-FR\",\"@id\":\"https:\/\/capy-planet.com\/fr\/shop\/capyhugger-oreiller-corporel-capybara-xxl-coussin-en-peluche-ultra-doux-pour-calins-sommeil-et-ambiance-decontractee-70-120-cm\/#primaryimage\",\"url\":\"https:\/\/i0.wp.com\/capy-planet.com\/wp-content\/uploads\/sites\/2\/2025\/04\/S996d4b7a6ddb4cf0b66455703d45f333W.webp?fit=800%2C800&ssl=1\",\"contentUrl\":\"https:\/\/i0.wp.com\/capy-planet.com\/wp-content\/uploads\/sites\/2\/2025\/04\/S996d4b7a6ddb4cf0b66455703d45f333W.webp?fit=800%2C800&ssl=1\",\"width\":800,\"height\":800},{\"@type\":\"BreadcrumbList\",\"@id\":\"https:\/\/capy-planet.com\/fr\/shop\/capyhugger-oreiller-corporel-capybara-xxl-coussin-en-peluche-ultra-doux-pour-calins-sommeil-et-ambiance-decontractee-70-120-cm\/#breadcrumb\",\"itemListElement\":[{\"@type\":\"ListItem\",\"position\":1,\"name\":\"Home\",\"item\":\"https:\/\/capy-planet.com\/fr\/home\/\"},{\"@type\":\"ListItem\",\"position\":2,\"name\":\"Capy Shop\",\"item\":\"https:\/\/capy-planet.com\/shop\/\"},{\"@type\":\"ListItem\",\"position\":3,\"name\":\"CapyHugger \u2013 Oreiller corporel XXL en forme de capybara | Traversin en peluche ultra-doux pour c\u00e2lins et sommeil (70-120 cm)\"}]},{\"@type\":\"WebSite\",\"@id\":\"https:\/\/capy-planet.com\/fr\/#website\",\"url\":\"https:\/\/capy-planet.com\/fr\/\",\"name\":\"Capy Planet\",\"description\":\"Adoptez la vibe Capybara !\",\"publisher\":{\"@id\":\"https:\/\/capy-planet.com\/fr\/#organization\"},\"potentialAction\":[{\"@type\":\"SearchAction\",\"target\":{\"@type\":\"EntryPoint\",\"urlTemplate\":\"https:\/\/capy-planet.com\/fr\/?s={search_term_string}\"},\"query-input\":{\"@type\":\"PropertyValueSpecification\",\"valueRequired\":true,\"valueName\":\"search_term_string\"}}],\"inLanguage\":\"fr-FR\"},{\"@type\":\"Organization\",\"@id\":\"https:\/\/capy-planet.com\/fr\/#organization\",\"name\":\"Plan\u00e8te Capy\",\"url\":\"https:\/\/capy-planet.com\/fr\/\",\"logo\":{\"@type\":\"ImageObject\",\"inLanguage\":\"fr-FR\",\"@id\":\"https:\/\/capy-planet.com\/fr\/#\/schema\/logo\/image\/\",\"url\":\"https:\/\/i0.wp.com\/capy-planet.com\/wp-content\/uploads\/sites\/2\/2025\/03\/Henri_Hardillier_Capybara_face_large_smile_big_white_kawaii_eyes_c795f5d3-126d-4c2b-bf35-82751b2d63bb-2.png?fit=705%2C705&ssl=1\",\"contentUrl\":\"https:\/\/i0.wp.com\/capy-planet.com\/wp-content\/uploads\/sites\/2\/2025\/03\/Henri_Hardillier_Capybara_face_large_smile_big_white_kawaii_eyes_c795f5d3-126d-4c2b-bf35-82751b2d63bb-2.png?fit=705%2C705&ssl=1\",\"width\":705,\"height\":705,\"caption\":\"Plan\u00e8te Capy\"},\"image\":{\"@id\":\"https:\/\/capy-planet.com\/fr\/#\/schema\/logo\/image\/\"},\"sameAs\":[\"https:\/\/www.facebook.com\/capy.planet\",\"https:\/\/www.instagram.com\/capy_planet_com\"]}]}<\/script>\n<!-- \/ Yoast SEO plugin. -->","yoast_head_json":{"title":"CapyHugger \u2013 Oreiller corporel XXL en forme de capybara | Traversin en peluche ultra-doux pour c\u00e2lins et sommeil (70-120 cm) - Capy Planet","description":"\ud83e\udde1 CapyHugger \u2013 Oreiller XXL capybara doux. 70-120cm. Confortable, mignon, id\u00e9al pour fans!","robots":{"index":"index","follow":"follow","max-snippet":"max-snippet:-1","max-image-preview":"max-image-preview:large","max-video-preview":"max-video-preview:-1"},"canonical":"https:\/\/capy-planet.com\/fr\/shop\/capyhugger-oreiller-corporel-capybara-xxl-coussin-en-peluche-ultra-doux-pour-calins-sommeil-et-ambiance-decontractee-70-120-cm\/","og_locale":"fr_FR","og_type":"article","og_title":"CapyHugger \u2013 Oreiller corporel XXL en forme de capybara | Traversin en peluche ultra-doux pour c\u00e2lins et sommeil (70-120 cm) - Capy Planet","og_description":"\ud83e\udde1 CapyHugger \u2013 Oreiller XXL capybara doux. 70-120cm. Confortable, mignon, id\u00e9al pour fans!","og_url":"https:\/\/capy-planet.com\/fr\/shop\/capyhugger-oreiller-corporel-capybara-xxl-coussin-en-peluche-ultra-doux-pour-calins-sommeil-et-ambiance-decontractee-70-120-cm\/","og_site_name":"Capy Planet","article_publisher":"https:\/\/www.facebook.com\/capy.planet","article_modified_time":"2025-04-12T19:20:38+00:00","og_image":[{"width":800,"height":800,"url":"https:\/\/capy-planet.com\/wp-content\/uploads\/sites\/2\/2025\/04\/S996d4b7a6ddb4cf0b66455703d45f333W.webp","type":"image\/webp"}],"twitter_card":"summary_large_image","twitter_misc":{"Dur\u00e9e de lecture estim\u00e9e":"1 minute"},"schema":{"@context":"https:\/\/schema.org","@graph":[{"@type":"WebPage","@id":"https:\/\/capy-planet.com\/fr\/shop\/capyhugger-oreiller-corporel-capybara-xxl-coussin-en-peluche-ultra-doux-pour-calins-sommeil-et-ambiance-decontractee-70-120-cm\/","url":"https:\/\/capy-planet.com\/fr\/shop\/capyhugger-oreiller-corporel-capybara-xxl-coussin-en-peluche-ultra-doux-pour-calins-sommeil-et-ambiance-decontractee-70-120-cm\/","name":"CapyHugger \u2013 Oreiller corporel XXL en forme de capybara | Traversin en peluche ultra-doux pour c\u00e2lins et sommeil (70-120 cm) - Capy Planet","isPartOf":{"@id":"https:\/\/capy-planet.com\/fr\/#website"},"primaryImageOfPage":{"@id":"https:\/\/capy-planet.com\/fr\/shop\/capyhugger-oreiller-corporel-capybara-xxl-coussin-en-peluche-ultra-doux-pour-calins-sommeil-et-ambiance-decontractee-70-120-cm\/#primaryimage"},"image":{"@id":"https:\/\/capy-planet.com\/fr\/shop\/capyhugger-oreiller-corporel-capybara-xxl-coussin-en-peluche-ultra-doux-pour-calins-sommeil-et-ambiance-decontractee-70-120-cm\/#primaryimage"},"thumbnailUrl":"https:\/\/i0.wp.com\/capy-planet.com\/wp-content\/uploads\/sites\/2\/2025\/04\/S996d4b7a6ddb4cf0b66455703d45f333W.webp?fit=800%2C800&ssl=1","datePublished":"2025-04-10T20:57:07+00:00","dateModified":"2025-04-12T19:20:38+00:00","description":"\ud83e\udde1 CapyHugger \u2013 Oreiller XXL capybara doux. 70-120cm. Confortable, mignon, id\u00e9al pour fans!","breadcrumb":{"@id":"https:\/\/capy-planet.com\/fr\/shop\/capyhugger-oreiller-corporel-capybara-xxl-coussin-en-peluche-ultra-doux-pour-calins-sommeil-et-ambiance-decontractee-70-120-cm\/#breadcrumb"},"inLanguage":"fr-FR","potentialAction":[{"@type":"ReadAction","target":["https:\/\/capy-planet.com\/fr\/shop\/capyhugger-oreiller-corporel-capybara-xxl-coussin-en-peluche-ultra-doux-pour-calins-sommeil-et-ambiance-decontractee-70-120-cm\/"]}]},{"@type":"ImageObject","inLanguage":"fr-FR","@id":"https:\/\/capy-planet.com\/fr\/shop\/capyhugger-oreiller-corporel-capybara-xxl-coussin-en-peluche-ultra-doux-pour-calins-sommeil-et-ambiance-decontractee-70-120-cm\/#primaryimage","url":"https:\/\/i0.wp.com\/capy-planet.com\/wp-content\/uploads\/sites\/2\/2025\/04\/S996d4b7a6ddb4cf0b66455703d45f333W.webp?fit=800%2C800&ssl=1","contentUrl":"https:\/\/i0.wp.com\/capy-planet.com\/wp-content\/uploads\/sites\/2\/2025\/04\/S996d4b7a6ddb4cf0b66455703d45f333W.webp?fit=800%2C800&ssl=1","width":800,"height":800},{"@type":"BreadcrumbList","@id":"https:\/\/capy-planet.com\/fr\/shop\/capyhugger-oreiller-corporel-capybara-xxl-coussin-en-peluche-ultra-doux-pour-calins-sommeil-et-ambiance-decontractee-70-120-cm\/#breadcrumb","itemListElement":[{"@type":"ListItem","position":1,"name":"Home","item":"https:\/\/capy-planet.com\/fr\/home\/"},{"@type":"ListItem","position":2,"name":"Capy Shop","item":"https:\/\/capy-planet.com\/shop\/"},{"@type":"ListItem","position":3,"name":"CapyHugger \u2013 Oreiller corporel XXL en forme de capybara | Traversin en peluche ultra-doux pour c\u00e2lins et sommeil (70-120 cm)"}]},{"@type":"WebSite","@id":"https:\/\/capy-planet.com\/fr\/#website","url":"https:\/\/capy-planet.com\/fr\/","name":"Capy Planet","description":"Adoptez la vibe Capybara !","publisher":{"@id":"https:\/\/capy-planet.com\/fr\/#organization"},"potentialAction":[{"@type":"SearchAction","target":{"@type":"EntryPoint","urlTemplate":"https:\/\/capy-planet.com\/fr\/?s={search_term_string}"},"query-input":{"@type":"PropertyValueSpecification","valueRequired":true,"valueName":"search_term_string"}}],"inLanguage":"fr-FR"},{"@type":"Organization","@id":"https:\/\/capy-planet.com\/fr\/#organization","name":"Plan\u00e8te Capy","url":"https:\/\/capy-planet.com\/fr\/","logo":{"@type":"ImageObject","inLanguage":"fr-FR","@id":"https:\/\/capy-planet.com\/fr\/#\/schema\/logo\/image\/","url":"https:\/\/i0.wp.com\/capy-planet.com\/wp-content\/uploads\/sites\/2\/2025\/03\/Henri_Hardillier_Capybara_face_large_smile_big_white_kawaii_eyes_c795f5d3-126d-4c2b-bf35-82751b2d63bb-2.png?fit=705%2C705&ssl=1","contentUrl":"https:\/\/i0.wp.com\/capy-planet.com\/wp-content\/uploads\/sites\/2\/2025\/03\/Henri_Hardillier_Capybara_face_large_smile_big_white_kawaii_eyes_c795f5d3-126d-4c2b-bf35-82751b2d63bb-2.png?fit=705%2C705&ssl=1","width":705,"height":705,"caption":"Plan\u00e8te Capy"},"image":{"@id":"https:\/\/capy-planet.com\/fr\/#\/schema\/logo\/image\/"},"sameAs":["https:\/\/www.facebook.com\/capy.planet","https:\/\/www.instagram.com\/capy_planet_com"]}]}},"jetpack_sharing_enabled":true,"_links":{"self":[{"href":"https:\/\/capy-planet.com\/fr\/wp-json\/wp\/v2\/product\/45400","targetHints":{"allow":["GET"]}}],"collection":[{"href":"https:\/\/capy-planet.com\/fr\/wp-json\/wp\/v2\/product"}],"about":[{"href":"https:\/\/capy-planet.com\/fr\/wp-json\/wp\/v2\/types\/product"}],"replies":[{"embeddable":true,"href":"https:\/\/capy-planet.com\/fr\/wp-json\/wp\/v2\/comments?post=45400"}],"wp:featuredmedia":[{"embeddable":true,"href":"https:\/\/capy-planet.com\/fr\/wp-json\/wp\/v2\/media\/45347"}],"wp:attachment":[{"href":"https:\/\/capy-planet.com\/fr\/wp-json\/wp\/v2\/media?parent=45400"}],"wp:term":[{"taxonomy":"product_brand","embeddable":true,"href":"https:\/\/capy-planet.com\/fr\/wp-json\/wp\/v2\/product_brand?post=45400"},{"taxonomy":"product_cat","embeddable":true,"href":"https:\/\/capy-planet.com\/fr\/wp-json\/wp\/v2\/product_cat?post=45400"},{"taxonomy":"product_tag","embeddable":true,"href":"https:\/\/capy-planet.com\/fr\/wp-json\/wp\/v2\/product_tag?post=45400"}],"curies":[{"name":"wp","href":"https:\/\/api.w.org\/{rel}","templated":true}]}}