{"id":45240,"date":"2025-04-11T03:49:16","date_gmt":"2025-04-10T20:49:16","guid":{"rendered":"https:\/\/capy-planet.com\/shop\/capyjudgy-affiche-murale-du-meme-du-capybara-moralisateur-toile-humoristique-animaliere-pour-la-decoration-de-domicile-de-bureau-et-passive-agressive-2\/"},"modified":"2025-04-13T02:20:40","modified_gmt":"2025-04-12T19:20:40","slug":"capyjudgy-affiche-murale-du-meme-du-capybara-moralisateur-toile-humoristique-animaliere-pour-la-decoration-de-domicile-de-bureau-et-passive-agressive-2","status":"publish","type":"product","link":"https:\/\/capy-planet.com\/fr\/shop\/capyjudgy-affiche-murale-du-meme-du-capybara-moralisateur-toile-humoristique-animaliere-pour-la-decoration-de-domicile-de-bureau-et-passive-agressive-2\/","title":{"rendered":"CapyJudgy \u2013 Affiche murale du m\u00e8me du capybara r\u00e9probateur | D\u00e9coration humoristique passive-agressive"},"content":{"rendered":"<p class=\"\" data-start=\"411\" data-end=\"577\">Faites la connaissance de votre nouveau compagnon mural : <strong data-start=\"450\" data-end=\"464\">CapyJudgy<\/strong> \u2013 l&rsquo;ultime \u0153uvre sur toile repr\u00e9sentant un capybara, pr\u00eate \u00e0 faire honte silencieusement \u00e0 vos invit\u00e9s et \u00e0 scruter votre \u00e2me.<\/p>\n<p class=\"\" data-start=\"579\" data-end=\"925\">Con\u00e7ue pour les connaisseurs de m\u00e8mes, les d\u00e9corateurs d&rsquo;int\u00e9rieur au temp\u00e9rament chaotique neutre et les admirateurs inconditionnels de capybaras, cette impression sur toile allie humour, sarcasme et expressions animales dignes de devenir virales en une \u0153uvre inoubliable. Avec des options de taille allant du format bureau \u00e0 celui dominant le salon, cette affiche apporte la dose parfaite d&rsquo;\u00e9nergie moralisatrice \u00e0 n&rsquo;importe quel espace \u2014 sans prononcer un mot. <\/p>\n<p class=\"\" data-start=\"927\" data-end=\"963\">\ud83d\ude10 <strong data-start=\"930\" data-end=\"960\">Pourquoi vous allez adorer CapyJudgy<\/strong> :<\/p>\n<ul data-start=\"964\" data-end=\"1426\">\n<li class=\"\" data-start=\"1010\" data-end=\"1097\">\n<p class=\"\" data-start=\"1012\" data-end=\"1097\">\ud83d\udc39 Pr\u00e9sente des apparitions inattendues de capybaras d\u00e9contract\u00e9s<\/p>\n<\/li>\n<li class=\"\" data-start=\"1098\" data-end=\"1172\">\n<p class=\"\" data-start=\"1100\" data-end=\"1172\">\ud83d\udda8\ufe0f Imprim\u00e9e sur une toile de haute qualit\u00e9 \u2013 digne d&rsquo;une galerie et r\u00e9sistante \u00e0 la d\u00e9coloration<\/p>\n<\/li>\n<li class=\"\" data-start=\"1173\" data-end=\"1270\">\n<p class=\"\" data-start=\"1175\" data-end=\"1270\">\ud83d\udecb\ufe0f S&rsquo;int\u00e8gre parfaitement dans votre salon, bureau, couloir ou toute situation de cadeau passive-agressive<\/p>\n<\/li>\n<li class=\"\" data-start=\"1271\" data-end=\"1338\">\n<p class=\"\" data-start=\"1273\" data-end=\"1338\">\ud83e\udde0 Sujet de conversation, remonteur de moral et critique silencieux en un seul objet<\/p>\n<\/li>\n<li class=\"\" data-start=\"1339\" data-end=\"1426\">\n<p class=\"\" data-start=\"1341\" data-end=\"1426\">\ud83c\udf81 Id\u00e9al pour les amateurs de m\u00e8mes, les coll\u00e8gues, les fr\u00e8res et s\u0153urs, et les cadeaux de pendaison de cr\u00e9maill\u00e8re avec un clin d&rsquo;\u0153il<\/p>\n<\/li>\n<\/ul>\n<p class=\"\" data-start=\"1428\" data-end=\"1560\">Que ce soit un lundi ou que votre colocataire ait encore laiss\u00e9 la vaisselle dans l&rsquo;\u00e9vier, laissez <strong data-start=\"930\" data-end=\"960\">CapyJudgy<\/strong> exprimer ce que vous pensez r\u00e9ellement \u2014 avec style.<\/p>\n","protected":false},"excerpt":{"rendered":"<p>\ud83d\udc39 <strong>CapyJudgy<\/strong> \u2013 L&rsquo;affiche embl\u00e9matique du capybara moralisateur ! Parfaite pour une d\u00e9coration passive-agressive et les amateurs d&rsquo;art animalier. Disponible en plusieurs dimensions.  <\/p>\n","protected":false},"featured_media":45190,"comment_status":"open","ping_status":"closed","template":"","meta":[],"product_brand":[],"product_cat":[1812],"product_tag":[2277,2279,2274,2276,2275,2273,2278],"class_list":{"0":"post-45240","1":"product","2":"type-product","3":"status-publish","4":"has-post-thumbnail","6":"product_cat-capy-decorations-fr","7":"product_tag-art-mural-sarcastique","8":"product_tag-decoration-dinterieur-moralisatrice","9":"product_tag-decoration-murale-capybara","10":"product_tag-impression-de-meme-viral","11":"product_tag-oeuvre-dart-passive-agressive","12":"product_tag-toile-danimal-meme","13":"product_tag-toile-pour-lhumour-de-bureau","15":"first","16":"instock","17":"sale","18":"shipping-taxable","19":"purchasable","20":"product-type-variable"},"yoast_head":"<!-- This site is optimized with the Yoast SEO plugin v27.0 - https:\/\/yoast.com\/product\/yoast-seo-wordpress\/ -->\n<title>CapyJudgy \u2013 Affiche murale du m\u00e8me du capybara r\u00e9probateur | D\u00e9coration humoristique passive-agressive - Capy Planet<\/title>\n<meta name=\"description\" content=\"\ud83d\udc39 CapyJudgy \u2013 Affiche du capybara moralisateur. D\u00e9co passive-agressive. Plusieurs tailles.\" \/>\n<meta name=\"robots\" content=\"index, follow, max-snippet:-1, max-image-preview:large, max-video-preview:-1\" \/>\n<link rel=\"canonical\" href=\"https:\/\/capy-planet.com\/fr\/shop\/capyjudgy-affiche-murale-du-meme-du-capybara-moralisateur-toile-humoristique-animaliere-pour-la-decoration-de-domicile-de-bureau-et-passive-agressive-2\/\" \/>\n<meta property=\"og:locale\" content=\"fr_FR\" \/>\n<meta property=\"og:type\" content=\"article\" \/>\n<meta property=\"og:title\" content=\"CapyJudgy \u2013 Affiche murale du m\u00e8me du capybara r\u00e9probateur | D\u00e9coration humoristique passive-agressive - Capy Planet\" \/>\n<meta property=\"og:description\" content=\"\ud83d\udc39 CapyJudgy \u2013 Affiche du capybara moralisateur. D\u00e9co passive-agressive. Plusieurs tailles.\" \/>\n<meta property=\"og:url\" content=\"https:\/\/capy-planet.com\/fr\/shop\/capyjudgy-affiche-murale-du-meme-du-capybara-moralisateur-toile-humoristique-animaliere-pour-la-decoration-de-domicile-de-bureau-et-passive-agressive-2\/\" \/>\n<meta property=\"og:site_name\" content=\"Capy Planet\" \/>\n<meta property=\"article:publisher\" content=\"https:\/\/www.facebook.com\/capy.planet\" \/>\n<meta property=\"article:modified_time\" content=\"2025-04-12T19:20:40+00:00\" \/>\n<meta property=\"og:image\" content=\"https:\/\/capy-planet.com\/wp-content\/uploads\/sites\/2\/2025\/04\/S982677ec710c4a06910aa13085fe4935I-3.webp\" \/>\n\t<meta property=\"og:image:width\" content=\"800\" \/>\n\t<meta property=\"og:image:height\" content=\"800\" \/>\n\t<meta property=\"og:image:type\" content=\"image\/webp\" \/>\n<meta name=\"twitter:card\" content=\"summary_large_image\" \/>\n<meta name=\"twitter:label1\" content=\"Dur\u00e9e de lecture estim\u00e9e\" \/>\n\t<meta name=\"twitter:data1\" content=\"1 minute\" \/>\n<script type=\"application\/ld+json\" class=\"yoast-schema-graph\">{\"@context\":\"https:\/\/schema.org\",\"@graph\":[{\"@type\":\"WebPage\",\"@id\":\"https:\/\/capy-planet.com\/fr\/shop\/capyjudgy-affiche-murale-du-meme-du-capybara-moralisateur-toile-humoristique-animaliere-pour-la-decoration-de-domicile-de-bureau-et-passive-agressive-2\/\",\"url\":\"https:\/\/capy-planet.com\/fr\/shop\/capyjudgy-affiche-murale-du-meme-du-capybara-moralisateur-toile-humoristique-animaliere-pour-la-decoration-de-domicile-de-bureau-et-passive-agressive-2\/\",\"name\":\"CapyJudgy \u2013 Affiche murale du m\u00e8me du capybara r\u00e9probateur | D\u00e9coration humoristique passive-agressive - Capy Planet\",\"isPartOf\":{\"@id\":\"https:\/\/capy-planet.com\/fr\/#website\"},\"primaryImageOfPage\":{\"@id\":\"https:\/\/capy-planet.com\/fr\/shop\/capyjudgy-affiche-murale-du-meme-du-capybara-moralisateur-toile-humoristique-animaliere-pour-la-decoration-de-domicile-de-bureau-et-passive-agressive-2\/#primaryimage\"},\"image\":{\"@id\":\"https:\/\/capy-planet.com\/fr\/shop\/capyjudgy-affiche-murale-du-meme-du-capybara-moralisateur-toile-humoristique-animaliere-pour-la-decoration-de-domicile-de-bureau-et-passive-agressive-2\/#primaryimage\"},\"thumbnailUrl\":\"https:\/\/i0.wp.com\/capy-planet.com\/wp-content\/uploads\/sites\/2\/2025\/04\/S982677ec710c4a06910aa13085fe4935I-3.webp?fit=800%2C800&ssl=1\",\"datePublished\":\"2025-04-10T20:49:16+00:00\",\"dateModified\":\"2025-04-12T19:20:40+00:00\",\"description\":\"\ud83d\udc39 CapyJudgy \u2013 Affiche du capybara moralisateur. D\u00e9co passive-agressive. Plusieurs tailles.\",\"breadcrumb\":{\"@id\":\"https:\/\/capy-planet.com\/fr\/shop\/capyjudgy-affiche-murale-du-meme-du-capybara-moralisateur-toile-humoristique-animaliere-pour-la-decoration-de-domicile-de-bureau-et-passive-agressive-2\/#breadcrumb\"},\"inLanguage\":\"fr-FR\",\"potentialAction\":[{\"@type\":\"ReadAction\",\"target\":[\"https:\/\/capy-planet.com\/fr\/shop\/capyjudgy-affiche-murale-du-meme-du-capybara-moralisateur-toile-humoristique-animaliere-pour-la-decoration-de-domicile-de-bureau-et-passive-agressive-2\/\"]}]},{\"@type\":\"ImageObject\",\"inLanguage\":\"fr-FR\",\"@id\":\"https:\/\/capy-planet.com\/fr\/shop\/capyjudgy-affiche-murale-du-meme-du-capybara-moralisateur-toile-humoristique-animaliere-pour-la-decoration-de-domicile-de-bureau-et-passive-agressive-2\/#primaryimage\",\"url\":\"https:\/\/i0.wp.com\/capy-planet.com\/wp-content\/uploads\/sites\/2\/2025\/04\/S982677ec710c4a06910aa13085fe4935I-3.webp?fit=800%2C800&ssl=1\",\"contentUrl\":\"https:\/\/i0.wp.com\/capy-planet.com\/wp-content\/uploads\/sites\/2\/2025\/04\/S982677ec710c4a06910aa13085fe4935I-3.webp?fit=800%2C800&ssl=1\",\"width\":800,\"height\":800},{\"@type\":\"BreadcrumbList\",\"@id\":\"https:\/\/capy-planet.com\/fr\/shop\/capyjudgy-affiche-murale-du-meme-du-capybara-moralisateur-toile-humoristique-animaliere-pour-la-decoration-de-domicile-de-bureau-et-passive-agressive-2\/#breadcrumb\",\"itemListElement\":[{\"@type\":\"ListItem\",\"position\":1,\"name\":\"Home\",\"item\":\"https:\/\/capy-planet.com\/fr\/home\/\"},{\"@type\":\"ListItem\",\"position\":2,\"name\":\"Capy Shop\",\"item\":\"https:\/\/capy-planet.com\/shop\/\"},{\"@type\":\"ListItem\",\"position\":3,\"name\":\"CapyJudgy \u2013 Affiche murale du m\u00e8me du capybara r\u00e9probateur | D\u00e9coration humoristique passive-agressive\"}]},{\"@type\":\"WebSite\",\"@id\":\"https:\/\/capy-planet.com\/fr\/#website\",\"url\":\"https:\/\/capy-planet.com\/fr\/\",\"name\":\"Capy Planet\",\"description\":\"Adoptez la vibe Capybara !\",\"publisher\":{\"@id\":\"https:\/\/capy-planet.com\/fr\/#organization\"},\"potentialAction\":[{\"@type\":\"SearchAction\",\"target\":{\"@type\":\"EntryPoint\",\"urlTemplate\":\"https:\/\/capy-planet.com\/fr\/?s={search_term_string}\"},\"query-input\":{\"@type\":\"PropertyValueSpecification\",\"valueRequired\":true,\"valueName\":\"search_term_string\"}}],\"inLanguage\":\"fr-FR\"},{\"@type\":\"Organization\",\"@id\":\"https:\/\/capy-planet.com\/fr\/#organization\",\"name\":\"Plan\u00e8te Capy\",\"url\":\"https:\/\/capy-planet.com\/fr\/\",\"logo\":{\"@type\":\"ImageObject\",\"inLanguage\":\"fr-FR\",\"@id\":\"https:\/\/capy-planet.com\/fr\/#\/schema\/logo\/image\/\",\"url\":\"https:\/\/i0.wp.com\/capy-planet.com\/wp-content\/uploads\/sites\/2\/2025\/03\/Henri_Hardillier_Capybara_face_large_smile_big_white_kawaii_eyes_c795f5d3-126d-4c2b-bf35-82751b2d63bb-2.png?fit=705%2C705&ssl=1\",\"contentUrl\":\"https:\/\/i0.wp.com\/capy-planet.com\/wp-content\/uploads\/sites\/2\/2025\/03\/Henri_Hardillier_Capybara_face_large_smile_big_white_kawaii_eyes_c795f5d3-126d-4c2b-bf35-82751b2d63bb-2.png?fit=705%2C705&ssl=1\",\"width\":705,\"height\":705,\"caption\":\"Plan\u00e8te Capy\"},\"image\":{\"@id\":\"https:\/\/capy-planet.com\/fr\/#\/schema\/logo\/image\/\"},\"sameAs\":[\"https:\/\/www.facebook.com\/capy.planet\",\"https:\/\/www.instagram.com\/capy_planet_com\"]}]}<\/script>\n<!-- \/ Yoast SEO plugin. -->","yoast_head_json":{"title":"CapyJudgy \u2013 Affiche murale du m\u00e8me du capybara r\u00e9probateur | D\u00e9coration humoristique passive-agressive - Capy Planet","description":"\ud83d\udc39 CapyJudgy \u2013 Affiche du capybara moralisateur. D\u00e9co passive-agressive. Plusieurs tailles.","robots":{"index":"index","follow":"follow","max-snippet":"max-snippet:-1","max-image-preview":"max-image-preview:large","max-video-preview":"max-video-preview:-1"},"canonical":"https:\/\/capy-planet.com\/fr\/shop\/capyjudgy-affiche-murale-du-meme-du-capybara-moralisateur-toile-humoristique-animaliere-pour-la-decoration-de-domicile-de-bureau-et-passive-agressive-2\/","og_locale":"fr_FR","og_type":"article","og_title":"CapyJudgy \u2013 Affiche murale du m\u00e8me du capybara r\u00e9probateur | D\u00e9coration humoristique passive-agressive - Capy Planet","og_description":"\ud83d\udc39 CapyJudgy \u2013 Affiche du capybara moralisateur. D\u00e9co passive-agressive. Plusieurs tailles.","og_url":"https:\/\/capy-planet.com\/fr\/shop\/capyjudgy-affiche-murale-du-meme-du-capybara-moralisateur-toile-humoristique-animaliere-pour-la-decoration-de-domicile-de-bureau-et-passive-agressive-2\/","og_site_name":"Capy Planet","article_publisher":"https:\/\/www.facebook.com\/capy.planet","article_modified_time":"2025-04-12T19:20:40+00:00","og_image":[{"width":800,"height":800,"url":"https:\/\/capy-planet.com\/wp-content\/uploads\/sites\/2\/2025\/04\/S982677ec710c4a06910aa13085fe4935I-3.webp","type":"image\/webp"}],"twitter_card":"summary_large_image","twitter_misc":{"Dur\u00e9e de lecture estim\u00e9e":"1 minute"},"schema":{"@context":"https:\/\/schema.org","@graph":[{"@type":"WebPage","@id":"https:\/\/capy-planet.com\/fr\/shop\/capyjudgy-affiche-murale-du-meme-du-capybara-moralisateur-toile-humoristique-animaliere-pour-la-decoration-de-domicile-de-bureau-et-passive-agressive-2\/","url":"https:\/\/capy-planet.com\/fr\/shop\/capyjudgy-affiche-murale-du-meme-du-capybara-moralisateur-toile-humoristique-animaliere-pour-la-decoration-de-domicile-de-bureau-et-passive-agressive-2\/","name":"CapyJudgy \u2013 Affiche murale du m\u00e8me du capybara r\u00e9probateur | D\u00e9coration humoristique passive-agressive - Capy Planet","isPartOf":{"@id":"https:\/\/capy-planet.com\/fr\/#website"},"primaryImageOfPage":{"@id":"https:\/\/capy-planet.com\/fr\/shop\/capyjudgy-affiche-murale-du-meme-du-capybara-moralisateur-toile-humoristique-animaliere-pour-la-decoration-de-domicile-de-bureau-et-passive-agressive-2\/#primaryimage"},"image":{"@id":"https:\/\/capy-planet.com\/fr\/shop\/capyjudgy-affiche-murale-du-meme-du-capybara-moralisateur-toile-humoristique-animaliere-pour-la-decoration-de-domicile-de-bureau-et-passive-agressive-2\/#primaryimage"},"thumbnailUrl":"https:\/\/i0.wp.com\/capy-planet.com\/wp-content\/uploads\/sites\/2\/2025\/04\/S982677ec710c4a06910aa13085fe4935I-3.webp?fit=800%2C800&ssl=1","datePublished":"2025-04-10T20:49:16+00:00","dateModified":"2025-04-12T19:20:40+00:00","description":"\ud83d\udc39 CapyJudgy \u2013 Affiche du capybara moralisateur. D\u00e9co passive-agressive. Plusieurs tailles.","breadcrumb":{"@id":"https:\/\/capy-planet.com\/fr\/shop\/capyjudgy-affiche-murale-du-meme-du-capybara-moralisateur-toile-humoristique-animaliere-pour-la-decoration-de-domicile-de-bureau-et-passive-agressive-2\/#breadcrumb"},"inLanguage":"fr-FR","potentialAction":[{"@type":"ReadAction","target":["https:\/\/capy-planet.com\/fr\/shop\/capyjudgy-affiche-murale-du-meme-du-capybara-moralisateur-toile-humoristique-animaliere-pour-la-decoration-de-domicile-de-bureau-et-passive-agressive-2\/"]}]},{"@type":"ImageObject","inLanguage":"fr-FR","@id":"https:\/\/capy-planet.com\/fr\/shop\/capyjudgy-affiche-murale-du-meme-du-capybara-moralisateur-toile-humoristique-animaliere-pour-la-decoration-de-domicile-de-bureau-et-passive-agressive-2\/#primaryimage","url":"https:\/\/i0.wp.com\/capy-planet.com\/wp-content\/uploads\/sites\/2\/2025\/04\/S982677ec710c4a06910aa13085fe4935I-3.webp?fit=800%2C800&ssl=1","contentUrl":"https:\/\/i0.wp.com\/capy-planet.com\/wp-content\/uploads\/sites\/2\/2025\/04\/S982677ec710c4a06910aa13085fe4935I-3.webp?fit=800%2C800&ssl=1","width":800,"height":800},{"@type":"BreadcrumbList","@id":"https:\/\/capy-planet.com\/fr\/shop\/capyjudgy-affiche-murale-du-meme-du-capybara-moralisateur-toile-humoristique-animaliere-pour-la-decoration-de-domicile-de-bureau-et-passive-agressive-2\/#breadcrumb","itemListElement":[{"@type":"ListItem","position":1,"name":"Home","item":"https:\/\/capy-planet.com\/fr\/home\/"},{"@type":"ListItem","position":2,"name":"Capy Shop","item":"https:\/\/capy-planet.com\/shop\/"},{"@type":"ListItem","position":3,"name":"CapyJudgy \u2013 Affiche murale du m\u00e8me du capybara r\u00e9probateur | D\u00e9coration humoristique passive-agressive"}]},{"@type":"WebSite","@id":"https:\/\/capy-planet.com\/fr\/#website","url":"https:\/\/capy-planet.com\/fr\/","name":"Capy Planet","description":"Adoptez la vibe Capybara !","publisher":{"@id":"https:\/\/capy-planet.com\/fr\/#organization"},"potentialAction":[{"@type":"SearchAction","target":{"@type":"EntryPoint","urlTemplate":"https:\/\/capy-planet.com\/fr\/?s={search_term_string}"},"query-input":{"@type":"PropertyValueSpecification","valueRequired":true,"valueName":"search_term_string"}}],"inLanguage":"fr-FR"},{"@type":"Organization","@id":"https:\/\/capy-planet.com\/fr\/#organization","name":"Plan\u00e8te Capy","url":"https:\/\/capy-planet.com\/fr\/","logo":{"@type":"ImageObject","inLanguage":"fr-FR","@id":"https:\/\/capy-planet.com\/fr\/#\/schema\/logo\/image\/","url":"https:\/\/i0.wp.com\/capy-planet.com\/wp-content\/uploads\/sites\/2\/2025\/03\/Henri_Hardillier_Capybara_face_large_smile_big_white_kawaii_eyes_c795f5d3-126d-4c2b-bf35-82751b2d63bb-2.png?fit=705%2C705&ssl=1","contentUrl":"https:\/\/i0.wp.com\/capy-planet.com\/wp-content\/uploads\/sites\/2\/2025\/03\/Henri_Hardillier_Capybara_face_large_smile_big_white_kawaii_eyes_c795f5d3-126d-4c2b-bf35-82751b2d63bb-2.png?fit=705%2C705&ssl=1","width":705,"height":705,"caption":"Plan\u00e8te Capy"},"image":{"@id":"https:\/\/capy-planet.com\/fr\/#\/schema\/logo\/image\/"},"sameAs":["https:\/\/www.facebook.com\/capy.planet","https:\/\/www.instagram.com\/capy_planet_com"]}]}},"jetpack_sharing_enabled":true,"_links":{"self":[{"href":"https:\/\/capy-planet.com\/fr\/wp-json\/wp\/v2\/product\/45240","targetHints":{"allow":["GET"]}}],"collection":[{"href":"https:\/\/capy-planet.com\/fr\/wp-json\/wp\/v2\/product"}],"about":[{"href":"https:\/\/capy-planet.com\/fr\/wp-json\/wp\/v2\/types\/product"}],"replies":[{"embeddable":true,"href":"https:\/\/capy-planet.com\/fr\/wp-json\/wp\/v2\/comments?post=45240"}],"wp:featuredmedia":[{"embeddable":true,"href":"https:\/\/capy-planet.com\/fr\/wp-json\/wp\/v2\/media\/45190"}],"wp:attachment":[{"href":"https:\/\/capy-planet.com\/fr\/wp-json\/wp\/v2\/media?parent=45240"}],"wp:term":[{"taxonomy":"product_brand","embeddable":true,"href":"https:\/\/capy-planet.com\/fr\/wp-json\/wp\/v2\/product_brand?post=45240"},{"taxonomy":"product_cat","embeddable":true,"href":"https:\/\/capy-planet.com\/fr\/wp-json\/wp\/v2\/product_cat?post=45240"},{"taxonomy":"product_tag","embeddable":true,"href":"https:\/\/capy-planet.com\/fr\/wp-json\/wp\/v2\/product_tag?post=45240"}],"curies":[{"name":"wp","href":"https:\/\/api.w.org\/{rel}","templated":true}]}}