{"id":44475,"date":"2025-04-11T03:22:57","date_gmt":"2025-04-10T20:22:57","guid":{"rendered":"https:\/\/capy-planet.com\/shop\/capyhugger-oreiller-en-peluche-geant-de-capybara-coussin-kawaii-corporel-pour-le-sommeil-les-calins-et-le-soulagement-du-stress-75-100cm\/"},"modified":"2025-04-13T02:19:24","modified_gmt":"2025-04-12T19:19:24","slug":"capyhugger-oreiller-en-peluche-geant-de-capybara-coussin-kawaii-corporel-pour-le-sommeil-les-calins-et-le-soulagement-du-stress-75-100cm","status":"publish","type":"product","link":"https:\/\/capy-planet.com\/fr\/shop\/capyhugger-oreiller-en-peluche-geant-de-capybara-coussin-kawaii-corporel-pour-le-sommeil-les-calins-et-le-soulagement-du-stress-75-100cm\/","title":{"rendered":"CapyHugger \u2013 Peluche g\u00e9ante de capybara en forme d&rsquo;oreiller | Coussin corporel kawaii surdimensionn\u00e9 (75\u2013100 cm)"},"content":{"rendered":"<p class=\"\" data-start=\"400\" data-end=\"591\">Pr\u00e9parez-vous \u00e0 c\u00e2liner comme jamais auparavant avec l&rsquo;ultra-c\u00e2linable et surdimensionn\u00e9 <strong data-start=\"473\" data-end=\"488\">CapyHugger<\/strong> \u2014 l&rsquo;oreiller en peluche qui apporte le calme du capybara \u00e0 votre heure du coucher, vos siestes sur le canap\u00e9 ou vos marathons de films confortables.<\/p>\n<p class=\"\" data-start=\"593\" data-end=\"933\">Ce capybara en peluche m\u00e9ga-doux est disponible en deux tailles g\u00e9n\u00e9reuses (75 cm et 100 cm) et pr\u00e9sente une texture moelleuse parfaite pour c\u00e2liner, se pr\u00e9lasser ou simplement se d\u00e9tendre. Que vous d\u00e9corez votre lit avec une touche kawaii, l&rsquo;offrez \u00e0 un collectionneur de peluches ou que vous cherchiez \u00e0 apaiser votre stress, le <strong data-start=\"869\" data-end=\"884\">CapyHugger<\/strong> est le compagnon de confort dont vous ne saviez pas avoir besoin. <\/p>\n<p class=\"\" data-start=\"935\" data-end=\"979\">\ud83d\udca1 <strong data-start=\"938\" data-end=\"979\">Pourquoi CapyHugger est un champion du c\u00e2lin :<\/strong><\/p>\n<ul data-start=\"980\" data-end=\"1347\">\n<li class=\"\" data-start=\"980\" data-end=\"1034\">\n<p class=\"\" data-start=\"982\" data-end=\"1034\">\ud83d\udc3e La forme g\u00e9ante du capybara apporte un calme et un confort instantan\u00e9s<\/p>\n<\/li>\n<li class=\"\" data-start=\"1035\" data-end=\"1099\">\n<p class=\"\" data-start=\"1037\" data-end=\"1099\">\ud83d\udecf\ufe0f Oreiller corporel parfait pour le soutien du dos, du cou ou de tout le corps<\/p>\n<\/li>\n<li class=\"\" data-start=\"1100\" data-end=\"1165\">\n<p class=\"\" data-start=\"1102\" data-end=\"1165\">\ud83e\uddf8 Tissu en peluche duveteux et extensible avec un rembourrage doux en coton PP<\/p>\n<\/li>\n<li class=\"\" data-start=\"1166\" data-end=\"1245\">\n<p class=\"\" data-start=\"1168\" data-end=\"1245\">\ud83c\udf81 Le cadeau ultime pour les amateurs de peluches, les enfants, les petites amies et les amoureux des capybaras<\/p>\n<\/li>\n<li class=\"\" data-start=\"1246\" data-end=\"1286\">\n<p class=\"\" data-start=\"1248\" data-end=\"1286\">\ud83e\uddfc Facile \u00e0 nettoyer par endroits et con\u00e7u pour durer<\/p>\n<\/li>\n<li class=\"\" data-start=\"1287\" data-end=\"1347\">\n<p class=\"\" data-start=\"1289\" data-end=\"1347\">\ud83c\udf19 Id\u00e9al pour le sommeil, la d\u00e9coration, le soutien \u00e9motionnel ou simplement pour s&rsquo;amuser !<\/p>\n<\/li>\n<\/ul>\n<p class=\"\" data-start=\"1349\" data-end=\"1469\">La vie est meilleure avec un grand capybara \u00e0 vos c\u00f4t\u00e9s. Enveloppez vos bras autour du <strong data-start=\"1420\" data-end=\"1435\">CapyHugger<\/strong> et sentez le stress fondre. \ud83d\udc9b <\/p>\n","protected":false},"excerpt":{"rendered":"<p>\ud83d\udecf\ufe0f <strong>CapyHugger<\/strong> \u2013 Oreiller g\u00e9ant en peluche en forme de capybara ! Ultra-doux, kawaii et parfait pour c\u00e2liner, se d\u00e9tendre ou offrir. Disponible en tailles 75 cm et 100 cm.  <\/p>\n","protected":false},"featured_media":44420,"comment_status":"open","ping_status":"closed","template":"","meta":[],"product_brand":[],"product_cat":[455],"product_tag":[2172,666,2173,2093,2177,2176,2174,1489,2175,2178],"class_list":{"0":"post-44475","1":"product","2":"type-product","3":"status-publish","4":"has-post-thumbnail","6":"product_cat-capy-plushies-fr","7":"product_tag-animal-en-peluche-geant","8":"product_tag-capybara-gift-fr","9":"product_tag-coussin-corporel-kawaii","10":"product_tag-decoration-de-chambre-capybara-fr","11":"product_tag-jouet-capybara-surdimensionne","12":"product_tag-oreiller-de-sommeil-calin","13":"product_tag-oreiller-doux-a-caliner","14":"product_tag-oreiller-en-peluche-capybara","15":"product_tag-peluche-anti-stress-fr","16":"product_tag-peluche-pour-filles","18":"first","19":"instock","20":"sale","21":"shipping-taxable","22":"purchasable","23":"product-type-variable"},"yoast_head":"<!-- This site is optimized with the Yoast SEO plugin v27.0 - https:\/\/yoast.com\/product\/yoast-seo-wordpress\/ -->\n<title>CapyHugger \u2013 Peluche g\u00e9ante de capybara en forme d&#039;oreiller | Coussin corporel kawaii surdimensionn\u00e9 (75\u2013100 cm) - Capy Planet<\/title>\n<meta name=\"description\" content=\"\ud83d\udecf\ufe0f CapyHugger \u2013 Oreiller g\u00e9ant capybara en peluche. Doux, kawaii, pour c\u00e2lins. 75\/100 cm.\" \/>\n<meta name=\"robots\" content=\"index, follow, max-snippet:-1, max-image-preview:large, max-video-preview:-1\" \/>\n<link rel=\"canonical\" href=\"https:\/\/capy-planet.com\/fr\/shop\/capyhugger-oreiller-en-peluche-geant-de-capybara-coussin-kawaii-corporel-pour-le-sommeil-les-calins-et-le-soulagement-du-stress-75-100cm\/\" \/>\n<meta property=\"og:locale\" content=\"fr_FR\" \/>\n<meta property=\"og:type\" content=\"article\" \/>\n<meta property=\"og:title\" content=\"CapyHugger \u2013 Peluche g\u00e9ante de capybara en forme d&#039;oreiller | Coussin corporel kawaii surdimensionn\u00e9 (75\u2013100 cm) - Capy Planet\" \/>\n<meta property=\"og:description\" content=\"\ud83d\udecf\ufe0f CapyHugger \u2013 Oreiller g\u00e9ant capybara en peluche. Doux, kawaii, pour c\u00e2lins. 75\/100 cm.\" \/>\n<meta property=\"og:url\" content=\"https:\/\/capy-planet.com\/fr\/shop\/capyhugger-oreiller-en-peluche-geant-de-capybara-coussin-kawaii-corporel-pour-le-sommeil-les-calins-et-le-soulagement-du-stress-75-100cm\/\" \/>\n<meta property=\"og:site_name\" content=\"Capy Planet\" \/>\n<meta property=\"article:publisher\" content=\"https:\/\/www.facebook.com\/capy.planet\" \/>\n<meta property=\"article:modified_time\" content=\"2025-04-12T19:19:24+00:00\" \/>\n<meta property=\"og:image\" content=\"https:\/\/capy-planet.com\/wp-content\/uploads\/sites\/2\/2025\/04\/S0b6860c13c0b486d95f25c53059656c88.webp\" \/>\n\t<meta property=\"og:image:width\" content=\"800\" \/>\n\t<meta property=\"og:image:height\" content=\"800\" \/>\n\t<meta property=\"og:image:type\" content=\"image\/webp\" \/>\n<meta name=\"twitter:card\" content=\"summary_large_image\" \/>\n<meta name=\"twitter:label1\" content=\"Dur\u00e9e de lecture estim\u00e9e\" \/>\n\t<meta name=\"twitter:data1\" content=\"1 minute\" \/>\n<script type=\"application\/ld+json\" class=\"yoast-schema-graph\">{\"@context\":\"https:\/\/schema.org\",\"@graph\":[{\"@type\":\"WebPage\",\"@id\":\"https:\/\/capy-planet.com\/fr\/shop\/capyhugger-oreiller-en-peluche-geant-de-capybara-coussin-kawaii-corporel-pour-le-sommeil-les-calins-et-le-soulagement-du-stress-75-100cm\/\",\"url\":\"https:\/\/capy-planet.com\/fr\/shop\/capyhugger-oreiller-en-peluche-geant-de-capybara-coussin-kawaii-corporel-pour-le-sommeil-les-calins-et-le-soulagement-du-stress-75-100cm\/\",\"name\":\"CapyHugger \u2013 Peluche g\u00e9ante de capybara en forme d'oreiller | Coussin corporel kawaii surdimensionn\u00e9 (75\u2013100 cm) - Capy Planet\",\"isPartOf\":{\"@id\":\"https:\/\/capy-planet.com\/fr\/#website\"},\"primaryImageOfPage\":{\"@id\":\"https:\/\/capy-planet.com\/fr\/shop\/capyhugger-oreiller-en-peluche-geant-de-capybara-coussin-kawaii-corporel-pour-le-sommeil-les-calins-et-le-soulagement-du-stress-75-100cm\/#primaryimage\"},\"image\":{\"@id\":\"https:\/\/capy-planet.com\/fr\/shop\/capyhugger-oreiller-en-peluche-geant-de-capybara-coussin-kawaii-corporel-pour-le-sommeil-les-calins-et-le-soulagement-du-stress-75-100cm\/#primaryimage\"},\"thumbnailUrl\":\"https:\/\/i0.wp.com\/capy-planet.com\/wp-content\/uploads\/sites\/2\/2025\/04\/S0b6860c13c0b486d95f25c53059656c88.webp?fit=800%2C800&ssl=1\",\"datePublished\":\"2025-04-10T20:22:57+00:00\",\"dateModified\":\"2025-04-12T19:19:24+00:00\",\"description\":\"\ud83d\udecf\ufe0f CapyHugger \u2013 Oreiller g\u00e9ant capybara en peluche. Doux, kawaii, pour c\u00e2lins. 75\/100 cm.\",\"breadcrumb\":{\"@id\":\"https:\/\/capy-planet.com\/fr\/shop\/capyhugger-oreiller-en-peluche-geant-de-capybara-coussin-kawaii-corporel-pour-le-sommeil-les-calins-et-le-soulagement-du-stress-75-100cm\/#breadcrumb\"},\"inLanguage\":\"fr-FR\",\"potentialAction\":[{\"@type\":\"ReadAction\",\"target\":[\"https:\/\/capy-planet.com\/fr\/shop\/capyhugger-oreiller-en-peluche-geant-de-capybara-coussin-kawaii-corporel-pour-le-sommeil-les-calins-et-le-soulagement-du-stress-75-100cm\/\"]}]},{\"@type\":\"ImageObject\",\"inLanguage\":\"fr-FR\",\"@id\":\"https:\/\/capy-planet.com\/fr\/shop\/capyhugger-oreiller-en-peluche-geant-de-capybara-coussin-kawaii-corporel-pour-le-sommeil-les-calins-et-le-soulagement-du-stress-75-100cm\/#primaryimage\",\"url\":\"https:\/\/i0.wp.com\/capy-planet.com\/wp-content\/uploads\/sites\/2\/2025\/04\/S0b6860c13c0b486d95f25c53059656c88.webp?fit=800%2C800&ssl=1\",\"contentUrl\":\"https:\/\/i0.wp.com\/capy-planet.com\/wp-content\/uploads\/sites\/2\/2025\/04\/S0b6860c13c0b486d95f25c53059656c88.webp?fit=800%2C800&ssl=1\",\"width\":800,\"height\":800},{\"@type\":\"BreadcrumbList\",\"@id\":\"https:\/\/capy-planet.com\/fr\/shop\/capyhugger-oreiller-en-peluche-geant-de-capybara-coussin-kawaii-corporel-pour-le-sommeil-les-calins-et-le-soulagement-du-stress-75-100cm\/#breadcrumb\",\"itemListElement\":[{\"@type\":\"ListItem\",\"position\":1,\"name\":\"Home\",\"item\":\"https:\/\/capy-planet.com\/fr\/home\/\"},{\"@type\":\"ListItem\",\"position\":2,\"name\":\"Capy Shop\",\"item\":\"https:\/\/capy-planet.com\/shop\/\"},{\"@type\":\"ListItem\",\"position\":3,\"name\":\"CapyHugger \u2013 Peluche g\u00e9ante de capybara en forme d&#8217;oreiller | Coussin corporel kawaii surdimensionn\u00e9 (75\u2013100 cm)\"}]},{\"@type\":\"WebSite\",\"@id\":\"https:\/\/capy-planet.com\/fr\/#website\",\"url\":\"https:\/\/capy-planet.com\/fr\/\",\"name\":\"Capy Planet\",\"description\":\"Adoptez la vibe Capybara !\",\"publisher\":{\"@id\":\"https:\/\/capy-planet.com\/fr\/#organization\"},\"potentialAction\":[{\"@type\":\"SearchAction\",\"target\":{\"@type\":\"EntryPoint\",\"urlTemplate\":\"https:\/\/capy-planet.com\/fr\/?s={search_term_string}\"},\"query-input\":{\"@type\":\"PropertyValueSpecification\",\"valueRequired\":true,\"valueName\":\"search_term_string\"}}],\"inLanguage\":\"fr-FR\"},{\"@type\":\"Organization\",\"@id\":\"https:\/\/capy-planet.com\/fr\/#organization\",\"name\":\"Plan\u00e8te Capy\",\"url\":\"https:\/\/capy-planet.com\/fr\/\",\"logo\":{\"@type\":\"ImageObject\",\"inLanguage\":\"fr-FR\",\"@id\":\"https:\/\/capy-planet.com\/fr\/#\/schema\/logo\/image\/\",\"url\":\"https:\/\/i0.wp.com\/capy-planet.com\/wp-content\/uploads\/sites\/2\/2025\/03\/Henri_Hardillier_Capybara_face_large_smile_big_white_kawaii_eyes_c795f5d3-126d-4c2b-bf35-82751b2d63bb-2.png?fit=705%2C705&ssl=1\",\"contentUrl\":\"https:\/\/i0.wp.com\/capy-planet.com\/wp-content\/uploads\/sites\/2\/2025\/03\/Henri_Hardillier_Capybara_face_large_smile_big_white_kawaii_eyes_c795f5d3-126d-4c2b-bf35-82751b2d63bb-2.png?fit=705%2C705&ssl=1\",\"width\":705,\"height\":705,\"caption\":\"Plan\u00e8te Capy\"},\"image\":{\"@id\":\"https:\/\/capy-planet.com\/fr\/#\/schema\/logo\/image\/\"},\"sameAs\":[\"https:\/\/www.facebook.com\/capy.planet\",\"https:\/\/www.instagram.com\/capy_planet_com\"]}]}<\/script>\n<!-- \/ Yoast SEO plugin. -->","yoast_head_json":{"title":"CapyHugger \u2013 Peluche g\u00e9ante de capybara en forme d'oreiller | Coussin corporel kawaii surdimensionn\u00e9 (75\u2013100 cm) - Capy Planet","description":"\ud83d\udecf\ufe0f CapyHugger \u2013 Oreiller g\u00e9ant capybara en peluche. Doux, kawaii, pour c\u00e2lins. 75\/100 cm.","robots":{"index":"index","follow":"follow","max-snippet":"max-snippet:-1","max-image-preview":"max-image-preview:large","max-video-preview":"max-video-preview:-1"},"canonical":"https:\/\/capy-planet.com\/fr\/shop\/capyhugger-oreiller-en-peluche-geant-de-capybara-coussin-kawaii-corporel-pour-le-sommeil-les-calins-et-le-soulagement-du-stress-75-100cm\/","og_locale":"fr_FR","og_type":"article","og_title":"CapyHugger \u2013 Peluche g\u00e9ante de capybara en forme d'oreiller | Coussin corporel kawaii surdimensionn\u00e9 (75\u2013100 cm) - Capy Planet","og_description":"\ud83d\udecf\ufe0f CapyHugger \u2013 Oreiller g\u00e9ant capybara en peluche. Doux, kawaii, pour c\u00e2lins. 75\/100 cm.","og_url":"https:\/\/capy-planet.com\/fr\/shop\/capyhugger-oreiller-en-peluche-geant-de-capybara-coussin-kawaii-corporel-pour-le-sommeil-les-calins-et-le-soulagement-du-stress-75-100cm\/","og_site_name":"Capy Planet","article_publisher":"https:\/\/www.facebook.com\/capy.planet","article_modified_time":"2025-04-12T19:19:24+00:00","og_image":[{"width":800,"height":800,"url":"https:\/\/capy-planet.com\/wp-content\/uploads\/sites\/2\/2025\/04\/S0b6860c13c0b486d95f25c53059656c88.webp","type":"image\/webp"}],"twitter_card":"summary_large_image","twitter_misc":{"Dur\u00e9e de lecture estim\u00e9e":"1 minute"},"schema":{"@context":"https:\/\/schema.org","@graph":[{"@type":"WebPage","@id":"https:\/\/capy-planet.com\/fr\/shop\/capyhugger-oreiller-en-peluche-geant-de-capybara-coussin-kawaii-corporel-pour-le-sommeil-les-calins-et-le-soulagement-du-stress-75-100cm\/","url":"https:\/\/capy-planet.com\/fr\/shop\/capyhugger-oreiller-en-peluche-geant-de-capybara-coussin-kawaii-corporel-pour-le-sommeil-les-calins-et-le-soulagement-du-stress-75-100cm\/","name":"CapyHugger \u2013 Peluche g\u00e9ante de capybara en forme d'oreiller | Coussin corporel kawaii surdimensionn\u00e9 (75\u2013100 cm) - Capy Planet","isPartOf":{"@id":"https:\/\/capy-planet.com\/fr\/#website"},"primaryImageOfPage":{"@id":"https:\/\/capy-planet.com\/fr\/shop\/capyhugger-oreiller-en-peluche-geant-de-capybara-coussin-kawaii-corporel-pour-le-sommeil-les-calins-et-le-soulagement-du-stress-75-100cm\/#primaryimage"},"image":{"@id":"https:\/\/capy-planet.com\/fr\/shop\/capyhugger-oreiller-en-peluche-geant-de-capybara-coussin-kawaii-corporel-pour-le-sommeil-les-calins-et-le-soulagement-du-stress-75-100cm\/#primaryimage"},"thumbnailUrl":"https:\/\/i0.wp.com\/capy-planet.com\/wp-content\/uploads\/sites\/2\/2025\/04\/S0b6860c13c0b486d95f25c53059656c88.webp?fit=800%2C800&ssl=1","datePublished":"2025-04-10T20:22:57+00:00","dateModified":"2025-04-12T19:19:24+00:00","description":"\ud83d\udecf\ufe0f CapyHugger \u2013 Oreiller g\u00e9ant capybara en peluche. Doux, kawaii, pour c\u00e2lins. 75\/100 cm.","breadcrumb":{"@id":"https:\/\/capy-planet.com\/fr\/shop\/capyhugger-oreiller-en-peluche-geant-de-capybara-coussin-kawaii-corporel-pour-le-sommeil-les-calins-et-le-soulagement-du-stress-75-100cm\/#breadcrumb"},"inLanguage":"fr-FR","potentialAction":[{"@type":"ReadAction","target":["https:\/\/capy-planet.com\/fr\/shop\/capyhugger-oreiller-en-peluche-geant-de-capybara-coussin-kawaii-corporel-pour-le-sommeil-les-calins-et-le-soulagement-du-stress-75-100cm\/"]}]},{"@type":"ImageObject","inLanguage":"fr-FR","@id":"https:\/\/capy-planet.com\/fr\/shop\/capyhugger-oreiller-en-peluche-geant-de-capybara-coussin-kawaii-corporel-pour-le-sommeil-les-calins-et-le-soulagement-du-stress-75-100cm\/#primaryimage","url":"https:\/\/i0.wp.com\/capy-planet.com\/wp-content\/uploads\/sites\/2\/2025\/04\/S0b6860c13c0b486d95f25c53059656c88.webp?fit=800%2C800&ssl=1","contentUrl":"https:\/\/i0.wp.com\/capy-planet.com\/wp-content\/uploads\/sites\/2\/2025\/04\/S0b6860c13c0b486d95f25c53059656c88.webp?fit=800%2C800&ssl=1","width":800,"height":800},{"@type":"BreadcrumbList","@id":"https:\/\/capy-planet.com\/fr\/shop\/capyhugger-oreiller-en-peluche-geant-de-capybara-coussin-kawaii-corporel-pour-le-sommeil-les-calins-et-le-soulagement-du-stress-75-100cm\/#breadcrumb","itemListElement":[{"@type":"ListItem","position":1,"name":"Home","item":"https:\/\/capy-planet.com\/fr\/home\/"},{"@type":"ListItem","position":2,"name":"Capy Shop","item":"https:\/\/capy-planet.com\/shop\/"},{"@type":"ListItem","position":3,"name":"CapyHugger \u2013 Peluche g\u00e9ante de capybara en forme d&#8217;oreiller | Coussin corporel kawaii surdimensionn\u00e9 (75\u2013100 cm)"}]},{"@type":"WebSite","@id":"https:\/\/capy-planet.com\/fr\/#website","url":"https:\/\/capy-planet.com\/fr\/","name":"Capy Planet","description":"Adoptez la vibe Capybara !","publisher":{"@id":"https:\/\/capy-planet.com\/fr\/#organization"},"potentialAction":[{"@type":"SearchAction","target":{"@type":"EntryPoint","urlTemplate":"https:\/\/capy-planet.com\/fr\/?s={search_term_string}"},"query-input":{"@type":"PropertyValueSpecification","valueRequired":true,"valueName":"search_term_string"}}],"inLanguage":"fr-FR"},{"@type":"Organization","@id":"https:\/\/capy-planet.com\/fr\/#organization","name":"Plan\u00e8te Capy","url":"https:\/\/capy-planet.com\/fr\/","logo":{"@type":"ImageObject","inLanguage":"fr-FR","@id":"https:\/\/capy-planet.com\/fr\/#\/schema\/logo\/image\/","url":"https:\/\/i0.wp.com\/capy-planet.com\/wp-content\/uploads\/sites\/2\/2025\/03\/Henri_Hardillier_Capybara_face_large_smile_big_white_kawaii_eyes_c795f5d3-126d-4c2b-bf35-82751b2d63bb-2.png?fit=705%2C705&ssl=1","contentUrl":"https:\/\/i0.wp.com\/capy-planet.com\/wp-content\/uploads\/sites\/2\/2025\/03\/Henri_Hardillier_Capybara_face_large_smile_big_white_kawaii_eyes_c795f5d3-126d-4c2b-bf35-82751b2d63bb-2.png?fit=705%2C705&ssl=1","width":705,"height":705,"caption":"Plan\u00e8te Capy"},"image":{"@id":"https:\/\/capy-planet.com\/fr\/#\/schema\/logo\/image\/"},"sameAs":["https:\/\/www.facebook.com\/capy.planet","https:\/\/www.instagram.com\/capy_planet_com"]}]}},"jetpack_sharing_enabled":true,"_links":{"self":[{"href":"https:\/\/capy-planet.com\/fr\/wp-json\/wp\/v2\/product\/44475","targetHints":{"allow":["GET"]}}],"collection":[{"href":"https:\/\/capy-planet.com\/fr\/wp-json\/wp\/v2\/product"}],"about":[{"href":"https:\/\/capy-planet.com\/fr\/wp-json\/wp\/v2\/types\/product"}],"replies":[{"embeddable":true,"href":"https:\/\/capy-planet.com\/fr\/wp-json\/wp\/v2\/comments?post=44475"}],"wp:featuredmedia":[{"embeddable":true,"href":"https:\/\/capy-planet.com\/fr\/wp-json\/wp\/v2\/media\/44420"}],"wp:attachment":[{"href":"https:\/\/capy-planet.com\/fr\/wp-json\/wp\/v2\/media?parent=44475"}],"wp:term":[{"taxonomy":"product_brand","embeddable":true,"href":"https:\/\/capy-planet.com\/fr\/wp-json\/wp\/v2\/product_brand?post=44475"},{"taxonomy":"product_cat","embeddable":true,"href":"https:\/\/capy-planet.com\/fr\/wp-json\/wp\/v2\/product_cat?post=44475"},{"taxonomy":"product_tag","embeddable":true,"href":"https:\/\/capy-planet.com\/fr\/wp-json\/wp\/v2\/product_tag?post=44475"}],"curies":[{"name":"wp","href":"https:\/\/api.w.org\/{rel}","templated":true}]}}