{"id":44389,"date":"2025-04-11T03:19:41","date_gmt":"2025-04-10T20:19:41","guid":{"rendered":"https:\/\/capy-planet.com\/shop\/capyvangogh-impression-murale-la-nuit-etoilee-avec-capybara-affiche-sur-toile-vintage-pour-une-decoration-dinterieur-fantaisiste-et-artistique\/"},"modified":"2025-04-13T02:19:27","modified_gmt":"2025-04-12T19:19:27","slug":"capyvangogh-impression-murale-la-nuit-etoilee-avec-capybara-affiche-sur-toile-vintage-pour-une-decoration-dinterieur-fantaisiste-et-artistique","status":"publish","type":"product","link":"https:\/\/capy-planet.com\/fr\/shop\/capyvangogh-impression-murale-la-nuit-etoilee-avec-capybara-affiche-sur-toile-vintage-pour-une-decoration-dinterieur-fantaisiste-et-artistique\/","title":{"rendered":"CapyVanGogh \u2013 Impression murale du Capybara Nuit \u00e9toil\u00e9e | Affiche sur toile vintage pour d\u00e9coration"},"content":{"rendered":"<p class=\"\" data-start=\"412\" data-end=\"545\">Transformez votre mur en un chef-d&rsquo;\u0153uvre fantaisiste avec <strong data-start=\"466\" data-end=\"482\">CapyVanGogh<\/strong>, une interpr\u00e9tation onirique du capybara dans le style intemporel de \u00ab\u00a0La Nuit \u00e9toil\u00e9e\u00a0\u00bb !<\/p>\n<p class=\"\" data-start=\"547\" data-end=\"897\">Cette impression d&rsquo;art magnifiquement rendue met en sc\u00e8ne votre cr\u00e9ature d\u00e9contract\u00e9e pr\u00e9f\u00e9r\u00e9e \u2014 oui, le capybara \u2014 r\u00e9imagin\u00e9e sous un ciel nocturne tourbillonnant, inspir\u00e9 de l&#8217;embl\u00e9matique tableau de Van Gogh. Imprim\u00e9e sur une toile de haute qualit\u00e9 dans une gamme de tailles, c&rsquo;est la pi\u00e8ce parfaite pour ajouter du charme, de l&rsquo;humour et une touche de sophistication \u00e0 tout salon, chambre, bureau ou coin cr\u00e9atif. <\/p>\n<p class=\"\" data-start=\"899\" data-end=\"958\">\ud83d\udca1 <strong data-start=\"902\" data-end=\"958\">Pourquoi CapyVanGogh est un incontournable pour les amateurs d&rsquo;art mural :<\/strong><\/p>\n<ul data-start=\"959\" data-end=\"1387\">\n<li class=\"\" data-start=\"959\" data-end=\"1030\">\n<p class=\"\" data-start=\"961\" data-end=\"1030\">\ud83c\udfa8 Magnifique \u0153uvre d&rsquo;art capybara de style vintage avec des r\u00e9miniscences de La Nuit \u00e9toil\u00e9e<\/p>\n<\/li>\n<li class=\"\" data-start=\"1031\" data-end=\"1098\">\n<p class=\"\" data-start=\"1033\" data-end=\"1098\">\ud83d\uddbc\ufe0f Disponible en plusieurs tailles (de 20x30cm \u00e0 70x100cm, non encadr\u00e9)<\/p>\n<\/li>\n<li class=\"\" data-start=\"1099\" data-end=\"1166\">\n<p class=\"\" data-start=\"1101\" data-end=\"1166\">\ud83e\uddf1 Impression sur toile de qualit\u00e9 sup\u00e9rieure \u2013 couleurs vives et qualit\u00e9 durable<\/p>\n<\/li>\n<li class=\"\" data-start=\"1167\" data-end=\"1246\">\n<p class=\"\" data-start=\"1169\" data-end=\"1246\">\ud83c\udfe1 S&rsquo;int\u00e8gre parfaitement dans les d\u00e9cors \u00e9clectiques, cottagecore, boh\u00e8mes et \u00e0 th\u00e8me animalier<\/p>\n<\/li>\n<li class=\"\" data-start=\"1247\" data-end=\"1318\">\n<p class=\"\" data-start=\"1249\" data-end=\"1318\">\ud83c\udf81 Cadeau id\u00e9al pour les amateurs d&rsquo;art, les amoureux des animaux et les stylistes d&rsquo;int\u00e9rieur originaux<\/p>\n<\/li>\n<li class=\"\" data-start=\"1319\" data-end=\"1387\">\n<p class=\"\" data-start=\"1321\" data-end=\"1387\">\ud83d\udc3e Ajoute de la profondeur, de la personnalit\u00e9 et une touche de calme surr\u00e9aliste \u00e0 n&rsquo;importe quelle pi\u00e8ce<\/p>\n<\/li>\n<\/ul>\n<p class=\"\" data-start=\"1389\" data-end=\"1510\">Que vous soyez un admirateur de capybaras ou simplement amateur d&rsquo;art mural amusant et \u00e9l\u00e9gant, <strong data-start=\"1457\" data-end=\"1473\">CapyVanGogh<\/strong> est votre pi\u00e8ce ma\u00eetresse aux yeux \u00e9toil\u00e9s.<\/p>\n","protected":false},"excerpt":{"rendered":"<p>\ud83c\udfa8 <strong>CapyVanGogh<\/strong> \u2013 Une impression d&rsquo;art capybara fantaisiste inspir\u00e9e de La Nuit \u00e9toil\u00e9e ! Affiche sur toile vintage pour une d\u00e9coration murale \u00e9l\u00e9gante et originale. Non encadr\u00e9e et pr\u00eate \u00e0 \u00eatre accroch\u00e9e.  <\/p>\n","protected":false},"featured_media":44364,"comment_status":"open","ping_status":"closed","template":"","meta":[],"product_brand":[],"product_cat":[1812],"product_tag":[2147,2143,2149,1896,2146,2144,514,2142,2148,2145],"class_list":{"0":"post-44389","1":"product","2":"type-product","3":"status-publish","4":"has-post-thumbnail","6":"product_cat-capy-decorations-fr","7":"product_tag-affiche-danimal-mignon","8":"product_tag-affiche-parodique-de-van-gogh","9":"product_tag-art-animalier-non-encadre","10":"product_tag-art-mural-de-capybara","11":"product_tag-art-vintage-de-capybara","12":"product_tag-decoration-animaliere-fantaisiste","13":"product_tag-capybara-gift-idea-fr","14":"product_tag-impression-animale-nuit-etoilee","15":"product_tag-impression-murale-esthetique","16":"product_tag-peinture-sur-toile-de-capybara","18":"first","19":"instock","20":"sale","21":"shipping-taxable","22":"purchasable","23":"product-type-variable"},"yoast_head":"<!-- This site is optimized with the Yoast SEO plugin v27.0 - https:\/\/yoast.com\/product\/yoast-seo-wordpress\/ -->\n<title>CapyVanGogh \u2013 Impression murale du Capybara Nuit \u00e9toil\u00e9e | Affiche sur toile vintage pour d\u00e9coration - Capy Planet<\/title>\n<meta name=\"description\" content=\"\ud83c\udfa8 CapyVanGogh \u2013 Art capybara inspir\u00e9 de La Nuit \u00e9toil\u00e9e. Affiche vintage pour d\u00e9co murale originale. Non encadr\u00e9e.\" \/>\n<meta name=\"robots\" content=\"index, follow, max-snippet:-1, max-image-preview:large, max-video-preview:-1\" \/>\n<link rel=\"canonical\" href=\"https:\/\/capy-planet.com\/fr\/shop\/capyvangogh-impression-murale-la-nuit-etoilee-avec-capybara-affiche-sur-toile-vintage-pour-une-decoration-dinterieur-fantaisiste-et-artistique\/\" \/>\n<meta property=\"og:locale\" content=\"fr_FR\" \/>\n<meta property=\"og:type\" content=\"article\" \/>\n<meta property=\"og:title\" content=\"CapyVanGogh \u2013 Impression murale du Capybara Nuit \u00e9toil\u00e9e | Affiche sur toile vintage pour d\u00e9coration - Capy Planet\" \/>\n<meta property=\"og:description\" content=\"\ud83c\udfa8 CapyVanGogh \u2013 Art capybara inspir\u00e9 de La Nuit \u00e9toil\u00e9e. Affiche vintage pour d\u00e9co murale originale. Non encadr\u00e9e.\" \/>\n<meta property=\"og:url\" content=\"https:\/\/capy-planet.com\/fr\/shop\/capyvangogh-impression-murale-la-nuit-etoilee-avec-capybara-affiche-sur-toile-vintage-pour-une-decoration-dinterieur-fantaisiste-et-artistique\/\" \/>\n<meta property=\"og:site_name\" content=\"Capy Planet\" \/>\n<meta property=\"article:publisher\" content=\"https:\/\/www.facebook.com\/capy.planet\" \/>\n<meta property=\"article:modified_time\" content=\"2025-04-12T19:19:27+00:00\" \/>\n<meta property=\"og:image\" content=\"https:\/\/capy-planet.com\/wp-content\/uploads\/sites\/2\/2025\/04\/S25aaf50790854bf388cc6d0052983bfdC.webp\" \/>\n\t<meta property=\"og:image:width\" content=\"857\" \/>\n\t<meta property=\"og:image:height\" content=\"1200\" \/>\n\t<meta property=\"og:image:type\" content=\"image\/webp\" \/>\n<meta name=\"twitter:card\" content=\"summary_large_image\" \/>\n<meta name=\"twitter:label1\" content=\"Dur\u00e9e de lecture estim\u00e9e\" \/>\n\t<meta name=\"twitter:data1\" content=\"1 minute\" \/>\n<script type=\"application\/ld+json\" class=\"yoast-schema-graph\">{\"@context\":\"https:\/\/schema.org\",\"@graph\":[{\"@type\":\"WebPage\",\"@id\":\"https:\/\/capy-planet.com\/fr\/shop\/capyvangogh-impression-murale-la-nuit-etoilee-avec-capybara-affiche-sur-toile-vintage-pour-une-decoration-dinterieur-fantaisiste-et-artistique\/\",\"url\":\"https:\/\/capy-planet.com\/fr\/shop\/capyvangogh-impression-murale-la-nuit-etoilee-avec-capybara-affiche-sur-toile-vintage-pour-une-decoration-dinterieur-fantaisiste-et-artistique\/\",\"name\":\"CapyVanGogh \u2013 Impression murale du Capybara Nuit \u00e9toil\u00e9e | Affiche sur toile vintage pour d\u00e9coration - Capy Planet\",\"isPartOf\":{\"@id\":\"https:\/\/capy-planet.com\/fr\/#website\"},\"primaryImageOfPage\":{\"@id\":\"https:\/\/capy-planet.com\/fr\/shop\/capyvangogh-impression-murale-la-nuit-etoilee-avec-capybara-affiche-sur-toile-vintage-pour-une-decoration-dinterieur-fantaisiste-et-artistique\/#primaryimage\"},\"image\":{\"@id\":\"https:\/\/capy-planet.com\/fr\/shop\/capyvangogh-impression-murale-la-nuit-etoilee-avec-capybara-affiche-sur-toile-vintage-pour-une-decoration-dinterieur-fantaisiste-et-artistique\/#primaryimage\"},\"thumbnailUrl\":\"https:\/\/i0.wp.com\/capy-planet.com\/wp-content\/uploads\/sites\/2\/2025\/04\/S25aaf50790854bf388cc6d0052983bfdC.webp?fit=857%2C1200&ssl=1\",\"datePublished\":\"2025-04-10T20:19:41+00:00\",\"dateModified\":\"2025-04-12T19:19:27+00:00\",\"description\":\"\ud83c\udfa8 CapyVanGogh \u2013 Art capybara inspir\u00e9 de La Nuit \u00e9toil\u00e9e. Affiche vintage pour d\u00e9co murale originale. Non encadr\u00e9e.\",\"breadcrumb\":{\"@id\":\"https:\/\/capy-planet.com\/fr\/shop\/capyvangogh-impression-murale-la-nuit-etoilee-avec-capybara-affiche-sur-toile-vintage-pour-une-decoration-dinterieur-fantaisiste-et-artistique\/#breadcrumb\"},\"inLanguage\":\"fr-FR\",\"potentialAction\":[{\"@type\":\"ReadAction\",\"target\":[\"https:\/\/capy-planet.com\/fr\/shop\/capyvangogh-impression-murale-la-nuit-etoilee-avec-capybara-affiche-sur-toile-vintage-pour-une-decoration-dinterieur-fantaisiste-et-artistique\/\"]}]},{\"@type\":\"ImageObject\",\"inLanguage\":\"fr-FR\",\"@id\":\"https:\/\/capy-planet.com\/fr\/shop\/capyvangogh-impression-murale-la-nuit-etoilee-avec-capybara-affiche-sur-toile-vintage-pour-une-decoration-dinterieur-fantaisiste-et-artistique\/#primaryimage\",\"url\":\"https:\/\/i0.wp.com\/capy-planet.com\/wp-content\/uploads\/sites\/2\/2025\/04\/S25aaf50790854bf388cc6d0052983bfdC.webp?fit=857%2C1200&ssl=1\",\"contentUrl\":\"https:\/\/i0.wp.com\/capy-planet.com\/wp-content\/uploads\/sites\/2\/2025\/04\/S25aaf50790854bf388cc6d0052983bfdC.webp?fit=857%2C1200&ssl=1\",\"width\":857,\"height\":1200},{\"@type\":\"BreadcrumbList\",\"@id\":\"https:\/\/capy-planet.com\/fr\/shop\/capyvangogh-impression-murale-la-nuit-etoilee-avec-capybara-affiche-sur-toile-vintage-pour-une-decoration-dinterieur-fantaisiste-et-artistique\/#breadcrumb\",\"itemListElement\":[{\"@type\":\"ListItem\",\"position\":1,\"name\":\"Home\",\"item\":\"https:\/\/capy-planet.com\/fr\/home\/\"},{\"@type\":\"ListItem\",\"position\":2,\"name\":\"Capy Shop\",\"item\":\"https:\/\/capy-planet.com\/shop\/\"},{\"@type\":\"ListItem\",\"position\":3,\"name\":\"CapyVanGogh \u2013 Impression murale du Capybara Nuit \u00e9toil\u00e9e | Affiche sur toile vintage pour d\u00e9coration\"}]},{\"@type\":\"WebSite\",\"@id\":\"https:\/\/capy-planet.com\/fr\/#website\",\"url\":\"https:\/\/capy-planet.com\/fr\/\",\"name\":\"Capy Planet\",\"description\":\"Adoptez la vibe Capybara !\",\"publisher\":{\"@id\":\"https:\/\/capy-planet.com\/fr\/#organization\"},\"potentialAction\":[{\"@type\":\"SearchAction\",\"target\":{\"@type\":\"EntryPoint\",\"urlTemplate\":\"https:\/\/capy-planet.com\/fr\/?s={search_term_string}\"},\"query-input\":{\"@type\":\"PropertyValueSpecification\",\"valueRequired\":true,\"valueName\":\"search_term_string\"}}],\"inLanguage\":\"fr-FR\"},{\"@type\":\"Organization\",\"@id\":\"https:\/\/capy-planet.com\/fr\/#organization\",\"name\":\"Plan\u00e8te Capy\",\"url\":\"https:\/\/capy-planet.com\/fr\/\",\"logo\":{\"@type\":\"ImageObject\",\"inLanguage\":\"fr-FR\",\"@id\":\"https:\/\/capy-planet.com\/fr\/#\/schema\/logo\/image\/\",\"url\":\"https:\/\/i0.wp.com\/capy-planet.com\/wp-content\/uploads\/sites\/2\/2025\/03\/Henri_Hardillier_Capybara_face_large_smile_big_white_kawaii_eyes_c795f5d3-126d-4c2b-bf35-82751b2d63bb-2.png?fit=705%2C705&ssl=1\",\"contentUrl\":\"https:\/\/i0.wp.com\/capy-planet.com\/wp-content\/uploads\/sites\/2\/2025\/03\/Henri_Hardillier_Capybara_face_large_smile_big_white_kawaii_eyes_c795f5d3-126d-4c2b-bf35-82751b2d63bb-2.png?fit=705%2C705&ssl=1\",\"width\":705,\"height\":705,\"caption\":\"Plan\u00e8te Capy\"},\"image\":{\"@id\":\"https:\/\/capy-planet.com\/fr\/#\/schema\/logo\/image\/\"},\"sameAs\":[\"https:\/\/www.facebook.com\/capy.planet\",\"https:\/\/www.instagram.com\/capy_planet_com\"]}]}<\/script>\n<!-- \/ Yoast SEO plugin. -->","yoast_head_json":{"title":"CapyVanGogh \u2013 Impression murale du Capybara Nuit \u00e9toil\u00e9e | Affiche sur toile vintage pour d\u00e9coration - Capy Planet","description":"\ud83c\udfa8 CapyVanGogh \u2013 Art capybara inspir\u00e9 de La Nuit \u00e9toil\u00e9e. Affiche vintage pour d\u00e9co murale originale. Non encadr\u00e9e.","robots":{"index":"index","follow":"follow","max-snippet":"max-snippet:-1","max-image-preview":"max-image-preview:large","max-video-preview":"max-video-preview:-1"},"canonical":"https:\/\/capy-planet.com\/fr\/shop\/capyvangogh-impression-murale-la-nuit-etoilee-avec-capybara-affiche-sur-toile-vintage-pour-une-decoration-dinterieur-fantaisiste-et-artistique\/","og_locale":"fr_FR","og_type":"article","og_title":"CapyVanGogh \u2013 Impression murale du Capybara Nuit \u00e9toil\u00e9e | Affiche sur toile vintage pour d\u00e9coration - Capy Planet","og_description":"\ud83c\udfa8 CapyVanGogh \u2013 Art capybara inspir\u00e9 de La Nuit \u00e9toil\u00e9e. Affiche vintage pour d\u00e9co murale originale. Non encadr\u00e9e.","og_url":"https:\/\/capy-planet.com\/fr\/shop\/capyvangogh-impression-murale-la-nuit-etoilee-avec-capybara-affiche-sur-toile-vintage-pour-une-decoration-dinterieur-fantaisiste-et-artistique\/","og_site_name":"Capy Planet","article_publisher":"https:\/\/www.facebook.com\/capy.planet","article_modified_time":"2025-04-12T19:19:27+00:00","og_image":[{"width":857,"height":1200,"url":"https:\/\/capy-planet.com\/wp-content\/uploads\/sites\/2\/2025\/04\/S25aaf50790854bf388cc6d0052983bfdC.webp","type":"image\/webp"}],"twitter_card":"summary_large_image","twitter_misc":{"Dur\u00e9e de lecture estim\u00e9e":"1 minute"},"schema":{"@context":"https:\/\/schema.org","@graph":[{"@type":"WebPage","@id":"https:\/\/capy-planet.com\/fr\/shop\/capyvangogh-impression-murale-la-nuit-etoilee-avec-capybara-affiche-sur-toile-vintage-pour-une-decoration-dinterieur-fantaisiste-et-artistique\/","url":"https:\/\/capy-planet.com\/fr\/shop\/capyvangogh-impression-murale-la-nuit-etoilee-avec-capybara-affiche-sur-toile-vintage-pour-une-decoration-dinterieur-fantaisiste-et-artistique\/","name":"CapyVanGogh \u2013 Impression murale du Capybara Nuit \u00e9toil\u00e9e | Affiche sur toile vintage pour d\u00e9coration - Capy Planet","isPartOf":{"@id":"https:\/\/capy-planet.com\/fr\/#website"},"primaryImageOfPage":{"@id":"https:\/\/capy-planet.com\/fr\/shop\/capyvangogh-impression-murale-la-nuit-etoilee-avec-capybara-affiche-sur-toile-vintage-pour-une-decoration-dinterieur-fantaisiste-et-artistique\/#primaryimage"},"image":{"@id":"https:\/\/capy-planet.com\/fr\/shop\/capyvangogh-impression-murale-la-nuit-etoilee-avec-capybara-affiche-sur-toile-vintage-pour-une-decoration-dinterieur-fantaisiste-et-artistique\/#primaryimage"},"thumbnailUrl":"https:\/\/i0.wp.com\/capy-planet.com\/wp-content\/uploads\/sites\/2\/2025\/04\/S25aaf50790854bf388cc6d0052983bfdC.webp?fit=857%2C1200&ssl=1","datePublished":"2025-04-10T20:19:41+00:00","dateModified":"2025-04-12T19:19:27+00:00","description":"\ud83c\udfa8 CapyVanGogh \u2013 Art capybara inspir\u00e9 de La Nuit \u00e9toil\u00e9e. Affiche vintage pour d\u00e9co murale originale. Non encadr\u00e9e.","breadcrumb":{"@id":"https:\/\/capy-planet.com\/fr\/shop\/capyvangogh-impression-murale-la-nuit-etoilee-avec-capybara-affiche-sur-toile-vintage-pour-une-decoration-dinterieur-fantaisiste-et-artistique\/#breadcrumb"},"inLanguage":"fr-FR","potentialAction":[{"@type":"ReadAction","target":["https:\/\/capy-planet.com\/fr\/shop\/capyvangogh-impression-murale-la-nuit-etoilee-avec-capybara-affiche-sur-toile-vintage-pour-une-decoration-dinterieur-fantaisiste-et-artistique\/"]}]},{"@type":"ImageObject","inLanguage":"fr-FR","@id":"https:\/\/capy-planet.com\/fr\/shop\/capyvangogh-impression-murale-la-nuit-etoilee-avec-capybara-affiche-sur-toile-vintage-pour-une-decoration-dinterieur-fantaisiste-et-artistique\/#primaryimage","url":"https:\/\/i0.wp.com\/capy-planet.com\/wp-content\/uploads\/sites\/2\/2025\/04\/S25aaf50790854bf388cc6d0052983bfdC.webp?fit=857%2C1200&ssl=1","contentUrl":"https:\/\/i0.wp.com\/capy-planet.com\/wp-content\/uploads\/sites\/2\/2025\/04\/S25aaf50790854bf388cc6d0052983bfdC.webp?fit=857%2C1200&ssl=1","width":857,"height":1200},{"@type":"BreadcrumbList","@id":"https:\/\/capy-planet.com\/fr\/shop\/capyvangogh-impression-murale-la-nuit-etoilee-avec-capybara-affiche-sur-toile-vintage-pour-une-decoration-dinterieur-fantaisiste-et-artistique\/#breadcrumb","itemListElement":[{"@type":"ListItem","position":1,"name":"Home","item":"https:\/\/capy-planet.com\/fr\/home\/"},{"@type":"ListItem","position":2,"name":"Capy Shop","item":"https:\/\/capy-planet.com\/shop\/"},{"@type":"ListItem","position":3,"name":"CapyVanGogh \u2013 Impression murale du Capybara Nuit \u00e9toil\u00e9e | Affiche sur toile vintage pour d\u00e9coration"}]},{"@type":"WebSite","@id":"https:\/\/capy-planet.com\/fr\/#website","url":"https:\/\/capy-planet.com\/fr\/","name":"Capy Planet","description":"Adoptez la vibe Capybara !","publisher":{"@id":"https:\/\/capy-planet.com\/fr\/#organization"},"potentialAction":[{"@type":"SearchAction","target":{"@type":"EntryPoint","urlTemplate":"https:\/\/capy-planet.com\/fr\/?s={search_term_string}"},"query-input":{"@type":"PropertyValueSpecification","valueRequired":true,"valueName":"search_term_string"}}],"inLanguage":"fr-FR"},{"@type":"Organization","@id":"https:\/\/capy-planet.com\/fr\/#organization","name":"Plan\u00e8te Capy","url":"https:\/\/capy-planet.com\/fr\/","logo":{"@type":"ImageObject","inLanguage":"fr-FR","@id":"https:\/\/capy-planet.com\/fr\/#\/schema\/logo\/image\/","url":"https:\/\/i0.wp.com\/capy-planet.com\/wp-content\/uploads\/sites\/2\/2025\/03\/Henri_Hardillier_Capybara_face_large_smile_big_white_kawaii_eyes_c795f5d3-126d-4c2b-bf35-82751b2d63bb-2.png?fit=705%2C705&ssl=1","contentUrl":"https:\/\/i0.wp.com\/capy-planet.com\/wp-content\/uploads\/sites\/2\/2025\/03\/Henri_Hardillier_Capybara_face_large_smile_big_white_kawaii_eyes_c795f5d3-126d-4c2b-bf35-82751b2d63bb-2.png?fit=705%2C705&ssl=1","width":705,"height":705,"caption":"Plan\u00e8te Capy"},"image":{"@id":"https:\/\/capy-planet.com\/fr\/#\/schema\/logo\/image\/"},"sameAs":["https:\/\/www.facebook.com\/capy.planet","https:\/\/www.instagram.com\/capy_planet_com"]}]}},"jetpack_sharing_enabled":true,"_links":{"self":[{"href":"https:\/\/capy-planet.com\/fr\/wp-json\/wp\/v2\/product\/44389","targetHints":{"allow":["GET"]}}],"collection":[{"href":"https:\/\/capy-planet.com\/fr\/wp-json\/wp\/v2\/product"}],"about":[{"href":"https:\/\/capy-planet.com\/fr\/wp-json\/wp\/v2\/types\/product"}],"replies":[{"embeddable":true,"href":"https:\/\/capy-planet.com\/fr\/wp-json\/wp\/v2\/comments?post=44389"}],"wp:featuredmedia":[{"embeddable":true,"href":"https:\/\/capy-planet.com\/fr\/wp-json\/wp\/v2\/media\/44364"}],"wp:attachment":[{"href":"https:\/\/capy-planet.com\/fr\/wp-json\/wp\/v2\/media?parent=44389"}],"wp:term":[{"taxonomy":"product_brand","embeddable":true,"href":"https:\/\/capy-planet.com\/fr\/wp-json\/wp\/v2\/product_brand?post=44389"},{"taxonomy":"product_cat","embeddable":true,"href":"https:\/\/capy-planet.com\/fr\/wp-json\/wp\/v2\/product_cat?post=44389"},{"taxonomy":"product_tag","embeddable":true,"href":"https:\/\/capy-planet.com\/fr\/wp-json\/wp\/v2\/product_tag?post=44389"}],"curies":[{"name":"wp","href":"https:\/\/api.w.org\/{rel}","templated":true}]}}