{"id":44326,"date":"2025-04-11T03:12:20","date_gmt":"2025-04-10T20:12:20","guid":{"rendered":"https:\/\/capy-planet.com\/shop\/capyclass-sac-a-dos-scolaire-kawaii-capybara-avec-trousse-assortie-sac-a-dos-ajustable-pour-adolescents-travail-et-aventures-quotidiennes\/"},"modified":"2025-04-13T02:19:22","modified_gmt":"2025-04-12T19:19:22","slug":"capyclass-sac-a-dos-scolaire-kawaii-capybara-avec-trousse-assortie-sac-a-dos-ajustable-pour-adolescents-travail-et-aventures-quotidiennes","status":"publish","type":"product","link":"https:\/\/capy-planet.com\/fr\/shop\/capyclass-sac-a-dos-scolaire-kawaii-capybara-avec-trousse-assortie-sac-a-dos-ajustable-pour-adolescents-travail-et-aventures-quotidiennes\/","title":{"rendered":"CapyClass \u2013 Sac \u00e0 dos scolaire Kawaii Capybara avec trousse assortie"},"content":{"rendered":"<p class=\"\" data-start=\"440\" data-end=\"629\">\u00c9levez votre style scolaire ou professionnel \u00e0 un <em data-start=\"473\" data-end=\"490\">niveau de mignonnerie digne du capybara<\/em> avec le sac \u00e0 dos <strong data-start=\"500\" data-end=\"514\">CapyClass<\/strong> \u2014 un sac de jour \u00e9l\u00e9gant, spacieux et irr\u00e9sistiblement kawaii mettant en vedette notre animal d\u00e9contract\u00e9 pr\u00e9f\u00e9r\u00e9 : le capybara !<\/p>\n<p class=\"\" data-start=\"631\" data-end=\"942\">Ce sac \u00e0 dos polyvalent comprend une trousse assortie, des bretelles rembourr\u00e9es ajustables et de multiples compartiments pour garder vos effets essentiels organis\u00e9s et votre style impeccable. Con\u00e7u pour les \u00e9tudiants, les artistes, les navetteurs et les amateurs de capybaras, <strong data-start=\"858\" data-end=\"872\">CapyClass<\/strong> allie utilit\u00e9 et charme inspir\u00e9 des capybaras pour rendre chaque journ\u00e9e plus adorable. <\/p>\n<p class=\"\" data-start=\"944\" data-end=\"978\">\ud83d\udca1 <strong data-start=\"947\" data-end=\"978\">Pourquoi vous adorerez CapyClass :<\/strong><\/p>\n<ul data-start=\"979\" data-end=\"1427\">\n<li class=\"\" data-start=\"979\" data-end=\"1047\">\n<p class=\"\" data-start=\"981\" data-end=\"1047\">\ud83d\udc39 Arbore d&rsquo;adorables illustrations de capybaras et des broderies ludiques<\/p>\n<\/li>\n<li class=\"\" data-start=\"1048\" data-end=\"1093\">\n<p class=\"\" data-start=\"1050\" data-end=\"1093\">\u270f\ufe0f Livr\u00e9 avec une trousse assortie GRATUITE<\/p>\n<\/li>\n<li class=\"\" data-start=\"1094\" data-end=\"1163\">\n<p class=\"\" data-start=\"1096\" data-end=\"1163\">\ud83c\udf92 Design spacieux pouvant accueillir livres, ordinateurs portables, v\u00eatements ou achats<\/p>\n<\/li>\n<li class=\"\" data-start=\"1164\" data-end=\"1225\">\n<p class=\"\" data-start=\"1166\" data-end=\"1225\">\ud83d\udcbc L\u00e9ger avec des bretelles ajustables pour un confort tout au long de la journ\u00e9e<\/p>\n<\/li>\n<li class=\"\" data-start=\"1226\" data-end=\"1282\">\n<p class=\"\" data-start=\"1228\" data-end=\"1282\">\ud83e\uddf7 Compartiments zipp\u00e9s pour l&rsquo;organisation et la s\u00e9curit\u00e9<\/p>\n<\/li>\n<li class=\"\" data-start=\"1283\" data-end=\"1349\">\n<p class=\"\" data-start=\"1285\" data-end=\"1349\">\ud83e\uddc1 Parfait pour l&rsquo;\u00e9cole, les voyages, l&rsquo;universit\u00e9, le travail ou l&rsquo;\u00e9tude en caf\u00e9<\/p>\n<\/li>\n<li class=\"\" data-start=\"1350\" data-end=\"1427\">\n<p class=\"\" data-start=\"1352\" data-end=\"1427\">\ud83c\udf81 Excellent cadeau pour les \u00e9tudiants, les adolescents ou toute personne adoptant un style de vie centr\u00e9 sur les capybaras<\/p>\n<\/li>\n<\/ul>\n<p class=\"\" data-start=\"1429\" data-end=\"1588\">Que vous vous dirigiez vers votre salle de classe ou votre caf\u00e9 pr\u00e9f\u00e9r\u00e9, <strong data-start=\"1493\" data-end=\"1507\">CapyClass<\/strong> transportera vos effets essentiels et votre fiert\u00e9 capybara dans un ensemble adorablement organis\u00e9.<\/p>\n","protected":false},"excerpt":{"rendered":"<p>\ud83c\udf92 <strong>CapyClass<\/strong> \u2013 Sac \u00e0 dos kawaii de capybara avec trousse ! Spacieux, confortable et parfait pour l&rsquo;\u00e9cole, l&rsquo;universit\u00e9 ou les navetteurs amateurs de capybaras. <\/p>\n","protected":false},"featured_media":44292,"comment_status":"open","ping_status":"closed","template":"","meta":[],"product_brand":[],"product_cat":[1701],"product_tag":[2118,1588,1873,2120,1356,2117,2116,1357,2119,1051],"class_list":{"0":"post-44326","1":"product","2":"type-product","3":"status-publish","4":"has-post-thumbnail","6":"product_cat-capy-bags-fr","7":"product_tag-cartable-etudiant","8":"product_tag-coffret-cadeau-capybara","9":"product_tag-fournitures-scolaires-capybara","10":"product_tag-papeterie-capybara","11":"product_tag-sac-a-dos-capybara","12":"product_tag-sac-a-dos-danimal-mignon","13":"product_tag-sac-a-dos-esthetique","14":"product_tag-cartable-kawaii","15":"product_tag-sac-de-jour-universitaire","16":"product_tag-trousse-a-crayons-capybara","18":"first","19":"instock","20":"sale","21":"shipping-taxable","22":"purchasable","23":"product-type-variable"},"yoast_head":"<!-- This site is optimized with the Yoast SEO plugin v27.0 - https:\/\/yoast.com\/product\/yoast-seo-wordpress\/ -->\n<title>CapyClass \u2013 Sac \u00e0 dos scolaire Kawaii Capybara avec trousse assortie - Capy Planet<\/title>\n<meta name=\"description\" content=\"\ud83c\udf92 CapyClass \u2013 Sac \u00e0 dos capybara kawaii avec trousse. Id\u00e9al pour \u00e9cole et fans de capybaras.\" \/>\n<meta name=\"robots\" content=\"index, follow, max-snippet:-1, max-image-preview:large, max-video-preview:-1\" \/>\n<link rel=\"canonical\" href=\"https:\/\/capy-planet.com\/fr\/shop\/capyclass-sac-a-dos-scolaire-kawaii-capybara-avec-trousse-assortie-sac-a-dos-ajustable-pour-adolescents-travail-et-aventures-quotidiennes\/\" \/>\n<meta property=\"og:locale\" content=\"fr_FR\" \/>\n<meta property=\"og:type\" content=\"article\" \/>\n<meta property=\"og:title\" content=\"CapyClass \u2013 Sac \u00e0 dos scolaire Kawaii Capybara avec trousse assortie - Capy Planet\" \/>\n<meta property=\"og:description\" content=\"\ud83c\udf92 CapyClass \u2013 Sac \u00e0 dos capybara kawaii avec trousse. Id\u00e9al pour \u00e9cole et fans de capybaras.\" \/>\n<meta property=\"og:url\" content=\"https:\/\/capy-planet.com\/fr\/shop\/capyclass-sac-a-dos-scolaire-kawaii-capybara-avec-trousse-assortie-sac-a-dos-ajustable-pour-adolescents-travail-et-aventures-quotidiennes\/\" \/>\n<meta property=\"og:site_name\" content=\"Capy Planet\" \/>\n<meta property=\"article:publisher\" content=\"https:\/\/www.facebook.com\/capy.planet\" \/>\n<meta property=\"article:modified_time\" content=\"2025-04-12T19:19:22+00:00\" \/>\n<meta property=\"og:image\" content=\"https:\/\/capy-planet.com\/wp-content\/uploads\/sites\/2\/2025\/04\/S7f8753934af84b89856dea3852e476046.webp\" \/>\n\t<meta property=\"og:image:width\" content=\"1001\" \/>\n\t<meta property=\"og:image:height\" content=\"1001\" \/>\n\t<meta property=\"og:image:type\" content=\"image\/webp\" \/>\n<meta name=\"twitter:card\" content=\"summary_large_image\" \/>\n<meta name=\"twitter:label1\" content=\"Dur\u00e9e de lecture estim\u00e9e\" \/>\n\t<meta name=\"twitter:data1\" content=\"1 minute\" \/>\n<script type=\"application\/ld+json\" class=\"yoast-schema-graph\">{\"@context\":\"https:\/\/schema.org\",\"@graph\":[{\"@type\":\"WebPage\",\"@id\":\"https:\/\/capy-planet.com\/fr\/shop\/capyclass-sac-a-dos-scolaire-kawaii-capybara-avec-trousse-assortie-sac-a-dos-ajustable-pour-adolescents-travail-et-aventures-quotidiennes\/\",\"url\":\"https:\/\/capy-planet.com\/fr\/shop\/capyclass-sac-a-dos-scolaire-kawaii-capybara-avec-trousse-assortie-sac-a-dos-ajustable-pour-adolescents-travail-et-aventures-quotidiennes\/\",\"name\":\"CapyClass \u2013 Sac \u00e0 dos scolaire Kawaii Capybara avec trousse assortie - Capy Planet\",\"isPartOf\":{\"@id\":\"https:\/\/capy-planet.com\/fr\/#website\"},\"primaryImageOfPage\":{\"@id\":\"https:\/\/capy-planet.com\/fr\/shop\/capyclass-sac-a-dos-scolaire-kawaii-capybara-avec-trousse-assortie-sac-a-dos-ajustable-pour-adolescents-travail-et-aventures-quotidiennes\/#primaryimage\"},\"image\":{\"@id\":\"https:\/\/capy-planet.com\/fr\/shop\/capyclass-sac-a-dos-scolaire-kawaii-capybara-avec-trousse-assortie-sac-a-dos-ajustable-pour-adolescents-travail-et-aventures-quotidiennes\/#primaryimage\"},\"thumbnailUrl\":\"https:\/\/i0.wp.com\/capy-planet.com\/wp-content\/uploads\/sites\/2\/2025\/04\/S7f8753934af84b89856dea3852e476046.webp?fit=1001%2C1001&ssl=1\",\"datePublished\":\"2025-04-10T20:12:20+00:00\",\"dateModified\":\"2025-04-12T19:19:22+00:00\",\"description\":\"\ud83c\udf92 CapyClass \u2013 Sac \u00e0 dos capybara kawaii avec trousse. Id\u00e9al pour \u00e9cole et fans de capybaras.\",\"breadcrumb\":{\"@id\":\"https:\/\/capy-planet.com\/fr\/shop\/capyclass-sac-a-dos-scolaire-kawaii-capybara-avec-trousse-assortie-sac-a-dos-ajustable-pour-adolescents-travail-et-aventures-quotidiennes\/#breadcrumb\"},\"inLanguage\":\"fr-FR\",\"potentialAction\":[{\"@type\":\"ReadAction\",\"target\":[\"https:\/\/capy-planet.com\/fr\/shop\/capyclass-sac-a-dos-scolaire-kawaii-capybara-avec-trousse-assortie-sac-a-dos-ajustable-pour-adolescents-travail-et-aventures-quotidiennes\/\"]}]},{\"@type\":\"ImageObject\",\"inLanguage\":\"fr-FR\",\"@id\":\"https:\/\/capy-planet.com\/fr\/shop\/capyclass-sac-a-dos-scolaire-kawaii-capybara-avec-trousse-assortie-sac-a-dos-ajustable-pour-adolescents-travail-et-aventures-quotidiennes\/#primaryimage\",\"url\":\"https:\/\/i0.wp.com\/capy-planet.com\/wp-content\/uploads\/sites\/2\/2025\/04\/S7f8753934af84b89856dea3852e476046.webp?fit=1001%2C1001&ssl=1\",\"contentUrl\":\"https:\/\/i0.wp.com\/capy-planet.com\/wp-content\/uploads\/sites\/2\/2025\/04\/S7f8753934af84b89856dea3852e476046.webp?fit=1001%2C1001&ssl=1\",\"width\":1001,\"height\":1001},{\"@type\":\"BreadcrumbList\",\"@id\":\"https:\/\/capy-planet.com\/fr\/shop\/capyclass-sac-a-dos-scolaire-kawaii-capybara-avec-trousse-assortie-sac-a-dos-ajustable-pour-adolescents-travail-et-aventures-quotidiennes\/#breadcrumb\",\"itemListElement\":[{\"@type\":\"ListItem\",\"position\":1,\"name\":\"Home\",\"item\":\"https:\/\/capy-planet.com\/fr\/home\/\"},{\"@type\":\"ListItem\",\"position\":2,\"name\":\"Capy Shop\",\"item\":\"https:\/\/capy-planet.com\/shop\/\"},{\"@type\":\"ListItem\",\"position\":3,\"name\":\"CapyClass \u2013 Sac \u00e0 dos scolaire Kawaii Capybara avec trousse assortie\"}]},{\"@type\":\"WebSite\",\"@id\":\"https:\/\/capy-planet.com\/fr\/#website\",\"url\":\"https:\/\/capy-planet.com\/fr\/\",\"name\":\"Capy Planet\",\"description\":\"Adoptez la vibe Capybara !\",\"publisher\":{\"@id\":\"https:\/\/capy-planet.com\/fr\/#organization\"},\"potentialAction\":[{\"@type\":\"SearchAction\",\"target\":{\"@type\":\"EntryPoint\",\"urlTemplate\":\"https:\/\/capy-planet.com\/fr\/?s={search_term_string}\"},\"query-input\":{\"@type\":\"PropertyValueSpecification\",\"valueRequired\":true,\"valueName\":\"search_term_string\"}}],\"inLanguage\":\"fr-FR\"},{\"@type\":\"Organization\",\"@id\":\"https:\/\/capy-planet.com\/fr\/#organization\",\"name\":\"Plan\u00e8te Capy\",\"url\":\"https:\/\/capy-planet.com\/fr\/\",\"logo\":{\"@type\":\"ImageObject\",\"inLanguage\":\"fr-FR\",\"@id\":\"https:\/\/capy-planet.com\/fr\/#\/schema\/logo\/image\/\",\"url\":\"https:\/\/i0.wp.com\/capy-planet.com\/wp-content\/uploads\/sites\/2\/2025\/03\/Henri_Hardillier_Capybara_face_large_smile_big_white_kawaii_eyes_c795f5d3-126d-4c2b-bf35-82751b2d63bb-2.png?fit=705%2C705&ssl=1\",\"contentUrl\":\"https:\/\/i0.wp.com\/capy-planet.com\/wp-content\/uploads\/sites\/2\/2025\/03\/Henri_Hardillier_Capybara_face_large_smile_big_white_kawaii_eyes_c795f5d3-126d-4c2b-bf35-82751b2d63bb-2.png?fit=705%2C705&ssl=1\",\"width\":705,\"height\":705,\"caption\":\"Plan\u00e8te Capy\"},\"image\":{\"@id\":\"https:\/\/capy-planet.com\/fr\/#\/schema\/logo\/image\/\"},\"sameAs\":[\"https:\/\/www.facebook.com\/capy.planet\",\"https:\/\/www.instagram.com\/capy_planet_com\"]}]}<\/script>\n<!-- \/ Yoast SEO plugin. -->","yoast_head_json":{"title":"CapyClass \u2013 Sac \u00e0 dos scolaire Kawaii Capybara avec trousse assortie - Capy Planet","description":"\ud83c\udf92 CapyClass \u2013 Sac \u00e0 dos capybara kawaii avec trousse. Id\u00e9al pour \u00e9cole et fans de capybaras.","robots":{"index":"index","follow":"follow","max-snippet":"max-snippet:-1","max-image-preview":"max-image-preview:large","max-video-preview":"max-video-preview:-1"},"canonical":"https:\/\/capy-planet.com\/fr\/shop\/capyclass-sac-a-dos-scolaire-kawaii-capybara-avec-trousse-assortie-sac-a-dos-ajustable-pour-adolescents-travail-et-aventures-quotidiennes\/","og_locale":"fr_FR","og_type":"article","og_title":"CapyClass \u2013 Sac \u00e0 dos scolaire Kawaii Capybara avec trousse assortie - Capy Planet","og_description":"\ud83c\udf92 CapyClass \u2013 Sac \u00e0 dos capybara kawaii avec trousse. Id\u00e9al pour \u00e9cole et fans de capybaras.","og_url":"https:\/\/capy-planet.com\/fr\/shop\/capyclass-sac-a-dos-scolaire-kawaii-capybara-avec-trousse-assortie-sac-a-dos-ajustable-pour-adolescents-travail-et-aventures-quotidiennes\/","og_site_name":"Capy Planet","article_publisher":"https:\/\/www.facebook.com\/capy.planet","article_modified_time":"2025-04-12T19:19:22+00:00","og_image":[{"width":1001,"height":1001,"url":"https:\/\/capy-planet.com\/wp-content\/uploads\/sites\/2\/2025\/04\/S7f8753934af84b89856dea3852e476046.webp","type":"image\/webp"}],"twitter_card":"summary_large_image","twitter_misc":{"Dur\u00e9e de lecture estim\u00e9e":"1 minute"},"schema":{"@context":"https:\/\/schema.org","@graph":[{"@type":"WebPage","@id":"https:\/\/capy-planet.com\/fr\/shop\/capyclass-sac-a-dos-scolaire-kawaii-capybara-avec-trousse-assortie-sac-a-dos-ajustable-pour-adolescents-travail-et-aventures-quotidiennes\/","url":"https:\/\/capy-planet.com\/fr\/shop\/capyclass-sac-a-dos-scolaire-kawaii-capybara-avec-trousse-assortie-sac-a-dos-ajustable-pour-adolescents-travail-et-aventures-quotidiennes\/","name":"CapyClass \u2013 Sac \u00e0 dos scolaire Kawaii Capybara avec trousse assortie - Capy Planet","isPartOf":{"@id":"https:\/\/capy-planet.com\/fr\/#website"},"primaryImageOfPage":{"@id":"https:\/\/capy-planet.com\/fr\/shop\/capyclass-sac-a-dos-scolaire-kawaii-capybara-avec-trousse-assortie-sac-a-dos-ajustable-pour-adolescents-travail-et-aventures-quotidiennes\/#primaryimage"},"image":{"@id":"https:\/\/capy-planet.com\/fr\/shop\/capyclass-sac-a-dos-scolaire-kawaii-capybara-avec-trousse-assortie-sac-a-dos-ajustable-pour-adolescents-travail-et-aventures-quotidiennes\/#primaryimage"},"thumbnailUrl":"https:\/\/i0.wp.com\/capy-planet.com\/wp-content\/uploads\/sites\/2\/2025\/04\/S7f8753934af84b89856dea3852e476046.webp?fit=1001%2C1001&ssl=1","datePublished":"2025-04-10T20:12:20+00:00","dateModified":"2025-04-12T19:19:22+00:00","description":"\ud83c\udf92 CapyClass \u2013 Sac \u00e0 dos capybara kawaii avec trousse. Id\u00e9al pour \u00e9cole et fans de capybaras.","breadcrumb":{"@id":"https:\/\/capy-planet.com\/fr\/shop\/capyclass-sac-a-dos-scolaire-kawaii-capybara-avec-trousse-assortie-sac-a-dos-ajustable-pour-adolescents-travail-et-aventures-quotidiennes\/#breadcrumb"},"inLanguage":"fr-FR","potentialAction":[{"@type":"ReadAction","target":["https:\/\/capy-planet.com\/fr\/shop\/capyclass-sac-a-dos-scolaire-kawaii-capybara-avec-trousse-assortie-sac-a-dos-ajustable-pour-adolescents-travail-et-aventures-quotidiennes\/"]}]},{"@type":"ImageObject","inLanguage":"fr-FR","@id":"https:\/\/capy-planet.com\/fr\/shop\/capyclass-sac-a-dos-scolaire-kawaii-capybara-avec-trousse-assortie-sac-a-dos-ajustable-pour-adolescents-travail-et-aventures-quotidiennes\/#primaryimage","url":"https:\/\/i0.wp.com\/capy-planet.com\/wp-content\/uploads\/sites\/2\/2025\/04\/S7f8753934af84b89856dea3852e476046.webp?fit=1001%2C1001&ssl=1","contentUrl":"https:\/\/i0.wp.com\/capy-planet.com\/wp-content\/uploads\/sites\/2\/2025\/04\/S7f8753934af84b89856dea3852e476046.webp?fit=1001%2C1001&ssl=1","width":1001,"height":1001},{"@type":"BreadcrumbList","@id":"https:\/\/capy-planet.com\/fr\/shop\/capyclass-sac-a-dos-scolaire-kawaii-capybara-avec-trousse-assortie-sac-a-dos-ajustable-pour-adolescents-travail-et-aventures-quotidiennes\/#breadcrumb","itemListElement":[{"@type":"ListItem","position":1,"name":"Home","item":"https:\/\/capy-planet.com\/fr\/home\/"},{"@type":"ListItem","position":2,"name":"Capy Shop","item":"https:\/\/capy-planet.com\/shop\/"},{"@type":"ListItem","position":3,"name":"CapyClass \u2013 Sac \u00e0 dos scolaire Kawaii Capybara avec trousse assortie"}]},{"@type":"WebSite","@id":"https:\/\/capy-planet.com\/fr\/#website","url":"https:\/\/capy-planet.com\/fr\/","name":"Capy Planet","description":"Adoptez la vibe Capybara !","publisher":{"@id":"https:\/\/capy-planet.com\/fr\/#organization"},"potentialAction":[{"@type":"SearchAction","target":{"@type":"EntryPoint","urlTemplate":"https:\/\/capy-planet.com\/fr\/?s={search_term_string}"},"query-input":{"@type":"PropertyValueSpecification","valueRequired":true,"valueName":"search_term_string"}}],"inLanguage":"fr-FR"},{"@type":"Organization","@id":"https:\/\/capy-planet.com\/fr\/#organization","name":"Plan\u00e8te Capy","url":"https:\/\/capy-planet.com\/fr\/","logo":{"@type":"ImageObject","inLanguage":"fr-FR","@id":"https:\/\/capy-planet.com\/fr\/#\/schema\/logo\/image\/","url":"https:\/\/i0.wp.com\/capy-planet.com\/wp-content\/uploads\/sites\/2\/2025\/03\/Henri_Hardillier_Capybara_face_large_smile_big_white_kawaii_eyes_c795f5d3-126d-4c2b-bf35-82751b2d63bb-2.png?fit=705%2C705&ssl=1","contentUrl":"https:\/\/i0.wp.com\/capy-planet.com\/wp-content\/uploads\/sites\/2\/2025\/03\/Henri_Hardillier_Capybara_face_large_smile_big_white_kawaii_eyes_c795f5d3-126d-4c2b-bf35-82751b2d63bb-2.png?fit=705%2C705&ssl=1","width":705,"height":705,"caption":"Plan\u00e8te Capy"},"image":{"@id":"https:\/\/capy-planet.com\/fr\/#\/schema\/logo\/image\/"},"sameAs":["https:\/\/www.facebook.com\/capy.planet","https:\/\/www.instagram.com\/capy_planet_com"]}]}},"jetpack_sharing_enabled":true,"_links":{"self":[{"href":"https:\/\/capy-planet.com\/fr\/wp-json\/wp\/v2\/product\/44326","targetHints":{"allow":["GET"]}}],"collection":[{"href":"https:\/\/capy-planet.com\/fr\/wp-json\/wp\/v2\/product"}],"about":[{"href":"https:\/\/capy-planet.com\/fr\/wp-json\/wp\/v2\/types\/product"}],"replies":[{"embeddable":true,"href":"https:\/\/capy-planet.com\/fr\/wp-json\/wp\/v2\/comments?post=44326"}],"wp:featuredmedia":[{"embeddable":true,"href":"https:\/\/capy-planet.com\/fr\/wp-json\/wp\/v2\/media\/44292"}],"wp:attachment":[{"href":"https:\/\/capy-planet.com\/fr\/wp-json\/wp\/v2\/media?parent=44326"}],"wp:term":[{"taxonomy":"product_brand","embeddable":true,"href":"https:\/\/capy-planet.com\/fr\/wp-json\/wp\/v2\/product_brand?post=44326"},{"taxonomy":"product_cat","embeddable":true,"href":"https:\/\/capy-planet.com\/fr\/wp-json\/wp\/v2\/product_cat?post=44326"},{"taxonomy":"product_tag","embeddable":true,"href":"https:\/\/capy-planet.com\/fr\/wp-json\/wp\/v2\/product_tag?post=44326"}],"curies":[{"name":"wp","href":"https:\/\/api.w.org\/{rel}","templated":true}]}}