{"id":43587,"date":"2025-04-11T02:54:20","date_gmt":"2025-04-10T19:54:20","guid":{"rendered":"https:\/\/capy-planet.com\/shop\/capydry-serviette-de-main-kawaii-capybara-tissu-amusant-suspendu-pour-salle-de-bain-et-cuisine-alliant-charme-et-proprete-des-mains\/"},"modified":"2025-04-11T07:11:55","modified_gmt":"2025-04-11T00:11:55","slug":"capydry-serviette-de-main-kawaii-capybara-tissu-amusant-suspendu-pour-salle-de-bain-et-cuisine-alliant-charme-et-proprete-des-mains","status":"publish","type":"product","link":"https:\/\/capy-planet.com\/fr\/shop\/capydry-serviette-de-main-kawaii-capybara-tissu-amusant-suspendu-pour-salle-de-bain-et-cuisine-alliant-charme-et-proprete-des-mains\/","title":{"rendered":"CapyDry \u2013 Serviette de main Kawaii Capybara | Linge humoristique \u00e0 suspendre pour salle de bain et cuisine"},"content":{"rendered":"<p class=\"\" data-start=\"426\" data-end=\"577\">Rendez votre routine quotidienne <em data-start=\"450\" data-end=\"461\">capy-mignonne<\/em> avec <strong data-start=\"467\" data-end=\"479\">CapyDry<\/strong> \u2013 la serviette de main hilarante en forme de capybara qui transforme chaque moment de s\u00e9chage en une exp\u00e9rience agr\u00e9able !<\/p>\n<p class=\"\" data-start=\"579\" data-end=\"926\">Douce, absorbante et pr\u00eate \u00e0 \u00eatre suspendue dans votre salle de bains ou votre cuisine, cette serviette en peluche est fa\u00e7onn\u00e9e comme un capybara endormi, compl\u00e8te avec de petites oreilles et des pattes brod\u00e9es. Elle n&rsquo;est pas seulement utile \u2013 c&rsquo;est un sujet de conversation. Que vous l&rsquo;offriez \u00e0 un amateur de capybaras ou que vous am\u00e9lioriez votre d\u00e9coration int\u00e9rieure, <strong data-start=\"861\" data-end=\"873\">CapyDry<\/strong> apporte une fonctionnalit\u00e9 amusante et une joie duveteuse dans votre espace.  <\/p>\n<p class=\"\" data-start=\"928\" data-end=\"970\">\ud83d\udca1 <strong data-start=\"931\" data-end=\"970\">Pourquoi CapyDry est un classique instantan\u00e9 :<\/strong><\/p>\n<ul data-start=\"971\" data-end=\"1336\">\n<li class=\"\" data-start=\"971\" data-end=\"1036\">\n<p class=\"\" data-start=\"973\" data-end=\"1036\">\ud83e\uddf8 Le design en forme de capybara apporte de la chaleur et de la personnalit\u00e9 \u00e0 votre int\u00e9rieur<\/p>\n<\/li>\n<li class=\"\" data-start=\"1037\" data-end=\"1098\">\n<p class=\"\" data-start=\"1039\" data-end=\"1098\">\ud83e\uddfc Mat\u00e9riau en microfibre super absorbant \u2013 s\u00e8che les mains rapidement<\/p>\n<\/li>\n<li class=\"\" data-start=\"1099\" data-end=\"1162\">\n<p class=\"\" data-start=\"1101\" data-end=\"1162\">\ud83e\ude9d Boucle pour un accrochage facile sur les crochets, les poign\u00e9es ou les portes de r\u00e9frig\u00e9rateur<\/p>\n<\/li>\n<li class=\"\" data-start=\"1163\" data-end=\"1226\">\n<p class=\"\" data-start=\"1165\" data-end=\"1226\">\ud83d\udec1 Id\u00e9ale pour les cuisines, les salles de bains, les dortoirs et m\u00eame les \u00e9viers de bureau<\/p>\n<\/li>\n<li class=\"\" data-start=\"1227\" data-end=\"1288\">\n<p class=\"\" data-start=\"1229\" data-end=\"1288\">\ud83c\udf81 Cadeau parfait pour les amateurs d&rsquo;animaux, les colocataires ou pour vous-m\u00eame<\/p>\n<\/li>\n<li class=\"\" data-start=\"1289\" data-end=\"1336\">\n<p class=\"\" data-start=\"1291\" data-end=\"1336\">\ud83c\udf3f Alternative \u00e9cologique aux serviettes en papier<\/p>\n<\/li>\n<\/ul>\n<p class=\"\" data-start=\"1338\" data-end=\"1416\">Mains propres, ambiance joyeuse \u2014 <strong data-start=\"1365\" data-end=\"1377\">CapyDry<\/strong> est votre dose quotidienne de confort et d&rsquo;originalit\u00e9 !<\/p>\n","protected":false},"excerpt":{"rendered":"<p>\ud83e\uddfc <strong>CapyDry<\/strong> \u2013 Serviette de main en peluche en forme de capybara pour votre cuisine ou votre salle de bains ! Extr\u00eamement absorbante, amusante et parfaite pour les amateurs de d\u00e9coration int\u00e9rieure kawaii. <\/p>\n","protected":false},"featured_media":43533,"comment_status":"open","ping_status":"closed","template":"","meta":[],"product_brand":[],"product_cat":[378],"product_tag":[2057,2059,2056,2058,2050,2052,2055,2051,2054,2053],"class_list":{"0":"post-43587","1":"product","2":"type-product","3":"status-publish","4":"has-post-thumbnail","6":"product_cat-capy-accessories-fr","7":"product_tag-accessoire-de-maison-capybara","8":"product_tag-chiffon-de-sechage-original","9":"product_tag-decoration-interieure-amusante","10":"product_tag-serviette-absorbante-mignonne","11":"product_tag-serviette-capybara","12":"product_tag-serviette-de-cuisine-mignonne","13":"product_tag-serviette-de-main-en-microfibre","14":"product_tag-serviette-de-main-kawaii","15":"product_tag-serviette-de-salle-de-bains-suspendue","16":"product_tag-serviette-en-forme-danimal","18":"first","19":"instock","20":"sale","21":"shipping-taxable","22":"purchasable","23":"product-type-variable"},"yoast_head":"<!-- This site is optimized with the Yoast SEO plugin v27.0 - https:\/\/yoast.com\/product\/yoast-seo-wordpress\/ -->\n<title>CapyDry \u2013 Serviette de main Kawaii Capybara | Linge humoristique \u00e0 suspendre pour salle de bain et cuisine - Capy Planet<\/title>\n<meta name=\"description\" content=\"\ud83e\uddfc CapyDry \u2013 Serviette capybara en peluche. Absorbante, dr\u00f4le, parfaite d\u00e9co kawaii.\" \/>\n<meta name=\"robots\" content=\"index, follow, max-snippet:-1, max-image-preview:large, max-video-preview:-1\" \/>\n<link rel=\"canonical\" href=\"https:\/\/capy-planet.com\/fr\/shop\/capydry-serviette-de-main-kawaii-capybara-tissu-amusant-suspendu-pour-salle-de-bain-et-cuisine-alliant-charme-et-proprete-des-mains\/\" \/>\n<meta property=\"og:locale\" content=\"fr_FR\" \/>\n<meta property=\"og:type\" content=\"article\" \/>\n<meta property=\"og:title\" content=\"CapyDry \u2013 Serviette de main Kawaii Capybara | Linge humoristique \u00e0 suspendre pour salle de bain et cuisine - Capy Planet\" \/>\n<meta property=\"og:description\" content=\"\ud83e\uddfc CapyDry \u2013 Serviette capybara en peluche. Absorbante, dr\u00f4le, parfaite d\u00e9co kawaii.\" \/>\n<meta property=\"og:url\" content=\"https:\/\/capy-planet.com\/fr\/shop\/capydry-serviette-de-main-kawaii-capybara-tissu-amusant-suspendu-pour-salle-de-bain-et-cuisine-alliant-charme-et-proprete-des-mains\/\" \/>\n<meta property=\"og:site_name\" content=\"Capy Planet\" \/>\n<meta property=\"article:publisher\" content=\"https:\/\/www.facebook.com\/capy.planet\" \/>\n<meta property=\"article:modified_time\" content=\"2025-04-11T00:11:55+00:00\" \/>\n<meta property=\"og:image\" content=\"https:\/\/capy-planet.com\/wp-content\/uploads\/sites\/2\/2025\/04\/Sc68ad00a1e93430aadb84dae7d4e62afh.webp\" \/>\n\t<meta property=\"og:image:width\" content=\"800\" \/>\n\t<meta property=\"og:image:height\" content=\"800\" \/>\n\t<meta property=\"og:image:type\" content=\"image\/webp\" \/>\n<meta name=\"twitter:card\" content=\"summary_large_image\" \/>\n<meta name=\"twitter:label1\" content=\"Dur\u00e9e de lecture estim\u00e9e\" \/>\n\t<meta name=\"twitter:data1\" content=\"1 minute\" \/>\n<script type=\"application\/ld+json\" class=\"yoast-schema-graph\">{\"@context\":\"https:\/\/schema.org\",\"@graph\":[{\"@type\":\"WebPage\",\"@id\":\"https:\/\/capy-planet.com\/fr\/shop\/capydry-serviette-de-main-kawaii-capybara-tissu-amusant-suspendu-pour-salle-de-bain-et-cuisine-alliant-charme-et-proprete-des-mains\/\",\"url\":\"https:\/\/capy-planet.com\/fr\/shop\/capydry-serviette-de-main-kawaii-capybara-tissu-amusant-suspendu-pour-salle-de-bain-et-cuisine-alliant-charme-et-proprete-des-mains\/\",\"name\":\"CapyDry \u2013 Serviette de main Kawaii Capybara | Linge humoristique \u00e0 suspendre pour salle de bain et cuisine - Capy Planet\",\"isPartOf\":{\"@id\":\"https:\/\/capy-planet.com\/fr\/#website\"},\"primaryImageOfPage\":{\"@id\":\"https:\/\/capy-planet.com\/fr\/shop\/capydry-serviette-de-main-kawaii-capybara-tissu-amusant-suspendu-pour-salle-de-bain-et-cuisine-alliant-charme-et-proprete-des-mains\/#primaryimage\"},\"image\":{\"@id\":\"https:\/\/capy-planet.com\/fr\/shop\/capydry-serviette-de-main-kawaii-capybara-tissu-amusant-suspendu-pour-salle-de-bain-et-cuisine-alliant-charme-et-proprete-des-mains\/#primaryimage\"},\"thumbnailUrl\":\"https:\/\/i0.wp.com\/capy-planet.com\/wp-content\/uploads\/sites\/2\/2025\/04\/Sc68ad00a1e93430aadb84dae7d4e62afh.webp?fit=800%2C800&ssl=1\",\"datePublished\":\"2025-04-10T19:54:20+00:00\",\"dateModified\":\"2025-04-11T00:11:55+00:00\",\"description\":\"\ud83e\uddfc CapyDry \u2013 Serviette capybara en peluche. Absorbante, dr\u00f4le, parfaite d\u00e9co kawaii.\",\"breadcrumb\":{\"@id\":\"https:\/\/capy-planet.com\/fr\/shop\/capydry-serviette-de-main-kawaii-capybara-tissu-amusant-suspendu-pour-salle-de-bain-et-cuisine-alliant-charme-et-proprete-des-mains\/#breadcrumb\"},\"inLanguage\":\"fr-FR\",\"potentialAction\":[{\"@type\":\"ReadAction\",\"target\":[\"https:\/\/capy-planet.com\/fr\/shop\/capydry-serviette-de-main-kawaii-capybara-tissu-amusant-suspendu-pour-salle-de-bain-et-cuisine-alliant-charme-et-proprete-des-mains\/\"]}]},{\"@type\":\"ImageObject\",\"inLanguage\":\"fr-FR\",\"@id\":\"https:\/\/capy-planet.com\/fr\/shop\/capydry-serviette-de-main-kawaii-capybara-tissu-amusant-suspendu-pour-salle-de-bain-et-cuisine-alliant-charme-et-proprete-des-mains\/#primaryimage\",\"url\":\"https:\/\/i0.wp.com\/capy-planet.com\/wp-content\/uploads\/sites\/2\/2025\/04\/Sc68ad00a1e93430aadb84dae7d4e62afh.webp?fit=800%2C800&ssl=1\",\"contentUrl\":\"https:\/\/i0.wp.com\/capy-planet.com\/wp-content\/uploads\/sites\/2\/2025\/04\/Sc68ad00a1e93430aadb84dae7d4e62afh.webp?fit=800%2C800&ssl=1\",\"width\":800,\"height\":800},{\"@type\":\"BreadcrumbList\",\"@id\":\"https:\/\/capy-planet.com\/fr\/shop\/capydry-serviette-de-main-kawaii-capybara-tissu-amusant-suspendu-pour-salle-de-bain-et-cuisine-alliant-charme-et-proprete-des-mains\/#breadcrumb\",\"itemListElement\":[{\"@type\":\"ListItem\",\"position\":1,\"name\":\"Home\",\"item\":\"https:\/\/capy-planet.com\/fr\/home\/\"},{\"@type\":\"ListItem\",\"position\":2,\"name\":\"Capy Shop\",\"item\":\"https:\/\/capy-planet.com\/shop\/\"},{\"@type\":\"ListItem\",\"position\":3,\"name\":\"CapyDry \u2013 Serviette de main Kawaii Capybara | Linge humoristique \u00e0 suspendre pour salle de bain et cuisine\"}]},{\"@type\":\"WebSite\",\"@id\":\"https:\/\/capy-planet.com\/fr\/#website\",\"url\":\"https:\/\/capy-planet.com\/fr\/\",\"name\":\"Capy Planet\",\"description\":\"Adoptez la vibe Capybara !\",\"publisher\":{\"@id\":\"https:\/\/capy-planet.com\/fr\/#organization\"},\"potentialAction\":[{\"@type\":\"SearchAction\",\"target\":{\"@type\":\"EntryPoint\",\"urlTemplate\":\"https:\/\/capy-planet.com\/fr\/?s={search_term_string}\"},\"query-input\":{\"@type\":\"PropertyValueSpecification\",\"valueRequired\":true,\"valueName\":\"search_term_string\"}}],\"inLanguage\":\"fr-FR\"},{\"@type\":\"Organization\",\"@id\":\"https:\/\/capy-planet.com\/fr\/#organization\",\"name\":\"Plan\u00e8te Capy\",\"url\":\"https:\/\/capy-planet.com\/fr\/\",\"logo\":{\"@type\":\"ImageObject\",\"inLanguage\":\"fr-FR\",\"@id\":\"https:\/\/capy-planet.com\/fr\/#\/schema\/logo\/image\/\",\"url\":\"https:\/\/i0.wp.com\/capy-planet.com\/wp-content\/uploads\/sites\/2\/2025\/03\/Henri_Hardillier_Capybara_face_large_smile_big_white_kawaii_eyes_c795f5d3-126d-4c2b-bf35-82751b2d63bb-2.png?fit=705%2C705&ssl=1\",\"contentUrl\":\"https:\/\/i0.wp.com\/capy-planet.com\/wp-content\/uploads\/sites\/2\/2025\/03\/Henri_Hardillier_Capybara_face_large_smile_big_white_kawaii_eyes_c795f5d3-126d-4c2b-bf35-82751b2d63bb-2.png?fit=705%2C705&ssl=1\",\"width\":705,\"height\":705,\"caption\":\"Plan\u00e8te Capy\"},\"image\":{\"@id\":\"https:\/\/capy-planet.com\/fr\/#\/schema\/logo\/image\/\"},\"sameAs\":[\"https:\/\/www.facebook.com\/capy.planet\",\"https:\/\/www.instagram.com\/capy_planet_com\"]}]}<\/script>\n<!-- \/ Yoast SEO plugin. -->","yoast_head_json":{"title":"CapyDry \u2013 Serviette de main Kawaii Capybara | Linge humoristique \u00e0 suspendre pour salle de bain et cuisine - Capy Planet","description":"\ud83e\uddfc CapyDry \u2013 Serviette capybara en peluche. Absorbante, dr\u00f4le, parfaite d\u00e9co kawaii.","robots":{"index":"index","follow":"follow","max-snippet":"max-snippet:-1","max-image-preview":"max-image-preview:large","max-video-preview":"max-video-preview:-1"},"canonical":"https:\/\/capy-planet.com\/fr\/shop\/capydry-serviette-de-main-kawaii-capybara-tissu-amusant-suspendu-pour-salle-de-bain-et-cuisine-alliant-charme-et-proprete-des-mains\/","og_locale":"fr_FR","og_type":"article","og_title":"CapyDry \u2013 Serviette de main Kawaii Capybara | Linge humoristique \u00e0 suspendre pour salle de bain et cuisine - Capy Planet","og_description":"\ud83e\uddfc CapyDry \u2013 Serviette capybara en peluche. Absorbante, dr\u00f4le, parfaite d\u00e9co kawaii.","og_url":"https:\/\/capy-planet.com\/fr\/shop\/capydry-serviette-de-main-kawaii-capybara-tissu-amusant-suspendu-pour-salle-de-bain-et-cuisine-alliant-charme-et-proprete-des-mains\/","og_site_name":"Capy Planet","article_publisher":"https:\/\/www.facebook.com\/capy.planet","article_modified_time":"2025-04-11T00:11:55+00:00","og_image":[{"width":800,"height":800,"url":"https:\/\/capy-planet.com\/wp-content\/uploads\/sites\/2\/2025\/04\/Sc68ad00a1e93430aadb84dae7d4e62afh.webp","type":"image\/webp"}],"twitter_card":"summary_large_image","twitter_misc":{"Dur\u00e9e de lecture estim\u00e9e":"1 minute"},"schema":{"@context":"https:\/\/schema.org","@graph":[{"@type":"WebPage","@id":"https:\/\/capy-planet.com\/fr\/shop\/capydry-serviette-de-main-kawaii-capybara-tissu-amusant-suspendu-pour-salle-de-bain-et-cuisine-alliant-charme-et-proprete-des-mains\/","url":"https:\/\/capy-planet.com\/fr\/shop\/capydry-serviette-de-main-kawaii-capybara-tissu-amusant-suspendu-pour-salle-de-bain-et-cuisine-alliant-charme-et-proprete-des-mains\/","name":"CapyDry \u2013 Serviette de main Kawaii Capybara | Linge humoristique \u00e0 suspendre pour salle de bain et cuisine - Capy Planet","isPartOf":{"@id":"https:\/\/capy-planet.com\/fr\/#website"},"primaryImageOfPage":{"@id":"https:\/\/capy-planet.com\/fr\/shop\/capydry-serviette-de-main-kawaii-capybara-tissu-amusant-suspendu-pour-salle-de-bain-et-cuisine-alliant-charme-et-proprete-des-mains\/#primaryimage"},"image":{"@id":"https:\/\/capy-planet.com\/fr\/shop\/capydry-serviette-de-main-kawaii-capybara-tissu-amusant-suspendu-pour-salle-de-bain-et-cuisine-alliant-charme-et-proprete-des-mains\/#primaryimage"},"thumbnailUrl":"https:\/\/i0.wp.com\/capy-planet.com\/wp-content\/uploads\/sites\/2\/2025\/04\/Sc68ad00a1e93430aadb84dae7d4e62afh.webp?fit=800%2C800&ssl=1","datePublished":"2025-04-10T19:54:20+00:00","dateModified":"2025-04-11T00:11:55+00:00","description":"\ud83e\uddfc CapyDry \u2013 Serviette capybara en peluche. Absorbante, dr\u00f4le, parfaite d\u00e9co kawaii.","breadcrumb":{"@id":"https:\/\/capy-planet.com\/fr\/shop\/capydry-serviette-de-main-kawaii-capybara-tissu-amusant-suspendu-pour-salle-de-bain-et-cuisine-alliant-charme-et-proprete-des-mains\/#breadcrumb"},"inLanguage":"fr-FR","potentialAction":[{"@type":"ReadAction","target":["https:\/\/capy-planet.com\/fr\/shop\/capydry-serviette-de-main-kawaii-capybara-tissu-amusant-suspendu-pour-salle-de-bain-et-cuisine-alliant-charme-et-proprete-des-mains\/"]}]},{"@type":"ImageObject","inLanguage":"fr-FR","@id":"https:\/\/capy-planet.com\/fr\/shop\/capydry-serviette-de-main-kawaii-capybara-tissu-amusant-suspendu-pour-salle-de-bain-et-cuisine-alliant-charme-et-proprete-des-mains\/#primaryimage","url":"https:\/\/i0.wp.com\/capy-planet.com\/wp-content\/uploads\/sites\/2\/2025\/04\/Sc68ad00a1e93430aadb84dae7d4e62afh.webp?fit=800%2C800&ssl=1","contentUrl":"https:\/\/i0.wp.com\/capy-planet.com\/wp-content\/uploads\/sites\/2\/2025\/04\/Sc68ad00a1e93430aadb84dae7d4e62afh.webp?fit=800%2C800&ssl=1","width":800,"height":800},{"@type":"BreadcrumbList","@id":"https:\/\/capy-planet.com\/fr\/shop\/capydry-serviette-de-main-kawaii-capybara-tissu-amusant-suspendu-pour-salle-de-bain-et-cuisine-alliant-charme-et-proprete-des-mains\/#breadcrumb","itemListElement":[{"@type":"ListItem","position":1,"name":"Home","item":"https:\/\/capy-planet.com\/fr\/home\/"},{"@type":"ListItem","position":2,"name":"Capy Shop","item":"https:\/\/capy-planet.com\/shop\/"},{"@type":"ListItem","position":3,"name":"CapyDry \u2013 Serviette de main Kawaii Capybara | Linge humoristique \u00e0 suspendre pour salle de bain et cuisine"}]},{"@type":"WebSite","@id":"https:\/\/capy-planet.com\/fr\/#website","url":"https:\/\/capy-planet.com\/fr\/","name":"Capy Planet","description":"Adoptez la vibe Capybara !","publisher":{"@id":"https:\/\/capy-planet.com\/fr\/#organization"},"potentialAction":[{"@type":"SearchAction","target":{"@type":"EntryPoint","urlTemplate":"https:\/\/capy-planet.com\/fr\/?s={search_term_string}"},"query-input":{"@type":"PropertyValueSpecification","valueRequired":true,"valueName":"search_term_string"}}],"inLanguage":"fr-FR"},{"@type":"Organization","@id":"https:\/\/capy-planet.com\/fr\/#organization","name":"Plan\u00e8te Capy","url":"https:\/\/capy-planet.com\/fr\/","logo":{"@type":"ImageObject","inLanguage":"fr-FR","@id":"https:\/\/capy-planet.com\/fr\/#\/schema\/logo\/image\/","url":"https:\/\/i0.wp.com\/capy-planet.com\/wp-content\/uploads\/sites\/2\/2025\/03\/Henri_Hardillier_Capybara_face_large_smile_big_white_kawaii_eyes_c795f5d3-126d-4c2b-bf35-82751b2d63bb-2.png?fit=705%2C705&ssl=1","contentUrl":"https:\/\/i0.wp.com\/capy-planet.com\/wp-content\/uploads\/sites\/2\/2025\/03\/Henri_Hardillier_Capybara_face_large_smile_big_white_kawaii_eyes_c795f5d3-126d-4c2b-bf35-82751b2d63bb-2.png?fit=705%2C705&ssl=1","width":705,"height":705,"caption":"Plan\u00e8te Capy"},"image":{"@id":"https:\/\/capy-planet.com\/fr\/#\/schema\/logo\/image\/"},"sameAs":["https:\/\/www.facebook.com\/capy.planet","https:\/\/www.instagram.com\/capy_planet_com"]}]}},"jetpack_sharing_enabled":true,"_links":{"self":[{"href":"https:\/\/capy-planet.com\/fr\/wp-json\/wp\/v2\/product\/43587","targetHints":{"allow":["GET"]}}],"collection":[{"href":"https:\/\/capy-planet.com\/fr\/wp-json\/wp\/v2\/product"}],"about":[{"href":"https:\/\/capy-planet.com\/fr\/wp-json\/wp\/v2\/types\/product"}],"replies":[{"embeddable":true,"href":"https:\/\/capy-planet.com\/fr\/wp-json\/wp\/v2\/comments?post=43587"}],"wp:featuredmedia":[{"embeddable":true,"href":"https:\/\/capy-planet.com\/fr\/wp-json\/wp\/v2\/media\/43533"}],"wp:attachment":[{"href":"https:\/\/capy-planet.com\/fr\/wp-json\/wp\/v2\/media?parent=43587"}],"wp:term":[{"taxonomy":"product_brand","embeddable":true,"href":"https:\/\/capy-planet.com\/fr\/wp-json\/wp\/v2\/product_brand?post=43587"},{"taxonomy":"product_cat","embeddable":true,"href":"https:\/\/capy-planet.com\/fr\/wp-json\/wp\/v2\/product_cat?post=43587"},{"taxonomy":"product_tag","embeddable":true,"href":"https:\/\/capy-planet.com\/fr\/wp-json\/wp\/v2\/product_tag?post=43587"}],"curies":[{"name":"wp","href":"https:\/\/api.w.org\/{rel}","templated":true}]}}