{"id":43499,"date":"2025-04-11T02:50:02","date_gmt":"2025-04-10T19:50:02","guid":{"rendered":"https:\/\/capy-planet.com\/shop\/capybagz-ensemble-de-sacs-fourre-tout-cadeaux-capybara-emballage-kawaii-reutilisable-pour-anniversaires-enfants-et-evenements-12-30-pieces\/"},"modified":"2025-04-11T07:11:59","modified_gmt":"2025-04-11T00:11:59","slug":"capybagz-ensemble-de-sacs-fourre-tout-cadeaux-capybara-emballage-kawaii-reutilisable-pour-anniversaires-enfants-et-evenements-12-30-pieces","status":"publish","type":"product","link":"https:\/\/capy-planet.com\/fr\/shop\/capybagz-ensemble-de-sacs-fourre-tout-cadeaux-capybara-emballage-kawaii-reutilisable-pour-anniversaires-enfants-et-evenements-12-30-pieces\/","title":{"rendered":"CapyBagz \u2013 Ensemble de sacs fourre-tout cadeaux Capybara | Emballage de f\u00eate r\u00e9utilisable Kawaii"},"content":{"rendered":"<p class=\"\" data-start=\"425\" data-end=\"579\">\ud83c\udf89 Enveloppez vos cadeaux dans la joie des capybaras avec <strong data-start=\"465\" data-end=\"478\">CapyBagz<\/strong>, les sacs-cadeaux r\u00e9utilisables ultimes qui apportent de grands sourires avant m\u00eame le d\u00e9ballage !<\/p>\n<p class=\"\" data-start=\"581\" data-end=\"910\">Ces sacs de f\u00eate color\u00e9s et \u00e9cologiques pr\u00e9sentent d&rsquo;adorables personnages capybaras dans des poses festives et amusantes \u2013 parfaits pour les anniversaires, les c\u00e9l\u00e9brations d&rsquo;enfants, les cadeaux de classe, ou simplement comme charmants emballages r\u00e9utilisables pour votre boutique ou vos cadeaux. Fabriqu\u00e9s \u00e0 partir de mat\u00e9riaux durables avec des poign\u00e9es faciles \u00e0 porter, chaque sac est \u00e0 la fois fonctionnel et fabuleux. <\/p>\n<p class=\"\" data-start=\"912\" data-end=\"945\">\ud83d\udca1 <strong data-start=\"915\" data-end=\"945\">Pourquoi vous adorerez CapyBagz :<\/strong><\/p>\n<ul data-start=\"946\" data-end=\"1360\">\n<li class=\"\" data-start=\"946\" data-end=\"1013\">\n<p class=\"\" data-start=\"948\" data-end=\"1013\">\ud83d\udc3e Motifs adorables \u00e0 th\u00e8me capybara dans de multiples nuances pastel<\/p>\n<\/li>\n<li class=\"\" data-start=\"1014\" data-end=\"1079\">\n<p class=\"\" data-start=\"1016\" data-end=\"1079\">\ud83d\udecd\ufe0f Alternative r\u00e9utilisable et \u00e9coresponsable au papier cadeau<\/p>\n<\/li>\n<li class=\"\" data-start=\"1080\" data-end=\"1152\">\n<p class=\"\" data-start=\"1082\" data-end=\"1152\">\ud83c\udf82 Taille parfaite pour les collations, les jouets, les petits cadeaux et les friandises (22x11x23cm)<\/p>\n<\/li>\n<li class=\"\" data-start=\"1153\" data-end=\"1219\">\n<p class=\"\" data-start=\"1155\" data-end=\"1219\">\ud83d\udcaa Mat\u00e9riau durable avec des poign\u00e9es robustes pour le transport festif<\/p>\n<\/li>\n<li class=\"\" data-start=\"1220\" data-end=\"1295\">\n<p class=\"\" data-start=\"1222\" data-end=\"1295\">\ud83c\udf81 Id\u00e9al pour les anniversaires, les baby showers, les f\u00eates de classe ou les amateurs de capybaras<\/p>\n<\/li>\n<li class=\"\" data-start=\"1296\" data-end=\"1360\">\n<p class=\"\" data-start=\"1298\" data-end=\"1360\">\ud83e\udde1 Disponible en lots de 12 ou 30 pi\u00e8ces \u2013 plus de sacs, plus de joie !<\/p>\n<\/li>\n<\/ul>\n<p class=\"\" data-start=\"1362\" data-end=\"1485\">De l&rsquo;offre de cadeaux \u00e0 l&rsquo;organisation de f\u00eates, <strong data-start=\"1396\" data-end=\"1409\">CapyBagz<\/strong> est votre alli\u00e9 pour r\u00e9pandre la joie de la mani\u00e8re la plus mignonne et la plus respectueuse de la plan\u00e8te.<\/p>\n","protected":false},"excerpt":{"rendered":"<p>\ud83c\udf81 <strong>CapyBagz<\/strong> \u2013 Sacs-cadeaux r\u00e9utilisables aux motifs de capybaras en tons pastels ! Id\u00e9als pour les anniversaires, les f\u00eates d&rsquo;enfants et les emballages \u00e9cologiques. Lots de 12 ou 30 pi\u00e8ces.  <\/p>\n","protected":false},"featured_media":43444,"comment_status":"open","ping_status":"closed","template":"","meta":[],"product_brand":[],"product_cat":[1701],"product_tag":[2029,2026,2028,2022,2025,2024,2027,2020,2023,2021],"class_list":{"0":"post-43499","1":"product","2":"type-product","3":"status-publish","4":"has-post-thumbnail","6":"product_cat-capy-bags-fr","7":"product_tag-articles-a-theme-capybara","8":"product_tag-decoration-de-fete-capybara","9":"product_tag-emballage-cadeau-mignon","10":"product_tag-emballage-capybara-kawaii","11":"product_tag-ensemble-de-sacs-cadeaux-ecologiques","12":"product_tag-fournitures-pour-fetes-denfants","13":"product_tag-sac-cadeau-animal-pastel","14":"product_tag-sac-cadeau-capybara","15":"product_tag-sac-fourre-tout-cadeau-danniversaire","16":"product_tag-sacs-de-fete-reutilisables","18":"first","19":"instock","20":"sale","21":"shipping-taxable","22":"purchasable","23":"product-type-variable"},"yoast_head":"<!-- This site is optimized with the Yoast SEO plugin v27.0 - https:\/\/yoast.com\/product\/yoast-seo-wordpress\/ -->\n<title>CapyBagz \u2013 Ensemble de sacs fourre-tout cadeaux Capybara | Emballage de f\u00eate r\u00e9utilisable Kawaii - Capy Planet<\/title>\n<meta name=\"description\" content=\"CapyBagz: Sacs-cadeaux capybaras r\u00e9utilisables. Pastels, pour f\u00eates et cadeaux \u00e9colos. 12\/30 pcs.\" \/>\n<meta name=\"robots\" content=\"index, follow, max-snippet:-1, max-image-preview:large, max-video-preview:-1\" \/>\n<link rel=\"canonical\" href=\"https:\/\/capy-planet.com\/fr\/shop\/capybagz-ensemble-de-sacs-fourre-tout-cadeaux-capybara-emballage-kawaii-reutilisable-pour-anniversaires-enfants-et-evenements-12-30-pieces\/\" \/>\n<meta property=\"og:locale\" content=\"fr_FR\" \/>\n<meta property=\"og:type\" content=\"article\" \/>\n<meta property=\"og:title\" content=\"CapyBagz \u2013 Ensemble de sacs fourre-tout cadeaux Capybara | Emballage de f\u00eate r\u00e9utilisable Kawaii - Capy Planet\" \/>\n<meta property=\"og:description\" content=\"CapyBagz: Sacs-cadeaux capybaras r\u00e9utilisables. Pastels, pour f\u00eates et cadeaux \u00e9colos. 12\/30 pcs.\" \/>\n<meta property=\"og:url\" content=\"https:\/\/capy-planet.com\/fr\/shop\/capybagz-ensemble-de-sacs-fourre-tout-cadeaux-capybara-emballage-kawaii-reutilisable-pour-anniversaires-enfants-et-evenements-12-30-pieces\/\" \/>\n<meta property=\"og:site_name\" content=\"Capy Planet\" \/>\n<meta property=\"article:publisher\" content=\"https:\/\/www.facebook.com\/capy.planet\" \/>\n<meta property=\"article:modified_time\" content=\"2025-04-11T00:11:59+00:00\" \/>\n<meta property=\"og:image\" content=\"https:\/\/capy-planet.com\/wp-content\/uploads\/sites\/2\/2025\/04\/S536e51f415e046eaba729272d720ccd09.webp\" \/>\n\t<meta property=\"og:image:width\" content=\"800\" \/>\n\t<meta property=\"og:image:height\" content=\"800\" \/>\n\t<meta property=\"og:image:type\" content=\"image\/webp\" \/>\n<meta name=\"twitter:card\" content=\"summary_large_image\" \/>\n<meta name=\"twitter:label1\" content=\"Dur\u00e9e de lecture estim\u00e9e\" \/>\n\t<meta name=\"twitter:data1\" content=\"1 minute\" \/>\n<script type=\"application\/ld+json\" class=\"yoast-schema-graph\">{\"@context\":\"https:\/\/schema.org\",\"@graph\":[{\"@type\":\"WebPage\",\"@id\":\"https:\/\/capy-planet.com\/fr\/shop\/capybagz-ensemble-de-sacs-fourre-tout-cadeaux-capybara-emballage-kawaii-reutilisable-pour-anniversaires-enfants-et-evenements-12-30-pieces\/\",\"url\":\"https:\/\/capy-planet.com\/fr\/shop\/capybagz-ensemble-de-sacs-fourre-tout-cadeaux-capybara-emballage-kawaii-reutilisable-pour-anniversaires-enfants-et-evenements-12-30-pieces\/\",\"name\":\"CapyBagz \u2013 Ensemble de sacs fourre-tout cadeaux Capybara | Emballage de f\u00eate r\u00e9utilisable Kawaii - Capy Planet\",\"isPartOf\":{\"@id\":\"https:\/\/capy-planet.com\/fr\/#website\"},\"primaryImageOfPage\":{\"@id\":\"https:\/\/capy-planet.com\/fr\/shop\/capybagz-ensemble-de-sacs-fourre-tout-cadeaux-capybara-emballage-kawaii-reutilisable-pour-anniversaires-enfants-et-evenements-12-30-pieces\/#primaryimage\"},\"image\":{\"@id\":\"https:\/\/capy-planet.com\/fr\/shop\/capybagz-ensemble-de-sacs-fourre-tout-cadeaux-capybara-emballage-kawaii-reutilisable-pour-anniversaires-enfants-et-evenements-12-30-pieces\/#primaryimage\"},\"thumbnailUrl\":\"https:\/\/i0.wp.com\/capy-planet.com\/wp-content\/uploads\/sites\/2\/2025\/04\/S536e51f415e046eaba729272d720ccd09.webp?fit=800%2C800&ssl=1\",\"datePublished\":\"2025-04-10T19:50:02+00:00\",\"dateModified\":\"2025-04-11T00:11:59+00:00\",\"description\":\"CapyBagz: Sacs-cadeaux capybaras r\u00e9utilisables. Pastels, pour f\u00eates et cadeaux \u00e9colos. 12\/30 pcs.\",\"breadcrumb\":{\"@id\":\"https:\/\/capy-planet.com\/fr\/shop\/capybagz-ensemble-de-sacs-fourre-tout-cadeaux-capybara-emballage-kawaii-reutilisable-pour-anniversaires-enfants-et-evenements-12-30-pieces\/#breadcrumb\"},\"inLanguage\":\"fr-FR\",\"potentialAction\":[{\"@type\":\"ReadAction\",\"target\":[\"https:\/\/capy-planet.com\/fr\/shop\/capybagz-ensemble-de-sacs-fourre-tout-cadeaux-capybara-emballage-kawaii-reutilisable-pour-anniversaires-enfants-et-evenements-12-30-pieces\/\"]}]},{\"@type\":\"ImageObject\",\"inLanguage\":\"fr-FR\",\"@id\":\"https:\/\/capy-planet.com\/fr\/shop\/capybagz-ensemble-de-sacs-fourre-tout-cadeaux-capybara-emballage-kawaii-reutilisable-pour-anniversaires-enfants-et-evenements-12-30-pieces\/#primaryimage\",\"url\":\"https:\/\/i0.wp.com\/capy-planet.com\/wp-content\/uploads\/sites\/2\/2025\/04\/S536e51f415e046eaba729272d720ccd09.webp?fit=800%2C800&ssl=1\",\"contentUrl\":\"https:\/\/i0.wp.com\/capy-planet.com\/wp-content\/uploads\/sites\/2\/2025\/04\/S536e51f415e046eaba729272d720ccd09.webp?fit=800%2C800&ssl=1\",\"width\":800,\"height\":800},{\"@type\":\"BreadcrumbList\",\"@id\":\"https:\/\/capy-planet.com\/fr\/shop\/capybagz-ensemble-de-sacs-fourre-tout-cadeaux-capybara-emballage-kawaii-reutilisable-pour-anniversaires-enfants-et-evenements-12-30-pieces\/#breadcrumb\",\"itemListElement\":[{\"@type\":\"ListItem\",\"position\":1,\"name\":\"Home\",\"item\":\"https:\/\/capy-planet.com\/fr\/home\/\"},{\"@type\":\"ListItem\",\"position\":2,\"name\":\"Capy Shop\",\"item\":\"https:\/\/capy-planet.com\/shop\/\"},{\"@type\":\"ListItem\",\"position\":3,\"name\":\"CapyBagz \u2013 Ensemble de sacs fourre-tout cadeaux Capybara | Emballage de f\u00eate r\u00e9utilisable Kawaii\"}]},{\"@type\":\"WebSite\",\"@id\":\"https:\/\/capy-planet.com\/fr\/#website\",\"url\":\"https:\/\/capy-planet.com\/fr\/\",\"name\":\"Capy Planet\",\"description\":\"Adoptez la vibe Capybara !\",\"publisher\":{\"@id\":\"https:\/\/capy-planet.com\/fr\/#organization\"},\"potentialAction\":[{\"@type\":\"SearchAction\",\"target\":{\"@type\":\"EntryPoint\",\"urlTemplate\":\"https:\/\/capy-planet.com\/fr\/?s={search_term_string}\"},\"query-input\":{\"@type\":\"PropertyValueSpecification\",\"valueRequired\":true,\"valueName\":\"search_term_string\"}}],\"inLanguage\":\"fr-FR\"},{\"@type\":\"Organization\",\"@id\":\"https:\/\/capy-planet.com\/fr\/#organization\",\"name\":\"Plan\u00e8te Capy\",\"url\":\"https:\/\/capy-planet.com\/fr\/\",\"logo\":{\"@type\":\"ImageObject\",\"inLanguage\":\"fr-FR\",\"@id\":\"https:\/\/capy-planet.com\/fr\/#\/schema\/logo\/image\/\",\"url\":\"https:\/\/i0.wp.com\/capy-planet.com\/wp-content\/uploads\/sites\/2\/2025\/03\/Henri_Hardillier_Capybara_face_large_smile_big_white_kawaii_eyes_c795f5d3-126d-4c2b-bf35-82751b2d63bb-2.png?fit=705%2C705&ssl=1\",\"contentUrl\":\"https:\/\/i0.wp.com\/capy-planet.com\/wp-content\/uploads\/sites\/2\/2025\/03\/Henri_Hardillier_Capybara_face_large_smile_big_white_kawaii_eyes_c795f5d3-126d-4c2b-bf35-82751b2d63bb-2.png?fit=705%2C705&ssl=1\",\"width\":705,\"height\":705,\"caption\":\"Plan\u00e8te Capy\"},\"image\":{\"@id\":\"https:\/\/capy-planet.com\/fr\/#\/schema\/logo\/image\/\"},\"sameAs\":[\"https:\/\/www.facebook.com\/capy.planet\",\"https:\/\/www.instagram.com\/capy_planet_com\"]}]}<\/script>\n<!-- \/ Yoast SEO plugin. -->","yoast_head_json":{"title":"CapyBagz \u2013 Ensemble de sacs fourre-tout cadeaux Capybara | Emballage de f\u00eate r\u00e9utilisable Kawaii - Capy Planet","description":"CapyBagz: Sacs-cadeaux capybaras r\u00e9utilisables. Pastels, pour f\u00eates et cadeaux \u00e9colos. 12\/30 pcs.","robots":{"index":"index","follow":"follow","max-snippet":"max-snippet:-1","max-image-preview":"max-image-preview:large","max-video-preview":"max-video-preview:-1"},"canonical":"https:\/\/capy-planet.com\/fr\/shop\/capybagz-ensemble-de-sacs-fourre-tout-cadeaux-capybara-emballage-kawaii-reutilisable-pour-anniversaires-enfants-et-evenements-12-30-pieces\/","og_locale":"fr_FR","og_type":"article","og_title":"CapyBagz \u2013 Ensemble de sacs fourre-tout cadeaux Capybara | Emballage de f\u00eate r\u00e9utilisable Kawaii - Capy Planet","og_description":"CapyBagz: Sacs-cadeaux capybaras r\u00e9utilisables. Pastels, pour f\u00eates et cadeaux \u00e9colos. 12\/30 pcs.","og_url":"https:\/\/capy-planet.com\/fr\/shop\/capybagz-ensemble-de-sacs-fourre-tout-cadeaux-capybara-emballage-kawaii-reutilisable-pour-anniversaires-enfants-et-evenements-12-30-pieces\/","og_site_name":"Capy Planet","article_publisher":"https:\/\/www.facebook.com\/capy.planet","article_modified_time":"2025-04-11T00:11:59+00:00","og_image":[{"width":800,"height":800,"url":"https:\/\/capy-planet.com\/wp-content\/uploads\/sites\/2\/2025\/04\/S536e51f415e046eaba729272d720ccd09.webp","type":"image\/webp"}],"twitter_card":"summary_large_image","twitter_misc":{"Dur\u00e9e de lecture estim\u00e9e":"1 minute"},"schema":{"@context":"https:\/\/schema.org","@graph":[{"@type":"WebPage","@id":"https:\/\/capy-planet.com\/fr\/shop\/capybagz-ensemble-de-sacs-fourre-tout-cadeaux-capybara-emballage-kawaii-reutilisable-pour-anniversaires-enfants-et-evenements-12-30-pieces\/","url":"https:\/\/capy-planet.com\/fr\/shop\/capybagz-ensemble-de-sacs-fourre-tout-cadeaux-capybara-emballage-kawaii-reutilisable-pour-anniversaires-enfants-et-evenements-12-30-pieces\/","name":"CapyBagz \u2013 Ensemble de sacs fourre-tout cadeaux Capybara | Emballage de f\u00eate r\u00e9utilisable Kawaii - Capy Planet","isPartOf":{"@id":"https:\/\/capy-planet.com\/fr\/#website"},"primaryImageOfPage":{"@id":"https:\/\/capy-planet.com\/fr\/shop\/capybagz-ensemble-de-sacs-fourre-tout-cadeaux-capybara-emballage-kawaii-reutilisable-pour-anniversaires-enfants-et-evenements-12-30-pieces\/#primaryimage"},"image":{"@id":"https:\/\/capy-planet.com\/fr\/shop\/capybagz-ensemble-de-sacs-fourre-tout-cadeaux-capybara-emballage-kawaii-reutilisable-pour-anniversaires-enfants-et-evenements-12-30-pieces\/#primaryimage"},"thumbnailUrl":"https:\/\/i0.wp.com\/capy-planet.com\/wp-content\/uploads\/sites\/2\/2025\/04\/S536e51f415e046eaba729272d720ccd09.webp?fit=800%2C800&ssl=1","datePublished":"2025-04-10T19:50:02+00:00","dateModified":"2025-04-11T00:11:59+00:00","description":"CapyBagz: Sacs-cadeaux capybaras r\u00e9utilisables. Pastels, pour f\u00eates et cadeaux \u00e9colos. 12\/30 pcs.","breadcrumb":{"@id":"https:\/\/capy-planet.com\/fr\/shop\/capybagz-ensemble-de-sacs-fourre-tout-cadeaux-capybara-emballage-kawaii-reutilisable-pour-anniversaires-enfants-et-evenements-12-30-pieces\/#breadcrumb"},"inLanguage":"fr-FR","potentialAction":[{"@type":"ReadAction","target":["https:\/\/capy-planet.com\/fr\/shop\/capybagz-ensemble-de-sacs-fourre-tout-cadeaux-capybara-emballage-kawaii-reutilisable-pour-anniversaires-enfants-et-evenements-12-30-pieces\/"]}]},{"@type":"ImageObject","inLanguage":"fr-FR","@id":"https:\/\/capy-planet.com\/fr\/shop\/capybagz-ensemble-de-sacs-fourre-tout-cadeaux-capybara-emballage-kawaii-reutilisable-pour-anniversaires-enfants-et-evenements-12-30-pieces\/#primaryimage","url":"https:\/\/i0.wp.com\/capy-planet.com\/wp-content\/uploads\/sites\/2\/2025\/04\/S536e51f415e046eaba729272d720ccd09.webp?fit=800%2C800&ssl=1","contentUrl":"https:\/\/i0.wp.com\/capy-planet.com\/wp-content\/uploads\/sites\/2\/2025\/04\/S536e51f415e046eaba729272d720ccd09.webp?fit=800%2C800&ssl=1","width":800,"height":800},{"@type":"BreadcrumbList","@id":"https:\/\/capy-planet.com\/fr\/shop\/capybagz-ensemble-de-sacs-fourre-tout-cadeaux-capybara-emballage-kawaii-reutilisable-pour-anniversaires-enfants-et-evenements-12-30-pieces\/#breadcrumb","itemListElement":[{"@type":"ListItem","position":1,"name":"Home","item":"https:\/\/capy-planet.com\/fr\/home\/"},{"@type":"ListItem","position":2,"name":"Capy Shop","item":"https:\/\/capy-planet.com\/shop\/"},{"@type":"ListItem","position":3,"name":"CapyBagz \u2013 Ensemble de sacs fourre-tout cadeaux Capybara | Emballage de f\u00eate r\u00e9utilisable Kawaii"}]},{"@type":"WebSite","@id":"https:\/\/capy-planet.com\/fr\/#website","url":"https:\/\/capy-planet.com\/fr\/","name":"Capy Planet","description":"Adoptez la vibe Capybara !","publisher":{"@id":"https:\/\/capy-planet.com\/fr\/#organization"},"potentialAction":[{"@type":"SearchAction","target":{"@type":"EntryPoint","urlTemplate":"https:\/\/capy-planet.com\/fr\/?s={search_term_string}"},"query-input":{"@type":"PropertyValueSpecification","valueRequired":true,"valueName":"search_term_string"}}],"inLanguage":"fr-FR"},{"@type":"Organization","@id":"https:\/\/capy-planet.com\/fr\/#organization","name":"Plan\u00e8te Capy","url":"https:\/\/capy-planet.com\/fr\/","logo":{"@type":"ImageObject","inLanguage":"fr-FR","@id":"https:\/\/capy-planet.com\/fr\/#\/schema\/logo\/image\/","url":"https:\/\/i0.wp.com\/capy-planet.com\/wp-content\/uploads\/sites\/2\/2025\/03\/Henri_Hardillier_Capybara_face_large_smile_big_white_kawaii_eyes_c795f5d3-126d-4c2b-bf35-82751b2d63bb-2.png?fit=705%2C705&ssl=1","contentUrl":"https:\/\/i0.wp.com\/capy-planet.com\/wp-content\/uploads\/sites\/2\/2025\/03\/Henri_Hardillier_Capybara_face_large_smile_big_white_kawaii_eyes_c795f5d3-126d-4c2b-bf35-82751b2d63bb-2.png?fit=705%2C705&ssl=1","width":705,"height":705,"caption":"Plan\u00e8te Capy"},"image":{"@id":"https:\/\/capy-planet.com\/fr\/#\/schema\/logo\/image\/"},"sameAs":["https:\/\/www.facebook.com\/capy.planet","https:\/\/www.instagram.com\/capy_planet_com"]}]}},"jetpack_sharing_enabled":true,"_links":{"self":[{"href":"https:\/\/capy-planet.com\/fr\/wp-json\/wp\/v2\/product\/43499","targetHints":{"allow":["GET"]}}],"collection":[{"href":"https:\/\/capy-planet.com\/fr\/wp-json\/wp\/v2\/product"}],"about":[{"href":"https:\/\/capy-planet.com\/fr\/wp-json\/wp\/v2\/types\/product"}],"replies":[{"embeddable":true,"href":"https:\/\/capy-planet.com\/fr\/wp-json\/wp\/v2\/comments?post=43499"}],"wp:featuredmedia":[{"embeddable":true,"href":"https:\/\/capy-planet.com\/fr\/wp-json\/wp\/v2\/media\/43444"}],"wp:attachment":[{"href":"https:\/\/capy-planet.com\/fr\/wp-json\/wp\/v2\/media?parent=43499"}],"wp:term":[{"taxonomy":"product_brand","embeddable":true,"href":"https:\/\/capy-planet.com\/fr\/wp-json\/wp\/v2\/product_brand?post=43499"},{"taxonomy":"product_cat","embeddable":true,"href":"https:\/\/capy-planet.com\/fr\/wp-json\/wp\/v2\/product_cat?post=43499"},{"taxonomy":"product_tag","embeddable":true,"href":"https:\/\/capy-planet.com\/fr\/wp-json\/wp\/v2\/product_tag?post=43499"}],"curies":[{"name":"wp","href":"https:\/\/api.w.org\/{rel}","templated":true}]}}