{"id":43403,"date":"2025-04-11T02:42:30","date_gmt":"2025-04-10T19:42:30","guid":{"rendered":"https:\/\/capy-planet.com\/shop\/capystickies-10-100-pieces-autocollants-vinyles-de-capybara-kawaii-en-dessin-anime-decalcomanies-mignonnes-et-impermeables-pour-diy-telephones-agendas-et-ordinateurs-portables-2\/"},"modified":"2025-04-11T07:17:33","modified_gmt":"2025-04-11T00:17:33","slug":"capystickies-10-100-pieces-autocollants-vinyles-de-capybara-kawaii-en-dessin-anime-decalcomanies-mignonnes-et-impermeables-pour-diy-telephones-agendas-et-ordinateurs-portables-2","status":"publish","type":"product","link":"https:\/\/capy-planet.com\/fr\/shop\/capystickies-10-100-pieces-autocollants-vinyles-de-capybara-kawaii-en-dessin-anime-decalcomanies-mignonnes-et-impermeables-pour-diy-telephones-agendas-et-ordinateurs-portables-2\/","title":{"rendered":"CapyStickies \u2013 10\u2013100 pi\u00e8ces Autocollants en Vinyle de Capybara Kawaii | D\u00e9calcomanies Imperm\u00e9ables et Adorables"},"content":{"rendered":"<p class=\"\" data-start=\"428\" data-end=\"575\">\ud83c\udf08 Lib\u00e9rez la mignonnerie avec <strong data-start=\"457\" data-end=\"474\">CapyStickies<\/strong>, l&rsquo;ensemble d&rsquo;autocollants ultime pour les amateurs de capybaras, les passionn\u00e9s de papeterie et les collectionneurs de charme d\u00e9sordonn\u00e9 !<\/p>\n<p class=\"\" data-start=\"577\" data-end=\"909\">Cet ensemble d\u00e9licieux comprend 10, 30, 50 ou 100 autocollants en vinyle diff\u00e9rents pr\u00e9sentant des capybaras hilarants, d\u00e9tendus et extr\u00eamement kawaii faisant ce qu&rsquo;ils font le mieux : dormir, siroter du th\u00e9, se pr\u00e9lasser dans des baignoires et r\u00e9pandre des ondes pacifiques. Imperm\u00e9ables, durables et parfaitement dimensionn\u00e9s pour d\u00e9corer tout, de votre ordinateur portable \u00e0 votre gourde isotherme. <\/p>\n<p class=\"\" data-start=\"911\" data-end=\"948\">\ud83d\udca1 <strong data-start=\"914\" data-end=\"948\">Pourquoi vous allez adorer CapyStickies :<\/strong><\/p>\n<ul data-start=\"949\" data-end=\"1294\">\n<li class=\"\" data-start=\"949\" data-end=\"996\">\n<p class=\"\" data-start=\"951\" data-end=\"996\">\ud83d\udc3e Adorables illustrations originales de capybaras<\/p>\n<\/li>\n<li class=\"\" data-start=\"997\" data-end=\"1040\">\n<p class=\"\" data-start=\"999\" data-end=\"1040\">\ud83d\udca6 Vinyle imperm\u00e9able et r\u00e9sistant aux rayures<\/p>\n<\/li>\n<li class=\"\" data-start=\"1041\" data-end=\"1122\">\n<p class=\"\" data-start=\"1043\" data-end=\"1122\">\ud83c\udfa8 Parfait pour d\u00e9corer t\u00e9l\u00e9phones, ordinateurs portables, journaux intimes, agendas, bouteilles et plus encore<\/p>\n<\/li>\n<li class=\"\" data-start=\"1123\" data-end=\"1179\">\n<p class=\"\" data-start=\"1125\" data-end=\"1179\">\ud83c\udf81 Cadeau id\u00e9al pour les amateurs d&rsquo;autocollants, les bricoleurs et les fans de capybaras<\/p>\n<\/li>\n<li class=\"\" data-start=\"1180\" data-end=\"1253\">\n<p class=\"\" data-start=\"1182\" data-end=\"1253\">\ud83d\udca1 Excellent pour le scrapbooking, le bullet journaling et la personnalisation de votre univers<\/p>\n<\/li>\n<li class=\"\" data-start=\"1254\" data-end=\"1294\">\n<p class=\"\" data-start=\"1256\" data-end=\"1294\">\ud83d\udce6 Choisissez parmi des packs de 10\/30\/50\/100 pi\u00e8ces !<\/p>\n<\/li>\n<\/ul>\n<p class=\"\" data-start=\"1296\" data-end=\"1444\">Que vous construisiez votre collection d&rsquo;autocollants de r\u00eave ou que vous souhaitiez simplement ajouter la s\u00e9r\u00e9nit\u00e9 des capybaras \u00e0 votre vie, <strong data-start=\"1398\" data-end=\"1415\">CapyStickies<\/strong> rend tout 100 fois plus mignon.<\/p>\n","protected":false},"excerpt":{"rendered":"<p>\ud83d\udc39 <strong>CapyStickies<\/strong> \u2013 Ensemble d&rsquo;autocollants kawaii de capybaras ! D\u00e9calcomanies en vinyle imperm\u00e9ables en packs de 10 \u00e0 100 pi\u00e8ces pour ordinateurs portables, agendas, bouteilles et divertissement cr\u00e9atif ! <\/p>\n","protected":false},"featured_media":43369,"comment_status":"open","ping_status":"closed","template":"","meta":[],"product_brand":[],"product_cat":[378],"product_tag":[1934,1936,1938,1937,1940,1941,1935,1939,1942,1943],"class_list":{"0":"post-43403","1":"product","2":"type-product","3":"status-publish","4":"has-post-thumbnail","6":"product_cat-capy-accessories-fr","7":"product_tag-autocollants-capybara","8":"product_tag-autocollants-en-vinyle-capybara","9":"product_tag-autocollants-impermeables-pour-agenda","10":"product_tag-autocollants-mignons-pour-ordinateur-portable","11":"product_tag-autocollants-pour-bullet-journal","12":"product_tag-cadeau-de-papeterie-animaliere","13":"product_tag-decalcomanies-danimaux-kawaii","14":"product_tag-decoration-de-coque-de-telephone-diy","15":"product_tag-esthetique-capybara","16":"product_tag-pack-vinyle-capybara","18":"first","19":"instock","20":"sale","21":"shipping-taxable","22":"purchasable","23":"product-type-variable"},"yoast_head":"<!-- This site is optimized with the Yoast SEO plugin v27.0 - https:\/\/yoast.com\/product\/yoast-seo-wordpress\/ -->\n<title>CapyStickies \u2013 10\u2013100 pi\u00e8ces Autocollants en Vinyle de Capybara Kawaii | D\u00e9calcomanies Imperm\u00e9ables et Adorables - Capy Planet<\/title>\n<meta name=\"description\" content=\"\ud83d\udc39 CapyStickies : Autocollants kawaii capybaras imperm\u00e9ables pour ordis, agendas et bouteilles !\" \/>\n<meta name=\"robots\" content=\"index, follow, max-snippet:-1, max-image-preview:large, max-video-preview:-1\" \/>\n<link rel=\"canonical\" href=\"https:\/\/capy-planet.com\/fr\/shop\/capystickies-10-100-pieces-autocollants-vinyles-de-capybara-kawaii-en-dessin-anime-decalcomanies-mignonnes-et-impermeables-pour-diy-telephones-agendas-et-ordinateurs-portables-2\/\" \/>\n<meta property=\"og:locale\" content=\"fr_FR\" \/>\n<meta property=\"og:type\" content=\"article\" \/>\n<meta property=\"og:title\" content=\"CapyStickies \u2013 10\u2013100 pi\u00e8ces Autocollants en Vinyle de Capybara Kawaii | D\u00e9calcomanies Imperm\u00e9ables et Adorables - Capy Planet\" \/>\n<meta property=\"og:description\" content=\"\ud83d\udc39 CapyStickies : Autocollants kawaii capybaras imperm\u00e9ables pour ordis, agendas et bouteilles !\" \/>\n<meta property=\"og:url\" content=\"https:\/\/capy-planet.com\/fr\/shop\/capystickies-10-100-pieces-autocollants-vinyles-de-capybara-kawaii-en-dessin-anime-decalcomanies-mignonnes-et-impermeables-pour-diy-telephones-agendas-et-ordinateurs-portables-2\/\" \/>\n<meta property=\"og:site_name\" content=\"Capy Planet\" \/>\n<meta property=\"article:publisher\" content=\"https:\/\/www.facebook.com\/capy.planet\" \/>\n<meta property=\"article:modified_time\" content=\"2025-04-11T00:17:33+00:00\" \/>\n<meta property=\"og:image\" content=\"https:\/\/capy-planet.com\/wp-content\/uploads\/sites\/2\/2025\/04\/S4dbd87579175409eb146bfdfc2a53bfaT-1.webp\" \/>\n\t<meta property=\"og:image:width\" content=\"1000\" \/>\n\t<meta property=\"og:image:height\" content=\"1000\" \/>\n\t<meta property=\"og:image:type\" content=\"image\/webp\" \/>\n<meta name=\"twitter:card\" content=\"summary_large_image\" \/>\n<meta name=\"twitter:label1\" content=\"Dur\u00e9e de lecture estim\u00e9e\" \/>\n\t<meta name=\"twitter:data1\" content=\"1 minute\" \/>\n<script type=\"application\/ld+json\" class=\"yoast-schema-graph\">{\"@context\":\"https:\/\/schema.org\",\"@graph\":[{\"@type\":\"WebPage\",\"@id\":\"https:\/\/capy-planet.com\/fr\/shop\/capystickies-10-100-pieces-autocollants-vinyles-de-capybara-kawaii-en-dessin-anime-decalcomanies-mignonnes-et-impermeables-pour-diy-telephones-agendas-et-ordinateurs-portables-2\/\",\"url\":\"https:\/\/capy-planet.com\/fr\/shop\/capystickies-10-100-pieces-autocollants-vinyles-de-capybara-kawaii-en-dessin-anime-decalcomanies-mignonnes-et-impermeables-pour-diy-telephones-agendas-et-ordinateurs-portables-2\/\",\"name\":\"CapyStickies \u2013 10\u2013100 pi\u00e8ces Autocollants en Vinyle de Capybara Kawaii | D\u00e9calcomanies Imperm\u00e9ables et Adorables - Capy Planet\",\"isPartOf\":{\"@id\":\"https:\/\/capy-planet.com\/fr\/#website\"},\"primaryImageOfPage\":{\"@id\":\"https:\/\/capy-planet.com\/fr\/shop\/capystickies-10-100-pieces-autocollants-vinyles-de-capybara-kawaii-en-dessin-anime-decalcomanies-mignonnes-et-impermeables-pour-diy-telephones-agendas-et-ordinateurs-portables-2\/#primaryimage\"},\"image\":{\"@id\":\"https:\/\/capy-planet.com\/fr\/shop\/capystickies-10-100-pieces-autocollants-vinyles-de-capybara-kawaii-en-dessin-anime-decalcomanies-mignonnes-et-impermeables-pour-diy-telephones-agendas-et-ordinateurs-portables-2\/#primaryimage\"},\"thumbnailUrl\":\"https:\/\/i0.wp.com\/capy-planet.com\/wp-content\/uploads\/sites\/2\/2025\/04\/S4dbd87579175409eb146bfdfc2a53bfaT-1.webp?fit=1000%2C1000&ssl=1\",\"datePublished\":\"2025-04-10T19:42:30+00:00\",\"dateModified\":\"2025-04-11T00:17:33+00:00\",\"description\":\"\ud83d\udc39 CapyStickies : Autocollants kawaii capybaras imperm\u00e9ables pour ordis, agendas et bouteilles !\",\"breadcrumb\":{\"@id\":\"https:\/\/capy-planet.com\/fr\/shop\/capystickies-10-100-pieces-autocollants-vinyles-de-capybara-kawaii-en-dessin-anime-decalcomanies-mignonnes-et-impermeables-pour-diy-telephones-agendas-et-ordinateurs-portables-2\/#breadcrumb\"},\"inLanguage\":\"fr-FR\",\"potentialAction\":[{\"@type\":\"ReadAction\",\"target\":[\"https:\/\/capy-planet.com\/fr\/shop\/capystickies-10-100-pieces-autocollants-vinyles-de-capybara-kawaii-en-dessin-anime-decalcomanies-mignonnes-et-impermeables-pour-diy-telephones-agendas-et-ordinateurs-portables-2\/\"]}]},{\"@type\":\"ImageObject\",\"inLanguage\":\"fr-FR\",\"@id\":\"https:\/\/capy-planet.com\/fr\/shop\/capystickies-10-100-pieces-autocollants-vinyles-de-capybara-kawaii-en-dessin-anime-decalcomanies-mignonnes-et-impermeables-pour-diy-telephones-agendas-et-ordinateurs-portables-2\/#primaryimage\",\"url\":\"https:\/\/i0.wp.com\/capy-planet.com\/wp-content\/uploads\/sites\/2\/2025\/04\/S4dbd87579175409eb146bfdfc2a53bfaT-1.webp?fit=1000%2C1000&ssl=1\",\"contentUrl\":\"https:\/\/i0.wp.com\/capy-planet.com\/wp-content\/uploads\/sites\/2\/2025\/04\/S4dbd87579175409eb146bfdfc2a53bfaT-1.webp?fit=1000%2C1000&ssl=1\",\"width\":1000,\"height\":1000},{\"@type\":\"BreadcrumbList\",\"@id\":\"https:\/\/capy-planet.com\/fr\/shop\/capystickies-10-100-pieces-autocollants-vinyles-de-capybara-kawaii-en-dessin-anime-decalcomanies-mignonnes-et-impermeables-pour-diy-telephones-agendas-et-ordinateurs-portables-2\/#breadcrumb\",\"itemListElement\":[{\"@type\":\"ListItem\",\"position\":1,\"name\":\"Home\",\"item\":\"https:\/\/capy-planet.com\/fr\/home\/\"},{\"@type\":\"ListItem\",\"position\":2,\"name\":\"Capy Shop\",\"item\":\"https:\/\/capy-planet.com\/shop\/\"},{\"@type\":\"ListItem\",\"position\":3,\"name\":\"CapyStickies \u2013 10\u2013100 pi\u00e8ces Autocollants en Vinyle de Capybara Kawaii | D\u00e9calcomanies Imperm\u00e9ables et Adorables\"}]},{\"@type\":\"WebSite\",\"@id\":\"https:\/\/capy-planet.com\/fr\/#website\",\"url\":\"https:\/\/capy-planet.com\/fr\/\",\"name\":\"Capy Planet\",\"description\":\"Adoptez la vibe Capybara !\",\"publisher\":{\"@id\":\"https:\/\/capy-planet.com\/fr\/#organization\"},\"potentialAction\":[{\"@type\":\"SearchAction\",\"target\":{\"@type\":\"EntryPoint\",\"urlTemplate\":\"https:\/\/capy-planet.com\/fr\/?s={search_term_string}\"},\"query-input\":{\"@type\":\"PropertyValueSpecification\",\"valueRequired\":true,\"valueName\":\"search_term_string\"}}],\"inLanguage\":\"fr-FR\"},{\"@type\":\"Organization\",\"@id\":\"https:\/\/capy-planet.com\/fr\/#organization\",\"name\":\"Plan\u00e8te Capy\",\"url\":\"https:\/\/capy-planet.com\/fr\/\",\"logo\":{\"@type\":\"ImageObject\",\"inLanguage\":\"fr-FR\",\"@id\":\"https:\/\/capy-planet.com\/fr\/#\/schema\/logo\/image\/\",\"url\":\"https:\/\/i0.wp.com\/capy-planet.com\/wp-content\/uploads\/sites\/2\/2025\/03\/Henri_Hardillier_Capybara_face_large_smile_big_white_kawaii_eyes_c795f5d3-126d-4c2b-bf35-82751b2d63bb-2.png?fit=705%2C705&ssl=1\",\"contentUrl\":\"https:\/\/i0.wp.com\/capy-planet.com\/wp-content\/uploads\/sites\/2\/2025\/03\/Henri_Hardillier_Capybara_face_large_smile_big_white_kawaii_eyes_c795f5d3-126d-4c2b-bf35-82751b2d63bb-2.png?fit=705%2C705&ssl=1\",\"width\":705,\"height\":705,\"caption\":\"Plan\u00e8te Capy\"},\"image\":{\"@id\":\"https:\/\/capy-planet.com\/fr\/#\/schema\/logo\/image\/\"},\"sameAs\":[\"https:\/\/www.facebook.com\/capy.planet\",\"https:\/\/www.instagram.com\/capy_planet_com\"]}]}<\/script>\n<!-- \/ Yoast SEO plugin. -->","yoast_head_json":{"title":"CapyStickies \u2013 10\u2013100 pi\u00e8ces Autocollants en Vinyle de Capybara Kawaii | D\u00e9calcomanies Imperm\u00e9ables et Adorables - Capy Planet","description":"\ud83d\udc39 CapyStickies : Autocollants kawaii capybaras imperm\u00e9ables pour ordis, agendas et bouteilles !","robots":{"index":"index","follow":"follow","max-snippet":"max-snippet:-1","max-image-preview":"max-image-preview:large","max-video-preview":"max-video-preview:-1"},"canonical":"https:\/\/capy-planet.com\/fr\/shop\/capystickies-10-100-pieces-autocollants-vinyles-de-capybara-kawaii-en-dessin-anime-decalcomanies-mignonnes-et-impermeables-pour-diy-telephones-agendas-et-ordinateurs-portables-2\/","og_locale":"fr_FR","og_type":"article","og_title":"CapyStickies \u2013 10\u2013100 pi\u00e8ces Autocollants en Vinyle de Capybara Kawaii | D\u00e9calcomanies Imperm\u00e9ables et Adorables - Capy Planet","og_description":"\ud83d\udc39 CapyStickies : Autocollants kawaii capybaras imperm\u00e9ables pour ordis, agendas et bouteilles !","og_url":"https:\/\/capy-planet.com\/fr\/shop\/capystickies-10-100-pieces-autocollants-vinyles-de-capybara-kawaii-en-dessin-anime-decalcomanies-mignonnes-et-impermeables-pour-diy-telephones-agendas-et-ordinateurs-portables-2\/","og_site_name":"Capy Planet","article_publisher":"https:\/\/www.facebook.com\/capy.planet","article_modified_time":"2025-04-11T00:17:33+00:00","og_image":[{"width":1000,"height":1000,"url":"https:\/\/capy-planet.com\/wp-content\/uploads\/sites\/2\/2025\/04\/S4dbd87579175409eb146bfdfc2a53bfaT-1.webp","type":"image\/webp"}],"twitter_card":"summary_large_image","twitter_misc":{"Dur\u00e9e de lecture estim\u00e9e":"1 minute"},"schema":{"@context":"https:\/\/schema.org","@graph":[{"@type":"WebPage","@id":"https:\/\/capy-planet.com\/fr\/shop\/capystickies-10-100-pieces-autocollants-vinyles-de-capybara-kawaii-en-dessin-anime-decalcomanies-mignonnes-et-impermeables-pour-diy-telephones-agendas-et-ordinateurs-portables-2\/","url":"https:\/\/capy-planet.com\/fr\/shop\/capystickies-10-100-pieces-autocollants-vinyles-de-capybara-kawaii-en-dessin-anime-decalcomanies-mignonnes-et-impermeables-pour-diy-telephones-agendas-et-ordinateurs-portables-2\/","name":"CapyStickies \u2013 10\u2013100 pi\u00e8ces Autocollants en Vinyle de Capybara Kawaii | D\u00e9calcomanies Imperm\u00e9ables et Adorables - Capy Planet","isPartOf":{"@id":"https:\/\/capy-planet.com\/fr\/#website"},"primaryImageOfPage":{"@id":"https:\/\/capy-planet.com\/fr\/shop\/capystickies-10-100-pieces-autocollants-vinyles-de-capybara-kawaii-en-dessin-anime-decalcomanies-mignonnes-et-impermeables-pour-diy-telephones-agendas-et-ordinateurs-portables-2\/#primaryimage"},"image":{"@id":"https:\/\/capy-planet.com\/fr\/shop\/capystickies-10-100-pieces-autocollants-vinyles-de-capybara-kawaii-en-dessin-anime-decalcomanies-mignonnes-et-impermeables-pour-diy-telephones-agendas-et-ordinateurs-portables-2\/#primaryimage"},"thumbnailUrl":"https:\/\/i0.wp.com\/capy-planet.com\/wp-content\/uploads\/sites\/2\/2025\/04\/S4dbd87579175409eb146bfdfc2a53bfaT-1.webp?fit=1000%2C1000&ssl=1","datePublished":"2025-04-10T19:42:30+00:00","dateModified":"2025-04-11T00:17:33+00:00","description":"\ud83d\udc39 CapyStickies : Autocollants kawaii capybaras imperm\u00e9ables pour ordis, agendas et bouteilles !","breadcrumb":{"@id":"https:\/\/capy-planet.com\/fr\/shop\/capystickies-10-100-pieces-autocollants-vinyles-de-capybara-kawaii-en-dessin-anime-decalcomanies-mignonnes-et-impermeables-pour-diy-telephones-agendas-et-ordinateurs-portables-2\/#breadcrumb"},"inLanguage":"fr-FR","potentialAction":[{"@type":"ReadAction","target":["https:\/\/capy-planet.com\/fr\/shop\/capystickies-10-100-pieces-autocollants-vinyles-de-capybara-kawaii-en-dessin-anime-decalcomanies-mignonnes-et-impermeables-pour-diy-telephones-agendas-et-ordinateurs-portables-2\/"]}]},{"@type":"ImageObject","inLanguage":"fr-FR","@id":"https:\/\/capy-planet.com\/fr\/shop\/capystickies-10-100-pieces-autocollants-vinyles-de-capybara-kawaii-en-dessin-anime-decalcomanies-mignonnes-et-impermeables-pour-diy-telephones-agendas-et-ordinateurs-portables-2\/#primaryimage","url":"https:\/\/i0.wp.com\/capy-planet.com\/wp-content\/uploads\/sites\/2\/2025\/04\/S4dbd87579175409eb146bfdfc2a53bfaT-1.webp?fit=1000%2C1000&ssl=1","contentUrl":"https:\/\/i0.wp.com\/capy-planet.com\/wp-content\/uploads\/sites\/2\/2025\/04\/S4dbd87579175409eb146bfdfc2a53bfaT-1.webp?fit=1000%2C1000&ssl=1","width":1000,"height":1000},{"@type":"BreadcrumbList","@id":"https:\/\/capy-planet.com\/fr\/shop\/capystickies-10-100-pieces-autocollants-vinyles-de-capybara-kawaii-en-dessin-anime-decalcomanies-mignonnes-et-impermeables-pour-diy-telephones-agendas-et-ordinateurs-portables-2\/#breadcrumb","itemListElement":[{"@type":"ListItem","position":1,"name":"Home","item":"https:\/\/capy-planet.com\/fr\/home\/"},{"@type":"ListItem","position":2,"name":"Capy Shop","item":"https:\/\/capy-planet.com\/shop\/"},{"@type":"ListItem","position":3,"name":"CapyStickies \u2013 10\u2013100 pi\u00e8ces Autocollants en Vinyle de Capybara Kawaii | D\u00e9calcomanies Imperm\u00e9ables et Adorables"}]},{"@type":"WebSite","@id":"https:\/\/capy-planet.com\/fr\/#website","url":"https:\/\/capy-planet.com\/fr\/","name":"Capy Planet","description":"Adoptez la vibe Capybara !","publisher":{"@id":"https:\/\/capy-planet.com\/fr\/#organization"},"potentialAction":[{"@type":"SearchAction","target":{"@type":"EntryPoint","urlTemplate":"https:\/\/capy-planet.com\/fr\/?s={search_term_string}"},"query-input":{"@type":"PropertyValueSpecification","valueRequired":true,"valueName":"search_term_string"}}],"inLanguage":"fr-FR"},{"@type":"Organization","@id":"https:\/\/capy-planet.com\/fr\/#organization","name":"Plan\u00e8te Capy","url":"https:\/\/capy-planet.com\/fr\/","logo":{"@type":"ImageObject","inLanguage":"fr-FR","@id":"https:\/\/capy-planet.com\/fr\/#\/schema\/logo\/image\/","url":"https:\/\/i0.wp.com\/capy-planet.com\/wp-content\/uploads\/sites\/2\/2025\/03\/Henri_Hardillier_Capybara_face_large_smile_big_white_kawaii_eyes_c795f5d3-126d-4c2b-bf35-82751b2d63bb-2.png?fit=705%2C705&ssl=1","contentUrl":"https:\/\/i0.wp.com\/capy-planet.com\/wp-content\/uploads\/sites\/2\/2025\/03\/Henri_Hardillier_Capybara_face_large_smile_big_white_kawaii_eyes_c795f5d3-126d-4c2b-bf35-82751b2d63bb-2.png?fit=705%2C705&ssl=1","width":705,"height":705,"caption":"Plan\u00e8te Capy"},"image":{"@id":"https:\/\/capy-planet.com\/fr\/#\/schema\/logo\/image\/"},"sameAs":["https:\/\/www.facebook.com\/capy.planet","https:\/\/www.instagram.com\/capy_planet_com"]}]}},"jetpack_sharing_enabled":true,"_links":{"self":[{"href":"https:\/\/capy-planet.com\/fr\/wp-json\/wp\/v2\/product\/43403","targetHints":{"allow":["GET"]}}],"collection":[{"href":"https:\/\/capy-planet.com\/fr\/wp-json\/wp\/v2\/product"}],"about":[{"href":"https:\/\/capy-planet.com\/fr\/wp-json\/wp\/v2\/types\/product"}],"replies":[{"embeddable":true,"href":"https:\/\/capy-planet.com\/fr\/wp-json\/wp\/v2\/comments?post=43403"}],"wp:featuredmedia":[{"embeddable":true,"href":"https:\/\/capy-planet.com\/fr\/wp-json\/wp\/v2\/media\/43369"}],"wp:attachment":[{"href":"https:\/\/capy-planet.com\/fr\/wp-json\/wp\/v2\/media?parent=43403"}],"wp:term":[{"taxonomy":"product_brand","embeddable":true,"href":"https:\/\/capy-planet.com\/fr\/wp-json\/wp\/v2\/product_brand?post=43403"},{"taxonomy":"product_cat","embeddable":true,"href":"https:\/\/capy-planet.com\/fr\/wp-json\/wp\/v2\/product_cat?post=43403"},{"taxonomy":"product_tag","embeddable":true,"href":"https:\/\/capy-planet.com\/fr\/wp-json\/wp\/v2\/product_tag?post=43403"}],"curies":[{"name":"wp","href":"https:\/\/api.w.org\/{rel}","templated":true}]}}