{"id":43328,"date":"2025-04-11T02:36:21","date_gmt":"2025-04-10T19:36:21","guid":{"rendered":"https:\/\/capy-planet.com\/shop\/capyportrait-impressions-sur-toile-de-portraits-mignons-de-capybaras-art-mural-non-encadre-pour-chambres-denfants-et-coins-douillets\/"},"modified":"2025-04-11T04:18:40","modified_gmt":"2025-04-10T21:18:40","slug":"capyportrait-impressions-sur-toile-de-portraits-mignons-de-capybaras-art-mural-non-encadre-pour-chambres-denfants-et-coins-douillets","status":"publish","type":"product","link":"https:\/\/capy-planet.com\/fr\/shop\/capyportrait-impressions-sur-toile-de-portraits-mignons-de-capybaras-art-mural-non-encadre-pour-chambres-denfants-et-coins-douillets\/","title":{"rendered":"CapyArt \u2013 Impressions sur toile de portraits adorables de capybaras | Art mural non encadr\u00e9 pour chambres d&rsquo;enfants et coins douillets"},"content":{"rendered":"<p class=\"\" data-start=\"450\" data-end=\"595\">\u2728 Ajoutez instantan\u00e9ment du charme \u00e0 votre espace avec <strong data-start=\"489\" data-end=\"505\">CapyArt<\/strong>, les impressions sur toile de capybaras les plus mignonnes con\u00e7ues pour faire fondre les c\u0153urs et sublimer les murs !<\/p>\n<p class=\"\" data-start=\"597\" data-end=\"941\">Pr\u00e9sentant de doux portraits de style studio d&rsquo;adorables capybaras, ces impressions sur toile non encadr\u00e9es sont parfaites pour les chambres d&rsquo;enfants, les pouponni\u00e8res, les coins cr\u00e9atifs ou les caf\u00e9s confortables. Minimalistes dans leur style mais maximales en personnalit\u00e9, elles apportent une touche de fantaisie et de chaleur \u00e0 n&rsquo;importe quel espace. <\/p>\n<p class=\"\" data-start=\"943\" data-end=\"996\">\ud83d\udca1 <strong data-start=\"946\" data-end=\"996\">Pourquoi CapyArt est une d\u00e9coration murale qui m\u00e9rite le sourire :<\/strong><\/p>\n<ul data-start=\"997\" data-end=\"1419\">\n<li class=\"\" data-start=\"1077\" data-end=\"1136\">\n<p class=\"\" data-start=\"1079\" data-end=\"1136\">\ud83d\uddbc\ufe0f Plusieurs options de taille disponibles (de 20&#215;30 \u00e0 50&#215;70 cm)<\/p>\n<\/li>\n<li class=\"\" data-start=\"1137\" data-end=\"1193\">\n<p class=\"\" data-start=\"1139\" data-end=\"1193\">\ud83c\udfa8 Impression d\u00e9taill\u00e9e et vibrante sur toile de haute qualit\u00e9<\/p>\n<\/li>\n<li class=\"\" data-start=\"1194\" data-end=\"1264\">\n<p class=\"\" data-start=\"1196\" data-end=\"1264\">\ud83d\udecb\ufe0f Facile \u00e0 encadrer et parfait pour les th\u00e8mes de d\u00e9coration minimalistes ou ludiques<\/p>\n<\/li>\n<li class=\"\" data-start=\"1265\" data-end=\"1341\">\n<p class=\"\" data-start=\"1267\" data-end=\"1341\">\ud83d\udc3e Un excellent cadeau pour les amateurs de capybaras, les nouveaux parents et les passionn\u00e9s de d\u00e9coration int\u00e9rieure<\/p>\n<\/li>\n<li class=\"\" data-start=\"1342\" data-end=\"1419\">\n<p class=\"\" data-start=\"1344\" data-end=\"1419\">\ud83c\udf81 Id\u00e9al pour les anniversaires, les baby showers ou simplement parce que votre mur a l&rsquo;air ennuy\u00e9<\/p>\n<\/li>\n<\/ul>\n<p class=\"\" data-start=\"1421\" data-end=\"1524\">D\u00e9corez votre espace avec personnalit\u00e9. Avec <strong data-start=\"489\" data-end=\"505\">CapyArt<\/strong>, chaque animal apporte une histoire \u2014 et un peu de joie. <\/p>\n","protected":false},"excerpt":{"rendered":"<p>\ud83d\uddbc\ufe0f <strong>CapyArt<\/strong> \u2013 Impressions sur toile adorables de capybaras ! Parfaites pour les chambres d&rsquo;enfants, les pouponni\u00e8res et les murs des amateurs de capybaras. <\/p>\n","protected":false},"featured_media":43294,"comment_status":"open","ping_status":"closed","template":"","meta":[],"product_brand":[],"product_cat":[1812],"product_tag":[1899,1902,1896,1898,1901,1900,1897,1904,1903],"class_list":{"0":"post-43328","1":"product","2":"type-product","3":"status-publish","4":"has-post-thumbnail","6":"product_cat-capy-decorations-fr","7":"product_tag-affiche-de-capybara","8":"product_tag-art-animalier-kawaii","9":"product_tag-art-mural-de-capybara","10":"product_tag-decoration-de-chambre-denfant","11":"product_tag-decoration-murale-mignonne","12":"product_tag-impression-animaliere-pour-pouponniere","13":"product_tag-impression-sur-toile-danimal","14":"product_tag-impression-sur-toile-non-encadree","15":"product_tag-portrait-minimaliste-danimal-de-compagnie","17":"first","18":"instock","19":"sale","20":"shipping-taxable","21":"purchasable","22":"product-type-variable"},"yoast_head":"<!-- This site is optimized with the Yoast SEO plugin v27.0 - https:\/\/yoast.com\/product\/yoast-seo-wordpress\/ -->\n<title>CapyArt \u2013 Impressions sur toile de portraits adorables de capybaras | Art mural non encadr\u00e9 pour chambres d&#039;enfants et coins douillets - Capy Planet<\/title>\n<meta name=\"description\" content=\"\ud83d\uddbc\ufe0f CapyArt \u2013 Impressions sur toile adorables de capybaras ! Parfaites pour les chambres d&#039;enfants, les pouponni\u00e8res et les murs des amateurs de capybaras.\" \/>\n<meta name=\"robots\" content=\"index, follow, max-snippet:-1, max-image-preview:large, max-video-preview:-1\" \/>\n<link rel=\"canonical\" href=\"https:\/\/capy-planet.com\/fr\/shop\/capyportrait-impressions-sur-toile-de-portraits-mignons-de-capybaras-art-mural-non-encadre-pour-chambres-denfants-et-coins-douillets\/\" \/>\n<meta property=\"og:locale\" content=\"fr_FR\" \/>\n<meta property=\"og:type\" content=\"article\" \/>\n<meta property=\"og:title\" content=\"CapyArt \u2013 Impressions sur toile de portraits adorables de capybaras | Art mural non encadr\u00e9 pour chambres d&#039;enfants et coins douillets - Capy Planet\" \/>\n<meta property=\"og:description\" content=\"\ud83d\uddbc\ufe0f CapyArt \u2013 Impressions sur toile adorables de capybaras ! Parfaites pour les chambres d&#039;enfants, les pouponni\u00e8res et les murs des amateurs de capybaras.\" \/>\n<meta property=\"og:url\" content=\"https:\/\/capy-planet.com\/fr\/shop\/capyportrait-impressions-sur-toile-de-portraits-mignons-de-capybaras-art-mural-non-encadre-pour-chambres-denfants-et-coins-douillets\/\" \/>\n<meta property=\"og:site_name\" content=\"Capy Planet\" \/>\n<meta property=\"article:publisher\" content=\"https:\/\/www.facebook.com\/capy.planet\" \/>\n<meta property=\"article:modified_time\" content=\"2025-04-10T21:18:40+00:00\" \/>\n<meta property=\"og:image\" content=\"https:\/\/capy-planet.com\/wp-content\/uploads\/sites\/2\/2025\/04\/S1630d5e62494438e89750681c7a45fa96.webp\" \/>\n\t<meta property=\"og:image:width\" content=\"800\" \/>\n\t<meta property=\"og:image:height\" content=\"800\" \/>\n\t<meta property=\"og:image:type\" content=\"image\/webp\" \/>\n<meta name=\"twitter:card\" content=\"summary_large_image\" \/>\n<meta name=\"twitter:label1\" content=\"Dur\u00e9e de lecture estim\u00e9e\" \/>\n\t<meta name=\"twitter:data1\" content=\"1 minute\" \/>\n<script type=\"application\/ld+json\" class=\"yoast-schema-graph\">{\"@context\":\"https:\/\/schema.org\",\"@graph\":[{\"@type\":\"WebPage\",\"@id\":\"https:\/\/capy-planet.com\/fr\/shop\/capyportrait-impressions-sur-toile-de-portraits-mignons-de-capybaras-art-mural-non-encadre-pour-chambres-denfants-et-coins-douillets\/\",\"url\":\"https:\/\/capy-planet.com\/fr\/shop\/capyportrait-impressions-sur-toile-de-portraits-mignons-de-capybaras-art-mural-non-encadre-pour-chambres-denfants-et-coins-douillets\/\",\"name\":\"CapyArt \u2013 Impressions sur toile de portraits adorables de capybaras | Art mural non encadr\u00e9 pour chambres d'enfants et coins douillets - Capy Planet\",\"isPartOf\":{\"@id\":\"https:\/\/capy-planet.com\/fr\/#website\"},\"primaryImageOfPage\":{\"@id\":\"https:\/\/capy-planet.com\/fr\/shop\/capyportrait-impressions-sur-toile-de-portraits-mignons-de-capybaras-art-mural-non-encadre-pour-chambres-denfants-et-coins-douillets\/#primaryimage\"},\"image\":{\"@id\":\"https:\/\/capy-planet.com\/fr\/shop\/capyportrait-impressions-sur-toile-de-portraits-mignons-de-capybaras-art-mural-non-encadre-pour-chambres-denfants-et-coins-douillets\/#primaryimage\"},\"thumbnailUrl\":\"https:\/\/i0.wp.com\/capy-planet.com\/wp-content\/uploads\/sites\/2\/2025\/04\/S1630d5e62494438e89750681c7a45fa96.webp?fit=800%2C800&ssl=1\",\"datePublished\":\"2025-04-10T19:36:21+00:00\",\"dateModified\":\"2025-04-10T21:18:40+00:00\",\"description\":\"\ud83d\uddbc\ufe0f CapyArt \u2013 Impressions sur toile adorables de capybaras ! Parfaites pour les chambres d'enfants, les pouponni\u00e8res et les murs des amateurs de capybaras.\",\"breadcrumb\":{\"@id\":\"https:\/\/capy-planet.com\/fr\/shop\/capyportrait-impressions-sur-toile-de-portraits-mignons-de-capybaras-art-mural-non-encadre-pour-chambres-denfants-et-coins-douillets\/#breadcrumb\"},\"inLanguage\":\"fr-FR\",\"potentialAction\":[{\"@type\":\"ReadAction\",\"target\":[\"https:\/\/capy-planet.com\/fr\/shop\/capyportrait-impressions-sur-toile-de-portraits-mignons-de-capybaras-art-mural-non-encadre-pour-chambres-denfants-et-coins-douillets\/\"]}]},{\"@type\":\"ImageObject\",\"inLanguage\":\"fr-FR\",\"@id\":\"https:\/\/capy-planet.com\/fr\/shop\/capyportrait-impressions-sur-toile-de-portraits-mignons-de-capybaras-art-mural-non-encadre-pour-chambres-denfants-et-coins-douillets\/#primaryimage\",\"url\":\"https:\/\/i0.wp.com\/capy-planet.com\/wp-content\/uploads\/sites\/2\/2025\/04\/S1630d5e62494438e89750681c7a45fa96.webp?fit=800%2C800&ssl=1\",\"contentUrl\":\"https:\/\/i0.wp.com\/capy-planet.com\/wp-content\/uploads\/sites\/2\/2025\/04\/S1630d5e62494438e89750681c7a45fa96.webp?fit=800%2C800&ssl=1\",\"width\":800,\"height\":800},{\"@type\":\"BreadcrumbList\",\"@id\":\"https:\/\/capy-planet.com\/fr\/shop\/capyportrait-impressions-sur-toile-de-portraits-mignons-de-capybaras-art-mural-non-encadre-pour-chambres-denfants-et-coins-douillets\/#breadcrumb\",\"itemListElement\":[{\"@type\":\"ListItem\",\"position\":1,\"name\":\"Home\",\"item\":\"https:\/\/capy-planet.com\/fr\/home\/\"},{\"@type\":\"ListItem\",\"position\":2,\"name\":\"Capy Shop\",\"item\":\"https:\/\/capy-planet.com\/shop\/\"},{\"@type\":\"ListItem\",\"position\":3,\"name\":\"CapyArt \u2013 Impressions sur toile de portraits adorables de capybaras | Art mural non encadr\u00e9 pour chambres d&#8217;enfants et coins douillets\"}]},{\"@type\":\"WebSite\",\"@id\":\"https:\/\/capy-planet.com\/fr\/#website\",\"url\":\"https:\/\/capy-planet.com\/fr\/\",\"name\":\"Capy Planet\",\"description\":\"Adoptez la vibe Capybara !\",\"publisher\":{\"@id\":\"https:\/\/capy-planet.com\/fr\/#organization\"},\"potentialAction\":[{\"@type\":\"SearchAction\",\"target\":{\"@type\":\"EntryPoint\",\"urlTemplate\":\"https:\/\/capy-planet.com\/fr\/?s={search_term_string}\"},\"query-input\":{\"@type\":\"PropertyValueSpecification\",\"valueRequired\":true,\"valueName\":\"search_term_string\"}}],\"inLanguage\":\"fr-FR\"},{\"@type\":\"Organization\",\"@id\":\"https:\/\/capy-planet.com\/fr\/#organization\",\"name\":\"Plan\u00e8te Capy\",\"url\":\"https:\/\/capy-planet.com\/fr\/\",\"logo\":{\"@type\":\"ImageObject\",\"inLanguage\":\"fr-FR\",\"@id\":\"https:\/\/capy-planet.com\/fr\/#\/schema\/logo\/image\/\",\"url\":\"https:\/\/i0.wp.com\/capy-planet.com\/wp-content\/uploads\/sites\/2\/2025\/03\/Henri_Hardillier_Capybara_face_large_smile_big_white_kawaii_eyes_c795f5d3-126d-4c2b-bf35-82751b2d63bb-2.png?fit=705%2C705&ssl=1\",\"contentUrl\":\"https:\/\/i0.wp.com\/capy-planet.com\/wp-content\/uploads\/sites\/2\/2025\/03\/Henri_Hardillier_Capybara_face_large_smile_big_white_kawaii_eyes_c795f5d3-126d-4c2b-bf35-82751b2d63bb-2.png?fit=705%2C705&ssl=1\",\"width\":705,\"height\":705,\"caption\":\"Plan\u00e8te Capy\"},\"image\":{\"@id\":\"https:\/\/capy-planet.com\/fr\/#\/schema\/logo\/image\/\"},\"sameAs\":[\"https:\/\/www.facebook.com\/capy.planet\",\"https:\/\/www.instagram.com\/capy_planet_com\"]}]}<\/script>\n<!-- \/ Yoast SEO plugin. -->","yoast_head_json":{"title":"CapyArt \u2013 Impressions sur toile de portraits adorables de capybaras | Art mural non encadr\u00e9 pour chambres d'enfants et coins douillets - Capy Planet","description":"\ud83d\uddbc\ufe0f CapyArt \u2013 Impressions sur toile adorables de capybaras ! Parfaites pour les chambres d'enfants, les pouponni\u00e8res et les murs des amateurs de capybaras.","robots":{"index":"index","follow":"follow","max-snippet":"max-snippet:-1","max-image-preview":"max-image-preview:large","max-video-preview":"max-video-preview:-1"},"canonical":"https:\/\/capy-planet.com\/fr\/shop\/capyportrait-impressions-sur-toile-de-portraits-mignons-de-capybaras-art-mural-non-encadre-pour-chambres-denfants-et-coins-douillets\/","og_locale":"fr_FR","og_type":"article","og_title":"CapyArt \u2013 Impressions sur toile de portraits adorables de capybaras | Art mural non encadr\u00e9 pour chambres d'enfants et coins douillets - Capy Planet","og_description":"\ud83d\uddbc\ufe0f CapyArt \u2013 Impressions sur toile adorables de capybaras ! Parfaites pour les chambres d'enfants, les pouponni\u00e8res et les murs des amateurs de capybaras.","og_url":"https:\/\/capy-planet.com\/fr\/shop\/capyportrait-impressions-sur-toile-de-portraits-mignons-de-capybaras-art-mural-non-encadre-pour-chambres-denfants-et-coins-douillets\/","og_site_name":"Capy Planet","article_publisher":"https:\/\/www.facebook.com\/capy.planet","article_modified_time":"2025-04-10T21:18:40+00:00","og_image":[{"width":800,"height":800,"url":"https:\/\/capy-planet.com\/wp-content\/uploads\/sites\/2\/2025\/04\/S1630d5e62494438e89750681c7a45fa96.webp","type":"image\/webp"}],"twitter_card":"summary_large_image","twitter_misc":{"Dur\u00e9e de lecture estim\u00e9e":"1 minute"},"schema":{"@context":"https:\/\/schema.org","@graph":[{"@type":"WebPage","@id":"https:\/\/capy-planet.com\/fr\/shop\/capyportrait-impressions-sur-toile-de-portraits-mignons-de-capybaras-art-mural-non-encadre-pour-chambres-denfants-et-coins-douillets\/","url":"https:\/\/capy-planet.com\/fr\/shop\/capyportrait-impressions-sur-toile-de-portraits-mignons-de-capybaras-art-mural-non-encadre-pour-chambres-denfants-et-coins-douillets\/","name":"CapyArt \u2013 Impressions sur toile de portraits adorables de capybaras | Art mural non encadr\u00e9 pour chambres d'enfants et coins douillets - Capy Planet","isPartOf":{"@id":"https:\/\/capy-planet.com\/fr\/#website"},"primaryImageOfPage":{"@id":"https:\/\/capy-planet.com\/fr\/shop\/capyportrait-impressions-sur-toile-de-portraits-mignons-de-capybaras-art-mural-non-encadre-pour-chambres-denfants-et-coins-douillets\/#primaryimage"},"image":{"@id":"https:\/\/capy-planet.com\/fr\/shop\/capyportrait-impressions-sur-toile-de-portraits-mignons-de-capybaras-art-mural-non-encadre-pour-chambres-denfants-et-coins-douillets\/#primaryimage"},"thumbnailUrl":"https:\/\/i0.wp.com\/capy-planet.com\/wp-content\/uploads\/sites\/2\/2025\/04\/S1630d5e62494438e89750681c7a45fa96.webp?fit=800%2C800&ssl=1","datePublished":"2025-04-10T19:36:21+00:00","dateModified":"2025-04-10T21:18:40+00:00","description":"\ud83d\uddbc\ufe0f CapyArt \u2013 Impressions sur toile adorables de capybaras ! Parfaites pour les chambres d'enfants, les pouponni\u00e8res et les murs des amateurs de capybaras.","breadcrumb":{"@id":"https:\/\/capy-planet.com\/fr\/shop\/capyportrait-impressions-sur-toile-de-portraits-mignons-de-capybaras-art-mural-non-encadre-pour-chambres-denfants-et-coins-douillets\/#breadcrumb"},"inLanguage":"fr-FR","potentialAction":[{"@type":"ReadAction","target":["https:\/\/capy-planet.com\/fr\/shop\/capyportrait-impressions-sur-toile-de-portraits-mignons-de-capybaras-art-mural-non-encadre-pour-chambres-denfants-et-coins-douillets\/"]}]},{"@type":"ImageObject","inLanguage":"fr-FR","@id":"https:\/\/capy-planet.com\/fr\/shop\/capyportrait-impressions-sur-toile-de-portraits-mignons-de-capybaras-art-mural-non-encadre-pour-chambres-denfants-et-coins-douillets\/#primaryimage","url":"https:\/\/i0.wp.com\/capy-planet.com\/wp-content\/uploads\/sites\/2\/2025\/04\/S1630d5e62494438e89750681c7a45fa96.webp?fit=800%2C800&ssl=1","contentUrl":"https:\/\/i0.wp.com\/capy-planet.com\/wp-content\/uploads\/sites\/2\/2025\/04\/S1630d5e62494438e89750681c7a45fa96.webp?fit=800%2C800&ssl=1","width":800,"height":800},{"@type":"BreadcrumbList","@id":"https:\/\/capy-planet.com\/fr\/shop\/capyportrait-impressions-sur-toile-de-portraits-mignons-de-capybaras-art-mural-non-encadre-pour-chambres-denfants-et-coins-douillets\/#breadcrumb","itemListElement":[{"@type":"ListItem","position":1,"name":"Home","item":"https:\/\/capy-planet.com\/fr\/home\/"},{"@type":"ListItem","position":2,"name":"Capy Shop","item":"https:\/\/capy-planet.com\/shop\/"},{"@type":"ListItem","position":3,"name":"CapyArt \u2013 Impressions sur toile de portraits adorables de capybaras | Art mural non encadr\u00e9 pour chambres d&#8217;enfants et coins douillets"}]},{"@type":"WebSite","@id":"https:\/\/capy-planet.com\/fr\/#website","url":"https:\/\/capy-planet.com\/fr\/","name":"Capy Planet","description":"Adoptez la vibe Capybara !","publisher":{"@id":"https:\/\/capy-planet.com\/fr\/#organization"},"potentialAction":[{"@type":"SearchAction","target":{"@type":"EntryPoint","urlTemplate":"https:\/\/capy-planet.com\/fr\/?s={search_term_string}"},"query-input":{"@type":"PropertyValueSpecification","valueRequired":true,"valueName":"search_term_string"}}],"inLanguage":"fr-FR"},{"@type":"Organization","@id":"https:\/\/capy-planet.com\/fr\/#organization","name":"Plan\u00e8te Capy","url":"https:\/\/capy-planet.com\/fr\/","logo":{"@type":"ImageObject","inLanguage":"fr-FR","@id":"https:\/\/capy-planet.com\/fr\/#\/schema\/logo\/image\/","url":"https:\/\/i0.wp.com\/capy-planet.com\/wp-content\/uploads\/sites\/2\/2025\/03\/Henri_Hardillier_Capybara_face_large_smile_big_white_kawaii_eyes_c795f5d3-126d-4c2b-bf35-82751b2d63bb-2.png?fit=705%2C705&ssl=1","contentUrl":"https:\/\/i0.wp.com\/capy-planet.com\/wp-content\/uploads\/sites\/2\/2025\/03\/Henri_Hardillier_Capybara_face_large_smile_big_white_kawaii_eyes_c795f5d3-126d-4c2b-bf35-82751b2d63bb-2.png?fit=705%2C705&ssl=1","width":705,"height":705,"caption":"Plan\u00e8te Capy"},"image":{"@id":"https:\/\/capy-planet.com\/fr\/#\/schema\/logo\/image\/"},"sameAs":["https:\/\/www.facebook.com\/capy.planet","https:\/\/www.instagram.com\/capy_planet_com"]}]}},"jetpack_sharing_enabled":true,"_links":{"self":[{"href":"https:\/\/capy-planet.com\/fr\/wp-json\/wp\/v2\/product\/43328","targetHints":{"allow":["GET"]}}],"collection":[{"href":"https:\/\/capy-planet.com\/fr\/wp-json\/wp\/v2\/product"}],"about":[{"href":"https:\/\/capy-planet.com\/fr\/wp-json\/wp\/v2\/types\/product"}],"replies":[{"embeddable":true,"href":"https:\/\/capy-planet.com\/fr\/wp-json\/wp\/v2\/comments?post=43328"}],"wp:featuredmedia":[{"embeddable":true,"href":"https:\/\/capy-planet.com\/fr\/wp-json\/wp\/v2\/media\/43294"}],"wp:attachment":[{"href":"https:\/\/capy-planet.com\/fr\/wp-json\/wp\/v2\/media?parent=43328"}],"wp:term":[{"taxonomy":"product_brand","embeddable":true,"href":"https:\/\/capy-planet.com\/fr\/wp-json\/wp\/v2\/product_brand?post=43328"},{"taxonomy":"product_cat","embeddable":true,"href":"https:\/\/capy-planet.com\/fr\/wp-json\/wp\/v2\/product_cat?post=43328"},{"taxonomy":"product_tag","embeddable":true,"href":"https:\/\/capy-planet.com\/fr\/wp-json\/wp\/v2\/product_tag?post=43328"}],"curies":[{"name":"wp","href":"https:\/\/api.w.org\/{rel}","templated":true}]}}