{"id":43100,"date":"2025-04-11T02:21:56","date_gmt":"2025-04-10T19:21:56","guid":{"rendered":"https:\/\/capy-planet.com\/shop\/capyhaul-sac-a-dos-scolaire-esthetique-capybara-sac-a-dos-multi-poches-pour-etudiants-et-explorateurs-detendus\/"},"modified":"2025-04-11T02:27:15","modified_gmt":"2025-04-10T19:27:15","slug":"capyhaul-sac-a-dos-scolaire-esthetique-capybara-sac-a-dos-multi-poches-pour-etudiants-et-explorateurs-detendus","status":"publish","type":"product","link":"https:\/\/capy-planet.com\/fr\/shop\/capyhaul-sac-a-dos-scolaire-esthetique-capybara-sac-a-dos-multi-poches-pour-etudiants-et-explorateurs-detendus\/","title":{"rendered":"CapyHaul \u2013 Sac \u00e0 dos scolaire esth\u00e9tique Capybara | Sac \u00e0 dos multi-poches pour \u00e9tudiants et explorateurs d\u00e9tendus"},"content":{"rendered":"<p class=\"\" data-start=\"410\" data-end=\"534\">\ud83d\udcda\u2728 Faites la connaissance de <strong data-start=\"419\" data-end=\"432\">CapyHaul<\/strong>, le sac \u00e0 dos qui transporte vos livres <em data-start=\"471\" data-end=\"476\">et<\/em> votre amour pour le rongeur le plus d\u00e9contract\u00e9 du monde \u2014 le capybara.<\/p>\n<p class=\"\" data-start=\"536\" data-end=\"861\">Con\u00e7u avec de multiples poches zipp\u00e9es, un int\u00e9rieur spacieux, et une poche d&rsquo;affichage transparente \u00e0 l&rsquo;avant avec d&rsquo;adorables insertions sur le th\u00e8me du capybara, <strong data-start=\"669\" data-end=\"682\">CapyHaul<\/strong> offre l&rsquo;\u00e9quilibre parfait entre praticit\u00e9 et ludisme. Que vous vous rendiez en cours, en voyage, ou que vous souhaitiez simplement arborer votre style capybara, ce sac r\u00e9pond \u00e0 tous les besoins tout en arborant un design totalement unique. <\/p>\n<p class=\"\" data-start=\"863\" data-end=\"911\">\ud83d\udca1 <strong data-start=\"866\" data-end=\"911\">Pourquoi CapyHaul est votre essentiel quotidien :<\/strong><\/p>\n<ul data-start=\"912\" data-end=\"1390\">\n<li class=\"\" data-start=\"912\" data-end=\"997\">\n<p class=\"\" data-start=\"914\" data-end=\"997\">\ud83d\udc39 <strong data-start=\"917\" data-end=\"937\">Design esth\u00e9tique<\/strong> \u2013 Poche frontale transparente avec cartes capybara et style peluche<\/p>\n<\/li>\n<li class=\"\" data-start=\"998\" data-end=\"1074\">\n<p class=\"\" data-start=\"1000\" data-end=\"1074\">\ud83c\udf92 <strong data-start=\"1003\" data-end=\"1028\">Compartiments multiples<\/strong> \u2013 Organisez livres, papeterie, collations et appareils \u00e9lectroniques<\/p>\n<\/li>\n<li class=\"\" data-start=\"1075\" data-end=\"1156\">\n<p class=\"\" data-start=\"1077\" data-end=\"1156\">\ud83c\udf08 <strong data-start=\"1080\" data-end=\"1102\">Unisexe et polyvalent<\/strong> \u2013 Parfait pour les enfants, les adolescents et les adultes au go\u00fbt mignon<\/p>\n<\/li>\n<li class=\"\" data-start=\"1157\" data-end=\"1233\">\n<p class=\"\" data-start=\"1159\" data-end=\"1233\">\ud83d\udcbc <strong data-start=\"1162\" data-end=\"1180\">Confortable \u00e0 porter<\/strong> \u2013 Bretelles rembourr\u00e9es ajustables et panneau dorsal respirant<\/p>\n<\/li>\n<li class=\"\" data-start=\"1234\" data-end=\"1308\">\n<p class=\"\" data-start=\"1236\" data-end=\"1308\">\ud83e\uddfc <strong data-start=\"1239\" data-end=\"1260\">Tissu facile \u00e0 nettoyer<\/strong> \u2013 Reste frais pour une utilisation quotidienne \u00e0 l&rsquo;\u00e9cole ou le week-end<\/p>\n<\/li>\n<li class=\"\" data-start=\"1309\" data-end=\"1390\">\n<p class=\"\" data-start=\"1311\" data-end=\"1390\">\ud83c\udf81 <strong data-start=\"1314\" data-end=\"1336\">Un cadeau exceptionnel<\/strong> \u2013 Pour les amateurs de capybaras, les \u00e9tudiants et les fans de kawaii-core<\/p>\n<\/li>\n<\/ul>\n<p class=\"\" data-start=\"1392\" data-end=\"1501\">Des salles de classe aux caf\u00e9s, <strong data-start=\"1418\" data-end=\"1431\">CapyHaul<\/strong> allie la mignonnerie du capybara et l&rsquo;utilit\u00e9 adapt\u00e9e au campus dans un ensemble adorable.<\/p>\n","protected":false},"excerpt":{"rendered":"<p>\ud83c\udf92 <strong>CapyHaul<\/strong> \u2013 Sac \u00e0 dos esth\u00e9tique pour l&rsquo;\u00e9cole avec motif capybara, multiples poches, panneau d&rsquo;affichage frontal et ambiance d\u00e9contract\u00e9e ! Id\u00e9al pour les \u00e9tudiants et les admirateurs de capybaras de tous \u00e2ges. <\/p>\n","protected":false},"featured_media":43045,"comment_status":"open","ping_status":"closed","template":"","meta":[],"product_brand":[],"product_cat":[1701],"product_tag":[707,1875,1877,1873,1356,1871,1872,1876,1874,1357],"class_list":{"0":"post-43100","1":"product","2":"type-product","3":"status-publish","4":"has-post-thumbnail","6":"product_cat-capy-bags-fr","7":"product_tag-capybara-accessories-fr","8":"product_tag-cartable-multi-poches","9":"product_tag-equipement-scolaire-decontracte","10":"product_tag-fournitures-scolaires-capybara","11":"product_tag-sac-a-dos-capybara","12":"product_tag-sac-a-dos-etudiant-esthetique","13":"product_tag-sac-a-dos-mignon-avec-motif-animal","14":"product_tag-sac-a-dos-unisexe-avec-dessin-anime","15":"product_tag-sac-capybara-pour-enfants","16":"product_tag-cartable-kawaii","18":"first","19":"instock","20":"sale","21":"shipping-taxable","22":"purchasable","23":"product-type-variable"},"yoast_head":"<!-- This site is optimized with the Yoast SEO plugin v27.0 - https:\/\/yoast.com\/product\/yoast-seo-wordpress\/ -->\n<title>CapyHaul \u2013 Sac \u00e0 dos scolaire esth\u00e9tique Capybara | Sac \u00e0 dos multi-poches pour \u00e9tudiants et explorateurs d\u00e9tendus - Capy Planet<\/title>\n<meta name=\"description\" content=\"\ud83c\udf92 CapyHaul \u2013 Sac \u00e0 dos capybara styl\u00e9, multi-poches. Pour \u00e9tudiants et fans de capybaras.\" \/>\n<meta name=\"robots\" content=\"index, follow, max-snippet:-1, max-image-preview:large, max-video-preview:-1\" \/>\n<link rel=\"canonical\" href=\"https:\/\/capy-planet.com\/fr\/shop\/capyhaul-sac-a-dos-scolaire-esthetique-capybara-sac-a-dos-multi-poches-pour-etudiants-et-explorateurs-detendus\/\" \/>\n<meta property=\"og:locale\" content=\"fr_FR\" \/>\n<meta property=\"og:type\" content=\"article\" \/>\n<meta property=\"og:title\" content=\"CapyHaul \u2013 Sac \u00e0 dos scolaire esth\u00e9tique Capybara | Sac \u00e0 dos multi-poches pour \u00e9tudiants et explorateurs d\u00e9tendus - Capy Planet\" \/>\n<meta property=\"og:description\" content=\"\ud83c\udf92 CapyHaul \u2013 Sac \u00e0 dos capybara styl\u00e9, multi-poches. Pour \u00e9tudiants et fans de capybaras.\" \/>\n<meta property=\"og:url\" content=\"https:\/\/capy-planet.com\/fr\/shop\/capyhaul-sac-a-dos-scolaire-esthetique-capybara-sac-a-dos-multi-poches-pour-etudiants-et-explorateurs-detendus\/\" \/>\n<meta property=\"og:site_name\" content=\"Capy Planet\" \/>\n<meta property=\"article:publisher\" content=\"https:\/\/www.facebook.com\/capy.planet\" \/>\n<meta property=\"article:modified_time\" content=\"2025-04-10T19:27:15+00:00\" \/>\n<meta property=\"og:image\" content=\"https:\/\/capy-planet.com\/wp-content\/uploads\/sites\/2\/2025\/04\/Sd02560c26a1347f08115398a79f86631L.webp\" \/>\n\t<meta property=\"og:image:width\" content=\"1000\" \/>\n\t<meta property=\"og:image:height\" content=\"1000\" \/>\n\t<meta property=\"og:image:type\" content=\"image\/webp\" \/>\n<meta name=\"twitter:card\" content=\"summary_large_image\" \/>\n<meta name=\"twitter:label1\" content=\"Dur\u00e9e de lecture estim\u00e9e\" \/>\n\t<meta name=\"twitter:data1\" content=\"1 minute\" \/>\n<script type=\"application\/ld+json\" class=\"yoast-schema-graph\">{\"@context\":\"https:\/\/schema.org\",\"@graph\":[{\"@type\":\"WebPage\",\"@id\":\"https:\/\/capy-planet.com\/fr\/shop\/capyhaul-sac-a-dos-scolaire-esthetique-capybara-sac-a-dos-multi-poches-pour-etudiants-et-explorateurs-detendus\/\",\"url\":\"https:\/\/capy-planet.com\/fr\/shop\/capyhaul-sac-a-dos-scolaire-esthetique-capybara-sac-a-dos-multi-poches-pour-etudiants-et-explorateurs-detendus\/\",\"name\":\"CapyHaul \u2013 Sac \u00e0 dos scolaire esth\u00e9tique Capybara | Sac \u00e0 dos multi-poches pour \u00e9tudiants et explorateurs d\u00e9tendus - Capy Planet\",\"isPartOf\":{\"@id\":\"https:\/\/capy-planet.com\/fr\/#website\"},\"primaryImageOfPage\":{\"@id\":\"https:\/\/capy-planet.com\/fr\/shop\/capyhaul-sac-a-dos-scolaire-esthetique-capybara-sac-a-dos-multi-poches-pour-etudiants-et-explorateurs-detendus\/#primaryimage\"},\"image\":{\"@id\":\"https:\/\/capy-planet.com\/fr\/shop\/capyhaul-sac-a-dos-scolaire-esthetique-capybara-sac-a-dos-multi-poches-pour-etudiants-et-explorateurs-detendus\/#primaryimage\"},\"thumbnailUrl\":\"https:\/\/i0.wp.com\/capy-planet.com\/wp-content\/uploads\/sites\/2\/2025\/04\/Sd02560c26a1347f08115398a79f86631L.webp?fit=1000%2C1000&ssl=1\",\"datePublished\":\"2025-04-10T19:21:56+00:00\",\"dateModified\":\"2025-04-10T19:27:15+00:00\",\"description\":\"\ud83c\udf92 CapyHaul \u2013 Sac \u00e0 dos capybara styl\u00e9, multi-poches. Pour \u00e9tudiants et fans de capybaras.\",\"breadcrumb\":{\"@id\":\"https:\/\/capy-planet.com\/fr\/shop\/capyhaul-sac-a-dos-scolaire-esthetique-capybara-sac-a-dos-multi-poches-pour-etudiants-et-explorateurs-detendus\/#breadcrumb\"},\"inLanguage\":\"fr-FR\",\"potentialAction\":[{\"@type\":\"ReadAction\",\"target\":[\"https:\/\/capy-planet.com\/fr\/shop\/capyhaul-sac-a-dos-scolaire-esthetique-capybara-sac-a-dos-multi-poches-pour-etudiants-et-explorateurs-detendus\/\"]}]},{\"@type\":\"ImageObject\",\"inLanguage\":\"fr-FR\",\"@id\":\"https:\/\/capy-planet.com\/fr\/shop\/capyhaul-sac-a-dos-scolaire-esthetique-capybara-sac-a-dos-multi-poches-pour-etudiants-et-explorateurs-detendus\/#primaryimage\",\"url\":\"https:\/\/i0.wp.com\/capy-planet.com\/wp-content\/uploads\/sites\/2\/2025\/04\/Sd02560c26a1347f08115398a79f86631L.webp?fit=1000%2C1000&ssl=1\",\"contentUrl\":\"https:\/\/i0.wp.com\/capy-planet.com\/wp-content\/uploads\/sites\/2\/2025\/04\/Sd02560c26a1347f08115398a79f86631L.webp?fit=1000%2C1000&ssl=1\",\"width\":1000,\"height\":1000},{\"@type\":\"BreadcrumbList\",\"@id\":\"https:\/\/capy-planet.com\/fr\/shop\/capyhaul-sac-a-dos-scolaire-esthetique-capybara-sac-a-dos-multi-poches-pour-etudiants-et-explorateurs-detendus\/#breadcrumb\",\"itemListElement\":[{\"@type\":\"ListItem\",\"position\":1,\"name\":\"Home\",\"item\":\"https:\/\/capy-planet.com\/fr\/home\/\"},{\"@type\":\"ListItem\",\"position\":2,\"name\":\"Capy Shop\",\"item\":\"https:\/\/capy-planet.com\/shop\/\"},{\"@type\":\"ListItem\",\"position\":3,\"name\":\"CapyHaul \u2013 Sac \u00e0 dos scolaire esth\u00e9tique Capybara | Sac \u00e0 dos multi-poches pour \u00e9tudiants et explorateurs d\u00e9tendus\"}]},{\"@type\":\"WebSite\",\"@id\":\"https:\/\/capy-planet.com\/fr\/#website\",\"url\":\"https:\/\/capy-planet.com\/fr\/\",\"name\":\"Capy Planet\",\"description\":\"Adoptez la vibe Capybara !\",\"publisher\":{\"@id\":\"https:\/\/capy-planet.com\/fr\/#organization\"},\"potentialAction\":[{\"@type\":\"SearchAction\",\"target\":{\"@type\":\"EntryPoint\",\"urlTemplate\":\"https:\/\/capy-planet.com\/fr\/?s={search_term_string}\"},\"query-input\":{\"@type\":\"PropertyValueSpecification\",\"valueRequired\":true,\"valueName\":\"search_term_string\"}}],\"inLanguage\":\"fr-FR\"},{\"@type\":\"Organization\",\"@id\":\"https:\/\/capy-planet.com\/fr\/#organization\",\"name\":\"Plan\u00e8te Capy\",\"url\":\"https:\/\/capy-planet.com\/fr\/\",\"logo\":{\"@type\":\"ImageObject\",\"inLanguage\":\"fr-FR\",\"@id\":\"https:\/\/capy-planet.com\/fr\/#\/schema\/logo\/image\/\",\"url\":\"https:\/\/i0.wp.com\/capy-planet.com\/wp-content\/uploads\/sites\/2\/2025\/03\/Henri_Hardillier_Capybara_face_large_smile_big_white_kawaii_eyes_c795f5d3-126d-4c2b-bf35-82751b2d63bb-2.png?fit=705%2C705&ssl=1\",\"contentUrl\":\"https:\/\/i0.wp.com\/capy-planet.com\/wp-content\/uploads\/sites\/2\/2025\/03\/Henri_Hardillier_Capybara_face_large_smile_big_white_kawaii_eyes_c795f5d3-126d-4c2b-bf35-82751b2d63bb-2.png?fit=705%2C705&ssl=1\",\"width\":705,\"height\":705,\"caption\":\"Plan\u00e8te Capy\"},\"image\":{\"@id\":\"https:\/\/capy-planet.com\/fr\/#\/schema\/logo\/image\/\"},\"sameAs\":[\"https:\/\/www.facebook.com\/capy.planet\",\"https:\/\/www.instagram.com\/capy_planet_com\"]}]}<\/script>\n<!-- \/ Yoast SEO plugin. -->","yoast_head_json":{"title":"CapyHaul \u2013 Sac \u00e0 dos scolaire esth\u00e9tique Capybara | Sac \u00e0 dos multi-poches pour \u00e9tudiants et explorateurs d\u00e9tendus - Capy Planet","description":"\ud83c\udf92 CapyHaul \u2013 Sac \u00e0 dos capybara styl\u00e9, multi-poches. Pour \u00e9tudiants et fans de capybaras.","robots":{"index":"index","follow":"follow","max-snippet":"max-snippet:-1","max-image-preview":"max-image-preview:large","max-video-preview":"max-video-preview:-1"},"canonical":"https:\/\/capy-planet.com\/fr\/shop\/capyhaul-sac-a-dos-scolaire-esthetique-capybara-sac-a-dos-multi-poches-pour-etudiants-et-explorateurs-detendus\/","og_locale":"fr_FR","og_type":"article","og_title":"CapyHaul \u2013 Sac \u00e0 dos scolaire esth\u00e9tique Capybara | Sac \u00e0 dos multi-poches pour \u00e9tudiants et explorateurs d\u00e9tendus - Capy Planet","og_description":"\ud83c\udf92 CapyHaul \u2013 Sac \u00e0 dos capybara styl\u00e9, multi-poches. Pour \u00e9tudiants et fans de capybaras.","og_url":"https:\/\/capy-planet.com\/fr\/shop\/capyhaul-sac-a-dos-scolaire-esthetique-capybara-sac-a-dos-multi-poches-pour-etudiants-et-explorateurs-detendus\/","og_site_name":"Capy Planet","article_publisher":"https:\/\/www.facebook.com\/capy.planet","article_modified_time":"2025-04-10T19:27:15+00:00","og_image":[{"width":1000,"height":1000,"url":"https:\/\/capy-planet.com\/wp-content\/uploads\/sites\/2\/2025\/04\/Sd02560c26a1347f08115398a79f86631L.webp","type":"image\/webp"}],"twitter_card":"summary_large_image","twitter_misc":{"Dur\u00e9e de lecture estim\u00e9e":"1 minute"},"schema":{"@context":"https:\/\/schema.org","@graph":[{"@type":"WebPage","@id":"https:\/\/capy-planet.com\/fr\/shop\/capyhaul-sac-a-dos-scolaire-esthetique-capybara-sac-a-dos-multi-poches-pour-etudiants-et-explorateurs-detendus\/","url":"https:\/\/capy-planet.com\/fr\/shop\/capyhaul-sac-a-dos-scolaire-esthetique-capybara-sac-a-dos-multi-poches-pour-etudiants-et-explorateurs-detendus\/","name":"CapyHaul \u2013 Sac \u00e0 dos scolaire esth\u00e9tique Capybara | Sac \u00e0 dos multi-poches pour \u00e9tudiants et explorateurs d\u00e9tendus - Capy Planet","isPartOf":{"@id":"https:\/\/capy-planet.com\/fr\/#website"},"primaryImageOfPage":{"@id":"https:\/\/capy-planet.com\/fr\/shop\/capyhaul-sac-a-dos-scolaire-esthetique-capybara-sac-a-dos-multi-poches-pour-etudiants-et-explorateurs-detendus\/#primaryimage"},"image":{"@id":"https:\/\/capy-planet.com\/fr\/shop\/capyhaul-sac-a-dos-scolaire-esthetique-capybara-sac-a-dos-multi-poches-pour-etudiants-et-explorateurs-detendus\/#primaryimage"},"thumbnailUrl":"https:\/\/i0.wp.com\/capy-planet.com\/wp-content\/uploads\/sites\/2\/2025\/04\/Sd02560c26a1347f08115398a79f86631L.webp?fit=1000%2C1000&ssl=1","datePublished":"2025-04-10T19:21:56+00:00","dateModified":"2025-04-10T19:27:15+00:00","description":"\ud83c\udf92 CapyHaul \u2013 Sac \u00e0 dos capybara styl\u00e9, multi-poches. Pour \u00e9tudiants et fans de capybaras.","breadcrumb":{"@id":"https:\/\/capy-planet.com\/fr\/shop\/capyhaul-sac-a-dos-scolaire-esthetique-capybara-sac-a-dos-multi-poches-pour-etudiants-et-explorateurs-detendus\/#breadcrumb"},"inLanguage":"fr-FR","potentialAction":[{"@type":"ReadAction","target":["https:\/\/capy-planet.com\/fr\/shop\/capyhaul-sac-a-dos-scolaire-esthetique-capybara-sac-a-dos-multi-poches-pour-etudiants-et-explorateurs-detendus\/"]}]},{"@type":"ImageObject","inLanguage":"fr-FR","@id":"https:\/\/capy-planet.com\/fr\/shop\/capyhaul-sac-a-dos-scolaire-esthetique-capybara-sac-a-dos-multi-poches-pour-etudiants-et-explorateurs-detendus\/#primaryimage","url":"https:\/\/i0.wp.com\/capy-planet.com\/wp-content\/uploads\/sites\/2\/2025\/04\/Sd02560c26a1347f08115398a79f86631L.webp?fit=1000%2C1000&ssl=1","contentUrl":"https:\/\/i0.wp.com\/capy-planet.com\/wp-content\/uploads\/sites\/2\/2025\/04\/Sd02560c26a1347f08115398a79f86631L.webp?fit=1000%2C1000&ssl=1","width":1000,"height":1000},{"@type":"BreadcrumbList","@id":"https:\/\/capy-planet.com\/fr\/shop\/capyhaul-sac-a-dos-scolaire-esthetique-capybara-sac-a-dos-multi-poches-pour-etudiants-et-explorateurs-detendus\/#breadcrumb","itemListElement":[{"@type":"ListItem","position":1,"name":"Home","item":"https:\/\/capy-planet.com\/fr\/home\/"},{"@type":"ListItem","position":2,"name":"Capy Shop","item":"https:\/\/capy-planet.com\/shop\/"},{"@type":"ListItem","position":3,"name":"CapyHaul \u2013 Sac \u00e0 dos scolaire esth\u00e9tique Capybara | Sac \u00e0 dos multi-poches pour \u00e9tudiants et explorateurs d\u00e9tendus"}]},{"@type":"WebSite","@id":"https:\/\/capy-planet.com\/fr\/#website","url":"https:\/\/capy-planet.com\/fr\/","name":"Capy Planet","description":"Adoptez la vibe Capybara !","publisher":{"@id":"https:\/\/capy-planet.com\/fr\/#organization"},"potentialAction":[{"@type":"SearchAction","target":{"@type":"EntryPoint","urlTemplate":"https:\/\/capy-planet.com\/fr\/?s={search_term_string}"},"query-input":{"@type":"PropertyValueSpecification","valueRequired":true,"valueName":"search_term_string"}}],"inLanguage":"fr-FR"},{"@type":"Organization","@id":"https:\/\/capy-planet.com\/fr\/#organization","name":"Plan\u00e8te Capy","url":"https:\/\/capy-planet.com\/fr\/","logo":{"@type":"ImageObject","inLanguage":"fr-FR","@id":"https:\/\/capy-planet.com\/fr\/#\/schema\/logo\/image\/","url":"https:\/\/i0.wp.com\/capy-planet.com\/wp-content\/uploads\/sites\/2\/2025\/03\/Henri_Hardillier_Capybara_face_large_smile_big_white_kawaii_eyes_c795f5d3-126d-4c2b-bf35-82751b2d63bb-2.png?fit=705%2C705&ssl=1","contentUrl":"https:\/\/i0.wp.com\/capy-planet.com\/wp-content\/uploads\/sites\/2\/2025\/03\/Henri_Hardillier_Capybara_face_large_smile_big_white_kawaii_eyes_c795f5d3-126d-4c2b-bf35-82751b2d63bb-2.png?fit=705%2C705&ssl=1","width":705,"height":705,"caption":"Plan\u00e8te Capy"},"image":{"@id":"https:\/\/capy-planet.com\/fr\/#\/schema\/logo\/image\/"},"sameAs":["https:\/\/www.facebook.com\/capy.planet","https:\/\/www.instagram.com\/capy_planet_com"]}]}},"jetpack_sharing_enabled":true,"_links":{"self":[{"href":"https:\/\/capy-planet.com\/fr\/wp-json\/wp\/v2\/product\/43100","targetHints":{"allow":["GET"]}}],"collection":[{"href":"https:\/\/capy-planet.com\/fr\/wp-json\/wp\/v2\/product"}],"about":[{"href":"https:\/\/capy-planet.com\/fr\/wp-json\/wp\/v2\/types\/product"}],"replies":[{"embeddable":true,"href":"https:\/\/capy-planet.com\/fr\/wp-json\/wp\/v2\/comments?post=43100"}],"wp:featuredmedia":[{"embeddable":true,"href":"https:\/\/capy-planet.com\/fr\/wp-json\/wp\/v2\/media\/43045"}],"wp:attachment":[{"href":"https:\/\/capy-planet.com\/fr\/wp-json\/wp\/v2\/media?parent=43100"}],"wp:term":[{"taxonomy":"product_brand","embeddable":true,"href":"https:\/\/capy-planet.com\/fr\/wp-json\/wp\/v2\/product_brand?post=43100"},{"taxonomy":"product_cat","embeddable":true,"href":"https:\/\/capy-planet.com\/fr\/wp-json\/wp\/v2\/product_cat?post=43100"},{"taxonomy":"product_tag","embeddable":true,"href":"https:\/\/capy-planet.com\/fr\/wp-json\/wp\/v2\/product_tag?post=43100"}],"curies":[{"name":"wp","href":"https:\/\/api.w.org\/{rel}","templated":true}]}}