{"id":43035,"date":"2025-04-11T02:04:14","date_gmt":"2025-04-10T19:04:14","guid":{"rendered":"https:\/\/capy-planet.com\/shop\/capyglow-enseigne-neon-capybara-cool-avec-lunettes-de-soleil-lumiere-murale-led-pour-chambre-ambiance-jeux-fetes\/"},"modified":"2025-04-11T02:20:38","modified_gmt":"2025-04-10T19:20:38","slug":"capyglow-enseigne-neon-capybara-cool-avec-lunettes-de-soleil-lumiere-murale-led-pour-chambre-ambiance-jeux-fetes","status":"publish","type":"product","link":"https:\/\/capy-planet.com\/fr\/shop\/capyglow-enseigne-neon-capybara-cool-avec-lunettes-de-soleil-lumiere-murale-led-pour-chambre-ambiance-jeux-fetes\/","title":{"rendered":"CapyGlow \u2013 Enseigne N\u00e9on Capybara Cool avec Lunettes de Soleil | Lumi\u00e8re Murale LED pour Chambre, Ambiance Jeux &amp; F\u00eates"},"content":{"rendered":"<p class=\"\" data-start=\"398\" data-end=\"533\">\ud83d\udd25 Augmentez l&rsquo;ambiance d\u00e9contract\u00e9e avec <strong data-start=\"424\" data-end=\"437\">CapyGlow<\/strong> \u2013 l&rsquo;enseigne murale LED n\u00e9on ultime mettant en vedette un capybara nonchalant arborant une paire de lunettes audacieuses !<\/p>\n<p class=\"\" data-start=\"535\" data-end=\"862\">Cette ic\u00f4ne lumineuse n&rsquo;est pas seulement une ambiance, c&rsquo;est un style de vie. Que vous d\u00e9coriez une configuration de jeu, embellissiez votre chambre ou organisiez une soir\u00e9e \u00e0 th\u00e8me capybara, <strong data-start=\"688\" data-end=\"701\">CapyGlow<\/strong> apporte instantan\u00e9ment de la fra\u00eecheur \u00e0 n&rsquo;importe quel espace. Mesurant 34&#215;32.5CM, c&rsquo;est la taille parfaite pour ce mur vide qui r\u00e9clame de la personnalit\u00e9 (et un capybara au style impeccable).  <\/p>\n<p class=\"\" data-start=\"864\" data-end=\"909\">\ud83d\udca1 <strong data-start=\"867\" data-end=\"909\">Pourquoi CapyGlow illuminera votre vie :<\/strong><\/p>\n<ul data-start=\"910\" data-end=\"1298\">\n<li class=\"\" data-start=\"910\" data-end=\"967\">\n<p class=\"\" data-start=\"912\" data-end=\"967\">\u2728 <strong data-start=\"914\" data-end=\"940\">Design de Capybara avec lunettes de soleil<\/strong> \u2013 Facteur de d\u00e9contraction in\u00e9gal\u00e9<\/p>\n<\/li>\n<li class=\"\" data-start=\"968\" data-end=\"1026\">\n<p class=\"\" data-start=\"970\" data-end=\"1026\">\ud83c\udf08 <strong data-start=\"973\" data-end=\"996\">Luminosit\u00e9 LED N\u00e9on<\/strong> \u2013 Brille doucement, sans agressivit\u00e9<\/p>\n<\/li>\n<li class=\"\" data-start=\"1027\" data-end=\"1088\">\n<p class=\"\" data-start=\"1029\" data-end=\"1088\">\ud83e\uddf1 <strong data-start=\"1032\" data-end=\"1052\">Pr\u00eat pour le montage mural<\/strong> \u2013 L\u00e9ger et facile \u00e0 installer<\/p>\n<\/li>\n<li class=\"\" data-start=\"1089\" data-end=\"1163\">\n<p class=\"\" data-start=\"1091\" data-end=\"1163\">\ud83e\udd73 <strong data-start=\"1094\" data-end=\"1122\">Parfait pour toute occasion<\/strong> \u2013 Soir\u00e9es, dortoirs, chambres, salles de jeux<\/p>\n<\/li>\n<li class=\"\" data-start=\"1164\" data-end=\"1234\">\n<p class=\"\" data-start=\"1166\" data-end=\"1234\">\ud83c\udf81 <strong data-start=\"1169\" data-end=\"1199\">Cadeau formidable pour les amateurs de capybaras<\/strong> \u2013 Totalement unique et inoubliable<\/p>\n<\/li>\n<li class=\"\" data-start=\"1235\" data-end=\"1298\">\n<p class=\"\" data-start=\"1237\" data-end=\"1298\">\ud83d\udd0c <strong data-start=\"1240\" data-end=\"1255\">Aliment\u00e9 par USB<\/strong> \u2013 Facile, efficace et s&rsquo;adapte \u00e0 toute ambiance<\/p>\n<\/li>\n<\/ul>\n<p class=\"\" data-start=\"1300\" data-end=\"1425\">Que vous soyez un connaisseur de capybaras ou que vous appr\u00e9ciez simplement l&rsquo;art LED qui <em data-start=\"1370\" data-end=\"1377\">fait sensation<\/em>, <strong data-start=\"1379\" data-end=\"1392\">CapyGlow<\/strong> est votre prochain sujet de conversation.<\/p>\n","protected":false},"excerpt":{"rendered":"<p>\ud83d\udd76\ufe0f <strong>CapyGlow<\/strong> \u2013 Enseigne lumineuse LED n\u00e9on de capybara avec des lunettes de soleil ! Parfaite pour les salles de jeux, les chambres et les soir\u00e9es. D\u00e9contract\u00e9e, lumineuse et instantan\u00e9ment embl\u00e9matique.  <\/p>\n","protected":false},"featured_media":43004,"comment_status":"open","ping_status":"closed","template":"","meta":[],"product_brand":[],"product_cat":[1812],"product_tag":[1241,1849,1846,1844,1843,1841,1848,1847,1842,1845],"class_list":{"0":"post-43035","1":"product","2":"type-product","3":"status-publish","4":"has-post-thumbnail","6":"product_cat-capy-decorations-fr","7":"product_tag-cadeaux-de-capybara","8":"product_tag-capybara-avec-lunettes-de-soleil","9":"product_tag-decoration-de-chambre-capybara","10":"product_tag-decoration-de-salle-de-jeux","11":"product_tag-enseigne-led-danimal-cool","12":"product_tag-enseigne-neon-capybara","13":"product_tag-lumiere-esthetique-danimal","14":"product_tag-lumiere-murale-de-fete","15":"product_tag-lumiere-murale-led-capybara","16":"product_tag-lumiere-neon-kawaii","18":"first","19":"instock","20":"sale","21":"shipping-taxable","22":"purchasable","23":"product-type-variable"},"yoast_head":"<!-- This site is optimized with the Yoast SEO plugin v27.0 - https:\/\/yoast.com\/product\/yoast-seo-wordpress\/ -->\n<title>CapyGlow \u2013 Enseigne N\u00e9on Capybara Cool avec Lunettes de Soleil | Lumi\u00e8re Murale LED pour Chambre, Ambiance Jeux &amp; F\u00eates - Capy Planet<\/title>\n<meta name=\"description\" content=\"\ud83d\udd76\ufe0f CapyGlow \u2013 Enseigne n\u00e9on LED capybara cool. Id\u00e9ale pour jeux, chambres et f\u00eates. D\u00e9contract\u00e9e et iconique.\" \/>\n<meta name=\"robots\" content=\"index, follow, max-snippet:-1, max-image-preview:large, max-video-preview:-1\" \/>\n<link rel=\"canonical\" href=\"https:\/\/capy-planet.com\/fr\/shop\/capyglow-enseigne-neon-capybara-cool-avec-lunettes-de-soleil-lumiere-murale-led-pour-chambre-ambiance-jeux-fetes\/\" \/>\n<meta property=\"og:locale\" content=\"fr_FR\" \/>\n<meta property=\"og:type\" content=\"article\" \/>\n<meta property=\"og:title\" content=\"CapyGlow \u2013 Enseigne N\u00e9on Capybara Cool avec Lunettes de Soleil | Lumi\u00e8re Murale LED pour Chambre, Ambiance Jeux &amp; F\u00eates - Capy Planet\" \/>\n<meta property=\"og:description\" content=\"\ud83d\udd76\ufe0f CapyGlow \u2013 Enseigne n\u00e9on LED capybara cool. Id\u00e9ale pour jeux, chambres et f\u00eates. D\u00e9contract\u00e9e et iconique.\" \/>\n<meta property=\"og:url\" content=\"https:\/\/capy-planet.com\/fr\/shop\/capyglow-enseigne-neon-capybara-cool-avec-lunettes-de-soleil-lumiere-murale-led-pour-chambre-ambiance-jeux-fetes\/\" \/>\n<meta property=\"og:site_name\" content=\"Capy Planet\" \/>\n<meta property=\"article:publisher\" content=\"https:\/\/www.facebook.com\/capy.planet\" \/>\n<meta property=\"article:modified_time\" content=\"2025-04-10T19:20:38+00:00\" \/>\n<meta property=\"og:image\" content=\"https:\/\/capy-planet.com\/wp-content\/uploads\/sites\/2\/2025\/04\/Sc5203c269142411798d5abe5f6e1edd2A.webp\" \/>\n\t<meta property=\"og:image:width\" content=\"1500\" \/>\n\t<meta property=\"og:image:height\" content=\"1500\" \/>\n\t<meta property=\"og:image:type\" content=\"image\/webp\" \/>\n<meta name=\"twitter:card\" content=\"summary_large_image\" \/>\n<meta name=\"twitter:label1\" content=\"Dur\u00e9e de lecture estim\u00e9e\" \/>\n\t<meta name=\"twitter:data1\" content=\"1 minute\" \/>\n<script type=\"application\/ld+json\" class=\"yoast-schema-graph\">{\"@context\":\"https:\/\/schema.org\",\"@graph\":[{\"@type\":\"WebPage\",\"@id\":\"https:\/\/capy-planet.com\/fr\/shop\/capyglow-enseigne-neon-capybara-cool-avec-lunettes-de-soleil-lumiere-murale-led-pour-chambre-ambiance-jeux-fetes\/\",\"url\":\"https:\/\/capy-planet.com\/fr\/shop\/capyglow-enseigne-neon-capybara-cool-avec-lunettes-de-soleil-lumiere-murale-led-pour-chambre-ambiance-jeux-fetes\/\",\"name\":\"CapyGlow \u2013 Enseigne N\u00e9on Capybara Cool avec Lunettes de Soleil | Lumi\u00e8re Murale LED pour Chambre, Ambiance Jeux &amp; F\u00eates - Capy Planet\",\"isPartOf\":{\"@id\":\"https:\/\/capy-planet.com\/fr\/#website\"},\"primaryImageOfPage\":{\"@id\":\"https:\/\/capy-planet.com\/fr\/shop\/capyglow-enseigne-neon-capybara-cool-avec-lunettes-de-soleil-lumiere-murale-led-pour-chambre-ambiance-jeux-fetes\/#primaryimage\"},\"image\":{\"@id\":\"https:\/\/capy-planet.com\/fr\/shop\/capyglow-enseigne-neon-capybara-cool-avec-lunettes-de-soleil-lumiere-murale-led-pour-chambre-ambiance-jeux-fetes\/#primaryimage\"},\"thumbnailUrl\":\"https:\/\/i0.wp.com\/capy-planet.com\/wp-content\/uploads\/sites\/2\/2025\/04\/Sc5203c269142411798d5abe5f6e1edd2A.webp?fit=1500%2C1500&ssl=1\",\"datePublished\":\"2025-04-10T19:04:14+00:00\",\"dateModified\":\"2025-04-10T19:20:38+00:00\",\"description\":\"\ud83d\udd76\ufe0f CapyGlow \u2013 Enseigne n\u00e9on LED capybara cool. Id\u00e9ale pour jeux, chambres et f\u00eates. D\u00e9contract\u00e9e et iconique.\",\"breadcrumb\":{\"@id\":\"https:\/\/capy-planet.com\/fr\/shop\/capyglow-enseigne-neon-capybara-cool-avec-lunettes-de-soleil-lumiere-murale-led-pour-chambre-ambiance-jeux-fetes\/#breadcrumb\"},\"inLanguage\":\"fr-FR\",\"potentialAction\":[{\"@type\":\"ReadAction\",\"target\":[\"https:\/\/capy-planet.com\/fr\/shop\/capyglow-enseigne-neon-capybara-cool-avec-lunettes-de-soleil-lumiere-murale-led-pour-chambre-ambiance-jeux-fetes\/\"]}]},{\"@type\":\"ImageObject\",\"inLanguage\":\"fr-FR\",\"@id\":\"https:\/\/capy-planet.com\/fr\/shop\/capyglow-enseigne-neon-capybara-cool-avec-lunettes-de-soleil-lumiere-murale-led-pour-chambre-ambiance-jeux-fetes\/#primaryimage\",\"url\":\"https:\/\/i0.wp.com\/capy-planet.com\/wp-content\/uploads\/sites\/2\/2025\/04\/Sc5203c269142411798d5abe5f6e1edd2A.webp?fit=1500%2C1500&ssl=1\",\"contentUrl\":\"https:\/\/i0.wp.com\/capy-planet.com\/wp-content\/uploads\/sites\/2\/2025\/04\/Sc5203c269142411798d5abe5f6e1edd2A.webp?fit=1500%2C1500&ssl=1\",\"width\":1500,\"height\":1500},{\"@type\":\"BreadcrumbList\",\"@id\":\"https:\/\/capy-planet.com\/fr\/shop\/capyglow-enseigne-neon-capybara-cool-avec-lunettes-de-soleil-lumiere-murale-led-pour-chambre-ambiance-jeux-fetes\/#breadcrumb\",\"itemListElement\":[{\"@type\":\"ListItem\",\"position\":1,\"name\":\"Home\",\"item\":\"https:\/\/capy-planet.com\/fr\/home\/\"},{\"@type\":\"ListItem\",\"position\":2,\"name\":\"Capy Shop\",\"item\":\"https:\/\/capy-planet.com\/shop\/\"},{\"@type\":\"ListItem\",\"position\":3,\"name\":\"CapyGlow \u2013 Enseigne N\u00e9on Capybara Cool avec Lunettes de Soleil | Lumi\u00e8re Murale LED pour Chambre, Ambiance Jeux &amp; F\u00eates\"}]},{\"@type\":\"WebSite\",\"@id\":\"https:\/\/capy-planet.com\/fr\/#website\",\"url\":\"https:\/\/capy-planet.com\/fr\/\",\"name\":\"Capy Planet\",\"description\":\"Adoptez la vibe Capybara !\",\"publisher\":{\"@id\":\"https:\/\/capy-planet.com\/fr\/#organization\"},\"potentialAction\":[{\"@type\":\"SearchAction\",\"target\":{\"@type\":\"EntryPoint\",\"urlTemplate\":\"https:\/\/capy-planet.com\/fr\/?s={search_term_string}\"},\"query-input\":{\"@type\":\"PropertyValueSpecification\",\"valueRequired\":true,\"valueName\":\"search_term_string\"}}],\"inLanguage\":\"fr-FR\"},{\"@type\":\"Organization\",\"@id\":\"https:\/\/capy-planet.com\/fr\/#organization\",\"name\":\"Plan\u00e8te Capy\",\"url\":\"https:\/\/capy-planet.com\/fr\/\",\"logo\":{\"@type\":\"ImageObject\",\"inLanguage\":\"fr-FR\",\"@id\":\"https:\/\/capy-planet.com\/fr\/#\/schema\/logo\/image\/\",\"url\":\"https:\/\/i0.wp.com\/capy-planet.com\/wp-content\/uploads\/sites\/2\/2025\/03\/Henri_Hardillier_Capybara_face_large_smile_big_white_kawaii_eyes_c795f5d3-126d-4c2b-bf35-82751b2d63bb-2.png?fit=705%2C705&ssl=1\",\"contentUrl\":\"https:\/\/i0.wp.com\/capy-planet.com\/wp-content\/uploads\/sites\/2\/2025\/03\/Henri_Hardillier_Capybara_face_large_smile_big_white_kawaii_eyes_c795f5d3-126d-4c2b-bf35-82751b2d63bb-2.png?fit=705%2C705&ssl=1\",\"width\":705,\"height\":705,\"caption\":\"Plan\u00e8te Capy\"},\"image\":{\"@id\":\"https:\/\/capy-planet.com\/fr\/#\/schema\/logo\/image\/\"},\"sameAs\":[\"https:\/\/www.facebook.com\/capy.planet\",\"https:\/\/www.instagram.com\/capy_planet_com\"]}]}<\/script>\n<!-- \/ Yoast SEO plugin. -->","yoast_head_json":{"title":"CapyGlow \u2013 Enseigne N\u00e9on Capybara Cool avec Lunettes de Soleil | Lumi\u00e8re Murale LED pour Chambre, Ambiance Jeux &amp; F\u00eates - Capy Planet","description":"\ud83d\udd76\ufe0f CapyGlow \u2013 Enseigne n\u00e9on LED capybara cool. Id\u00e9ale pour jeux, chambres et f\u00eates. D\u00e9contract\u00e9e et iconique.","robots":{"index":"index","follow":"follow","max-snippet":"max-snippet:-1","max-image-preview":"max-image-preview:large","max-video-preview":"max-video-preview:-1"},"canonical":"https:\/\/capy-planet.com\/fr\/shop\/capyglow-enseigne-neon-capybara-cool-avec-lunettes-de-soleil-lumiere-murale-led-pour-chambre-ambiance-jeux-fetes\/","og_locale":"fr_FR","og_type":"article","og_title":"CapyGlow \u2013 Enseigne N\u00e9on Capybara Cool avec Lunettes de Soleil | Lumi\u00e8re Murale LED pour Chambre, Ambiance Jeux &amp; F\u00eates - Capy Planet","og_description":"\ud83d\udd76\ufe0f CapyGlow \u2013 Enseigne n\u00e9on LED capybara cool. Id\u00e9ale pour jeux, chambres et f\u00eates. D\u00e9contract\u00e9e et iconique.","og_url":"https:\/\/capy-planet.com\/fr\/shop\/capyglow-enseigne-neon-capybara-cool-avec-lunettes-de-soleil-lumiere-murale-led-pour-chambre-ambiance-jeux-fetes\/","og_site_name":"Capy Planet","article_publisher":"https:\/\/www.facebook.com\/capy.planet","article_modified_time":"2025-04-10T19:20:38+00:00","og_image":[{"width":1500,"height":1500,"url":"https:\/\/capy-planet.com\/wp-content\/uploads\/sites\/2\/2025\/04\/Sc5203c269142411798d5abe5f6e1edd2A.webp","type":"image\/webp"}],"twitter_card":"summary_large_image","twitter_misc":{"Dur\u00e9e de lecture estim\u00e9e":"1 minute"},"schema":{"@context":"https:\/\/schema.org","@graph":[{"@type":"WebPage","@id":"https:\/\/capy-planet.com\/fr\/shop\/capyglow-enseigne-neon-capybara-cool-avec-lunettes-de-soleil-lumiere-murale-led-pour-chambre-ambiance-jeux-fetes\/","url":"https:\/\/capy-planet.com\/fr\/shop\/capyglow-enseigne-neon-capybara-cool-avec-lunettes-de-soleil-lumiere-murale-led-pour-chambre-ambiance-jeux-fetes\/","name":"CapyGlow \u2013 Enseigne N\u00e9on Capybara Cool avec Lunettes de Soleil | Lumi\u00e8re Murale LED pour Chambre, Ambiance Jeux &amp; F\u00eates - Capy Planet","isPartOf":{"@id":"https:\/\/capy-planet.com\/fr\/#website"},"primaryImageOfPage":{"@id":"https:\/\/capy-planet.com\/fr\/shop\/capyglow-enseigne-neon-capybara-cool-avec-lunettes-de-soleil-lumiere-murale-led-pour-chambre-ambiance-jeux-fetes\/#primaryimage"},"image":{"@id":"https:\/\/capy-planet.com\/fr\/shop\/capyglow-enseigne-neon-capybara-cool-avec-lunettes-de-soleil-lumiere-murale-led-pour-chambre-ambiance-jeux-fetes\/#primaryimage"},"thumbnailUrl":"https:\/\/i0.wp.com\/capy-planet.com\/wp-content\/uploads\/sites\/2\/2025\/04\/Sc5203c269142411798d5abe5f6e1edd2A.webp?fit=1500%2C1500&ssl=1","datePublished":"2025-04-10T19:04:14+00:00","dateModified":"2025-04-10T19:20:38+00:00","description":"\ud83d\udd76\ufe0f CapyGlow \u2013 Enseigne n\u00e9on LED capybara cool. Id\u00e9ale pour jeux, chambres et f\u00eates. D\u00e9contract\u00e9e et iconique.","breadcrumb":{"@id":"https:\/\/capy-planet.com\/fr\/shop\/capyglow-enseigne-neon-capybara-cool-avec-lunettes-de-soleil-lumiere-murale-led-pour-chambre-ambiance-jeux-fetes\/#breadcrumb"},"inLanguage":"fr-FR","potentialAction":[{"@type":"ReadAction","target":["https:\/\/capy-planet.com\/fr\/shop\/capyglow-enseigne-neon-capybara-cool-avec-lunettes-de-soleil-lumiere-murale-led-pour-chambre-ambiance-jeux-fetes\/"]}]},{"@type":"ImageObject","inLanguage":"fr-FR","@id":"https:\/\/capy-planet.com\/fr\/shop\/capyglow-enseigne-neon-capybara-cool-avec-lunettes-de-soleil-lumiere-murale-led-pour-chambre-ambiance-jeux-fetes\/#primaryimage","url":"https:\/\/i0.wp.com\/capy-planet.com\/wp-content\/uploads\/sites\/2\/2025\/04\/Sc5203c269142411798d5abe5f6e1edd2A.webp?fit=1500%2C1500&ssl=1","contentUrl":"https:\/\/i0.wp.com\/capy-planet.com\/wp-content\/uploads\/sites\/2\/2025\/04\/Sc5203c269142411798d5abe5f6e1edd2A.webp?fit=1500%2C1500&ssl=1","width":1500,"height":1500},{"@type":"BreadcrumbList","@id":"https:\/\/capy-planet.com\/fr\/shop\/capyglow-enseigne-neon-capybara-cool-avec-lunettes-de-soleil-lumiere-murale-led-pour-chambre-ambiance-jeux-fetes\/#breadcrumb","itemListElement":[{"@type":"ListItem","position":1,"name":"Home","item":"https:\/\/capy-planet.com\/fr\/home\/"},{"@type":"ListItem","position":2,"name":"Capy Shop","item":"https:\/\/capy-planet.com\/shop\/"},{"@type":"ListItem","position":3,"name":"CapyGlow \u2013 Enseigne N\u00e9on Capybara Cool avec Lunettes de Soleil | Lumi\u00e8re Murale LED pour Chambre, Ambiance Jeux &amp; F\u00eates"}]},{"@type":"WebSite","@id":"https:\/\/capy-planet.com\/fr\/#website","url":"https:\/\/capy-planet.com\/fr\/","name":"Capy Planet","description":"Adoptez la vibe Capybara !","publisher":{"@id":"https:\/\/capy-planet.com\/fr\/#organization"},"potentialAction":[{"@type":"SearchAction","target":{"@type":"EntryPoint","urlTemplate":"https:\/\/capy-planet.com\/fr\/?s={search_term_string}"},"query-input":{"@type":"PropertyValueSpecification","valueRequired":true,"valueName":"search_term_string"}}],"inLanguage":"fr-FR"},{"@type":"Organization","@id":"https:\/\/capy-planet.com\/fr\/#organization","name":"Plan\u00e8te Capy","url":"https:\/\/capy-planet.com\/fr\/","logo":{"@type":"ImageObject","inLanguage":"fr-FR","@id":"https:\/\/capy-planet.com\/fr\/#\/schema\/logo\/image\/","url":"https:\/\/i0.wp.com\/capy-planet.com\/wp-content\/uploads\/sites\/2\/2025\/03\/Henri_Hardillier_Capybara_face_large_smile_big_white_kawaii_eyes_c795f5d3-126d-4c2b-bf35-82751b2d63bb-2.png?fit=705%2C705&ssl=1","contentUrl":"https:\/\/i0.wp.com\/capy-planet.com\/wp-content\/uploads\/sites\/2\/2025\/03\/Henri_Hardillier_Capybara_face_large_smile_big_white_kawaii_eyes_c795f5d3-126d-4c2b-bf35-82751b2d63bb-2.png?fit=705%2C705&ssl=1","width":705,"height":705,"caption":"Plan\u00e8te Capy"},"image":{"@id":"https:\/\/capy-planet.com\/fr\/#\/schema\/logo\/image\/"},"sameAs":["https:\/\/www.facebook.com\/capy.planet","https:\/\/www.instagram.com\/capy_planet_com"]}]}},"jetpack_sharing_enabled":true,"_links":{"self":[{"href":"https:\/\/capy-planet.com\/fr\/wp-json\/wp\/v2\/product\/43035","targetHints":{"allow":["GET"]}}],"collection":[{"href":"https:\/\/capy-planet.com\/fr\/wp-json\/wp\/v2\/product"}],"about":[{"href":"https:\/\/capy-planet.com\/fr\/wp-json\/wp\/v2\/types\/product"}],"replies":[{"embeddable":true,"href":"https:\/\/capy-planet.com\/fr\/wp-json\/wp\/v2\/comments?post=43035"}],"wp:featuredmedia":[{"embeddable":true,"href":"https:\/\/capy-planet.com\/fr\/wp-json\/wp\/v2\/media\/43004"}],"wp:attachment":[{"href":"https:\/\/capy-planet.com\/fr\/wp-json\/wp\/v2\/media?parent=43035"}],"wp:term":[{"taxonomy":"product_brand","embeddable":true,"href":"https:\/\/capy-planet.com\/fr\/wp-json\/wp\/v2\/product_brand?post=43035"},{"taxonomy":"product_cat","embeddable":true,"href":"https:\/\/capy-planet.com\/fr\/wp-json\/wp\/v2\/product_cat?post=43035"},{"taxonomy":"product_tag","embeddable":true,"href":"https:\/\/capy-planet.com\/fr\/wp-json\/wp\/v2\/product_tag?post=43035"}],"curies":[{"name":"wp","href":"https:\/\/api.w.org\/{rel}","templated":true}]}}