{"id":42957,"date":"2025-04-11T01:58:42","date_gmt":"2025-04-10T18:58:42","guid":{"rendered":"https:\/\/capy-planet.com\/shop\/capysnug-etui-iphone-en-peluche-de-capybara-protection-contre-les-chocs-et-surcharge-de-mignonnerie-pour-une-ambiance-hivernale\/"},"modified":"2025-04-11T02:03:28","modified_gmt":"2025-04-10T19:03:28","slug":"capysnug-etui-iphone-en-peluche-de-capybara-protection-contre-les-chocs-et-surcharge-de-mignonnerie-pour-une-ambiance-hivernale","status":"publish","type":"product","link":"https:\/\/capy-planet.com\/fr\/shop\/capysnug-etui-iphone-en-peluche-de-capybara-protection-contre-les-chocs-et-surcharge-de-mignonnerie-pour-une-ambiance-hivernale\/","title":{"rendered":"CapySnug \u2013 \u00c9tui iPhone en peluche de capybara | Protection contre les chocs et surcharge de mignonnerie pour une ambiance hivernale"},"content":{"rendered":"<p class=\"\" data-start=\"384\" data-end=\"482\">\ud83d\udd25 Enveloppez votre t\u00e9l\u00e9phone dans la douceur <em data-start=\"406\" data-end=\"418\">ultra-confortable<\/em> du capybara avec l&rsquo;irr\u00e9sistiblement adorable <strong data-start=\"468\" data-end=\"481\">CapySnug<\/strong> !<\/p>\n<p class=\"\" data-start=\"484\" data-end=\"846\">Con\u00e7u pour une ambiance d\u00e9contract\u00e9e et une protection moelleuse, cet \u00e9tui en fausse fourrure douce arbore un visage de capybara endormi, de minuscules pattes en peluche et des oreilles duveteuses qui vous donneront envie d&rsquo;\u00e9treindre votre t\u00e9l\u00e9phone plut\u00f4t que de le faire d\u00e9filer. Adapt\u00e9 aux iPhones du 11 au 16 Pro Max, il est antichoc, chaleureux au toucher et repr\u00e9sente l&rsquo;accessoire ultime pour les amateurs de kawaii, les passionn\u00e9s d&rsquo;animaux et les adeptes du confort. <\/p>\n<p class=\"\" data-start=\"848\" data-end=\"884\">\ud83d\udca1 <strong data-start=\"851\" data-end=\"884\">Pourquoi CapySnug est un incontournable :<\/strong><\/p>\n<ul data-start=\"885\" data-end=\"1236\">\n<li class=\"\" data-start=\"885\" data-end=\"950\">\n<p class=\"\" data-start=\"887\" data-end=\"950\">\ud83e\uddf8 Housse en peluche ultra-moelleuse avec visage et oreilles de capybara brod\u00e9s<\/p>\n<\/li>\n<li class=\"\" data-start=\"951\" data-end=\"1013\">\n<p class=\"\" data-start=\"953\" data-end=\"1013\">\ud83d\udcaa Coque souple antichoc qui prot\u00e8ge votre t\u00e9l\u00e9phone tout en restant mignonne<\/p>\n<\/li>\n<li class=\"\" data-start=\"1014\" data-end=\"1069\">\n<p class=\"\" data-start=\"1016\" data-end=\"1069\">\u2744\ufe0f Parfait pour l&rsquo;esth\u00e9tique hivernale et les amateurs de peluches<\/p>\n<\/li>\n<li class=\"\" data-start=\"1070\" data-end=\"1125\">\n<p class=\"\" data-start=\"1072\" data-end=\"1125\">\ud83d\udcf1 Disponible pour la plupart des mod\u00e8les d&rsquo;iPhone (11\u201316 Pro Max)<\/p>\n<\/li>\n<li class=\"\" data-start=\"1126\" data-end=\"1192\">\n<p class=\"\" data-start=\"1128\" data-end=\"1192\">\ud83c\udf81 Excellent cadeau pour les fans de capybaras, les utilisateurs de TikTok et les adeptes du confort<\/p>\n<\/li>\n<li class=\"\" data-start=\"1193\" data-end=\"1236\">\n<p class=\"\" data-start=\"1195\" data-end=\"1236\">\ud83e\uddfc Surface essuyable et doublure int\u00e9rieure douce<\/p>\n<\/li>\n<\/ul>\n<p class=\"\" data-start=\"1238\" data-end=\"1384\">Que vous sortiez pour d\u00e9guster un bubble tea ou que vous souhaitiez simplement un t\u00e9l\u00e9phone qui corresponde \u00e0 votre personnalit\u00e9 chaleureuse, <strong data-start=\"1338\" data-end=\"1351\">CapySnug<\/strong> est <em data-start=\"1355\" data-end=\"1383\">litt\u00e9ralement l&rsquo;accessoire le plus doux<\/em>.<\/p>\n","protected":false},"excerpt":{"rendered":"<p>\ud83d\udc3e <strong>CapySnug<\/strong> \u2013 \u00c9tui iPhone en peluche moelleuse en forme de capybara ! Antichoc, duveteux et parfait pour une ambiance chaleureuse tout au long de l&rsquo;hiver. <\/p>\n","protected":false},"featured_media":42891,"comment_status":"open","ping_status":"closed","template":"","meta":[],"product_brand":[],"product_cat":[378],"product_tag":[1798,1793,1795,1799,1791,1794,1797,1796,1792,514],"class_list":{"0":"post-42957","1":"product","2":"type-product","3":"status-publish","4":"has-post-thumbnail","6":"product_cat-capy-accessories-fr","7":"product_tag-accessoire-de-telephone-hivernal-confortable","8":"product_tag-coque-de-telephone-animal-mignon","9":"product_tag-etui-capybara-kawaii","10":"product_tag-etui-de-telephone-animal-amusant","11":"product_tag-etui-de-telephone-capybara","12":"product_tag-etui-de-telephone-en-peluche-douce","13":"product_tag-etui-iphone-15-en-fourrure","14":"product_tag-etui-iphone-antichoc","15":"product_tag-etui-iphone-moelleux","16":"product_tag-capybara-gift-idea-fr","18":"first","19":"instock","20":"sale","21":"shipping-taxable","22":"purchasable","23":"product-type-variable"},"yoast_head":"<!-- This site is optimized with the Yoast SEO plugin v27.0 - https:\/\/yoast.com\/product\/yoast-seo-wordpress\/ -->\n<title>CapySnug \u2013 \u00c9tui iPhone en peluche de capybara | Protection contre les chocs et surcharge de mignonnerie pour une ambiance hivernale - Capy Planet<\/title>\n<meta name=\"description\" content=\"\ud83d\udc3e CapySnug \u2013 \u00c9tui iPhone en peluche moelleuse en forme de capybara ! Antichoc, duveteux et parfait pour une ambiance chaleureuse tout au long de l&#039;hiver.\" \/>\n<meta name=\"robots\" content=\"index, follow, max-snippet:-1, max-image-preview:large, max-video-preview:-1\" \/>\n<link rel=\"canonical\" href=\"https:\/\/capy-planet.com\/fr\/shop\/capysnug-etui-iphone-en-peluche-de-capybara-protection-contre-les-chocs-et-surcharge-de-mignonnerie-pour-une-ambiance-hivernale\/\" \/>\n<meta property=\"og:locale\" content=\"fr_FR\" \/>\n<meta property=\"og:type\" content=\"article\" \/>\n<meta property=\"og:title\" content=\"CapySnug \u2013 \u00c9tui iPhone en peluche de capybara | Protection contre les chocs et surcharge de mignonnerie pour une ambiance hivernale - Capy Planet\" \/>\n<meta property=\"og:description\" content=\"\ud83d\udc3e CapySnug \u2013 \u00c9tui iPhone en peluche moelleuse en forme de capybara ! Antichoc, duveteux et parfait pour une ambiance chaleureuse tout au long de l&#039;hiver.\" \/>\n<meta property=\"og:url\" content=\"https:\/\/capy-planet.com\/fr\/shop\/capysnug-etui-iphone-en-peluche-de-capybara-protection-contre-les-chocs-et-surcharge-de-mignonnerie-pour-une-ambiance-hivernale\/\" \/>\n<meta property=\"og:site_name\" content=\"Capy Planet\" \/>\n<meta property=\"article:publisher\" content=\"https:\/\/www.facebook.com\/capy.planet\" \/>\n<meta property=\"article:modified_time\" content=\"2025-04-10T19:03:28+00:00\" \/>\n<meta property=\"og:image\" content=\"https:\/\/capy-planet.com\/wp-content\/uploads\/sites\/2\/2025\/04\/Sd3b47752a66a4023ac8164f1c128c788T.webp\" \/>\n\t<meta property=\"og:image:width\" content=\"800\" \/>\n\t<meta property=\"og:image:height\" content=\"800\" \/>\n\t<meta property=\"og:image:type\" content=\"image\/webp\" \/>\n<meta name=\"twitter:card\" content=\"summary_large_image\" \/>\n<meta name=\"twitter:label1\" content=\"Dur\u00e9e de lecture estim\u00e9e\" \/>\n\t<meta name=\"twitter:data1\" content=\"1 minute\" \/>\n<script type=\"application\/ld+json\" class=\"yoast-schema-graph\">{\"@context\":\"https:\/\/schema.org\",\"@graph\":[{\"@type\":\"WebPage\",\"@id\":\"https:\/\/capy-planet.com\/fr\/shop\/capysnug-etui-iphone-en-peluche-de-capybara-protection-contre-les-chocs-et-surcharge-de-mignonnerie-pour-une-ambiance-hivernale\/\",\"url\":\"https:\/\/capy-planet.com\/fr\/shop\/capysnug-etui-iphone-en-peluche-de-capybara-protection-contre-les-chocs-et-surcharge-de-mignonnerie-pour-une-ambiance-hivernale\/\",\"name\":\"CapySnug \u2013 \u00c9tui iPhone en peluche de capybara | Protection contre les chocs et surcharge de mignonnerie pour une ambiance hivernale - Capy Planet\",\"isPartOf\":{\"@id\":\"https:\/\/capy-planet.com\/fr\/#website\"},\"primaryImageOfPage\":{\"@id\":\"https:\/\/capy-planet.com\/fr\/shop\/capysnug-etui-iphone-en-peluche-de-capybara-protection-contre-les-chocs-et-surcharge-de-mignonnerie-pour-une-ambiance-hivernale\/#primaryimage\"},\"image\":{\"@id\":\"https:\/\/capy-planet.com\/fr\/shop\/capysnug-etui-iphone-en-peluche-de-capybara-protection-contre-les-chocs-et-surcharge-de-mignonnerie-pour-une-ambiance-hivernale\/#primaryimage\"},\"thumbnailUrl\":\"https:\/\/i0.wp.com\/capy-planet.com\/wp-content\/uploads\/sites\/2\/2025\/04\/Sd3b47752a66a4023ac8164f1c128c788T.webp?fit=800%2C800&ssl=1\",\"datePublished\":\"2025-04-10T18:58:42+00:00\",\"dateModified\":\"2025-04-10T19:03:28+00:00\",\"description\":\"\ud83d\udc3e CapySnug \u2013 \u00c9tui iPhone en peluche moelleuse en forme de capybara ! Antichoc, duveteux et parfait pour une ambiance chaleureuse tout au long de l'hiver.\",\"breadcrumb\":{\"@id\":\"https:\/\/capy-planet.com\/fr\/shop\/capysnug-etui-iphone-en-peluche-de-capybara-protection-contre-les-chocs-et-surcharge-de-mignonnerie-pour-une-ambiance-hivernale\/#breadcrumb\"},\"inLanguage\":\"fr-FR\",\"potentialAction\":[{\"@type\":\"ReadAction\",\"target\":[\"https:\/\/capy-planet.com\/fr\/shop\/capysnug-etui-iphone-en-peluche-de-capybara-protection-contre-les-chocs-et-surcharge-de-mignonnerie-pour-une-ambiance-hivernale\/\"]}]},{\"@type\":\"ImageObject\",\"inLanguage\":\"fr-FR\",\"@id\":\"https:\/\/capy-planet.com\/fr\/shop\/capysnug-etui-iphone-en-peluche-de-capybara-protection-contre-les-chocs-et-surcharge-de-mignonnerie-pour-une-ambiance-hivernale\/#primaryimage\",\"url\":\"https:\/\/i0.wp.com\/capy-planet.com\/wp-content\/uploads\/sites\/2\/2025\/04\/Sd3b47752a66a4023ac8164f1c128c788T.webp?fit=800%2C800&ssl=1\",\"contentUrl\":\"https:\/\/i0.wp.com\/capy-planet.com\/wp-content\/uploads\/sites\/2\/2025\/04\/Sd3b47752a66a4023ac8164f1c128c788T.webp?fit=800%2C800&ssl=1\",\"width\":800,\"height\":800},{\"@type\":\"BreadcrumbList\",\"@id\":\"https:\/\/capy-planet.com\/fr\/shop\/capysnug-etui-iphone-en-peluche-de-capybara-protection-contre-les-chocs-et-surcharge-de-mignonnerie-pour-une-ambiance-hivernale\/#breadcrumb\",\"itemListElement\":[{\"@type\":\"ListItem\",\"position\":1,\"name\":\"Home\",\"item\":\"https:\/\/capy-planet.com\/fr\/home\/\"},{\"@type\":\"ListItem\",\"position\":2,\"name\":\"Capy Shop\",\"item\":\"https:\/\/capy-planet.com\/shop\/\"},{\"@type\":\"ListItem\",\"position\":3,\"name\":\"CapySnug \u2013 \u00c9tui iPhone en peluche de capybara | Protection contre les chocs et surcharge de mignonnerie pour une ambiance hivernale\"}]},{\"@type\":\"WebSite\",\"@id\":\"https:\/\/capy-planet.com\/fr\/#website\",\"url\":\"https:\/\/capy-planet.com\/fr\/\",\"name\":\"Capy Planet\",\"description\":\"Adoptez la vibe Capybara !\",\"publisher\":{\"@id\":\"https:\/\/capy-planet.com\/fr\/#organization\"},\"potentialAction\":[{\"@type\":\"SearchAction\",\"target\":{\"@type\":\"EntryPoint\",\"urlTemplate\":\"https:\/\/capy-planet.com\/fr\/?s={search_term_string}\"},\"query-input\":{\"@type\":\"PropertyValueSpecification\",\"valueRequired\":true,\"valueName\":\"search_term_string\"}}],\"inLanguage\":\"fr-FR\"},{\"@type\":\"Organization\",\"@id\":\"https:\/\/capy-planet.com\/fr\/#organization\",\"name\":\"Plan\u00e8te Capy\",\"url\":\"https:\/\/capy-planet.com\/fr\/\",\"logo\":{\"@type\":\"ImageObject\",\"inLanguage\":\"fr-FR\",\"@id\":\"https:\/\/capy-planet.com\/fr\/#\/schema\/logo\/image\/\",\"url\":\"https:\/\/i0.wp.com\/capy-planet.com\/wp-content\/uploads\/sites\/2\/2025\/03\/Henri_Hardillier_Capybara_face_large_smile_big_white_kawaii_eyes_c795f5d3-126d-4c2b-bf35-82751b2d63bb-2.png?fit=705%2C705&ssl=1\",\"contentUrl\":\"https:\/\/i0.wp.com\/capy-planet.com\/wp-content\/uploads\/sites\/2\/2025\/03\/Henri_Hardillier_Capybara_face_large_smile_big_white_kawaii_eyes_c795f5d3-126d-4c2b-bf35-82751b2d63bb-2.png?fit=705%2C705&ssl=1\",\"width\":705,\"height\":705,\"caption\":\"Plan\u00e8te Capy\"},\"image\":{\"@id\":\"https:\/\/capy-planet.com\/fr\/#\/schema\/logo\/image\/\"},\"sameAs\":[\"https:\/\/www.facebook.com\/capy.planet\",\"https:\/\/www.instagram.com\/capy_planet_com\"]}]}<\/script>\n<!-- \/ Yoast SEO plugin. -->","yoast_head_json":{"title":"CapySnug \u2013 \u00c9tui iPhone en peluche de capybara | Protection contre les chocs et surcharge de mignonnerie pour une ambiance hivernale - Capy Planet","description":"\ud83d\udc3e CapySnug \u2013 \u00c9tui iPhone en peluche moelleuse en forme de capybara ! Antichoc, duveteux et parfait pour une ambiance chaleureuse tout au long de l'hiver.","robots":{"index":"index","follow":"follow","max-snippet":"max-snippet:-1","max-image-preview":"max-image-preview:large","max-video-preview":"max-video-preview:-1"},"canonical":"https:\/\/capy-planet.com\/fr\/shop\/capysnug-etui-iphone-en-peluche-de-capybara-protection-contre-les-chocs-et-surcharge-de-mignonnerie-pour-une-ambiance-hivernale\/","og_locale":"fr_FR","og_type":"article","og_title":"CapySnug \u2013 \u00c9tui iPhone en peluche de capybara | Protection contre les chocs et surcharge de mignonnerie pour une ambiance hivernale - Capy Planet","og_description":"\ud83d\udc3e CapySnug \u2013 \u00c9tui iPhone en peluche moelleuse en forme de capybara ! Antichoc, duveteux et parfait pour une ambiance chaleureuse tout au long de l'hiver.","og_url":"https:\/\/capy-planet.com\/fr\/shop\/capysnug-etui-iphone-en-peluche-de-capybara-protection-contre-les-chocs-et-surcharge-de-mignonnerie-pour-une-ambiance-hivernale\/","og_site_name":"Capy Planet","article_publisher":"https:\/\/www.facebook.com\/capy.planet","article_modified_time":"2025-04-10T19:03:28+00:00","og_image":[{"width":800,"height":800,"url":"https:\/\/capy-planet.com\/wp-content\/uploads\/sites\/2\/2025\/04\/Sd3b47752a66a4023ac8164f1c128c788T.webp","type":"image\/webp"}],"twitter_card":"summary_large_image","twitter_misc":{"Dur\u00e9e de lecture estim\u00e9e":"1 minute"},"schema":{"@context":"https:\/\/schema.org","@graph":[{"@type":"WebPage","@id":"https:\/\/capy-planet.com\/fr\/shop\/capysnug-etui-iphone-en-peluche-de-capybara-protection-contre-les-chocs-et-surcharge-de-mignonnerie-pour-une-ambiance-hivernale\/","url":"https:\/\/capy-planet.com\/fr\/shop\/capysnug-etui-iphone-en-peluche-de-capybara-protection-contre-les-chocs-et-surcharge-de-mignonnerie-pour-une-ambiance-hivernale\/","name":"CapySnug \u2013 \u00c9tui iPhone en peluche de capybara | Protection contre les chocs et surcharge de mignonnerie pour une ambiance hivernale - Capy Planet","isPartOf":{"@id":"https:\/\/capy-planet.com\/fr\/#website"},"primaryImageOfPage":{"@id":"https:\/\/capy-planet.com\/fr\/shop\/capysnug-etui-iphone-en-peluche-de-capybara-protection-contre-les-chocs-et-surcharge-de-mignonnerie-pour-une-ambiance-hivernale\/#primaryimage"},"image":{"@id":"https:\/\/capy-planet.com\/fr\/shop\/capysnug-etui-iphone-en-peluche-de-capybara-protection-contre-les-chocs-et-surcharge-de-mignonnerie-pour-une-ambiance-hivernale\/#primaryimage"},"thumbnailUrl":"https:\/\/i0.wp.com\/capy-planet.com\/wp-content\/uploads\/sites\/2\/2025\/04\/Sd3b47752a66a4023ac8164f1c128c788T.webp?fit=800%2C800&ssl=1","datePublished":"2025-04-10T18:58:42+00:00","dateModified":"2025-04-10T19:03:28+00:00","description":"\ud83d\udc3e CapySnug \u2013 \u00c9tui iPhone en peluche moelleuse en forme de capybara ! Antichoc, duveteux et parfait pour une ambiance chaleureuse tout au long de l'hiver.","breadcrumb":{"@id":"https:\/\/capy-planet.com\/fr\/shop\/capysnug-etui-iphone-en-peluche-de-capybara-protection-contre-les-chocs-et-surcharge-de-mignonnerie-pour-une-ambiance-hivernale\/#breadcrumb"},"inLanguage":"fr-FR","potentialAction":[{"@type":"ReadAction","target":["https:\/\/capy-planet.com\/fr\/shop\/capysnug-etui-iphone-en-peluche-de-capybara-protection-contre-les-chocs-et-surcharge-de-mignonnerie-pour-une-ambiance-hivernale\/"]}]},{"@type":"ImageObject","inLanguage":"fr-FR","@id":"https:\/\/capy-planet.com\/fr\/shop\/capysnug-etui-iphone-en-peluche-de-capybara-protection-contre-les-chocs-et-surcharge-de-mignonnerie-pour-une-ambiance-hivernale\/#primaryimage","url":"https:\/\/i0.wp.com\/capy-planet.com\/wp-content\/uploads\/sites\/2\/2025\/04\/Sd3b47752a66a4023ac8164f1c128c788T.webp?fit=800%2C800&ssl=1","contentUrl":"https:\/\/i0.wp.com\/capy-planet.com\/wp-content\/uploads\/sites\/2\/2025\/04\/Sd3b47752a66a4023ac8164f1c128c788T.webp?fit=800%2C800&ssl=1","width":800,"height":800},{"@type":"BreadcrumbList","@id":"https:\/\/capy-planet.com\/fr\/shop\/capysnug-etui-iphone-en-peluche-de-capybara-protection-contre-les-chocs-et-surcharge-de-mignonnerie-pour-une-ambiance-hivernale\/#breadcrumb","itemListElement":[{"@type":"ListItem","position":1,"name":"Home","item":"https:\/\/capy-planet.com\/fr\/home\/"},{"@type":"ListItem","position":2,"name":"Capy Shop","item":"https:\/\/capy-planet.com\/shop\/"},{"@type":"ListItem","position":3,"name":"CapySnug \u2013 \u00c9tui iPhone en peluche de capybara | Protection contre les chocs et surcharge de mignonnerie pour une ambiance hivernale"}]},{"@type":"WebSite","@id":"https:\/\/capy-planet.com\/fr\/#website","url":"https:\/\/capy-planet.com\/fr\/","name":"Capy Planet","description":"Adoptez la vibe Capybara !","publisher":{"@id":"https:\/\/capy-planet.com\/fr\/#organization"},"potentialAction":[{"@type":"SearchAction","target":{"@type":"EntryPoint","urlTemplate":"https:\/\/capy-planet.com\/fr\/?s={search_term_string}"},"query-input":{"@type":"PropertyValueSpecification","valueRequired":true,"valueName":"search_term_string"}}],"inLanguage":"fr-FR"},{"@type":"Organization","@id":"https:\/\/capy-planet.com\/fr\/#organization","name":"Plan\u00e8te Capy","url":"https:\/\/capy-planet.com\/fr\/","logo":{"@type":"ImageObject","inLanguage":"fr-FR","@id":"https:\/\/capy-planet.com\/fr\/#\/schema\/logo\/image\/","url":"https:\/\/i0.wp.com\/capy-planet.com\/wp-content\/uploads\/sites\/2\/2025\/03\/Henri_Hardillier_Capybara_face_large_smile_big_white_kawaii_eyes_c795f5d3-126d-4c2b-bf35-82751b2d63bb-2.png?fit=705%2C705&ssl=1","contentUrl":"https:\/\/i0.wp.com\/capy-planet.com\/wp-content\/uploads\/sites\/2\/2025\/03\/Henri_Hardillier_Capybara_face_large_smile_big_white_kawaii_eyes_c795f5d3-126d-4c2b-bf35-82751b2d63bb-2.png?fit=705%2C705&ssl=1","width":705,"height":705,"caption":"Plan\u00e8te Capy"},"image":{"@id":"https:\/\/capy-planet.com\/fr\/#\/schema\/logo\/image\/"},"sameAs":["https:\/\/www.facebook.com\/capy.planet","https:\/\/www.instagram.com\/capy_planet_com"]}]}},"jetpack_sharing_enabled":true,"_links":{"self":[{"href":"https:\/\/capy-planet.com\/fr\/wp-json\/wp\/v2\/product\/42957","targetHints":{"allow":["GET"]}}],"collection":[{"href":"https:\/\/capy-planet.com\/fr\/wp-json\/wp\/v2\/product"}],"about":[{"href":"https:\/\/capy-planet.com\/fr\/wp-json\/wp\/v2\/types\/product"}],"replies":[{"embeddable":true,"href":"https:\/\/capy-planet.com\/fr\/wp-json\/wp\/v2\/comments?post=42957"}],"wp:featuredmedia":[{"embeddable":true,"href":"https:\/\/capy-planet.com\/fr\/wp-json\/wp\/v2\/media\/42891"}],"wp:attachment":[{"href":"https:\/\/capy-planet.com\/fr\/wp-json\/wp\/v2\/media?parent=42957"}],"wp:term":[{"taxonomy":"product_brand","embeddable":true,"href":"https:\/\/capy-planet.com\/fr\/wp-json\/wp\/v2\/product_brand?post=42957"},{"taxonomy":"product_cat","embeddable":true,"href":"https:\/\/capy-planet.com\/fr\/wp-json\/wp\/v2\/product_cat?post=42957"},{"taxonomy":"product_tag","embeddable":true,"href":"https:\/\/capy-planet.com\/fr\/wp-json\/wp\/v2\/product_tag?post=42957"}],"curies":[{"name":"wp","href":"https:\/\/api.w.org\/{rel}","templated":true}]}}