{"id":42641,"date":"2025-03-31T12:57:08","date_gmt":"2025-03-31T05:57:08","guid":{"rendered":"https:\/\/capy-planet.com\/shop\/capyalpha-sac-a-lunch-personnalise-avec-alphabet-capybara-sac-isotherme-avec-lettre-et-adorable-capybara\/"},"modified":"2025-04-17T21:38:00","modified_gmt":"2025-04-17T14:38:00","slug":"capyalpha-sac-a-lunch-personnalise-avec-alphabet-capybara-sac-isotherme-avec-lettre-et-adorable-capybara","status":"publish","type":"product","link":"https:\/\/capy-planet.com\/fr\/shop\/capyalpha-sac-a-lunch-personnalise-avec-alphabet-capybara-sac-isotherme-avec-lettre-et-adorable-capybara\/","title":{"rendered":"CapyZalpha \u2013 Sac-repas personnalis\u00e9 avec alphabet capybara | Sac isotherme avec lettre et mignon capybara"},"content":{"rendered":"<p class=\"\" data-start=\"397\" data-end=\"568\">\u2728 Apportez l&rsquo;\u00e9nergie <em data-start=\"409\" data-end=\"415\">capy<\/em> \u00e0 l&rsquo;heure du d\u00e9jeuner avec <strong data-start=\"441\" data-end=\"455\">CapyZalpha<\/strong>, le sac-repas isotherme alphab\u00e9tique qui est \u00e0 la fois <strong data-start=\"509\" data-end=\"522\">pratique<\/strong>, <strong data-start=\"524\" data-end=\"536\">personnel<\/strong> et <strong data-start=\"542\" data-end=\"567\">ridiculement adorable<\/strong> !<\/p>\n<p class=\"\" data-start=\"570\" data-end=\"914\">Chaque lettre pr\u00e9sente un capybara de dessin anim\u00e9 exclusif se pr\u00e9lassant sur l&rsquo;initiale de votre choix \u2014 parfait pour ajouter de la personnalit\u00e9 aux journ\u00e9es d&rsquo;\u00e9cole, aux pauses au bureau ou aux aventures avec collations. Que ce soit <em data-start=\"758\" data-end=\"779\">A pour Affam\u00e9 en permanence<\/em> ou <em data-start=\"783\" data-end=\"800\">Z pour Zen<\/em>, ce sac-repas maintient vos repas frais (ou chauds) gr\u00e2ce \u00e0 son isolation thermique tout en pr\u00e9servant votre esth\u00e9tique encore plus cool. <\/p>\n<p class=\"\" data-start=\"916\" data-end=\"962\">\ud83d\udca1 <strong data-start=\"919\" data-end=\"962\">Pourquoi CapyZalpha est un v\u00e9ritable changement de paradigme :<\/strong><\/p>\n<ul data-start=\"963\" data-end=\"1401\">\n<li class=\"\" data-start=\"963\" data-end=\"1027\">\n<p class=\"\" data-start=\"965\" data-end=\"1027\">\ud83e\uddca <strong data-start=\"968\" data-end=\"990\">Int\u00e9rieur isotherme<\/strong> \u2013 Maintient les aliments chauds ou froids pendant des heures<\/p>\n<\/li>\n<li class=\"\" data-start=\"1028\" data-end=\"1097\">\n<p class=\"\" data-start=\"1030\" data-end=\"1097\">\ud83d\udd20 <strong data-start=\"1033\" data-end=\"1058\">Options de lettres personnalis\u00e9es<\/strong> \u2013 Choisissez votre initiale ou votre ambiance pr\u00e9f\u00e9r\u00e9e<\/p>\n<\/li>\n<li class=\"\" data-start=\"1098\" data-end=\"1168\">\n<p class=\"\" data-start=\"1100\" data-end=\"1168\">\ud83d\udc3e <strong data-start=\"1103\" data-end=\"1124\">Art capybara adorable<\/strong> \u2013 Chaque sac pr\u00e9sente une pose amusante de capybara<\/p>\n<\/li>\n<li class=\"\" data-start=\"1169\" data-end=\"1250\">\n<p class=\"\" data-start=\"1171\" data-end=\"1250\">\ud83d\udc5c <strong data-start=\"1174\" data-end=\"1200\">Portable et l\u00e9ger<\/strong> \u2013 Facile \u00e0 transporter, s&rsquo;adapte aux sacs \u00e0 dos ou aux fourre-tout<\/p>\n<\/li>\n<li class=\"\" data-start=\"1251\" data-end=\"1320\">\n<p class=\"\" data-start=\"1253\" data-end=\"1320\">\ud83e\uddfc <strong data-start=\"1256\" data-end=\"1278\">Surface facile \u00e0 nettoyer<\/strong> \u2013 Car la vie (et la nourriture) peut \u00eatre d\u00e9sordonn\u00e9e<\/p>\n<\/li>\n<li class=\"\" data-start=\"1321\" data-end=\"1401\">\n<p class=\"\" data-start=\"1323\" data-end=\"1401\">\ud83c\udf81 <strong data-start=\"1326\" data-end=\"1355\">Cadeau personnalis\u00e9 parfait<\/strong> \u2013 Pour les enfants, les coll\u00e8gues, les \u00e9tudiants et les fans de capybaras<\/p>\n<\/li>\n<\/ul>\n<p class=\"\" data-start=\"1403\" data-end=\"1555\">Que vous pr\u00e9pariez des repas ou que vous conserviez des collations avec \u00e9l\u00e9gance, <strong data-start=\"1462\" data-end=\"1476\">CapyZalpha<\/strong> ajoute une touche personnalis\u00e9e \u00e0 votre routine quotidienne, avec une pinc\u00e9e de charme capybara.<\/p>\n","protected":false},"excerpt":{"rendered":"<p>\ud83c\udf71 <strong>CapyZalpha<\/strong> \u2013 Sac-repas isotherme personnalis\u00e9 arborant la lettre de l&rsquo;alphabet de votre choix et un capybara dessin\u00e9 ! Mignon, \u00e9l\u00e9gant et con\u00e7u pour la nourriture et le divertissement. <\/p>\n","protected":false},"featured_media":42535,"comment_status":"open","ping_status":"closed","template":"","meta":[],"product_brand":[],"product_cat":[1701],"product_tag":[1681,1676,1680,666,1683,1682,1677,1679,1525,1678],"class_list":{"0":"post-42641","1":"product","2":"type-product","3":"status-publish","4":"has-post-thumbnail","6":"product_cat-capy-bags-fr","7":"product_tag-accessoires-decole-mignons","8":"product_tag-boite-a-lunch-alphabet","9":"product_tag-boite-a-lunch-avec-des-animaux-amusants","10":"product_tag-capybara-gift-fr","11":"product_tag-pochette-isotherme-pour-collation","12":"product_tag-sac-de-nourriture-kawaii","13":"product_tag-sac-isotherme-personnalise","14":"product_tag-sac-a-lunch-personnalise-avec-lettre","15":"product_tag-sac-a-lunch-capybara","16":"product_tag-sac-a-lunch-isotherme-pour-enfants","18":"first","19":"instock","20":"sale","21":"shipping-taxable","22":"purchasable","23":"product-type-variable"},"yoast_head":"<!-- This site is optimized with the Yoast SEO plugin v27.0 - https:\/\/yoast.com\/product\/yoast-seo-wordpress\/ -->\n<title>CapyZalpha \u2013 Sac-repas personnalis\u00e9 avec alphabet capybara | Sac isotherme avec lettre et mignon capybara - Capy Planet<\/title>\n<meta name=\"description\" content=\"\ud83c\udf71 CapyZalpha \u2013 Lunch bag personnalis\u00e9 avec lettre et capybara. Mignon et pratique.\" \/>\n<meta name=\"robots\" content=\"index, follow, max-snippet:-1, max-image-preview:large, max-video-preview:-1\" \/>\n<link rel=\"canonical\" href=\"https:\/\/capy-planet.com\/fr\/shop\/capyalpha-sac-a-lunch-personnalise-avec-alphabet-capybara-sac-isotherme-avec-lettre-et-adorable-capybara\/\" \/>\n<meta property=\"og:locale\" content=\"fr_FR\" \/>\n<meta property=\"og:type\" content=\"article\" \/>\n<meta property=\"og:title\" content=\"CapyZalpha \u2013 Sac-repas personnalis\u00e9 avec alphabet capybara | Sac isotherme avec lettre et mignon capybara - Capy Planet\" \/>\n<meta property=\"og:description\" content=\"\ud83c\udf71 CapyZalpha \u2013 Lunch bag personnalis\u00e9 avec lettre et capybara. Mignon et pratique.\" \/>\n<meta property=\"og:url\" content=\"https:\/\/capy-planet.com\/fr\/shop\/capyalpha-sac-a-lunch-personnalise-avec-alphabet-capybara-sac-isotherme-avec-lettre-et-adorable-capybara\/\" \/>\n<meta property=\"og:site_name\" content=\"Capy Planet\" \/>\n<meta property=\"article:publisher\" content=\"https:\/\/www.facebook.com\/capy.planet\" \/>\n<meta property=\"article:modified_time\" content=\"2025-04-17T14:38:00+00:00\" \/>\n<meta property=\"og:image\" content=\"https:\/\/i0.wp.com\/capy-planet.com\/wp-content\/uploads\/sites\/2\/2025\/03\/S449f22b0e29946199e92cc9e693c0f7ck-1.webp?fit=800%2C800&ssl=1\" \/>\n\t<meta property=\"og:image:width\" content=\"800\" \/>\n\t<meta property=\"og:image:height\" content=\"800\" \/>\n\t<meta property=\"og:image:type\" content=\"image\/webp\" \/>\n<meta name=\"twitter:card\" content=\"summary_large_image\" \/>\n<meta name=\"twitter:label1\" content=\"Dur\u00e9e de lecture estim\u00e9e\" \/>\n\t<meta name=\"twitter:data1\" content=\"1 minute\" \/>\n<script type=\"application\/ld+json\" class=\"yoast-schema-graph\">{\"@context\":\"https:\/\/schema.org\",\"@graph\":[{\"@type\":\"WebPage\",\"@id\":\"https:\/\/capy-planet.com\/fr\/shop\/capyalpha-sac-a-lunch-personnalise-avec-alphabet-capybara-sac-isotherme-avec-lettre-et-adorable-capybara\/\",\"url\":\"https:\/\/capy-planet.com\/fr\/shop\/capyalpha-sac-a-lunch-personnalise-avec-alphabet-capybara-sac-isotherme-avec-lettre-et-adorable-capybara\/\",\"name\":\"CapyZalpha \u2013 Sac-repas personnalis\u00e9 avec alphabet capybara | Sac isotherme avec lettre et mignon capybara - Capy Planet\",\"isPartOf\":{\"@id\":\"https:\/\/capy-planet.com\/fr\/#website\"},\"primaryImageOfPage\":{\"@id\":\"https:\/\/capy-planet.com\/fr\/shop\/capyalpha-sac-a-lunch-personnalise-avec-alphabet-capybara-sac-isotherme-avec-lettre-et-adorable-capybara\/#primaryimage\"},\"image\":{\"@id\":\"https:\/\/capy-planet.com\/fr\/shop\/capyalpha-sac-a-lunch-personnalise-avec-alphabet-capybara-sac-isotherme-avec-lettre-et-adorable-capybara\/#primaryimage\"},\"thumbnailUrl\":\"https:\/\/i0.wp.com\/capy-planet.com\/wp-content\/uploads\/sites\/2\/2025\/03\/S449f22b0e29946199e92cc9e693c0f7ck-1.webp?fit=800%2C800&ssl=1\",\"datePublished\":\"2025-03-31T05:57:08+00:00\",\"dateModified\":\"2025-04-17T14:38:00+00:00\",\"description\":\"\ud83c\udf71 CapyZalpha \u2013 Lunch bag personnalis\u00e9 avec lettre et capybara. Mignon et pratique.\",\"breadcrumb\":{\"@id\":\"https:\/\/capy-planet.com\/fr\/shop\/capyalpha-sac-a-lunch-personnalise-avec-alphabet-capybara-sac-isotherme-avec-lettre-et-adorable-capybara\/#breadcrumb\"},\"inLanguage\":\"fr-FR\",\"potentialAction\":[{\"@type\":\"ReadAction\",\"target\":[\"https:\/\/capy-planet.com\/fr\/shop\/capyalpha-sac-a-lunch-personnalise-avec-alphabet-capybara-sac-isotherme-avec-lettre-et-adorable-capybara\/\"]}]},{\"@type\":\"ImageObject\",\"inLanguage\":\"fr-FR\",\"@id\":\"https:\/\/capy-planet.com\/fr\/shop\/capyalpha-sac-a-lunch-personnalise-avec-alphabet-capybara-sac-isotherme-avec-lettre-et-adorable-capybara\/#primaryimage\",\"url\":\"https:\/\/i0.wp.com\/capy-planet.com\/wp-content\/uploads\/sites\/2\/2025\/03\/S449f22b0e29946199e92cc9e693c0f7ck-1.webp?fit=800%2C800&ssl=1\",\"contentUrl\":\"https:\/\/i0.wp.com\/capy-planet.com\/wp-content\/uploads\/sites\/2\/2025\/03\/S449f22b0e29946199e92cc9e693c0f7ck-1.webp?fit=800%2C800&ssl=1\",\"width\":800,\"height\":800},{\"@type\":\"BreadcrumbList\",\"@id\":\"https:\/\/capy-planet.com\/fr\/shop\/capyalpha-sac-a-lunch-personnalise-avec-alphabet-capybara-sac-isotherme-avec-lettre-et-adorable-capybara\/#breadcrumb\",\"itemListElement\":[{\"@type\":\"ListItem\",\"position\":1,\"name\":\"Home\",\"item\":\"https:\/\/capy-planet.com\/fr\/home\/\"},{\"@type\":\"ListItem\",\"position\":2,\"name\":\"Capy Shop\",\"item\":\"https:\/\/capy-planet.com\/shop\/\"},{\"@type\":\"ListItem\",\"position\":3,\"name\":\"CapyZalpha \u2013 Sac-repas personnalis\u00e9 avec alphabet capybara | Sac isotherme avec lettre et mignon capybara\"}]},{\"@type\":\"WebSite\",\"@id\":\"https:\/\/capy-planet.com\/fr\/#website\",\"url\":\"https:\/\/capy-planet.com\/fr\/\",\"name\":\"Capy Planet\",\"description\":\"Adoptez la vibe Capybara !\",\"publisher\":{\"@id\":\"https:\/\/capy-planet.com\/fr\/#organization\"},\"potentialAction\":[{\"@type\":\"SearchAction\",\"target\":{\"@type\":\"EntryPoint\",\"urlTemplate\":\"https:\/\/capy-planet.com\/fr\/?s={search_term_string}\"},\"query-input\":{\"@type\":\"PropertyValueSpecification\",\"valueRequired\":true,\"valueName\":\"search_term_string\"}}],\"inLanguage\":\"fr-FR\"},{\"@type\":\"Organization\",\"@id\":\"https:\/\/capy-planet.com\/fr\/#organization\",\"name\":\"Plan\u00e8te Capy\",\"url\":\"https:\/\/capy-planet.com\/fr\/\",\"logo\":{\"@type\":\"ImageObject\",\"inLanguage\":\"fr-FR\",\"@id\":\"https:\/\/capy-planet.com\/fr\/#\/schema\/logo\/image\/\",\"url\":\"https:\/\/i0.wp.com\/capy-planet.com\/wp-content\/uploads\/sites\/2\/2025\/03\/Henri_Hardillier_Capybara_face_large_smile_big_white_kawaii_eyes_c795f5d3-126d-4c2b-bf35-82751b2d63bb-2.png?fit=705%2C705&ssl=1\",\"contentUrl\":\"https:\/\/i0.wp.com\/capy-planet.com\/wp-content\/uploads\/sites\/2\/2025\/03\/Henri_Hardillier_Capybara_face_large_smile_big_white_kawaii_eyes_c795f5d3-126d-4c2b-bf35-82751b2d63bb-2.png?fit=705%2C705&ssl=1\",\"width\":705,\"height\":705,\"caption\":\"Plan\u00e8te Capy\"},\"image\":{\"@id\":\"https:\/\/capy-planet.com\/fr\/#\/schema\/logo\/image\/\"},\"sameAs\":[\"https:\/\/www.facebook.com\/capy.planet\",\"https:\/\/www.instagram.com\/capy_planet_com\"]}]}<\/script>\n<!-- \/ Yoast SEO plugin. -->","yoast_head_json":{"title":"CapyZalpha \u2013 Sac-repas personnalis\u00e9 avec alphabet capybara | Sac isotherme avec lettre et mignon capybara - Capy Planet","description":"\ud83c\udf71 CapyZalpha \u2013 Lunch bag personnalis\u00e9 avec lettre et capybara. Mignon et pratique.","robots":{"index":"index","follow":"follow","max-snippet":"max-snippet:-1","max-image-preview":"max-image-preview:large","max-video-preview":"max-video-preview:-1"},"canonical":"https:\/\/capy-planet.com\/fr\/shop\/capyalpha-sac-a-lunch-personnalise-avec-alphabet-capybara-sac-isotherme-avec-lettre-et-adorable-capybara\/","og_locale":"fr_FR","og_type":"article","og_title":"CapyZalpha \u2013 Sac-repas personnalis\u00e9 avec alphabet capybara | Sac isotherme avec lettre et mignon capybara - Capy Planet","og_description":"\ud83c\udf71 CapyZalpha \u2013 Lunch bag personnalis\u00e9 avec lettre et capybara. Mignon et pratique.","og_url":"https:\/\/capy-planet.com\/fr\/shop\/capyalpha-sac-a-lunch-personnalise-avec-alphabet-capybara-sac-isotherme-avec-lettre-et-adorable-capybara\/","og_site_name":"Capy Planet","article_publisher":"https:\/\/www.facebook.com\/capy.planet","article_modified_time":"2025-04-17T14:38:00+00:00","og_image":[{"width":800,"height":800,"url":"https:\/\/i0.wp.com\/capy-planet.com\/wp-content\/uploads\/sites\/2\/2025\/03\/S449f22b0e29946199e92cc9e693c0f7ck-1.webp?fit=800%2C800&ssl=1","type":"image\/webp"}],"twitter_card":"summary_large_image","twitter_misc":{"Dur\u00e9e de lecture estim\u00e9e":"1 minute"},"schema":{"@context":"https:\/\/schema.org","@graph":[{"@type":"WebPage","@id":"https:\/\/capy-planet.com\/fr\/shop\/capyalpha-sac-a-lunch-personnalise-avec-alphabet-capybara-sac-isotherme-avec-lettre-et-adorable-capybara\/","url":"https:\/\/capy-planet.com\/fr\/shop\/capyalpha-sac-a-lunch-personnalise-avec-alphabet-capybara-sac-isotherme-avec-lettre-et-adorable-capybara\/","name":"CapyZalpha \u2013 Sac-repas personnalis\u00e9 avec alphabet capybara | Sac isotherme avec lettre et mignon capybara - Capy Planet","isPartOf":{"@id":"https:\/\/capy-planet.com\/fr\/#website"},"primaryImageOfPage":{"@id":"https:\/\/capy-planet.com\/fr\/shop\/capyalpha-sac-a-lunch-personnalise-avec-alphabet-capybara-sac-isotherme-avec-lettre-et-adorable-capybara\/#primaryimage"},"image":{"@id":"https:\/\/capy-planet.com\/fr\/shop\/capyalpha-sac-a-lunch-personnalise-avec-alphabet-capybara-sac-isotherme-avec-lettre-et-adorable-capybara\/#primaryimage"},"thumbnailUrl":"https:\/\/i0.wp.com\/capy-planet.com\/wp-content\/uploads\/sites\/2\/2025\/03\/S449f22b0e29946199e92cc9e693c0f7ck-1.webp?fit=800%2C800&ssl=1","datePublished":"2025-03-31T05:57:08+00:00","dateModified":"2025-04-17T14:38:00+00:00","description":"\ud83c\udf71 CapyZalpha \u2013 Lunch bag personnalis\u00e9 avec lettre et capybara. Mignon et pratique.","breadcrumb":{"@id":"https:\/\/capy-planet.com\/fr\/shop\/capyalpha-sac-a-lunch-personnalise-avec-alphabet-capybara-sac-isotherme-avec-lettre-et-adorable-capybara\/#breadcrumb"},"inLanguage":"fr-FR","potentialAction":[{"@type":"ReadAction","target":["https:\/\/capy-planet.com\/fr\/shop\/capyalpha-sac-a-lunch-personnalise-avec-alphabet-capybara-sac-isotherme-avec-lettre-et-adorable-capybara\/"]}]},{"@type":"ImageObject","inLanguage":"fr-FR","@id":"https:\/\/capy-planet.com\/fr\/shop\/capyalpha-sac-a-lunch-personnalise-avec-alphabet-capybara-sac-isotherme-avec-lettre-et-adorable-capybara\/#primaryimage","url":"https:\/\/i0.wp.com\/capy-planet.com\/wp-content\/uploads\/sites\/2\/2025\/03\/S449f22b0e29946199e92cc9e693c0f7ck-1.webp?fit=800%2C800&ssl=1","contentUrl":"https:\/\/i0.wp.com\/capy-planet.com\/wp-content\/uploads\/sites\/2\/2025\/03\/S449f22b0e29946199e92cc9e693c0f7ck-1.webp?fit=800%2C800&ssl=1","width":800,"height":800},{"@type":"BreadcrumbList","@id":"https:\/\/capy-planet.com\/fr\/shop\/capyalpha-sac-a-lunch-personnalise-avec-alphabet-capybara-sac-isotherme-avec-lettre-et-adorable-capybara\/#breadcrumb","itemListElement":[{"@type":"ListItem","position":1,"name":"Home","item":"https:\/\/capy-planet.com\/fr\/home\/"},{"@type":"ListItem","position":2,"name":"Capy Shop","item":"https:\/\/capy-planet.com\/shop\/"},{"@type":"ListItem","position":3,"name":"CapyZalpha \u2013 Sac-repas personnalis\u00e9 avec alphabet capybara | Sac isotherme avec lettre et mignon capybara"}]},{"@type":"WebSite","@id":"https:\/\/capy-planet.com\/fr\/#website","url":"https:\/\/capy-planet.com\/fr\/","name":"Capy Planet","description":"Adoptez la vibe Capybara !","publisher":{"@id":"https:\/\/capy-planet.com\/fr\/#organization"},"potentialAction":[{"@type":"SearchAction","target":{"@type":"EntryPoint","urlTemplate":"https:\/\/capy-planet.com\/fr\/?s={search_term_string}"},"query-input":{"@type":"PropertyValueSpecification","valueRequired":true,"valueName":"search_term_string"}}],"inLanguage":"fr-FR"},{"@type":"Organization","@id":"https:\/\/capy-planet.com\/fr\/#organization","name":"Plan\u00e8te Capy","url":"https:\/\/capy-planet.com\/fr\/","logo":{"@type":"ImageObject","inLanguage":"fr-FR","@id":"https:\/\/capy-planet.com\/fr\/#\/schema\/logo\/image\/","url":"https:\/\/i0.wp.com\/capy-planet.com\/wp-content\/uploads\/sites\/2\/2025\/03\/Henri_Hardillier_Capybara_face_large_smile_big_white_kawaii_eyes_c795f5d3-126d-4c2b-bf35-82751b2d63bb-2.png?fit=705%2C705&ssl=1","contentUrl":"https:\/\/i0.wp.com\/capy-planet.com\/wp-content\/uploads\/sites\/2\/2025\/03\/Henri_Hardillier_Capybara_face_large_smile_big_white_kawaii_eyes_c795f5d3-126d-4c2b-bf35-82751b2d63bb-2.png?fit=705%2C705&ssl=1","width":705,"height":705,"caption":"Plan\u00e8te Capy"},"image":{"@id":"https:\/\/capy-planet.com\/fr\/#\/schema\/logo\/image\/"},"sameAs":["https:\/\/www.facebook.com\/capy.planet","https:\/\/www.instagram.com\/capy_planet_com"]}]}},"jetpack_sharing_enabled":true,"_links":{"self":[{"href":"https:\/\/capy-planet.com\/fr\/wp-json\/wp\/v2\/product\/42641","targetHints":{"allow":["GET"]}}],"collection":[{"href":"https:\/\/capy-planet.com\/fr\/wp-json\/wp\/v2\/product"}],"about":[{"href":"https:\/\/capy-planet.com\/fr\/wp-json\/wp\/v2\/types\/product"}],"replies":[{"embeddable":true,"href":"https:\/\/capy-planet.com\/fr\/wp-json\/wp\/v2\/comments?post=42641"}],"wp:featuredmedia":[{"embeddable":true,"href":"https:\/\/capy-planet.com\/fr\/wp-json\/wp\/v2\/media\/42535"}],"wp:attachment":[{"href":"https:\/\/capy-planet.com\/fr\/wp-json\/wp\/v2\/media?parent=42641"}],"wp:term":[{"taxonomy":"product_brand","embeddable":true,"href":"https:\/\/capy-planet.com\/fr\/wp-json\/wp\/v2\/product_brand?post=42641"},{"taxonomy":"product_cat","embeddable":true,"href":"https:\/\/capy-planet.com\/fr\/wp-json\/wp\/v2\/product_cat?post=42641"},{"taxonomy":"product_tag","embeddable":true,"href":"https:\/\/capy-planet.com\/fr\/wp-json\/wp\/v2\/product_tag?post=42641"}],"curies":[{"name":"wp","href":"https:\/\/api.w.org\/{rel}","templated":true}]}}