{"id":42373,"date":"2025-03-31T12:52:41","date_gmt":"2025-03-31T05:52:41","guid":{"rendered":"https:\/\/capy-planet.com\/shop\/capytote-sac-cabas-en-coton-chill-capybara-sac-fourre-tout-ecologique-reutilisable-avec-motif-oiseau\/"},"modified":"2025-04-17T21:38:13","modified_gmt":"2025-04-17T14:38:13","slug":"capytote-sac-cabas-en-coton-chill-capybara-sac-fourre-tout-ecologique-reutilisable-avec-motif-oiseau","status":"publish","type":"product","link":"https:\/\/capy-planet.com\/fr\/shop\/capytote-sac-cabas-en-coton-chill-capybara-sac-fourre-tout-ecologique-reutilisable-avec-motif-oiseau\/","title":{"rendered":"CapyTote \u2013 Sac en coton d\u00e9contract\u00e9 Capybara | Cabas \u00e9cologique r\u00e9utilisable avec ambiance d&rsquo;ami oiseau"},"content":{"rendered":"<p class=\"\" data-start=\"363\" data-end=\"546\">\ud83c\udf3f Faites la connaissance de <strong data-start=\"371\" data-end=\"384\">CapyTote<\/strong>, le compagnon de shopping \u00e9cologique ultime mettant en vedette votre ma\u00eetre zen pr\u00e9f\u00e9r\u00e9 \u2014 le capybara \u2014 avec un adorable oiseau jaune perch\u00e9 juste au-dessus pour une d\u00e9tente maximale.<\/p>\n<p class=\"\" data-start=\"548\" data-end=\"835\">Fabriqu\u00e9 en coton durable et con\u00e7u pour \u00eatre aussi pratique qu&rsquo;adorable, <strong data-start=\"624\" data-end=\"637\">CapyTote<\/strong> est parfait pour les courses, les livres, les t\u00e2ches quotidiennes, ou simplement pour r\u00e9pandre la paix du capybara partout o\u00f9 vous allez. Il se plie facilement dans n&rsquo;importe quel sac et contient plus que vous ne le pensez \u2014 tout en ayant l&rsquo;air adorable sans effort. <\/p>\n<p class=\"\" data-start=\"837\" data-end=\"888\">\ud83d\udca1 <strong data-start=\"840\" data-end=\"888\">Pourquoi CapyTote est totalement digne d&rsquo;int\u00e9r\u00eat :<\/strong><\/p>\n<ul data-start=\"889\" data-end=\"1281\">\n<li class=\"\" data-start=\"889\" data-end=\"971\">\n<p class=\"\" data-start=\"891\" data-end=\"971\">\ud83d\udc39 <strong data-start=\"894\" data-end=\"916\">Art exclusif Capy<\/strong> \u2013 Capybara d\u00e9tendu avec ami oiseau = uniquement des ondes positives<\/p>\n<\/li>\n<li class=\"\" data-start=\"972\" data-end=\"1044\">\n<p class=\"\" data-start=\"974\" data-end=\"1044\">\u267b\ufe0f <strong data-start=\"977\" data-end=\"1004\">R\u00e9utilisable et \u00e9cologique<\/strong> \u2013 Dites adieu aux sacs en plastique pour toujours<\/p>\n<\/li>\n<li class=\"\" data-start=\"1045\" data-end=\"1121\">\n<p class=\"\" data-start=\"1047\" data-end=\"1121\">\ud83d\udc5c <strong data-start=\"1050\" data-end=\"1075\">L\u00e9ger mais spacieux<\/strong> \u2013 Contient vos courses, ordinateur portable ou bloc \u00e0 dessin<\/p>\n<\/li>\n<li class=\"\" data-start=\"1122\" data-end=\"1204\">\n<p class=\"\" data-start=\"1124\" data-end=\"1204\">\ud83c\udf92 <strong data-start=\"1127\" data-end=\"1149\">Essentiel au quotidien<\/strong> \u2013 Pour les \u00e9tudiants, les artistes, les amoureux de la nature et les \u00e2mes paisibles<\/p>\n<\/li>\n<li class=\"\" data-start=\"1205\" data-end=\"1281\">\n<p class=\"\" data-start=\"1207\" data-end=\"1281\">\ud83e\uddfc <strong data-start=\"1210\" data-end=\"1234\">Facile \u00e0 laver et \u00e0 r\u00e9utiliser<\/strong> \u2013 Reste propre et net pour les aventures quotidiennes<\/p>\n<\/li>\n<\/ul>\n<p class=\"\" data-start=\"1283\" data-end=\"1409\">Parfait comme cadeau pour les fans de capybara, les amoureux des animaux ou les collectionneurs de cabas, <strong data-start=\"1355\" data-end=\"1368\">CapyTote<\/strong> ajoute de la personnalit\u00e9 \u00e0 votre c\u00f4t\u00e9 pratique !<\/p>\n","protected":false},"excerpt":{"rendered":"<p>\ud83d\udc5c <strong>CapyTote<\/strong> \u2013 Cabas en coton \u00e9cologique pr\u00e9sentant un capybara d\u00e9tendu et son ami oiseau ! R\u00e9utilisable, mignon et parfait pour les courses, les livres ou pour r\u00e9pandre des ondes positives en d\u00e9placement. <\/p>\n","protected":false},"featured_media":42245,"comment_status":"open","ping_status":"closed","template":"","meta":[],"product_brand":[],"product_cat":[1701],"product_tag":[707,1647,1648,950,1649,1650,1645,1646,1644,1651],"class_list":{"0":"post-42373","1":"product","2":"type-product","3":"status-publish","4":"has-post-thumbnail","6":"product_cat-capy-bags-fr","7":"product_tag-capybara-accessories-fr","8":"product_tag-sac-fourre-tout-kawaii","9":"product_tag-motif-oiseau-et-capybara","10":"product_tag-sac-fourre-tout-capybara","11":"product_tag-sac-fourre-tout-en-toile","12":"product_tag-sac-cabas-amusant","13":"product_tag-acheteur-danimaux-mignons","14":"product_tag-sac-ecologique-capybara","15":"product_tag-sac-en-coton-reutilisable","16":"product_tag-sac-esthetique-chill","18":"first","19":"instock","20":"sale","21":"shipping-taxable","22":"purchasable","23":"product-type-variable"},"yoast_head":"<!-- This site is optimized with the Yoast SEO plugin v27.0 - https:\/\/yoast.com\/product\/yoast-seo-wordpress\/ -->\n<title>CapyTote \u2013 Sac en coton d\u00e9contract\u00e9 Capybara | Cabas \u00e9cologique r\u00e9utilisable avec ambiance d&#039;ami oiseau - Capy Planet<\/title>\n<meta name=\"description\" content=\"\ud83d\udc5c CapyTote \u2013 Sac \u00e9co en coton avec capybara et oiseau. R\u00e9utilisable, mignon, id\u00e9al pour courses et livres.\" \/>\n<meta name=\"robots\" content=\"index, follow, max-snippet:-1, max-image-preview:large, max-video-preview:-1\" \/>\n<link rel=\"canonical\" href=\"https:\/\/capy-planet.com\/fr\/shop\/capytote-sac-cabas-en-coton-chill-capybara-sac-fourre-tout-ecologique-reutilisable-avec-motif-oiseau\/\" \/>\n<meta property=\"og:locale\" content=\"fr_FR\" \/>\n<meta property=\"og:type\" content=\"article\" \/>\n<meta property=\"og:title\" content=\"CapyTote \u2013 Sac en coton d\u00e9contract\u00e9 Capybara | Cabas \u00e9cologique r\u00e9utilisable avec ambiance d&#039;ami oiseau - Capy Planet\" \/>\n<meta property=\"og:description\" content=\"\ud83d\udc5c CapyTote \u2013 Sac \u00e9co en coton avec capybara et oiseau. R\u00e9utilisable, mignon, id\u00e9al pour courses et livres.\" \/>\n<meta property=\"og:url\" content=\"https:\/\/capy-planet.com\/fr\/shop\/capytote-sac-cabas-en-coton-chill-capybara-sac-fourre-tout-ecologique-reutilisable-avec-motif-oiseau\/\" \/>\n<meta property=\"og:site_name\" content=\"Capy Planet\" \/>\n<meta property=\"article:publisher\" content=\"https:\/\/www.facebook.com\/capy.planet\" \/>\n<meta property=\"article:modified_time\" content=\"2025-04-17T14:38:13+00:00\" \/>\n<meta property=\"og:image\" content=\"https:\/\/i0.wp.com\/capy-planet.com\/wp-content\/uploads\/sites\/2\/2025\/03\/S71a94fd3b2a34d8d84e51b9850384b532.webp?fit=1000%2C1000&ssl=1\" \/>\n\t<meta property=\"og:image:width\" content=\"1000\" \/>\n\t<meta property=\"og:image:height\" content=\"1000\" \/>\n\t<meta property=\"og:image:type\" content=\"image\/webp\" \/>\n<meta name=\"twitter:card\" content=\"summary_large_image\" \/>\n<meta name=\"twitter:label1\" content=\"Dur\u00e9e de lecture estim\u00e9e\" \/>\n\t<meta name=\"twitter:data1\" content=\"1 minute\" \/>\n<script type=\"application\/ld+json\" class=\"yoast-schema-graph\">{\"@context\":\"https:\/\/schema.org\",\"@graph\":[{\"@type\":\"WebPage\",\"@id\":\"https:\/\/capy-planet.com\/fr\/shop\/capytote-sac-cabas-en-coton-chill-capybara-sac-fourre-tout-ecologique-reutilisable-avec-motif-oiseau\/\",\"url\":\"https:\/\/capy-planet.com\/fr\/shop\/capytote-sac-cabas-en-coton-chill-capybara-sac-fourre-tout-ecologique-reutilisable-avec-motif-oiseau\/\",\"name\":\"CapyTote \u2013 Sac en coton d\u00e9contract\u00e9 Capybara | Cabas \u00e9cologique r\u00e9utilisable avec ambiance d'ami oiseau - Capy Planet\",\"isPartOf\":{\"@id\":\"https:\/\/capy-planet.com\/fr\/#website\"},\"primaryImageOfPage\":{\"@id\":\"https:\/\/capy-planet.com\/fr\/shop\/capytote-sac-cabas-en-coton-chill-capybara-sac-fourre-tout-ecologique-reutilisable-avec-motif-oiseau\/#primaryimage\"},\"image\":{\"@id\":\"https:\/\/capy-planet.com\/fr\/shop\/capytote-sac-cabas-en-coton-chill-capybara-sac-fourre-tout-ecologique-reutilisable-avec-motif-oiseau\/#primaryimage\"},\"thumbnailUrl\":\"https:\/\/i0.wp.com\/capy-planet.com\/wp-content\/uploads\/sites\/2\/2025\/03\/S71a94fd3b2a34d8d84e51b9850384b532.webp?fit=1000%2C1000&ssl=1\",\"datePublished\":\"2025-03-31T05:52:41+00:00\",\"dateModified\":\"2025-04-17T14:38:13+00:00\",\"description\":\"\ud83d\udc5c CapyTote \u2013 Sac \u00e9co en coton avec capybara et oiseau. R\u00e9utilisable, mignon, id\u00e9al pour courses et livres.\",\"breadcrumb\":{\"@id\":\"https:\/\/capy-planet.com\/fr\/shop\/capytote-sac-cabas-en-coton-chill-capybara-sac-fourre-tout-ecologique-reutilisable-avec-motif-oiseau\/#breadcrumb\"},\"inLanguage\":\"fr-FR\",\"potentialAction\":[{\"@type\":\"ReadAction\",\"target\":[\"https:\/\/capy-planet.com\/fr\/shop\/capytote-sac-cabas-en-coton-chill-capybara-sac-fourre-tout-ecologique-reutilisable-avec-motif-oiseau\/\"]}]},{\"@type\":\"ImageObject\",\"inLanguage\":\"fr-FR\",\"@id\":\"https:\/\/capy-planet.com\/fr\/shop\/capytote-sac-cabas-en-coton-chill-capybara-sac-fourre-tout-ecologique-reutilisable-avec-motif-oiseau\/#primaryimage\",\"url\":\"https:\/\/i0.wp.com\/capy-planet.com\/wp-content\/uploads\/sites\/2\/2025\/03\/S71a94fd3b2a34d8d84e51b9850384b532.webp?fit=1000%2C1000&ssl=1\",\"contentUrl\":\"https:\/\/i0.wp.com\/capy-planet.com\/wp-content\/uploads\/sites\/2\/2025\/03\/S71a94fd3b2a34d8d84e51b9850384b532.webp?fit=1000%2C1000&ssl=1\",\"width\":1000,\"height\":1000},{\"@type\":\"BreadcrumbList\",\"@id\":\"https:\/\/capy-planet.com\/fr\/shop\/capytote-sac-cabas-en-coton-chill-capybara-sac-fourre-tout-ecologique-reutilisable-avec-motif-oiseau\/#breadcrumb\",\"itemListElement\":[{\"@type\":\"ListItem\",\"position\":1,\"name\":\"Home\",\"item\":\"https:\/\/capy-planet.com\/fr\/home\/\"},{\"@type\":\"ListItem\",\"position\":2,\"name\":\"Capy Shop\",\"item\":\"https:\/\/capy-planet.com\/shop\/\"},{\"@type\":\"ListItem\",\"position\":3,\"name\":\"CapyTote \u2013 Sac en coton d\u00e9contract\u00e9 Capybara | Cabas \u00e9cologique r\u00e9utilisable avec ambiance d&#8217;ami oiseau\"}]},{\"@type\":\"WebSite\",\"@id\":\"https:\/\/capy-planet.com\/fr\/#website\",\"url\":\"https:\/\/capy-planet.com\/fr\/\",\"name\":\"Capy Planet\",\"description\":\"Adoptez la vibe Capybara !\",\"publisher\":{\"@id\":\"https:\/\/capy-planet.com\/fr\/#organization\"},\"potentialAction\":[{\"@type\":\"SearchAction\",\"target\":{\"@type\":\"EntryPoint\",\"urlTemplate\":\"https:\/\/capy-planet.com\/fr\/?s={search_term_string}\"},\"query-input\":{\"@type\":\"PropertyValueSpecification\",\"valueRequired\":true,\"valueName\":\"search_term_string\"}}],\"inLanguage\":\"fr-FR\"},{\"@type\":\"Organization\",\"@id\":\"https:\/\/capy-planet.com\/fr\/#organization\",\"name\":\"Plan\u00e8te Capy\",\"url\":\"https:\/\/capy-planet.com\/fr\/\",\"logo\":{\"@type\":\"ImageObject\",\"inLanguage\":\"fr-FR\",\"@id\":\"https:\/\/capy-planet.com\/fr\/#\/schema\/logo\/image\/\",\"url\":\"https:\/\/i0.wp.com\/capy-planet.com\/wp-content\/uploads\/sites\/2\/2025\/03\/Henri_Hardillier_Capybara_face_large_smile_big_white_kawaii_eyes_c795f5d3-126d-4c2b-bf35-82751b2d63bb-2.png?fit=705%2C705&ssl=1\",\"contentUrl\":\"https:\/\/i0.wp.com\/capy-planet.com\/wp-content\/uploads\/sites\/2\/2025\/03\/Henri_Hardillier_Capybara_face_large_smile_big_white_kawaii_eyes_c795f5d3-126d-4c2b-bf35-82751b2d63bb-2.png?fit=705%2C705&ssl=1\",\"width\":705,\"height\":705,\"caption\":\"Plan\u00e8te Capy\"},\"image\":{\"@id\":\"https:\/\/capy-planet.com\/fr\/#\/schema\/logo\/image\/\"},\"sameAs\":[\"https:\/\/www.facebook.com\/capy.planet\",\"https:\/\/www.instagram.com\/capy_planet_com\"]}]}<\/script>\n<!-- \/ Yoast SEO plugin. -->","yoast_head_json":{"title":"CapyTote \u2013 Sac en coton d\u00e9contract\u00e9 Capybara | Cabas \u00e9cologique r\u00e9utilisable avec ambiance d'ami oiseau - Capy Planet","description":"\ud83d\udc5c CapyTote \u2013 Sac \u00e9co en coton avec capybara et oiseau. R\u00e9utilisable, mignon, id\u00e9al pour courses et livres.","robots":{"index":"index","follow":"follow","max-snippet":"max-snippet:-1","max-image-preview":"max-image-preview:large","max-video-preview":"max-video-preview:-1"},"canonical":"https:\/\/capy-planet.com\/fr\/shop\/capytote-sac-cabas-en-coton-chill-capybara-sac-fourre-tout-ecologique-reutilisable-avec-motif-oiseau\/","og_locale":"fr_FR","og_type":"article","og_title":"CapyTote \u2013 Sac en coton d\u00e9contract\u00e9 Capybara | Cabas \u00e9cologique r\u00e9utilisable avec ambiance d'ami oiseau - Capy Planet","og_description":"\ud83d\udc5c CapyTote \u2013 Sac \u00e9co en coton avec capybara et oiseau. R\u00e9utilisable, mignon, id\u00e9al pour courses et livres.","og_url":"https:\/\/capy-planet.com\/fr\/shop\/capytote-sac-cabas-en-coton-chill-capybara-sac-fourre-tout-ecologique-reutilisable-avec-motif-oiseau\/","og_site_name":"Capy Planet","article_publisher":"https:\/\/www.facebook.com\/capy.planet","article_modified_time":"2025-04-17T14:38:13+00:00","og_image":[{"width":1000,"height":1000,"url":"https:\/\/i0.wp.com\/capy-planet.com\/wp-content\/uploads\/sites\/2\/2025\/03\/S71a94fd3b2a34d8d84e51b9850384b532.webp?fit=1000%2C1000&ssl=1","type":"image\/webp"}],"twitter_card":"summary_large_image","twitter_misc":{"Dur\u00e9e de lecture estim\u00e9e":"1 minute"},"schema":{"@context":"https:\/\/schema.org","@graph":[{"@type":"WebPage","@id":"https:\/\/capy-planet.com\/fr\/shop\/capytote-sac-cabas-en-coton-chill-capybara-sac-fourre-tout-ecologique-reutilisable-avec-motif-oiseau\/","url":"https:\/\/capy-planet.com\/fr\/shop\/capytote-sac-cabas-en-coton-chill-capybara-sac-fourre-tout-ecologique-reutilisable-avec-motif-oiseau\/","name":"CapyTote \u2013 Sac en coton d\u00e9contract\u00e9 Capybara | Cabas \u00e9cologique r\u00e9utilisable avec ambiance d'ami oiseau - Capy Planet","isPartOf":{"@id":"https:\/\/capy-planet.com\/fr\/#website"},"primaryImageOfPage":{"@id":"https:\/\/capy-planet.com\/fr\/shop\/capytote-sac-cabas-en-coton-chill-capybara-sac-fourre-tout-ecologique-reutilisable-avec-motif-oiseau\/#primaryimage"},"image":{"@id":"https:\/\/capy-planet.com\/fr\/shop\/capytote-sac-cabas-en-coton-chill-capybara-sac-fourre-tout-ecologique-reutilisable-avec-motif-oiseau\/#primaryimage"},"thumbnailUrl":"https:\/\/i0.wp.com\/capy-planet.com\/wp-content\/uploads\/sites\/2\/2025\/03\/S71a94fd3b2a34d8d84e51b9850384b532.webp?fit=1000%2C1000&ssl=1","datePublished":"2025-03-31T05:52:41+00:00","dateModified":"2025-04-17T14:38:13+00:00","description":"\ud83d\udc5c CapyTote \u2013 Sac \u00e9co en coton avec capybara et oiseau. R\u00e9utilisable, mignon, id\u00e9al pour courses et livres.","breadcrumb":{"@id":"https:\/\/capy-planet.com\/fr\/shop\/capytote-sac-cabas-en-coton-chill-capybara-sac-fourre-tout-ecologique-reutilisable-avec-motif-oiseau\/#breadcrumb"},"inLanguage":"fr-FR","potentialAction":[{"@type":"ReadAction","target":["https:\/\/capy-planet.com\/fr\/shop\/capytote-sac-cabas-en-coton-chill-capybara-sac-fourre-tout-ecologique-reutilisable-avec-motif-oiseau\/"]}]},{"@type":"ImageObject","inLanguage":"fr-FR","@id":"https:\/\/capy-planet.com\/fr\/shop\/capytote-sac-cabas-en-coton-chill-capybara-sac-fourre-tout-ecologique-reutilisable-avec-motif-oiseau\/#primaryimage","url":"https:\/\/i0.wp.com\/capy-planet.com\/wp-content\/uploads\/sites\/2\/2025\/03\/S71a94fd3b2a34d8d84e51b9850384b532.webp?fit=1000%2C1000&ssl=1","contentUrl":"https:\/\/i0.wp.com\/capy-planet.com\/wp-content\/uploads\/sites\/2\/2025\/03\/S71a94fd3b2a34d8d84e51b9850384b532.webp?fit=1000%2C1000&ssl=1","width":1000,"height":1000},{"@type":"BreadcrumbList","@id":"https:\/\/capy-planet.com\/fr\/shop\/capytote-sac-cabas-en-coton-chill-capybara-sac-fourre-tout-ecologique-reutilisable-avec-motif-oiseau\/#breadcrumb","itemListElement":[{"@type":"ListItem","position":1,"name":"Home","item":"https:\/\/capy-planet.com\/fr\/home\/"},{"@type":"ListItem","position":2,"name":"Capy Shop","item":"https:\/\/capy-planet.com\/shop\/"},{"@type":"ListItem","position":3,"name":"CapyTote \u2013 Sac en coton d\u00e9contract\u00e9 Capybara | Cabas \u00e9cologique r\u00e9utilisable avec ambiance d&#8217;ami oiseau"}]},{"@type":"WebSite","@id":"https:\/\/capy-planet.com\/fr\/#website","url":"https:\/\/capy-planet.com\/fr\/","name":"Capy Planet","description":"Adoptez la vibe Capybara !","publisher":{"@id":"https:\/\/capy-planet.com\/fr\/#organization"},"potentialAction":[{"@type":"SearchAction","target":{"@type":"EntryPoint","urlTemplate":"https:\/\/capy-planet.com\/fr\/?s={search_term_string}"},"query-input":{"@type":"PropertyValueSpecification","valueRequired":true,"valueName":"search_term_string"}}],"inLanguage":"fr-FR"},{"@type":"Organization","@id":"https:\/\/capy-planet.com\/fr\/#organization","name":"Plan\u00e8te Capy","url":"https:\/\/capy-planet.com\/fr\/","logo":{"@type":"ImageObject","inLanguage":"fr-FR","@id":"https:\/\/capy-planet.com\/fr\/#\/schema\/logo\/image\/","url":"https:\/\/i0.wp.com\/capy-planet.com\/wp-content\/uploads\/sites\/2\/2025\/03\/Henri_Hardillier_Capybara_face_large_smile_big_white_kawaii_eyes_c795f5d3-126d-4c2b-bf35-82751b2d63bb-2.png?fit=705%2C705&ssl=1","contentUrl":"https:\/\/i0.wp.com\/capy-planet.com\/wp-content\/uploads\/sites\/2\/2025\/03\/Henri_Hardillier_Capybara_face_large_smile_big_white_kawaii_eyes_c795f5d3-126d-4c2b-bf35-82751b2d63bb-2.png?fit=705%2C705&ssl=1","width":705,"height":705,"caption":"Plan\u00e8te Capy"},"image":{"@id":"https:\/\/capy-planet.com\/fr\/#\/schema\/logo\/image\/"},"sameAs":["https:\/\/www.facebook.com\/capy.planet","https:\/\/www.instagram.com\/capy_planet_com"]}]}},"jetpack_sharing_enabled":true,"_links":{"self":[{"href":"https:\/\/capy-planet.com\/fr\/wp-json\/wp\/v2\/product\/42373","targetHints":{"allow":["GET"]}}],"collection":[{"href":"https:\/\/capy-planet.com\/fr\/wp-json\/wp\/v2\/product"}],"about":[{"href":"https:\/\/capy-planet.com\/fr\/wp-json\/wp\/v2\/types\/product"}],"replies":[{"embeddable":true,"href":"https:\/\/capy-planet.com\/fr\/wp-json\/wp\/v2\/comments?post=42373"}],"wp:featuredmedia":[{"embeddable":true,"href":"https:\/\/capy-planet.com\/fr\/wp-json\/wp\/v2\/media\/42245"}],"wp:attachment":[{"href":"https:\/\/capy-planet.com\/fr\/wp-json\/wp\/v2\/media?parent=42373"}],"wp:term":[{"taxonomy":"product_brand","embeddable":true,"href":"https:\/\/capy-planet.com\/fr\/wp-json\/wp\/v2\/product_brand?post=42373"},{"taxonomy":"product_cat","embeddable":true,"href":"https:\/\/capy-planet.com\/fr\/wp-json\/wp\/v2\/product_cat?post=42373"},{"taxonomy":"product_tag","embeddable":true,"href":"https:\/\/capy-planet.com\/fr\/wp-json\/wp\/v2\/product_tag?post=42373"}],"curies":[{"name":"wp","href":"https:\/\/api.w.org\/{rel}","templated":true}]}}