{"id":42148,"date":"2025-03-31T12:45:27","date_gmt":"2025-03-31T05:45:27","guid":{"rendered":"https:\/\/capy-planet.com\/shop\/capyboba-sac-a-lunch-isotherme-bubble-tea-capybara-sac-fourre-tout-isotherme-mignon-pour-lecole-le-travail-et-les-collations\/"},"modified":"2025-04-17T21:38:15","modified_gmt":"2025-04-17T14:38:15","slug":"capyboba-sac-a-lunch-isotherme-bubble-tea-capybara-sac-fourre-tout-isotherme-mignon-pour-lecole-le-travail-et-les-collations","status":"publish","type":"product","link":"https:\/\/capy-planet.com\/fr\/shop\/capyboba-sac-a-lunch-isotherme-bubble-tea-capybara-sac-fourre-tout-isotherme-mignon-pour-lecole-le-travail-et-les-collations\/","title":{"rendered":"CapyBoba \u2013 Sac isotherme pour d\u00e9jeuner Capybara avec th\u00e9 \u00e0 bulles | Sac thermique \u00e9l\u00e9gant pour l&rsquo;\u00e9cole, le travail et les collations impromptues"},"content":{"rendered":"<p class=\"\" data-start=\"375\" data-end=\"477\">\ud83e\uddcb\ud83d\udc3e Faites la connaissance de <strong data-start=\"385\" data-end=\"398\">CapyBoba<\/strong> \u2013 le sac-repas kawaii qui prouve que les capybaras appr\u00e9cient le th\u00e9 \u00e0 bulles autant que nous !<\/p>\n<p class=\"\" data-start=\"479\" data-end=\"760\">Ce charmant sac thermique rose arbore un capybara dodu sirotant une \u00e9norme tasse de th\u00e9 \u00e0 bulles (quelle similitude \ud83e\udee2). Gr\u00e2ce \u00e0 sa taille compacte et sa doublure isotherme, <strong data-start=\"633\" data-end=\"646\">CapyBoba<\/strong> pr\u00e9serve la fra\u00eecheur de vos repas et votre bonne humeur \u2013 que vous vous rendiez \u00e0 l&rsquo;\u00e9cole, au travail ou \u00e0 votre prochaine d\u00e9gustation de th\u00e9 \u00e0 bulles. <\/p>\n<p class=\"\" data-start=\"762\" data-end=\"795\">\ud83d\udca1 <strong data-start=\"765\" data-end=\"795\">Pourquoi vous adorerez CapyBoba :<\/strong><\/p>\n<ul data-start=\"796\" data-end=\"1265\">\n<li class=\"\" data-start=\"796\" data-end=\"873\">\n<p class=\"\" data-start=\"798\" data-end=\"873\">\ud83e\uddc3 <strong data-start=\"801\" data-end=\"827\">Maintient la temp\u00e9rature (froide ou chaude)<\/strong> \u2013 La doublure thermique pr\u00e9serve la fra\u00eecheur des aliments pendant des heures<\/p>\n<\/li>\n<li class=\"\" data-start=\"874\" data-end=\"953\">\n<p class=\"\" data-start=\"876\" data-end=\"953\">\ud83d\udc39 <strong data-start=\"879\" data-end=\"901\">D&rsquo;une irr\u00e9sistible mignonnerie<\/strong> \u2013 Arborant un motif original de capybara savourant du th\u00e9 \u00e0 bulles<\/p>\n<\/li>\n<li class=\"\" data-start=\"954\" data-end=\"1037\">\n<p class=\"\" data-start=\"956\" data-end=\"1037\">\ud83c\udf92 <strong data-start=\"959\" data-end=\"981\">Parfaitement transportable<\/strong> \u2013 L\u00e9ger et se range ais\u00e9ment dans les sacs \u00e0 dos ou les casiers<\/p>\n<\/li>\n<li class=\"\" data-start=\"1038\" data-end=\"1099\">\n<p class=\"\" data-start=\"1040\" data-end=\"1099\">\ud83d\udc96 <strong data-start=\"1043\" data-end=\"1065\">Durable et r\u00e9utilisable<\/strong> \u2013 \u00c9cologique et con\u00e7u pour durer<\/p>\n<\/li>\n<li class=\"\" data-start=\"1100\" data-end=\"1188\">\n<p class=\"\" data-start=\"1102\" data-end=\"1188\">\ud83c\udf81 <strong data-start=\"1105\" data-end=\"1124\">Excellente id\u00e9e de cadeau<\/strong> \u2013 Pour les amateurs de th\u00e9 \u00e0 bulles, les passionn\u00e9s de capybaras, les \u00e9tudiants et les adeptes de la mignonnerie<\/p>\n<\/li>\n<li class=\"\" data-start=\"1189\" data-end=\"1265\">\n<p class=\"\" data-start=\"1191\" data-end=\"1265\">\ud83d\udccf Dimensions : 22x20x13cm \u2013 Id\u00e9al pour les bo\u00eetes \u00e0 d\u00e9jeuner, les collations ou les petits accessoires essentiels<\/p>\n<\/li>\n<\/ul>\n<p class=\"\" data-start=\"1267\" data-end=\"1375\">Des pr\u00e9parations matinales aux collations de l&rsquo;apr\u00e8s-midi, <strong data-start=\"1318\" data-end=\"1331\">CapyBoba<\/strong> apporte une joie pure \u00e0 votre routine quotidienne.<\/p>\n","protected":false},"excerpt":{"rendered":"<p>\ud83e\uddcb <strong>CapyBoba<\/strong> \u2013 Sac-repas thermique rose orn\u00e9 d&rsquo;un capybara sirotant du th\u00e9 \u00e0 bulles ! Mignon, compact et parfait pour l&rsquo;\u00e9cole, le travail ou les amateurs de th\u00e9 \u00e0 bulles partout ! <\/p>\n","protected":false},"featured_media":41977,"comment_status":"open","ping_status":"closed","template":"","meta":[],"product_brand":[],"product_cat":[1701],"product_tag":[1617,514,1619,1621,709,1620,1618,1616,1525,1615],"class_list":{"0":"post-42148","1":"product","2":"type-product","3":"status-publish","4":"has-post-thumbnail","6":"product_cat-capy-bags-fr","7":"product_tag-accessoires-pour-le-the-boba","8":"product_tag-capybara-gift-idea-fr","9":"product_tag-jolie-boite-a-lunch-pour-lecole","10":"product_tag-petit-sac-isotherme","11":"product_tag-capybara-merch-fr","12":"product_tag-sac-capybara-rose","13":"product_tag-sac-alimentaire-isotherme-fr","14":"product_tag-sac-thermique-kawaii","15":"product_tag-sac-a-lunch-capybara","16":"product_tag-sac-a-lunch-pour-le-the-aux-perles","18":"first","19":"instock","20":"sale","21":"shipping-taxable","22":"purchasable","23":"product-type-variable"},"yoast_head":"<!-- This site is optimized with the Yoast SEO plugin v27.0 - https:\/\/yoast.com\/product\/yoast-seo-wordpress\/ -->\n<title>CapyBoba \u2013 Sac isotherme pour d\u00e9jeuner Capybara avec th\u00e9 \u00e0 bulles | Sac thermique \u00e9l\u00e9gant pour l&#039;\u00e9cole, le travail et les collations impromptues - Capy Planet<\/title>\n<meta name=\"description\" content=\"\ud83e\uddcb CapyBoba \u2013 Sac isotherme rose avec capybara buvant du bubble tea. Mignon et pratique !\" \/>\n<meta name=\"robots\" content=\"index, follow, max-snippet:-1, max-image-preview:large, max-video-preview:-1\" \/>\n<link rel=\"canonical\" href=\"https:\/\/capy-planet.com\/fr\/shop\/capyboba-sac-a-lunch-isotherme-bubble-tea-capybara-sac-fourre-tout-isotherme-mignon-pour-lecole-le-travail-et-les-collations\/\" \/>\n<meta property=\"og:locale\" content=\"fr_FR\" \/>\n<meta property=\"og:type\" content=\"article\" \/>\n<meta property=\"og:title\" content=\"CapyBoba \u2013 Sac isotherme pour d\u00e9jeuner Capybara avec th\u00e9 \u00e0 bulles | Sac thermique \u00e9l\u00e9gant pour l&#039;\u00e9cole, le travail et les collations impromptues - Capy Planet\" \/>\n<meta property=\"og:description\" content=\"\ud83e\uddcb CapyBoba \u2013 Sac isotherme rose avec capybara buvant du bubble tea. Mignon et pratique !\" \/>\n<meta property=\"og:url\" content=\"https:\/\/capy-planet.com\/fr\/shop\/capyboba-sac-a-lunch-isotherme-bubble-tea-capybara-sac-fourre-tout-isotherme-mignon-pour-lecole-le-travail-et-les-collations\/\" \/>\n<meta property=\"og:site_name\" content=\"Capy Planet\" \/>\n<meta property=\"article:publisher\" content=\"https:\/\/www.facebook.com\/capy.planet\" \/>\n<meta property=\"article:modified_time\" content=\"2025-04-17T14:38:15+00:00\" \/>\n<meta property=\"og:image\" content=\"https:\/\/i0.wp.com\/capy-planet.com\/wp-content\/uploads\/sites\/2\/2025\/03\/S307d60a8e4a54017bec49d6a5e8cf6438.webp?fit=1200%2C1200&ssl=1\" \/>\n\t<meta property=\"og:image:width\" content=\"1200\" \/>\n\t<meta property=\"og:image:height\" content=\"1200\" \/>\n\t<meta property=\"og:image:type\" content=\"image\/webp\" \/>\n<meta name=\"twitter:card\" content=\"summary_large_image\" \/>\n<meta name=\"twitter:label1\" content=\"Dur\u00e9e de lecture estim\u00e9e\" \/>\n\t<meta name=\"twitter:data1\" content=\"1 minute\" \/>\n<script type=\"application\/ld+json\" class=\"yoast-schema-graph\">{\"@context\":\"https:\/\/schema.org\",\"@graph\":[{\"@type\":\"WebPage\",\"@id\":\"https:\/\/capy-planet.com\/fr\/shop\/capyboba-sac-a-lunch-isotherme-bubble-tea-capybara-sac-fourre-tout-isotherme-mignon-pour-lecole-le-travail-et-les-collations\/\",\"url\":\"https:\/\/capy-planet.com\/fr\/shop\/capyboba-sac-a-lunch-isotherme-bubble-tea-capybara-sac-fourre-tout-isotherme-mignon-pour-lecole-le-travail-et-les-collations\/\",\"name\":\"CapyBoba \u2013 Sac isotherme pour d\u00e9jeuner Capybara avec th\u00e9 \u00e0 bulles | Sac thermique \u00e9l\u00e9gant pour l'\u00e9cole, le travail et les collations impromptues - Capy Planet\",\"isPartOf\":{\"@id\":\"https:\/\/capy-planet.com\/fr\/#website\"},\"primaryImageOfPage\":{\"@id\":\"https:\/\/capy-planet.com\/fr\/shop\/capyboba-sac-a-lunch-isotherme-bubble-tea-capybara-sac-fourre-tout-isotherme-mignon-pour-lecole-le-travail-et-les-collations\/#primaryimage\"},\"image\":{\"@id\":\"https:\/\/capy-planet.com\/fr\/shop\/capyboba-sac-a-lunch-isotherme-bubble-tea-capybara-sac-fourre-tout-isotherme-mignon-pour-lecole-le-travail-et-les-collations\/#primaryimage\"},\"thumbnailUrl\":\"https:\/\/i0.wp.com\/capy-planet.com\/wp-content\/uploads\/sites\/2\/2025\/03\/S307d60a8e4a54017bec49d6a5e8cf6438.webp?fit=1200%2C1200&ssl=1\",\"datePublished\":\"2025-03-31T05:45:27+00:00\",\"dateModified\":\"2025-04-17T14:38:15+00:00\",\"description\":\"\ud83e\uddcb CapyBoba \u2013 Sac isotherme rose avec capybara buvant du bubble tea. Mignon et pratique !\",\"breadcrumb\":{\"@id\":\"https:\/\/capy-planet.com\/fr\/shop\/capyboba-sac-a-lunch-isotherme-bubble-tea-capybara-sac-fourre-tout-isotherme-mignon-pour-lecole-le-travail-et-les-collations\/#breadcrumb\"},\"inLanguage\":\"fr-FR\",\"potentialAction\":[{\"@type\":\"ReadAction\",\"target\":[\"https:\/\/capy-planet.com\/fr\/shop\/capyboba-sac-a-lunch-isotherme-bubble-tea-capybara-sac-fourre-tout-isotherme-mignon-pour-lecole-le-travail-et-les-collations\/\"]}]},{\"@type\":\"ImageObject\",\"inLanguage\":\"fr-FR\",\"@id\":\"https:\/\/capy-planet.com\/fr\/shop\/capyboba-sac-a-lunch-isotherme-bubble-tea-capybara-sac-fourre-tout-isotherme-mignon-pour-lecole-le-travail-et-les-collations\/#primaryimage\",\"url\":\"https:\/\/i0.wp.com\/capy-planet.com\/wp-content\/uploads\/sites\/2\/2025\/03\/S307d60a8e4a54017bec49d6a5e8cf6438.webp?fit=1200%2C1200&ssl=1\",\"contentUrl\":\"https:\/\/i0.wp.com\/capy-planet.com\/wp-content\/uploads\/sites\/2\/2025\/03\/S307d60a8e4a54017bec49d6a5e8cf6438.webp?fit=1200%2C1200&ssl=1\",\"width\":1200,\"height\":1200},{\"@type\":\"BreadcrumbList\",\"@id\":\"https:\/\/capy-planet.com\/fr\/shop\/capyboba-sac-a-lunch-isotherme-bubble-tea-capybara-sac-fourre-tout-isotherme-mignon-pour-lecole-le-travail-et-les-collations\/#breadcrumb\",\"itemListElement\":[{\"@type\":\"ListItem\",\"position\":1,\"name\":\"Home\",\"item\":\"https:\/\/capy-planet.com\/fr\/home\/\"},{\"@type\":\"ListItem\",\"position\":2,\"name\":\"Capy Shop\",\"item\":\"https:\/\/capy-planet.com\/shop\/\"},{\"@type\":\"ListItem\",\"position\":3,\"name\":\"CapyBoba \u2013 Sac isotherme pour d\u00e9jeuner Capybara avec th\u00e9 \u00e0 bulles | Sac thermique \u00e9l\u00e9gant pour l&#8217;\u00e9cole, le travail et les collations impromptues\"}]},{\"@type\":\"WebSite\",\"@id\":\"https:\/\/capy-planet.com\/fr\/#website\",\"url\":\"https:\/\/capy-planet.com\/fr\/\",\"name\":\"Capy Planet\",\"description\":\"Adoptez la vibe Capybara !\",\"publisher\":{\"@id\":\"https:\/\/capy-planet.com\/fr\/#organization\"},\"potentialAction\":[{\"@type\":\"SearchAction\",\"target\":{\"@type\":\"EntryPoint\",\"urlTemplate\":\"https:\/\/capy-planet.com\/fr\/?s={search_term_string}\"},\"query-input\":{\"@type\":\"PropertyValueSpecification\",\"valueRequired\":true,\"valueName\":\"search_term_string\"}}],\"inLanguage\":\"fr-FR\"},{\"@type\":\"Organization\",\"@id\":\"https:\/\/capy-planet.com\/fr\/#organization\",\"name\":\"Plan\u00e8te Capy\",\"url\":\"https:\/\/capy-planet.com\/fr\/\",\"logo\":{\"@type\":\"ImageObject\",\"inLanguage\":\"fr-FR\",\"@id\":\"https:\/\/capy-planet.com\/fr\/#\/schema\/logo\/image\/\",\"url\":\"https:\/\/i0.wp.com\/capy-planet.com\/wp-content\/uploads\/sites\/2\/2025\/03\/Henri_Hardillier_Capybara_face_large_smile_big_white_kawaii_eyes_c795f5d3-126d-4c2b-bf35-82751b2d63bb-2.png?fit=705%2C705&ssl=1\",\"contentUrl\":\"https:\/\/i0.wp.com\/capy-planet.com\/wp-content\/uploads\/sites\/2\/2025\/03\/Henri_Hardillier_Capybara_face_large_smile_big_white_kawaii_eyes_c795f5d3-126d-4c2b-bf35-82751b2d63bb-2.png?fit=705%2C705&ssl=1\",\"width\":705,\"height\":705,\"caption\":\"Plan\u00e8te Capy\"},\"image\":{\"@id\":\"https:\/\/capy-planet.com\/fr\/#\/schema\/logo\/image\/\"},\"sameAs\":[\"https:\/\/www.facebook.com\/capy.planet\",\"https:\/\/www.instagram.com\/capy_planet_com\"]}]}<\/script>\n<!-- \/ Yoast SEO plugin. -->","yoast_head_json":{"title":"CapyBoba \u2013 Sac isotherme pour d\u00e9jeuner Capybara avec th\u00e9 \u00e0 bulles | Sac thermique \u00e9l\u00e9gant pour l'\u00e9cole, le travail et les collations impromptues - Capy Planet","description":"\ud83e\uddcb CapyBoba \u2013 Sac isotherme rose avec capybara buvant du bubble tea. Mignon et pratique !","robots":{"index":"index","follow":"follow","max-snippet":"max-snippet:-1","max-image-preview":"max-image-preview:large","max-video-preview":"max-video-preview:-1"},"canonical":"https:\/\/capy-planet.com\/fr\/shop\/capyboba-sac-a-lunch-isotherme-bubble-tea-capybara-sac-fourre-tout-isotherme-mignon-pour-lecole-le-travail-et-les-collations\/","og_locale":"fr_FR","og_type":"article","og_title":"CapyBoba \u2013 Sac isotherme pour d\u00e9jeuner Capybara avec th\u00e9 \u00e0 bulles | Sac thermique \u00e9l\u00e9gant pour l'\u00e9cole, le travail et les collations impromptues - Capy Planet","og_description":"\ud83e\uddcb CapyBoba \u2013 Sac isotherme rose avec capybara buvant du bubble tea. Mignon et pratique !","og_url":"https:\/\/capy-planet.com\/fr\/shop\/capyboba-sac-a-lunch-isotherme-bubble-tea-capybara-sac-fourre-tout-isotherme-mignon-pour-lecole-le-travail-et-les-collations\/","og_site_name":"Capy Planet","article_publisher":"https:\/\/www.facebook.com\/capy.planet","article_modified_time":"2025-04-17T14:38:15+00:00","og_image":[{"width":1200,"height":1200,"url":"https:\/\/i0.wp.com\/capy-planet.com\/wp-content\/uploads\/sites\/2\/2025\/03\/S307d60a8e4a54017bec49d6a5e8cf6438.webp?fit=1200%2C1200&ssl=1","type":"image\/webp"}],"twitter_card":"summary_large_image","twitter_misc":{"Dur\u00e9e de lecture estim\u00e9e":"1 minute"},"schema":{"@context":"https:\/\/schema.org","@graph":[{"@type":"WebPage","@id":"https:\/\/capy-planet.com\/fr\/shop\/capyboba-sac-a-lunch-isotherme-bubble-tea-capybara-sac-fourre-tout-isotherme-mignon-pour-lecole-le-travail-et-les-collations\/","url":"https:\/\/capy-planet.com\/fr\/shop\/capyboba-sac-a-lunch-isotherme-bubble-tea-capybara-sac-fourre-tout-isotherme-mignon-pour-lecole-le-travail-et-les-collations\/","name":"CapyBoba \u2013 Sac isotherme pour d\u00e9jeuner Capybara avec th\u00e9 \u00e0 bulles | Sac thermique \u00e9l\u00e9gant pour l'\u00e9cole, le travail et les collations impromptues - Capy Planet","isPartOf":{"@id":"https:\/\/capy-planet.com\/fr\/#website"},"primaryImageOfPage":{"@id":"https:\/\/capy-planet.com\/fr\/shop\/capyboba-sac-a-lunch-isotherme-bubble-tea-capybara-sac-fourre-tout-isotherme-mignon-pour-lecole-le-travail-et-les-collations\/#primaryimage"},"image":{"@id":"https:\/\/capy-planet.com\/fr\/shop\/capyboba-sac-a-lunch-isotherme-bubble-tea-capybara-sac-fourre-tout-isotherme-mignon-pour-lecole-le-travail-et-les-collations\/#primaryimage"},"thumbnailUrl":"https:\/\/i0.wp.com\/capy-planet.com\/wp-content\/uploads\/sites\/2\/2025\/03\/S307d60a8e4a54017bec49d6a5e8cf6438.webp?fit=1200%2C1200&ssl=1","datePublished":"2025-03-31T05:45:27+00:00","dateModified":"2025-04-17T14:38:15+00:00","description":"\ud83e\uddcb CapyBoba \u2013 Sac isotherme rose avec capybara buvant du bubble tea. Mignon et pratique !","breadcrumb":{"@id":"https:\/\/capy-planet.com\/fr\/shop\/capyboba-sac-a-lunch-isotherme-bubble-tea-capybara-sac-fourre-tout-isotherme-mignon-pour-lecole-le-travail-et-les-collations\/#breadcrumb"},"inLanguage":"fr-FR","potentialAction":[{"@type":"ReadAction","target":["https:\/\/capy-planet.com\/fr\/shop\/capyboba-sac-a-lunch-isotherme-bubble-tea-capybara-sac-fourre-tout-isotherme-mignon-pour-lecole-le-travail-et-les-collations\/"]}]},{"@type":"ImageObject","inLanguage":"fr-FR","@id":"https:\/\/capy-planet.com\/fr\/shop\/capyboba-sac-a-lunch-isotherme-bubble-tea-capybara-sac-fourre-tout-isotherme-mignon-pour-lecole-le-travail-et-les-collations\/#primaryimage","url":"https:\/\/i0.wp.com\/capy-planet.com\/wp-content\/uploads\/sites\/2\/2025\/03\/S307d60a8e4a54017bec49d6a5e8cf6438.webp?fit=1200%2C1200&ssl=1","contentUrl":"https:\/\/i0.wp.com\/capy-planet.com\/wp-content\/uploads\/sites\/2\/2025\/03\/S307d60a8e4a54017bec49d6a5e8cf6438.webp?fit=1200%2C1200&ssl=1","width":1200,"height":1200},{"@type":"BreadcrumbList","@id":"https:\/\/capy-planet.com\/fr\/shop\/capyboba-sac-a-lunch-isotherme-bubble-tea-capybara-sac-fourre-tout-isotherme-mignon-pour-lecole-le-travail-et-les-collations\/#breadcrumb","itemListElement":[{"@type":"ListItem","position":1,"name":"Home","item":"https:\/\/capy-planet.com\/fr\/home\/"},{"@type":"ListItem","position":2,"name":"Capy Shop","item":"https:\/\/capy-planet.com\/shop\/"},{"@type":"ListItem","position":3,"name":"CapyBoba \u2013 Sac isotherme pour d\u00e9jeuner Capybara avec th\u00e9 \u00e0 bulles | Sac thermique \u00e9l\u00e9gant pour l&#8217;\u00e9cole, le travail et les collations impromptues"}]},{"@type":"WebSite","@id":"https:\/\/capy-planet.com\/fr\/#website","url":"https:\/\/capy-planet.com\/fr\/","name":"Capy Planet","description":"Adoptez la vibe Capybara !","publisher":{"@id":"https:\/\/capy-planet.com\/fr\/#organization"},"potentialAction":[{"@type":"SearchAction","target":{"@type":"EntryPoint","urlTemplate":"https:\/\/capy-planet.com\/fr\/?s={search_term_string}"},"query-input":{"@type":"PropertyValueSpecification","valueRequired":true,"valueName":"search_term_string"}}],"inLanguage":"fr-FR"},{"@type":"Organization","@id":"https:\/\/capy-planet.com\/fr\/#organization","name":"Plan\u00e8te Capy","url":"https:\/\/capy-planet.com\/fr\/","logo":{"@type":"ImageObject","inLanguage":"fr-FR","@id":"https:\/\/capy-planet.com\/fr\/#\/schema\/logo\/image\/","url":"https:\/\/i0.wp.com\/capy-planet.com\/wp-content\/uploads\/sites\/2\/2025\/03\/Henri_Hardillier_Capybara_face_large_smile_big_white_kawaii_eyes_c795f5d3-126d-4c2b-bf35-82751b2d63bb-2.png?fit=705%2C705&ssl=1","contentUrl":"https:\/\/i0.wp.com\/capy-planet.com\/wp-content\/uploads\/sites\/2\/2025\/03\/Henri_Hardillier_Capybara_face_large_smile_big_white_kawaii_eyes_c795f5d3-126d-4c2b-bf35-82751b2d63bb-2.png?fit=705%2C705&ssl=1","width":705,"height":705,"caption":"Plan\u00e8te Capy"},"image":{"@id":"https:\/\/capy-planet.com\/fr\/#\/schema\/logo\/image\/"},"sameAs":["https:\/\/www.facebook.com\/capy.planet","https:\/\/www.instagram.com\/capy_planet_com"]}]}},"jetpack_sharing_enabled":true,"_links":{"self":[{"href":"https:\/\/capy-planet.com\/fr\/wp-json\/wp\/v2\/product\/42148","targetHints":{"allow":["GET"]}}],"collection":[{"href":"https:\/\/capy-planet.com\/fr\/wp-json\/wp\/v2\/product"}],"about":[{"href":"https:\/\/capy-planet.com\/fr\/wp-json\/wp\/v2\/types\/product"}],"replies":[{"embeddable":true,"href":"https:\/\/capy-planet.com\/fr\/wp-json\/wp\/v2\/comments?post=42148"}],"wp:featuredmedia":[{"embeddable":true,"href":"https:\/\/capy-planet.com\/fr\/wp-json\/wp\/v2\/media\/41977"}],"wp:attachment":[{"href":"https:\/\/capy-planet.com\/fr\/wp-json\/wp\/v2\/media?parent=42148"}],"wp:term":[{"taxonomy":"product_brand","embeddable":true,"href":"https:\/\/capy-planet.com\/fr\/wp-json\/wp\/v2\/product_brand?post=42148"},{"taxonomy":"product_cat","embeddable":true,"href":"https:\/\/capy-planet.com\/fr\/wp-json\/wp\/v2\/product_cat?post=42148"},{"taxonomy":"product_tag","embeddable":true,"href":"https:\/\/capy-planet.com\/fr\/wp-json\/wp\/v2\/product_tag?post=42148"}],"curies":[{"name":"wp","href":"https:\/\/api.w.org\/{rel}","templated":true}]}}