{"id":41693,"date":"2025-03-31T12:38:24","date_gmt":"2025-03-31T05:38:24","guid":{"rendered":"https:\/\/capy-planet.com\/shop\/capychonk-peluche-geante-de-capybara-avec-un-drole-de-visage-de-friandise-peluche-douce-de-30-a-50-cm-ideale-pour-des-cadeaux-une-decoration-et-une-ambiance\/"},"modified":"2025-04-17T21:38:19","modified_gmt":"2025-04-17T14:38:19","slug":"capychonk-peluche-geante-de-capybara-avec-un-drole-de-visage-de-friandise-peluche-douce-de-30-a-50-cm-ideale-pour-des-cadeaux-une-decoration-et-une-ambiance","status":"publish","type":"product","link":"https:\/\/capy-planet.com\/fr\/shop\/capychonk-peluche-geante-de-capybara-avec-un-drole-de-visage-de-friandise-peluche-douce-de-30-a-50-cm-ideale-pour-des-cadeaux-une-decoration-et-une-ambiance\/","title":{"rendered":"CapyChonk \u2013 Peluche g\u00e9ante de capybara avec une expression faciale amusante \u00e9voquant une collation | Animal en peluche doux de 30 cm \u00e0 50 cm"},"content":{"rendered":"<p class=\"\" data-start=\"372\" data-end=\"503\">\ud83c\udf69\ud83d\udc3e Faites la connaissance de <strong data-start=\"382\" data-end=\"396\">CapyChonk<\/strong> \u2013 la peluche de capybara amateur de collations, arborant un beignet, qui est l\u00e0 pour conqu\u00e9rir votre c\u0153ur <em data-start=\"478\" data-end=\"502\">et peut-\u00eatre votre dessert<\/em>.<\/p>\n<p class=\"\" data-start=\"505\" data-end=\"798\">Avec son ventre rond, sa fourrure douce et son expression ridiculement calme, <strong data-start=\"571\" data-end=\"585\">CapyChonk<\/strong> est le compagnon ultime pour soulager le stress. Que vous d\u00e9coriez votre espace, offriez un cadeau original parfait, ou ayez simplement besoin d&rsquo;une peluche qui comprenne l&rsquo;heure de la collation \u00e0 un niveau spirituel \u2013 ce capybara est l\u00e0 pour vous. <\/p>\n<p class=\"\" data-start=\"800\" data-end=\"986\">Disponible en 30 cm, 40 cm, ou dans l&rsquo;\u00e9dition compl\u00e8te de 50 cm, et v\u00eatu de diverses capuches th\u00e9matiques (oreilles de lapin, beignets, chapeaux de fruits et plus encore !), <strong data-start=\"937\" data-end=\"951\">CapyChonk<\/strong> est de la pure s\u00e9rotonine sous forme de peluche.<\/p>\n<p class=\"\" data-start=\"988\" data-end=\"1035\">\ud83d\udca1 <strong data-start=\"991\" data-end=\"1035\">Pourquoi Tout le Monde est Obs\u00e9d\u00e9 par CapyChonk :<\/strong><\/p>\n<ul data-start=\"1036\" data-end=\"1368\">\n<li class=\"\" data-start=\"1036\" data-end=\"1098\">\n<p class=\"\" data-start=\"1038\" data-end=\"1098\">\ud83e\uddf8 Extr\u00eamement doux et moelleux \u2013 parfait pour les c\u00e2lins, les siestes et l&rsquo;exposition<\/p>\n<\/li>\n<li class=\"\" data-start=\"1099\" data-end=\"1154\">\n<p class=\"\" data-start=\"1101\" data-end=\"1154\">\ud83c\udf69 Livr\u00e9 avec de mignonnes collations en peluche ou des capuches \u00e0 oreilles d&rsquo;animaux<\/p>\n<\/li>\n<li class=\"\" data-start=\"1155\" data-end=\"1226\">\n<p class=\"\" data-start=\"1157\" data-end=\"1226\">\ud83c\udf81 Cadeau id\u00e9al pour les amateurs de capybaras, les collectionneurs de peluches et les seigneurs des m\u00e8mes<\/p>\n<\/li>\n<li class=\"\" data-start=\"1227\" data-end=\"1272\">\n<p class=\"\" data-start=\"1229\" data-end=\"1272\">\ud83d\udecb\ufe0f Constitue une adorable d\u00e9coration d&rsquo;int\u00e9rieur<\/p>\n<\/li>\n<li class=\"\" data-start=\"1273\" data-end=\"1324\">\n<p class=\"\" data-start=\"1275\" data-end=\"1324\">\ud83e\uddfc Facile \u00e0 nettoyer et approuv\u00e9 pour les c\u00e2lins pour tous les \u00e2ges<\/p>\n<\/li>\n<li class=\"\" data-start=\"1325\" data-end=\"1368\">\n<p class=\"\" data-start=\"1327\" data-end=\"1368\">\ud83d\ude0c Apporte instantan\u00e9ment une ambiance d\u00e9contract\u00e9e \u00e0 n&rsquo;importe quelle pi\u00e8ce<\/p>\n<\/li>\n<\/ul>\n<p class=\"\" data-start=\"1370\" data-end=\"1497\">Des cadeaux de f\u00eate aux compagnons douillets, <strong data-start=\"1407\" data-end=\"1421\">CapyChonk<\/strong> est la peluche de capybara dont vous ne saviez pas que vous aviez besoin, mais dont vous ne pourrez plus vous passer d\u00e9sormais.<\/p>\n","protected":false},"excerpt":{"rendered":"<p>\ud83e\uddf8 <strong>CapyChonk<\/strong> \u2013 Jouet en peluche de capybara amusant portant des capuches de collations ! Ultra-doux, dodu et parfait pour les cadeaux, la d\u00e9coration ou pour c\u00e2liner votre stress. <\/p>\n","protected":false},"featured_media":41633,"comment_status":"open","ping_status":"closed","template":"","meta":[],"product_brand":[],"product_cat":[455],"product_tag":[1559,1564,666,1561,1562,547,1563,507,1565,1560],"class_list":{"0":"post-41693","1":"product","2":"type-product","3":"status-publish","4":"has-post-thumbnail","6":"product_cat-capy-plushies-fr","7":"product_tag-animal-en-peluche-drole","8":"product_tag-cadeau-animal-doux","9":"product_tag-capybara-gift-fr","10":"product_tag-capybara-en-peluche-en-forme-de-beignet","11":"product_tag-decoration-sur-le-theme-des-animaux","12":"product_tag-kawaii-plush-toy-fr","13":"product_tag-peluche-avec-capuche","14":"product_tag-capybara-plush-fr","15":"product_tag-chambre-esthetique-en-peluche","16":"product_tag-poupee-capybara-potelee","18":"first","19":"instock","20":"sale","21":"shipping-taxable","22":"purchasable","23":"product-type-variable"},"yoast_head":"<!-- This site is optimized with the Yoast SEO plugin v27.0 - https:\/\/yoast.com\/product\/yoast-seo-wordpress\/ -->\n<title>CapyChonk \u2013 Peluche g\u00e9ante de capybara avec une expression faciale amusante \u00e9voquant une collation | Animal en peluche doux de 30 cm \u00e0 50 cm - Capy Planet<\/title>\n<meta name=\"description\" content=\"\ud83e\uddf8 CapyChonk : Peluche capybara amusante avec capuches snack. Douce, parfaite pour cadeaux ou c\u00e2lins anti-stress.\" \/>\n<meta name=\"robots\" content=\"index, follow, max-snippet:-1, max-image-preview:large, max-video-preview:-1\" \/>\n<link rel=\"canonical\" href=\"https:\/\/capy-planet.com\/fr\/shop\/capychonk-peluche-geante-de-capybara-avec-un-drole-de-visage-de-friandise-peluche-douce-de-30-a-50-cm-ideale-pour-des-cadeaux-une-decoration-et-une-ambiance\/\" \/>\n<meta property=\"og:locale\" content=\"fr_FR\" \/>\n<meta property=\"og:type\" content=\"article\" \/>\n<meta property=\"og:title\" content=\"CapyChonk \u2013 Peluche g\u00e9ante de capybara avec une expression faciale amusante \u00e9voquant une collation | Animal en peluche doux de 30 cm \u00e0 50 cm - Capy Planet\" \/>\n<meta property=\"og:description\" content=\"\ud83e\uddf8 CapyChonk : Peluche capybara amusante avec capuches snack. Douce, parfaite pour cadeaux ou c\u00e2lins anti-stress.\" \/>\n<meta property=\"og:url\" content=\"https:\/\/capy-planet.com\/fr\/shop\/capychonk-peluche-geante-de-capybara-avec-un-drole-de-visage-de-friandise-peluche-douce-de-30-a-50-cm-ideale-pour-des-cadeaux-une-decoration-et-une-ambiance\/\" \/>\n<meta property=\"og:site_name\" content=\"Capy Planet\" \/>\n<meta property=\"article:publisher\" content=\"https:\/\/www.facebook.com\/capy.planet\" \/>\n<meta property=\"article:modified_time\" content=\"2025-04-17T14:38:19+00:00\" \/>\n<meta property=\"og:image\" content=\"https:\/\/i0.wp.com\/capy-planet.com\/wp-content\/uploads\/sites\/2\/2025\/03\/S9141ef33d4c64dc69459347bb9511256v.webp?fit=1000%2C1000&ssl=1\" \/>\n\t<meta property=\"og:image:width\" content=\"1000\" \/>\n\t<meta property=\"og:image:height\" content=\"1000\" \/>\n\t<meta property=\"og:image:type\" content=\"image\/webp\" \/>\n<meta name=\"twitter:card\" content=\"summary_large_image\" \/>\n<meta name=\"twitter:label1\" content=\"Dur\u00e9e de lecture estim\u00e9e\" \/>\n\t<meta name=\"twitter:data1\" content=\"1 minute\" \/>\n<script type=\"application\/ld+json\" class=\"yoast-schema-graph\">{\"@context\":\"https:\/\/schema.org\",\"@graph\":[{\"@type\":\"WebPage\",\"@id\":\"https:\/\/capy-planet.com\/fr\/shop\/capychonk-peluche-geante-de-capybara-avec-un-drole-de-visage-de-friandise-peluche-douce-de-30-a-50-cm-ideale-pour-des-cadeaux-une-decoration-et-une-ambiance\/\",\"url\":\"https:\/\/capy-planet.com\/fr\/shop\/capychonk-peluche-geante-de-capybara-avec-un-drole-de-visage-de-friandise-peluche-douce-de-30-a-50-cm-ideale-pour-des-cadeaux-une-decoration-et-une-ambiance\/\",\"name\":\"CapyChonk \u2013 Peluche g\u00e9ante de capybara avec une expression faciale amusante \u00e9voquant une collation | Animal en peluche doux de 30 cm \u00e0 50 cm - Capy Planet\",\"isPartOf\":{\"@id\":\"https:\/\/capy-planet.com\/fr\/#website\"},\"primaryImageOfPage\":{\"@id\":\"https:\/\/capy-planet.com\/fr\/shop\/capychonk-peluche-geante-de-capybara-avec-un-drole-de-visage-de-friandise-peluche-douce-de-30-a-50-cm-ideale-pour-des-cadeaux-une-decoration-et-une-ambiance\/#primaryimage\"},\"image\":{\"@id\":\"https:\/\/capy-planet.com\/fr\/shop\/capychonk-peluche-geante-de-capybara-avec-un-drole-de-visage-de-friandise-peluche-douce-de-30-a-50-cm-ideale-pour-des-cadeaux-une-decoration-et-une-ambiance\/#primaryimage\"},\"thumbnailUrl\":\"https:\/\/i0.wp.com\/capy-planet.com\/wp-content\/uploads\/sites\/2\/2025\/03\/S9141ef33d4c64dc69459347bb9511256v.webp?fit=1000%2C1000&ssl=1\",\"datePublished\":\"2025-03-31T05:38:24+00:00\",\"dateModified\":\"2025-04-17T14:38:19+00:00\",\"description\":\"\ud83e\uddf8 CapyChonk : Peluche capybara amusante avec capuches snack. Douce, parfaite pour cadeaux ou c\u00e2lins anti-stress.\",\"breadcrumb\":{\"@id\":\"https:\/\/capy-planet.com\/fr\/shop\/capychonk-peluche-geante-de-capybara-avec-un-drole-de-visage-de-friandise-peluche-douce-de-30-a-50-cm-ideale-pour-des-cadeaux-une-decoration-et-une-ambiance\/#breadcrumb\"},\"inLanguage\":\"fr-FR\",\"potentialAction\":[{\"@type\":\"ReadAction\",\"target\":[\"https:\/\/capy-planet.com\/fr\/shop\/capychonk-peluche-geante-de-capybara-avec-un-drole-de-visage-de-friandise-peluche-douce-de-30-a-50-cm-ideale-pour-des-cadeaux-une-decoration-et-une-ambiance\/\"]}]},{\"@type\":\"ImageObject\",\"inLanguage\":\"fr-FR\",\"@id\":\"https:\/\/capy-planet.com\/fr\/shop\/capychonk-peluche-geante-de-capybara-avec-un-drole-de-visage-de-friandise-peluche-douce-de-30-a-50-cm-ideale-pour-des-cadeaux-une-decoration-et-une-ambiance\/#primaryimage\",\"url\":\"https:\/\/i0.wp.com\/capy-planet.com\/wp-content\/uploads\/sites\/2\/2025\/03\/S9141ef33d4c64dc69459347bb9511256v.webp?fit=1000%2C1000&ssl=1\",\"contentUrl\":\"https:\/\/i0.wp.com\/capy-planet.com\/wp-content\/uploads\/sites\/2\/2025\/03\/S9141ef33d4c64dc69459347bb9511256v.webp?fit=1000%2C1000&ssl=1\",\"width\":1000,\"height\":1000},{\"@type\":\"BreadcrumbList\",\"@id\":\"https:\/\/capy-planet.com\/fr\/shop\/capychonk-peluche-geante-de-capybara-avec-un-drole-de-visage-de-friandise-peluche-douce-de-30-a-50-cm-ideale-pour-des-cadeaux-une-decoration-et-une-ambiance\/#breadcrumb\",\"itemListElement\":[{\"@type\":\"ListItem\",\"position\":1,\"name\":\"Home\",\"item\":\"https:\/\/capy-planet.com\/fr\/home\/\"},{\"@type\":\"ListItem\",\"position\":2,\"name\":\"Capy Shop\",\"item\":\"https:\/\/capy-planet.com\/shop\/\"},{\"@type\":\"ListItem\",\"position\":3,\"name\":\"CapyChonk \u2013 Peluche g\u00e9ante de capybara avec une expression faciale amusante \u00e9voquant une collation | Animal en peluche doux de 30 cm \u00e0 50 cm\"}]},{\"@type\":\"WebSite\",\"@id\":\"https:\/\/capy-planet.com\/fr\/#website\",\"url\":\"https:\/\/capy-planet.com\/fr\/\",\"name\":\"Capy Planet\",\"description\":\"Adoptez la vibe Capybara !\",\"publisher\":{\"@id\":\"https:\/\/capy-planet.com\/fr\/#organization\"},\"potentialAction\":[{\"@type\":\"SearchAction\",\"target\":{\"@type\":\"EntryPoint\",\"urlTemplate\":\"https:\/\/capy-planet.com\/fr\/?s={search_term_string}\"},\"query-input\":{\"@type\":\"PropertyValueSpecification\",\"valueRequired\":true,\"valueName\":\"search_term_string\"}}],\"inLanguage\":\"fr-FR\"},{\"@type\":\"Organization\",\"@id\":\"https:\/\/capy-planet.com\/fr\/#organization\",\"name\":\"Plan\u00e8te Capy\",\"url\":\"https:\/\/capy-planet.com\/fr\/\",\"logo\":{\"@type\":\"ImageObject\",\"inLanguage\":\"fr-FR\",\"@id\":\"https:\/\/capy-planet.com\/fr\/#\/schema\/logo\/image\/\",\"url\":\"https:\/\/i0.wp.com\/capy-planet.com\/wp-content\/uploads\/sites\/2\/2025\/03\/Henri_Hardillier_Capybara_face_large_smile_big_white_kawaii_eyes_c795f5d3-126d-4c2b-bf35-82751b2d63bb-2.png?fit=705%2C705&ssl=1\",\"contentUrl\":\"https:\/\/i0.wp.com\/capy-planet.com\/wp-content\/uploads\/sites\/2\/2025\/03\/Henri_Hardillier_Capybara_face_large_smile_big_white_kawaii_eyes_c795f5d3-126d-4c2b-bf35-82751b2d63bb-2.png?fit=705%2C705&ssl=1\",\"width\":705,\"height\":705,\"caption\":\"Plan\u00e8te Capy\"},\"image\":{\"@id\":\"https:\/\/capy-planet.com\/fr\/#\/schema\/logo\/image\/\"},\"sameAs\":[\"https:\/\/www.facebook.com\/capy.planet\",\"https:\/\/www.instagram.com\/capy_planet_com\"]}]}<\/script>\n<!-- \/ Yoast SEO plugin. -->","yoast_head_json":{"title":"CapyChonk \u2013 Peluche g\u00e9ante de capybara avec une expression faciale amusante \u00e9voquant une collation | Animal en peluche doux de 30 cm \u00e0 50 cm - Capy Planet","description":"\ud83e\uddf8 CapyChonk : Peluche capybara amusante avec capuches snack. Douce, parfaite pour cadeaux ou c\u00e2lins anti-stress.","robots":{"index":"index","follow":"follow","max-snippet":"max-snippet:-1","max-image-preview":"max-image-preview:large","max-video-preview":"max-video-preview:-1"},"canonical":"https:\/\/capy-planet.com\/fr\/shop\/capychonk-peluche-geante-de-capybara-avec-un-drole-de-visage-de-friandise-peluche-douce-de-30-a-50-cm-ideale-pour-des-cadeaux-une-decoration-et-une-ambiance\/","og_locale":"fr_FR","og_type":"article","og_title":"CapyChonk \u2013 Peluche g\u00e9ante de capybara avec une expression faciale amusante \u00e9voquant une collation | Animal en peluche doux de 30 cm \u00e0 50 cm - Capy Planet","og_description":"\ud83e\uddf8 CapyChonk : Peluche capybara amusante avec capuches snack. Douce, parfaite pour cadeaux ou c\u00e2lins anti-stress.","og_url":"https:\/\/capy-planet.com\/fr\/shop\/capychonk-peluche-geante-de-capybara-avec-un-drole-de-visage-de-friandise-peluche-douce-de-30-a-50-cm-ideale-pour-des-cadeaux-une-decoration-et-une-ambiance\/","og_site_name":"Capy Planet","article_publisher":"https:\/\/www.facebook.com\/capy.planet","article_modified_time":"2025-04-17T14:38:19+00:00","og_image":[{"width":1000,"height":1000,"url":"https:\/\/i0.wp.com\/capy-planet.com\/wp-content\/uploads\/sites\/2\/2025\/03\/S9141ef33d4c64dc69459347bb9511256v.webp?fit=1000%2C1000&ssl=1","type":"image\/webp"}],"twitter_card":"summary_large_image","twitter_misc":{"Dur\u00e9e de lecture estim\u00e9e":"1 minute"},"schema":{"@context":"https:\/\/schema.org","@graph":[{"@type":"WebPage","@id":"https:\/\/capy-planet.com\/fr\/shop\/capychonk-peluche-geante-de-capybara-avec-un-drole-de-visage-de-friandise-peluche-douce-de-30-a-50-cm-ideale-pour-des-cadeaux-une-decoration-et-une-ambiance\/","url":"https:\/\/capy-planet.com\/fr\/shop\/capychonk-peluche-geante-de-capybara-avec-un-drole-de-visage-de-friandise-peluche-douce-de-30-a-50-cm-ideale-pour-des-cadeaux-une-decoration-et-une-ambiance\/","name":"CapyChonk \u2013 Peluche g\u00e9ante de capybara avec une expression faciale amusante \u00e9voquant une collation | Animal en peluche doux de 30 cm \u00e0 50 cm - Capy Planet","isPartOf":{"@id":"https:\/\/capy-planet.com\/fr\/#website"},"primaryImageOfPage":{"@id":"https:\/\/capy-planet.com\/fr\/shop\/capychonk-peluche-geante-de-capybara-avec-un-drole-de-visage-de-friandise-peluche-douce-de-30-a-50-cm-ideale-pour-des-cadeaux-une-decoration-et-une-ambiance\/#primaryimage"},"image":{"@id":"https:\/\/capy-planet.com\/fr\/shop\/capychonk-peluche-geante-de-capybara-avec-un-drole-de-visage-de-friandise-peluche-douce-de-30-a-50-cm-ideale-pour-des-cadeaux-une-decoration-et-une-ambiance\/#primaryimage"},"thumbnailUrl":"https:\/\/i0.wp.com\/capy-planet.com\/wp-content\/uploads\/sites\/2\/2025\/03\/S9141ef33d4c64dc69459347bb9511256v.webp?fit=1000%2C1000&ssl=1","datePublished":"2025-03-31T05:38:24+00:00","dateModified":"2025-04-17T14:38:19+00:00","description":"\ud83e\uddf8 CapyChonk : Peluche capybara amusante avec capuches snack. Douce, parfaite pour cadeaux ou c\u00e2lins anti-stress.","breadcrumb":{"@id":"https:\/\/capy-planet.com\/fr\/shop\/capychonk-peluche-geante-de-capybara-avec-un-drole-de-visage-de-friandise-peluche-douce-de-30-a-50-cm-ideale-pour-des-cadeaux-une-decoration-et-une-ambiance\/#breadcrumb"},"inLanguage":"fr-FR","potentialAction":[{"@type":"ReadAction","target":["https:\/\/capy-planet.com\/fr\/shop\/capychonk-peluche-geante-de-capybara-avec-un-drole-de-visage-de-friandise-peluche-douce-de-30-a-50-cm-ideale-pour-des-cadeaux-une-decoration-et-une-ambiance\/"]}]},{"@type":"ImageObject","inLanguage":"fr-FR","@id":"https:\/\/capy-planet.com\/fr\/shop\/capychonk-peluche-geante-de-capybara-avec-un-drole-de-visage-de-friandise-peluche-douce-de-30-a-50-cm-ideale-pour-des-cadeaux-une-decoration-et-une-ambiance\/#primaryimage","url":"https:\/\/i0.wp.com\/capy-planet.com\/wp-content\/uploads\/sites\/2\/2025\/03\/S9141ef33d4c64dc69459347bb9511256v.webp?fit=1000%2C1000&ssl=1","contentUrl":"https:\/\/i0.wp.com\/capy-planet.com\/wp-content\/uploads\/sites\/2\/2025\/03\/S9141ef33d4c64dc69459347bb9511256v.webp?fit=1000%2C1000&ssl=1","width":1000,"height":1000},{"@type":"BreadcrumbList","@id":"https:\/\/capy-planet.com\/fr\/shop\/capychonk-peluche-geante-de-capybara-avec-un-drole-de-visage-de-friandise-peluche-douce-de-30-a-50-cm-ideale-pour-des-cadeaux-une-decoration-et-une-ambiance\/#breadcrumb","itemListElement":[{"@type":"ListItem","position":1,"name":"Home","item":"https:\/\/capy-planet.com\/fr\/home\/"},{"@type":"ListItem","position":2,"name":"Capy Shop","item":"https:\/\/capy-planet.com\/shop\/"},{"@type":"ListItem","position":3,"name":"CapyChonk \u2013 Peluche g\u00e9ante de capybara avec une expression faciale amusante \u00e9voquant une collation | Animal en peluche doux de 30 cm \u00e0 50 cm"}]},{"@type":"WebSite","@id":"https:\/\/capy-planet.com\/fr\/#website","url":"https:\/\/capy-planet.com\/fr\/","name":"Capy Planet","description":"Adoptez la vibe Capybara !","publisher":{"@id":"https:\/\/capy-planet.com\/fr\/#organization"},"potentialAction":[{"@type":"SearchAction","target":{"@type":"EntryPoint","urlTemplate":"https:\/\/capy-planet.com\/fr\/?s={search_term_string}"},"query-input":{"@type":"PropertyValueSpecification","valueRequired":true,"valueName":"search_term_string"}}],"inLanguage":"fr-FR"},{"@type":"Organization","@id":"https:\/\/capy-planet.com\/fr\/#organization","name":"Plan\u00e8te Capy","url":"https:\/\/capy-planet.com\/fr\/","logo":{"@type":"ImageObject","inLanguage":"fr-FR","@id":"https:\/\/capy-planet.com\/fr\/#\/schema\/logo\/image\/","url":"https:\/\/i0.wp.com\/capy-planet.com\/wp-content\/uploads\/sites\/2\/2025\/03\/Henri_Hardillier_Capybara_face_large_smile_big_white_kawaii_eyes_c795f5d3-126d-4c2b-bf35-82751b2d63bb-2.png?fit=705%2C705&ssl=1","contentUrl":"https:\/\/i0.wp.com\/capy-planet.com\/wp-content\/uploads\/sites\/2\/2025\/03\/Henri_Hardillier_Capybara_face_large_smile_big_white_kawaii_eyes_c795f5d3-126d-4c2b-bf35-82751b2d63bb-2.png?fit=705%2C705&ssl=1","width":705,"height":705,"caption":"Plan\u00e8te Capy"},"image":{"@id":"https:\/\/capy-planet.com\/fr\/#\/schema\/logo\/image\/"},"sameAs":["https:\/\/www.facebook.com\/capy.planet","https:\/\/www.instagram.com\/capy_planet_com"]}]}},"jetpack_sharing_enabled":true,"_links":{"self":[{"href":"https:\/\/capy-planet.com\/fr\/wp-json\/wp\/v2\/product\/41693","targetHints":{"allow":["GET"]}}],"collection":[{"href":"https:\/\/capy-planet.com\/fr\/wp-json\/wp\/v2\/product"}],"about":[{"href":"https:\/\/capy-planet.com\/fr\/wp-json\/wp\/v2\/types\/product"}],"replies":[{"embeddable":true,"href":"https:\/\/capy-planet.com\/fr\/wp-json\/wp\/v2\/comments?post=41693"}],"wp:featuredmedia":[{"embeddable":true,"href":"https:\/\/capy-planet.com\/fr\/wp-json\/wp\/v2\/media\/41633"}],"wp:attachment":[{"href":"https:\/\/capy-planet.com\/fr\/wp-json\/wp\/v2\/media?parent=41693"}],"wp:term":[{"taxonomy":"product_brand","embeddable":true,"href":"https:\/\/capy-planet.com\/fr\/wp-json\/wp\/v2\/product_brand?post=41693"},{"taxonomy":"product_cat","embeddable":true,"href":"https:\/\/capy-planet.com\/fr\/wp-json\/wp\/v2\/product_cat?post=41693"},{"taxonomy":"product_tag","embeddable":true,"href":"https:\/\/capy-planet.com\/fr\/wp-json\/wp\/v2\/product_tag?post=41693"}],"curies":[{"name":"wp","href":"https:\/\/api.w.org\/{rel}","templated":true}]}}