{"id":41277,"date":"2025-03-31T12:30:12","date_gmt":"2025-03-31T05:30:12","guid":{"rendered":"https:\/\/capy-planet.com\/shop\/capynest-oreiller-capybara-en-peluche-avec-mini-poupees-cachees-pochette-surprise-et-compagnon-calin-de-45-cm\/"},"modified":"2025-04-17T21:38:23","modified_gmt":"2025-04-17T14:38:23","slug":"capynest-oreiller-capybara-en-peluche-avec-mini-poupees-cachees-pochette-surprise-et-compagnon-calin-de-45-cm","status":"publish","type":"product","link":"https:\/\/capy-planet.com\/fr\/shop\/capynest-oreiller-capybara-en-peluche-avec-mini-poupees-cachees-pochette-surprise-et-compagnon-calin-de-45-cm\/","title":{"rendered":"CapyNest \u2013 Oreiller en peluche Capybara avec mini poup\u00e9es cach\u00e9es | 45cm Compagnon c\u00e2lin et pochette surprise jouet"},"content":{"rendered":"<p class=\"\" data-start=\"376\" data-end=\"507\">\ud83d\udca4\ud83d\udc39 Bienvenue dans la zone de c\u00e2lins ultime avec <strong data-start=\"422\" data-end=\"435\">CapyNest<\/strong>, votre compagnon le plus doux et le plus moelleux qui est bien plus qu&rsquo;un simple oreiller !<\/p>\n<p class=\"\" data-start=\"509\" data-end=\"791\">Ce coussin en peluche surdimensionn\u00e9 cache une surprise : une pochette remplie de mini amis en peluche ! Que vous choisissiez la version <strong data-start=\"613\" data-end=\"630\">Capybara rose<\/strong>, <strong data-start=\"632\" data-end=\"641\">Koala<\/strong>, <strong data-start=\"643\" data-end=\"652\">Lapin<\/strong>, ou <strong data-start=\"657\" data-end=\"665\">Dinosaure<\/strong>, chacune comprend 4 \u00e0 5 adorables b\u00e9b\u00e9s en peluche nich\u00e9s en toute s\u00e9curit\u00e9 \u00e0 l&rsquo;int\u00e9rieur de la poche ventrale, telle une garderie de capybaras de r\u00eave. \ud83d\udc3e <\/p>\n<p class=\"\" data-start=\"793\" data-end=\"929\">Parfait comme compagnon de c\u00e2lins, d\u00e9coration de chambre ou cadeau original, <strong data-start=\"851\" data-end=\"864\">CapyNest<\/strong> apporte confort, sourires et douces surprises chaque fois que vous ouvrez la fermeture \u00e9clair.<\/p>\n<p class=\"\" data-start=\"931\" data-end=\"964\">\ud83d\udca1 <strong data-start=\"934\" data-end=\"964\">Pourquoi vous allez adorer CapyNest :<\/strong><\/p>\n<ul data-start=\"965\" data-end=\"1190\">\n<li class=\"\" data-start=\"965\" data-end=\"1000\">\n<p class=\"\" data-start=\"967\" data-end=\"1000\">\ud83e\uddf8 45x40cm de douceur c\u00e2linable<\/p>\n<\/li>\n<li class=\"\" data-start=\"1001\" data-end=\"1045\">\n<p class=\"\" data-start=\"1003\" data-end=\"1045\">\ud83d\udc23 Comprend plus de 4 mini poup\u00e9es cach\u00e9es \u00e0 l&rsquo;int\u00e9rieur !<\/p>\n<\/li>\n<li class=\"\" data-start=\"1046\" data-end=\"1097\">\n<p class=\"\" data-start=\"1048\" data-end=\"1097\">\ud83c\udf81 Id\u00e9al pour les siestes, la d\u00e9coration, les cadeaux et la joie sensorielle<\/p>\n<\/li>\n<li class=\"\" data-start=\"1098\" data-end=\"1150\">\n<p class=\"\" data-start=\"1100\" data-end=\"1150\">\ud83c\udf08 Plusieurs styles : capybara, koala, dinosaure, lapin<\/p>\n<\/li>\n<li class=\"\" data-start=\"1151\" data-end=\"1190\">\n<p class=\"\" data-start=\"1153\" data-end=\"1190\">\u2714\ufe0f S\u00fbr et c\u00e2lin - con\u00e7u pour tous les \u00e2ges !<\/p>\n<\/li>\n<\/ul>\n<p class=\"\" data-start=\"1192\" data-end=\"1319\">Que vous l&rsquo;offriez \u00e0 un petit ou que vous choisissiez de faire plaisir \u00e0 votre enfant int\u00e9rieur, <strong data-start=\"1258\" data-end=\"1271\">CapyNest<\/strong> est un paradis en peluche que vous ne voudrez jamais quitter.<\/p>\n","protected":false},"excerpt":{"rendered":"<p>\ud83e\uddf8 <strong>CapyNest<\/strong> - Oreiller en peluche capybara de 45cm avec mini poup\u00e9es cach\u00e9es ! C\u00e2linez-le, ouvrez-le et d\u00e9couvrez une poche remplie de mignonerie. Cadeau parfait ou compagnon douillet !  <\/p>\n","protected":false},"featured_media":41260,"comment_status":"open","ping_status":"closed","template":"","meta":[],"product_brand":[],"product_cat":[455],"product_tag":[1490,550,1492,1497,1493,1495,1494,1489,1496,1491],"class_list":{"0":"post-41277","1":"product","2":"type-product","3":"status-publish","4":"has-post-thumbnail","6":"product_cat-capy-plushies-fr","7":"product_tag-animal-en-peluche-avec-des-bebes","8":"product_tag-cute-plush-gift-fr","9":"product_tag-coussin-animal-kawaii","10":"product_tag-ensemble-de-jouets-capybara","11":"product_tag-jouet-sensoriel-pour-enfants","12":"product_tag-oreiller-avec-mini-poupees","13":"product_tag-coussin-calin-capybara","14":"product_tag-oreiller-en-peluche-capybara","15":"product_tag-oreiller-en-peluche-dinosaure","16":"product_tag-pochette-surprise-en-peluche","18":"first","19":"instock","20":"sale","21":"shipping-taxable","22":"purchasable","23":"product-type-variable"},"yoast_head":"<!-- This site is optimized with the Yoast SEO plugin v27.0 - https:\/\/yoast.com\/product\/yoast-seo-wordpress\/ -->\n<title>CapyNest \u2013 Oreiller en peluche Capybara avec mini poup\u00e9es cach\u00e9es | 45cm Compagnon c\u00e2lin et pochette surprise jouet - Capy Planet<\/title>\n<meta name=\"description\" content=\"\ud83e\uddf8 CapyNest: Peluche capybara 45cm avec mini poup\u00e9es cach\u00e9es. C\u00e2lin et surprise!\" \/>\n<meta name=\"robots\" content=\"index, follow, max-snippet:-1, max-image-preview:large, max-video-preview:-1\" \/>\n<link rel=\"canonical\" href=\"https:\/\/capy-planet.com\/fr\/shop\/capynest-oreiller-capybara-en-peluche-avec-mini-poupees-cachees-pochette-surprise-et-compagnon-calin-de-45-cm\/\" \/>\n<meta property=\"og:locale\" content=\"fr_FR\" \/>\n<meta property=\"og:type\" content=\"article\" \/>\n<meta property=\"og:title\" content=\"CapyNest \u2013 Oreiller en peluche Capybara avec mini poup\u00e9es cach\u00e9es | 45cm Compagnon c\u00e2lin et pochette surprise jouet - Capy Planet\" \/>\n<meta property=\"og:description\" content=\"\ud83e\uddf8 CapyNest: Peluche capybara 45cm avec mini poup\u00e9es cach\u00e9es. C\u00e2lin et surprise!\" \/>\n<meta property=\"og:url\" content=\"https:\/\/capy-planet.com\/fr\/shop\/capynest-oreiller-capybara-en-peluche-avec-mini-poupees-cachees-pochette-surprise-et-compagnon-calin-de-45-cm\/\" \/>\n<meta property=\"og:site_name\" content=\"Capy Planet\" \/>\n<meta property=\"article:publisher\" content=\"https:\/\/www.facebook.com\/capy.planet\" \/>\n<meta property=\"article:modified_time\" content=\"2025-04-17T14:38:23+00:00\" \/>\n<meta property=\"og:image\" content=\"https:\/\/i0.wp.com\/capy-planet.com\/wp-content\/uploads\/sites\/2\/2025\/03\/S7dec3df838674757b4abeeb002cc2567k-1.webp?fit=800%2C800&ssl=1\" \/>\n\t<meta property=\"og:image:width\" content=\"800\" \/>\n\t<meta property=\"og:image:height\" content=\"800\" \/>\n\t<meta property=\"og:image:type\" content=\"image\/webp\" \/>\n<meta name=\"twitter:card\" content=\"summary_large_image\" \/>\n<meta name=\"twitter:label1\" content=\"Dur\u00e9e de lecture estim\u00e9e\" \/>\n\t<meta name=\"twitter:data1\" content=\"1 minute\" \/>\n<script type=\"application\/ld+json\" class=\"yoast-schema-graph\">{\"@context\":\"https:\/\/schema.org\",\"@graph\":[{\"@type\":\"WebPage\",\"@id\":\"https:\/\/capy-planet.com\/fr\/shop\/capynest-oreiller-capybara-en-peluche-avec-mini-poupees-cachees-pochette-surprise-et-compagnon-calin-de-45-cm\/\",\"url\":\"https:\/\/capy-planet.com\/fr\/shop\/capynest-oreiller-capybara-en-peluche-avec-mini-poupees-cachees-pochette-surprise-et-compagnon-calin-de-45-cm\/\",\"name\":\"CapyNest \u2013 Oreiller en peluche Capybara avec mini poup\u00e9es cach\u00e9es | 45cm Compagnon c\u00e2lin et pochette surprise jouet - Capy Planet\",\"isPartOf\":{\"@id\":\"https:\/\/capy-planet.com\/fr\/#website\"},\"primaryImageOfPage\":{\"@id\":\"https:\/\/capy-planet.com\/fr\/shop\/capynest-oreiller-capybara-en-peluche-avec-mini-poupees-cachees-pochette-surprise-et-compagnon-calin-de-45-cm\/#primaryimage\"},\"image\":{\"@id\":\"https:\/\/capy-planet.com\/fr\/shop\/capynest-oreiller-capybara-en-peluche-avec-mini-poupees-cachees-pochette-surprise-et-compagnon-calin-de-45-cm\/#primaryimage\"},\"thumbnailUrl\":\"https:\/\/i0.wp.com\/capy-planet.com\/wp-content\/uploads\/sites\/2\/2025\/03\/S7dec3df838674757b4abeeb002cc2567k-1.webp?fit=800%2C800&ssl=1\",\"datePublished\":\"2025-03-31T05:30:12+00:00\",\"dateModified\":\"2025-04-17T14:38:23+00:00\",\"description\":\"\ud83e\uddf8 CapyNest: Peluche capybara 45cm avec mini poup\u00e9es cach\u00e9es. C\u00e2lin et surprise!\",\"breadcrumb\":{\"@id\":\"https:\/\/capy-planet.com\/fr\/shop\/capynest-oreiller-capybara-en-peluche-avec-mini-poupees-cachees-pochette-surprise-et-compagnon-calin-de-45-cm\/#breadcrumb\"},\"inLanguage\":\"fr-FR\",\"potentialAction\":[{\"@type\":\"ReadAction\",\"target\":[\"https:\/\/capy-planet.com\/fr\/shop\/capynest-oreiller-capybara-en-peluche-avec-mini-poupees-cachees-pochette-surprise-et-compagnon-calin-de-45-cm\/\"]}]},{\"@type\":\"ImageObject\",\"inLanguage\":\"fr-FR\",\"@id\":\"https:\/\/capy-planet.com\/fr\/shop\/capynest-oreiller-capybara-en-peluche-avec-mini-poupees-cachees-pochette-surprise-et-compagnon-calin-de-45-cm\/#primaryimage\",\"url\":\"https:\/\/i0.wp.com\/capy-planet.com\/wp-content\/uploads\/sites\/2\/2025\/03\/S7dec3df838674757b4abeeb002cc2567k-1.webp?fit=800%2C800&ssl=1\",\"contentUrl\":\"https:\/\/i0.wp.com\/capy-planet.com\/wp-content\/uploads\/sites\/2\/2025\/03\/S7dec3df838674757b4abeeb002cc2567k-1.webp?fit=800%2C800&ssl=1\",\"width\":800,\"height\":800},{\"@type\":\"BreadcrumbList\",\"@id\":\"https:\/\/capy-planet.com\/fr\/shop\/capynest-oreiller-capybara-en-peluche-avec-mini-poupees-cachees-pochette-surprise-et-compagnon-calin-de-45-cm\/#breadcrumb\",\"itemListElement\":[{\"@type\":\"ListItem\",\"position\":1,\"name\":\"Home\",\"item\":\"https:\/\/capy-planet.com\/fr\/home\/\"},{\"@type\":\"ListItem\",\"position\":2,\"name\":\"Capy Shop\",\"item\":\"https:\/\/capy-planet.com\/shop\/\"},{\"@type\":\"ListItem\",\"position\":3,\"name\":\"CapyNest \u2013 Oreiller en peluche Capybara avec mini poup\u00e9es cach\u00e9es | 45cm Compagnon c\u00e2lin et pochette surprise jouet\"}]},{\"@type\":\"WebSite\",\"@id\":\"https:\/\/capy-planet.com\/fr\/#website\",\"url\":\"https:\/\/capy-planet.com\/fr\/\",\"name\":\"Capy Planet\",\"description\":\"Adoptez la vibe Capybara !\",\"publisher\":{\"@id\":\"https:\/\/capy-planet.com\/fr\/#organization\"},\"potentialAction\":[{\"@type\":\"SearchAction\",\"target\":{\"@type\":\"EntryPoint\",\"urlTemplate\":\"https:\/\/capy-planet.com\/fr\/?s={search_term_string}\"},\"query-input\":{\"@type\":\"PropertyValueSpecification\",\"valueRequired\":true,\"valueName\":\"search_term_string\"}}],\"inLanguage\":\"fr-FR\"},{\"@type\":\"Organization\",\"@id\":\"https:\/\/capy-planet.com\/fr\/#organization\",\"name\":\"Plan\u00e8te Capy\",\"url\":\"https:\/\/capy-planet.com\/fr\/\",\"logo\":{\"@type\":\"ImageObject\",\"inLanguage\":\"fr-FR\",\"@id\":\"https:\/\/capy-planet.com\/fr\/#\/schema\/logo\/image\/\",\"url\":\"https:\/\/i0.wp.com\/capy-planet.com\/wp-content\/uploads\/sites\/2\/2025\/03\/Henri_Hardillier_Capybara_face_large_smile_big_white_kawaii_eyes_c795f5d3-126d-4c2b-bf35-82751b2d63bb-2.png?fit=705%2C705&ssl=1\",\"contentUrl\":\"https:\/\/i0.wp.com\/capy-planet.com\/wp-content\/uploads\/sites\/2\/2025\/03\/Henri_Hardillier_Capybara_face_large_smile_big_white_kawaii_eyes_c795f5d3-126d-4c2b-bf35-82751b2d63bb-2.png?fit=705%2C705&ssl=1\",\"width\":705,\"height\":705,\"caption\":\"Plan\u00e8te Capy\"},\"image\":{\"@id\":\"https:\/\/capy-planet.com\/fr\/#\/schema\/logo\/image\/\"},\"sameAs\":[\"https:\/\/www.facebook.com\/capy.planet\",\"https:\/\/www.instagram.com\/capy_planet_com\"]}]}<\/script>\n<!-- \/ Yoast SEO plugin. -->","yoast_head_json":{"title":"CapyNest \u2013 Oreiller en peluche Capybara avec mini poup\u00e9es cach\u00e9es | 45cm Compagnon c\u00e2lin et pochette surprise jouet - Capy Planet","description":"\ud83e\uddf8 CapyNest: Peluche capybara 45cm avec mini poup\u00e9es cach\u00e9es. C\u00e2lin et surprise!","robots":{"index":"index","follow":"follow","max-snippet":"max-snippet:-1","max-image-preview":"max-image-preview:large","max-video-preview":"max-video-preview:-1"},"canonical":"https:\/\/capy-planet.com\/fr\/shop\/capynest-oreiller-capybara-en-peluche-avec-mini-poupees-cachees-pochette-surprise-et-compagnon-calin-de-45-cm\/","og_locale":"fr_FR","og_type":"article","og_title":"CapyNest \u2013 Oreiller en peluche Capybara avec mini poup\u00e9es cach\u00e9es | 45cm Compagnon c\u00e2lin et pochette surprise jouet - Capy Planet","og_description":"\ud83e\uddf8 CapyNest: Peluche capybara 45cm avec mini poup\u00e9es cach\u00e9es. C\u00e2lin et surprise!","og_url":"https:\/\/capy-planet.com\/fr\/shop\/capynest-oreiller-capybara-en-peluche-avec-mini-poupees-cachees-pochette-surprise-et-compagnon-calin-de-45-cm\/","og_site_name":"Capy Planet","article_publisher":"https:\/\/www.facebook.com\/capy.planet","article_modified_time":"2025-04-17T14:38:23+00:00","og_image":[{"width":800,"height":800,"url":"https:\/\/i0.wp.com\/capy-planet.com\/wp-content\/uploads\/sites\/2\/2025\/03\/S7dec3df838674757b4abeeb002cc2567k-1.webp?fit=800%2C800&ssl=1","type":"image\/webp"}],"twitter_card":"summary_large_image","twitter_misc":{"Dur\u00e9e de lecture estim\u00e9e":"1 minute"},"schema":{"@context":"https:\/\/schema.org","@graph":[{"@type":"WebPage","@id":"https:\/\/capy-planet.com\/fr\/shop\/capynest-oreiller-capybara-en-peluche-avec-mini-poupees-cachees-pochette-surprise-et-compagnon-calin-de-45-cm\/","url":"https:\/\/capy-planet.com\/fr\/shop\/capynest-oreiller-capybara-en-peluche-avec-mini-poupees-cachees-pochette-surprise-et-compagnon-calin-de-45-cm\/","name":"CapyNest \u2013 Oreiller en peluche Capybara avec mini poup\u00e9es cach\u00e9es | 45cm Compagnon c\u00e2lin et pochette surprise jouet - Capy Planet","isPartOf":{"@id":"https:\/\/capy-planet.com\/fr\/#website"},"primaryImageOfPage":{"@id":"https:\/\/capy-planet.com\/fr\/shop\/capynest-oreiller-capybara-en-peluche-avec-mini-poupees-cachees-pochette-surprise-et-compagnon-calin-de-45-cm\/#primaryimage"},"image":{"@id":"https:\/\/capy-planet.com\/fr\/shop\/capynest-oreiller-capybara-en-peluche-avec-mini-poupees-cachees-pochette-surprise-et-compagnon-calin-de-45-cm\/#primaryimage"},"thumbnailUrl":"https:\/\/i0.wp.com\/capy-planet.com\/wp-content\/uploads\/sites\/2\/2025\/03\/S7dec3df838674757b4abeeb002cc2567k-1.webp?fit=800%2C800&ssl=1","datePublished":"2025-03-31T05:30:12+00:00","dateModified":"2025-04-17T14:38:23+00:00","description":"\ud83e\uddf8 CapyNest: Peluche capybara 45cm avec mini poup\u00e9es cach\u00e9es. C\u00e2lin et surprise!","breadcrumb":{"@id":"https:\/\/capy-planet.com\/fr\/shop\/capynest-oreiller-capybara-en-peluche-avec-mini-poupees-cachees-pochette-surprise-et-compagnon-calin-de-45-cm\/#breadcrumb"},"inLanguage":"fr-FR","potentialAction":[{"@type":"ReadAction","target":["https:\/\/capy-planet.com\/fr\/shop\/capynest-oreiller-capybara-en-peluche-avec-mini-poupees-cachees-pochette-surprise-et-compagnon-calin-de-45-cm\/"]}]},{"@type":"ImageObject","inLanguage":"fr-FR","@id":"https:\/\/capy-planet.com\/fr\/shop\/capynest-oreiller-capybara-en-peluche-avec-mini-poupees-cachees-pochette-surprise-et-compagnon-calin-de-45-cm\/#primaryimage","url":"https:\/\/i0.wp.com\/capy-planet.com\/wp-content\/uploads\/sites\/2\/2025\/03\/S7dec3df838674757b4abeeb002cc2567k-1.webp?fit=800%2C800&ssl=1","contentUrl":"https:\/\/i0.wp.com\/capy-planet.com\/wp-content\/uploads\/sites\/2\/2025\/03\/S7dec3df838674757b4abeeb002cc2567k-1.webp?fit=800%2C800&ssl=1","width":800,"height":800},{"@type":"BreadcrumbList","@id":"https:\/\/capy-planet.com\/fr\/shop\/capynest-oreiller-capybara-en-peluche-avec-mini-poupees-cachees-pochette-surprise-et-compagnon-calin-de-45-cm\/#breadcrumb","itemListElement":[{"@type":"ListItem","position":1,"name":"Home","item":"https:\/\/capy-planet.com\/fr\/home\/"},{"@type":"ListItem","position":2,"name":"Capy Shop","item":"https:\/\/capy-planet.com\/shop\/"},{"@type":"ListItem","position":3,"name":"CapyNest \u2013 Oreiller en peluche Capybara avec mini poup\u00e9es cach\u00e9es | 45cm Compagnon c\u00e2lin et pochette surprise jouet"}]},{"@type":"WebSite","@id":"https:\/\/capy-planet.com\/fr\/#website","url":"https:\/\/capy-planet.com\/fr\/","name":"Capy Planet","description":"Adoptez la vibe Capybara !","publisher":{"@id":"https:\/\/capy-planet.com\/fr\/#organization"},"potentialAction":[{"@type":"SearchAction","target":{"@type":"EntryPoint","urlTemplate":"https:\/\/capy-planet.com\/fr\/?s={search_term_string}"},"query-input":{"@type":"PropertyValueSpecification","valueRequired":true,"valueName":"search_term_string"}}],"inLanguage":"fr-FR"},{"@type":"Organization","@id":"https:\/\/capy-planet.com\/fr\/#organization","name":"Plan\u00e8te Capy","url":"https:\/\/capy-planet.com\/fr\/","logo":{"@type":"ImageObject","inLanguage":"fr-FR","@id":"https:\/\/capy-planet.com\/fr\/#\/schema\/logo\/image\/","url":"https:\/\/i0.wp.com\/capy-planet.com\/wp-content\/uploads\/sites\/2\/2025\/03\/Henri_Hardillier_Capybara_face_large_smile_big_white_kawaii_eyes_c795f5d3-126d-4c2b-bf35-82751b2d63bb-2.png?fit=705%2C705&ssl=1","contentUrl":"https:\/\/i0.wp.com\/capy-planet.com\/wp-content\/uploads\/sites\/2\/2025\/03\/Henri_Hardillier_Capybara_face_large_smile_big_white_kawaii_eyes_c795f5d3-126d-4c2b-bf35-82751b2d63bb-2.png?fit=705%2C705&ssl=1","width":705,"height":705,"caption":"Plan\u00e8te Capy"},"image":{"@id":"https:\/\/capy-planet.com\/fr\/#\/schema\/logo\/image\/"},"sameAs":["https:\/\/www.facebook.com\/capy.planet","https:\/\/www.instagram.com\/capy_planet_com"]}]}},"jetpack_sharing_enabled":true,"_links":{"self":[{"href":"https:\/\/capy-planet.com\/fr\/wp-json\/wp\/v2\/product\/41277","targetHints":{"allow":["GET"]}}],"collection":[{"href":"https:\/\/capy-planet.com\/fr\/wp-json\/wp\/v2\/product"}],"about":[{"href":"https:\/\/capy-planet.com\/fr\/wp-json\/wp\/v2\/types\/product"}],"replies":[{"embeddable":true,"href":"https:\/\/capy-planet.com\/fr\/wp-json\/wp\/v2\/comments?post=41277"}],"wp:featuredmedia":[{"embeddable":true,"href":"https:\/\/capy-planet.com\/fr\/wp-json\/wp\/v2\/media\/41260"}],"wp:attachment":[{"href":"https:\/\/capy-planet.com\/fr\/wp-json\/wp\/v2\/media?parent=41277"}],"wp:term":[{"taxonomy":"product_brand","embeddable":true,"href":"https:\/\/capy-planet.com\/fr\/wp-json\/wp\/v2\/product_brand?post=41277"},{"taxonomy":"product_cat","embeddable":true,"href":"https:\/\/capy-planet.com\/fr\/wp-json\/wp\/v2\/product_cat?post=41277"},{"taxonomy":"product_tag","embeddable":true,"href":"https:\/\/capy-planet.com\/fr\/wp-json\/wp\/v2\/product_tag?post=41277"}],"curies":[{"name":"wp","href":"https:\/\/api.w.org\/{rel}","templated":true}]}}