{"id":41167,"date":"2025-03-31T12:20:57","date_gmt":"2025-03-31T05:20:57","guid":{"rendered":"https:\/\/capy-planet.com\/shop\/capycarry-mini-sac-bandouliere-capybara-pour-telephone-sac-style-harajuku-pour-filles-et-adolescentes\/"},"modified":"2025-04-03T12:06:29","modified_gmt":"2025-04-03T05:06:29","slug":"capycarry-mini-sac-bandouliere-capybara-pour-telephone-sac-style-harajuku-pour-filles-et-adolescentes","status":"publish","type":"product","link":"https:\/\/capy-planet.com\/fr\/shop\/capycarry-mini-sac-bandouliere-capybara-pour-telephone-sac-style-harajuku-pour-filles-et-adolescentes\/","title":{"rendered":"CapyCarry \u2013 Sac Bandouli\u00e8re Mini Capybara pour T\u00e9l\u00e9phone | Sacoche Style Harajuku pour Jeunes Filles et Adolescentes"},"content":{"rendered":"<p class=\"\" data-start=\"348\" data-end=\"493\">\u2728 Faites la connaissance de votre nouveau compagnon quotidien : <strong data-start=\"381\" data-end=\"395\">CapyCarry<\/strong>, le mini sac bandouli\u00e8re pour t\u00e9l\u00e9phone ultra-mignon mettant en vedette l&rsquo;ic\u00f4ne de d\u00e9tente pr\u00e9f\u00e9r\u00e9e de tous \u2014 le capybara !<\/p>\n<p class=\"\" data-start=\"495\" data-end=\"826\">Con\u00e7u en pensant aux amateurs de kawaii et aux admirateurs de capybaras, chaque sac est imprim\u00e9 avec un capybara irr\u00e9sistiblement adorable faisant ce qu&rsquo;il fait de mieux : manger de la past\u00e8que, se d\u00e9tendre parmi les marguerites, nager dans la cr\u00e8me glac\u00e9e ou s&rsquo;amuser avec des beignets. Ce sac l\u00e9ger \u00e0 bandouli\u00e8re est parfait pour transporter votre t\u00e9l\u00e9phone, vos cl\u00e9s, vos cartes et un peu de joie partout o\u00f9 vous allez ! <\/p>\n<p class=\"\" data-start=\"828\" data-end=\"874\">\ud83c\udfaf <strong data-start=\"831\" data-end=\"874\">Pourquoi CapyCarry est l&rsquo;Accessoire Mignon Incontournable :<\/strong><\/p>\n<ul data-start=\"875\" data-end=\"1278\">\n<li class=\"\" data-start=\"875\" data-end=\"958\">\n<p class=\"\" data-start=\"877\" data-end=\"958\">\ud83d\udc3e <strong data-start=\"880\" data-end=\"901\">Art Capybara Adorable<\/strong> \u2013 Choisissez parmi des imprim\u00e9s capybaras amusants qui correspondent \u00e0 votre humeur<\/p>\n<\/li>\n<li class=\"\" data-start=\"959\" data-end=\"1038\">\n<p class=\"\" data-start=\"961\" data-end=\"1038\">\ud83d\udcf1 <strong data-start=\"964\" data-end=\"980\">Taille Parfaite<\/strong> \u2013 Accueille votre t\u00e9l\u00e9phone portable, vos cartes et votre baume \u00e0 l\u00e8vres avec de l&rsquo;espace suppl\u00e9mentaire<\/p>\n<\/li>\n<li class=\"\" data-start=\"1039\" data-end=\"1117\">\n<p class=\"\" data-start=\"1041\" data-end=\"1117\">\ud83c\udf92 <strong data-start=\"1044\" data-end=\"1064\">Portez-le \u00e0 Votre Fa\u00e7on<\/strong> \u2013 En bandouli\u00e8re, sur l&rsquo;\u00e9paule ou au bras \u2013 \u00e0 vous de choisir<\/p>\n<\/li>\n<li class=\"\" data-start=\"1118\" data-end=\"1210\">\n<p class=\"\" data-start=\"1120\" data-end=\"1210\">\ud83d\udcbc <strong data-start=\"1123\" data-end=\"1148\">L\u00e9ger et Compact<\/strong> \u2013 Id\u00e9al pour les festivals, les promenades, les pauses caf\u00e9 et les aventures capybaras<\/p>\n<\/li>\n<li class=\"\" data-start=\"1211\" data-end=\"1278\">\n<p class=\"\" data-start=\"1213\" data-end=\"1278\">\ud83c\udf08 <strong data-start=\"1216\" data-end=\"1234\">Ambiance Harajuku<\/strong> \u2013 \u00c9l\u00e9gant, original et propice aux conversations<\/p>\n<\/li>\n<\/ul>\n<p class=\"\" data-start=\"1280\" data-end=\"1445\">Que vous soyez un connaisseur de capybaras, un adolescent au go\u00fbt prononc\u00e9, ou simplement quelqu&rsquo;un qui appr\u00e9cie la mode amusante, <strong data-start=\"1385\" data-end=\"1399\">CapyCarry<\/strong> ajoute du charme et de la d\u00e9contraction \u00e0 votre tenue quotidienne.<\/p>\n","protected":false},"excerpt":{"rendered":"<p>\ud83d\udc39\u2728 <strong>CapyCarry<\/strong> \u2013 Mignon mini sac bandouli\u00e8re capybara ! Sacoche style Harajuku pour t\u00e9l\u00e9phones, cartes et petits essentiels. Parfait pour les adolescents et les amateurs de mode kawaii !  <\/p>\n","protected":false},"featured_media":41094,"comment_status":"open","ping_status":"closed","template":"","meta":[],"product_brand":[],"product_cat":[378],"product_tag":[707,666,1457,1458,1461,1460,1459,1456,1462,1455],"class_list":{"0":"post-41167","1":"product","2":"type-product","3":"status-publish","4":"has-post-thumbnail","6":"product_cat-capy-accessories-fr","7":"product_tag-capybara-accessories-fr","8":"product_tag-capybara-gift-fr","9":"product_tag-mini-sac-a-bandouliere","10":"product_tag-jolie-mode-harajuku","11":"product_tag-petit-sac-a-main-de-dessin-anime","12":"product_tag-pochette-de-telephone-pour-adolescente","13":"product_tag-sac-a-imprime-animal","14":"product_tag-sac-a-bandouliere-kawaii-fr","15":"product_tag-sac-de-mode-original","16":"product_tag-sac-de-telephone-capybara","18":"first","19":"instock","20":"sale","21":"shipping-taxable","22":"purchasable","23":"product-type-variable"},"yoast_head":"<!-- This site is optimized with the Yoast SEO plugin v27.0 - https:\/\/yoast.com\/product\/yoast-seo-wordpress\/ -->\n<title>CapyCarry \u2013 Sac Bandouli\u00e8re Mini Capybara pour T\u00e9l\u00e9phone | Sacoche Style Harajuku pour Jeunes Filles et Adolescentes - Capy Planet<\/title>\n<meta name=\"robots\" content=\"index, follow, max-snippet:-1, max-image-preview:large, max-video-preview:-1\" \/>\n<link rel=\"canonical\" href=\"https:\/\/capy-planet.com\/fr\/shop\/capycarry-mini-sac-bandouliere-capybara-pour-telephone-sac-style-harajuku-pour-filles-et-adolescentes\/\" \/>\n<meta property=\"og:locale\" content=\"fr_FR\" \/>\n<meta property=\"og:type\" content=\"article\" \/>\n<meta property=\"og:title\" content=\"CapyCarry \u2013 Sac Bandouli\u00e8re Mini Capybara pour T\u00e9l\u00e9phone | Sacoche Style Harajuku pour Jeunes Filles et Adolescentes - Capy Planet\" \/>\n<meta property=\"og:description\" content=\"\ud83d\udc39\u2728 CapyCarry \u2013 Mignon mini sac bandouli\u00e8re capybara ! Sacoche style Harajuku pour t\u00e9l\u00e9phones, cartes et petits essentiels. Parfait pour les adolescents et les amateurs de mode kawaii !\" \/>\n<meta property=\"og:url\" content=\"https:\/\/capy-planet.com\/fr\/shop\/capycarry-mini-sac-bandouliere-capybara-pour-telephone-sac-style-harajuku-pour-filles-et-adolescentes\/\" \/>\n<meta property=\"og:site_name\" content=\"Capy Planet\" \/>\n<meta property=\"article:publisher\" content=\"https:\/\/www.facebook.com\/capy.planet\" \/>\n<meta property=\"article:modified_time\" content=\"2025-04-03T05:06:29+00:00\" \/>\n<meta property=\"og:image\" content=\"https:\/\/capy-planet.com\/wp-content\/uploads\/sites\/2\/2025\/03\/Sb97429af69ae4307bac467df57ae6883W.webp\" \/>\n\t<meta property=\"og:image:width\" content=\"1000\" \/>\n\t<meta property=\"og:image:height\" content=\"1000\" \/>\n\t<meta property=\"og:image:type\" content=\"image\/webp\" \/>\n<meta name=\"twitter:card\" content=\"summary_large_image\" \/>\n<meta name=\"twitter:label1\" content=\"Dur\u00e9e de lecture estim\u00e9e\" \/>\n\t<meta name=\"twitter:data1\" content=\"1 minute\" \/>\n<script type=\"application\/ld+json\" class=\"yoast-schema-graph\">{\"@context\":\"https:\/\/schema.org\",\"@graph\":[{\"@type\":\"WebPage\",\"@id\":\"https:\/\/capy-planet.com\/fr\/shop\/capycarry-mini-sac-bandouliere-capybara-pour-telephone-sac-style-harajuku-pour-filles-et-adolescentes\/\",\"url\":\"https:\/\/capy-planet.com\/fr\/shop\/capycarry-mini-sac-bandouliere-capybara-pour-telephone-sac-style-harajuku-pour-filles-et-adolescentes\/\",\"name\":\"CapyCarry \u2013 Sac Bandouli\u00e8re Mini Capybara pour T\u00e9l\u00e9phone | Sacoche Style Harajuku pour Jeunes Filles et Adolescentes - Capy Planet\",\"isPartOf\":{\"@id\":\"https:\/\/capy-planet.com\/fr\/#website\"},\"primaryImageOfPage\":{\"@id\":\"https:\/\/capy-planet.com\/fr\/shop\/capycarry-mini-sac-bandouliere-capybara-pour-telephone-sac-style-harajuku-pour-filles-et-adolescentes\/#primaryimage\"},\"image\":{\"@id\":\"https:\/\/capy-planet.com\/fr\/shop\/capycarry-mini-sac-bandouliere-capybara-pour-telephone-sac-style-harajuku-pour-filles-et-adolescentes\/#primaryimage\"},\"thumbnailUrl\":\"https:\/\/i0.wp.com\/capy-planet.com\/wp-content\/uploads\/sites\/2\/2025\/03\/Sb97429af69ae4307bac467df57ae6883W.webp?fit=1000%2C1000&ssl=1\",\"datePublished\":\"2025-03-31T05:20:57+00:00\",\"dateModified\":\"2025-04-03T05:06:29+00:00\",\"breadcrumb\":{\"@id\":\"https:\/\/capy-planet.com\/fr\/shop\/capycarry-mini-sac-bandouliere-capybara-pour-telephone-sac-style-harajuku-pour-filles-et-adolescentes\/#breadcrumb\"},\"inLanguage\":\"fr-FR\",\"potentialAction\":[{\"@type\":\"ReadAction\",\"target\":[\"https:\/\/capy-planet.com\/fr\/shop\/capycarry-mini-sac-bandouliere-capybara-pour-telephone-sac-style-harajuku-pour-filles-et-adolescentes\/\"]}]},{\"@type\":\"ImageObject\",\"inLanguage\":\"fr-FR\",\"@id\":\"https:\/\/capy-planet.com\/fr\/shop\/capycarry-mini-sac-bandouliere-capybara-pour-telephone-sac-style-harajuku-pour-filles-et-adolescentes\/#primaryimage\",\"url\":\"https:\/\/i0.wp.com\/capy-planet.com\/wp-content\/uploads\/sites\/2\/2025\/03\/Sb97429af69ae4307bac467df57ae6883W.webp?fit=1000%2C1000&ssl=1\",\"contentUrl\":\"https:\/\/i0.wp.com\/capy-planet.com\/wp-content\/uploads\/sites\/2\/2025\/03\/Sb97429af69ae4307bac467df57ae6883W.webp?fit=1000%2C1000&ssl=1\",\"width\":1000,\"height\":1000},{\"@type\":\"BreadcrumbList\",\"@id\":\"https:\/\/capy-planet.com\/fr\/shop\/capycarry-mini-sac-bandouliere-capybara-pour-telephone-sac-style-harajuku-pour-filles-et-adolescentes\/#breadcrumb\",\"itemListElement\":[{\"@type\":\"ListItem\",\"position\":1,\"name\":\"Home\",\"item\":\"https:\/\/capy-planet.com\/fr\/home\/\"},{\"@type\":\"ListItem\",\"position\":2,\"name\":\"Capy Shop\",\"item\":\"https:\/\/capy-planet.com\/shop\/\"},{\"@type\":\"ListItem\",\"position\":3,\"name\":\"CapyCarry \u2013 Sac Bandouli\u00e8re Mini Capybara pour T\u00e9l\u00e9phone | Sacoche Style Harajuku pour Jeunes Filles et Adolescentes\"}]},{\"@type\":\"WebSite\",\"@id\":\"https:\/\/capy-planet.com\/fr\/#website\",\"url\":\"https:\/\/capy-planet.com\/fr\/\",\"name\":\"Capy Planet\",\"description\":\"Adoptez la vibe Capybara !\",\"publisher\":{\"@id\":\"https:\/\/capy-planet.com\/fr\/#organization\"},\"potentialAction\":[{\"@type\":\"SearchAction\",\"target\":{\"@type\":\"EntryPoint\",\"urlTemplate\":\"https:\/\/capy-planet.com\/fr\/?s={search_term_string}\"},\"query-input\":{\"@type\":\"PropertyValueSpecification\",\"valueRequired\":true,\"valueName\":\"search_term_string\"}}],\"inLanguage\":\"fr-FR\"},{\"@type\":\"Organization\",\"@id\":\"https:\/\/capy-planet.com\/fr\/#organization\",\"name\":\"Plan\u00e8te Capy\",\"url\":\"https:\/\/capy-planet.com\/fr\/\",\"logo\":{\"@type\":\"ImageObject\",\"inLanguage\":\"fr-FR\",\"@id\":\"https:\/\/capy-planet.com\/fr\/#\/schema\/logo\/image\/\",\"url\":\"https:\/\/i0.wp.com\/capy-planet.com\/wp-content\/uploads\/sites\/2\/2025\/03\/Henri_Hardillier_Capybara_face_large_smile_big_white_kawaii_eyes_c795f5d3-126d-4c2b-bf35-82751b2d63bb-2.png?fit=705%2C705&ssl=1\",\"contentUrl\":\"https:\/\/i0.wp.com\/capy-planet.com\/wp-content\/uploads\/sites\/2\/2025\/03\/Henri_Hardillier_Capybara_face_large_smile_big_white_kawaii_eyes_c795f5d3-126d-4c2b-bf35-82751b2d63bb-2.png?fit=705%2C705&ssl=1\",\"width\":705,\"height\":705,\"caption\":\"Plan\u00e8te Capy\"},\"image\":{\"@id\":\"https:\/\/capy-planet.com\/fr\/#\/schema\/logo\/image\/\"},\"sameAs\":[\"https:\/\/www.facebook.com\/capy.planet\",\"https:\/\/www.instagram.com\/capy_planet_com\"]}]}<\/script>\n<!-- \/ Yoast SEO plugin. -->","yoast_head_json":{"title":"CapyCarry \u2013 Sac Bandouli\u00e8re Mini Capybara pour T\u00e9l\u00e9phone | Sacoche Style Harajuku pour Jeunes Filles et Adolescentes - Capy Planet","robots":{"index":"index","follow":"follow","max-snippet":"max-snippet:-1","max-image-preview":"max-image-preview:large","max-video-preview":"max-video-preview:-1"},"canonical":"https:\/\/capy-planet.com\/fr\/shop\/capycarry-mini-sac-bandouliere-capybara-pour-telephone-sac-style-harajuku-pour-filles-et-adolescentes\/","og_locale":"fr_FR","og_type":"article","og_title":"CapyCarry \u2013 Sac Bandouli\u00e8re Mini Capybara pour T\u00e9l\u00e9phone | Sacoche Style Harajuku pour Jeunes Filles et Adolescentes - Capy Planet","og_description":"\ud83d\udc39\u2728 CapyCarry \u2013 Mignon mini sac bandouli\u00e8re capybara ! Sacoche style Harajuku pour t\u00e9l\u00e9phones, cartes et petits essentiels. Parfait pour les adolescents et les amateurs de mode kawaii !","og_url":"https:\/\/capy-planet.com\/fr\/shop\/capycarry-mini-sac-bandouliere-capybara-pour-telephone-sac-style-harajuku-pour-filles-et-adolescentes\/","og_site_name":"Capy Planet","article_publisher":"https:\/\/www.facebook.com\/capy.planet","article_modified_time":"2025-04-03T05:06:29+00:00","og_image":[{"width":1000,"height":1000,"url":"https:\/\/capy-planet.com\/wp-content\/uploads\/sites\/2\/2025\/03\/Sb97429af69ae4307bac467df57ae6883W.webp","type":"image\/webp"}],"twitter_card":"summary_large_image","twitter_misc":{"Dur\u00e9e de lecture estim\u00e9e":"1 minute"},"schema":{"@context":"https:\/\/schema.org","@graph":[{"@type":"WebPage","@id":"https:\/\/capy-planet.com\/fr\/shop\/capycarry-mini-sac-bandouliere-capybara-pour-telephone-sac-style-harajuku-pour-filles-et-adolescentes\/","url":"https:\/\/capy-planet.com\/fr\/shop\/capycarry-mini-sac-bandouliere-capybara-pour-telephone-sac-style-harajuku-pour-filles-et-adolescentes\/","name":"CapyCarry \u2013 Sac Bandouli\u00e8re Mini Capybara pour T\u00e9l\u00e9phone | Sacoche Style Harajuku pour Jeunes Filles et Adolescentes - Capy Planet","isPartOf":{"@id":"https:\/\/capy-planet.com\/fr\/#website"},"primaryImageOfPage":{"@id":"https:\/\/capy-planet.com\/fr\/shop\/capycarry-mini-sac-bandouliere-capybara-pour-telephone-sac-style-harajuku-pour-filles-et-adolescentes\/#primaryimage"},"image":{"@id":"https:\/\/capy-planet.com\/fr\/shop\/capycarry-mini-sac-bandouliere-capybara-pour-telephone-sac-style-harajuku-pour-filles-et-adolescentes\/#primaryimage"},"thumbnailUrl":"https:\/\/i0.wp.com\/capy-planet.com\/wp-content\/uploads\/sites\/2\/2025\/03\/Sb97429af69ae4307bac467df57ae6883W.webp?fit=1000%2C1000&ssl=1","datePublished":"2025-03-31T05:20:57+00:00","dateModified":"2025-04-03T05:06:29+00:00","breadcrumb":{"@id":"https:\/\/capy-planet.com\/fr\/shop\/capycarry-mini-sac-bandouliere-capybara-pour-telephone-sac-style-harajuku-pour-filles-et-adolescentes\/#breadcrumb"},"inLanguage":"fr-FR","potentialAction":[{"@type":"ReadAction","target":["https:\/\/capy-planet.com\/fr\/shop\/capycarry-mini-sac-bandouliere-capybara-pour-telephone-sac-style-harajuku-pour-filles-et-adolescentes\/"]}]},{"@type":"ImageObject","inLanguage":"fr-FR","@id":"https:\/\/capy-planet.com\/fr\/shop\/capycarry-mini-sac-bandouliere-capybara-pour-telephone-sac-style-harajuku-pour-filles-et-adolescentes\/#primaryimage","url":"https:\/\/i0.wp.com\/capy-planet.com\/wp-content\/uploads\/sites\/2\/2025\/03\/Sb97429af69ae4307bac467df57ae6883W.webp?fit=1000%2C1000&ssl=1","contentUrl":"https:\/\/i0.wp.com\/capy-planet.com\/wp-content\/uploads\/sites\/2\/2025\/03\/Sb97429af69ae4307bac467df57ae6883W.webp?fit=1000%2C1000&ssl=1","width":1000,"height":1000},{"@type":"BreadcrumbList","@id":"https:\/\/capy-planet.com\/fr\/shop\/capycarry-mini-sac-bandouliere-capybara-pour-telephone-sac-style-harajuku-pour-filles-et-adolescentes\/#breadcrumb","itemListElement":[{"@type":"ListItem","position":1,"name":"Home","item":"https:\/\/capy-planet.com\/fr\/home\/"},{"@type":"ListItem","position":2,"name":"Capy Shop","item":"https:\/\/capy-planet.com\/shop\/"},{"@type":"ListItem","position":3,"name":"CapyCarry \u2013 Sac Bandouli\u00e8re Mini Capybara pour T\u00e9l\u00e9phone | Sacoche Style Harajuku pour Jeunes Filles et Adolescentes"}]},{"@type":"WebSite","@id":"https:\/\/capy-planet.com\/fr\/#website","url":"https:\/\/capy-planet.com\/fr\/","name":"Capy Planet","description":"Adoptez la vibe Capybara !","publisher":{"@id":"https:\/\/capy-planet.com\/fr\/#organization"},"potentialAction":[{"@type":"SearchAction","target":{"@type":"EntryPoint","urlTemplate":"https:\/\/capy-planet.com\/fr\/?s={search_term_string}"},"query-input":{"@type":"PropertyValueSpecification","valueRequired":true,"valueName":"search_term_string"}}],"inLanguage":"fr-FR"},{"@type":"Organization","@id":"https:\/\/capy-planet.com\/fr\/#organization","name":"Plan\u00e8te Capy","url":"https:\/\/capy-planet.com\/fr\/","logo":{"@type":"ImageObject","inLanguage":"fr-FR","@id":"https:\/\/capy-planet.com\/fr\/#\/schema\/logo\/image\/","url":"https:\/\/i0.wp.com\/capy-planet.com\/wp-content\/uploads\/sites\/2\/2025\/03\/Henri_Hardillier_Capybara_face_large_smile_big_white_kawaii_eyes_c795f5d3-126d-4c2b-bf35-82751b2d63bb-2.png?fit=705%2C705&ssl=1","contentUrl":"https:\/\/i0.wp.com\/capy-planet.com\/wp-content\/uploads\/sites\/2\/2025\/03\/Henri_Hardillier_Capybara_face_large_smile_big_white_kawaii_eyes_c795f5d3-126d-4c2b-bf35-82751b2d63bb-2.png?fit=705%2C705&ssl=1","width":705,"height":705,"caption":"Plan\u00e8te Capy"},"image":{"@id":"https:\/\/capy-planet.com\/fr\/#\/schema\/logo\/image\/"},"sameAs":["https:\/\/www.facebook.com\/capy.planet","https:\/\/www.instagram.com\/capy_planet_com"]}]}},"jetpack_sharing_enabled":true,"_links":{"self":[{"href":"https:\/\/capy-planet.com\/fr\/wp-json\/wp\/v2\/product\/41167","targetHints":{"allow":["GET"]}}],"collection":[{"href":"https:\/\/capy-planet.com\/fr\/wp-json\/wp\/v2\/product"}],"about":[{"href":"https:\/\/capy-planet.com\/fr\/wp-json\/wp\/v2\/types\/product"}],"replies":[{"embeddable":true,"href":"https:\/\/capy-planet.com\/fr\/wp-json\/wp\/v2\/comments?post=41167"}],"wp:featuredmedia":[{"embeddable":true,"href":"https:\/\/capy-planet.com\/fr\/wp-json\/wp\/v2\/media\/41094"}],"wp:attachment":[{"href":"https:\/\/capy-planet.com\/fr\/wp-json\/wp\/v2\/media?parent=41167"}],"wp:term":[{"taxonomy":"product_brand","embeddable":true,"href":"https:\/\/capy-planet.com\/fr\/wp-json\/wp\/v2\/product_brand?post=41167"},{"taxonomy":"product_cat","embeddable":true,"href":"https:\/\/capy-planet.com\/fr\/wp-json\/wp\/v2\/product_cat?post=41167"},{"taxonomy":"product_tag","embeddable":true,"href":"https:\/\/capy-planet.com\/fr\/wp-json\/wp\/v2\/product_tag?post=41167"}],"curies":[{"name":"wp","href":"https:\/\/api.w.org\/{rel}","templated":true}]}}