{"id":40995,"date":"2025-03-31T12:11:32","date_gmt":"2025-03-31T05:11:32","guid":{"rendered":"https:\/\/capy-planet.com\/shop\/capytote-coffret-scolaire-3-en-1-capybara-sac-a-dos-sac-a-lunch-et-trousse-tout-simplement-adorables\/"},"modified":"2025-04-17T21:38:32","modified_gmt":"2025-04-17T14:38:32","slug":"capytote-coffret-scolaire-3-en-1-capybara-sac-a-dos-sac-a-lunch-et-trousse-tout-simplement-adorables","status":"publish","type":"product","link":"https:\/\/capy-planet.com\/fr\/shop\/capytote-coffret-scolaire-3-en-1-capybara-sac-a-dos-sac-a-lunch-et-trousse-tout-simplement-adorables\/","title":{"rendered":"CapyPack \u2013 Ensemble de Sac \u00e0 Dos Capybara 3-en-1 | Sac Scolaire + Sac-Repas + Trousse | Mignon, D\u00e9contract\u00e9  Capylicieux"},"content":{"rendered":"<p class=\"\" data-start=\"425\" data-end=\"599\">\ud83c\udf92\ud83d\udc39 Faites la connaissance de <strong data-start=\"443\" data-end=\"456\">CapyPack<\/strong>, l&rsquo;ultime ensemble scolaire en 3 pi\u00e8ces inspir\u00e9 du capybara, apportant une ambiance d\u00e9contract\u00e9e s\u00e9rieuse et une surcharge de charme \u00e0 chaque journ\u00e9e d&rsquo;\u00e9cole ou aventure !<\/p>\n<p class=\"\" data-start=\"601\" data-end=\"859\">Cet ensemble adorable comprend : \u2714 Un <strong data-start=\"639\" data-end=\"666\">sac \u00e0 dos spacieux \u00e0 motif de capybara<\/strong> avec des bretelles confortables et des poches lat\u00e9rales<br data-start=\"701\" data-end=\"704\">\u2714 Un <strong data-start=\"717\" data-end=\"740\">sac isotherme assorti<\/strong> pour garder vos collations aussi fra\u00eeches qu&rsquo;un capybara<br data-start=\"778\" data-end=\"781\">\u2714 Une <strong data-start=\"791\" data-end=\"816\">trousse \u00e0 crayons zipp\u00e9e<\/strong> \u00e9l\u00e9gante pour contenir vos griffonnages les plus extravagants et vos meilleurs stylos<\/p>\n<p class=\"\" data-start=\"861\" data-end=\"1017\">Les trois pi\u00e8ces sont orn\u00e9es de personnages capybaras adorables et de citations amusantes comme <em data-start=\"948\" data-end=\"976\">\u00ab\u00a0Princesse, soyez riche s&rsquo;il vous pla\u00eet\u00a0\u00bb<\/em> \u2013 car m\u00eame les capybaras ont des r\u00eaves \ud83d\udc3e\u2728<\/p>\n<p class=\"\" data-start=\"1019\" data-end=\"1052\">\ud83d\udca1 <strong data-start=\"1022\" data-end=\"1052\">Pourquoi Vous Adorerez CapyPack :<\/strong><\/p>\n<ul data-start=\"1053\" data-end=\"1477\">\n<li class=\"\" data-start=\"1053\" data-end=\"1128\">\n<p class=\"\" data-start=\"1055\" data-end=\"1128\">\ud83c\udf38 <strong data-start=\"1058\" data-end=\"1083\">\u00c9nergie Mignonne de Capybara<\/strong> \u2013 Apporte de la personnalit\u00e9 \u00e0 votre routine quotidienne<\/p>\n<\/li>\n<li class=\"\" data-start=\"1129\" data-end=\"1208\">\n<p class=\"\" data-start=\"1131\" data-end=\"1208\">\ud83c\udfa8 <strong data-start=\"1134\" data-end=\"1150\">Esth\u00e9tique Absolument Fantastique<\/strong> \u2013 Tons chauds + art capybara original = compliments garantis<\/p>\n<\/li>\n<li class=\"\" data-start=\"1209\" data-end=\"1295\">\n<p class=\"\" data-start=\"1211\" data-end=\"1295\">\ud83c\udf92 <strong data-start=\"1214\" data-end=\"1231\">Con\u00e7u pour Durer<\/strong> \u2013 Fermetures \u00e9clair robustes, coutures durables et tissu facile \u00e0 nettoyer<\/p>\n<\/li>\n<li class=\"\" data-start=\"1296\" data-end=\"1388\">\n<p class=\"\" data-start=\"1298\" data-end=\"1388\">\ud83e\udde0 <strong data-start=\"1301\" data-end=\"1327\">Fonctionnel  Organis\u00e9<\/strong> \u2013 Chaque chose a sa place (tout comme la vie d\u00e9contract\u00e9e d&rsquo;un capybara)<\/p>\n<\/li>\n<li class=\"\" data-start=\"1389\" data-end=\"1477\">\n<p class=\"\" data-start=\"1391\" data-end=\"1477\">\ud83c\udf81 <strong data-start=\"1394\" data-end=\"1415\">Id\u00e9e de Cadeau Parfaite<\/strong> \u2013 Id\u00e9al pour les \u00e9tudiants, les amoureux des animaux et les fans de culture kawaii !<\/p>\n<\/li>\n<\/ul>\n<p class=\"\" data-start=\"1479\" data-end=\"1645\">Que vous vous dirigiez vers la classe, le camp, ou que vous souhaitiez simplement adopter le style capybara, <strong data-start=\"1550\" data-end=\"1563\">CapyPack<\/strong> vous soutient (litt\u00e9ralement). Pr\u00e9parez-vous \u00e0 faire tourner les t\u00eates et \u00e0 transporter de la joie partout o\u00f9 vous allez ! <\/p>\n","protected":false},"excerpt":{"rendered":"<p>\ud83c\udf92\ud83d\udc39 <strong>CapyPack<\/strong> \u2013 L&rsquo;ensemble de sac \u00e0 dos capybara 3 pi\u00e8ces le plus mignon avec sac-repas  trousse. Dr\u00f4le, fonctionnel  plein d&rsquo;ondes positives pour l&rsquo;\u00e9cole, les voyages ou les cadeaux ! <\/p>\n","protected":false},"featured_media":40892,"comment_status":"open","ping_status":"closed","template":"","meta":[],"product_brand":[],"product_cat":[1701],"product_tag":[666,1392,1390,1394,1393,1356,1391,1389,1357,1051],"class_list":{"0":"post-40995","1":"product","2":"type-product","3":"status-publish","4":"has-post-thumbnail","6":"product_cat-capy-bags-fr","7":"product_tag-capybara-gift-fr","8":"product_tag-ensemble-de-sacs-a-lunch-pour-lecole","9":"product_tag-ensemble-de-sacs-a-imprime-animal","10":"product_tag-equipement-tendance-pour-la-rentree-scolaire","11":"product_tag-fournitures-scolaires-uniques","12":"product_tag-sac-a-dos-capybara","13":"product_tag-sac-a-dos-etudiant-amusant","14":"product_tag-sac-a-dos-mignon-pour-enfants","15":"product_tag-cartable-kawaii","16":"product_tag-trousse-a-crayons-capybara","18":"first","19":"instock","20":"sale","21":"shipping-taxable","22":"purchasable","23":"product-type-variable"},"yoast_head":"<!-- This site is optimized with the Yoast SEO plugin v27.0 - https:\/\/yoast.com\/product\/yoast-seo-wordpress\/ -->\n<title>CapyPack \u2013 Ensemble de Sac \u00e0 Dos Capybara 3-en-1 | Sac Scolaire + Sac-Repas + Trousse | Mignon, D\u00e9contract\u00e9 Capylicieux - Capy Planet<\/title>\n<meta name=\"description\" content=\"\ud83c\udf92 \ud83d\udc39 CapyPack \u2013 Le plus mignon des sacs \u00e0 dos capybara, compos\u00e9 de 3 pi\u00e8ces\u00a0: sac \u00e0 lunch et trousse. Dr\u00f4le, fonctionnel et d\u00e9contract\u00e9, id\u00e9al pour l&#039;\u00e9cole, les voyages ou comme cadeau\u00a0!\" \/>\n<meta name=\"robots\" content=\"index, follow, max-snippet:-1, max-image-preview:large, max-video-preview:-1\" \/>\n<link rel=\"canonical\" href=\"https:\/\/capy-planet.com\/fr\/shop\/capytote-coffret-scolaire-3-en-1-capybara-sac-a-dos-sac-a-lunch-et-trousse-tout-simplement-adorables\/\" \/>\n<meta property=\"og:locale\" content=\"fr_FR\" \/>\n<meta property=\"og:type\" content=\"article\" \/>\n<meta property=\"og:title\" content=\"CapyPack \u2013 Ensemble de Sac \u00e0 Dos Capybara 3-en-1 | Sac Scolaire + Sac-Repas + Trousse | Mignon, D\u00e9contract\u00e9 Capylicieux - Capy Planet\" \/>\n<meta property=\"og:description\" content=\"\ud83c\udf92 \ud83d\udc39 CapyPack \u2013 Le plus mignon des sacs \u00e0 dos capybara, compos\u00e9 de 3 pi\u00e8ces\u00a0: sac \u00e0 lunch et trousse. Dr\u00f4le, fonctionnel et d\u00e9contract\u00e9, id\u00e9al pour l&#039;\u00e9cole, les voyages ou comme cadeau\u00a0!\" \/>\n<meta property=\"og:url\" content=\"https:\/\/capy-planet.com\/fr\/shop\/capytote-coffret-scolaire-3-en-1-capybara-sac-a-dos-sac-a-lunch-et-trousse-tout-simplement-adorables\/\" \/>\n<meta property=\"og:site_name\" content=\"Capy Planet\" \/>\n<meta property=\"article:publisher\" content=\"https:\/\/www.facebook.com\/capy.planet\" \/>\n<meta property=\"article:modified_time\" content=\"2025-04-17T14:38:32+00:00\" \/>\n<meta property=\"og:image\" content=\"https:\/\/i0.wp.com\/capy-planet.com\/wp-content\/uploads\/sites\/2\/2025\/03\/S4b7c071f445c43a5bf93a8cf4d7a7ee2Q.webp?fit=800%2C800&ssl=1\" \/>\n\t<meta property=\"og:image:width\" content=\"800\" \/>\n\t<meta property=\"og:image:height\" content=\"800\" \/>\n\t<meta property=\"og:image:type\" content=\"image\/webp\" \/>\n<meta name=\"twitter:card\" content=\"summary_large_image\" \/>\n<meta name=\"twitter:label1\" content=\"Dur\u00e9e de lecture estim\u00e9e\" \/>\n\t<meta name=\"twitter:data1\" content=\"1 minute\" \/>\n<script type=\"application\/ld+json\" class=\"yoast-schema-graph\">{\"@context\":\"https:\/\/schema.org\",\"@graph\":[{\"@type\":\"WebPage\",\"@id\":\"https:\/\/capy-planet.com\/fr\/shop\/capytote-coffret-scolaire-3-en-1-capybara-sac-a-dos-sac-a-lunch-et-trousse-tout-simplement-adorables\/\",\"url\":\"https:\/\/capy-planet.com\/fr\/shop\/capytote-coffret-scolaire-3-en-1-capybara-sac-a-dos-sac-a-lunch-et-trousse-tout-simplement-adorables\/\",\"name\":\"CapyPack \u2013 Ensemble de Sac \u00e0 Dos Capybara 3-en-1 | Sac Scolaire + Sac-Repas + Trousse | Mignon, D\u00e9contract\u00e9 Capylicieux - Capy Planet\",\"isPartOf\":{\"@id\":\"https:\/\/capy-planet.com\/fr\/#website\"},\"primaryImageOfPage\":{\"@id\":\"https:\/\/capy-planet.com\/fr\/shop\/capytote-coffret-scolaire-3-en-1-capybara-sac-a-dos-sac-a-lunch-et-trousse-tout-simplement-adorables\/#primaryimage\"},\"image\":{\"@id\":\"https:\/\/capy-planet.com\/fr\/shop\/capytote-coffret-scolaire-3-en-1-capybara-sac-a-dos-sac-a-lunch-et-trousse-tout-simplement-adorables\/#primaryimage\"},\"thumbnailUrl\":\"https:\/\/i0.wp.com\/capy-planet.com\/wp-content\/uploads\/sites\/2\/2025\/03\/S4b7c071f445c43a5bf93a8cf4d7a7ee2Q.webp?fit=800%2C800&ssl=1\",\"datePublished\":\"2025-03-31T05:11:32+00:00\",\"dateModified\":\"2025-04-17T14:38:32+00:00\",\"description\":\"\ud83c\udf92 \ud83d\udc39 CapyPack \u2013 Le plus mignon des sacs \u00e0 dos capybara, compos\u00e9 de 3 pi\u00e8ces\u00a0: sac \u00e0 lunch et trousse. Dr\u00f4le, fonctionnel et d\u00e9contract\u00e9, id\u00e9al pour l'\u00e9cole, les voyages ou comme cadeau\u00a0!\",\"breadcrumb\":{\"@id\":\"https:\/\/capy-planet.com\/fr\/shop\/capytote-coffret-scolaire-3-en-1-capybara-sac-a-dos-sac-a-lunch-et-trousse-tout-simplement-adorables\/#breadcrumb\"},\"inLanguage\":\"fr-FR\",\"potentialAction\":[{\"@type\":\"ReadAction\",\"target\":[\"https:\/\/capy-planet.com\/fr\/shop\/capytote-coffret-scolaire-3-en-1-capybara-sac-a-dos-sac-a-lunch-et-trousse-tout-simplement-adorables\/\"]}]},{\"@type\":\"ImageObject\",\"inLanguage\":\"fr-FR\",\"@id\":\"https:\/\/capy-planet.com\/fr\/shop\/capytote-coffret-scolaire-3-en-1-capybara-sac-a-dos-sac-a-lunch-et-trousse-tout-simplement-adorables\/#primaryimage\",\"url\":\"https:\/\/i0.wp.com\/capy-planet.com\/wp-content\/uploads\/sites\/2\/2025\/03\/S4b7c071f445c43a5bf93a8cf4d7a7ee2Q.webp?fit=800%2C800&ssl=1\",\"contentUrl\":\"https:\/\/i0.wp.com\/capy-planet.com\/wp-content\/uploads\/sites\/2\/2025\/03\/S4b7c071f445c43a5bf93a8cf4d7a7ee2Q.webp?fit=800%2C800&ssl=1\",\"width\":800,\"height\":800},{\"@type\":\"BreadcrumbList\",\"@id\":\"https:\/\/capy-planet.com\/fr\/shop\/capytote-coffret-scolaire-3-en-1-capybara-sac-a-dos-sac-a-lunch-et-trousse-tout-simplement-adorables\/#breadcrumb\",\"itemListElement\":[{\"@type\":\"ListItem\",\"position\":1,\"name\":\"Home\",\"item\":\"https:\/\/capy-planet.com\/fr\/home\/\"},{\"@type\":\"ListItem\",\"position\":2,\"name\":\"Capy Shop\",\"item\":\"https:\/\/capy-planet.com\/shop\/\"},{\"@type\":\"ListItem\",\"position\":3,\"name\":\"CapyPack \u2013 Ensemble de Sac \u00e0 Dos Capybara 3-en-1 | Sac Scolaire + Sac-Repas + Trousse | Mignon, D\u00e9contract\u00e9 Capylicieux\"}]},{\"@type\":\"WebSite\",\"@id\":\"https:\/\/capy-planet.com\/fr\/#website\",\"url\":\"https:\/\/capy-planet.com\/fr\/\",\"name\":\"Capy Planet\",\"description\":\"Adoptez la vibe Capybara !\",\"publisher\":{\"@id\":\"https:\/\/capy-planet.com\/fr\/#organization\"},\"potentialAction\":[{\"@type\":\"SearchAction\",\"target\":{\"@type\":\"EntryPoint\",\"urlTemplate\":\"https:\/\/capy-planet.com\/fr\/?s={search_term_string}\"},\"query-input\":{\"@type\":\"PropertyValueSpecification\",\"valueRequired\":true,\"valueName\":\"search_term_string\"}}],\"inLanguage\":\"fr-FR\"},{\"@type\":\"Organization\",\"@id\":\"https:\/\/capy-planet.com\/fr\/#organization\",\"name\":\"Plan\u00e8te Capy\",\"url\":\"https:\/\/capy-planet.com\/fr\/\",\"logo\":{\"@type\":\"ImageObject\",\"inLanguage\":\"fr-FR\",\"@id\":\"https:\/\/capy-planet.com\/fr\/#\/schema\/logo\/image\/\",\"url\":\"https:\/\/i0.wp.com\/capy-planet.com\/wp-content\/uploads\/sites\/2\/2025\/03\/Henri_Hardillier_Capybara_face_large_smile_big_white_kawaii_eyes_c795f5d3-126d-4c2b-bf35-82751b2d63bb-2.png?fit=705%2C705&ssl=1\",\"contentUrl\":\"https:\/\/i0.wp.com\/capy-planet.com\/wp-content\/uploads\/sites\/2\/2025\/03\/Henri_Hardillier_Capybara_face_large_smile_big_white_kawaii_eyes_c795f5d3-126d-4c2b-bf35-82751b2d63bb-2.png?fit=705%2C705&ssl=1\",\"width\":705,\"height\":705,\"caption\":\"Plan\u00e8te Capy\"},\"image\":{\"@id\":\"https:\/\/capy-planet.com\/fr\/#\/schema\/logo\/image\/\"},\"sameAs\":[\"https:\/\/www.facebook.com\/capy.planet\",\"https:\/\/www.instagram.com\/capy_planet_com\"]}]}<\/script>\n<!-- \/ Yoast SEO plugin. -->","yoast_head_json":{"title":"CapyPack \u2013 Ensemble de Sac \u00e0 Dos Capybara 3-en-1 | Sac Scolaire + Sac-Repas + Trousse | Mignon, D\u00e9contract\u00e9 Capylicieux - Capy Planet","description":"\ud83c\udf92 \ud83d\udc39 CapyPack \u2013 Le plus mignon des sacs \u00e0 dos capybara, compos\u00e9 de 3 pi\u00e8ces\u00a0: sac \u00e0 lunch et trousse. Dr\u00f4le, fonctionnel et d\u00e9contract\u00e9, id\u00e9al pour l'\u00e9cole, les voyages ou comme cadeau\u00a0!","robots":{"index":"index","follow":"follow","max-snippet":"max-snippet:-1","max-image-preview":"max-image-preview:large","max-video-preview":"max-video-preview:-1"},"canonical":"https:\/\/capy-planet.com\/fr\/shop\/capytote-coffret-scolaire-3-en-1-capybara-sac-a-dos-sac-a-lunch-et-trousse-tout-simplement-adorables\/","og_locale":"fr_FR","og_type":"article","og_title":"CapyPack \u2013 Ensemble de Sac \u00e0 Dos Capybara 3-en-1 | Sac Scolaire + Sac-Repas + Trousse | Mignon, D\u00e9contract\u00e9 Capylicieux - Capy Planet","og_description":"\ud83c\udf92 \ud83d\udc39 CapyPack \u2013 Le plus mignon des sacs \u00e0 dos capybara, compos\u00e9 de 3 pi\u00e8ces\u00a0: sac \u00e0 lunch et trousse. Dr\u00f4le, fonctionnel et d\u00e9contract\u00e9, id\u00e9al pour l'\u00e9cole, les voyages ou comme cadeau\u00a0!","og_url":"https:\/\/capy-planet.com\/fr\/shop\/capytote-coffret-scolaire-3-en-1-capybara-sac-a-dos-sac-a-lunch-et-trousse-tout-simplement-adorables\/","og_site_name":"Capy Planet","article_publisher":"https:\/\/www.facebook.com\/capy.planet","article_modified_time":"2025-04-17T14:38:32+00:00","og_image":[{"width":800,"height":800,"url":"https:\/\/i0.wp.com\/capy-planet.com\/wp-content\/uploads\/sites\/2\/2025\/03\/S4b7c071f445c43a5bf93a8cf4d7a7ee2Q.webp?fit=800%2C800&ssl=1","type":"image\/webp"}],"twitter_card":"summary_large_image","twitter_misc":{"Dur\u00e9e de lecture estim\u00e9e":"1 minute"},"schema":{"@context":"https:\/\/schema.org","@graph":[{"@type":"WebPage","@id":"https:\/\/capy-planet.com\/fr\/shop\/capytote-coffret-scolaire-3-en-1-capybara-sac-a-dos-sac-a-lunch-et-trousse-tout-simplement-adorables\/","url":"https:\/\/capy-planet.com\/fr\/shop\/capytote-coffret-scolaire-3-en-1-capybara-sac-a-dos-sac-a-lunch-et-trousse-tout-simplement-adorables\/","name":"CapyPack \u2013 Ensemble de Sac \u00e0 Dos Capybara 3-en-1 | Sac Scolaire + Sac-Repas + Trousse | Mignon, D\u00e9contract\u00e9 Capylicieux - Capy Planet","isPartOf":{"@id":"https:\/\/capy-planet.com\/fr\/#website"},"primaryImageOfPage":{"@id":"https:\/\/capy-planet.com\/fr\/shop\/capytote-coffret-scolaire-3-en-1-capybara-sac-a-dos-sac-a-lunch-et-trousse-tout-simplement-adorables\/#primaryimage"},"image":{"@id":"https:\/\/capy-planet.com\/fr\/shop\/capytote-coffret-scolaire-3-en-1-capybara-sac-a-dos-sac-a-lunch-et-trousse-tout-simplement-adorables\/#primaryimage"},"thumbnailUrl":"https:\/\/i0.wp.com\/capy-planet.com\/wp-content\/uploads\/sites\/2\/2025\/03\/S4b7c071f445c43a5bf93a8cf4d7a7ee2Q.webp?fit=800%2C800&ssl=1","datePublished":"2025-03-31T05:11:32+00:00","dateModified":"2025-04-17T14:38:32+00:00","description":"\ud83c\udf92 \ud83d\udc39 CapyPack \u2013 Le plus mignon des sacs \u00e0 dos capybara, compos\u00e9 de 3 pi\u00e8ces\u00a0: sac \u00e0 lunch et trousse. Dr\u00f4le, fonctionnel et d\u00e9contract\u00e9, id\u00e9al pour l'\u00e9cole, les voyages ou comme cadeau\u00a0!","breadcrumb":{"@id":"https:\/\/capy-planet.com\/fr\/shop\/capytote-coffret-scolaire-3-en-1-capybara-sac-a-dos-sac-a-lunch-et-trousse-tout-simplement-adorables\/#breadcrumb"},"inLanguage":"fr-FR","potentialAction":[{"@type":"ReadAction","target":["https:\/\/capy-planet.com\/fr\/shop\/capytote-coffret-scolaire-3-en-1-capybara-sac-a-dos-sac-a-lunch-et-trousse-tout-simplement-adorables\/"]}]},{"@type":"ImageObject","inLanguage":"fr-FR","@id":"https:\/\/capy-planet.com\/fr\/shop\/capytote-coffret-scolaire-3-en-1-capybara-sac-a-dos-sac-a-lunch-et-trousse-tout-simplement-adorables\/#primaryimage","url":"https:\/\/i0.wp.com\/capy-planet.com\/wp-content\/uploads\/sites\/2\/2025\/03\/S4b7c071f445c43a5bf93a8cf4d7a7ee2Q.webp?fit=800%2C800&ssl=1","contentUrl":"https:\/\/i0.wp.com\/capy-planet.com\/wp-content\/uploads\/sites\/2\/2025\/03\/S4b7c071f445c43a5bf93a8cf4d7a7ee2Q.webp?fit=800%2C800&ssl=1","width":800,"height":800},{"@type":"BreadcrumbList","@id":"https:\/\/capy-planet.com\/fr\/shop\/capytote-coffret-scolaire-3-en-1-capybara-sac-a-dos-sac-a-lunch-et-trousse-tout-simplement-adorables\/#breadcrumb","itemListElement":[{"@type":"ListItem","position":1,"name":"Home","item":"https:\/\/capy-planet.com\/fr\/home\/"},{"@type":"ListItem","position":2,"name":"Capy Shop","item":"https:\/\/capy-planet.com\/shop\/"},{"@type":"ListItem","position":3,"name":"CapyPack \u2013 Ensemble de Sac \u00e0 Dos Capybara 3-en-1 | Sac Scolaire + Sac-Repas + Trousse | Mignon, D\u00e9contract\u00e9 Capylicieux"}]},{"@type":"WebSite","@id":"https:\/\/capy-planet.com\/fr\/#website","url":"https:\/\/capy-planet.com\/fr\/","name":"Capy Planet","description":"Adoptez la vibe Capybara !","publisher":{"@id":"https:\/\/capy-planet.com\/fr\/#organization"},"potentialAction":[{"@type":"SearchAction","target":{"@type":"EntryPoint","urlTemplate":"https:\/\/capy-planet.com\/fr\/?s={search_term_string}"},"query-input":{"@type":"PropertyValueSpecification","valueRequired":true,"valueName":"search_term_string"}}],"inLanguage":"fr-FR"},{"@type":"Organization","@id":"https:\/\/capy-planet.com\/fr\/#organization","name":"Plan\u00e8te Capy","url":"https:\/\/capy-planet.com\/fr\/","logo":{"@type":"ImageObject","inLanguage":"fr-FR","@id":"https:\/\/capy-planet.com\/fr\/#\/schema\/logo\/image\/","url":"https:\/\/i0.wp.com\/capy-planet.com\/wp-content\/uploads\/sites\/2\/2025\/03\/Henri_Hardillier_Capybara_face_large_smile_big_white_kawaii_eyes_c795f5d3-126d-4c2b-bf35-82751b2d63bb-2.png?fit=705%2C705&ssl=1","contentUrl":"https:\/\/i0.wp.com\/capy-planet.com\/wp-content\/uploads\/sites\/2\/2025\/03\/Henri_Hardillier_Capybara_face_large_smile_big_white_kawaii_eyes_c795f5d3-126d-4c2b-bf35-82751b2d63bb-2.png?fit=705%2C705&ssl=1","width":705,"height":705,"caption":"Plan\u00e8te Capy"},"image":{"@id":"https:\/\/capy-planet.com\/fr\/#\/schema\/logo\/image\/"},"sameAs":["https:\/\/www.facebook.com\/capy.planet","https:\/\/www.instagram.com\/capy_planet_com"]}]}},"jetpack_sharing_enabled":true,"_links":{"self":[{"href":"https:\/\/capy-planet.com\/fr\/wp-json\/wp\/v2\/product\/40995","targetHints":{"allow":["GET"]}}],"collection":[{"href":"https:\/\/capy-planet.com\/fr\/wp-json\/wp\/v2\/product"}],"about":[{"href":"https:\/\/capy-planet.com\/fr\/wp-json\/wp\/v2\/types\/product"}],"replies":[{"embeddable":true,"href":"https:\/\/capy-planet.com\/fr\/wp-json\/wp\/v2\/comments?post=40995"}],"wp:featuredmedia":[{"embeddable":true,"href":"https:\/\/capy-planet.com\/fr\/wp-json\/wp\/v2\/media\/40892"}],"wp:attachment":[{"href":"https:\/\/capy-planet.com\/fr\/wp-json\/wp\/v2\/media?parent=40995"}],"wp:term":[{"taxonomy":"product_brand","embeddable":true,"href":"https:\/\/capy-planet.com\/fr\/wp-json\/wp\/v2\/product_brand?post=40995"},{"taxonomy":"product_cat","embeddable":true,"href":"https:\/\/capy-planet.com\/fr\/wp-json\/wp\/v2\/product_cat?post=40995"},{"taxonomy":"product_tag","embeddable":true,"href":"https:\/\/capy-planet.com\/fr\/wp-json\/wp\/v2\/product_tag?post=40995"}],"curies":[{"name":"wp","href":"https:\/\/api.w.org\/{rel}","templated":true}]}}