{"id":40859,"date":"2025-03-31T11:39:41","date_gmt":"2025-03-31T04:39:41","guid":{"rendered":"https:\/\/capy-planet.com\/shop\/capypack-sac-a-dos-usb-tendance-capybara-spacieux-elegant-et-fonctionnel-pour-lecole-et-les-voyages\/"},"modified":"2025-04-17T21:38:38","modified_gmt":"2025-04-17T14:38:38","slug":"capypack-sac-a-dos-usb-tendance-capybara-spacieux-elegant-et-fonctionnel-pour-lecole-et-les-voyages","status":"publish","type":"product","link":"https:\/\/capy-planet.com\/fr\/shop\/capypack-sac-a-dos-usb-tendance-capybara-spacieux-elegant-et-fonctionnel-pour-lecole-et-les-voyages\/","title":{"rendered":"CapyPack \u2013 Sac \u00e0 dos USB tendance \u00e0 l&rsquo;effigie du capybara | Spacieux, \u00e9l\u00e9gant et fonctionnel pour l&rsquo;\u00e9cole et les voyages"},"content":{"rendered":"<p class=\"\" data-start=\"213\" data-end=\"280\">\ud83c\udf92 <strong data-start=\"216\" data-end=\"274\">CapyPack \u2013 L&rsquo;ultime sac \u00e0 dos kawaii et fonctionnel !<\/strong> \ud83e\uddcb\u2728<\/p>\n<p class=\"\" data-start=\"282\" data-end=\"637\">Restez \u00e9l\u00e9gant et organis\u00e9 avec <strong data-start=\"314\" data-end=\"327\">CapyPack<\/strong>, le <strong data-start=\"333\" data-end=\"370\">charmant sac \u00e0 dos \u00e0 l&rsquo;effigie du capybara<\/strong> aussi adorable que pratique ! Que vous vous rendiez \u00e0 <strong data-start=\"432\" data-end=\"462\">l&rsquo;\u00e9cole, au travail ou en voyage<\/strong>, ce <strong data-start=\"469\" data-end=\"496\">sac \u00e0 dos de grande capacit\u00e9<\/strong> garde tous vos effets essentiels en s\u00e9curit\u00e9 et \u00e0 port\u00e9e de main. Dot\u00e9 d&rsquo;un <strong data-start=\"558\" data-end=\"588\">port de chargement USB int\u00e9gr\u00e9<\/strong>, il est id\u00e9al pour rester connect\u00e9 en d\u00e9placement.  <\/p>\n<p class=\"\" data-start=\"639\" data-end=\"1088\">\ud83d\udc96 <strong data-start=\"642\" data-end=\"667\">Pourquoi choisir CapyPack ?<\/strong><br data-start=\"667\" data-end=\"670\">\u2714 <strong data-start=\"672\" data-end=\"698\">Design unique de capybara<\/strong> \u2013 Mignon, tendance et garanti pour attirer l&rsquo;attention !<br data-start=\"744\" data-end=\"747\">\u2714 <strong data-start=\"749\" data-end=\"770\">Port de chargement USB<\/strong> \u2013 Rechargez commod\u00e9ment votre t\u00e9l\u00e9phone \u00e0 tout moment, o\u00f9 que vous soyez.<br data-start=\"822\" data-end=\"825\">\u2714 <strong data-start=\"827\" data-end=\"851\">Spacieux et organis\u00e9<\/strong> \u2013 Multiples compartiments pour livres, ordinateurs portables et effets quotidiens.<br data-start=\"914\" data-end=\"917\">\u2714 <strong data-start=\"919\" data-end=\"944\">Durable et confortable<\/strong> \u2013 Mat\u00e9riaux de haute qualit\u00e9 et conception ergonomique.<br data-start=\"991\" data-end=\"994\">\u2714 <strong data-start=\"996\" data-end=\"1026\">Parfait pour les adolescents et les adultes<\/strong> \u2013 Id\u00e9al pour les \u00e9tudiants, les voyageurs et les amateurs de capybaras !<\/p>\n<p class=\"\" data-start=\"1090\" data-end=\"1185\">\ud83c\udf80 <strong data-start=\"1093\" data-end=\"1178\">Am\u00e9liorez votre look quotidien avec le CapyPack et apportez de la mignonnerie partout o\u00f9 vous allez !<\/strong> \ud83d\udc3e\ud83c\udf92<\/p>\n","protected":false},"excerpt":{"rendered":"<p>\ud83c\udf92 <strong data-start=\"1251\" data-end=\"1307\">CapyPack \u2013 Le plus adorable sac \u00e0 dos USB \u00e0 l&rsquo;effigie du capybara !<\/strong> Parfait pour l&rsquo;\u00e9cole, les voyages et les aventures quotidiennes. Restez \u00e9l\u00e9gant et organis\u00e9 ! \u2728<\/p>\n","protected":false},"featured_media":40824,"comment_status":"open","ping_status":"closed","template":"","meta":[],"product_brand":[],"product_cat":[1701],"product_tag":[707,1358,1356,1363,1361,1362,1357,1364,1359,1360],"class_list":{"0":"post-40859","1":"product","2":"type-product","3":"status-publish","4":"has-post-thumbnail","6":"product_cat-capy-bags-fr","7":"product_tag-capybara-accessories-fr","8":"product_tag-sac-a-dos-avec-chargeur-usb","9":"product_tag-sac-a-dos-capybara","10":"product_tag-sac-a-dos-inspire-des-animes","11":"product_tag-sac-a-dos-rose-et-noir","12":"product_tag-sac-a-livres-tendance","13":"product_tag-cartable-kawaii","14":"product_tag-sac-mode-kawaii","15":"product_tag-sac-de-voyage-esthetique","16":"product_tag-joli-sac-pour-ordinateur-portable","18":"first","19":"instock","20":"sale","21":"shipping-taxable","22":"purchasable","23":"product-type-variable"},"yoast_head":"<!-- This site is optimized with the Yoast SEO plugin v27.0 - https:\/\/yoast.com\/product\/yoast-seo-wordpress\/ -->\n<title>CapyPack \u2013 Sac \u00e0 dos USB tendance \u00e0 l&#039;effigie du capybara | Spacieux, \u00e9l\u00e9gant et fonctionnel pour l&#039;\u00e9cole et les voyages - Capy Planet<\/title>\n<meta name=\"description\" content=\"\ud83c\udf92 CapyPack \u2013 Sac \u00e0 dos USB capybara adorable pour \u00e9cole, voyages et quotidien. \u00c9l\u00e9gant et pratique ! \u2728\" \/>\n<meta name=\"robots\" content=\"index, follow, max-snippet:-1, max-image-preview:large, max-video-preview:-1\" \/>\n<link rel=\"canonical\" href=\"https:\/\/capy-planet.com\/fr\/shop\/capypack-sac-a-dos-usb-tendance-capybara-spacieux-elegant-et-fonctionnel-pour-lecole-et-les-voyages\/\" \/>\n<meta property=\"og:locale\" content=\"fr_FR\" \/>\n<meta property=\"og:type\" content=\"article\" \/>\n<meta property=\"og:title\" content=\"CapyPack \u2013 Sac \u00e0 dos USB tendance \u00e0 l&#039;effigie du capybara | Spacieux, \u00e9l\u00e9gant et fonctionnel pour l&#039;\u00e9cole et les voyages - Capy Planet\" \/>\n<meta property=\"og:description\" content=\"\ud83c\udf92 CapyPack \u2013 Sac \u00e0 dos USB capybara adorable pour \u00e9cole, voyages et quotidien. \u00c9l\u00e9gant et pratique ! \u2728\" \/>\n<meta property=\"og:url\" content=\"https:\/\/capy-planet.com\/fr\/shop\/capypack-sac-a-dos-usb-tendance-capybara-spacieux-elegant-et-fonctionnel-pour-lecole-et-les-voyages\/\" \/>\n<meta property=\"og:site_name\" content=\"Capy Planet\" \/>\n<meta property=\"article:publisher\" content=\"https:\/\/www.facebook.com\/capy.planet\" \/>\n<meta property=\"article:modified_time\" content=\"2025-04-17T14:38:38+00:00\" \/>\n<meta property=\"og:image\" content=\"https:\/\/i0.wp.com\/capy-planet.com\/wp-content\/uploads\/sites\/2\/2025\/03\/S03dc518bc88143ca879b25ce6fcaf0c2Y.webp?fit=800%2C800&ssl=1\" \/>\n\t<meta property=\"og:image:width\" content=\"800\" \/>\n\t<meta property=\"og:image:height\" content=\"800\" \/>\n\t<meta property=\"og:image:type\" content=\"image\/webp\" \/>\n<meta name=\"twitter:card\" content=\"summary_large_image\" \/>\n<meta name=\"twitter:label1\" content=\"Dur\u00e9e de lecture estim\u00e9e\" \/>\n\t<meta name=\"twitter:data1\" content=\"1 minute\" \/>\n<script type=\"application\/ld+json\" class=\"yoast-schema-graph\">{\"@context\":\"https:\/\/schema.org\",\"@graph\":[{\"@type\":\"WebPage\",\"@id\":\"https:\/\/capy-planet.com\/fr\/shop\/capypack-sac-a-dos-usb-tendance-capybara-spacieux-elegant-et-fonctionnel-pour-lecole-et-les-voyages\/\",\"url\":\"https:\/\/capy-planet.com\/fr\/shop\/capypack-sac-a-dos-usb-tendance-capybara-spacieux-elegant-et-fonctionnel-pour-lecole-et-les-voyages\/\",\"name\":\"CapyPack \u2013 Sac \u00e0 dos USB tendance \u00e0 l'effigie du capybara | Spacieux, \u00e9l\u00e9gant et fonctionnel pour l'\u00e9cole et les voyages - Capy Planet\",\"isPartOf\":{\"@id\":\"https:\/\/capy-planet.com\/fr\/#website\"},\"primaryImageOfPage\":{\"@id\":\"https:\/\/capy-planet.com\/fr\/shop\/capypack-sac-a-dos-usb-tendance-capybara-spacieux-elegant-et-fonctionnel-pour-lecole-et-les-voyages\/#primaryimage\"},\"image\":{\"@id\":\"https:\/\/capy-planet.com\/fr\/shop\/capypack-sac-a-dos-usb-tendance-capybara-spacieux-elegant-et-fonctionnel-pour-lecole-et-les-voyages\/#primaryimage\"},\"thumbnailUrl\":\"https:\/\/i0.wp.com\/capy-planet.com\/wp-content\/uploads\/sites\/2\/2025\/03\/S03dc518bc88143ca879b25ce6fcaf0c2Y.webp?fit=800%2C800&ssl=1\",\"datePublished\":\"2025-03-31T04:39:41+00:00\",\"dateModified\":\"2025-04-17T14:38:38+00:00\",\"description\":\"\ud83c\udf92 CapyPack \u2013 Sac \u00e0 dos USB capybara adorable pour \u00e9cole, voyages et quotidien. \u00c9l\u00e9gant et pratique ! \u2728\",\"breadcrumb\":{\"@id\":\"https:\/\/capy-planet.com\/fr\/shop\/capypack-sac-a-dos-usb-tendance-capybara-spacieux-elegant-et-fonctionnel-pour-lecole-et-les-voyages\/#breadcrumb\"},\"inLanguage\":\"fr-FR\",\"potentialAction\":[{\"@type\":\"ReadAction\",\"target\":[\"https:\/\/capy-planet.com\/fr\/shop\/capypack-sac-a-dos-usb-tendance-capybara-spacieux-elegant-et-fonctionnel-pour-lecole-et-les-voyages\/\"]}]},{\"@type\":\"ImageObject\",\"inLanguage\":\"fr-FR\",\"@id\":\"https:\/\/capy-planet.com\/fr\/shop\/capypack-sac-a-dos-usb-tendance-capybara-spacieux-elegant-et-fonctionnel-pour-lecole-et-les-voyages\/#primaryimage\",\"url\":\"https:\/\/i0.wp.com\/capy-planet.com\/wp-content\/uploads\/sites\/2\/2025\/03\/S03dc518bc88143ca879b25ce6fcaf0c2Y.webp?fit=800%2C800&ssl=1\",\"contentUrl\":\"https:\/\/i0.wp.com\/capy-planet.com\/wp-content\/uploads\/sites\/2\/2025\/03\/S03dc518bc88143ca879b25ce6fcaf0c2Y.webp?fit=800%2C800&ssl=1\",\"width\":800,\"height\":800},{\"@type\":\"BreadcrumbList\",\"@id\":\"https:\/\/capy-planet.com\/fr\/shop\/capypack-sac-a-dos-usb-tendance-capybara-spacieux-elegant-et-fonctionnel-pour-lecole-et-les-voyages\/#breadcrumb\",\"itemListElement\":[{\"@type\":\"ListItem\",\"position\":1,\"name\":\"Home\",\"item\":\"https:\/\/capy-planet.com\/fr\/home\/\"},{\"@type\":\"ListItem\",\"position\":2,\"name\":\"Capy Shop\",\"item\":\"https:\/\/capy-planet.com\/shop\/\"},{\"@type\":\"ListItem\",\"position\":3,\"name\":\"CapyPack \u2013 Sac \u00e0 dos USB tendance \u00e0 l&#8217;effigie du capybara | Spacieux, \u00e9l\u00e9gant et fonctionnel pour l&#8217;\u00e9cole et les voyages\"}]},{\"@type\":\"WebSite\",\"@id\":\"https:\/\/capy-planet.com\/fr\/#website\",\"url\":\"https:\/\/capy-planet.com\/fr\/\",\"name\":\"Capy Planet\",\"description\":\"Adoptez la vibe Capybara !\",\"publisher\":{\"@id\":\"https:\/\/capy-planet.com\/fr\/#organization\"},\"potentialAction\":[{\"@type\":\"SearchAction\",\"target\":{\"@type\":\"EntryPoint\",\"urlTemplate\":\"https:\/\/capy-planet.com\/fr\/?s={search_term_string}\"},\"query-input\":{\"@type\":\"PropertyValueSpecification\",\"valueRequired\":true,\"valueName\":\"search_term_string\"}}],\"inLanguage\":\"fr-FR\"},{\"@type\":\"Organization\",\"@id\":\"https:\/\/capy-planet.com\/fr\/#organization\",\"name\":\"Plan\u00e8te Capy\",\"url\":\"https:\/\/capy-planet.com\/fr\/\",\"logo\":{\"@type\":\"ImageObject\",\"inLanguage\":\"fr-FR\",\"@id\":\"https:\/\/capy-planet.com\/fr\/#\/schema\/logo\/image\/\",\"url\":\"https:\/\/i0.wp.com\/capy-planet.com\/wp-content\/uploads\/sites\/2\/2025\/03\/Henri_Hardillier_Capybara_face_large_smile_big_white_kawaii_eyes_c795f5d3-126d-4c2b-bf35-82751b2d63bb-2.png?fit=705%2C705&ssl=1\",\"contentUrl\":\"https:\/\/i0.wp.com\/capy-planet.com\/wp-content\/uploads\/sites\/2\/2025\/03\/Henri_Hardillier_Capybara_face_large_smile_big_white_kawaii_eyes_c795f5d3-126d-4c2b-bf35-82751b2d63bb-2.png?fit=705%2C705&ssl=1\",\"width\":705,\"height\":705,\"caption\":\"Plan\u00e8te Capy\"},\"image\":{\"@id\":\"https:\/\/capy-planet.com\/fr\/#\/schema\/logo\/image\/\"},\"sameAs\":[\"https:\/\/www.facebook.com\/capy.planet\",\"https:\/\/www.instagram.com\/capy_planet_com\"]}]}<\/script>\n<!-- \/ Yoast SEO plugin. -->","yoast_head_json":{"title":"CapyPack \u2013 Sac \u00e0 dos USB tendance \u00e0 l'effigie du capybara | Spacieux, \u00e9l\u00e9gant et fonctionnel pour l'\u00e9cole et les voyages - Capy Planet","description":"\ud83c\udf92 CapyPack \u2013 Sac \u00e0 dos USB capybara adorable pour \u00e9cole, voyages et quotidien. \u00c9l\u00e9gant et pratique ! \u2728","robots":{"index":"index","follow":"follow","max-snippet":"max-snippet:-1","max-image-preview":"max-image-preview:large","max-video-preview":"max-video-preview:-1"},"canonical":"https:\/\/capy-planet.com\/fr\/shop\/capypack-sac-a-dos-usb-tendance-capybara-spacieux-elegant-et-fonctionnel-pour-lecole-et-les-voyages\/","og_locale":"fr_FR","og_type":"article","og_title":"CapyPack \u2013 Sac \u00e0 dos USB tendance \u00e0 l'effigie du capybara | Spacieux, \u00e9l\u00e9gant et fonctionnel pour l'\u00e9cole et les voyages - Capy Planet","og_description":"\ud83c\udf92 CapyPack \u2013 Sac \u00e0 dos USB capybara adorable pour \u00e9cole, voyages et quotidien. \u00c9l\u00e9gant et pratique ! \u2728","og_url":"https:\/\/capy-planet.com\/fr\/shop\/capypack-sac-a-dos-usb-tendance-capybara-spacieux-elegant-et-fonctionnel-pour-lecole-et-les-voyages\/","og_site_name":"Capy Planet","article_publisher":"https:\/\/www.facebook.com\/capy.planet","article_modified_time":"2025-04-17T14:38:38+00:00","og_image":[{"width":800,"height":800,"url":"https:\/\/i0.wp.com\/capy-planet.com\/wp-content\/uploads\/sites\/2\/2025\/03\/S03dc518bc88143ca879b25ce6fcaf0c2Y.webp?fit=800%2C800&ssl=1","type":"image\/webp"}],"twitter_card":"summary_large_image","twitter_misc":{"Dur\u00e9e de lecture estim\u00e9e":"1 minute"},"schema":{"@context":"https:\/\/schema.org","@graph":[{"@type":"WebPage","@id":"https:\/\/capy-planet.com\/fr\/shop\/capypack-sac-a-dos-usb-tendance-capybara-spacieux-elegant-et-fonctionnel-pour-lecole-et-les-voyages\/","url":"https:\/\/capy-planet.com\/fr\/shop\/capypack-sac-a-dos-usb-tendance-capybara-spacieux-elegant-et-fonctionnel-pour-lecole-et-les-voyages\/","name":"CapyPack \u2013 Sac \u00e0 dos USB tendance \u00e0 l'effigie du capybara | Spacieux, \u00e9l\u00e9gant et fonctionnel pour l'\u00e9cole et les voyages - Capy Planet","isPartOf":{"@id":"https:\/\/capy-planet.com\/fr\/#website"},"primaryImageOfPage":{"@id":"https:\/\/capy-planet.com\/fr\/shop\/capypack-sac-a-dos-usb-tendance-capybara-spacieux-elegant-et-fonctionnel-pour-lecole-et-les-voyages\/#primaryimage"},"image":{"@id":"https:\/\/capy-planet.com\/fr\/shop\/capypack-sac-a-dos-usb-tendance-capybara-spacieux-elegant-et-fonctionnel-pour-lecole-et-les-voyages\/#primaryimage"},"thumbnailUrl":"https:\/\/i0.wp.com\/capy-planet.com\/wp-content\/uploads\/sites\/2\/2025\/03\/S03dc518bc88143ca879b25ce6fcaf0c2Y.webp?fit=800%2C800&ssl=1","datePublished":"2025-03-31T04:39:41+00:00","dateModified":"2025-04-17T14:38:38+00:00","description":"\ud83c\udf92 CapyPack \u2013 Sac \u00e0 dos USB capybara adorable pour \u00e9cole, voyages et quotidien. \u00c9l\u00e9gant et pratique ! \u2728","breadcrumb":{"@id":"https:\/\/capy-planet.com\/fr\/shop\/capypack-sac-a-dos-usb-tendance-capybara-spacieux-elegant-et-fonctionnel-pour-lecole-et-les-voyages\/#breadcrumb"},"inLanguage":"fr-FR","potentialAction":[{"@type":"ReadAction","target":["https:\/\/capy-planet.com\/fr\/shop\/capypack-sac-a-dos-usb-tendance-capybara-spacieux-elegant-et-fonctionnel-pour-lecole-et-les-voyages\/"]}]},{"@type":"ImageObject","inLanguage":"fr-FR","@id":"https:\/\/capy-planet.com\/fr\/shop\/capypack-sac-a-dos-usb-tendance-capybara-spacieux-elegant-et-fonctionnel-pour-lecole-et-les-voyages\/#primaryimage","url":"https:\/\/i0.wp.com\/capy-planet.com\/wp-content\/uploads\/sites\/2\/2025\/03\/S03dc518bc88143ca879b25ce6fcaf0c2Y.webp?fit=800%2C800&ssl=1","contentUrl":"https:\/\/i0.wp.com\/capy-planet.com\/wp-content\/uploads\/sites\/2\/2025\/03\/S03dc518bc88143ca879b25ce6fcaf0c2Y.webp?fit=800%2C800&ssl=1","width":800,"height":800},{"@type":"BreadcrumbList","@id":"https:\/\/capy-planet.com\/fr\/shop\/capypack-sac-a-dos-usb-tendance-capybara-spacieux-elegant-et-fonctionnel-pour-lecole-et-les-voyages\/#breadcrumb","itemListElement":[{"@type":"ListItem","position":1,"name":"Home","item":"https:\/\/capy-planet.com\/fr\/home\/"},{"@type":"ListItem","position":2,"name":"Capy Shop","item":"https:\/\/capy-planet.com\/shop\/"},{"@type":"ListItem","position":3,"name":"CapyPack \u2013 Sac \u00e0 dos USB tendance \u00e0 l&#8217;effigie du capybara | Spacieux, \u00e9l\u00e9gant et fonctionnel pour l&#8217;\u00e9cole et les voyages"}]},{"@type":"WebSite","@id":"https:\/\/capy-planet.com\/fr\/#website","url":"https:\/\/capy-planet.com\/fr\/","name":"Capy Planet","description":"Adoptez la vibe Capybara !","publisher":{"@id":"https:\/\/capy-planet.com\/fr\/#organization"},"potentialAction":[{"@type":"SearchAction","target":{"@type":"EntryPoint","urlTemplate":"https:\/\/capy-planet.com\/fr\/?s={search_term_string}"},"query-input":{"@type":"PropertyValueSpecification","valueRequired":true,"valueName":"search_term_string"}}],"inLanguage":"fr-FR"},{"@type":"Organization","@id":"https:\/\/capy-planet.com\/fr\/#organization","name":"Plan\u00e8te Capy","url":"https:\/\/capy-planet.com\/fr\/","logo":{"@type":"ImageObject","inLanguage":"fr-FR","@id":"https:\/\/capy-planet.com\/fr\/#\/schema\/logo\/image\/","url":"https:\/\/i0.wp.com\/capy-planet.com\/wp-content\/uploads\/sites\/2\/2025\/03\/Henri_Hardillier_Capybara_face_large_smile_big_white_kawaii_eyes_c795f5d3-126d-4c2b-bf35-82751b2d63bb-2.png?fit=705%2C705&ssl=1","contentUrl":"https:\/\/i0.wp.com\/capy-planet.com\/wp-content\/uploads\/sites\/2\/2025\/03\/Henri_Hardillier_Capybara_face_large_smile_big_white_kawaii_eyes_c795f5d3-126d-4c2b-bf35-82751b2d63bb-2.png?fit=705%2C705&ssl=1","width":705,"height":705,"caption":"Plan\u00e8te Capy"},"image":{"@id":"https:\/\/capy-planet.com\/fr\/#\/schema\/logo\/image\/"},"sameAs":["https:\/\/www.facebook.com\/capy.planet","https:\/\/www.instagram.com\/capy_planet_com"]}]}},"jetpack_sharing_enabled":true,"_links":{"self":[{"href":"https:\/\/capy-planet.com\/fr\/wp-json\/wp\/v2\/product\/40859","targetHints":{"allow":["GET"]}}],"collection":[{"href":"https:\/\/capy-planet.com\/fr\/wp-json\/wp\/v2\/product"}],"about":[{"href":"https:\/\/capy-planet.com\/fr\/wp-json\/wp\/v2\/types\/product"}],"replies":[{"embeddable":true,"href":"https:\/\/capy-planet.com\/fr\/wp-json\/wp\/v2\/comments?post=40859"}],"wp:featuredmedia":[{"embeddable":true,"href":"https:\/\/capy-planet.com\/fr\/wp-json\/wp\/v2\/media\/40824"}],"wp:attachment":[{"href":"https:\/\/capy-planet.com\/fr\/wp-json\/wp\/v2\/media?parent=40859"}],"wp:term":[{"taxonomy":"product_brand","embeddable":true,"href":"https:\/\/capy-planet.com\/fr\/wp-json\/wp\/v2\/product_brand?post=40859"},{"taxonomy":"product_cat","embeddable":true,"href":"https:\/\/capy-planet.com\/fr\/wp-json\/wp\/v2\/product_cat?post=40859"},{"taxonomy":"product_tag","embeddable":true,"href":"https:\/\/capy-planet.com\/fr\/wp-json\/wp\/v2\/product_tag?post=40859"}],"curies":[{"name":"wp","href":"https:\/\/api.w.org\/{rel}","templated":true}]}}