{"id":40807,"date":"2025-03-31T11:35:21","date_gmt":"2025-03-31T04:35:21","guid":{"rendered":"https:\/\/capy-planet.com\/shop\/capypouch-sac-bandouliere-en-silicone-mignon-capybara-sac-a-main-impermeable-kawaii-et-tendance\/"},"modified":"2025-12-11T04:38:42","modified_gmt":"2025-12-10T20:38:42","slug":"capypouch-sac-bandouliere-en-silicone-mignon-capybara-sac-a-main-impermeable-kawaii-et-tendance","status":"publish","type":"product","link":"https:\/\/capy-planet.com\/fr\/shop\/capypouch-sac-bandouliere-en-silicone-mignon-capybara-sac-a-main-impermeable-kawaii-et-tendance\/","title":{"rendered":"CapyPouch \u2013 Sac bandouli\u00e8re en silicone mignon en forme de capybara | Imperm\u00e9able, kawaii et tendance"},"content":{"rendered":"<p class=\"\" data-start=\"214\" data-end=\"308\">\ud83d\udc5c\u2728 <strong data-start=\"218\" data-end=\"302\">Transportez la mignonnerie partout avec CapyPouch \u2013 Le sac bandouli\u00e8re adorable en forme de capybara !<\/strong> \u2728\ud83d\udc5c<\/p>\n<p class=\"\" data-start=\"310\" data-end=\"641\">Faites la connaissance de votre nouvel accessoire pr\u00e9f\u00e9r\u00e9 ! Le <strong data-start=\"356\" data-end=\"370\">CapyPouch<\/strong> est un <strong data-start=\"376\" data-end=\"419\">sac bandouli\u00e8re super mignon et fonctionnel<\/strong> en forme d&rsquo;adorable capybara. Fabriqu\u00e9 en <strong data-start=\"462\" data-end=\"493\">silicone imperm\u00e9able de premi\u00e8re qualit\u00e9<\/strong>, ce <strong data-start=\"500\" data-end=\"533\">sac \u00e0 main l\u00e9ger et \u00e9l\u00e9gant<\/strong> est parfait pour les enfants, les adolescents et les amateurs de capybaras qui souhaitent ajouter une touche de charme kawaii \u00e0 leurs tenues.  <\/p>\n<p class=\"\" data-start=\"643\" data-end=\"1141\">\ud83d\udc96 <strong data-start=\"646\" data-end=\"677\">Pourquoi allez-vous adorer CapyPouch ?<\/strong><br data-start=\"677\" data-end=\"680\">\u2714 <strong data-start=\"682\" data-end=\"710\">Conception unique et adorable<\/strong> \u2013 Une forme de capybara mignon qui apporte de la joie \u00e0 chaque tenue !<br data-start=\"767\" data-end=\"770\">\u2714 <strong data-start=\"772\" data-end=\"796\">\u00c9tanche et durable<\/strong> \u2013 Fabriqu\u00e9 en silicone de haute qualit\u00e9 pour prot\u00e9ger vos effets essentiels.<br data-start=\"858\" data-end=\"861\">\u2714 <strong data-start=\"863\" data-end=\"897\">Bandouli\u00e8re confortable et ajustable<\/strong> \u2013 Douce, l\u00e9g\u00e8re et facile \u00e0 porter.<br data-start=\"937\" data-end=\"940\">\u2714 <strong data-start=\"942\" data-end=\"966\">Spacieux et pratique<\/strong> \u2013 Accueille sans effort votre t\u00e9l\u00e9phone, vos pi\u00e8ces de monnaie, vos cl\u00e9s et vos petits accessoires.<br data-start=\"1034\" data-end=\"1037\">\u2714 <strong data-start=\"1039\" data-end=\"1060\">Id\u00e9e de cadeau parfaite<\/strong> \u2013 Un incontournable pour les fans de capybaras, les amateurs d&rsquo;anime et les passionn\u00e9s de mode kawaii !<\/p>\n<p class=\"\" data-start=\"1143\" data-end=\"1245\">\ud83c\udf08 <strong data-start=\"1146\" data-end=\"1237\">Exprimez votre amour pour les capybaras de la mani\u00e8re la plus mignonne qui soit \u2013 Procurez-vous votre CapyPouch d\u00e8s aujourd&rsquo;hui !<\/strong> \ud83d\udecd\ufe0f\ud83d\udc96<\/p>\n","protected":false},"excerpt":{"rendered":"<p>\ud83d\udc5c <strong data-start=\"1311\" data-end=\"1373\">CapyPouch \u2013 Le plus mignon des sacs bandouli\u00e8re imperm\u00e9ables en forme de capybara !<\/strong> L\u00e9ger, \u00e9l\u00e9gant et parfait pour les amateurs de capybaras, les enfants et les fans de mode kawaii ! \ud83c\udf80\u2728 <\/p>\n","protected":false},"featured_media":40772,"comment_status":"open","ping_status":"closed","template":"","meta":[],"product_brand":[],"product_cat":[1701],"product_tag":[707,666,1345,958,1341,1343,1340,1346,1344,1342],"class_list":{"0":"post-40807","1":"product","2":"type-product","3":"status-publish","4":"has-post-thumbnail","6":"product_cat-capy-bags-fr","7":"product_tag-capybara-accessories-fr","8":"product_tag-capybara-gift-fr","9":"product_tag-petit-sac-a-main-kawaii","10":"product_tag-sac-a-bandouliere-tendance","11":"product_tag-sac-a-main-kawaii","12":"product_tag-sac-impermeable-pour-animaux","13":"product_tag-sac-bandouliere-capybara","14":"product_tag-sac-bandouliere-esthetique","15":"product_tag-sac-de-mode-de-dessin-anime","16":"product_tag-joli-sac-en-silicone","18":"first","19":"instock","20":"sale","21":"shipping-taxable","22":"purchasable","23":"product-type-variable"},"yoast_head":"<!-- This site is optimized with the Yoast SEO plugin v27.0 - https:\/\/yoast.com\/product\/yoast-seo-wordpress\/ -->\n<title>CapyPouch \u2013 Sac bandouli\u00e8re en silicone mignon en forme de capybara | Imperm\u00e9able, kawaii et tendance - Capy Planet<\/title>\n<meta name=\"description\" content=\"\ud83d\udc5c CapyPouch \u2013 Sac capybara \u00e9tanche adorable ! Parfait pour fans de capybaras et mode kawaii ! \ud83c\udf80\u2728\" \/>\n<meta name=\"robots\" content=\"index, follow, max-snippet:-1, max-image-preview:large, max-video-preview:-1\" \/>\n<link rel=\"canonical\" href=\"https:\/\/capy-planet.com\/fr\/shop\/capypouch-sac-bandouliere-en-silicone-mignon-capybara-sac-a-main-impermeable-kawaii-et-tendance\/\" \/>\n<meta property=\"og:locale\" content=\"fr_FR\" \/>\n<meta property=\"og:type\" content=\"article\" \/>\n<meta property=\"og:title\" content=\"CapyPouch \u2013 Sac bandouli\u00e8re en silicone mignon en forme de capybara | Imperm\u00e9able, kawaii et tendance - Capy Planet\" \/>\n<meta property=\"og:description\" content=\"\ud83d\udc5c CapyPouch \u2013 Sac capybara \u00e9tanche adorable ! Parfait pour fans de capybaras et mode kawaii ! \ud83c\udf80\u2728\" \/>\n<meta property=\"og:url\" content=\"https:\/\/capy-planet.com\/fr\/shop\/capypouch-sac-bandouliere-en-silicone-mignon-capybara-sac-a-main-impermeable-kawaii-et-tendance\/\" \/>\n<meta property=\"og:site_name\" content=\"Capy Planet\" \/>\n<meta property=\"article:publisher\" content=\"https:\/\/www.facebook.com\/capy.planet\" \/>\n<meta property=\"article:modified_time\" content=\"2025-12-10T20:38:42+00:00\" \/>\n<meta property=\"og:image\" content=\"https:\/\/i0.wp.com\/capy-planet.com\/wp-content\/uploads\/sites\/2\/2025\/03\/S4000d1ca055e4c59bd829ac74dd504a0T.webp?fit=1000%2C1000&ssl=1\" \/>\n\t<meta property=\"og:image:width\" content=\"1000\" \/>\n\t<meta property=\"og:image:height\" content=\"1000\" \/>\n\t<meta property=\"og:image:type\" content=\"image\/webp\" \/>\n<meta name=\"twitter:card\" content=\"summary_large_image\" \/>\n<meta name=\"twitter:label1\" content=\"Dur\u00e9e de lecture estim\u00e9e\" \/>\n\t<meta name=\"twitter:data1\" content=\"1 minute\" \/>\n<script type=\"application\/ld+json\" class=\"yoast-schema-graph\">{\"@context\":\"https:\/\/schema.org\",\"@graph\":[{\"@type\":\"WebPage\",\"@id\":\"https:\/\/capy-planet.com\/fr\/shop\/capypouch-sac-bandouliere-en-silicone-mignon-capybara-sac-a-main-impermeable-kawaii-et-tendance\/\",\"url\":\"https:\/\/capy-planet.com\/fr\/shop\/capypouch-sac-bandouliere-en-silicone-mignon-capybara-sac-a-main-impermeable-kawaii-et-tendance\/\",\"name\":\"CapyPouch \u2013 Sac bandouli\u00e8re en silicone mignon en forme de capybara | Imperm\u00e9able, kawaii et tendance - Capy Planet\",\"isPartOf\":{\"@id\":\"https:\/\/capy-planet.com\/fr\/#website\"},\"primaryImageOfPage\":{\"@id\":\"https:\/\/capy-planet.com\/fr\/shop\/capypouch-sac-bandouliere-en-silicone-mignon-capybara-sac-a-main-impermeable-kawaii-et-tendance\/#primaryimage\"},\"image\":{\"@id\":\"https:\/\/capy-planet.com\/fr\/shop\/capypouch-sac-bandouliere-en-silicone-mignon-capybara-sac-a-main-impermeable-kawaii-et-tendance\/#primaryimage\"},\"thumbnailUrl\":\"https:\/\/i0.wp.com\/capy-planet.com\/wp-content\/uploads\/sites\/2\/2025\/03\/S4000d1ca055e4c59bd829ac74dd504a0T.webp?fit=1000%2C1000&ssl=1\",\"datePublished\":\"2025-03-31T04:35:21+00:00\",\"dateModified\":\"2025-12-10T20:38:42+00:00\",\"description\":\"\ud83d\udc5c CapyPouch \u2013 Sac capybara \u00e9tanche adorable ! Parfait pour fans de capybaras et mode kawaii ! \ud83c\udf80\u2728\",\"breadcrumb\":{\"@id\":\"https:\/\/capy-planet.com\/fr\/shop\/capypouch-sac-bandouliere-en-silicone-mignon-capybara-sac-a-main-impermeable-kawaii-et-tendance\/#breadcrumb\"},\"inLanguage\":\"fr-FR\",\"potentialAction\":[{\"@type\":\"ReadAction\",\"target\":[\"https:\/\/capy-planet.com\/fr\/shop\/capypouch-sac-bandouliere-en-silicone-mignon-capybara-sac-a-main-impermeable-kawaii-et-tendance\/\"]}]},{\"@type\":\"ImageObject\",\"inLanguage\":\"fr-FR\",\"@id\":\"https:\/\/capy-planet.com\/fr\/shop\/capypouch-sac-bandouliere-en-silicone-mignon-capybara-sac-a-main-impermeable-kawaii-et-tendance\/#primaryimage\",\"url\":\"https:\/\/i0.wp.com\/capy-planet.com\/wp-content\/uploads\/sites\/2\/2025\/03\/S4000d1ca055e4c59bd829ac74dd504a0T.webp?fit=1000%2C1000&ssl=1\",\"contentUrl\":\"https:\/\/i0.wp.com\/capy-planet.com\/wp-content\/uploads\/sites\/2\/2025\/03\/S4000d1ca055e4c59bd829ac74dd504a0T.webp?fit=1000%2C1000&ssl=1\",\"width\":1000,\"height\":1000},{\"@type\":\"BreadcrumbList\",\"@id\":\"https:\/\/capy-planet.com\/fr\/shop\/capypouch-sac-bandouliere-en-silicone-mignon-capybara-sac-a-main-impermeable-kawaii-et-tendance\/#breadcrumb\",\"itemListElement\":[{\"@type\":\"ListItem\",\"position\":1,\"name\":\"Home\",\"item\":\"https:\/\/capy-planet.com\/fr\/home\/\"},{\"@type\":\"ListItem\",\"position\":2,\"name\":\"Capy Shop\",\"item\":\"https:\/\/capy-planet.com\/shop\/\"},{\"@type\":\"ListItem\",\"position\":3,\"name\":\"CapyPouch \u2013 Sac bandouli\u00e8re en silicone mignon en forme de capybara | Imperm\u00e9able, kawaii et tendance\"}]},{\"@type\":\"WebSite\",\"@id\":\"https:\/\/capy-planet.com\/fr\/#website\",\"url\":\"https:\/\/capy-planet.com\/fr\/\",\"name\":\"Capy Planet\",\"description\":\"Adoptez la vibe Capybara !\",\"publisher\":{\"@id\":\"https:\/\/capy-planet.com\/fr\/#organization\"},\"potentialAction\":[{\"@type\":\"SearchAction\",\"target\":{\"@type\":\"EntryPoint\",\"urlTemplate\":\"https:\/\/capy-planet.com\/fr\/?s={search_term_string}\"},\"query-input\":{\"@type\":\"PropertyValueSpecification\",\"valueRequired\":true,\"valueName\":\"search_term_string\"}}],\"inLanguage\":\"fr-FR\"},{\"@type\":\"Organization\",\"@id\":\"https:\/\/capy-planet.com\/fr\/#organization\",\"name\":\"Plan\u00e8te Capy\",\"url\":\"https:\/\/capy-planet.com\/fr\/\",\"logo\":{\"@type\":\"ImageObject\",\"inLanguage\":\"fr-FR\",\"@id\":\"https:\/\/capy-planet.com\/fr\/#\/schema\/logo\/image\/\",\"url\":\"https:\/\/i0.wp.com\/capy-planet.com\/wp-content\/uploads\/sites\/2\/2025\/03\/Henri_Hardillier_Capybara_face_large_smile_big_white_kawaii_eyes_c795f5d3-126d-4c2b-bf35-82751b2d63bb-2.png?fit=705%2C705&ssl=1\",\"contentUrl\":\"https:\/\/i0.wp.com\/capy-planet.com\/wp-content\/uploads\/sites\/2\/2025\/03\/Henri_Hardillier_Capybara_face_large_smile_big_white_kawaii_eyes_c795f5d3-126d-4c2b-bf35-82751b2d63bb-2.png?fit=705%2C705&ssl=1\",\"width\":705,\"height\":705,\"caption\":\"Plan\u00e8te Capy\"},\"image\":{\"@id\":\"https:\/\/capy-planet.com\/fr\/#\/schema\/logo\/image\/\"},\"sameAs\":[\"https:\/\/www.facebook.com\/capy.planet\",\"https:\/\/www.instagram.com\/capy_planet_com\"]}]}<\/script>\n<!-- \/ Yoast SEO plugin. -->","yoast_head_json":{"title":"CapyPouch \u2013 Sac bandouli\u00e8re en silicone mignon en forme de capybara | Imperm\u00e9able, kawaii et tendance - Capy Planet","description":"\ud83d\udc5c CapyPouch \u2013 Sac capybara \u00e9tanche adorable ! Parfait pour fans de capybaras et mode kawaii ! \ud83c\udf80\u2728","robots":{"index":"index","follow":"follow","max-snippet":"max-snippet:-1","max-image-preview":"max-image-preview:large","max-video-preview":"max-video-preview:-1"},"canonical":"https:\/\/capy-planet.com\/fr\/shop\/capypouch-sac-bandouliere-en-silicone-mignon-capybara-sac-a-main-impermeable-kawaii-et-tendance\/","og_locale":"fr_FR","og_type":"article","og_title":"CapyPouch \u2013 Sac bandouli\u00e8re en silicone mignon en forme de capybara | Imperm\u00e9able, kawaii et tendance - Capy Planet","og_description":"\ud83d\udc5c CapyPouch \u2013 Sac capybara \u00e9tanche adorable ! Parfait pour fans de capybaras et mode kawaii ! \ud83c\udf80\u2728","og_url":"https:\/\/capy-planet.com\/fr\/shop\/capypouch-sac-bandouliere-en-silicone-mignon-capybara-sac-a-main-impermeable-kawaii-et-tendance\/","og_site_name":"Capy Planet","article_publisher":"https:\/\/www.facebook.com\/capy.planet","article_modified_time":"2025-12-10T20:38:42+00:00","og_image":[{"width":1000,"height":1000,"url":"https:\/\/i0.wp.com\/capy-planet.com\/wp-content\/uploads\/sites\/2\/2025\/03\/S4000d1ca055e4c59bd829ac74dd504a0T.webp?fit=1000%2C1000&ssl=1","type":"image\/webp"}],"twitter_card":"summary_large_image","twitter_misc":{"Dur\u00e9e de lecture estim\u00e9e":"1 minute"},"schema":{"@context":"https:\/\/schema.org","@graph":[{"@type":"WebPage","@id":"https:\/\/capy-planet.com\/fr\/shop\/capypouch-sac-bandouliere-en-silicone-mignon-capybara-sac-a-main-impermeable-kawaii-et-tendance\/","url":"https:\/\/capy-planet.com\/fr\/shop\/capypouch-sac-bandouliere-en-silicone-mignon-capybara-sac-a-main-impermeable-kawaii-et-tendance\/","name":"CapyPouch \u2013 Sac bandouli\u00e8re en silicone mignon en forme de capybara | Imperm\u00e9able, kawaii et tendance - Capy Planet","isPartOf":{"@id":"https:\/\/capy-planet.com\/fr\/#website"},"primaryImageOfPage":{"@id":"https:\/\/capy-planet.com\/fr\/shop\/capypouch-sac-bandouliere-en-silicone-mignon-capybara-sac-a-main-impermeable-kawaii-et-tendance\/#primaryimage"},"image":{"@id":"https:\/\/capy-planet.com\/fr\/shop\/capypouch-sac-bandouliere-en-silicone-mignon-capybara-sac-a-main-impermeable-kawaii-et-tendance\/#primaryimage"},"thumbnailUrl":"https:\/\/i0.wp.com\/capy-planet.com\/wp-content\/uploads\/sites\/2\/2025\/03\/S4000d1ca055e4c59bd829ac74dd504a0T.webp?fit=1000%2C1000&ssl=1","datePublished":"2025-03-31T04:35:21+00:00","dateModified":"2025-12-10T20:38:42+00:00","description":"\ud83d\udc5c CapyPouch \u2013 Sac capybara \u00e9tanche adorable ! Parfait pour fans de capybaras et mode kawaii ! \ud83c\udf80\u2728","breadcrumb":{"@id":"https:\/\/capy-planet.com\/fr\/shop\/capypouch-sac-bandouliere-en-silicone-mignon-capybara-sac-a-main-impermeable-kawaii-et-tendance\/#breadcrumb"},"inLanguage":"fr-FR","potentialAction":[{"@type":"ReadAction","target":["https:\/\/capy-planet.com\/fr\/shop\/capypouch-sac-bandouliere-en-silicone-mignon-capybara-sac-a-main-impermeable-kawaii-et-tendance\/"]}]},{"@type":"ImageObject","inLanguage":"fr-FR","@id":"https:\/\/capy-planet.com\/fr\/shop\/capypouch-sac-bandouliere-en-silicone-mignon-capybara-sac-a-main-impermeable-kawaii-et-tendance\/#primaryimage","url":"https:\/\/i0.wp.com\/capy-planet.com\/wp-content\/uploads\/sites\/2\/2025\/03\/S4000d1ca055e4c59bd829ac74dd504a0T.webp?fit=1000%2C1000&ssl=1","contentUrl":"https:\/\/i0.wp.com\/capy-planet.com\/wp-content\/uploads\/sites\/2\/2025\/03\/S4000d1ca055e4c59bd829ac74dd504a0T.webp?fit=1000%2C1000&ssl=1","width":1000,"height":1000},{"@type":"BreadcrumbList","@id":"https:\/\/capy-planet.com\/fr\/shop\/capypouch-sac-bandouliere-en-silicone-mignon-capybara-sac-a-main-impermeable-kawaii-et-tendance\/#breadcrumb","itemListElement":[{"@type":"ListItem","position":1,"name":"Home","item":"https:\/\/capy-planet.com\/fr\/home\/"},{"@type":"ListItem","position":2,"name":"Capy Shop","item":"https:\/\/capy-planet.com\/shop\/"},{"@type":"ListItem","position":3,"name":"CapyPouch \u2013 Sac bandouli\u00e8re en silicone mignon en forme de capybara | Imperm\u00e9able, kawaii et tendance"}]},{"@type":"WebSite","@id":"https:\/\/capy-planet.com\/fr\/#website","url":"https:\/\/capy-planet.com\/fr\/","name":"Capy Planet","description":"Adoptez la vibe Capybara !","publisher":{"@id":"https:\/\/capy-planet.com\/fr\/#organization"},"potentialAction":[{"@type":"SearchAction","target":{"@type":"EntryPoint","urlTemplate":"https:\/\/capy-planet.com\/fr\/?s={search_term_string}"},"query-input":{"@type":"PropertyValueSpecification","valueRequired":true,"valueName":"search_term_string"}}],"inLanguage":"fr-FR"},{"@type":"Organization","@id":"https:\/\/capy-planet.com\/fr\/#organization","name":"Plan\u00e8te Capy","url":"https:\/\/capy-planet.com\/fr\/","logo":{"@type":"ImageObject","inLanguage":"fr-FR","@id":"https:\/\/capy-planet.com\/fr\/#\/schema\/logo\/image\/","url":"https:\/\/i0.wp.com\/capy-planet.com\/wp-content\/uploads\/sites\/2\/2025\/03\/Henri_Hardillier_Capybara_face_large_smile_big_white_kawaii_eyes_c795f5d3-126d-4c2b-bf35-82751b2d63bb-2.png?fit=705%2C705&ssl=1","contentUrl":"https:\/\/i0.wp.com\/capy-planet.com\/wp-content\/uploads\/sites\/2\/2025\/03\/Henri_Hardillier_Capybara_face_large_smile_big_white_kawaii_eyes_c795f5d3-126d-4c2b-bf35-82751b2d63bb-2.png?fit=705%2C705&ssl=1","width":705,"height":705,"caption":"Plan\u00e8te Capy"},"image":{"@id":"https:\/\/capy-planet.com\/fr\/#\/schema\/logo\/image\/"},"sameAs":["https:\/\/www.facebook.com\/capy.planet","https:\/\/www.instagram.com\/capy_planet_com"]}]}},"jetpack_sharing_enabled":true,"_links":{"self":[{"href":"https:\/\/capy-planet.com\/fr\/wp-json\/wp\/v2\/product\/40807","targetHints":{"allow":["GET"]}}],"collection":[{"href":"https:\/\/capy-planet.com\/fr\/wp-json\/wp\/v2\/product"}],"about":[{"href":"https:\/\/capy-planet.com\/fr\/wp-json\/wp\/v2\/types\/product"}],"replies":[{"embeddable":true,"href":"https:\/\/capy-planet.com\/fr\/wp-json\/wp\/v2\/comments?post=40807"}],"wp:featuredmedia":[{"embeddable":true,"href":"https:\/\/capy-planet.com\/fr\/wp-json\/wp\/v2\/media\/40772"}],"wp:attachment":[{"href":"https:\/\/capy-planet.com\/fr\/wp-json\/wp\/v2\/media?parent=40807"}],"wp:term":[{"taxonomy":"product_brand","embeddable":true,"href":"https:\/\/capy-planet.com\/fr\/wp-json\/wp\/v2\/product_brand?post=40807"},{"taxonomy":"product_cat","embeddable":true,"href":"https:\/\/capy-planet.com\/fr\/wp-json\/wp\/v2\/product_cat?post=40807"},{"taxonomy":"product_tag","embeddable":true,"href":"https:\/\/capy-planet.com\/fr\/wp-json\/wp\/v2\/product_tag?post=40807"}],"curies":[{"name":"wp","href":"https:\/\/api.w.org\/{rel}","templated":true}]}}