{"id":40589,"date":"2025-03-26T15:44:22","date_gmt":"2025-03-26T08:44:22","guid":{"rendered":"https:\/\/capy-planet.com\/shop\/capybag-sac-a-main-en-peluche-capybara-adorable-sac-bandouliere-et-besace-pour-un-look-adorable-au-quotidien\/"},"modified":"2025-04-17T21:38:48","modified_gmt":"2025-04-17T14:38:48","slug":"capybag-sac-a-main-en-peluche-capybara-adorable-sac-bandouliere-et-besace-pour-un-look-adorable-au-quotidien","status":"publish","type":"product","link":"https:\/\/capy-planet.com\/fr\/shop\/capybag-sac-a-main-en-peluche-capybara-adorable-sac-bandouliere-et-besace-pour-un-look-adorable-au-quotidien\/","title":{"rendered":"CapyBag \u2013 Sac \u00e0 Main Peluche Capybara Moelleux | Sac \u00e0 Bandouli\u00e8re et Besace Adorable pour une \u00c9l\u00e9gance Quotidienne"},"content":{"rendered":"<p class=\"\" data-start=\"218\" data-end=\"279\">\ud83d\udc39\u2728 <strong data-start=\"222\" data-end=\"273\">Blottissez-vous avec le Sac le Plus Mignon qui Soit \u2013 CapyBag !<\/strong> \u2728\ud83d\udc39<\/p>\n<p class=\"\" data-start=\"281\" data-end=\"709\">Attirez les regards et <strong data-start=\"296\" data-end=\"330\">transportez vos effets personnels avec style<\/strong> gr\u00e2ce \u00e0 <strong data-start=\"336\" data-end=\"348\">CapyBag<\/strong>, le <strong data-start=\"354\" data-end=\"389\">charmant sac \u00e0 main en peluche capybara<\/strong> ! Doux, moelleux et <strong data-start=\"409\" data-end=\"431\">irr\u00e9sistiblement mignon<\/strong>, ce <strong data-start=\"447\" data-end=\"479\">sac \u00e0 bandouli\u00e8re spacieux de type besace<\/strong> est con\u00e7u pour ceux qui appr\u00e9cient <strong data-start=\"511\" data-end=\"554\">l&rsquo;esth\u00e9tique douillette et les accessoires ludiques<\/strong>. Que vous sortiez pour une journ\u00e9e d\u00e9contract\u00e9e, une rencontre amusante, ou que vous souhaitiez simplement ajouter une touche de <strong data-start=\"640\" data-end=\"658\">charme capybara<\/strong>, ce sac est <strong data-start=\"677\" data-end=\"707\">votre compagnon de mode id\u00e9al !<\/strong> <\/p>\n<p class=\"\" data-start=\"711\" data-end=\"1111\">\ud83c\udf1f <strong data-start=\"714\" data-end=\"743\">Pourquoi allez-vous adorer CapyBag ?<\/strong><br data-start=\"743\" data-end=\"746\">\u2714 <strong data-start=\"748\" data-end=\"777\">Mat\u00e9riau en peluche ultra-doux<\/strong> \u2013 C\u00e2linable et confortable \u00e0 porter.<br data-start=\"808\" data-end=\"811\">\u2714 <strong data-start=\"813\" data-end=\"837\">Spacieux et pratique<\/strong> \u2013 Peut contenir votre t\u00e9l\u00e9phone, portefeuille, maquillage et plus encore.<br data-start=\"882\" data-end=\"885\">\u2714 <strong data-start=\"887\" data-end=\"915\">Design adorable de capybara<\/strong> \u2013 Choisissez entre le rose mignon ou le brun classique !<br data-start=\"957\" data-end=\"960\">\u2714 <strong data-start=\"962\" data-end=\"991\">L\u00e9ger et confortable<\/strong> \u2013 Parfait pour une utilisation quotidienne ou en voyage.<br data-start=\"1029\" data-end=\"1032\">\u2714 <strong data-start=\"1034\" data-end=\"1060\">L&rsquo;id\u00e9e cadeau ultime<\/strong> \u2013 Un incontournable pour les amateurs de capybaras et les fans de kawaii !<\/p>\n<p class=\"\" data-start=\"1113\" data-end=\"1197\">\ud83c\udf92 <strong data-start=\"1116\" data-end=\"1190\">Ajoutez une touche de fantaisie moelleuse \u00e0 votre garde-robe avec CapyBag \u2013 procurez-vous le v\u00f4tre d\u00e8s aujourd&rsquo;hui !<\/strong> \ud83d\udc3e\ud83d\udc96<\/p>\n","protected":false},"excerpt":{"rendered":"<p>\ud83d\udc39\ud83d\udcbc <strong data-start=\"1265\" data-end=\"1314\">CapyBag \u2013 Le plus mignon des sacs \u00e0 main en peluche capybara !<\/strong> Sac besace doux, moelleux et spacieux pour vos essentiels quotidiens. Parfait pour les amateurs de capybaras et la mode kawaii. <\/p>\n","protected":false},"featured_media":40548,"comment_status":"open","ping_status":"closed","template":"","meta":[],"product_brand":[],"product_cat":[1701],"product_tag":[707,666,1269,1272,1274,1271,1270,1273,1055,1275],"class_list":{"0":"post-40589","1":"product","2":"type-product","3":"status-publish","4":"has-post-thumbnail","6":"product_cat-capy-bags-fr","7":"product_tag-capybara-accessories-fr","8":"product_tag-capybara-gift-fr","9":"product_tag-sac-a-bandouliere-kawaii","10":"product_tag-sac-esthetique-confortable","11":"product_tag-sac-a-main-animal-tendance","12":"product_tag-sac-a-main-moelleux","13":"product_tag-joli-sac-messager","14":"product_tag-sac-de-mode-en-peluche","15":"product_tag-sac-en-peluche-capybara","16":"product_tag-sac-fourre-tout-souple","18":"first","19":"instock","20":"sale","21":"shipping-taxable","22":"purchasable","23":"product-type-variable"},"yoast_head":"<!-- This site is optimized with the Yoast SEO plugin v27.0 - https:\/\/yoast.com\/product\/yoast-seo-wordpress\/ -->\n<title>CapyBag \u2013 Sac \u00e0 Main Peluche Capybara Moelleux | Sac \u00e0 Bandouli\u00e8re et Besace Adorable pour une \u00c9l\u00e9gance Quotidienne - Capy Planet<\/title>\n<meta name=\"description\" content=\"\ud83d\udc39\ud83d\udcbc CapyBag \u2013 Le sac \u00e0 main en peluche de capybara le plus adorable ! Un sac bandouli\u00e8re doux, moelleux et spacieux pour vos effets personnels quotidiens. Parfait pour les amateurs de capybaras et de mode kawaii.\" \/>\n<meta name=\"robots\" content=\"index, follow, max-snippet:-1, max-image-preview:large, max-video-preview:-1\" \/>\n<link rel=\"canonical\" href=\"https:\/\/capy-planet.com\/fr\/shop\/capybag-sac-a-main-en-peluche-capybara-adorable-sac-bandouliere-et-besace-pour-un-look-adorable-au-quotidien\/\" \/>\n<meta property=\"og:locale\" content=\"fr_FR\" \/>\n<meta property=\"og:type\" content=\"article\" \/>\n<meta property=\"og:title\" content=\"CapyBag \u2013 Sac \u00e0 Main Peluche Capybara Moelleux | Sac \u00e0 Bandouli\u00e8re et Besace Adorable pour une \u00c9l\u00e9gance Quotidienne - Capy Planet\" \/>\n<meta property=\"og:description\" content=\"\ud83d\udc39\ud83d\udcbc CapyBag \u2013 Le sac \u00e0 main en peluche de capybara le plus adorable ! Un sac bandouli\u00e8re doux, moelleux et spacieux pour vos effets personnels quotidiens. Parfait pour les amateurs de capybaras et de mode kawaii.\" \/>\n<meta property=\"og:url\" content=\"https:\/\/capy-planet.com\/fr\/shop\/capybag-sac-a-main-en-peluche-capybara-adorable-sac-bandouliere-et-besace-pour-un-look-adorable-au-quotidien\/\" \/>\n<meta property=\"og:site_name\" content=\"Capy Planet\" \/>\n<meta property=\"article:publisher\" content=\"https:\/\/www.facebook.com\/capy.planet\" \/>\n<meta property=\"article:modified_time\" content=\"2025-04-17T14:38:48+00:00\" \/>\n<meta property=\"og:image\" content=\"https:\/\/i0.wp.com\/capy-planet.com\/wp-content\/uploads\/sites\/2\/2025\/03\/S2a86d827dc17441f961b1c1447b3104aY-1.webp?fit=800%2C800&ssl=1\" \/>\n\t<meta property=\"og:image:width\" content=\"800\" \/>\n\t<meta property=\"og:image:height\" content=\"800\" \/>\n\t<meta property=\"og:image:type\" content=\"image\/webp\" \/>\n<meta name=\"twitter:card\" content=\"summary_large_image\" \/>\n<meta name=\"twitter:label1\" content=\"Dur\u00e9e de lecture estim\u00e9e\" \/>\n\t<meta name=\"twitter:data1\" content=\"1 minute\" \/>\n<script type=\"application\/ld+json\" class=\"yoast-schema-graph\">{\"@context\":\"https:\/\/schema.org\",\"@graph\":[{\"@type\":\"WebPage\",\"@id\":\"https:\/\/capy-planet.com\/fr\/shop\/capybag-sac-a-main-en-peluche-capybara-adorable-sac-bandouliere-et-besace-pour-un-look-adorable-au-quotidien\/\",\"url\":\"https:\/\/capy-planet.com\/fr\/shop\/capybag-sac-a-main-en-peluche-capybara-adorable-sac-bandouliere-et-besace-pour-un-look-adorable-au-quotidien\/\",\"name\":\"CapyBag \u2013 Sac \u00e0 Main Peluche Capybara Moelleux | Sac \u00e0 Bandouli\u00e8re et Besace Adorable pour une \u00c9l\u00e9gance Quotidienne - Capy Planet\",\"isPartOf\":{\"@id\":\"https:\/\/capy-planet.com\/fr\/#website\"},\"primaryImageOfPage\":{\"@id\":\"https:\/\/capy-planet.com\/fr\/shop\/capybag-sac-a-main-en-peluche-capybara-adorable-sac-bandouliere-et-besace-pour-un-look-adorable-au-quotidien\/#primaryimage\"},\"image\":{\"@id\":\"https:\/\/capy-planet.com\/fr\/shop\/capybag-sac-a-main-en-peluche-capybara-adorable-sac-bandouliere-et-besace-pour-un-look-adorable-au-quotidien\/#primaryimage\"},\"thumbnailUrl\":\"https:\/\/i0.wp.com\/capy-planet.com\/wp-content\/uploads\/sites\/2\/2025\/03\/S2a86d827dc17441f961b1c1447b3104aY-1.webp?fit=800%2C800&ssl=1\",\"datePublished\":\"2025-03-26T08:44:22+00:00\",\"dateModified\":\"2025-04-17T14:38:48+00:00\",\"description\":\"\ud83d\udc39\ud83d\udcbc CapyBag \u2013 Le sac \u00e0 main en peluche de capybara le plus adorable ! Un sac bandouli\u00e8re doux, moelleux et spacieux pour vos effets personnels quotidiens. Parfait pour les amateurs de capybaras et de mode kawaii.\",\"breadcrumb\":{\"@id\":\"https:\/\/capy-planet.com\/fr\/shop\/capybag-sac-a-main-en-peluche-capybara-adorable-sac-bandouliere-et-besace-pour-un-look-adorable-au-quotidien\/#breadcrumb\"},\"inLanguage\":\"fr-FR\",\"potentialAction\":[{\"@type\":\"ReadAction\",\"target\":[\"https:\/\/capy-planet.com\/fr\/shop\/capybag-sac-a-main-en-peluche-capybara-adorable-sac-bandouliere-et-besace-pour-un-look-adorable-au-quotidien\/\"]}]},{\"@type\":\"ImageObject\",\"inLanguage\":\"fr-FR\",\"@id\":\"https:\/\/capy-planet.com\/fr\/shop\/capybag-sac-a-main-en-peluche-capybara-adorable-sac-bandouliere-et-besace-pour-un-look-adorable-au-quotidien\/#primaryimage\",\"url\":\"https:\/\/i0.wp.com\/capy-planet.com\/wp-content\/uploads\/sites\/2\/2025\/03\/S2a86d827dc17441f961b1c1447b3104aY-1.webp?fit=800%2C800&ssl=1\",\"contentUrl\":\"https:\/\/i0.wp.com\/capy-planet.com\/wp-content\/uploads\/sites\/2\/2025\/03\/S2a86d827dc17441f961b1c1447b3104aY-1.webp?fit=800%2C800&ssl=1\",\"width\":800,\"height\":800},{\"@type\":\"BreadcrumbList\",\"@id\":\"https:\/\/capy-planet.com\/fr\/shop\/capybag-sac-a-main-en-peluche-capybara-adorable-sac-bandouliere-et-besace-pour-un-look-adorable-au-quotidien\/#breadcrumb\",\"itemListElement\":[{\"@type\":\"ListItem\",\"position\":1,\"name\":\"Home\",\"item\":\"https:\/\/capy-planet.com\/fr\/home\/\"},{\"@type\":\"ListItem\",\"position\":2,\"name\":\"Capy Shop\",\"item\":\"https:\/\/capy-planet.com\/shop\/\"},{\"@type\":\"ListItem\",\"position\":3,\"name\":\"CapyBag \u2013 Sac \u00e0 Main Peluche Capybara Moelleux | Sac \u00e0 Bandouli\u00e8re et Besace Adorable pour une \u00c9l\u00e9gance Quotidienne\"}]},{\"@type\":\"WebSite\",\"@id\":\"https:\/\/capy-planet.com\/fr\/#website\",\"url\":\"https:\/\/capy-planet.com\/fr\/\",\"name\":\"Capy Planet\",\"description\":\"Adoptez la vibe Capybara !\",\"publisher\":{\"@id\":\"https:\/\/capy-planet.com\/fr\/#organization\"},\"potentialAction\":[{\"@type\":\"SearchAction\",\"target\":{\"@type\":\"EntryPoint\",\"urlTemplate\":\"https:\/\/capy-planet.com\/fr\/?s={search_term_string}\"},\"query-input\":{\"@type\":\"PropertyValueSpecification\",\"valueRequired\":true,\"valueName\":\"search_term_string\"}}],\"inLanguage\":\"fr-FR\"},{\"@type\":\"Organization\",\"@id\":\"https:\/\/capy-planet.com\/fr\/#organization\",\"name\":\"Plan\u00e8te Capy\",\"url\":\"https:\/\/capy-planet.com\/fr\/\",\"logo\":{\"@type\":\"ImageObject\",\"inLanguage\":\"fr-FR\",\"@id\":\"https:\/\/capy-planet.com\/fr\/#\/schema\/logo\/image\/\",\"url\":\"https:\/\/i0.wp.com\/capy-planet.com\/wp-content\/uploads\/sites\/2\/2025\/03\/Henri_Hardillier_Capybara_face_large_smile_big_white_kawaii_eyes_c795f5d3-126d-4c2b-bf35-82751b2d63bb-2.png?fit=705%2C705&ssl=1\",\"contentUrl\":\"https:\/\/i0.wp.com\/capy-planet.com\/wp-content\/uploads\/sites\/2\/2025\/03\/Henri_Hardillier_Capybara_face_large_smile_big_white_kawaii_eyes_c795f5d3-126d-4c2b-bf35-82751b2d63bb-2.png?fit=705%2C705&ssl=1\",\"width\":705,\"height\":705,\"caption\":\"Plan\u00e8te Capy\"},\"image\":{\"@id\":\"https:\/\/capy-planet.com\/fr\/#\/schema\/logo\/image\/\"},\"sameAs\":[\"https:\/\/www.facebook.com\/capy.planet\",\"https:\/\/www.instagram.com\/capy_planet_com\"]}]}<\/script>\n<!-- \/ Yoast SEO plugin. -->","yoast_head_json":{"title":"CapyBag \u2013 Sac \u00e0 Main Peluche Capybara Moelleux | Sac \u00e0 Bandouli\u00e8re et Besace Adorable pour une \u00c9l\u00e9gance Quotidienne - Capy Planet","description":"\ud83d\udc39\ud83d\udcbc CapyBag \u2013 Le sac \u00e0 main en peluche de capybara le plus adorable ! Un sac bandouli\u00e8re doux, moelleux et spacieux pour vos effets personnels quotidiens. Parfait pour les amateurs de capybaras et de mode kawaii.","robots":{"index":"index","follow":"follow","max-snippet":"max-snippet:-1","max-image-preview":"max-image-preview:large","max-video-preview":"max-video-preview:-1"},"canonical":"https:\/\/capy-planet.com\/fr\/shop\/capybag-sac-a-main-en-peluche-capybara-adorable-sac-bandouliere-et-besace-pour-un-look-adorable-au-quotidien\/","og_locale":"fr_FR","og_type":"article","og_title":"CapyBag \u2013 Sac \u00e0 Main Peluche Capybara Moelleux | Sac \u00e0 Bandouli\u00e8re et Besace Adorable pour une \u00c9l\u00e9gance Quotidienne - Capy Planet","og_description":"\ud83d\udc39\ud83d\udcbc CapyBag \u2013 Le sac \u00e0 main en peluche de capybara le plus adorable ! Un sac bandouli\u00e8re doux, moelleux et spacieux pour vos effets personnels quotidiens. Parfait pour les amateurs de capybaras et de mode kawaii.","og_url":"https:\/\/capy-planet.com\/fr\/shop\/capybag-sac-a-main-en-peluche-capybara-adorable-sac-bandouliere-et-besace-pour-un-look-adorable-au-quotidien\/","og_site_name":"Capy Planet","article_publisher":"https:\/\/www.facebook.com\/capy.planet","article_modified_time":"2025-04-17T14:38:48+00:00","og_image":[{"width":800,"height":800,"url":"https:\/\/i0.wp.com\/capy-planet.com\/wp-content\/uploads\/sites\/2\/2025\/03\/S2a86d827dc17441f961b1c1447b3104aY-1.webp?fit=800%2C800&ssl=1","type":"image\/webp"}],"twitter_card":"summary_large_image","twitter_misc":{"Dur\u00e9e de lecture estim\u00e9e":"1 minute"},"schema":{"@context":"https:\/\/schema.org","@graph":[{"@type":"WebPage","@id":"https:\/\/capy-planet.com\/fr\/shop\/capybag-sac-a-main-en-peluche-capybara-adorable-sac-bandouliere-et-besace-pour-un-look-adorable-au-quotidien\/","url":"https:\/\/capy-planet.com\/fr\/shop\/capybag-sac-a-main-en-peluche-capybara-adorable-sac-bandouliere-et-besace-pour-un-look-adorable-au-quotidien\/","name":"CapyBag \u2013 Sac \u00e0 Main Peluche Capybara Moelleux | Sac \u00e0 Bandouli\u00e8re et Besace Adorable pour une \u00c9l\u00e9gance Quotidienne - Capy Planet","isPartOf":{"@id":"https:\/\/capy-planet.com\/fr\/#website"},"primaryImageOfPage":{"@id":"https:\/\/capy-planet.com\/fr\/shop\/capybag-sac-a-main-en-peluche-capybara-adorable-sac-bandouliere-et-besace-pour-un-look-adorable-au-quotidien\/#primaryimage"},"image":{"@id":"https:\/\/capy-planet.com\/fr\/shop\/capybag-sac-a-main-en-peluche-capybara-adorable-sac-bandouliere-et-besace-pour-un-look-adorable-au-quotidien\/#primaryimage"},"thumbnailUrl":"https:\/\/i0.wp.com\/capy-planet.com\/wp-content\/uploads\/sites\/2\/2025\/03\/S2a86d827dc17441f961b1c1447b3104aY-1.webp?fit=800%2C800&ssl=1","datePublished":"2025-03-26T08:44:22+00:00","dateModified":"2025-04-17T14:38:48+00:00","description":"\ud83d\udc39\ud83d\udcbc CapyBag \u2013 Le sac \u00e0 main en peluche de capybara le plus adorable ! Un sac bandouli\u00e8re doux, moelleux et spacieux pour vos effets personnels quotidiens. Parfait pour les amateurs de capybaras et de mode kawaii.","breadcrumb":{"@id":"https:\/\/capy-planet.com\/fr\/shop\/capybag-sac-a-main-en-peluche-capybara-adorable-sac-bandouliere-et-besace-pour-un-look-adorable-au-quotidien\/#breadcrumb"},"inLanguage":"fr-FR","potentialAction":[{"@type":"ReadAction","target":["https:\/\/capy-planet.com\/fr\/shop\/capybag-sac-a-main-en-peluche-capybara-adorable-sac-bandouliere-et-besace-pour-un-look-adorable-au-quotidien\/"]}]},{"@type":"ImageObject","inLanguage":"fr-FR","@id":"https:\/\/capy-planet.com\/fr\/shop\/capybag-sac-a-main-en-peluche-capybara-adorable-sac-bandouliere-et-besace-pour-un-look-adorable-au-quotidien\/#primaryimage","url":"https:\/\/i0.wp.com\/capy-planet.com\/wp-content\/uploads\/sites\/2\/2025\/03\/S2a86d827dc17441f961b1c1447b3104aY-1.webp?fit=800%2C800&ssl=1","contentUrl":"https:\/\/i0.wp.com\/capy-planet.com\/wp-content\/uploads\/sites\/2\/2025\/03\/S2a86d827dc17441f961b1c1447b3104aY-1.webp?fit=800%2C800&ssl=1","width":800,"height":800},{"@type":"BreadcrumbList","@id":"https:\/\/capy-planet.com\/fr\/shop\/capybag-sac-a-main-en-peluche-capybara-adorable-sac-bandouliere-et-besace-pour-un-look-adorable-au-quotidien\/#breadcrumb","itemListElement":[{"@type":"ListItem","position":1,"name":"Home","item":"https:\/\/capy-planet.com\/fr\/home\/"},{"@type":"ListItem","position":2,"name":"Capy Shop","item":"https:\/\/capy-planet.com\/shop\/"},{"@type":"ListItem","position":3,"name":"CapyBag \u2013 Sac \u00e0 Main Peluche Capybara Moelleux | Sac \u00e0 Bandouli\u00e8re et Besace Adorable pour une \u00c9l\u00e9gance Quotidienne"}]},{"@type":"WebSite","@id":"https:\/\/capy-planet.com\/fr\/#website","url":"https:\/\/capy-planet.com\/fr\/","name":"Capy Planet","description":"Adoptez la vibe Capybara !","publisher":{"@id":"https:\/\/capy-planet.com\/fr\/#organization"},"potentialAction":[{"@type":"SearchAction","target":{"@type":"EntryPoint","urlTemplate":"https:\/\/capy-planet.com\/fr\/?s={search_term_string}"},"query-input":{"@type":"PropertyValueSpecification","valueRequired":true,"valueName":"search_term_string"}}],"inLanguage":"fr-FR"},{"@type":"Organization","@id":"https:\/\/capy-planet.com\/fr\/#organization","name":"Plan\u00e8te Capy","url":"https:\/\/capy-planet.com\/fr\/","logo":{"@type":"ImageObject","inLanguage":"fr-FR","@id":"https:\/\/capy-planet.com\/fr\/#\/schema\/logo\/image\/","url":"https:\/\/i0.wp.com\/capy-planet.com\/wp-content\/uploads\/sites\/2\/2025\/03\/Henri_Hardillier_Capybara_face_large_smile_big_white_kawaii_eyes_c795f5d3-126d-4c2b-bf35-82751b2d63bb-2.png?fit=705%2C705&ssl=1","contentUrl":"https:\/\/i0.wp.com\/capy-planet.com\/wp-content\/uploads\/sites\/2\/2025\/03\/Henri_Hardillier_Capybara_face_large_smile_big_white_kawaii_eyes_c795f5d3-126d-4c2b-bf35-82751b2d63bb-2.png?fit=705%2C705&ssl=1","width":705,"height":705,"caption":"Plan\u00e8te Capy"},"image":{"@id":"https:\/\/capy-planet.com\/fr\/#\/schema\/logo\/image\/"},"sameAs":["https:\/\/www.facebook.com\/capy.planet","https:\/\/www.instagram.com\/capy_planet_com"]}]}},"jetpack_sharing_enabled":true,"_links":{"self":[{"href":"https:\/\/capy-planet.com\/fr\/wp-json\/wp\/v2\/product\/40589","targetHints":{"allow":["GET"]}}],"collection":[{"href":"https:\/\/capy-planet.com\/fr\/wp-json\/wp\/v2\/product"}],"about":[{"href":"https:\/\/capy-planet.com\/fr\/wp-json\/wp\/v2\/types\/product"}],"replies":[{"embeddable":true,"href":"https:\/\/capy-planet.com\/fr\/wp-json\/wp\/v2\/comments?post=40589"}],"wp:featuredmedia":[{"embeddable":true,"href":"https:\/\/capy-planet.com\/fr\/wp-json\/wp\/v2\/media\/40548"}],"wp:attachment":[{"href":"https:\/\/capy-planet.com\/fr\/wp-json\/wp\/v2\/media?parent=40589"}],"wp:term":[{"taxonomy":"product_brand","embeddable":true,"href":"https:\/\/capy-planet.com\/fr\/wp-json\/wp\/v2\/product_brand?post=40589"},{"taxonomy":"product_cat","embeddable":true,"href":"https:\/\/capy-planet.com\/fr\/wp-json\/wp\/v2\/product_cat?post=40589"},{"taxonomy":"product_tag","embeddable":true,"href":"https:\/\/capy-planet.com\/fr\/wp-json\/wp\/v2\/product_tag?post=40589"}],"curies":[{"name":"wp","href":"https:\/\/api.w.org\/{rel}","templated":true}]}}