{"id":40431,"date":"2025-03-26T15:37:54","date_gmt":"2025-03-26T08:37:54","guid":{"rendered":"https:\/\/capy-planet.com\/shop\/porte-monnaie-en-peluche-capibara-pour-enfants-porte-cles-dessin-anime-lettre-az-portefeuille-porte-cles-mini-sac-dargent-cadeau-pour-filles\/"},"modified":"2025-04-17T21:38:58","modified_gmt":"2025-04-17T14:38:58","slug":"porte-monnaie-en-peluche-capibara-pour-enfants-porte-cles-dessin-anime-lettre-az-portefeuille-porte-cles-mini-sac-dargent-cadeau-pour-filles","status":"publish","type":"product","link":"https:\/\/capy-planet.com\/fr\/shop\/porte-monnaie-en-peluche-capibara-pour-enfants-porte-cles-dessin-anime-lettre-az-portefeuille-porte-cles-mini-sac-dargent-cadeau-pour-filles\/","title":{"rendered":"CapyCoin \u2013 Porte-monnaie Capybara Personnalis\u00e9 | Mini Portefeuille \u00e0 Initiale et Porte-cl\u00e9s Mignon"},"content":{"rendered":"<p class=\"\" data-start=\"209\" data-end=\"277\">\ud83d\udc96 <strong data-start=\"212\" data-end=\"271\">Transportez vos effets essentiels de la mani\u00e8re la plus adorable avec CapyCoin !<\/strong> \ud83d\udc39\u2728<\/p>\n<p class=\"\" data-start=\"279\" data-end=\"705\">Faites la connaissance de <strong data-start=\"292\" data-end=\"305\">CapyCoin<\/strong>, le <strong data-start=\"311\" data-end=\"348\">charmant mini porte-monnaie capybara<\/strong> qui pr\u00e9serve vos petits effets personnels tout en ajoutant une <strong data-start=\"402\" data-end=\"424\">touche personnalis\u00e9e<\/strong> \u00e0 vos accessoires ! Con\u00e7u avec un <strong data-start=\"469\" data-end=\"492\">monogramme unique de lettres A \u00e0 Z<\/strong>, ce <strong data-start=\"512\" data-end=\"531\">portefeuille \u00e0 fermeture \u00e9clair<\/strong> de style kawaii est le m\u00e9lange parfait entre <strong data-start=\"556\" data-end=\"588\">mignon, fonctionnel et tendance<\/strong>. Que vous l&rsquo;utilisiez comme <strong data-start=\"614\" data-end=\"661\">porte-monnaie, porte-cl\u00e9s ou mini portefeuille de voyage<\/strong>, c&rsquo;est un incontournable pour tout amateur de capybara !  <\/p>\n<p class=\"\" data-start=\"707\" data-end=\"1147\">\ud83c\udf1f <strong data-start=\"710\" data-end=\"737\">Pourquoi avez-vous besoin de CapyCoin ?<\/strong><br data-start=\"737\" data-end=\"740\">\u2714 <strong data-start=\"742\" data-end=\"773\">Design personnalis\u00e9 avec initiale<\/strong> \u2013 Choisissez votre lettre pour une touche unique !<br data-start=\"814\" data-end=\"817\">\u2714 <strong data-start=\"819\" data-end=\"844\">Compact et l\u00e9ger<\/strong> \u2013 S&rsquo;adapte parfaitement \u00e0 votre sac ou votre poche.<br data-start=\"884\" data-end=\"887\">\u2714 <strong data-start=\"889\" data-end=\"915\">Fermeture \u00e0 glissi\u00e8re durable<\/strong> \u2013 Garde vos pi\u00e8ces, votre argent et vos petits objets essentiels en s\u00e9curit\u00e9.<br data-start=\"970\" data-end=\"973\">\u2714 <strong data-start=\"975\" data-end=\"998\">Attache porte-cl\u00e9s<\/strong> \u2013 Accrochez-le \u00e0 vos cl\u00e9s, votre sac \u00e0 dos ou votre sac \u00e0 main.<br data-start=\"1046\" data-end=\"1049\">\u2714 <strong data-start=\"1051\" data-end=\"1072\">Id\u00e9e de cadeau parfaite<\/strong> \u2013 Mignon, pratique et id\u00e9al pour les anniversaires, les f\u00eates ou simplement pour faire plaisir !<\/p>\n<p class=\"\" data-start=\"1149\" data-end=\"1238\">\ud83c\udf81 <strong data-start=\"1152\" data-end=\"1231\">Procurez-vous votre CapyCoin d\u00e8s aujourd&rsquo;hui et emportez la mignonnerie du capybara partout o\u00f9 vous allez !<\/strong> \ud83d\udc95\ud83d\udc39<\/p>\n","protected":false},"excerpt":{"rendered":"<p>\ud83d\udc39\ud83d\udcb0 <strong data-start=\"1306\" data-end=\"1366\">CapyCoin \u2013 Le plus mignon porte-monnaie capybara personnalis\u00e9 !<\/strong> Mini portefeuille avec design de lettres A \u00e0 Z, parfait pour transporter pi\u00e8ces et petits effets personnels dans un style kawaii.<\/p>\n","protected":false},"featured_media":40175,"comment_status":"open","ping_status":"closed","template":"","meta":[],"product_brand":[],"product_cat":[378],"product_tag":[924,1241,1236,1240,1237,1239,1235,1238,1242,1243],"class_list":{"0":"post-40431","1":"product","2":"type-product","3":"status-publish","4":"has-post-thumbnail","6":"product_cat-capy-accessories-fr","7":"product_tag-accessoires-kawaii","8":"product_tag-cadeaux-de-capybara","9":"product_tag-mini-portefeuille-kawaii","10":"product_tag-petit-portefeuille-a-fermeture-eclair","11":"product_tag-jolie-pochette-porte-cles","12":"product_tag-porte-monnaie-avec-initiales-de-lettre","13":"product_tag-porte-monnaie-capybara","14":"product_tag-pochette-a-monnaie-personnalisee","15":"product_tag-portefeuille-de-voyage-tendance","16":"product_tag-sac-a-pieces-en-peluche","18":"first","19":"instock","20":"sale","21":"shipping-taxable","22":"purchasable","23":"product-type-variable"},"yoast_head":"<!-- This site is optimized with the Yoast SEO plugin v27.0 - https:\/\/yoast.com\/product\/yoast-seo-wordpress\/ -->\n<title>CapyCoin \u2013 Porte-monnaie Capybara Personnalis\u00e9 | Mini Portefeuille \u00e0 Initiale et Porte-cl\u00e9s Mignon - Capy Planet<\/title>\n<meta name=\"description\" content=\"\ud83d\udc39\ud83d\udcb0 CapyCoin \u2013 Le porte-monnaie capybara personnalis\u00e9 le plus adorable ! Mini portefeuille avec design de lettres de A \u00e0 Z, parfait pour transporter des pi\u00e8ces et des petits objets essentiels dans un style kawaii.\" \/>\n<meta name=\"robots\" content=\"index, follow, max-snippet:-1, max-image-preview:large, max-video-preview:-1\" \/>\n<link rel=\"canonical\" href=\"https:\/\/capy-planet.com\/fr\/shop\/porte-monnaie-en-peluche-capibara-pour-enfants-porte-cles-dessin-anime-lettre-az-portefeuille-porte-cles-mini-sac-dargent-cadeau-pour-filles\/\" \/>\n<meta property=\"og:locale\" content=\"fr_FR\" \/>\n<meta property=\"og:type\" content=\"article\" \/>\n<meta property=\"og:title\" content=\"CapyCoin \u2013 Porte-monnaie Capybara Personnalis\u00e9 | Mini Portefeuille \u00e0 Initiale et Porte-cl\u00e9s Mignon - Capy Planet\" \/>\n<meta property=\"og:description\" content=\"\ud83d\udc39\ud83d\udcb0 CapyCoin \u2013 Le porte-monnaie capybara personnalis\u00e9 le plus adorable ! Mini portefeuille avec design de lettres de A \u00e0 Z, parfait pour transporter des pi\u00e8ces et des petits objets essentiels dans un style kawaii.\" \/>\n<meta property=\"og:url\" content=\"https:\/\/capy-planet.com\/fr\/shop\/porte-monnaie-en-peluche-capibara-pour-enfants-porte-cles-dessin-anime-lettre-az-portefeuille-porte-cles-mini-sac-dargent-cadeau-pour-filles\/\" \/>\n<meta property=\"og:site_name\" content=\"Capy Planet\" \/>\n<meta property=\"article:publisher\" content=\"https:\/\/www.facebook.com\/capy.planet\" \/>\n<meta property=\"article:modified_time\" content=\"2025-04-17T14:38:58+00:00\" \/>\n<meta property=\"og:image\" content=\"https:\/\/i0.wp.com\/capy-planet.com\/wp-content\/uploads\/sites\/2\/2025\/03\/S0fa74ca2bfc64fc4b337a32887080ca01.webp?fit=800%2C800&ssl=1\" \/>\n\t<meta property=\"og:image:width\" content=\"800\" \/>\n\t<meta property=\"og:image:height\" content=\"800\" \/>\n\t<meta property=\"og:image:type\" content=\"image\/webp\" \/>\n<meta name=\"twitter:card\" content=\"summary_large_image\" \/>\n<meta name=\"twitter:label1\" content=\"Dur\u00e9e de lecture estim\u00e9e\" \/>\n\t<meta name=\"twitter:data1\" content=\"1 minute\" \/>\n<script type=\"application\/ld+json\" class=\"yoast-schema-graph\">{\"@context\":\"https:\/\/schema.org\",\"@graph\":[{\"@type\":\"WebPage\",\"@id\":\"https:\/\/capy-planet.com\/fr\/shop\/porte-monnaie-en-peluche-capibara-pour-enfants-porte-cles-dessin-anime-lettre-az-portefeuille-porte-cles-mini-sac-dargent-cadeau-pour-filles\/\",\"url\":\"https:\/\/capy-planet.com\/fr\/shop\/porte-monnaie-en-peluche-capibara-pour-enfants-porte-cles-dessin-anime-lettre-az-portefeuille-porte-cles-mini-sac-dargent-cadeau-pour-filles\/\",\"name\":\"CapyCoin \u2013 Porte-monnaie Capybara Personnalis\u00e9 | Mini Portefeuille \u00e0 Initiale et Porte-cl\u00e9s Mignon - Capy Planet\",\"isPartOf\":{\"@id\":\"https:\/\/capy-planet.com\/fr\/#website\"},\"primaryImageOfPage\":{\"@id\":\"https:\/\/capy-planet.com\/fr\/shop\/porte-monnaie-en-peluche-capibara-pour-enfants-porte-cles-dessin-anime-lettre-az-portefeuille-porte-cles-mini-sac-dargent-cadeau-pour-filles\/#primaryimage\"},\"image\":{\"@id\":\"https:\/\/capy-planet.com\/fr\/shop\/porte-monnaie-en-peluche-capibara-pour-enfants-porte-cles-dessin-anime-lettre-az-portefeuille-porte-cles-mini-sac-dargent-cadeau-pour-filles\/#primaryimage\"},\"thumbnailUrl\":\"https:\/\/i0.wp.com\/capy-planet.com\/wp-content\/uploads\/sites\/2\/2025\/03\/S0fa74ca2bfc64fc4b337a32887080ca01.webp?fit=800%2C800&ssl=1\",\"datePublished\":\"2025-03-26T08:37:54+00:00\",\"dateModified\":\"2025-04-17T14:38:58+00:00\",\"description\":\"\ud83d\udc39\ud83d\udcb0 CapyCoin \u2013 Le porte-monnaie capybara personnalis\u00e9 le plus adorable ! Mini portefeuille avec design de lettres de A \u00e0 Z, parfait pour transporter des pi\u00e8ces et des petits objets essentiels dans un style kawaii.\",\"breadcrumb\":{\"@id\":\"https:\/\/capy-planet.com\/fr\/shop\/porte-monnaie-en-peluche-capibara-pour-enfants-porte-cles-dessin-anime-lettre-az-portefeuille-porte-cles-mini-sac-dargent-cadeau-pour-filles\/#breadcrumb\"},\"inLanguage\":\"fr-FR\",\"potentialAction\":[{\"@type\":\"ReadAction\",\"target\":[\"https:\/\/capy-planet.com\/fr\/shop\/porte-monnaie-en-peluche-capibara-pour-enfants-porte-cles-dessin-anime-lettre-az-portefeuille-porte-cles-mini-sac-dargent-cadeau-pour-filles\/\"]}]},{\"@type\":\"ImageObject\",\"inLanguage\":\"fr-FR\",\"@id\":\"https:\/\/capy-planet.com\/fr\/shop\/porte-monnaie-en-peluche-capibara-pour-enfants-porte-cles-dessin-anime-lettre-az-portefeuille-porte-cles-mini-sac-dargent-cadeau-pour-filles\/#primaryimage\",\"url\":\"https:\/\/i0.wp.com\/capy-planet.com\/wp-content\/uploads\/sites\/2\/2025\/03\/S0fa74ca2bfc64fc4b337a32887080ca01.webp?fit=800%2C800&ssl=1\",\"contentUrl\":\"https:\/\/i0.wp.com\/capy-planet.com\/wp-content\/uploads\/sites\/2\/2025\/03\/S0fa74ca2bfc64fc4b337a32887080ca01.webp?fit=800%2C800&ssl=1\",\"width\":800,\"height\":800},{\"@type\":\"BreadcrumbList\",\"@id\":\"https:\/\/capy-planet.com\/fr\/shop\/porte-monnaie-en-peluche-capibara-pour-enfants-porte-cles-dessin-anime-lettre-az-portefeuille-porte-cles-mini-sac-dargent-cadeau-pour-filles\/#breadcrumb\",\"itemListElement\":[{\"@type\":\"ListItem\",\"position\":1,\"name\":\"Home\",\"item\":\"https:\/\/capy-planet.com\/fr\/home\/\"},{\"@type\":\"ListItem\",\"position\":2,\"name\":\"Capy Shop\",\"item\":\"https:\/\/capy-planet.com\/shop\/\"},{\"@type\":\"ListItem\",\"position\":3,\"name\":\"CapyCoin \u2013 Porte-monnaie Capybara Personnalis\u00e9 | Mini Portefeuille \u00e0 Initiale et Porte-cl\u00e9s Mignon\"}]},{\"@type\":\"WebSite\",\"@id\":\"https:\/\/capy-planet.com\/fr\/#website\",\"url\":\"https:\/\/capy-planet.com\/fr\/\",\"name\":\"Capy Planet\",\"description\":\"Adoptez la vibe Capybara !\",\"publisher\":{\"@id\":\"https:\/\/capy-planet.com\/fr\/#organization\"},\"potentialAction\":[{\"@type\":\"SearchAction\",\"target\":{\"@type\":\"EntryPoint\",\"urlTemplate\":\"https:\/\/capy-planet.com\/fr\/?s={search_term_string}\"},\"query-input\":{\"@type\":\"PropertyValueSpecification\",\"valueRequired\":true,\"valueName\":\"search_term_string\"}}],\"inLanguage\":\"fr-FR\"},{\"@type\":\"Organization\",\"@id\":\"https:\/\/capy-planet.com\/fr\/#organization\",\"name\":\"Plan\u00e8te Capy\",\"url\":\"https:\/\/capy-planet.com\/fr\/\",\"logo\":{\"@type\":\"ImageObject\",\"inLanguage\":\"fr-FR\",\"@id\":\"https:\/\/capy-planet.com\/fr\/#\/schema\/logo\/image\/\",\"url\":\"https:\/\/i0.wp.com\/capy-planet.com\/wp-content\/uploads\/sites\/2\/2025\/03\/Henri_Hardillier_Capybara_face_large_smile_big_white_kawaii_eyes_c795f5d3-126d-4c2b-bf35-82751b2d63bb-2.png?fit=705%2C705&ssl=1\",\"contentUrl\":\"https:\/\/i0.wp.com\/capy-planet.com\/wp-content\/uploads\/sites\/2\/2025\/03\/Henri_Hardillier_Capybara_face_large_smile_big_white_kawaii_eyes_c795f5d3-126d-4c2b-bf35-82751b2d63bb-2.png?fit=705%2C705&ssl=1\",\"width\":705,\"height\":705,\"caption\":\"Plan\u00e8te Capy\"},\"image\":{\"@id\":\"https:\/\/capy-planet.com\/fr\/#\/schema\/logo\/image\/\"},\"sameAs\":[\"https:\/\/www.facebook.com\/capy.planet\",\"https:\/\/www.instagram.com\/capy_planet_com\"]}]}<\/script>\n<!-- \/ Yoast SEO plugin. -->","yoast_head_json":{"title":"CapyCoin \u2013 Porte-monnaie Capybara Personnalis\u00e9 | Mini Portefeuille \u00e0 Initiale et Porte-cl\u00e9s Mignon - Capy Planet","description":"\ud83d\udc39\ud83d\udcb0 CapyCoin \u2013 Le porte-monnaie capybara personnalis\u00e9 le plus adorable ! Mini portefeuille avec design de lettres de A \u00e0 Z, parfait pour transporter des pi\u00e8ces et des petits objets essentiels dans un style kawaii.","robots":{"index":"index","follow":"follow","max-snippet":"max-snippet:-1","max-image-preview":"max-image-preview:large","max-video-preview":"max-video-preview:-1"},"canonical":"https:\/\/capy-planet.com\/fr\/shop\/porte-monnaie-en-peluche-capibara-pour-enfants-porte-cles-dessin-anime-lettre-az-portefeuille-porte-cles-mini-sac-dargent-cadeau-pour-filles\/","og_locale":"fr_FR","og_type":"article","og_title":"CapyCoin \u2013 Porte-monnaie Capybara Personnalis\u00e9 | Mini Portefeuille \u00e0 Initiale et Porte-cl\u00e9s Mignon - Capy Planet","og_description":"\ud83d\udc39\ud83d\udcb0 CapyCoin \u2013 Le porte-monnaie capybara personnalis\u00e9 le plus adorable ! Mini portefeuille avec design de lettres de A \u00e0 Z, parfait pour transporter des pi\u00e8ces et des petits objets essentiels dans un style kawaii.","og_url":"https:\/\/capy-planet.com\/fr\/shop\/porte-monnaie-en-peluche-capibara-pour-enfants-porte-cles-dessin-anime-lettre-az-portefeuille-porte-cles-mini-sac-dargent-cadeau-pour-filles\/","og_site_name":"Capy Planet","article_publisher":"https:\/\/www.facebook.com\/capy.planet","article_modified_time":"2025-04-17T14:38:58+00:00","og_image":[{"width":800,"height":800,"url":"https:\/\/i0.wp.com\/capy-planet.com\/wp-content\/uploads\/sites\/2\/2025\/03\/S0fa74ca2bfc64fc4b337a32887080ca01.webp?fit=800%2C800&ssl=1","type":"image\/webp"}],"twitter_card":"summary_large_image","twitter_misc":{"Dur\u00e9e de lecture estim\u00e9e":"1 minute"},"schema":{"@context":"https:\/\/schema.org","@graph":[{"@type":"WebPage","@id":"https:\/\/capy-planet.com\/fr\/shop\/porte-monnaie-en-peluche-capibara-pour-enfants-porte-cles-dessin-anime-lettre-az-portefeuille-porte-cles-mini-sac-dargent-cadeau-pour-filles\/","url":"https:\/\/capy-planet.com\/fr\/shop\/porte-monnaie-en-peluche-capibara-pour-enfants-porte-cles-dessin-anime-lettre-az-portefeuille-porte-cles-mini-sac-dargent-cadeau-pour-filles\/","name":"CapyCoin \u2013 Porte-monnaie Capybara Personnalis\u00e9 | Mini Portefeuille \u00e0 Initiale et Porte-cl\u00e9s Mignon - Capy Planet","isPartOf":{"@id":"https:\/\/capy-planet.com\/fr\/#website"},"primaryImageOfPage":{"@id":"https:\/\/capy-planet.com\/fr\/shop\/porte-monnaie-en-peluche-capibara-pour-enfants-porte-cles-dessin-anime-lettre-az-portefeuille-porte-cles-mini-sac-dargent-cadeau-pour-filles\/#primaryimage"},"image":{"@id":"https:\/\/capy-planet.com\/fr\/shop\/porte-monnaie-en-peluche-capibara-pour-enfants-porte-cles-dessin-anime-lettre-az-portefeuille-porte-cles-mini-sac-dargent-cadeau-pour-filles\/#primaryimage"},"thumbnailUrl":"https:\/\/i0.wp.com\/capy-planet.com\/wp-content\/uploads\/sites\/2\/2025\/03\/S0fa74ca2bfc64fc4b337a32887080ca01.webp?fit=800%2C800&ssl=1","datePublished":"2025-03-26T08:37:54+00:00","dateModified":"2025-04-17T14:38:58+00:00","description":"\ud83d\udc39\ud83d\udcb0 CapyCoin \u2013 Le porte-monnaie capybara personnalis\u00e9 le plus adorable ! Mini portefeuille avec design de lettres de A \u00e0 Z, parfait pour transporter des pi\u00e8ces et des petits objets essentiels dans un style kawaii.","breadcrumb":{"@id":"https:\/\/capy-planet.com\/fr\/shop\/porte-monnaie-en-peluche-capibara-pour-enfants-porte-cles-dessin-anime-lettre-az-portefeuille-porte-cles-mini-sac-dargent-cadeau-pour-filles\/#breadcrumb"},"inLanguage":"fr-FR","potentialAction":[{"@type":"ReadAction","target":["https:\/\/capy-planet.com\/fr\/shop\/porte-monnaie-en-peluche-capibara-pour-enfants-porte-cles-dessin-anime-lettre-az-portefeuille-porte-cles-mini-sac-dargent-cadeau-pour-filles\/"]}]},{"@type":"ImageObject","inLanguage":"fr-FR","@id":"https:\/\/capy-planet.com\/fr\/shop\/porte-monnaie-en-peluche-capibara-pour-enfants-porte-cles-dessin-anime-lettre-az-portefeuille-porte-cles-mini-sac-dargent-cadeau-pour-filles\/#primaryimage","url":"https:\/\/i0.wp.com\/capy-planet.com\/wp-content\/uploads\/sites\/2\/2025\/03\/S0fa74ca2bfc64fc4b337a32887080ca01.webp?fit=800%2C800&ssl=1","contentUrl":"https:\/\/i0.wp.com\/capy-planet.com\/wp-content\/uploads\/sites\/2\/2025\/03\/S0fa74ca2bfc64fc4b337a32887080ca01.webp?fit=800%2C800&ssl=1","width":800,"height":800},{"@type":"BreadcrumbList","@id":"https:\/\/capy-planet.com\/fr\/shop\/porte-monnaie-en-peluche-capibara-pour-enfants-porte-cles-dessin-anime-lettre-az-portefeuille-porte-cles-mini-sac-dargent-cadeau-pour-filles\/#breadcrumb","itemListElement":[{"@type":"ListItem","position":1,"name":"Home","item":"https:\/\/capy-planet.com\/fr\/home\/"},{"@type":"ListItem","position":2,"name":"Capy Shop","item":"https:\/\/capy-planet.com\/shop\/"},{"@type":"ListItem","position":3,"name":"CapyCoin \u2013 Porte-monnaie Capybara Personnalis\u00e9 | Mini Portefeuille \u00e0 Initiale et Porte-cl\u00e9s Mignon"}]},{"@type":"WebSite","@id":"https:\/\/capy-planet.com\/fr\/#website","url":"https:\/\/capy-planet.com\/fr\/","name":"Capy Planet","description":"Adoptez la vibe Capybara !","publisher":{"@id":"https:\/\/capy-planet.com\/fr\/#organization"},"potentialAction":[{"@type":"SearchAction","target":{"@type":"EntryPoint","urlTemplate":"https:\/\/capy-planet.com\/fr\/?s={search_term_string}"},"query-input":{"@type":"PropertyValueSpecification","valueRequired":true,"valueName":"search_term_string"}}],"inLanguage":"fr-FR"},{"@type":"Organization","@id":"https:\/\/capy-planet.com\/fr\/#organization","name":"Plan\u00e8te Capy","url":"https:\/\/capy-planet.com\/fr\/","logo":{"@type":"ImageObject","inLanguage":"fr-FR","@id":"https:\/\/capy-planet.com\/fr\/#\/schema\/logo\/image\/","url":"https:\/\/i0.wp.com\/capy-planet.com\/wp-content\/uploads\/sites\/2\/2025\/03\/Henri_Hardillier_Capybara_face_large_smile_big_white_kawaii_eyes_c795f5d3-126d-4c2b-bf35-82751b2d63bb-2.png?fit=705%2C705&ssl=1","contentUrl":"https:\/\/i0.wp.com\/capy-planet.com\/wp-content\/uploads\/sites\/2\/2025\/03\/Henri_Hardillier_Capybara_face_large_smile_big_white_kawaii_eyes_c795f5d3-126d-4c2b-bf35-82751b2d63bb-2.png?fit=705%2C705&ssl=1","width":705,"height":705,"caption":"Plan\u00e8te Capy"},"image":{"@id":"https:\/\/capy-planet.com\/fr\/#\/schema\/logo\/image\/"},"sameAs":["https:\/\/www.facebook.com\/capy.planet","https:\/\/www.instagram.com\/capy_planet_com"]}]}},"jetpack_sharing_enabled":true,"_links":{"self":[{"href":"https:\/\/capy-planet.com\/fr\/wp-json\/wp\/v2\/product\/40431","targetHints":{"allow":["GET"]}}],"collection":[{"href":"https:\/\/capy-planet.com\/fr\/wp-json\/wp\/v2\/product"}],"about":[{"href":"https:\/\/capy-planet.com\/fr\/wp-json\/wp\/v2\/types\/product"}],"replies":[{"embeddable":true,"href":"https:\/\/capy-planet.com\/fr\/wp-json\/wp\/v2\/comments?post=40431"}],"wp:featuredmedia":[{"embeddable":true,"href":"https:\/\/capy-planet.com\/fr\/wp-json\/wp\/v2\/media\/40175"}],"wp:attachment":[{"href":"https:\/\/capy-planet.com\/fr\/wp-json\/wp\/v2\/media?parent=40431"}],"wp:term":[{"taxonomy":"product_brand","embeddable":true,"href":"https:\/\/capy-planet.com\/fr\/wp-json\/wp\/v2\/product_brand?post=40431"},{"taxonomy":"product_cat","embeddable":true,"href":"https:\/\/capy-planet.com\/fr\/wp-json\/wp\/v2\/product_cat?post=40431"},{"taxonomy":"product_tag","embeddable":true,"href":"https:\/\/capy-planet.com\/fr\/wp-json\/wp\/v2\/product_tag?post=40431"}],"curies":[{"name":"wp","href":"https:\/\/api.w.org\/{rel}","templated":true}]}}