{"id":40157,"date":"2025-03-26T15:33:37","date_gmt":"2025-03-26T08:33:37","guid":{"rendered":"https:\/\/capy-planet.com\/shop\/sac-a-dos-en-peluche-capybara-de-25-cm-environ-motif-tortue-kawaii-chat-trousse-de-maquillage-porte-monnaie-cadeau-danniversaire-creatif\/"},"modified":"2025-04-17T21:38:55","modified_gmt":"2025-04-17T14:38:55","slug":"sac-a-dos-en-peluche-capybara-de-25-cm-environ-motif-tortue-kawaii-chat-trousse-de-maquillage-porte-monnaie-cadeau-danniversaire-creatif","status":"publish","type":"product","link":"https:\/\/capy-planet.com\/fr\/shop\/sac-a-dos-en-peluche-capybara-de-25-cm-environ-motif-tortue-kawaii-chat-trousse-de-maquillage-porte-monnaie-cadeau-danniversaire-creatif\/","title":{"rendered":"CapyBag \u2013 Sac \u00e0 bandouli\u00e8re en peluche de capybara adorable | Sac \u00e0 main mignon et douillet"},"content":{"rendered":"<p class=\"\" data-start=\"197\" data-end=\"252\">\ud83c\udf92\ud83d\udc39 <strong data-start=\"202\" data-end=\"246\">Transportez la mignonnerie partout avec CapyBag !<\/strong> \ud83d\udc96\u2728<\/p>\n<p class=\"\" data-start=\"254\" data-end=\"611\">Faites la connaissance de <strong data-start=\"259\" data-end=\"271\">CapyBag<\/strong>, le <strong data-start=\"277\" data-end=\"343\">sac \u00e0 bandouli\u00e8re en peluche de capybara le plus douillet, le plus mignon et le plus c\u00e2lin<\/strong> que vous poss\u00e9derez jamais ! Ce sac \u00e0 main en peluche moelleuse n&rsquo;est pas seulement une d\u00e9claration de mode \u2014 c&rsquo;est un <strong data-start=\"428\" data-end=\"452\">compagnon en peluche doux<\/strong> qui ajoute du charme \u00e0 toute tenue. Que vous soyez un <strong data-start=\"501\" data-end=\"574\">amateur de capybaras, un collectionneur de peluches, ou que vous d\u00e9siriez simplement un sac original et excentrique<\/strong>, CapyBag est l\u00e0 pour ravir les c\u0153urs !  <\/p>\n<p class=\"\" data-start=\"613\" data-end=\"1058\">\ud83d\udca1 <strong data-start=\"616\" data-end=\"645\">Pourquoi allez-vous adorer CapyBag ?<\/strong><br data-start=\"645\" data-end=\"648\">\u2714 <strong data-start=\"650\" data-end=\"673\">Extr\u00eamement doux et moelleux<\/strong> \u2013 Fabriqu\u00e9 \u00e0 partir de mat\u00e9riaux en peluche de qualit\u00e9 sup\u00e9rieure pour un toucher confortable.<br data-start=\"726\" data-end=\"729\">\u2714 <strong data-start=\"731\" data-end=\"755\">Spacieux et pratique<\/strong> \u2013 Id\u00e9al pour transporter vos effets personnels avec \u00e9l\u00e9gance.<br data-start=\"806\" data-end=\"809\">\u2714 <strong data-start=\"811\" data-end=\"836\">Cha\u00eene dor\u00e9e ajustable<\/strong> \u2013 Portez-le en bandouli\u00e8re ou \u00e0 l&rsquo;\u00e9paule.<br data-start=\"878\" data-end=\"881\">\u2714 <strong data-start=\"883\" data-end=\"908\">Unique et accrocheur<\/strong> \u2013 Un incontournable pour les amateurs d&rsquo;animaux et les adeptes de la mode kawaii.<br data-start=\"965\" data-end=\"968\">\u2714 <strong data-start=\"970\" data-end=\"991\">Id\u00e9e cadeau parfaite<\/strong> \u2013 Surprenez un ami ou offrez-vous un nouvel accessoire en peluche !<\/p>\n<p class=\"\" data-start=\"1060\" data-end=\"1156\">\ud83d\udc3e <strong data-start=\"1063\" data-end=\"1149\">Procurez-vous votre CapyBag d\u00e8s aujourd&rsquo;hui et laissez ce capybara adorable vous accompagner dans vos aventures quotidiennes !<\/strong> \ud83d\udecd\ufe0f\u2728<\/p>\n","protected":false},"excerpt":{"rendered":"<p>\ud83d\udc39\ud83d\udcbc <strong data-start=\"1224\" data-end=\"1279\">CapyBag \u2013 Le plus mignon des sacs \u00e0 bandouli\u00e8re en peluche de capybara !<\/strong> Doux, moelleux et pratique, ce sac \u00e0 main de style kawaii est parfait pour les amoureux des animaux et les passionn\u00e9s de mode.<\/p>\n","protected":false},"featured_media":40099,"comment_status":"open","ping_status":"closed","template":"","meta":[],"product_brand":[],"product_cat":[1701],"product_tag":[1210,1020,1205,1204,1208,1207,1206,700,879,1209],"class_list":{"0":"post-40157","1":"product","2":"type-product","3":"status-publish","4":"has-post-thumbnail","6":"product_cat-capy-bags-fr","7":"product_tag-cadeau-pour-les-amoureux-des-animaux","8":"product_tag-mode-capybara","9":"product_tag-sac-a-bandouliere-en-peluche","10":"product_tag-joli-sac-a-bandouliere-fr","11":"product_tag-sac-a-main-en-peluche-douillet","12":"product_tag-sac-a-main-unique","13":"product_tag-sac-animal-drole","14":"product_tag-capybara-bag-fr","15":"product_tag-sac-en-peluche-kawaii","16":"product_tag-sac-messager-tendance","18":"first","19":"instock","20":"sale","21":"shipping-taxable","22":"purchasable","23":"product-type-variable"},"yoast_head":"<!-- This site is optimized with the Yoast SEO plugin v27.0 - https:\/\/yoast.com\/product\/yoast-seo-wordpress\/ -->\n<title>CapyBag \u2013 Sac \u00e0 bandouli\u00e8re en peluche de capybara adorable | Sac \u00e0 main mignon et douillet - Capy Planet<\/title>\n<meta name=\"description\" content=\"\ud83d\udc39\ud83d\udcbc CapyBag \u2013 Le plus adorable sac bandouli\u00e8re en peluche de capybara ! Doux, moelleux et pratique, ce sac \u00e0 main de style kawaii est parfait pour les amateurs d&#039;animaux et les passionn\u00e9s de mode.\" \/>\n<meta name=\"robots\" content=\"index, follow, max-snippet:-1, max-image-preview:large, max-video-preview:-1\" \/>\n<link rel=\"canonical\" href=\"https:\/\/capy-planet.com\/fr\/shop\/sac-a-dos-en-peluche-capybara-de-25-cm-environ-motif-tortue-kawaii-chat-trousse-de-maquillage-porte-monnaie-cadeau-danniversaire-creatif\/\" \/>\n<meta property=\"og:locale\" content=\"fr_FR\" \/>\n<meta property=\"og:type\" content=\"article\" \/>\n<meta property=\"og:title\" content=\"CapyBag \u2013 Sac \u00e0 bandouli\u00e8re en peluche de capybara adorable | Sac \u00e0 main mignon et douillet - Capy Planet\" \/>\n<meta property=\"og:description\" content=\"\ud83d\udc39\ud83d\udcbc CapyBag \u2013 Le plus adorable sac bandouli\u00e8re en peluche de capybara ! Doux, moelleux et pratique, ce sac \u00e0 main de style kawaii est parfait pour les amateurs d&#039;animaux et les passionn\u00e9s de mode.\" \/>\n<meta property=\"og:url\" content=\"https:\/\/capy-planet.com\/fr\/shop\/sac-a-dos-en-peluche-capybara-de-25-cm-environ-motif-tortue-kawaii-chat-trousse-de-maquillage-porte-monnaie-cadeau-danniversaire-creatif\/\" \/>\n<meta property=\"og:site_name\" content=\"Capy Planet\" \/>\n<meta property=\"article:publisher\" content=\"https:\/\/www.facebook.com\/capy.planet\" \/>\n<meta property=\"article:modified_time\" content=\"2025-04-17T14:38:55+00:00\" \/>\n<meta property=\"og:image\" content=\"https:\/\/i0.wp.com\/capy-planet.com\/wp-content\/uploads\/sites\/2\/2025\/03\/S875950f3e7ad4a13976b4fcc417316bdW.webp?fit=800%2C800&ssl=1\" \/>\n\t<meta property=\"og:image:width\" content=\"800\" \/>\n\t<meta property=\"og:image:height\" content=\"800\" \/>\n\t<meta property=\"og:image:type\" content=\"image\/webp\" \/>\n<meta name=\"twitter:card\" content=\"summary_large_image\" \/>\n<meta name=\"twitter:label1\" content=\"Dur\u00e9e de lecture estim\u00e9e\" \/>\n\t<meta name=\"twitter:data1\" content=\"1 minute\" \/>\n<script type=\"application\/ld+json\" class=\"yoast-schema-graph\">{\"@context\":\"https:\/\/schema.org\",\"@graph\":[{\"@type\":\"WebPage\",\"@id\":\"https:\/\/capy-planet.com\/fr\/shop\/sac-a-dos-en-peluche-capybara-de-25-cm-environ-motif-tortue-kawaii-chat-trousse-de-maquillage-porte-monnaie-cadeau-danniversaire-creatif\/\",\"url\":\"https:\/\/capy-planet.com\/fr\/shop\/sac-a-dos-en-peluche-capybara-de-25-cm-environ-motif-tortue-kawaii-chat-trousse-de-maquillage-porte-monnaie-cadeau-danniversaire-creatif\/\",\"name\":\"CapyBag \u2013 Sac \u00e0 bandouli\u00e8re en peluche de capybara adorable | Sac \u00e0 main mignon et douillet - Capy Planet\",\"isPartOf\":{\"@id\":\"https:\/\/capy-planet.com\/fr\/#website\"},\"primaryImageOfPage\":{\"@id\":\"https:\/\/capy-planet.com\/fr\/shop\/sac-a-dos-en-peluche-capybara-de-25-cm-environ-motif-tortue-kawaii-chat-trousse-de-maquillage-porte-monnaie-cadeau-danniversaire-creatif\/#primaryimage\"},\"image\":{\"@id\":\"https:\/\/capy-planet.com\/fr\/shop\/sac-a-dos-en-peluche-capybara-de-25-cm-environ-motif-tortue-kawaii-chat-trousse-de-maquillage-porte-monnaie-cadeau-danniversaire-creatif\/#primaryimage\"},\"thumbnailUrl\":\"https:\/\/i0.wp.com\/capy-planet.com\/wp-content\/uploads\/sites\/2\/2025\/03\/S875950f3e7ad4a13976b4fcc417316bdW.webp?fit=800%2C800&ssl=1\",\"datePublished\":\"2025-03-26T08:33:37+00:00\",\"dateModified\":\"2025-04-17T14:38:55+00:00\",\"description\":\"\ud83d\udc39\ud83d\udcbc CapyBag \u2013 Le plus adorable sac bandouli\u00e8re en peluche de capybara ! Doux, moelleux et pratique, ce sac \u00e0 main de style kawaii est parfait pour les amateurs d'animaux et les passionn\u00e9s de mode.\",\"breadcrumb\":{\"@id\":\"https:\/\/capy-planet.com\/fr\/shop\/sac-a-dos-en-peluche-capybara-de-25-cm-environ-motif-tortue-kawaii-chat-trousse-de-maquillage-porte-monnaie-cadeau-danniversaire-creatif\/#breadcrumb\"},\"inLanguage\":\"fr-FR\",\"potentialAction\":[{\"@type\":\"ReadAction\",\"target\":[\"https:\/\/capy-planet.com\/fr\/shop\/sac-a-dos-en-peluche-capybara-de-25-cm-environ-motif-tortue-kawaii-chat-trousse-de-maquillage-porte-monnaie-cadeau-danniversaire-creatif\/\"]}]},{\"@type\":\"ImageObject\",\"inLanguage\":\"fr-FR\",\"@id\":\"https:\/\/capy-planet.com\/fr\/shop\/sac-a-dos-en-peluche-capybara-de-25-cm-environ-motif-tortue-kawaii-chat-trousse-de-maquillage-porte-monnaie-cadeau-danniversaire-creatif\/#primaryimage\",\"url\":\"https:\/\/i0.wp.com\/capy-planet.com\/wp-content\/uploads\/sites\/2\/2025\/03\/S875950f3e7ad4a13976b4fcc417316bdW.webp?fit=800%2C800&ssl=1\",\"contentUrl\":\"https:\/\/i0.wp.com\/capy-planet.com\/wp-content\/uploads\/sites\/2\/2025\/03\/S875950f3e7ad4a13976b4fcc417316bdW.webp?fit=800%2C800&ssl=1\",\"width\":800,\"height\":800},{\"@type\":\"BreadcrumbList\",\"@id\":\"https:\/\/capy-planet.com\/fr\/shop\/sac-a-dos-en-peluche-capybara-de-25-cm-environ-motif-tortue-kawaii-chat-trousse-de-maquillage-porte-monnaie-cadeau-danniversaire-creatif\/#breadcrumb\",\"itemListElement\":[{\"@type\":\"ListItem\",\"position\":1,\"name\":\"Home\",\"item\":\"https:\/\/capy-planet.com\/fr\/home\/\"},{\"@type\":\"ListItem\",\"position\":2,\"name\":\"Capy Shop\",\"item\":\"https:\/\/capy-planet.com\/shop\/\"},{\"@type\":\"ListItem\",\"position\":3,\"name\":\"CapyBag \u2013 Sac \u00e0 bandouli\u00e8re en peluche de capybara adorable | Sac \u00e0 main mignon et douillet\"}]},{\"@type\":\"WebSite\",\"@id\":\"https:\/\/capy-planet.com\/fr\/#website\",\"url\":\"https:\/\/capy-planet.com\/fr\/\",\"name\":\"Capy Planet\",\"description\":\"Adoptez la vibe Capybara !\",\"publisher\":{\"@id\":\"https:\/\/capy-planet.com\/fr\/#organization\"},\"potentialAction\":[{\"@type\":\"SearchAction\",\"target\":{\"@type\":\"EntryPoint\",\"urlTemplate\":\"https:\/\/capy-planet.com\/fr\/?s={search_term_string}\"},\"query-input\":{\"@type\":\"PropertyValueSpecification\",\"valueRequired\":true,\"valueName\":\"search_term_string\"}}],\"inLanguage\":\"fr-FR\"},{\"@type\":\"Organization\",\"@id\":\"https:\/\/capy-planet.com\/fr\/#organization\",\"name\":\"Plan\u00e8te Capy\",\"url\":\"https:\/\/capy-planet.com\/fr\/\",\"logo\":{\"@type\":\"ImageObject\",\"inLanguage\":\"fr-FR\",\"@id\":\"https:\/\/capy-planet.com\/fr\/#\/schema\/logo\/image\/\",\"url\":\"https:\/\/i0.wp.com\/capy-planet.com\/wp-content\/uploads\/sites\/2\/2025\/03\/Henri_Hardillier_Capybara_face_large_smile_big_white_kawaii_eyes_c795f5d3-126d-4c2b-bf35-82751b2d63bb-2.png?fit=705%2C705&ssl=1\",\"contentUrl\":\"https:\/\/i0.wp.com\/capy-planet.com\/wp-content\/uploads\/sites\/2\/2025\/03\/Henri_Hardillier_Capybara_face_large_smile_big_white_kawaii_eyes_c795f5d3-126d-4c2b-bf35-82751b2d63bb-2.png?fit=705%2C705&ssl=1\",\"width\":705,\"height\":705,\"caption\":\"Plan\u00e8te Capy\"},\"image\":{\"@id\":\"https:\/\/capy-planet.com\/fr\/#\/schema\/logo\/image\/\"},\"sameAs\":[\"https:\/\/www.facebook.com\/capy.planet\",\"https:\/\/www.instagram.com\/capy_planet_com\"]}]}<\/script>\n<!-- \/ Yoast SEO plugin. -->","yoast_head_json":{"title":"CapyBag \u2013 Sac \u00e0 bandouli\u00e8re en peluche de capybara adorable | Sac \u00e0 main mignon et douillet - Capy Planet","description":"\ud83d\udc39\ud83d\udcbc CapyBag \u2013 Le plus adorable sac bandouli\u00e8re en peluche de capybara ! Doux, moelleux et pratique, ce sac \u00e0 main de style kawaii est parfait pour les amateurs d'animaux et les passionn\u00e9s de mode.","robots":{"index":"index","follow":"follow","max-snippet":"max-snippet:-1","max-image-preview":"max-image-preview:large","max-video-preview":"max-video-preview:-1"},"canonical":"https:\/\/capy-planet.com\/fr\/shop\/sac-a-dos-en-peluche-capybara-de-25-cm-environ-motif-tortue-kawaii-chat-trousse-de-maquillage-porte-monnaie-cadeau-danniversaire-creatif\/","og_locale":"fr_FR","og_type":"article","og_title":"CapyBag \u2013 Sac \u00e0 bandouli\u00e8re en peluche de capybara adorable | Sac \u00e0 main mignon et douillet - Capy Planet","og_description":"\ud83d\udc39\ud83d\udcbc CapyBag \u2013 Le plus adorable sac bandouli\u00e8re en peluche de capybara ! Doux, moelleux et pratique, ce sac \u00e0 main de style kawaii est parfait pour les amateurs d'animaux et les passionn\u00e9s de mode.","og_url":"https:\/\/capy-planet.com\/fr\/shop\/sac-a-dos-en-peluche-capybara-de-25-cm-environ-motif-tortue-kawaii-chat-trousse-de-maquillage-porte-monnaie-cadeau-danniversaire-creatif\/","og_site_name":"Capy Planet","article_publisher":"https:\/\/www.facebook.com\/capy.planet","article_modified_time":"2025-04-17T14:38:55+00:00","og_image":[{"width":800,"height":800,"url":"https:\/\/i0.wp.com\/capy-planet.com\/wp-content\/uploads\/sites\/2\/2025\/03\/S875950f3e7ad4a13976b4fcc417316bdW.webp?fit=800%2C800&ssl=1","type":"image\/webp"}],"twitter_card":"summary_large_image","twitter_misc":{"Dur\u00e9e de lecture estim\u00e9e":"1 minute"},"schema":{"@context":"https:\/\/schema.org","@graph":[{"@type":"WebPage","@id":"https:\/\/capy-planet.com\/fr\/shop\/sac-a-dos-en-peluche-capybara-de-25-cm-environ-motif-tortue-kawaii-chat-trousse-de-maquillage-porte-monnaie-cadeau-danniversaire-creatif\/","url":"https:\/\/capy-planet.com\/fr\/shop\/sac-a-dos-en-peluche-capybara-de-25-cm-environ-motif-tortue-kawaii-chat-trousse-de-maquillage-porte-monnaie-cadeau-danniversaire-creatif\/","name":"CapyBag \u2013 Sac \u00e0 bandouli\u00e8re en peluche de capybara adorable | Sac \u00e0 main mignon et douillet - Capy Planet","isPartOf":{"@id":"https:\/\/capy-planet.com\/fr\/#website"},"primaryImageOfPage":{"@id":"https:\/\/capy-planet.com\/fr\/shop\/sac-a-dos-en-peluche-capybara-de-25-cm-environ-motif-tortue-kawaii-chat-trousse-de-maquillage-porte-monnaie-cadeau-danniversaire-creatif\/#primaryimage"},"image":{"@id":"https:\/\/capy-planet.com\/fr\/shop\/sac-a-dos-en-peluche-capybara-de-25-cm-environ-motif-tortue-kawaii-chat-trousse-de-maquillage-porte-monnaie-cadeau-danniversaire-creatif\/#primaryimage"},"thumbnailUrl":"https:\/\/i0.wp.com\/capy-planet.com\/wp-content\/uploads\/sites\/2\/2025\/03\/S875950f3e7ad4a13976b4fcc417316bdW.webp?fit=800%2C800&ssl=1","datePublished":"2025-03-26T08:33:37+00:00","dateModified":"2025-04-17T14:38:55+00:00","description":"\ud83d\udc39\ud83d\udcbc CapyBag \u2013 Le plus adorable sac bandouli\u00e8re en peluche de capybara ! Doux, moelleux et pratique, ce sac \u00e0 main de style kawaii est parfait pour les amateurs d'animaux et les passionn\u00e9s de mode.","breadcrumb":{"@id":"https:\/\/capy-planet.com\/fr\/shop\/sac-a-dos-en-peluche-capybara-de-25-cm-environ-motif-tortue-kawaii-chat-trousse-de-maquillage-porte-monnaie-cadeau-danniversaire-creatif\/#breadcrumb"},"inLanguage":"fr-FR","potentialAction":[{"@type":"ReadAction","target":["https:\/\/capy-planet.com\/fr\/shop\/sac-a-dos-en-peluche-capybara-de-25-cm-environ-motif-tortue-kawaii-chat-trousse-de-maquillage-porte-monnaie-cadeau-danniversaire-creatif\/"]}]},{"@type":"ImageObject","inLanguage":"fr-FR","@id":"https:\/\/capy-planet.com\/fr\/shop\/sac-a-dos-en-peluche-capybara-de-25-cm-environ-motif-tortue-kawaii-chat-trousse-de-maquillage-porte-monnaie-cadeau-danniversaire-creatif\/#primaryimage","url":"https:\/\/i0.wp.com\/capy-planet.com\/wp-content\/uploads\/sites\/2\/2025\/03\/S875950f3e7ad4a13976b4fcc417316bdW.webp?fit=800%2C800&ssl=1","contentUrl":"https:\/\/i0.wp.com\/capy-planet.com\/wp-content\/uploads\/sites\/2\/2025\/03\/S875950f3e7ad4a13976b4fcc417316bdW.webp?fit=800%2C800&ssl=1","width":800,"height":800},{"@type":"BreadcrumbList","@id":"https:\/\/capy-planet.com\/fr\/shop\/sac-a-dos-en-peluche-capybara-de-25-cm-environ-motif-tortue-kawaii-chat-trousse-de-maquillage-porte-monnaie-cadeau-danniversaire-creatif\/#breadcrumb","itemListElement":[{"@type":"ListItem","position":1,"name":"Home","item":"https:\/\/capy-planet.com\/fr\/home\/"},{"@type":"ListItem","position":2,"name":"Capy Shop","item":"https:\/\/capy-planet.com\/shop\/"},{"@type":"ListItem","position":3,"name":"CapyBag \u2013 Sac \u00e0 bandouli\u00e8re en peluche de capybara adorable | Sac \u00e0 main mignon et douillet"}]},{"@type":"WebSite","@id":"https:\/\/capy-planet.com\/fr\/#website","url":"https:\/\/capy-planet.com\/fr\/","name":"Capy Planet","description":"Adoptez la vibe Capybara !","publisher":{"@id":"https:\/\/capy-planet.com\/fr\/#organization"},"potentialAction":[{"@type":"SearchAction","target":{"@type":"EntryPoint","urlTemplate":"https:\/\/capy-planet.com\/fr\/?s={search_term_string}"},"query-input":{"@type":"PropertyValueSpecification","valueRequired":true,"valueName":"search_term_string"}}],"inLanguage":"fr-FR"},{"@type":"Organization","@id":"https:\/\/capy-planet.com\/fr\/#organization","name":"Plan\u00e8te Capy","url":"https:\/\/capy-planet.com\/fr\/","logo":{"@type":"ImageObject","inLanguage":"fr-FR","@id":"https:\/\/capy-planet.com\/fr\/#\/schema\/logo\/image\/","url":"https:\/\/i0.wp.com\/capy-planet.com\/wp-content\/uploads\/sites\/2\/2025\/03\/Henri_Hardillier_Capybara_face_large_smile_big_white_kawaii_eyes_c795f5d3-126d-4c2b-bf35-82751b2d63bb-2.png?fit=705%2C705&ssl=1","contentUrl":"https:\/\/i0.wp.com\/capy-planet.com\/wp-content\/uploads\/sites\/2\/2025\/03\/Henri_Hardillier_Capybara_face_large_smile_big_white_kawaii_eyes_c795f5d3-126d-4c2b-bf35-82751b2d63bb-2.png?fit=705%2C705&ssl=1","width":705,"height":705,"caption":"Plan\u00e8te Capy"},"image":{"@id":"https:\/\/capy-planet.com\/fr\/#\/schema\/logo\/image\/"},"sameAs":["https:\/\/www.facebook.com\/capy.planet","https:\/\/www.instagram.com\/capy_planet_com"]}]}},"jetpack_sharing_enabled":true,"_links":{"self":[{"href":"https:\/\/capy-planet.com\/fr\/wp-json\/wp\/v2\/product\/40157","targetHints":{"allow":["GET"]}}],"collection":[{"href":"https:\/\/capy-planet.com\/fr\/wp-json\/wp\/v2\/product"}],"about":[{"href":"https:\/\/capy-planet.com\/fr\/wp-json\/wp\/v2\/types\/product"}],"replies":[{"embeddable":true,"href":"https:\/\/capy-planet.com\/fr\/wp-json\/wp\/v2\/comments?post=40157"}],"wp:featuredmedia":[{"embeddable":true,"href":"https:\/\/capy-planet.com\/fr\/wp-json\/wp\/v2\/media\/40099"}],"wp:attachment":[{"href":"https:\/\/capy-planet.com\/fr\/wp-json\/wp\/v2\/media?parent=40157"}],"wp:term":[{"taxonomy":"product_brand","embeddable":true,"href":"https:\/\/capy-planet.com\/fr\/wp-json\/wp\/v2\/product_brand?post=40157"},{"taxonomy":"product_cat","embeddable":true,"href":"https:\/\/capy-planet.com\/fr\/wp-json\/wp\/v2\/product_cat?post=40157"},{"taxonomy":"product_tag","embeddable":true,"href":"https:\/\/capy-planet.com\/fr\/wp-json\/wp\/v2\/product_tag?post=40157"}],"curies":[{"name":"wp","href":"https:\/\/api.w.org\/{rel}","templated":true}]}}