{"id":40087,"date":"2025-03-26T15:30:37","date_gmt":"2025-03-26T08:30:37","guid":{"rendered":"https:\/\/capy-planet.com\/shop\/peluche-capybara-kawaii-animaux-de-simulation-avec-mucus-nasal-extensible-mignon-capibara-peluche-douce-et-moelleuse-cadeau-pour-enfant\/"},"modified":"2025-04-17T21:39:03","modified_gmt":"2025-04-17T14:39:03","slug":"peluche-capybara-kawaii-animaux-de-simulation-avec-mucus-nasal-extensible-mignon-capibara-peluche-douce-et-moelleuse-cadeau-pour-enfant","status":"publish","type":"product","link":"https:\/\/capy-planet.com\/fr\/shop\/peluche-capybara-kawaii-animaux-de-simulation-avec-mucus-nasal-extensible-mignon-capibara-peluche-douce-et-moelleuse-cadeau-pour-enfant\/","title":{"rendered":"CapySneeze \u2013 Peluche Hilarante de Capybara avec Morve Extensible | Cadeau Doux et Amusant"},"content":{"rendered":"<p class=\"\" data-start=\"200\" data-end=\"276\">\ud83e\udd27\ud83d\udc39 <strong data-start=\"205\" data-end=\"269\">Faites la Connaissance de CapySneeze \u2013 La Peluche de Capybara la Plus Amusante qui \u00c9ternue !<\/strong> \ud83c\udf89\ud83d\ude02<\/p>\n<p class=\"\" data-start=\"278\" data-end=\"678\">Vous recherchez une <strong data-start=\"292\" data-end=\"340\">peluche mignonne, originale et absolument hilarante<\/strong> ? <strong data-start=\"342\" data-end=\"357\">CapySneeze<\/strong> est <strong data-start=\"365\" data-end=\"412\">l&rsquo;ultime jouet en peluche pour le soulagement du stress et le divertissement<\/strong> ! Ce capybara dodu et c\u00e2lin est dot\u00e9 d&rsquo;une <strong data-start=\"456\" data-end=\"486\">fonction de \u00ab morve \u00bb extensible<\/strong>, ajoutant une dose suppl\u00e9mentaire d&rsquo;amusement et d&rsquo;espi\u00e8glerie. Que vous soyez <strong data-start=\"547\" data-end=\"621\">un amateur de capybaras, un passionn\u00e9 de m\u00e8mes, ou que vous recherchiez simplement un compagnon en peluche unique<\/strong>, ce petit personnage est certain d&rsquo;apporter sourires et rires ! <\/p>\n<p class=\"\" data-start=\"680\" data-end=\"1107\">\ud83d\udca1 <strong data-start=\"683\" data-end=\"710\">Pourquoi choisir CapySneeze ?<\/strong><br data-start=\"710\" data-end=\"713\">\u2714 <strong data-start=\"715\" data-end=\"740\">Ultra-douce et c\u00e2line<\/strong> \u2013 Mat\u00e9riau en peluche de qualit\u00e9 sup\u00e9rieure pour un confort optimal.<br data-start=\"787\" data-end=\"790\">\u2714 <strong data-start=\"792\" data-end=\"815\">Amusante et interactive<\/strong> \u2013 Tirez sur le \u00ab mucus \u00bb extensible pour des rires incessants.<br data-start=\"863\" data-end=\"866\">\u2714 <strong data-start=\"868\" data-end=\"889\">Id\u00e9e de cadeau parfaite<\/strong> \u2013 Id\u00e9ale pour les enfants, les collectionneurs de peluches et les amateurs de m\u00e8mes.<br data-start=\"939\" data-end=\"942\">\u2714 <strong data-start=\"944\" data-end=\"967\">Durable et bien con\u00e7ue<\/strong> \u2013 Coutures de haute qualit\u00e9 pour r\u00e9sister \u00e0 tous vos \u00e9clats de rire.<br data-start=\"1025\" data-end=\"1028\">\u2714 <strong data-start=\"1030\" data-end=\"1054\">Attachante et adorable<\/strong> \u2013 Qui aurait cru qu&rsquo;un capybara \u00e9ternuant puisse \u00eatre si mignon ?<\/p>\n<p class=\"\" data-start=\"1109\" data-end=\"1189\">\ud83c\udf81 <strong data-start=\"1112\" data-end=\"1182\">Offrez une dose de rire \u00e0 quelqu&rsquo;un ou procurez-vous votre propre CapySneeze d\u00e8s aujourd&rsquo;hui !<\/strong> \ud83e\udd29\ud83d\udc3e<\/p>\n","protected":false},"excerpt":{"rendered":"<p>\ud83d\ude02\ud83d\udc39 <strong data-start=\"1257\" data-end=\"1308\">CapySneeze \u2013 La peluche de capybara la plus amusante jamais cr\u00e9\u00e9e !<\/strong> Douce, c\u00e2line et interactive avec une fonction de morve extensible hilarante. Un incontournable pour les amateurs de capybaras ! <\/p>\n","protected":false},"featured_media":40055,"comment_status":"open","ping_status":"closed","template":"","meta":[],"product_brand":[],"product_cat":[455],"product_tag":[1183,666,663,1185,513,1162,507,1182,1184,1186],"class_list":{"0":"post-40087","1":"product","2":"type-product","3":"status-publish","4":"has-post-thumbnail","6":"product_cat-capy-plushies-fr","7":"product_tag-animal-en-peluche-interactif","8":"product_tag-capybara-gift-fr","9":"product_tag-kawaii-capybara-fr","10":"product_tag-jouet-anti-stress","11":"product_tag-funny-plush-toy-fr","12":"product_tag-jouet-en-peluche-doux","13":"product_tag-capybara-plush-fr","14":"product_tag-peluche-meme","15":"product_tag-peluche-unique","16":"product_tag-poupee-en-peluche-hilarante","18":"first","19":"instock","20":"sale","21":"shipping-taxable","22":"purchasable","23":"product-type-variable"},"yoast_head":"<!-- This site is optimized with the Yoast SEO plugin v27.0 - https:\/\/yoast.com\/product\/yoast-seo-wordpress\/ -->\n<title>CapySneeze \u2013 Peluche Hilarante de Capybara avec Morve Extensible | Cadeau Doux et Amusant - Capy Planet<\/title>\n<meta name=\"robots\" content=\"index, follow, max-snippet:-1, max-image-preview:large, max-video-preview:-1\" \/>\n<link rel=\"canonical\" href=\"https:\/\/capy-planet.com\/fr\/shop\/peluche-capybara-kawaii-animaux-de-simulation-avec-mucus-nasal-extensible-mignon-capibara-peluche-douce-et-moelleuse-cadeau-pour-enfant\/\" \/>\n<meta property=\"og:locale\" content=\"fr_FR\" \/>\n<meta property=\"og:type\" content=\"article\" \/>\n<meta property=\"og:title\" content=\"CapySneeze \u2013 Peluche Hilarante de Capybara avec Morve Extensible | Cadeau Doux et Amusant - Capy Planet\" \/>\n<meta property=\"og:description\" content=\"\ud83d\ude02\ud83d\udc39 CapySneeze \u2013 La peluche de capybara la plus amusante jamais cr\u00e9\u00e9e ! Douce, c\u00e2line et interactive avec une fonction de morve extensible hilarante. Un incontournable pour les amateurs de capybaras !\" \/>\n<meta property=\"og:url\" content=\"https:\/\/capy-planet.com\/fr\/shop\/peluche-capybara-kawaii-animaux-de-simulation-avec-mucus-nasal-extensible-mignon-capibara-peluche-douce-et-moelleuse-cadeau-pour-enfant\/\" \/>\n<meta property=\"og:site_name\" content=\"Capy Planet\" \/>\n<meta property=\"article:publisher\" content=\"https:\/\/www.facebook.com\/capy.planet\" \/>\n<meta property=\"article:modified_time\" content=\"2025-04-17T14:39:03+00:00\" \/>\n<meta property=\"og:image\" content=\"https:\/\/i0.wp.com\/capy-planet.com\/wp-content\/uploads\/sites\/2\/2025\/03\/S528bc719c8294ac2a125817966fdf8d25.webp?fit=800%2C800&ssl=1\" \/>\n\t<meta property=\"og:image:width\" content=\"800\" \/>\n\t<meta property=\"og:image:height\" content=\"800\" \/>\n\t<meta property=\"og:image:type\" content=\"image\/webp\" \/>\n<meta name=\"twitter:card\" content=\"summary_large_image\" \/>\n<meta name=\"twitter:label1\" content=\"Dur\u00e9e de lecture estim\u00e9e\" \/>\n\t<meta name=\"twitter:data1\" content=\"1 minute\" \/>\n<script type=\"application\/ld+json\" class=\"yoast-schema-graph\">{\"@context\":\"https:\/\/schema.org\",\"@graph\":[{\"@type\":\"WebPage\",\"@id\":\"https:\/\/capy-planet.com\/fr\/shop\/peluche-capybara-kawaii-animaux-de-simulation-avec-mucus-nasal-extensible-mignon-capibara-peluche-douce-et-moelleuse-cadeau-pour-enfant\/\",\"url\":\"https:\/\/capy-planet.com\/fr\/shop\/peluche-capybara-kawaii-animaux-de-simulation-avec-mucus-nasal-extensible-mignon-capibara-peluche-douce-et-moelleuse-cadeau-pour-enfant\/\",\"name\":\"CapySneeze \u2013 Peluche Hilarante de Capybara avec Morve Extensible | Cadeau Doux et Amusant - Capy Planet\",\"isPartOf\":{\"@id\":\"https:\/\/capy-planet.com\/fr\/#website\"},\"primaryImageOfPage\":{\"@id\":\"https:\/\/capy-planet.com\/fr\/shop\/peluche-capybara-kawaii-animaux-de-simulation-avec-mucus-nasal-extensible-mignon-capibara-peluche-douce-et-moelleuse-cadeau-pour-enfant\/#primaryimage\"},\"image\":{\"@id\":\"https:\/\/capy-planet.com\/fr\/shop\/peluche-capybara-kawaii-animaux-de-simulation-avec-mucus-nasal-extensible-mignon-capibara-peluche-douce-et-moelleuse-cadeau-pour-enfant\/#primaryimage\"},\"thumbnailUrl\":\"https:\/\/i0.wp.com\/capy-planet.com\/wp-content\/uploads\/sites\/2\/2025\/03\/S528bc719c8294ac2a125817966fdf8d25.webp?fit=800%2C800&ssl=1\",\"datePublished\":\"2025-03-26T08:30:37+00:00\",\"dateModified\":\"2025-04-17T14:39:03+00:00\",\"breadcrumb\":{\"@id\":\"https:\/\/capy-planet.com\/fr\/shop\/peluche-capybara-kawaii-animaux-de-simulation-avec-mucus-nasal-extensible-mignon-capibara-peluche-douce-et-moelleuse-cadeau-pour-enfant\/#breadcrumb\"},\"inLanguage\":\"fr-FR\",\"potentialAction\":[{\"@type\":\"ReadAction\",\"target\":[\"https:\/\/capy-planet.com\/fr\/shop\/peluche-capybara-kawaii-animaux-de-simulation-avec-mucus-nasal-extensible-mignon-capibara-peluche-douce-et-moelleuse-cadeau-pour-enfant\/\"]}]},{\"@type\":\"ImageObject\",\"inLanguage\":\"fr-FR\",\"@id\":\"https:\/\/capy-planet.com\/fr\/shop\/peluche-capybara-kawaii-animaux-de-simulation-avec-mucus-nasal-extensible-mignon-capibara-peluche-douce-et-moelleuse-cadeau-pour-enfant\/#primaryimage\",\"url\":\"https:\/\/i0.wp.com\/capy-planet.com\/wp-content\/uploads\/sites\/2\/2025\/03\/S528bc719c8294ac2a125817966fdf8d25.webp?fit=800%2C800&ssl=1\",\"contentUrl\":\"https:\/\/i0.wp.com\/capy-planet.com\/wp-content\/uploads\/sites\/2\/2025\/03\/S528bc719c8294ac2a125817966fdf8d25.webp?fit=800%2C800&ssl=1\",\"width\":800,\"height\":800},{\"@type\":\"BreadcrumbList\",\"@id\":\"https:\/\/capy-planet.com\/fr\/shop\/peluche-capybara-kawaii-animaux-de-simulation-avec-mucus-nasal-extensible-mignon-capibara-peluche-douce-et-moelleuse-cadeau-pour-enfant\/#breadcrumb\",\"itemListElement\":[{\"@type\":\"ListItem\",\"position\":1,\"name\":\"Home\",\"item\":\"https:\/\/capy-planet.com\/fr\/home\/\"},{\"@type\":\"ListItem\",\"position\":2,\"name\":\"Capy Shop\",\"item\":\"https:\/\/capy-planet.com\/shop\/\"},{\"@type\":\"ListItem\",\"position\":3,\"name\":\"CapySneeze \u2013 Peluche Hilarante de Capybara avec Morve Extensible | Cadeau Doux et Amusant\"}]},{\"@type\":\"WebSite\",\"@id\":\"https:\/\/capy-planet.com\/fr\/#website\",\"url\":\"https:\/\/capy-planet.com\/fr\/\",\"name\":\"Capy Planet\",\"description\":\"Adoptez la vibe Capybara !\",\"publisher\":{\"@id\":\"https:\/\/capy-planet.com\/fr\/#organization\"},\"potentialAction\":[{\"@type\":\"SearchAction\",\"target\":{\"@type\":\"EntryPoint\",\"urlTemplate\":\"https:\/\/capy-planet.com\/fr\/?s={search_term_string}\"},\"query-input\":{\"@type\":\"PropertyValueSpecification\",\"valueRequired\":true,\"valueName\":\"search_term_string\"}}],\"inLanguage\":\"fr-FR\"},{\"@type\":\"Organization\",\"@id\":\"https:\/\/capy-planet.com\/fr\/#organization\",\"name\":\"Plan\u00e8te Capy\",\"url\":\"https:\/\/capy-planet.com\/fr\/\",\"logo\":{\"@type\":\"ImageObject\",\"inLanguage\":\"fr-FR\",\"@id\":\"https:\/\/capy-planet.com\/fr\/#\/schema\/logo\/image\/\",\"url\":\"https:\/\/i0.wp.com\/capy-planet.com\/wp-content\/uploads\/sites\/2\/2025\/03\/Henri_Hardillier_Capybara_face_large_smile_big_white_kawaii_eyes_c795f5d3-126d-4c2b-bf35-82751b2d63bb-2.png?fit=705%2C705&ssl=1\",\"contentUrl\":\"https:\/\/i0.wp.com\/capy-planet.com\/wp-content\/uploads\/sites\/2\/2025\/03\/Henri_Hardillier_Capybara_face_large_smile_big_white_kawaii_eyes_c795f5d3-126d-4c2b-bf35-82751b2d63bb-2.png?fit=705%2C705&ssl=1\",\"width\":705,\"height\":705,\"caption\":\"Plan\u00e8te Capy\"},\"image\":{\"@id\":\"https:\/\/capy-planet.com\/fr\/#\/schema\/logo\/image\/\"},\"sameAs\":[\"https:\/\/www.facebook.com\/capy.planet\",\"https:\/\/www.instagram.com\/capy_planet_com\"]}]}<\/script>\n<!-- \/ Yoast SEO plugin. -->","yoast_head_json":{"title":"CapySneeze \u2013 Peluche Hilarante de Capybara avec Morve Extensible | Cadeau Doux et Amusant - Capy Planet","robots":{"index":"index","follow":"follow","max-snippet":"max-snippet:-1","max-image-preview":"max-image-preview:large","max-video-preview":"max-video-preview:-1"},"canonical":"https:\/\/capy-planet.com\/fr\/shop\/peluche-capybara-kawaii-animaux-de-simulation-avec-mucus-nasal-extensible-mignon-capibara-peluche-douce-et-moelleuse-cadeau-pour-enfant\/","og_locale":"fr_FR","og_type":"article","og_title":"CapySneeze \u2013 Peluche Hilarante de Capybara avec Morve Extensible | Cadeau Doux et Amusant - Capy Planet","og_description":"\ud83d\ude02\ud83d\udc39 CapySneeze \u2013 La peluche de capybara la plus amusante jamais cr\u00e9\u00e9e ! Douce, c\u00e2line et interactive avec une fonction de morve extensible hilarante. Un incontournable pour les amateurs de capybaras !","og_url":"https:\/\/capy-planet.com\/fr\/shop\/peluche-capybara-kawaii-animaux-de-simulation-avec-mucus-nasal-extensible-mignon-capibara-peluche-douce-et-moelleuse-cadeau-pour-enfant\/","og_site_name":"Capy Planet","article_publisher":"https:\/\/www.facebook.com\/capy.planet","article_modified_time":"2025-04-17T14:39:03+00:00","og_image":[{"width":800,"height":800,"url":"https:\/\/i0.wp.com\/capy-planet.com\/wp-content\/uploads\/sites\/2\/2025\/03\/S528bc719c8294ac2a125817966fdf8d25.webp?fit=800%2C800&ssl=1","type":"image\/webp"}],"twitter_card":"summary_large_image","twitter_misc":{"Dur\u00e9e de lecture estim\u00e9e":"1 minute"},"schema":{"@context":"https:\/\/schema.org","@graph":[{"@type":"WebPage","@id":"https:\/\/capy-planet.com\/fr\/shop\/peluche-capybara-kawaii-animaux-de-simulation-avec-mucus-nasal-extensible-mignon-capibara-peluche-douce-et-moelleuse-cadeau-pour-enfant\/","url":"https:\/\/capy-planet.com\/fr\/shop\/peluche-capybara-kawaii-animaux-de-simulation-avec-mucus-nasal-extensible-mignon-capibara-peluche-douce-et-moelleuse-cadeau-pour-enfant\/","name":"CapySneeze \u2013 Peluche Hilarante de Capybara avec Morve Extensible | Cadeau Doux et Amusant - Capy Planet","isPartOf":{"@id":"https:\/\/capy-planet.com\/fr\/#website"},"primaryImageOfPage":{"@id":"https:\/\/capy-planet.com\/fr\/shop\/peluche-capybara-kawaii-animaux-de-simulation-avec-mucus-nasal-extensible-mignon-capibara-peluche-douce-et-moelleuse-cadeau-pour-enfant\/#primaryimage"},"image":{"@id":"https:\/\/capy-planet.com\/fr\/shop\/peluche-capybara-kawaii-animaux-de-simulation-avec-mucus-nasal-extensible-mignon-capibara-peluche-douce-et-moelleuse-cadeau-pour-enfant\/#primaryimage"},"thumbnailUrl":"https:\/\/i0.wp.com\/capy-planet.com\/wp-content\/uploads\/sites\/2\/2025\/03\/S528bc719c8294ac2a125817966fdf8d25.webp?fit=800%2C800&ssl=1","datePublished":"2025-03-26T08:30:37+00:00","dateModified":"2025-04-17T14:39:03+00:00","breadcrumb":{"@id":"https:\/\/capy-planet.com\/fr\/shop\/peluche-capybara-kawaii-animaux-de-simulation-avec-mucus-nasal-extensible-mignon-capibara-peluche-douce-et-moelleuse-cadeau-pour-enfant\/#breadcrumb"},"inLanguage":"fr-FR","potentialAction":[{"@type":"ReadAction","target":["https:\/\/capy-planet.com\/fr\/shop\/peluche-capybara-kawaii-animaux-de-simulation-avec-mucus-nasal-extensible-mignon-capibara-peluche-douce-et-moelleuse-cadeau-pour-enfant\/"]}]},{"@type":"ImageObject","inLanguage":"fr-FR","@id":"https:\/\/capy-planet.com\/fr\/shop\/peluche-capybara-kawaii-animaux-de-simulation-avec-mucus-nasal-extensible-mignon-capibara-peluche-douce-et-moelleuse-cadeau-pour-enfant\/#primaryimage","url":"https:\/\/i0.wp.com\/capy-planet.com\/wp-content\/uploads\/sites\/2\/2025\/03\/S528bc719c8294ac2a125817966fdf8d25.webp?fit=800%2C800&ssl=1","contentUrl":"https:\/\/i0.wp.com\/capy-planet.com\/wp-content\/uploads\/sites\/2\/2025\/03\/S528bc719c8294ac2a125817966fdf8d25.webp?fit=800%2C800&ssl=1","width":800,"height":800},{"@type":"BreadcrumbList","@id":"https:\/\/capy-planet.com\/fr\/shop\/peluche-capybara-kawaii-animaux-de-simulation-avec-mucus-nasal-extensible-mignon-capibara-peluche-douce-et-moelleuse-cadeau-pour-enfant\/#breadcrumb","itemListElement":[{"@type":"ListItem","position":1,"name":"Home","item":"https:\/\/capy-planet.com\/fr\/home\/"},{"@type":"ListItem","position":2,"name":"Capy Shop","item":"https:\/\/capy-planet.com\/shop\/"},{"@type":"ListItem","position":3,"name":"CapySneeze \u2013 Peluche Hilarante de Capybara avec Morve Extensible | Cadeau Doux et Amusant"}]},{"@type":"WebSite","@id":"https:\/\/capy-planet.com\/fr\/#website","url":"https:\/\/capy-planet.com\/fr\/","name":"Capy Planet","description":"Adoptez la vibe Capybara !","publisher":{"@id":"https:\/\/capy-planet.com\/fr\/#organization"},"potentialAction":[{"@type":"SearchAction","target":{"@type":"EntryPoint","urlTemplate":"https:\/\/capy-planet.com\/fr\/?s={search_term_string}"},"query-input":{"@type":"PropertyValueSpecification","valueRequired":true,"valueName":"search_term_string"}}],"inLanguage":"fr-FR"},{"@type":"Organization","@id":"https:\/\/capy-planet.com\/fr\/#organization","name":"Plan\u00e8te Capy","url":"https:\/\/capy-planet.com\/fr\/","logo":{"@type":"ImageObject","inLanguage":"fr-FR","@id":"https:\/\/capy-planet.com\/fr\/#\/schema\/logo\/image\/","url":"https:\/\/i0.wp.com\/capy-planet.com\/wp-content\/uploads\/sites\/2\/2025\/03\/Henri_Hardillier_Capybara_face_large_smile_big_white_kawaii_eyes_c795f5d3-126d-4c2b-bf35-82751b2d63bb-2.png?fit=705%2C705&ssl=1","contentUrl":"https:\/\/i0.wp.com\/capy-planet.com\/wp-content\/uploads\/sites\/2\/2025\/03\/Henri_Hardillier_Capybara_face_large_smile_big_white_kawaii_eyes_c795f5d3-126d-4c2b-bf35-82751b2d63bb-2.png?fit=705%2C705&ssl=1","width":705,"height":705,"caption":"Plan\u00e8te Capy"},"image":{"@id":"https:\/\/capy-planet.com\/fr\/#\/schema\/logo\/image\/"},"sameAs":["https:\/\/www.facebook.com\/capy.planet","https:\/\/www.instagram.com\/capy_planet_com"]}]}},"jetpack_sharing_enabled":true,"_links":{"self":[{"href":"https:\/\/capy-planet.com\/fr\/wp-json\/wp\/v2\/product\/40087","targetHints":{"allow":["GET"]}}],"collection":[{"href":"https:\/\/capy-planet.com\/fr\/wp-json\/wp\/v2\/product"}],"about":[{"href":"https:\/\/capy-planet.com\/fr\/wp-json\/wp\/v2\/types\/product"}],"replies":[{"embeddable":true,"href":"https:\/\/capy-planet.com\/fr\/wp-json\/wp\/v2\/comments?post=40087"}],"wp:featuredmedia":[{"embeddable":true,"href":"https:\/\/capy-planet.com\/fr\/wp-json\/wp\/v2\/media\/40055"}],"wp:attachment":[{"href":"https:\/\/capy-planet.com\/fr\/wp-json\/wp\/v2\/media?parent=40087"}],"wp:term":[{"taxonomy":"product_brand","embeddable":true,"href":"https:\/\/capy-planet.com\/fr\/wp-json\/wp\/v2\/product_brand?post=40087"},{"taxonomy":"product_cat","embeddable":true,"href":"https:\/\/capy-planet.com\/fr\/wp-json\/wp\/v2\/product_cat?post=40087"},{"taxonomy":"product_tag","embeddable":true,"href":"https:\/\/capy-planet.com\/fr\/wp-json\/wp\/v2\/product_tag?post=40087"}],"curies":[{"name":"wp","href":"https:\/\/api.w.org\/{rel}","templated":true}]}}