{"id":39989,"date":"2025-03-26T15:26:02","date_gmt":"2025-03-26T08:26:02","guid":{"rendered":"https:\/\/capy-planet.com\/shop\/capybuddy-peluche-capybara-a-habiller-adorable-peluche-personnalisable\/"},"modified":"2025-04-19T18:05:19","modified_gmt":"2025-04-19T11:05:19","slug":"capybuddy-peluche-capybara-a-habiller-adorable-peluche-personnalisable","status":"publish","type":"product","link":"https:\/\/capy-planet.com\/fr\/shop\/capybuddy-peluche-capybara-a-habiller-adorable-peluche-personnalisable\/","title":{"rendered":"CapyBuddy \u2013 Peluche Capybara \u00e0 Habiller | Jouet Doux Adorable et Personnalisable"},"content":{"rendered":"<p class=\"\" data-start=\"191\" data-end=\"271\">\ud83d\udc39\u2728 <strong data-start=\"195\" data-end=\"264\">Faites la connaissance de CapyBuddy \u2013 La Peluche Capybara la Plus Mignonne qui Change de Tenues !<\/strong> \ud83c\udf80\ud83d\udc9b<\/p>\n<p class=\"\" data-start=\"273\" data-end=\"637\">\u00c0 la recherche du <strong data-start=\"289\" data-end=\"349\">m\u00e9lange parfait entre mignonnerie, cr\u00e9ativit\u00e9 et douceur c\u00e2line<\/strong> ? <strong data-start=\"351\" data-end=\"365\">CapyBuddy<\/strong> est l\u00e0 ! Cette <strong data-start=\"380\" data-end=\"411\">adorable peluche capybara<\/strong> est livr\u00e9e avec des <strong data-start=\"423\" data-end=\"450\">tenues interchangeables<\/strong>, vous permettant de l&rsquo;habiller pour chaque occasion. Que vous soyez un <strong data-start=\"513\" data-end=\"589\">amateur de capybaras, un collectionneur de peluches, ou \u00e0 la recherche du cadeau kawaii ultime<\/strong>, cet animal en peluche charmant est un incontournable !  <\/p>\n<p class=\"\" data-start=\"639\" data-end=\"1064\">\ud83d\udc96 <strong data-start=\"642\" data-end=\"673\">Pourquoi Allez-Vous Adorer CapyBuddy ?<\/strong><br data-start=\"673\" data-end=\"676\">\u2714 <strong data-start=\"678\" data-end=\"697\">Doux  C\u00e2linable<\/strong> \u2013 Fabriqu\u00e9 \u00e0 partir de tissu peluche de qualit\u00e9 sup\u00e9rieure pour des c\u00e2lins suppl\u00e9mentaires.<br data-start=\"750\" data-end=\"753\">\u2714 <strong data-start=\"755\" data-end=\"779\">Mode Personnalisable<\/strong> \u2013 Changez de tenues pour correspondre \u00e0 votre humeur  votre style !<br data-start=\"824\" data-end=\"827\">\u2714 <strong data-start=\"829\" data-end=\"850\">Id\u00e9e Cadeau Parfaite<\/strong> \u2013 Id\u00e9al pour les enfants, les collectionneurs de peluches  les passionn\u00e9s de capybaras.<br data-start=\"909\" data-end=\"912\">\u2714 <strong data-start=\"914\" data-end=\"940\">Couture de Haute Qualit\u00e9<\/strong> \u2013 Durable et con\u00e7u pour r\u00e9sister \u00e0 d&rsquo;innombrables c\u00e2lins.<br data-start=\"989\" data-end=\"992\">\u2714 <strong data-start=\"994\" data-end=\"1017\">D\u00e9coration Int\u00e9rieure Adorable<\/strong> \u2013 Ajoute une ambiance chaleureuse et ludique \u00e0 n&rsquo;importe quel espace !<\/p>\n<p class=\"\" data-start=\"1066\" data-end=\"1145\">\ud83c\udf81 <strong data-start=\"1069\" data-end=\"1138\">Surprenez un \u00eatre cher ou constituez votre propre garde-robe CapyBuddy d\u00e8s aujourd&rsquo;hui !<\/strong> \ud83c\udf1f\ud83d\udc3e<\/p>\n","protected":false},"excerpt":{"rendered":"<p>\ud83d\udc39\u2728 <strong data-start=\"1212\" data-end=\"1270\">CapyBuddy \u2013 La peluche capybara ultime \u00e0 habiller !<\/strong> Douce, c\u00e2linable et personnalisable avec des tenues interchangeables. Un cadeau kawaii pour tous les \u00e2ges ! <\/p>\n","protected":false},"featured_media":39787,"comment_status":"open","ping_status":"closed","template":"","meta":[],"product_brand":[],"product_cat":[455],"product_tag":[1090,623,1161,1157,1156,1162,1160,507,1159,1158],"class_list":{"0":"post-39989","1":"product","2":"type-product","3":"status-publish","4":"has-post-thumbnail","6":"product_cat-capy-plushies-fr","7":"product_tag-animal-en-peluche-kawaii","8":"product_tag-capybara-lover-gift-fr","9":"product_tag-idee-cadeau-pour-enfants","10":"product_tag-peluche-personnalisable","11":"product_tag-jouet-en-peluche-a-habiller","12":"product_tag-jouet-en-peluche-doux","13":"product_tag-peluche-a-tenue-interchangeable","14":"product_tag-capybara-plush-fr","15":"product_tag-peluche-de-collection","16":"product_tag-peluche-mignonne","18":"first","19":"instock","20":"sale","21":"shipping-taxable","22":"purchasable","23":"product-type-variable"},"yoast_head":"<!-- This site is optimized with the Yoast SEO plugin v27.0 - https:\/\/yoast.com\/product\/yoast-seo-wordpress\/ -->\n<title>CapyBuddy \u2013 Peluche Capybara \u00e0 Habiller | Jouet Doux Adorable et Personnalisable - Capy Planet<\/title>\n<meta name=\"description\" content=\"\ud83d\udc39\u2728 CapyBuddy: Peluche capybara habillable. Douce, c\u00e2linable, tenues interchangeables. Cadeau kawaii pour tous!\" \/>\n<meta name=\"robots\" content=\"index, follow, max-snippet:-1, max-image-preview:large, max-video-preview:-1\" \/>\n<link rel=\"canonical\" href=\"https:\/\/capy-planet.com\/fr\/shop\/capybuddy-peluche-capybara-a-habiller-adorable-peluche-personnalisable\/\" \/>\n<meta property=\"og:locale\" content=\"fr_FR\" \/>\n<meta property=\"og:type\" content=\"article\" \/>\n<meta property=\"og:title\" content=\"CapyBuddy \u2013 Peluche Capybara \u00e0 Habiller | Jouet Doux Adorable et Personnalisable - Capy Planet\" \/>\n<meta property=\"og:description\" content=\"\ud83d\udc39\u2728 CapyBuddy: Peluche capybara habillable. Douce, c\u00e2linable, tenues interchangeables. Cadeau kawaii pour tous!\" \/>\n<meta property=\"og:url\" content=\"https:\/\/capy-planet.com\/fr\/shop\/capybuddy-peluche-capybara-a-habiller-adorable-peluche-personnalisable\/\" \/>\n<meta property=\"og:site_name\" content=\"Capy Planet\" \/>\n<meta property=\"article:publisher\" content=\"https:\/\/www.facebook.com\/capy.planet\" \/>\n<meta property=\"article:modified_time\" content=\"2025-04-19T11:05:19+00:00\" \/>\n<meta property=\"og:image\" content=\"https:\/\/i0.wp.com\/capy-planet.com\/wp-content\/uploads\/sites\/2\/2025\/03\/S849535a684094465a15738d059563b48X.webp?fit=800%2C800&ssl=1\" \/>\n\t<meta property=\"og:image:width\" content=\"800\" \/>\n\t<meta property=\"og:image:height\" content=\"800\" \/>\n\t<meta property=\"og:image:type\" content=\"image\/webp\" \/>\n<meta name=\"twitter:card\" content=\"summary_large_image\" \/>\n<meta name=\"twitter:label1\" content=\"Dur\u00e9e de lecture estim\u00e9e\" \/>\n\t<meta name=\"twitter:data1\" content=\"1 minute\" \/>\n<script type=\"application\/ld+json\" class=\"yoast-schema-graph\">{\"@context\":\"https:\/\/schema.org\",\"@graph\":[{\"@type\":\"WebPage\",\"@id\":\"https:\/\/capy-planet.com\/fr\/shop\/capybuddy-peluche-capybara-a-habiller-adorable-peluche-personnalisable\/\",\"url\":\"https:\/\/capy-planet.com\/fr\/shop\/capybuddy-peluche-capybara-a-habiller-adorable-peluche-personnalisable\/\",\"name\":\"CapyBuddy \u2013 Peluche Capybara \u00e0 Habiller | Jouet Doux Adorable et Personnalisable - Capy Planet\",\"isPartOf\":{\"@id\":\"https:\/\/capy-planet.com\/fr\/#website\"},\"primaryImageOfPage\":{\"@id\":\"https:\/\/capy-planet.com\/fr\/shop\/capybuddy-peluche-capybara-a-habiller-adorable-peluche-personnalisable\/#primaryimage\"},\"image\":{\"@id\":\"https:\/\/capy-planet.com\/fr\/shop\/capybuddy-peluche-capybara-a-habiller-adorable-peluche-personnalisable\/#primaryimage\"},\"thumbnailUrl\":\"https:\/\/i0.wp.com\/capy-planet.com\/wp-content\/uploads\/sites\/2\/2025\/03\/S849535a684094465a15738d059563b48X.webp?fit=800%2C800&ssl=1\",\"datePublished\":\"2025-03-26T08:26:02+00:00\",\"dateModified\":\"2025-04-19T11:05:19+00:00\",\"description\":\"\ud83d\udc39\u2728 CapyBuddy: Peluche capybara habillable. Douce, c\u00e2linable, tenues interchangeables. Cadeau kawaii pour tous!\",\"breadcrumb\":{\"@id\":\"https:\/\/capy-planet.com\/fr\/shop\/capybuddy-peluche-capybara-a-habiller-adorable-peluche-personnalisable\/#breadcrumb\"},\"inLanguage\":\"fr-FR\",\"potentialAction\":[{\"@type\":\"ReadAction\",\"target\":[\"https:\/\/capy-planet.com\/fr\/shop\/capybuddy-peluche-capybara-a-habiller-adorable-peluche-personnalisable\/\"]}]},{\"@type\":\"ImageObject\",\"inLanguage\":\"fr-FR\",\"@id\":\"https:\/\/capy-planet.com\/fr\/shop\/capybuddy-peluche-capybara-a-habiller-adorable-peluche-personnalisable\/#primaryimage\",\"url\":\"https:\/\/i0.wp.com\/capy-planet.com\/wp-content\/uploads\/sites\/2\/2025\/03\/S849535a684094465a15738d059563b48X.webp?fit=800%2C800&ssl=1\",\"contentUrl\":\"https:\/\/i0.wp.com\/capy-planet.com\/wp-content\/uploads\/sites\/2\/2025\/03\/S849535a684094465a15738d059563b48X.webp?fit=800%2C800&ssl=1\",\"width\":800,\"height\":800},{\"@type\":\"BreadcrumbList\",\"@id\":\"https:\/\/capy-planet.com\/fr\/shop\/capybuddy-peluche-capybara-a-habiller-adorable-peluche-personnalisable\/#breadcrumb\",\"itemListElement\":[{\"@type\":\"ListItem\",\"position\":1,\"name\":\"Home\",\"item\":\"https:\/\/capy-planet.com\/fr\/home\/\"},{\"@type\":\"ListItem\",\"position\":2,\"name\":\"Capy Shop\",\"item\":\"https:\/\/capy-planet.com\/shop\/\"},{\"@type\":\"ListItem\",\"position\":3,\"name\":\"CapyBuddy \u2013 Peluche Capybara \u00e0 Habiller | Jouet Doux Adorable et Personnalisable\"}]},{\"@type\":\"WebSite\",\"@id\":\"https:\/\/capy-planet.com\/fr\/#website\",\"url\":\"https:\/\/capy-planet.com\/fr\/\",\"name\":\"Capy Planet\",\"description\":\"Adoptez la vibe Capybara !\",\"publisher\":{\"@id\":\"https:\/\/capy-planet.com\/fr\/#organization\"},\"potentialAction\":[{\"@type\":\"SearchAction\",\"target\":{\"@type\":\"EntryPoint\",\"urlTemplate\":\"https:\/\/capy-planet.com\/fr\/?s={search_term_string}\"},\"query-input\":{\"@type\":\"PropertyValueSpecification\",\"valueRequired\":true,\"valueName\":\"search_term_string\"}}],\"inLanguage\":\"fr-FR\"},{\"@type\":\"Organization\",\"@id\":\"https:\/\/capy-planet.com\/fr\/#organization\",\"name\":\"Plan\u00e8te Capy\",\"url\":\"https:\/\/capy-planet.com\/fr\/\",\"logo\":{\"@type\":\"ImageObject\",\"inLanguage\":\"fr-FR\",\"@id\":\"https:\/\/capy-planet.com\/fr\/#\/schema\/logo\/image\/\",\"url\":\"https:\/\/i0.wp.com\/capy-planet.com\/wp-content\/uploads\/sites\/2\/2025\/03\/Henri_Hardillier_Capybara_face_large_smile_big_white_kawaii_eyes_c795f5d3-126d-4c2b-bf35-82751b2d63bb-2.png?fit=705%2C705&ssl=1\",\"contentUrl\":\"https:\/\/i0.wp.com\/capy-planet.com\/wp-content\/uploads\/sites\/2\/2025\/03\/Henri_Hardillier_Capybara_face_large_smile_big_white_kawaii_eyes_c795f5d3-126d-4c2b-bf35-82751b2d63bb-2.png?fit=705%2C705&ssl=1\",\"width\":705,\"height\":705,\"caption\":\"Plan\u00e8te Capy\"},\"image\":{\"@id\":\"https:\/\/capy-planet.com\/fr\/#\/schema\/logo\/image\/\"},\"sameAs\":[\"https:\/\/www.facebook.com\/capy.planet\",\"https:\/\/www.instagram.com\/capy_planet_com\"]}]}<\/script>\n<!-- \/ Yoast SEO plugin. -->","yoast_head_json":{"title":"CapyBuddy \u2013 Peluche Capybara \u00e0 Habiller | Jouet Doux Adorable et Personnalisable - Capy Planet","description":"\ud83d\udc39\u2728 CapyBuddy: Peluche capybara habillable. Douce, c\u00e2linable, tenues interchangeables. Cadeau kawaii pour tous!","robots":{"index":"index","follow":"follow","max-snippet":"max-snippet:-1","max-image-preview":"max-image-preview:large","max-video-preview":"max-video-preview:-1"},"canonical":"https:\/\/capy-planet.com\/fr\/shop\/capybuddy-peluche-capybara-a-habiller-adorable-peluche-personnalisable\/","og_locale":"fr_FR","og_type":"article","og_title":"CapyBuddy \u2013 Peluche Capybara \u00e0 Habiller | Jouet Doux Adorable et Personnalisable - Capy Planet","og_description":"\ud83d\udc39\u2728 CapyBuddy: Peluche capybara habillable. Douce, c\u00e2linable, tenues interchangeables. Cadeau kawaii pour tous!","og_url":"https:\/\/capy-planet.com\/fr\/shop\/capybuddy-peluche-capybara-a-habiller-adorable-peluche-personnalisable\/","og_site_name":"Capy Planet","article_publisher":"https:\/\/www.facebook.com\/capy.planet","article_modified_time":"2025-04-19T11:05:19+00:00","og_image":[{"width":800,"height":800,"url":"https:\/\/i0.wp.com\/capy-planet.com\/wp-content\/uploads\/sites\/2\/2025\/03\/S849535a684094465a15738d059563b48X.webp?fit=800%2C800&ssl=1","type":"image\/webp"}],"twitter_card":"summary_large_image","twitter_misc":{"Dur\u00e9e de lecture estim\u00e9e":"1 minute"},"schema":{"@context":"https:\/\/schema.org","@graph":[{"@type":"WebPage","@id":"https:\/\/capy-planet.com\/fr\/shop\/capybuddy-peluche-capybara-a-habiller-adorable-peluche-personnalisable\/","url":"https:\/\/capy-planet.com\/fr\/shop\/capybuddy-peluche-capybara-a-habiller-adorable-peluche-personnalisable\/","name":"CapyBuddy \u2013 Peluche Capybara \u00e0 Habiller | Jouet Doux Adorable et Personnalisable - Capy Planet","isPartOf":{"@id":"https:\/\/capy-planet.com\/fr\/#website"},"primaryImageOfPage":{"@id":"https:\/\/capy-planet.com\/fr\/shop\/capybuddy-peluche-capybara-a-habiller-adorable-peluche-personnalisable\/#primaryimage"},"image":{"@id":"https:\/\/capy-planet.com\/fr\/shop\/capybuddy-peluche-capybara-a-habiller-adorable-peluche-personnalisable\/#primaryimage"},"thumbnailUrl":"https:\/\/i0.wp.com\/capy-planet.com\/wp-content\/uploads\/sites\/2\/2025\/03\/S849535a684094465a15738d059563b48X.webp?fit=800%2C800&ssl=1","datePublished":"2025-03-26T08:26:02+00:00","dateModified":"2025-04-19T11:05:19+00:00","description":"\ud83d\udc39\u2728 CapyBuddy: Peluche capybara habillable. Douce, c\u00e2linable, tenues interchangeables. Cadeau kawaii pour tous!","breadcrumb":{"@id":"https:\/\/capy-planet.com\/fr\/shop\/capybuddy-peluche-capybara-a-habiller-adorable-peluche-personnalisable\/#breadcrumb"},"inLanguage":"fr-FR","potentialAction":[{"@type":"ReadAction","target":["https:\/\/capy-planet.com\/fr\/shop\/capybuddy-peluche-capybara-a-habiller-adorable-peluche-personnalisable\/"]}]},{"@type":"ImageObject","inLanguage":"fr-FR","@id":"https:\/\/capy-planet.com\/fr\/shop\/capybuddy-peluche-capybara-a-habiller-adorable-peluche-personnalisable\/#primaryimage","url":"https:\/\/i0.wp.com\/capy-planet.com\/wp-content\/uploads\/sites\/2\/2025\/03\/S849535a684094465a15738d059563b48X.webp?fit=800%2C800&ssl=1","contentUrl":"https:\/\/i0.wp.com\/capy-planet.com\/wp-content\/uploads\/sites\/2\/2025\/03\/S849535a684094465a15738d059563b48X.webp?fit=800%2C800&ssl=1","width":800,"height":800},{"@type":"BreadcrumbList","@id":"https:\/\/capy-planet.com\/fr\/shop\/capybuddy-peluche-capybara-a-habiller-adorable-peluche-personnalisable\/#breadcrumb","itemListElement":[{"@type":"ListItem","position":1,"name":"Home","item":"https:\/\/capy-planet.com\/fr\/home\/"},{"@type":"ListItem","position":2,"name":"Capy Shop","item":"https:\/\/capy-planet.com\/shop\/"},{"@type":"ListItem","position":3,"name":"CapyBuddy \u2013 Peluche Capybara \u00e0 Habiller | Jouet Doux Adorable et Personnalisable"}]},{"@type":"WebSite","@id":"https:\/\/capy-planet.com\/fr\/#website","url":"https:\/\/capy-planet.com\/fr\/","name":"Capy Planet","description":"Adoptez la vibe Capybara !","publisher":{"@id":"https:\/\/capy-planet.com\/fr\/#organization"},"potentialAction":[{"@type":"SearchAction","target":{"@type":"EntryPoint","urlTemplate":"https:\/\/capy-planet.com\/fr\/?s={search_term_string}"},"query-input":{"@type":"PropertyValueSpecification","valueRequired":true,"valueName":"search_term_string"}}],"inLanguage":"fr-FR"},{"@type":"Organization","@id":"https:\/\/capy-planet.com\/fr\/#organization","name":"Plan\u00e8te Capy","url":"https:\/\/capy-planet.com\/fr\/","logo":{"@type":"ImageObject","inLanguage":"fr-FR","@id":"https:\/\/capy-planet.com\/fr\/#\/schema\/logo\/image\/","url":"https:\/\/i0.wp.com\/capy-planet.com\/wp-content\/uploads\/sites\/2\/2025\/03\/Henri_Hardillier_Capybara_face_large_smile_big_white_kawaii_eyes_c795f5d3-126d-4c2b-bf35-82751b2d63bb-2.png?fit=705%2C705&ssl=1","contentUrl":"https:\/\/i0.wp.com\/capy-planet.com\/wp-content\/uploads\/sites\/2\/2025\/03\/Henri_Hardillier_Capybara_face_large_smile_big_white_kawaii_eyes_c795f5d3-126d-4c2b-bf35-82751b2d63bb-2.png?fit=705%2C705&ssl=1","width":705,"height":705,"caption":"Plan\u00e8te Capy"},"image":{"@id":"https:\/\/capy-planet.com\/fr\/#\/schema\/logo\/image\/"},"sameAs":["https:\/\/www.facebook.com\/capy.planet","https:\/\/www.instagram.com\/capy_planet_com"]}]}},"jetpack_sharing_enabled":true,"_links":{"self":[{"href":"https:\/\/capy-planet.com\/fr\/wp-json\/wp\/v2\/product\/39989","targetHints":{"allow":["GET"]}}],"collection":[{"href":"https:\/\/capy-planet.com\/fr\/wp-json\/wp\/v2\/product"}],"about":[{"href":"https:\/\/capy-planet.com\/fr\/wp-json\/wp\/v2\/types\/product"}],"replies":[{"embeddable":true,"href":"https:\/\/capy-planet.com\/fr\/wp-json\/wp\/v2\/comments?post=39989"}],"wp:featuredmedia":[{"embeddable":true,"href":"https:\/\/capy-planet.com\/fr\/wp-json\/wp\/v2\/media\/39787"}],"wp:attachment":[{"href":"https:\/\/capy-planet.com\/fr\/wp-json\/wp\/v2\/media?parent=39989"}],"wp:term":[{"taxonomy":"product_brand","embeddable":true,"href":"https:\/\/capy-planet.com\/fr\/wp-json\/wp\/v2\/product_brand?post=39989"},{"taxonomy":"product_cat","embeddable":true,"href":"https:\/\/capy-planet.com\/fr\/wp-json\/wp\/v2\/product_cat?post=39989"},{"taxonomy":"product_tag","embeddable":true,"href":"https:\/\/capy-planet.com\/fr\/wp-json\/wp\/v2\/product_tag?post=39989"}],"curies":[{"name":"wp","href":"https:\/\/api.w.org\/{rel}","templated":true}]}}