{"id":39772,"date":"2025-03-26T15:20:46","date_gmt":"2025-03-26T08:20:46","guid":{"rendered":"https:\/\/capy-planet.com\/shop\/capychu-peluche-pikachu-capybara-peluche-hybride-ultra-douce-et-kawaii\/"},"modified":"2025-04-19T18:05:17","modified_gmt":"2025-04-19T11:05:17","slug":"capychu-peluche-pikachu-capybara-peluche-hybride-ultra-douce-et-kawaii","status":"publish","type":"product","link":"https:\/\/capy-planet.com\/fr\/shop\/capychu-peluche-pikachu-capybara-peluche-hybride-ultra-douce-et-kawaii\/","title":{"rendered":"CapyChu \u2013 Peluche Capybara Pikachu | Jouet en peluche hybride ultra-doux et kawaii"},"content":{"rendered":"<p class=\"\" data-start=\"194\" data-end=\"265\">\u26a1\ud83d\udc39 <strong data-start=\"198\" data-end=\"259\">Faites la connaissance de CapyChu \u2013 La peluche hybride Capybara-Pikachu la plus adorable !<\/strong> \ud83c\udf1f\u2728<\/p>\n<p class=\"\" data-start=\"267\" data-end=\"601\">\u00cates-vous \u00e0 la recherche d&rsquo;une peluche <strong data-start=\"281\" data-end=\"328\">unique, ultra-douce et irr\u00e9sistiblement kawaii<\/strong> ? <strong data-start=\"340\" data-end=\"352\">CapyChu<\/strong> est une <strong data-start=\"358\" data-end=\"403\">fusion charmante d&rsquo;un capybara et de Pikachu<\/strong>, vous offrant <strong data-start=\"418\" data-end=\"453\">l&rsquo;exp\u00e9rience c\u00e2line ultime !<\/strong> Que vous soyez <strong data-start=\"471\" data-end=\"524\">fan de Pok\u00e9mon, amateur de capybaras ou collectionneur de peluches<\/strong>, ce <strong data-start=\"531\" data-end=\"555\">jouet en peluche adorable<\/strong> est un ajout indispensable \u00e0 votre collection !<\/p>\n<p class=\"\" data-start=\"603\" data-end=\"1045\">\ud83d\udc9b <strong data-start=\"606\" data-end=\"635\">Pourquoi allez-vous adorer CapyChu ?<\/strong><br data-start=\"635\" data-end=\"638\">\u2714 <strong data-start=\"640\" data-end=\"660\">Peluche ultra-douce<\/strong> \u2013 Fabriqu\u00e9e \u00e0 partir de mat\u00e9riaux haut de gamme et c\u00e2lins pour un confort optimal.<br data-start=\"722\" data-end=\"725\">\u2714 <strong data-start=\"727\" data-end=\"752\">Design unique et amusant<\/strong> \u2013 Un croisement cr\u00e9atif entre Pikachu et le capybara !<br data-start=\"803\" data-end=\"806\">\u2714 <strong data-start=\"808\" data-end=\"829\">Id\u00e9e de cadeau parfaite<\/strong> \u2013 Id\u00e9al pour les enfants, les amateurs d&rsquo;anime et les collectionneurs de peluches.<br data-start=\"881\" data-end=\"884\">\u2714 <strong data-start=\"886\" data-end=\"904\">3 options de taille<\/strong> \u2013 Choisissez parmi <strong data-start=\"919\" data-end=\"942\">30 cm, 38 cm ou 50 cm<\/strong> pour r\u00e9pondre \u00e0 vos besoins de c\u00e2lins.<br data-start=\"972\" data-end=\"975\">\u2714 <strong data-start=\"977\" data-end=\"1001\">Parfait pour la d\u00e9coration<\/strong> \u2013 Ajoute une touche mignonne et douillette \u00e0 n&rsquo;importe quelle pi\u00e8ce !<\/p>\n<p class=\"\" data-start=\"1047\" data-end=\"1135\">\ud83c\udf81 <strong data-start=\"1050\" data-end=\"1129\">Surprenez un \u00eatre cher ou offrez-vous la peluche la plus mignonne de la plan\u00e8te !<\/strong> \ud83c\udf0d\u2728<\/p>\n","protected":false},"excerpt":{"rendered":"<p>\ud83d\udc39\u26a1 <strong data-start=\"1202\" data-end=\"1276\">CapyChu \u2013 Pikachu rencontre le capybara dans cette peluche kawaii ultra-douce !<\/strong> Un animal en peluche unique, c\u00e2lin et adorable pour les enfants et les collectionneurs.<\/p>\n","protected":false},"featured_media":39755,"comment_status":"open","ping_status":"closed","template":"","meta":[],"product_brand":[],"product_cat":[455],"product_tag":[1132,1090,1127,1131,1130,507,1129,1128,1126,1125],"class_list":{"0":"post-39772","1":"product","2":"type-product","3":"status-publish","4":"has-post-thumbnail","6":"product_cat-capy-plushies-fr","7":"product_tag-amoureux-des-capybaras","8":"product_tag-animal-en-peluche-kawaii","9":"product_tag-cadeau-pokemon","10":"product_tag-cadeau-pour-les-enfants","11":"product_tag-jouet-en-peluche-de-collection","12":"product_tag-capybara-plush-fr","13":"product_tag-peluche-animale-hybride","14":"product_tag-peluche-douce","15":"product_tag-peluche-animee-mignonne","16":"product_tag-peluche-pikachu","18":"first","19":"instock","20":"sale","21":"featured","22":"shipping-taxable","23":"purchasable","24":"product-type-variable"},"yoast_head":"<!-- This site is optimized with the Yoast SEO plugin v27.0 - https:\/\/yoast.com\/product\/yoast-seo-wordpress\/ -->\n<title>CapyChu \u2013 Peluche Capybara Pikachu | Jouet en peluche hybride ultra-doux et kawaii - Capy Planet<\/title>\n<meta name=\"description\" content=\"CapyChu : peluche kawaii m\u00ealant Pikachu et capybara. Unique et adorable pour enfants et collectionneurs.\" \/>\n<meta name=\"robots\" content=\"index, follow, max-snippet:-1, max-image-preview:large, max-video-preview:-1\" \/>\n<link rel=\"canonical\" href=\"https:\/\/capy-planet.com\/fr\/shop\/capychu-peluche-pikachu-capybara-peluche-hybride-ultra-douce-et-kawaii\/\" \/>\n<meta property=\"og:locale\" content=\"fr_FR\" \/>\n<meta property=\"og:type\" content=\"article\" \/>\n<meta property=\"og:title\" content=\"CapyChu \u2013 Peluche Capybara Pikachu | Jouet en peluche hybride ultra-doux et kawaii - Capy Planet\" \/>\n<meta property=\"og:description\" content=\"CapyChu : peluche kawaii m\u00ealant Pikachu et capybara. Unique et adorable pour enfants et collectionneurs.\" \/>\n<meta property=\"og:url\" content=\"https:\/\/capy-planet.com\/fr\/shop\/capychu-peluche-pikachu-capybara-peluche-hybride-ultra-douce-et-kawaii\/\" \/>\n<meta property=\"og:site_name\" content=\"Capy Planet\" \/>\n<meta property=\"article:publisher\" content=\"https:\/\/www.facebook.com\/capy.planet\" \/>\n<meta property=\"article:modified_time\" content=\"2025-04-19T11:05:17+00:00\" \/>\n<meta property=\"og:image\" content=\"https:\/\/i0.wp.com\/capy-planet.com\/wp-content\/uploads\/sites\/2\/2025\/03\/S89eb18c22c0b47cebd88b15b68dee56c7.webp?fit=800%2C800&ssl=1\" \/>\n\t<meta property=\"og:image:width\" content=\"800\" \/>\n\t<meta property=\"og:image:height\" content=\"800\" \/>\n\t<meta property=\"og:image:type\" content=\"image\/webp\" \/>\n<meta name=\"twitter:card\" content=\"summary_large_image\" \/>\n<meta name=\"twitter:label1\" content=\"Dur\u00e9e de lecture estim\u00e9e\" \/>\n\t<meta name=\"twitter:data1\" content=\"1 minute\" \/>\n<script type=\"application\/ld+json\" class=\"yoast-schema-graph\">{\"@context\":\"https:\/\/schema.org\",\"@graph\":[{\"@type\":\"WebPage\",\"@id\":\"https:\/\/capy-planet.com\/fr\/shop\/capychu-peluche-pikachu-capybara-peluche-hybride-ultra-douce-et-kawaii\/\",\"url\":\"https:\/\/capy-planet.com\/fr\/shop\/capychu-peluche-pikachu-capybara-peluche-hybride-ultra-douce-et-kawaii\/\",\"name\":\"CapyChu \u2013 Peluche Capybara Pikachu | Jouet en peluche hybride ultra-doux et kawaii - Capy Planet\",\"isPartOf\":{\"@id\":\"https:\/\/capy-planet.com\/fr\/#website\"},\"primaryImageOfPage\":{\"@id\":\"https:\/\/capy-planet.com\/fr\/shop\/capychu-peluche-pikachu-capybara-peluche-hybride-ultra-douce-et-kawaii\/#primaryimage\"},\"image\":{\"@id\":\"https:\/\/capy-planet.com\/fr\/shop\/capychu-peluche-pikachu-capybara-peluche-hybride-ultra-douce-et-kawaii\/#primaryimage\"},\"thumbnailUrl\":\"https:\/\/i0.wp.com\/capy-planet.com\/wp-content\/uploads\/sites\/2\/2025\/03\/S89eb18c22c0b47cebd88b15b68dee56c7.webp?fit=800%2C800&ssl=1\",\"datePublished\":\"2025-03-26T08:20:46+00:00\",\"dateModified\":\"2025-04-19T11:05:17+00:00\",\"description\":\"CapyChu : peluche kawaii m\u00ealant Pikachu et capybara. Unique et adorable pour enfants et collectionneurs.\",\"breadcrumb\":{\"@id\":\"https:\/\/capy-planet.com\/fr\/shop\/capychu-peluche-pikachu-capybara-peluche-hybride-ultra-douce-et-kawaii\/#breadcrumb\"},\"inLanguage\":\"fr-FR\",\"potentialAction\":[{\"@type\":\"ReadAction\",\"target\":[\"https:\/\/capy-planet.com\/fr\/shop\/capychu-peluche-pikachu-capybara-peluche-hybride-ultra-douce-et-kawaii\/\"]}]},{\"@type\":\"ImageObject\",\"inLanguage\":\"fr-FR\",\"@id\":\"https:\/\/capy-planet.com\/fr\/shop\/capychu-peluche-pikachu-capybara-peluche-hybride-ultra-douce-et-kawaii\/#primaryimage\",\"url\":\"https:\/\/i0.wp.com\/capy-planet.com\/wp-content\/uploads\/sites\/2\/2025\/03\/S89eb18c22c0b47cebd88b15b68dee56c7.webp?fit=800%2C800&ssl=1\",\"contentUrl\":\"https:\/\/i0.wp.com\/capy-planet.com\/wp-content\/uploads\/sites\/2\/2025\/03\/S89eb18c22c0b47cebd88b15b68dee56c7.webp?fit=800%2C800&ssl=1\",\"width\":800,\"height\":800},{\"@type\":\"BreadcrumbList\",\"@id\":\"https:\/\/capy-planet.com\/fr\/shop\/capychu-peluche-pikachu-capybara-peluche-hybride-ultra-douce-et-kawaii\/#breadcrumb\",\"itemListElement\":[{\"@type\":\"ListItem\",\"position\":1,\"name\":\"Home\",\"item\":\"https:\/\/capy-planet.com\/fr\/home\/\"},{\"@type\":\"ListItem\",\"position\":2,\"name\":\"Capy Shop\",\"item\":\"https:\/\/capy-planet.com\/shop\/\"},{\"@type\":\"ListItem\",\"position\":3,\"name\":\"CapyChu \u2013 Peluche Capybara Pikachu | Jouet en peluche hybride ultra-doux et kawaii\"}]},{\"@type\":\"WebSite\",\"@id\":\"https:\/\/capy-planet.com\/fr\/#website\",\"url\":\"https:\/\/capy-planet.com\/fr\/\",\"name\":\"Capy Planet\",\"description\":\"Adoptez la vibe Capybara !\",\"publisher\":{\"@id\":\"https:\/\/capy-planet.com\/fr\/#organization\"},\"potentialAction\":[{\"@type\":\"SearchAction\",\"target\":{\"@type\":\"EntryPoint\",\"urlTemplate\":\"https:\/\/capy-planet.com\/fr\/?s={search_term_string}\"},\"query-input\":{\"@type\":\"PropertyValueSpecification\",\"valueRequired\":true,\"valueName\":\"search_term_string\"}}],\"inLanguage\":\"fr-FR\"},{\"@type\":\"Organization\",\"@id\":\"https:\/\/capy-planet.com\/fr\/#organization\",\"name\":\"Plan\u00e8te Capy\",\"url\":\"https:\/\/capy-planet.com\/fr\/\",\"logo\":{\"@type\":\"ImageObject\",\"inLanguage\":\"fr-FR\",\"@id\":\"https:\/\/capy-planet.com\/fr\/#\/schema\/logo\/image\/\",\"url\":\"https:\/\/i0.wp.com\/capy-planet.com\/wp-content\/uploads\/sites\/2\/2025\/03\/Henri_Hardillier_Capybara_face_large_smile_big_white_kawaii_eyes_c795f5d3-126d-4c2b-bf35-82751b2d63bb-2.png?fit=705%2C705&ssl=1\",\"contentUrl\":\"https:\/\/i0.wp.com\/capy-planet.com\/wp-content\/uploads\/sites\/2\/2025\/03\/Henri_Hardillier_Capybara_face_large_smile_big_white_kawaii_eyes_c795f5d3-126d-4c2b-bf35-82751b2d63bb-2.png?fit=705%2C705&ssl=1\",\"width\":705,\"height\":705,\"caption\":\"Plan\u00e8te Capy\"},\"image\":{\"@id\":\"https:\/\/capy-planet.com\/fr\/#\/schema\/logo\/image\/\"},\"sameAs\":[\"https:\/\/www.facebook.com\/capy.planet\",\"https:\/\/www.instagram.com\/capy_planet_com\"]}]}<\/script>\n<!-- \/ Yoast SEO plugin. -->","yoast_head_json":{"title":"CapyChu \u2013 Peluche Capybara Pikachu | Jouet en peluche hybride ultra-doux et kawaii - Capy Planet","description":"CapyChu : peluche kawaii m\u00ealant Pikachu et capybara. Unique et adorable pour enfants et collectionneurs.","robots":{"index":"index","follow":"follow","max-snippet":"max-snippet:-1","max-image-preview":"max-image-preview:large","max-video-preview":"max-video-preview:-1"},"canonical":"https:\/\/capy-planet.com\/fr\/shop\/capychu-peluche-pikachu-capybara-peluche-hybride-ultra-douce-et-kawaii\/","og_locale":"fr_FR","og_type":"article","og_title":"CapyChu \u2013 Peluche Capybara Pikachu | Jouet en peluche hybride ultra-doux et kawaii - Capy Planet","og_description":"CapyChu : peluche kawaii m\u00ealant Pikachu et capybara. Unique et adorable pour enfants et collectionneurs.","og_url":"https:\/\/capy-planet.com\/fr\/shop\/capychu-peluche-pikachu-capybara-peluche-hybride-ultra-douce-et-kawaii\/","og_site_name":"Capy Planet","article_publisher":"https:\/\/www.facebook.com\/capy.planet","article_modified_time":"2025-04-19T11:05:17+00:00","og_image":[{"width":800,"height":800,"url":"https:\/\/i0.wp.com\/capy-planet.com\/wp-content\/uploads\/sites\/2\/2025\/03\/S89eb18c22c0b47cebd88b15b68dee56c7.webp?fit=800%2C800&ssl=1","type":"image\/webp"}],"twitter_card":"summary_large_image","twitter_misc":{"Dur\u00e9e de lecture estim\u00e9e":"1 minute"},"schema":{"@context":"https:\/\/schema.org","@graph":[{"@type":"WebPage","@id":"https:\/\/capy-planet.com\/fr\/shop\/capychu-peluche-pikachu-capybara-peluche-hybride-ultra-douce-et-kawaii\/","url":"https:\/\/capy-planet.com\/fr\/shop\/capychu-peluche-pikachu-capybara-peluche-hybride-ultra-douce-et-kawaii\/","name":"CapyChu \u2013 Peluche Capybara Pikachu | Jouet en peluche hybride ultra-doux et kawaii - Capy Planet","isPartOf":{"@id":"https:\/\/capy-planet.com\/fr\/#website"},"primaryImageOfPage":{"@id":"https:\/\/capy-planet.com\/fr\/shop\/capychu-peluche-pikachu-capybara-peluche-hybride-ultra-douce-et-kawaii\/#primaryimage"},"image":{"@id":"https:\/\/capy-planet.com\/fr\/shop\/capychu-peluche-pikachu-capybara-peluche-hybride-ultra-douce-et-kawaii\/#primaryimage"},"thumbnailUrl":"https:\/\/i0.wp.com\/capy-planet.com\/wp-content\/uploads\/sites\/2\/2025\/03\/S89eb18c22c0b47cebd88b15b68dee56c7.webp?fit=800%2C800&ssl=1","datePublished":"2025-03-26T08:20:46+00:00","dateModified":"2025-04-19T11:05:17+00:00","description":"CapyChu : peluche kawaii m\u00ealant Pikachu et capybara. Unique et adorable pour enfants et collectionneurs.","breadcrumb":{"@id":"https:\/\/capy-planet.com\/fr\/shop\/capychu-peluche-pikachu-capybara-peluche-hybride-ultra-douce-et-kawaii\/#breadcrumb"},"inLanguage":"fr-FR","potentialAction":[{"@type":"ReadAction","target":["https:\/\/capy-planet.com\/fr\/shop\/capychu-peluche-pikachu-capybara-peluche-hybride-ultra-douce-et-kawaii\/"]}]},{"@type":"ImageObject","inLanguage":"fr-FR","@id":"https:\/\/capy-planet.com\/fr\/shop\/capychu-peluche-pikachu-capybara-peluche-hybride-ultra-douce-et-kawaii\/#primaryimage","url":"https:\/\/i0.wp.com\/capy-planet.com\/wp-content\/uploads\/sites\/2\/2025\/03\/S89eb18c22c0b47cebd88b15b68dee56c7.webp?fit=800%2C800&ssl=1","contentUrl":"https:\/\/i0.wp.com\/capy-planet.com\/wp-content\/uploads\/sites\/2\/2025\/03\/S89eb18c22c0b47cebd88b15b68dee56c7.webp?fit=800%2C800&ssl=1","width":800,"height":800},{"@type":"BreadcrumbList","@id":"https:\/\/capy-planet.com\/fr\/shop\/capychu-peluche-pikachu-capybara-peluche-hybride-ultra-douce-et-kawaii\/#breadcrumb","itemListElement":[{"@type":"ListItem","position":1,"name":"Home","item":"https:\/\/capy-planet.com\/fr\/home\/"},{"@type":"ListItem","position":2,"name":"Capy Shop","item":"https:\/\/capy-planet.com\/shop\/"},{"@type":"ListItem","position":3,"name":"CapyChu \u2013 Peluche Capybara Pikachu | Jouet en peluche hybride ultra-doux et kawaii"}]},{"@type":"WebSite","@id":"https:\/\/capy-planet.com\/fr\/#website","url":"https:\/\/capy-planet.com\/fr\/","name":"Capy Planet","description":"Adoptez la vibe Capybara !","publisher":{"@id":"https:\/\/capy-planet.com\/fr\/#organization"},"potentialAction":[{"@type":"SearchAction","target":{"@type":"EntryPoint","urlTemplate":"https:\/\/capy-planet.com\/fr\/?s={search_term_string}"},"query-input":{"@type":"PropertyValueSpecification","valueRequired":true,"valueName":"search_term_string"}}],"inLanguage":"fr-FR"},{"@type":"Organization","@id":"https:\/\/capy-planet.com\/fr\/#organization","name":"Plan\u00e8te Capy","url":"https:\/\/capy-planet.com\/fr\/","logo":{"@type":"ImageObject","inLanguage":"fr-FR","@id":"https:\/\/capy-planet.com\/fr\/#\/schema\/logo\/image\/","url":"https:\/\/i0.wp.com\/capy-planet.com\/wp-content\/uploads\/sites\/2\/2025\/03\/Henri_Hardillier_Capybara_face_large_smile_big_white_kawaii_eyes_c795f5d3-126d-4c2b-bf35-82751b2d63bb-2.png?fit=705%2C705&ssl=1","contentUrl":"https:\/\/i0.wp.com\/capy-planet.com\/wp-content\/uploads\/sites\/2\/2025\/03\/Henri_Hardillier_Capybara_face_large_smile_big_white_kawaii_eyes_c795f5d3-126d-4c2b-bf35-82751b2d63bb-2.png?fit=705%2C705&ssl=1","width":705,"height":705,"caption":"Plan\u00e8te Capy"},"image":{"@id":"https:\/\/capy-planet.com\/fr\/#\/schema\/logo\/image\/"},"sameAs":["https:\/\/www.facebook.com\/capy.planet","https:\/\/www.instagram.com\/capy_planet_com"]}]}},"jetpack_sharing_enabled":true,"_links":{"self":[{"href":"https:\/\/capy-planet.com\/fr\/wp-json\/wp\/v2\/product\/39772","targetHints":{"allow":["GET"]}}],"collection":[{"href":"https:\/\/capy-planet.com\/fr\/wp-json\/wp\/v2\/product"}],"about":[{"href":"https:\/\/capy-planet.com\/fr\/wp-json\/wp\/v2\/types\/product"}],"replies":[{"embeddable":true,"href":"https:\/\/capy-planet.com\/fr\/wp-json\/wp\/v2\/comments?post=39772"}],"wp:featuredmedia":[{"embeddable":true,"href":"https:\/\/capy-planet.com\/fr\/wp-json\/wp\/v2\/media\/39755"}],"wp:attachment":[{"href":"https:\/\/capy-planet.com\/fr\/wp-json\/wp\/v2\/media?parent=39772"}],"wp:term":[{"taxonomy":"product_brand","embeddable":true,"href":"https:\/\/capy-planet.com\/fr\/wp-json\/wp\/v2\/product_brand?post=39772"},{"taxonomy":"product_cat","embeddable":true,"href":"https:\/\/capy-planet.com\/fr\/wp-json\/wp\/v2\/product_cat?post=39772"},{"taxonomy":"product_tag","embeddable":true,"href":"https:\/\/capy-planet.com\/fr\/wp-json\/wp\/v2\/product_tag?post=39772"}],"curies":[{"name":"wp","href":"https:\/\/api.w.org\/{rel}","templated":true}]}}