{"id":39181,"date":"2025-03-26T14:59:28","date_gmt":"2025-03-26T07:59:28","guid":{"rendered":"https:\/\/capy-planet.com\/shop\/capybag-sac-a-collation-en-peluche-kawaii-capybara-avec-mini-peluches-calins-et-magasin\/"},"modified":"2025-04-19T17:59:53","modified_gmt":"2025-04-19T10:59:53","slug":"capybag-sac-a-collation-en-peluche-kawaii-capybara-avec-mini-peluches-calins-et-magasin","status":"publish","type":"product","link":"https:\/\/capy-planet.com\/fr\/shop\/capybag-sac-a-collation-en-peluche-kawaii-capybara-avec-mini-peluches-calins-et-magasin\/","title":{"rendered":"CapyBag \u2013 Sac \u00e0 Collation en Peluche Kawaii de Capybara avec Mini Peluches | C\u00e2linez et Rangez !"},"content":{"rendered":"<p class=\"\" data-start=\"199\" data-end=\"289\">\ud83d\udc39 <strong data-start=\"202\" data-end=\"282\">CapyBag \u2013 La Adorable Peluche Capybara qui Enlace et Range vos Mini Compagnons !<\/strong> \ud83c\udf81\ud83d\udc96<\/p>\n<p class=\"\" data-start=\"291\" data-end=\"718\">Pr\u00e9parez-vous \u00e0 d\u00e9couvrir <strong data-start=\"305\" data-end=\"353\">le compagnon en peluche le plus mignon et le plus doux qui soit !<\/strong> <strong data-start=\"354\" data-end=\"366\">CapyBag<\/strong> est une <strong data-start=\"372\" data-end=\"411\">peluche capybara c\u00e2line et ultra-douce<\/strong> qui fait \u00e9galement office de <strong data-start=\"430\" data-end=\"451\">pochette de rangement ludique<\/strong> pour ses petits amis en peluche moelleux ! Gr\u00e2ce \u00e0 sa <strong data-start=\"498\" data-end=\"526\">poche ventrale transparente<\/strong>, vous pouvez ranger et transporter les <strong data-start=\"556\" data-end=\"591\">adorables mini peluches capybaras<\/strong> \u00e0 l&rsquo;int\u00e9rieur. Que vous souhaitiez un <strong data-start=\"619\" data-end=\"679\">oreiller confortable, un jouet amusant ou une d\u00e9coration esth\u00e9tique pour votre chambre<\/strong>, CapyBag est <strong data-start=\"693\" data-end=\"715\">le choix id\u00e9al<\/strong> !  <\/p>\n<p class=\"\" data-start=\"720\" data-end=\"1137\">\u2728 <strong data-start=\"722\" data-end=\"748\">Pourquoi vous avez besoin de CapyBag :<\/strong><br data-start=\"748\" data-end=\"751\">\u2714 <strong data-start=\"753\" data-end=\"786\">Mat\u00e9riau en peluche doux et moelleux<\/strong> \u2013 Parfait pour c\u00e2liner et se d\u00e9tendre !<br data-start=\"823\" data-end=\"826\">\u2714 <strong data-start=\"828\" data-end=\"863\">Inclut des mini-peluches de capybaras<\/strong> \u2013 Rangez-les \u00e0 l&rsquo;int\u00e9rieur ou jouez s\u00e9par\u00e9ment !<br data-start=\"903\" data-end=\"906\">\u2714 <strong data-start=\"908\" data-end=\"931\">Design unique et amusant<\/strong> \u2013 Capybara kawaii avec une poche ventrale transparente !<br data-start=\"976\" data-end=\"979\">\u2714 <strong data-start=\"981\" data-end=\"998\">Polyvalent<\/strong> \u2013 Utilisez-le comme peluche, sac \u00e0 collations, ou d\u00e9coration confortable !<br data-start=\"1046\" data-end=\"1049\">\u2714 <strong data-start=\"1051\" data-end=\"1072\">Id\u00e9e de cadeau parfaite<\/strong> \u2013 Un incontournable pour les amateurs de capybaras, les enfants et les collectionneurs de peluches !<\/p>\n<p class=\"\" data-start=\"1139\" data-end=\"1250\">\ud83c\udf80 <strong data-start=\"1142\" data-end=\"1243\">Rendez chaque c\u00e2lin encore plus sp\u00e9cial avec CapyBag \u2013 la peluche kawaii ultime avec une surprise \u00e0 l&rsquo;int\u00e9rieur !<\/strong> \ud83d\udc3e\ud83d\udc9b<\/p>\n","protected":false},"excerpt":{"rendered":"<p>\ud83d\udc39 <strong data-start=\"1316\" data-end=\"1366\">CapyBag \u2013 La peluche capybara kawaii ultime !<\/strong> Une peluche douce et confortable avec des mini capybaras \u00e0 l&rsquo;int\u00e9rieur ! Parfait comme cadeau, d\u00e9coration ou compagnon de c\u00e2lins ! <\/p>\n","protected":false},"featured_media":39141,"comment_status":"open","ping_status":"closed","template":"","meta":[],"product_brand":[],"product_cat":[455],"product_tag":[1090,1095,1098,1097,1094,1096,1093,1091,1092,626],"class_list":{"0":"post-39181","1":"product","2":"type-product","3":"status-publish","4":"has-post-thumbnail","6":"product_cat-capy-plushies-fr","7":"product_tag-animal-en-peluche-kawaii","8":"product_tag-cadeau-amusant-pour-les-enfants","9":"product_tag-cadeau-pour-les-amoureux-du-capybara","10":"product_tag-coussin-en-peluche-moelleux","11":"product_tag-decoration-de-chambre-esthetique","12":"product_tag-adorable-jouet-capybara","13":"product_tag-oreiller-animal-mignon","14":"product_tag-oreiller-doux-en-capybara","15":"product_tag-jouet-en-peluche-avec-mini-peluches","16":"product_tag-capybara-plush-toy-fr","18":"first","19":"instock","20":"sale","21":"shipping-taxable","22":"purchasable","23":"product-type-variable"},"yoast_head":"<!-- This site is optimized with the Yoast SEO plugin v27.0 - https:\/\/yoast.com\/product\/yoast-seo-wordpress\/ -->\n<title>CapyBag \u2013 Sac \u00e0 Collation en Peluche Kawaii de Capybara avec Mini Peluches | C\u00e2linez et Rangez ! - Capy Planet<\/title>\n<meta name=\"description\" content=\"\ud83d\udc39 CapyBag \u2013 Peluche kawaii de capybara avec mini-capybaras. Id\u00e9al pour cadeau, d\u00e9co ou c\u00e2lins !\" \/>\n<meta name=\"robots\" content=\"index, follow, max-snippet:-1, max-image-preview:large, max-video-preview:-1\" \/>\n<link rel=\"canonical\" href=\"https:\/\/capy-planet.com\/fr\/shop\/capybag-sac-a-collation-en-peluche-kawaii-capybara-avec-mini-peluches-calins-et-magasin\/\" \/>\n<meta property=\"og:locale\" content=\"fr_FR\" \/>\n<meta property=\"og:type\" content=\"article\" \/>\n<meta property=\"og:title\" content=\"CapyBag \u2013 Sac \u00e0 Collation en Peluche Kawaii de Capybara avec Mini Peluches | C\u00e2linez et Rangez ! - Capy Planet\" \/>\n<meta property=\"og:description\" content=\"\ud83d\udc39 CapyBag \u2013 Peluche kawaii de capybara avec mini-capybaras. Id\u00e9al pour cadeau, d\u00e9co ou c\u00e2lins !\" \/>\n<meta property=\"og:url\" content=\"https:\/\/capy-planet.com\/fr\/shop\/capybag-sac-a-collation-en-peluche-kawaii-capybara-avec-mini-peluches-calins-et-magasin\/\" \/>\n<meta property=\"og:site_name\" content=\"Capy Planet\" \/>\n<meta property=\"article:publisher\" content=\"https:\/\/www.facebook.com\/capy.planet\" \/>\n<meta property=\"article:modified_time\" content=\"2025-04-19T10:59:53+00:00\" \/>\n<meta property=\"og:image\" content=\"https:\/\/i0.wp.com\/capy-planet.com\/wp-content\/uploads\/sites\/2\/2025\/03\/Sb99f4685bfe844dfb2764ca363788ca0t.webp?fit=1000%2C1000&ssl=1\" \/>\n\t<meta property=\"og:image:width\" content=\"1000\" \/>\n\t<meta property=\"og:image:height\" content=\"1000\" \/>\n\t<meta property=\"og:image:type\" content=\"image\/webp\" \/>\n<meta name=\"twitter:card\" content=\"summary_large_image\" \/>\n<meta name=\"twitter:label1\" content=\"Dur\u00e9e de lecture estim\u00e9e\" \/>\n\t<meta name=\"twitter:data1\" content=\"1 minute\" \/>\n<script type=\"application\/ld+json\" class=\"yoast-schema-graph\">{\"@context\":\"https:\/\/schema.org\",\"@graph\":[{\"@type\":\"WebPage\",\"@id\":\"https:\/\/capy-planet.com\/fr\/shop\/capybag-sac-a-collation-en-peluche-kawaii-capybara-avec-mini-peluches-calins-et-magasin\/\",\"url\":\"https:\/\/capy-planet.com\/fr\/shop\/capybag-sac-a-collation-en-peluche-kawaii-capybara-avec-mini-peluches-calins-et-magasin\/\",\"name\":\"CapyBag \u2013 Sac \u00e0 Collation en Peluche Kawaii de Capybara avec Mini Peluches | C\u00e2linez et Rangez ! - Capy Planet\",\"isPartOf\":{\"@id\":\"https:\/\/capy-planet.com\/fr\/#website\"},\"primaryImageOfPage\":{\"@id\":\"https:\/\/capy-planet.com\/fr\/shop\/capybag-sac-a-collation-en-peluche-kawaii-capybara-avec-mini-peluches-calins-et-magasin\/#primaryimage\"},\"image\":{\"@id\":\"https:\/\/capy-planet.com\/fr\/shop\/capybag-sac-a-collation-en-peluche-kawaii-capybara-avec-mini-peluches-calins-et-magasin\/#primaryimage\"},\"thumbnailUrl\":\"https:\/\/i0.wp.com\/capy-planet.com\/wp-content\/uploads\/sites\/2\/2025\/03\/Sb99f4685bfe844dfb2764ca363788ca0t.webp?fit=1000%2C1000&ssl=1\",\"datePublished\":\"2025-03-26T07:59:28+00:00\",\"dateModified\":\"2025-04-19T10:59:53+00:00\",\"description\":\"\ud83d\udc39 CapyBag \u2013 Peluche kawaii de capybara avec mini-capybaras. Id\u00e9al pour cadeau, d\u00e9co ou c\u00e2lins !\",\"breadcrumb\":{\"@id\":\"https:\/\/capy-planet.com\/fr\/shop\/capybag-sac-a-collation-en-peluche-kawaii-capybara-avec-mini-peluches-calins-et-magasin\/#breadcrumb\"},\"inLanguage\":\"fr-FR\",\"potentialAction\":[{\"@type\":\"ReadAction\",\"target\":[\"https:\/\/capy-planet.com\/fr\/shop\/capybag-sac-a-collation-en-peluche-kawaii-capybara-avec-mini-peluches-calins-et-magasin\/\"]}]},{\"@type\":\"ImageObject\",\"inLanguage\":\"fr-FR\",\"@id\":\"https:\/\/capy-planet.com\/fr\/shop\/capybag-sac-a-collation-en-peluche-kawaii-capybara-avec-mini-peluches-calins-et-magasin\/#primaryimage\",\"url\":\"https:\/\/i0.wp.com\/capy-planet.com\/wp-content\/uploads\/sites\/2\/2025\/03\/Sb99f4685bfe844dfb2764ca363788ca0t.webp?fit=1000%2C1000&ssl=1\",\"contentUrl\":\"https:\/\/i0.wp.com\/capy-planet.com\/wp-content\/uploads\/sites\/2\/2025\/03\/Sb99f4685bfe844dfb2764ca363788ca0t.webp?fit=1000%2C1000&ssl=1\",\"width\":1000,\"height\":1000},{\"@type\":\"BreadcrumbList\",\"@id\":\"https:\/\/capy-planet.com\/fr\/shop\/capybag-sac-a-collation-en-peluche-kawaii-capybara-avec-mini-peluches-calins-et-magasin\/#breadcrumb\",\"itemListElement\":[{\"@type\":\"ListItem\",\"position\":1,\"name\":\"Home\",\"item\":\"https:\/\/capy-planet.com\/fr\/home\/\"},{\"@type\":\"ListItem\",\"position\":2,\"name\":\"Capy Shop\",\"item\":\"https:\/\/capy-planet.com\/shop\/\"},{\"@type\":\"ListItem\",\"position\":3,\"name\":\"CapyBag \u2013 Sac \u00e0 Collation en Peluche Kawaii de Capybara avec Mini Peluches | C\u00e2linez et Rangez !\"}]},{\"@type\":\"WebSite\",\"@id\":\"https:\/\/capy-planet.com\/fr\/#website\",\"url\":\"https:\/\/capy-planet.com\/fr\/\",\"name\":\"Capy Planet\",\"description\":\"Adoptez la vibe Capybara !\",\"publisher\":{\"@id\":\"https:\/\/capy-planet.com\/fr\/#organization\"},\"potentialAction\":[{\"@type\":\"SearchAction\",\"target\":{\"@type\":\"EntryPoint\",\"urlTemplate\":\"https:\/\/capy-planet.com\/fr\/?s={search_term_string}\"},\"query-input\":{\"@type\":\"PropertyValueSpecification\",\"valueRequired\":true,\"valueName\":\"search_term_string\"}}],\"inLanguage\":\"fr-FR\"},{\"@type\":\"Organization\",\"@id\":\"https:\/\/capy-planet.com\/fr\/#organization\",\"name\":\"Plan\u00e8te Capy\",\"url\":\"https:\/\/capy-planet.com\/fr\/\",\"logo\":{\"@type\":\"ImageObject\",\"inLanguage\":\"fr-FR\",\"@id\":\"https:\/\/capy-planet.com\/fr\/#\/schema\/logo\/image\/\",\"url\":\"https:\/\/i0.wp.com\/capy-planet.com\/wp-content\/uploads\/sites\/2\/2025\/03\/Henri_Hardillier_Capybara_face_large_smile_big_white_kawaii_eyes_c795f5d3-126d-4c2b-bf35-82751b2d63bb-2.png?fit=705%2C705&ssl=1\",\"contentUrl\":\"https:\/\/i0.wp.com\/capy-planet.com\/wp-content\/uploads\/sites\/2\/2025\/03\/Henri_Hardillier_Capybara_face_large_smile_big_white_kawaii_eyes_c795f5d3-126d-4c2b-bf35-82751b2d63bb-2.png?fit=705%2C705&ssl=1\",\"width\":705,\"height\":705,\"caption\":\"Plan\u00e8te Capy\"},\"image\":{\"@id\":\"https:\/\/capy-planet.com\/fr\/#\/schema\/logo\/image\/\"},\"sameAs\":[\"https:\/\/www.facebook.com\/capy.planet\",\"https:\/\/www.instagram.com\/capy_planet_com\"]}]}<\/script>\n<!-- \/ Yoast SEO plugin. -->","yoast_head_json":{"title":"CapyBag \u2013 Sac \u00e0 Collation en Peluche Kawaii de Capybara avec Mini Peluches | C\u00e2linez et Rangez ! - Capy Planet","description":"\ud83d\udc39 CapyBag \u2013 Peluche kawaii de capybara avec mini-capybaras. Id\u00e9al pour cadeau, d\u00e9co ou c\u00e2lins !","robots":{"index":"index","follow":"follow","max-snippet":"max-snippet:-1","max-image-preview":"max-image-preview:large","max-video-preview":"max-video-preview:-1"},"canonical":"https:\/\/capy-planet.com\/fr\/shop\/capybag-sac-a-collation-en-peluche-kawaii-capybara-avec-mini-peluches-calins-et-magasin\/","og_locale":"fr_FR","og_type":"article","og_title":"CapyBag \u2013 Sac \u00e0 Collation en Peluche Kawaii de Capybara avec Mini Peluches | C\u00e2linez et Rangez ! - Capy Planet","og_description":"\ud83d\udc39 CapyBag \u2013 Peluche kawaii de capybara avec mini-capybaras. Id\u00e9al pour cadeau, d\u00e9co ou c\u00e2lins !","og_url":"https:\/\/capy-planet.com\/fr\/shop\/capybag-sac-a-collation-en-peluche-kawaii-capybara-avec-mini-peluches-calins-et-magasin\/","og_site_name":"Capy Planet","article_publisher":"https:\/\/www.facebook.com\/capy.planet","article_modified_time":"2025-04-19T10:59:53+00:00","og_image":[{"width":1000,"height":1000,"url":"https:\/\/i0.wp.com\/capy-planet.com\/wp-content\/uploads\/sites\/2\/2025\/03\/Sb99f4685bfe844dfb2764ca363788ca0t.webp?fit=1000%2C1000&ssl=1","type":"image\/webp"}],"twitter_card":"summary_large_image","twitter_misc":{"Dur\u00e9e de lecture estim\u00e9e":"1 minute"},"schema":{"@context":"https:\/\/schema.org","@graph":[{"@type":"WebPage","@id":"https:\/\/capy-planet.com\/fr\/shop\/capybag-sac-a-collation-en-peluche-kawaii-capybara-avec-mini-peluches-calins-et-magasin\/","url":"https:\/\/capy-planet.com\/fr\/shop\/capybag-sac-a-collation-en-peluche-kawaii-capybara-avec-mini-peluches-calins-et-magasin\/","name":"CapyBag \u2013 Sac \u00e0 Collation en Peluche Kawaii de Capybara avec Mini Peluches | C\u00e2linez et Rangez ! - Capy Planet","isPartOf":{"@id":"https:\/\/capy-planet.com\/fr\/#website"},"primaryImageOfPage":{"@id":"https:\/\/capy-planet.com\/fr\/shop\/capybag-sac-a-collation-en-peluche-kawaii-capybara-avec-mini-peluches-calins-et-magasin\/#primaryimage"},"image":{"@id":"https:\/\/capy-planet.com\/fr\/shop\/capybag-sac-a-collation-en-peluche-kawaii-capybara-avec-mini-peluches-calins-et-magasin\/#primaryimage"},"thumbnailUrl":"https:\/\/i0.wp.com\/capy-planet.com\/wp-content\/uploads\/sites\/2\/2025\/03\/Sb99f4685bfe844dfb2764ca363788ca0t.webp?fit=1000%2C1000&ssl=1","datePublished":"2025-03-26T07:59:28+00:00","dateModified":"2025-04-19T10:59:53+00:00","description":"\ud83d\udc39 CapyBag \u2013 Peluche kawaii de capybara avec mini-capybaras. Id\u00e9al pour cadeau, d\u00e9co ou c\u00e2lins !","breadcrumb":{"@id":"https:\/\/capy-planet.com\/fr\/shop\/capybag-sac-a-collation-en-peluche-kawaii-capybara-avec-mini-peluches-calins-et-magasin\/#breadcrumb"},"inLanguage":"fr-FR","potentialAction":[{"@type":"ReadAction","target":["https:\/\/capy-planet.com\/fr\/shop\/capybag-sac-a-collation-en-peluche-kawaii-capybara-avec-mini-peluches-calins-et-magasin\/"]}]},{"@type":"ImageObject","inLanguage":"fr-FR","@id":"https:\/\/capy-planet.com\/fr\/shop\/capybag-sac-a-collation-en-peluche-kawaii-capybara-avec-mini-peluches-calins-et-magasin\/#primaryimage","url":"https:\/\/i0.wp.com\/capy-planet.com\/wp-content\/uploads\/sites\/2\/2025\/03\/Sb99f4685bfe844dfb2764ca363788ca0t.webp?fit=1000%2C1000&ssl=1","contentUrl":"https:\/\/i0.wp.com\/capy-planet.com\/wp-content\/uploads\/sites\/2\/2025\/03\/Sb99f4685bfe844dfb2764ca363788ca0t.webp?fit=1000%2C1000&ssl=1","width":1000,"height":1000},{"@type":"BreadcrumbList","@id":"https:\/\/capy-planet.com\/fr\/shop\/capybag-sac-a-collation-en-peluche-kawaii-capybara-avec-mini-peluches-calins-et-magasin\/#breadcrumb","itemListElement":[{"@type":"ListItem","position":1,"name":"Home","item":"https:\/\/capy-planet.com\/fr\/home\/"},{"@type":"ListItem","position":2,"name":"Capy Shop","item":"https:\/\/capy-planet.com\/shop\/"},{"@type":"ListItem","position":3,"name":"CapyBag \u2013 Sac \u00e0 Collation en Peluche Kawaii de Capybara avec Mini Peluches | C\u00e2linez et Rangez !"}]},{"@type":"WebSite","@id":"https:\/\/capy-planet.com\/fr\/#website","url":"https:\/\/capy-planet.com\/fr\/","name":"Capy Planet","description":"Adoptez la vibe Capybara !","publisher":{"@id":"https:\/\/capy-planet.com\/fr\/#organization"},"potentialAction":[{"@type":"SearchAction","target":{"@type":"EntryPoint","urlTemplate":"https:\/\/capy-planet.com\/fr\/?s={search_term_string}"},"query-input":{"@type":"PropertyValueSpecification","valueRequired":true,"valueName":"search_term_string"}}],"inLanguage":"fr-FR"},{"@type":"Organization","@id":"https:\/\/capy-planet.com\/fr\/#organization","name":"Plan\u00e8te Capy","url":"https:\/\/capy-planet.com\/fr\/","logo":{"@type":"ImageObject","inLanguage":"fr-FR","@id":"https:\/\/capy-planet.com\/fr\/#\/schema\/logo\/image\/","url":"https:\/\/i0.wp.com\/capy-planet.com\/wp-content\/uploads\/sites\/2\/2025\/03\/Henri_Hardillier_Capybara_face_large_smile_big_white_kawaii_eyes_c795f5d3-126d-4c2b-bf35-82751b2d63bb-2.png?fit=705%2C705&ssl=1","contentUrl":"https:\/\/i0.wp.com\/capy-planet.com\/wp-content\/uploads\/sites\/2\/2025\/03\/Henri_Hardillier_Capybara_face_large_smile_big_white_kawaii_eyes_c795f5d3-126d-4c2b-bf35-82751b2d63bb-2.png?fit=705%2C705&ssl=1","width":705,"height":705,"caption":"Plan\u00e8te Capy"},"image":{"@id":"https:\/\/capy-planet.com\/fr\/#\/schema\/logo\/image\/"},"sameAs":["https:\/\/www.facebook.com\/capy.planet","https:\/\/www.instagram.com\/capy_planet_com"]}]}},"jetpack_sharing_enabled":true,"_links":{"self":[{"href":"https:\/\/capy-planet.com\/fr\/wp-json\/wp\/v2\/product\/39181","targetHints":{"allow":["GET"]}}],"collection":[{"href":"https:\/\/capy-planet.com\/fr\/wp-json\/wp\/v2\/product"}],"about":[{"href":"https:\/\/capy-planet.com\/fr\/wp-json\/wp\/v2\/types\/product"}],"replies":[{"embeddable":true,"href":"https:\/\/capy-planet.com\/fr\/wp-json\/wp\/v2\/comments?post=39181"}],"wp:featuredmedia":[{"embeddable":true,"href":"https:\/\/capy-planet.com\/fr\/wp-json\/wp\/v2\/media\/39141"}],"wp:attachment":[{"href":"https:\/\/capy-planet.com\/fr\/wp-json\/wp\/v2\/media?parent=39181"}],"wp:term":[{"taxonomy":"product_brand","embeddable":true,"href":"https:\/\/capy-planet.com\/fr\/wp-json\/wp\/v2\/product_brand?post=39181"},{"taxonomy":"product_cat","embeddable":true,"href":"https:\/\/capy-planet.com\/fr\/wp-json\/wp\/v2\/product_cat?post=39181"},{"taxonomy":"product_tag","embeddable":true,"href":"https:\/\/capy-planet.com\/fr\/wp-json\/wp\/v2\/product_tag?post=39181"}],"curies":[{"name":"wp","href":"https:\/\/api.w.org\/{rel}","templated":true}]}}