{"id":39132,"date":"2025-03-26T14:52:13","date_gmt":"2025-03-26T07:52:13","guid":{"rendered":"https:\/\/capy-planet.com\/shop\/capypouch-trousse-a-crayons-et-organiseur-de-papeterie-en-peluche-capybara-kawaii\/"},"modified":"2025-04-19T17:59:50","modified_gmt":"2025-04-19T10:59:50","slug":"capypouch-trousse-a-crayons-et-organiseur-de-papeterie-en-peluche-capybara-kawaii","status":"publish","type":"product","link":"https:\/\/capy-planet.com\/fr\/shop\/capypouch-trousse-a-crayons-et-organiseur-de-papeterie-en-peluche-capybara-kawaii\/","title":{"rendered":"CapyPouch \u2013 Trousse \u00e0 crayons en peluche Capybara Kawaii et organisateur de papeterie"},"content":{"rendered":"<p class=\"\" data-start=\"189\" data-end=\"264\">\u270f\ufe0f <strong data-start=\"192\" data-end=\"257\">CapyPouch \u2013 La trousse \u00e0 crayons Capybara la plus mignonne que vous poss\u00e9derez jamais !<\/strong> \ud83d\udc39\ud83d\udc95<\/p>\n<p class=\"\" data-start=\"266\" data-end=\"656\">Lass\u00e9 des trousses \u00e0 crayons ennuyeuses ? <strong data-start=\"296\" data-end=\"315\">D\u00e9couvrez CapyPouch<\/strong>, la <strong data-start=\"321\" data-end=\"366\">adorable trousse \u00e0 crayons en peluche en forme de capybara<\/strong> qui ajoute de la gaiet\u00e9 et du charme \u00e0 votre collection de papeterie ! <strong data-start=\"422\" data-end=\"463\">Douce, spacieuse et irr\u00e9sistiblement mignonne<\/strong>, cette <strong data-start=\"470\" data-end=\"486\">pochette \u00e0 fermeture \u00e9clair<\/strong> est <strong data-start=\"490\" data-end=\"557\">parfaite pour ranger crayons, stylos, maquillage ou petits accessoires essentiels.<\/strong> Que vous soyez \u00e9tudiant, artiste ou simplement amateur d&rsquo;accessoires kawaii, CapyPouch est un incontournable !<\/p>\n<p class=\"\" data-start=\"658\" data-end=\"1089\">\ud83c\udf1f <strong data-start=\"661\" data-end=\"692\">Pourquoi vous allez adorer CapyPouch :<\/strong><br data-start=\"692\" data-end=\"695\">\u2714 <strong data-start=\"697\" data-end=\"726\">Mat\u00e9riau en peluche ultra-doux<\/strong> \u2013 L&rsquo;impression d&rsquo;\u00e9treindre un v\u00e9ritable capybara ! \ud83e\udd70<br data-start=\"767\" data-end=\"770\">\u2714 <strong data-start=\"772\" data-end=\"796\">Spacieuse et pratique<\/strong> \u2013 Contient <strong data-start=\"805\" data-end=\"846\">stylos, gommes, pinceaux de maquillage et plus encore !<\/strong><br data-start=\"846\" data-end=\"849\">\u2714 <strong data-start=\"851\" data-end=\"874\">Conception amusante et unique<\/strong> \u2013 Rend l&rsquo;organisation de votre papeterie plus excitante !<br data-start=\"924\" data-end=\"927\">\u2714 <strong data-start=\"929\" data-end=\"955\">Fermeture \u00e0 glissi\u00e8re durable<\/strong> \u2013 Maintient vos objets en s\u00e9curit\u00e9 et faciles d&rsquo;acc\u00e8s.<br data-start=\"1001\" data-end=\"1004\">\u2714 <strong data-start=\"1006\" data-end=\"1027\" data-is-only-node=\"\">Id\u00e9e de cadeau parfaite<\/strong> \u2013 Un excellent choix pour les \u00e9tudiants, les artistes ou les amateurs de capybaras !<\/p>\n<p class=\"\" data-start=\"1091\" data-end=\"1209\">\ud83c\udf81 <strong data-start=\"1094\" data-end=\"1202\">Apportez de la joie \u00e0 votre \u00e9cole ou votre espace de travail avec CapyPouch \u2013 le m\u00e9lange parfait de mignonnerie et de fonctionnalit\u00e9 !<\/strong> \ud83d\udc39\ud83d\udc96<\/p>\n","protected":false},"excerpt":{"rendered":"<p>\ud83d\udc39 <strong data-start=\"1275\" data-end=\"1339\">CapyPouch \u2013 La trousse \u00e0 crayons en peluche capybara kawaii ultime !<\/strong> Douce, spacieuse et amusante, parfaite pour ranger stylos, maquillage et petits accessoires essentiels !<\/p>\n","protected":false},"featured_media":39109,"comment_status":"open","ping_status":"closed","template":"","meta":[],"product_brand":[],"product_cat":[378],"product_tag":[1059,1058,1056,1054,1060,1052,1057,1055,1053,1051],"class_list":{"0":"post-39132","1":"product","2":"type-product","3":"status-publish","4":"has-post-thumbnail","6":"product_cat-capy-accessories-fr","7":"product_tag-accessoires-pour-amoureux-des-capybaras","8":"product_tag-cadeau-de-papeterie-fantaisie","9":"product_tag-etui-a-fermeture-eclair-avec-des-animaux-amusants","10":"product_tag-jolies-fournitures-scolaires","11":"product_tag-organisateur-kawaii-unique","12":"product_tag-papeterie-kawaii","13":"product_tag-pot-a-crayons-esthetique","14":"product_tag-sac-en-peluche-capybara","15":"product_tag-trousse-a-crayons-en-peluche","16":"product_tag-trousse-a-crayons-capybara","18":"first","19":"instock","20":"sale","21":"shipping-taxable","22":"purchasable","23":"product-type-variable"},"yoast_head":"<!-- This site is optimized with the Yoast SEO plugin v27.0 - https:\/\/yoast.com\/product\/yoast-seo-wordpress\/ -->\n<title>CapyPouch \u2013 Trousse \u00e0 crayons en peluche Capybara Kawaii et organisateur de papeterie - Capy Planet<\/title>\n<meta name=\"description\" content=\"\ud83d\udc39 CapyPouch \u2013 Trousse capybara kawaii ! Douce, spacieuse pour stylos et accessoires.\" \/>\n<meta name=\"robots\" content=\"index, follow, max-snippet:-1, max-image-preview:large, max-video-preview:-1\" \/>\n<link rel=\"canonical\" href=\"https:\/\/capy-planet.com\/fr\/shop\/capypouch-trousse-a-crayons-et-organiseur-de-papeterie-en-peluche-capybara-kawaii\/\" \/>\n<meta property=\"og:locale\" content=\"fr_FR\" \/>\n<meta property=\"og:type\" content=\"article\" \/>\n<meta property=\"og:title\" content=\"CapyPouch \u2013 Trousse \u00e0 crayons en peluche Capybara Kawaii et organisateur de papeterie - Capy Planet\" \/>\n<meta property=\"og:description\" content=\"\ud83d\udc39 CapyPouch \u2013 Trousse capybara kawaii ! Douce, spacieuse pour stylos et accessoires.\" \/>\n<meta property=\"og:url\" content=\"https:\/\/capy-planet.com\/fr\/shop\/capypouch-trousse-a-crayons-et-organiseur-de-papeterie-en-peluche-capybara-kawaii\/\" \/>\n<meta property=\"og:site_name\" content=\"Capy Planet\" \/>\n<meta property=\"article:publisher\" content=\"https:\/\/www.facebook.com\/capy.planet\" \/>\n<meta property=\"article:modified_time\" content=\"2025-04-19T10:59:50+00:00\" \/>\n<meta property=\"og:image\" content=\"https:\/\/i0.wp.com\/capy-planet.com\/wp-content\/uploads\/sites\/2\/2025\/03\/S93765c2ea17a4f7cb2c5396dd7ed5377r.webp?fit=800%2C800&ssl=1\" \/>\n\t<meta property=\"og:image:width\" content=\"800\" \/>\n\t<meta property=\"og:image:height\" content=\"800\" \/>\n\t<meta property=\"og:image:type\" content=\"image\/webp\" \/>\n<meta name=\"twitter:card\" content=\"summary_large_image\" \/>\n<meta name=\"twitter:label1\" content=\"Dur\u00e9e de lecture estim\u00e9e\" \/>\n\t<meta name=\"twitter:data1\" content=\"1 minute\" \/>\n<script type=\"application\/ld+json\" class=\"yoast-schema-graph\">{\"@context\":\"https:\/\/schema.org\",\"@graph\":[{\"@type\":\"WebPage\",\"@id\":\"https:\/\/capy-planet.com\/fr\/shop\/capypouch-trousse-a-crayons-et-organiseur-de-papeterie-en-peluche-capybara-kawaii\/\",\"url\":\"https:\/\/capy-planet.com\/fr\/shop\/capypouch-trousse-a-crayons-et-organiseur-de-papeterie-en-peluche-capybara-kawaii\/\",\"name\":\"CapyPouch \u2013 Trousse \u00e0 crayons en peluche Capybara Kawaii et organisateur de papeterie - Capy Planet\",\"isPartOf\":{\"@id\":\"https:\/\/capy-planet.com\/fr\/#website\"},\"primaryImageOfPage\":{\"@id\":\"https:\/\/capy-planet.com\/fr\/shop\/capypouch-trousse-a-crayons-et-organiseur-de-papeterie-en-peluche-capybara-kawaii\/#primaryimage\"},\"image\":{\"@id\":\"https:\/\/capy-planet.com\/fr\/shop\/capypouch-trousse-a-crayons-et-organiseur-de-papeterie-en-peluche-capybara-kawaii\/#primaryimage\"},\"thumbnailUrl\":\"https:\/\/i0.wp.com\/capy-planet.com\/wp-content\/uploads\/sites\/2\/2025\/03\/S93765c2ea17a4f7cb2c5396dd7ed5377r.webp?fit=800%2C800&ssl=1\",\"datePublished\":\"2025-03-26T07:52:13+00:00\",\"dateModified\":\"2025-04-19T10:59:50+00:00\",\"description\":\"\ud83d\udc39 CapyPouch \u2013 Trousse capybara kawaii ! Douce, spacieuse pour stylos et accessoires.\",\"breadcrumb\":{\"@id\":\"https:\/\/capy-planet.com\/fr\/shop\/capypouch-trousse-a-crayons-et-organiseur-de-papeterie-en-peluche-capybara-kawaii\/#breadcrumb\"},\"inLanguage\":\"fr-FR\",\"potentialAction\":[{\"@type\":\"ReadAction\",\"target\":[\"https:\/\/capy-planet.com\/fr\/shop\/capypouch-trousse-a-crayons-et-organiseur-de-papeterie-en-peluche-capybara-kawaii\/\"]}]},{\"@type\":\"ImageObject\",\"inLanguage\":\"fr-FR\",\"@id\":\"https:\/\/capy-planet.com\/fr\/shop\/capypouch-trousse-a-crayons-et-organiseur-de-papeterie-en-peluche-capybara-kawaii\/#primaryimage\",\"url\":\"https:\/\/i0.wp.com\/capy-planet.com\/wp-content\/uploads\/sites\/2\/2025\/03\/S93765c2ea17a4f7cb2c5396dd7ed5377r.webp?fit=800%2C800&ssl=1\",\"contentUrl\":\"https:\/\/i0.wp.com\/capy-planet.com\/wp-content\/uploads\/sites\/2\/2025\/03\/S93765c2ea17a4f7cb2c5396dd7ed5377r.webp?fit=800%2C800&ssl=1\",\"width\":800,\"height\":800},{\"@type\":\"BreadcrumbList\",\"@id\":\"https:\/\/capy-planet.com\/fr\/shop\/capypouch-trousse-a-crayons-et-organiseur-de-papeterie-en-peluche-capybara-kawaii\/#breadcrumb\",\"itemListElement\":[{\"@type\":\"ListItem\",\"position\":1,\"name\":\"Home\",\"item\":\"https:\/\/capy-planet.com\/fr\/home\/\"},{\"@type\":\"ListItem\",\"position\":2,\"name\":\"Capy Shop\",\"item\":\"https:\/\/capy-planet.com\/shop\/\"},{\"@type\":\"ListItem\",\"position\":3,\"name\":\"CapyPouch \u2013 Trousse \u00e0 crayons en peluche Capybara Kawaii et organisateur de papeterie\"}]},{\"@type\":\"WebSite\",\"@id\":\"https:\/\/capy-planet.com\/fr\/#website\",\"url\":\"https:\/\/capy-planet.com\/fr\/\",\"name\":\"Capy Planet\",\"description\":\"Adoptez la vibe Capybara !\",\"publisher\":{\"@id\":\"https:\/\/capy-planet.com\/fr\/#organization\"},\"potentialAction\":[{\"@type\":\"SearchAction\",\"target\":{\"@type\":\"EntryPoint\",\"urlTemplate\":\"https:\/\/capy-planet.com\/fr\/?s={search_term_string}\"},\"query-input\":{\"@type\":\"PropertyValueSpecification\",\"valueRequired\":true,\"valueName\":\"search_term_string\"}}],\"inLanguage\":\"fr-FR\"},{\"@type\":\"Organization\",\"@id\":\"https:\/\/capy-planet.com\/fr\/#organization\",\"name\":\"Plan\u00e8te Capy\",\"url\":\"https:\/\/capy-planet.com\/fr\/\",\"logo\":{\"@type\":\"ImageObject\",\"inLanguage\":\"fr-FR\",\"@id\":\"https:\/\/capy-planet.com\/fr\/#\/schema\/logo\/image\/\",\"url\":\"https:\/\/i0.wp.com\/capy-planet.com\/wp-content\/uploads\/sites\/2\/2025\/03\/Henri_Hardillier_Capybara_face_large_smile_big_white_kawaii_eyes_c795f5d3-126d-4c2b-bf35-82751b2d63bb-2.png?fit=705%2C705&ssl=1\",\"contentUrl\":\"https:\/\/i0.wp.com\/capy-planet.com\/wp-content\/uploads\/sites\/2\/2025\/03\/Henri_Hardillier_Capybara_face_large_smile_big_white_kawaii_eyes_c795f5d3-126d-4c2b-bf35-82751b2d63bb-2.png?fit=705%2C705&ssl=1\",\"width\":705,\"height\":705,\"caption\":\"Plan\u00e8te Capy\"},\"image\":{\"@id\":\"https:\/\/capy-planet.com\/fr\/#\/schema\/logo\/image\/\"},\"sameAs\":[\"https:\/\/www.facebook.com\/capy.planet\",\"https:\/\/www.instagram.com\/capy_planet_com\"]}]}<\/script>\n<!-- \/ Yoast SEO plugin. -->","yoast_head_json":{"title":"CapyPouch \u2013 Trousse \u00e0 crayons en peluche Capybara Kawaii et organisateur de papeterie - Capy Planet","description":"\ud83d\udc39 CapyPouch \u2013 Trousse capybara kawaii ! Douce, spacieuse pour stylos et accessoires.","robots":{"index":"index","follow":"follow","max-snippet":"max-snippet:-1","max-image-preview":"max-image-preview:large","max-video-preview":"max-video-preview:-1"},"canonical":"https:\/\/capy-planet.com\/fr\/shop\/capypouch-trousse-a-crayons-et-organiseur-de-papeterie-en-peluche-capybara-kawaii\/","og_locale":"fr_FR","og_type":"article","og_title":"CapyPouch \u2013 Trousse \u00e0 crayons en peluche Capybara Kawaii et organisateur de papeterie - Capy Planet","og_description":"\ud83d\udc39 CapyPouch \u2013 Trousse capybara kawaii ! Douce, spacieuse pour stylos et accessoires.","og_url":"https:\/\/capy-planet.com\/fr\/shop\/capypouch-trousse-a-crayons-et-organiseur-de-papeterie-en-peluche-capybara-kawaii\/","og_site_name":"Capy Planet","article_publisher":"https:\/\/www.facebook.com\/capy.planet","article_modified_time":"2025-04-19T10:59:50+00:00","og_image":[{"width":800,"height":800,"url":"https:\/\/i0.wp.com\/capy-planet.com\/wp-content\/uploads\/sites\/2\/2025\/03\/S93765c2ea17a4f7cb2c5396dd7ed5377r.webp?fit=800%2C800&ssl=1","type":"image\/webp"}],"twitter_card":"summary_large_image","twitter_misc":{"Dur\u00e9e de lecture estim\u00e9e":"1 minute"},"schema":{"@context":"https:\/\/schema.org","@graph":[{"@type":"WebPage","@id":"https:\/\/capy-planet.com\/fr\/shop\/capypouch-trousse-a-crayons-et-organiseur-de-papeterie-en-peluche-capybara-kawaii\/","url":"https:\/\/capy-planet.com\/fr\/shop\/capypouch-trousse-a-crayons-et-organiseur-de-papeterie-en-peluche-capybara-kawaii\/","name":"CapyPouch \u2013 Trousse \u00e0 crayons en peluche Capybara Kawaii et organisateur de papeterie - Capy Planet","isPartOf":{"@id":"https:\/\/capy-planet.com\/fr\/#website"},"primaryImageOfPage":{"@id":"https:\/\/capy-planet.com\/fr\/shop\/capypouch-trousse-a-crayons-et-organiseur-de-papeterie-en-peluche-capybara-kawaii\/#primaryimage"},"image":{"@id":"https:\/\/capy-planet.com\/fr\/shop\/capypouch-trousse-a-crayons-et-organiseur-de-papeterie-en-peluche-capybara-kawaii\/#primaryimage"},"thumbnailUrl":"https:\/\/i0.wp.com\/capy-planet.com\/wp-content\/uploads\/sites\/2\/2025\/03\/S93765c2ea17a4f7cb2c5396dd7ed5377r.webp?fit=800%2C800&ssl=1","datePublished":"2025-03-26T07:52:13+00:00","dateModified":"2025-04-19T10:59:50+00:00","description":"\ud83d\udc39 CapyPouch \u2013 Trousse capybara kawaii ! Douce, spacieuse pour stylos et accessoires.","breadcrumb":{"@id":"https:\/\/capy-planet.com\/fr\/shop\/capypouch-trousse-a-crayons-et-organiseur-de-papeterie-en-peluche-capybara-kawaii\/#breadcrumb"},"inLanguage":"fr-FR","potentialAction":[{"@type":"ReadAction","target":["https:\/\/capy-planet.com\/fr\/shop\/capypouch-trousse-a-crayons-et-organiseur-de-papeterie-en-peluche-capybara-kawaii\/"]}]},{"@type":"ImageObject","inLanguage":"fr-FR","@id":"https:\/\/capy-planet.com\/fr\/shop\/capypouch-trousse-a-crayons-et-organiseur-de-papeterie-en-peluche-capybara-kawaii\/#primaryimage","url":"https:\/\/i0.wp.com\/capy-planet.com\/wp-content\/uploads\/sites\/2\/2025\/03\/S93765c2ea17a4f7cb2c5396dd7ed5377r.webp?fit=800%2C800&ssl=1","contentUrl":"https:\/\/i0.wp.com\/capy-planet.com\/wp-content\/uploads\/sites\/2\/2025\/03\/S93765c2ea17a4f7cb2c5396dd7ed5377r.webp?fit=800%2C800&ssl=1","width":800,"height":800},{"@type":"BreadcrumbList","@id":"https:\/\/capy-planet.com\/fr\/shop\/capypouch-trousse-a-crayons-et-organiseur-de-papeterie-en-peluche-capybara-kawaii\/#breadcrumb","itemListElement":[{"@type":"ListItem","position":1,"name":"Home","item":"https:\/\/capy-planet.com\/fr\/home\/"},{"@type":"ListItem","position":2,"name":"Capy Shop","item":"https:\/\/capy-planet.com\/shop\/"},{"@type":"ListItem","position":3,"name":"CapyPouch \u2013 Trousse \u00e0 crayons en peluche Capybara Kawaii et organisateur de papeterie"}]},{"@type":"WebSite","@id":"https:\/\/capy-planet.com\/fr\/#website","url":"https:\/\/capy-planet.com\/fr\/","name":"Capy Planet","description":"Adoptez la vibe Capybara !","publisher":{"@id":"https:\/\/capy-planet.com\/fr\/#organization"},"potentialAction":[{"@type":"SearchAction","target":{"@type":"EntryPoint","urlTemplate":"https:\/\/capy-planet.com\/fr\/?s={search_term_string}"},"query-input":{"@type":"PropertyValueSpecification","valueRequired":true,"valueName":"search_term_string"}}],"inLanguage":"fr-FR"},{"@type":"Organization","@id":"https:\/\/capy-planet.com\/fr\/#organization","name":"Plan\u00e8te Capy","url":"https:\/\/capy-planet.com\/fr\/","logo":{"@type":"ImageObject","inLanguage":"fr-FR","@id":"https:\/\/capy-planet.com\/fr\/#\/schema\/logo\/image\/","url":"https:\/\/i0.wp.com\/capy-planet.com\/wp-content\/uploads\/sites\/2\/2025\/03\/Henri_Hardillier_Capybara_face_large_smile_big_white_kawaii_eyes_c795f5d3-126d-4c2b-bf35-82751b2d63bb-2.png?fit=705%2C705&ssl=1","contentUrl":"https:\/\/i0.wp.com\/capy-planet.com\/wp-content\/uploads\/sites\/2\/2025\/03\/Henri_Hardillier_Capybara_face_large_smile_big_white_kawaii_eyes_c795f5d3-126d-4c2b-bf35-82751b2d63bb-2.png?fit=705%2C705&ssl=1","width":705,"height":705,"caption":"Plan\u00e8te Capy"},"image":{"@id":"https:\/\/capy-planet.com\/fr\/#\/schema\/logo\/image\/"},"sameAs":["https:\/\/www.facebook.com\/capy.planet","https:\/\/www.instagram.com\/capy_planet_com"]}]}},"jetpack_sharing_enabled":true,"_links":{"self":[{"href":"https:\/\/capy-planet.com\/fr\/wp-json\/wp\/v2\/product\/39132","targetHints":{"allow":["GET"]}}],"collection":[{"href":"https:\/\/capy-planet.com\/fr\/wp-json\/wp\/v2\/product"}],"about":[{"href":"https:\/\/capy-planet.com\/fr\/wp-json\/wp\/v2\/types\/product"}],"replies":[{"embeddable":true,"href":"https:\/\/capy-planet.com\/fr\/wp-json\/wp\/v2\/comments?post=39132"}],"wp:featuredmedia":[{"embeddable":true,"href":"https:\/\/capy-planet.com\/fr\/wp-json\/wp\/v2\/media\/39109"}],"wp:attachment":[{"href":"https:\/\/capy-planet.com\/fr\/wp-json\/wp\/v2\/media?parent=39132"}],"wp:term":[{"taxonomy":"product_brand","embeddable":true,"href":"https:\/\/capy-planet.com\/fr\/wp-json\/wp\/v2\/product_brand?post=39132"},{"taxonomy":"product_cat","embeddable":true,"href":"https:\/\/capy-planet.com\/fr\/wp-json\/wp\/v2\/product_cat?post=39132"},{"taxonomy":"product_tag","embeddable":true,"href":"https:\/\/capy-planet.com\/fr\/wp-json\/wp\/v2\/product_tag?post=39132"}],"curies":[{"name":"wp","href":"https:\/\/api.w.org\/{rel}","templated":true}]}}