{"id":39099,"date":"2025-03-26T14:48:47","date_gmt":"2025-03-26T06:48:47","guid":{"rendered":"https:\/\/capy-planet.com\/shop\/capytote-adorable-sac-fourre-tout-en-toile-capybara-fast-food-grand-sac-a-bandouliere-resistant\/"},"modified":"2025-04-18T10:30:12","modified_gmt":"2025-04-18T03:30:12","slug":"capytote-adorable-sac-fourre-tout-en-toile-capybara-fast-food-grand-sac-a-bandouliere-resistant","status":"publish","type":"product","link":"https:\/\/capy-planet.com\/fr\/shop\/capytote-adorable-sac-fourre-tout-en-toile-capybara-fast-food-grand-sac-a-bandouliere-resistant\/","title":{"rendered":"CapyTote \u2013 Sac fourre-tout en toile adorable avec capybara \u00e0 restauration rapide | Grand sac \u00e0 bandouli\u00e8re durable"},"content":{"rendered":"<p class=\"\" data-start=\"183\" data-end=\"254\">\ud83d\udc5c <strong data-start=\"186\" data-end=\"248\">CapyTote \u2013 Le sac fourre-tout capybara le plus mignon pour un usage quotidien !<\/strong> \ud83d\udc39\u2728<\/p>\n<p class=\"\" data-start=\"256\" data-end=\"551\">Faites une d\u00e9claration avec le <strong data-start=\"282\" data-end=\"295\">CapyTote<\/strong>, le <strong data-start=\"301\" data-end=\"328\">sac fourre-tout kawaii parfait<\/strong> arborant un <strong data-start=\"351\" data-end=\"388\">adorable design de capybara sur le th\u00e8me de la restauration rapide !<\/strong> Que vous vous rendiez \u00e0 l&rsquo;\u00e9cole, au travail ou que vous sortiez pour une journ\u00e9e d\u00e9contract\u00e9e, ce <strong data-start=\"464\" data-end=\"493\">sac en toile \u00e0 grande capacit\u00e9<\/strong> contiendra tous vos effets essentiels avec <strong data-start=\"527\" data-end=\"549\">style et confort.<\/strong><\/p>\n<p class=\"\" data-start=\"553\" data-end=\"1063\">\ud83c\udf1f <strong data-start=\"556\" data-end=\"586\">Pourquoi vous appr\u00e9cierez CapyTote :<\/strong><br data-start=\"586\" data-end=\"589\">\u2714 <strong data-start=\"591\" data-end=\"616\">Design kawaii et amusant<\/strong> \u2013 Arbore <strong data-start=\"631\" data-end=\"673\">un adorable capybara dans un th\u00e8me de restauration rapide<\/strong> pour un look unique et divertissant !<br data-start=\"700\" data-end=\"703\">\u2714 <strong data-start=\"705\" data-end=\"729\">Spacieux et pratique<\/strong> \u2013 <strong data-start=\"732\" data-end=\"750\">Grande capacit\u00e9<\/strong> pour contenir livres, courses, ordinateur portable ou effets personnels quotidiens.<br data-start=\"804\" data-end=\"807\">\u2714 <strong data-start=\"809\" data-end=\"836\">Mat\u00e9riau en toile durable<\/strong> \u2013 Fabriqu\u00e9 \u00e0 partir de <strong data-start=\"849\" data-end=\"872\">tissu de haute qualit\u00e9<\/strong>, garantissant une utilisation prolong\u00e9e.<br data-start=\"900\" data-end=\"903\">\u2714 <strong data-start=\"905\" data-end=\"936\" data-is-only-node=\"\">Bretelles confortables<\/strong> \u2013 L\u00e9g\u00e8res mais robustes, id\u00e9ales pour un port quotidien.<br data-start=\"990\" data-end=\"993\">\u2714 <strong data-start=\"995\" data-end=\"1022\">\u00c9cologique et r\u00e9utilisable<\/strong> \u2013 Une excellente alternative aux sacs en plastique !<\/p>\n<p class=\"\" data-start=\"1065\" data-end=\"1198\">\ud83c\udf81  <strong data-start=\"1068\" data-end=\"1193\">Vous recherchez un sac fourre-tout mignon et tendance ? CapyTote est l&rsquo;accessoire indispensable pour les amateurs de capybaras et les fans de mode kawaii ! <\/strong>  \ud83d\udc96<\/p>\n","protected":false},"excerpt":{"rendered":"<p>\ud83d\udc39\ud83d\udc5c <strong data-start=\"1266\" data-end=\"1314\">CapyTote \u2013 Sac fourre-tout en toile kawaii \u00e0 motif capybara !<\/strong> Spacieux, durable et \u00e9cologique, parfait pour l&rsquo;\u00e9cole, les courses et l&rsquo;usage quotidien !<\/p>\n","protected":false},"featured_media":39093,"comment_status":"open","ping_status":"closed","template":"","meta":[],"product_brand":[],"product_cat":[1701],"product_tag":[1019,1020,1018,1024,950,1022,1023,1017,1021,956],"class_list":{"0":"post-39099","1":"product","2":"type-product","3":"status-publish","4":"has-post-thumbnail","6":"product_cat-capy-bags-fr","7":"product_tag-joli-sac-fourre-tout-ecologique","8":"product_tag-mode-capybara","9":"product_tag-sac-a-bandouliere-esthetique","10":"product_tag-sac-animal-de-dessin-anime","11":"product_tag-sac-fourre-tout-capybara","12":"product_tag-sac-depicerie-reutilisable","13":"product_tag-sac-de-courses-de-grande-capacite","14":"product_tag-sac-en-toile-kawaii","15":"product_tag-sac-en-toile-tendance","16":"product_tag-sac-fourre-tout-amusant","18":"first","19":"outofstock","20":"sale","21":"shipping-taxable","22":"purchasable","23":"product-type-simple"},"yoast_head":"<!-- This site is optimized with the Yoast SEO plugin v27.0 - https:\/\/yoast.com\/product\/yoast-seo-wordpress\/ -->\n<title>CapyTote \u2013 Sac fourre-tout en toile adorable avec capybara \u00e0 restauration rapide | Grand sac \u00e0 bandouli\u00e8re durable - Capy Planet<\/title>\n<meta name=\"description\" content=\"\ud83d\udc39\ud83d\udc5c CapyTote \u2013 Sac kawaii capybara. Spacieux, durable, \u00e9colo pour \u00e9cole et courses !\" \/>\n<meta name=\"robots\" content=\"index, follow, max-snippet:-1, max-image-preview:large, max-video-preview:-1\" \/>\n<link rel=\"canonical\" href=\"https:\/\/capy-planet.com\/fr\/shop\/capytote-adorable-sac-fourre-tout-en-toile-capybara-fast-food-grand-sac-a-bandouliere-resistant\/\" \/>\n<meta property=\"og:locale\" content=\"fr_FR\" \/>\n<meta property=\"og:type\" content=\"article\" \/>\n<meta property=\"og:title\" content=\"CapyTote \u2013 Sac fourre-tout en toile adorable avec capybara \u00e0 restauration rapide | Grand sac \u00e0 bandouli\u00e8re durable - Capy Planet\" \/>\n<meta property=\"og:description\" content=\"\ud83d\udc39\ud83d\udc5c CapyTote \u2013 Sac kawaii capybara. Spacieux, durable, \u00e9colo pour \u00e9cole et courses !\" \/>\n<meta property=\"og:url\" content=\"https:\/\/capy-planet.com\/fr\/shop\/capytote-adorable-sac-fourre-tout-en-toile-capybara-fast-food-grand-sac-a-bandouliere-resistant\/\" \/>\n<meta property=\"og:site_name\" content=\"Capy Planet\" \/>\n<meta property=\"article:publisher\" content=\"https:\/\/www.facebook.com\/capy.planet\" \/>\n<meta property=\"article:modified_time\" content=\"2025-04-18T03:30:12+00:00\" \/>\n<meta property=\"og:image\" content=\"https:\/\/i0.wp.com\/capy-planet.com\/wp-content\/uploads\/sites\/2\/2025\/03\/S526483a9249648da9b4b2e8f7564b7996.webp?fit=1200%2C1200&ssl=1\" \/>\n\t<meta property=\"og:image:width\" content=\"1200\" \/>\n\t<meta property=\"og:image:height\" content=\"1200\" \/>\n\t<meta property=\"og:image:type\" content=\"image\/webp\" \/>\n<meta name=\"twitter:card\" content=\"summary_large_image\" \/>\n<meta name=\"twitter:label1\" content=\"Dur\u00e9e de lecture estim\u00e9e\" \/>\n\t<meta name=\"twitter:data1\" content=\"1 minute\" \/>\n<script type=\"application\/ld+json\" class=\"yoast-schema-graph\">{\"@context\":\"https:\/\/schema.org\",\"@graph\":[{\"@type\":\"WebPage\",\"@id\":\"https:\/\/capy-planet.com\/fr\/shop\/capytote-adorable-sac-fourre-tout-en-toile-capybara-fast-food-grand-sac-a-bandouliere-resistant\/\",\"url\":\"https:\/\/capy-planet.com\/fr\/shop\/capytote-adorable-sac-fourre-tout-en-toile-capybara-fast-food-grand-sac-a-bandouliere-resistant\/\",\"name\":\"CapyTote \u2013 Sac fourre-tout en toile adorable avec capybara \u00e0 restauration rapide | Grand sac \u00e0 bandouli\u00e8re durable - Capy Planet\",\"isPartOf\":{\"@id\":\"https:\/\/capy-planet.com\/fr\/#website\"},\"primaryImageOfPage\":{\"@id\":\"https:\/\/capy-planet.com\/fr\/shop\/capytote-adorable-sac-fourre-tout-en-toile-capybara-fast-food-grand-sac-a-bandouliere-resistant\/#primaryimage\"},\"image\":{\"@id\":\"https:\/\/capy-planet.com\/fr\/shop\/capytote-adorable-sac-fourre-tout-en-toile-capybara-fast-food-grand-sac-a-bandouliere-resistant\/#primaryimage\"},\"thumbnailUrl\":\"https:\/\/i0.wp.com\/capy-planet.com\/wp-content\/uploads\/sites\/2\/2025\/03\/S526483a9249648da9b4b2e8f7564b7996.webp?fit=1200%2C1200&ssl=1\",\"datePublished\":\"2025-03-26T06:48:47+00:00\",\"dateModified\":\"2025-04-18T03:30:12+00:00\",\"description\":\"\ud83d\udc39\ud83d\udc5c CapyTote \u2013 Sac kawaii capybara. Spacieux, durable, \u00e9colo pour \u00e9cole et courses !\",\"breadcrumb\":{\"@id\":\"https:\/\/capy-planet.com\/fr\/shop\/capytote-adorable-sac-fourre-tout-en-toile-capybara-fast-food-grand-sac-a-bandouliere-resistant\/#breadcrumb\"},\"inLanguage\":\"fr-FR\",\"potentialAction\":[{\"@type\":\"ReadAction\",\"target\":[\"https:\/\/capy-planet.com\/fr\/shop\/capytote-adorable-sac-fourre-tout-en-toile-capybara-fast-food-grand-sac-a-bandouliere-resistant\/\"]}]},{\"@type\":\"ImageObject\",\"inLanguage\":\"fr-FR\",\"@id\":\"https:\/\/capy-planet.com\/fr\/shop\/capytote-adorable-sac-fourre-tout-en-toile-capybara-fast-food-grand-sac-a-bandouliere-resistant\/#primaryimage\",\"url\":\"https:\/\/i0.wp.com\/capy-planet.com\/wp-content\/uploads\/sites\/2\/2025\/03\/S526483a9249648da9b4b2e8f7564b7996.webp?fit=1200%2C1200&ssl=1\",\"contentUrl\":\"https:\/\/i0.wp.com\/capy-planet.com\/wp-content\/uploads\/sites\/2\/2025\/03\/S526483a9249648da9b4b2e8f7564b7996.webp?fit=1200%2C1200&ssl=1\",\"width\":1200,\"height\":1200},{\"@type\":\"BreadcrumbList\",\"@id\":\"https:\/\/capy-planet.com\/fr\/shop\/capytote-adorable-sac-fourre-tout-en-toile-capybara-fast-food-grand-sac-a-bandouliere-resistant\/#breadcrumb\",\"itemListElement\":[{\"@type\":\"ListItem\",\"position\":1,\"name\":\"Home\",\"item\":\"https:\/\/capy-planet.com\/fr\/home\/\"},{\"@type\":\"ListItem\",\"position\":2,\"name\":\"Capy Shop\",\"item\":\"https:\/\/capy-planet.com\/shop\/\"},{\"@type\":\"ListItem\",\"position\":3,\"name\":\"CapyTote \u2013 Sac fourre-tout en toile adorable avec capybara \u00e0 restauration rapide | Grand sac \u00e0 bandouli\u00e8re durable\"}]},{\"@type\":\"WebSite\",\"@id\":\"https:\/\/capy-planet.com\/fr\/#website\",\"url\":\"https:\/\/capy-planet.com\/fr\/\",\"name\":\"Capy Planet\",\"description\":\"Adoptez la vibe Capybara !\",\"publisher\":{\"@id\":\"https:\/\/capy-planet.com\/fr\/#organization\"},\"potentialAction\":[{\"@type\":\"SearchAction\",\"target\":{\"@type\":\"EntryPoint\",\"urlTemplate\":\"https:\/\/capy-planet.com\/fr\/?s={search_term_string}\"},\"query-input\":{\"@type\":\"PropertyValueSpecification\",\"valueRequired\":true,\"valueName\":\"search_term_string\"}}],\"inLanguage\":\"fr-FR\"},{\"@type\":\"Organization\",\"@id\":\"https:\/\/capy-planet.com\/fr\/#organization\",\"name\":\"Plan\u00e8te Capy\",\"url\":\"https:\/\/capy-planet.com\/fr\/\",\"logo\":{\"@type\":\"ImageObject\",\"inLanguage\":\"fr-FR\",\"@id\":\"https:\/\/capy-planet.com\/fr\/#\/schema\/logo\/image\/\",\"url\":\"https:\/\/i0.wp.com\/capy-planet.com\/wp-content\/uploads\/sites\/2\/2025\/03\/Henri_Hardillier_Capybara_face_large_smile_big_white_kawaii_eyes_c795f5d3-126d-4c2b-bf35-82751b2d63bb-2.png?fit=705%2C705&ssl=1\",\"contentUrl\":\"https:\/\/i0.wp.com\/capy-planet.com\/wp-content\/uploads\/sites\/2\/2025\/03\/Henri_Hardillier_Capybara_face_large_smile_big_white_kawaii_eyes_c795f5d3-126d-4c2b-bf35-82751b2d63bb-2.png?fit=705%2C705&ssl=1\",\"width\":705,\"height\":705,\"caption\":\"Plan\u00e8te Capy\"},\"image\":{\"@id\":\"https:\/\/capy-planet.com\/fr\/#\/schema\/logo\/image\/\"},\"sameAs\":[\"https:\/\/www.facebook.com\/capy.planet\",\"https:\/\/www.instagram.com\/capy_planet_com\"]}]}<\/script>\n<!-- \/ Yoast SEO plugin. -->","yoast_head_json":{"title":"CapyTote \u2013 Sac fourre-tout en toile adorable avec capybara \u00e0 restauration rapide | Grand sac \u00e0 bandouli\u00e8re durable - Capy Planet","description":"\ud83d\udc39\ud83d\udc5c CapyTote \u2013 Sac kawaii capybara. Spacieux, durable, \u00e9colo pour \u00e9cole et courses !","robots":{"index":"index","follow":"follow","max-snippet":"max-snippet:-1","max-image-preview":"max-image-preview:large","max-video-preview":"max-video-preview:-1"},"canonical":"https:\/\/capy-planet.com\/fr\/shop\/capytote-adorable-sac-fourre-tout-en-toile-capybara-fast-food-grand-sac-a-bandouliere-resistant\/","og_locale":"fr_FR","og_type":"article","og_title":"CapyTote \u2013 Sac fourre-tout en toile adorable avec capybara \u00e0 restauration rapide | Grand sac \u00e0 bandouli\u00e8re durable - Capy Planet","og_description":"\ud83d\udc39\ud83d\udc5c CapyTote \u2013 Sac kawaii capybara. Spacieux, durable, \u00e9colo pour \u00e9cole et courses !","og_url":"https:\/\/capy-planet.com\/fr\/shop\/capytote-adorable-sac-fourre-tout-en-toile-capybara-fast-food-grand-sac-a-bandouliere-resistant\/","og_site_name":"Capy Planet","article_publisher":"https:\/\/www.facebook.com\/capy.planet","article_modified_time":"2025-04-18T03:30:12+00:00","og_image":[{"width":1200,"height":1200,"url":"https:\/\/i0.wp.com\/capy-planet.com\/wp-content\/uploads\/sites\/2\/2025\/03\/S526483a9249648da9b4b2e8f7564b7996.webp?fit=1200%2C1200&ssl=1","type":"image\/webp"}],"twitter_card":"summary_large_image","twitter_misc":{"Dur\u00e9e de lecture estim\u00e9e":"1 minute"},"schema":{"@context":"https:\/\/schema.org","@graph":[{"@type":"WebPage","@id":"https:\/\/capy-planet.com\/fr\/shop\/capytote-adorable-sac-fourre-tout-en-toile-capybara-fast-food-grand-sac-a-bandouliere-resistant\/","url":"https:\/\/capy-planet.com\/fr\/shop\/capytote-adorable-sac-fourre-tout-en-toile-capybara-fast-food-grand-sac-a-bandouliere-resistant\/","name":"CapyTote \u2013 Sac fourre-tout en toile adorable avec capybara \u00e0 restauration rapide | Grand sac \u00e0 bandouli\u00e8re durable - Capy Planet","isPartOf":{"@id":"https:\/\/capy-planet.com\/fr\/#website"},"primaryImageOfPage":{"@id":"https:\/\/capy-planet.com\/fr\/shop\/capytote-adorable-sac-fourre-tout-en-toile-capybara-fast-food-grand-sac-a-bandouliere-resistant\/#primaryimage"},"image":{"@id":"https:\/\/capy-planet.com\/fr\/shop\/capytote-adorable-sac-fourre-tout-en-toile-capybara-fast-food-grand-sac-a-bandouliere-resistant\/#primaryimage"},"thumbnailUrl":"https:\/\/i0.wp.com\/capy-planet.com\/wp-content\/uploads\/sites\/2\/2025\/03\/S526483a9249648da9b4b2e8f7564b7996.webp?fit=1200%2C1200&ssl=1","datePublished":"2025-03-26T06:48:47+00:00","dateModified":"2025-04-18T03:30:12+00:00","description":"\ud83d\udc39\ud83d\udc5c CapyTote \u2013 Sac kawaii capybara. Spacieux, durable, \u00e9colo pour \u00e9cole et courses !","breadcrumb":{"@id":"https:\/\/capy-planet.com\/fr\/shop\/capytote-adorable-sac-fourre-tout-en-toile-capybara-fast-food-grand-sac-a-bandouliere-resistant\/#breadcrumb"},"inLanguage":"fr-FR","potentialAction":[{"@type":"ReadAction","target":["https:\/\/capy-planet.com\/fr\/shop\/capytote-adorable-sac-fourre-tout-en-toile-capybara-fast-food-grand-sac-a-bandouliere-resistant\/"]}]},{"@type":"ImageObject","inLanguage":"fr-FR","@id":"https:\/\/capy-planet.com\/fr\/shop\/capytote-adorable-sac-fourre-tout-en-toile-capybara-fast-food-grand-sac-a-bandouliere-resistant\/#primaryimage","url":"https:\/\/i0.wp.com\/capy-planet.com\/wp-content\/uploads\/sites\/2\/2025\/03\/S526483a9249648da9b4b2e8f7564b7996.webp?fit=1200%2C1200&ssl=1","contentUrl":"https:\/\/i0.wp.com\/capy-planet.com\/wp-content\/uploads\/sites\/2\/2025\/03\/S526483a9249648da9b4b2e8f7564b7996.webp?fit=1200%2C1200&ssl=1","width":1200,"height":1200},{"@type":"BreadcrumbList","@id":"https:\/\/capy-planet.com\/fr\/shop\/capytote-adorable-sac-fourre-tout-en-toile-capybara-fast-food-grand-sac-a-bandouliere-resistant\/#breadcrumb","itemListElement":[{"@type":"ListItem","position":1,"name":"Home","item":"https:\/\/capy-planet.com\/fr\/home\/"},{"@type":"ListItem","position":2,"name":"Capy Shop","item":"https:\/\/capy-planet.com\/shop\/"},{"@type":"ListItem","position":3,"name":"CapyTote \u2013 Sac fourre-tout en toile adorable avec capybara \u00e0 restauration rapide | Grand sac \u00e0 bandouli\u00e8re durable"}]},{"@type":"WebSite","@id":"https:\/\/capy-planet.com\/fr\/#website","url":"https:\/\/capy-planet.com\/fr\/","name":"Capy Planet","description":"Adoptez la vibe Capybara !","publisher":{"@id":"https:\/\/capy-planet.com\/fr\/#organization"},"potentialAction":[{"@type":"SearchAction","target":{"@type":"EntryPoint","urlTemplate":"https:\/\/capy-planet.com\/fr\/?s={search_term_string}"},"query-input":{"@type":"PropertyValueSpecification","valueRequired":true,"valueName":"search_term_string"}}],"inLanguage":"fr-FR"},{"@type":"Organization","@id":"https:\/\/capy-planet.com\/fr\/#organization","name":"Plan\u00e8te Capy","url":"https:\/\/capy-planet.com\/fr\/","logo":{"@type":"ImageObject","inLanguage":"fr-FR","@id":"https:\/\/capy-planet.com\/fr\/#\/schema\/logo\/image\/","url":"https:\/\/i0.wp.com\/capy-planet.com\/wp-content\/uploads\/sites\/2\/2025\/03\/Henri_Hardillier_Capybara_face_large_smile_big_white_kawaii_eyes_c795f5d3-126d-4c2b-bf35-82751b2d63bb-2.png?fit=705%2C705&ssl=1","contentUrl":"https:\/\/i0.wp.com\/capy-planet.com\/wp-content\/uploads\/sites\/2\/2025\/03\/Henri_Hardillier_Capybara_face_large_smile_big_white_kawaii_eyes_c795f5d3-126d-4c2b-bf35-82751b2d63bb-2.png?fit=705%2C705&ssl=1","width":705,"height":705,"caption":"Plan\u00e8te Capy"},"image":{"@id":"https:\/\/capy-planet.com\/fr\/#\/schema\/logo\/image\/"},"sameAs":["https:\/\/www.facebook.com\/capy.planet","https:\/\/www.instagram.com\/capy_planet_com"]}]}},"jetpack_sharing_enabled":true,"_links":{"self":[{"href":"https:\/\/capy-planet.com\/fr\/wp-json\/wp\/v2\/product\/39099","targetHints":{"allow":["GET"]}}],"collection":[{"href":"https:\/\/capy-planet.com\/fr\/wp-json\/wp\/v2\/product"}],"about":[{"href":"https:\/\/capy-planet.com\/fr\/wp-json\/wp\/v2\/types\/product"}],"replies":[{"embeddable":true,"href":"https:\/\/capy-planet.com\/fr\/wp-json\/wp\/v2\/comments?post=39099"}],"wp:featuredmedia":[{"embeddable":true,"href":"https:\/\/capy-planet.com\/fr\/wp-json\/wp\/v2\/media\/39093"}],"wp:attachment":[{"href":"https:\/\/capy-planet.com\/fr\/wp-json\/wp\/v2\/media?parent=39099"}],"wp:term":[{"taxonomy":"product_brand","embeddable":true,"href":"https:\/\/capy-planet.com\/fr\/wp-json\/wp\/v2\/product_brand?post=39099"},{"taxonomy":"product_cat","embeddable":true,"href":"https:\/\/capy-planet.com\/fr\/wp-json\/wp\/v2\/product_cat?post=39099"},{"taxonomy":"product_tag","embeddable":true,"href":"https:\/\/capy-planet.com\/fr\/wp-json\/wp\/v2\/product_tag?post=39099"}],"curies":[{"name":"wp","href":"https:\/\/api.w.org\/{rel}","templated":true}]}}