{"id":39055,"date":"2025-03-26T14:44:46","date_gmt":"2025-03-26T07:44:46","guid":{"rendered":"https:\/\/capy-planet.com\/shop\/capywrap-bracelet-en-peluche-capybara-snap-et-jouet-en-peluche-au-poignet\/"},"modified":"2025-04-19T18:05:25","modified_gmt":"2025-04-19T11:05:25","slug":"capywrap-bracelet-en-peluche-capybara-snap-et-jouet-en-peluche-au-poignet","status":"publish","type":"product","link":"https:\/\/capy-planet.com\/fr\/shop\/capywrap-bracelet-en-peluche-capybara-snap-et-jouet-en-peluche-au-poignet\/","title":{"rendered":"CapyWrap \u2013 Bracelet Peluche Capybara \u00e0 Enroulement et Jouet Peluche de Poignet"},"content":{"rendered":"<p class=\"\" data-start=\"180\" data-end=\"251\">\ud83d\udc39 <strong data-start=\"183\" data-end=\"246\">CapyWrap \u2013 La Plus Adorable Peluche Capybara qui \u00c9treint Votre Poignet !<\/strong> \ud83d\udc96<\/p>\n<p class=\"\" data-start=\"253\" data-end=\"589\">\u00cates-vous \u00e0 la recherche du <strong data-start=\"278\" data-end=\"316\">jouet en peluche le plus adorable et interactif<\/strong> qui soit ? D\u00e9couvrez <strong data-start=\"323\" data-end=\"336\">CapyWrap<\/strong>, le <strong data-start=\"342\" data-end=\"384\">bracelet \u00e0 enroulement en peluche de capybara doux et c\u00e2lin<\/strong> qui s&rsquo;enroule autour de votre poignet, de votre sac, ou m\u00eame de votre bureau ! Parfait pour <strong data-start=\"451\" data-end=\"533\">les enfants, les amateurs de capybaras, et quiconque appr\u00e9cie les accessoires mignons et propices \u00e0 la manipulation<\/strong>, cette peluche est \u00e0 la fois <strong data-start=\"556\" data-end=\"578\">amusante et r\u00e9confortante<\/strong> \u00e0 porter.  <\/p>\n<p class=\"\" data-start=\"591\" data-end=\"1101\">\u2728 <strong data-start=\"593\" data-end=\"623\">Pourquoi vous adorerez CapyWrap :<\/strong><br data-start=\"623\" data-end=\"626\">\u2714 <strong data-start=\"628\" data-end=\"651\">Extr\u00eamement doux et moelleux<\/strong> \u2013 Fabriqu\u00e9 \u00e0 partir de tissu en peluche de haute qualit\u00e9 pour <strong data-start=\"698\" data-end=\"724\">la meilleure exp\u00e9rience c\u00e2line<\/strong>.<br data-start=\"725\" data-end=\"728\">\u2714 <strong data-start=\"730\" data-end=\"748\">Conception \u00e0 fermeture instantan\u00e9e<\/strong> \u2013 Il suffit de <strong data-start=\"756\" data-end=\"781\">le claquer sur votre poignet<\/strong> et observez-le s&rsquo;enrouler sans effort !<br data-start=\"820\" data-end=\"823\">\u2714 <strong data-start=\"825\" data-end=\"842\">Polyvalent<\/strong> \u2013 Utilisez-le comme <strong data-start=\"857\" data-end=\"902\">bracelet, charm pour sac, ou compagnon de bureau en peluche<\/strong>.<br data-start=\"903\" data-end=\"906\">\u2714 <strong data-start=\"908\" data-end=\"935\" data-is-only-node=\"\">Parfait anti-stress<\/strong> \u2013 Un jouet amusant, adapt\u00e9 aux besoins sensoriels, qui occupe vos mains.<br data-start=\"992\" data-end=\"995\">\u2714 <strong data-start=\"997\" data-end=\"1024\">Excellent cadeau pour tous les \u00e2ges<\/strong> \u2013 Id\u00e9al pour les anniversaires, les f\u00eates, ou simplement pour r\u00e9pandre <strong data-start=\"1081\" data-end=\"1099\">l&rsquo;amour des capybaras !<\/strong><\/p>\n<p class=\"\" data-start=\"1103\" data-end=\"1218\">\ud83c\udf81 <strong data-start=\"1106\" data-end=\"1211\">Enveloppez votre poignet de douceur et d&rsquo;amusement \u2013 CapyWrap est le compagnon c\u00e2lin dont vous ne voudrez jamais vous s\u00e9parer !<\/strong> \ud83d\udc39\ud83d\udc96<\/p>\n","protected":false},"excerpt":{"rendered":"<p>\ud83d\udc39\ud83d\udc96 <strong data-start=\"1286\" data-end=\"1342\">CapyWrap \u2013 La peluche bracelet \u00e0 enroulement capybara c\u00e2line !<\/strong> Douce, amusante et propice \u00e0 la manipulation, parfaite pour les enfants et les amateurs de capybaras ! Portez-la partout ! <\/p>\n","protected":false},"featured_media":38988,"comment_status":"open","ping_status":"closed","template":"","meta":[],"product_brand":[],"product_cat":[455],"product_tag":[992,988,989,583,986,666,991,987,985,990],"class_list":{"0":"post-39055","1":"product","2":"type-product","3":"status-publish","4":"has-post-thumbnail","6":"product_cat-capy-plushies-fr","7":"product_tag-accessoire-en-peluche-tendance","8":"product_tag-bracelet-a-pression-capybara","9":"product_tag-bracelet-animal-mignon","10":"product_tag-capybara-plush-bracelet-fr","11":"product_tag-bracelet-kawaii","12":"product_tag-capybara-gift-fr","13":"product_tag-bracelet-en-peluche","14":"product_tag-jouet-anti-stress-pour-enfants","15":"product_tag-jouet-en-peluche-a-clipser","16":"product_tag-peluche-anti-stress","18":"first","19":"instock","20":"sale","21":"shipping-taxable","22":"purchasable","23":"product-type-variable"},"yoast_head":"<!-- This site is optimized with the Yoast SEO plugin v27.0 - https:\/\/yoast.com\/product\/yoast-seo-wordpress\/ -->\n<title>CapyWrap \u2013 Bracelet Peluche Capybara \u00e0 Enroulement et Jouet Peluche de Poignet - Capy Planet<\/title>\n<meta name=\"description\" content=\"\ud83d\udc39\ud83d\udc96 CapyWrap - Bracelet peluche capybara c\u00e2lin ! Doux, amusant, sensoriel. Id\u00e9al enfants\/fans. Portable partout !\" \/>\n<meta name=\"robots\" content=\"index, follow, max-snippet:-1, max-image-preview:large, max-video-preview:-1\" \/>\n<link rel=\"canonical\" href=\"https:\/\/capy-planet.com\/fr\/shop\/capywrap-bracelet-en-peluche-capybara-snap-et-jouet-en-peluche-au-poignet\/\" \/>\n<meta property=\"og:locale\" content=\"fr_FR\" \/>\n<meta property=\"og:type\" content=\"article\" \/>\n<meta property=\"og:title\" content=\"CapyWrap \u2013 Bracelet Peluche Capybara \u00e0 Enroulement et Jouet Peluche de Poignet - Capy Planet\" \/>\n<meta property=\"og:description\" content=\"\ud83d\udc39\ud83d\udc96 CapyWrap - Bracelet peluche capybara c\u00e2lin ! Doux, amusant, sensoriel. Id\u00e9al enfants\/fans. Portable partout !\" \/>\n<meta property=\"og:url\" content=\"https:\/\/capy-planet.com\/fr\/shop\/capywrap-bracelet-en-peluche-capybara-snap-et-jouet-en-peluche-au-poignet\/\" \/>\n<meta property=\"og:site_name\" content=\"Capy Planet\" \/>\n<meta property=\"article:publisher\" content=\"https:\/\/www.facebook.com\/capy.planet\" \/>\n<meta property=\"article:modified_time\" content=\"2025-04-19T11:05:25+00:00\" \/>\n<meta property=\"og:image\" content=\"https:\/\/i0.wp.com\/capy-planet.com\/wp-content\/uploads\/sites\/2\/2025\/03\/S883365683f9c4d25a2d70c607803cfcbQ.webp?fit=1200%2C1200&ssl=1\" \/>\n\t<meta property=\"og:image:width\" content=\"1200\" \/>\n\t<meta property=\"og:image:height\" content=\"1200\" \/>\n\t<meta property=\"og:image:type\" content=\"image\/webp\" \/>\n<meta name=\"twitter:card\" content=\"summary_large_image\" \/>\n<meta name=\"twitter:label1\" content=\"Dur\u00e9e de lecture estim\u00e9e\" \/>\n\t<meta name=\"twitter:data1\" content=\"1 minute\" \/>\n<script type=\"application\/ld+json\" class=\"yoast-schema-graph\">{\"@context\":\"https:\/\/schema.org\",\"@graph\":[{\"@type\":\"WebPage\",\"@id\":\"https:\/\/capy-planet.com\/fr\/shop\/capywrap-bracelet-en-peluche-capybara-snap-et-jouet-en-peluche-au-poignet\/\",\"url\":\"https:\/\/capy-planet.com\/fr\/shop\/capywrap-bracelet-en-peluche-capybara-snap-et-jouet-en-peluche-au-poignet\/\",\"name\":\"CapyWrap \u2013 Bracelet Peluche Capybara \u00e0 Enroulement et Jouet Peluche de Poignet - Capy Planet\",\"isPartOf\":{\"@id\":\"https:\/\/capy-planet.com\/fr\/#website\"},\"primaryImageOfPage\":{\"@id\":\"https:\/\/capy-planet.com\/fr\/shop\/capywrap-bracelet-en-peluche-capybara-snap-et-jouet-en-peluche-au-poignet\/#primaryimage\"},\"image\":{\"@id\":\"https:\/\/capy-planet.com\/fr\/shop\/capywrap-bracelet-en-peluche-capybara-snap-et-jouet-en-peluche-au-poignet\/#primaryimage\"},\"thumbnailUrl\":\"https:\/\/i0.wp.com\/capy-planet.com\/wp-content\/uploads\/sites\/2\/2025\/03\/S883365683f9c4d25a2d70c607803cfcbQ.webp?fit=1200%2C1200&ssl=1\",\"datePublished\":\"2025-03-26T07:44:46+00:00\",\"dateModified\":\"2025-04-19T11:05:25+00:00\",\"description\":\"\ud83d\udc39\ud83d\udc96 CapyWrap - Bracelet peluche capybara c\u00e2lin ! Doux, amusant, sensoriel. Id\u00e9al enfants\/fans. Portable partout !\",\"breadcrumb\":{\"@id\":\"https:\/\/capy-planet.com\/fr\/shop\/capywrap-bracelet-en-peluche-capybara-snap-et-jouet-en-peluche-au-poignet\/#breadcrumb\"},\"inLanguage\":\"fr-FR\",\"potentialAction\":[{\"@type\":\"ReadAction\",\"target\":[\"https:\/\/capy-planet.com\/fr\/shop\/capywrap-bracelet-en-peluche-capybara-snap-et-jouet-en-peluche-au-poignet\/\"]}]},{\"@type\":\"ImageObject\",\"inLanguage\":\"fr-FR\",\"@id\":\"https:\/\/capy-planet.com\/fr\/shop\/capywrap-bracelet-en-peluche-capybara-snap-et-jouet-en-peluche-au-poignet\/#primaryimage\",\"url\":\"https:\/\/i0.wp.com\/capy-planet.com\/wp-content\/uploads\/sites\/2\/2025\/03\/S883365683f9c4d25a2d70c607803cfcbQ.webp?fit=1200%2C1200&ssl=1\",\"contentUrl\":\"https:\/\/i0.wp.com\/capy-planet.com\/wp-content\/uploads\/sites\/2\/2025\/03\/S883365683f9c4d25a2d70c607803cfcbQ.webp?fit=1200%2C1200&ssl=1\",\"width\":1200,\"height\":1200},{\"@type\":\"BreadcrumbList\",\"@id\":\"https:\/\/capy-planet.com\/fr\/shop\/capywrap-bracelet-en-peluche-capybara-snap-et-jouet-en-peluche-au-poignet\/#breadcrumb\",\"itemListElement\":[{\"@type\":\"ListItem\",\"position\":1,\"name\":\"Home\",\"item\":\"https:\/\/capy-planet.com\/fr\/home\/\"},{\"@type\":\"ListItem\",\"position\":2,\"name\":\"Capy Shop\",\"item\":\"https:\/\/capy-planet.com\/shop\/\"},{\"@type\":\"ListItem\",\"position\":3,\"name\":\"CapyWrap \u2013 Bracelet Peluche Capybara \u00e0 Enroulement et Jouet Peluche de Poignet\"}]},{\"@type\":\"WebSite\",\"@id\":\"https:\/\/capy-planet.com\/fr\/#website\",\"url\":\"https:\/\/capy-planet.com\/fr\/\",\"name\":\"Capy Planet\",\"description\":\"Adoptez la vibe Capybara !\",\"publisher\":{\"@id\":\"https:\/\/capy-planet.com\/fr\/#organization\"},\"potentialAction\":[{\"@type\":\"SearchAction\",\"target\":{\"@type\":\"EntryPoint\",\"urlTemplate\":\"https:\/\/capy-planet.com\/fr\/?s={search_term_string}\"},\"query-input\":{\"@type\":\"PropertyValueSpecification\",\"valueRequired\":true,\"valueName\":\"search_term_string\"}}],\"inLanguage\":\"fr-FR\"},{\"@type\":\"Organization\",\"@id\":\"https:\/\/capy-planet.com\/fr\/#organization\",\"name\":\"Plan\u00e8te Capy\",\"url\":\"https:\/\/capy-planet.com\/fr\/\",\"logo\":{\"@type\":\"ImageObject\",\"inLanguage\":\"fr-FR\",\"@id\":\"https:\/\/capy-planet.com\/fr\/#\/schema\/logo\/image\/\",\"url\":\"https:\/\/i0.wp.com\/capy-planet.com\/wp-content\/uploads\/sites\/2\/2025\/03\/Henri_Hardillier_Capybara_face_large_smile_big_white_kawaii_eyes_c795f5d3-126d-4c2b-bf35-82751b2d63bb-2.png?fit=705%2C705&ssl=1\",\"contentUrl\":\"https:\/\/i0.wp.com\/capy-planet.com\/wp-content\/uploads\/sites\/2\/2025\/03\/Henri_Hardillier_Capybara_face_large_smile_big_white_kawaii_eyes_c795f5d3-126d-4c2b-bf35-82751b2d63bb-2.png?fit=705%2C705&ssl=1\",\"width\":705,\"height\":705,\"caption\":\"Plan\u00e8te Capy\"},\"image\":{\"@id\":\"https:\/\/capy-planet.com\/fr\/#\/schema\/logo\/image\/\"},\"sameAs\":[\"https:\/\/www.facebook.com\/capy.planet\",\"https:\/\/www.instagram.com\/capy_planet_com\"]}]}<\/script>\n<!-- \/ Yoast SEO plugin. -->","yoast_head_json":{"title":"CapyWrap \u2013 Bracelet Peluche Capybara \u00e0 Enroulement et Jouet Peluche de Poignet - Capy Planet","description":"\ud83d\udc39\ud83d\udc96 CapyWrap - Bracelet peluche capybara c\u00e2lin ! Doux, amusant, sensoriel. Id\u00e9al enfants\/fans. Portable partout !","robots":{"index":"index","follow":"follow","max-snippet":"max-snippet:-1","max-image-preview":"max-image-preview:large","max-video-preview":"max-video-preview:-1"},"canonical":"https:\/\/capy-planet.com\/fr\/shop\/capywrap-bracelet-en-peluche-capybara-snap-et-jouet-en-peluche-au-poignet\/","og_locale":"fr_FR","og_type":"article","og_title":"CapyWrap \u2013 Bracelet Peluche Capybara \u00e0 Enroulement et Jouet Peluche de Poignet - Capy Planet","og_description":"\ud83d\udc39\ud83d\udc96 CapyWrap - Bracelet peluche capybara c\u00e2lin ! Doux, amusant, sensoriel. Id\u00e9al enfants\/fans. Portable partout !","og_url":"https:\/\/capy-planet.com\/fr\/shop\/capywrap-bracelet-en-peluche-capybara-snap-et-jouet-en-peluche-au-poignet\/","og_site_name":"Capy Planet","article_publisher":"https:\/\/www.facebook.com\/capy.planet","article_modified_time":"2025-04-19T11:05:25+00:00","og_image":[{"width":1200,"height":1200,"url":"https:\/\/i0.wp.com\/capy-planet.com\/wp-content\/uploads\/sites\/2\/2025\/03\/S883365683f9c4d25a2d70c607803cfcbQ.webp?fit=1200%2C1200&ssl=1","type":"image\/webp"}],"twitter_card":"summary_large_image","twitter_misc":{"Dur\u00e9e de lecture estim\u00e9e":"1 minute"},"schema":{"@context":"https:\/\/schema.org","@graph":[{"@type":"WebPage","@id":"https:\/\/capy-planet.com\/fr\/shop\/capywrap-bracelet-en-peluche-capybara-snap-et-jouet-en-peluche-au-poignet\/","url":"https:\/\/capy-planet.com\/fr\/shop\/capywrap-bracelet-en-peluche-capybara-snap-et-jouet-en-peluche-au-poignet\/","name":"CapyWrap \u2013 Bracelet Peluche Capybara \u00e0 Enroulement et Jouet Peluche de Poignet - Capy Planet","isPartOf":{"@id":"https:\/\/capy-planet.com\/fr\/#website"},"primaryImageOfPage":{"@id":"https:\/\/capy-planet.com\/fr\/shop\/capywrap-bracelet-en-peluche-capybara-snap-et-jouet-en-peluche-au-poignet\/#primaryimage"},"image":{"@id":"https:\/\/capy-planet.com\/fr\/shop\/capywrap-bracelet-en-peluche-capybara-snap-et-jouet-en-peluche-au-poignet\/#primaryimage"},"thumbnailUrl":"https:\/\/i0.wp.com\/capy-planet.com\/wp-content\/uploads\/sites\/2\/2025\/03\/S883365683f9c4d25a2d70c607803cfcbQ.webp?fit=1200%2C1200&ssl=1","datePublished":"2025-03-26T07:44:46+00:00","dateModified":"2025-04-19T11:05:25+00:00","description":"\ud83d\udc39\ud83d\udc96 CapyWrap - Bracelet peluche capybara c\u00e2lin ! Doux, amusant, sensoriel. Id\u00e9al enfants\/fans. Portable partout !","breadcrumb":{"@id":"https:\/\/capy-planet.com\/fr\/shop\/capywrap-bracelet-en-peluche-capybara-snap-et-jouet-en-peluche-au-poignet\/#breadcrumb"},"inLanguage":"fr-FR","potentialAction":[{"@type":"ReadAction","target":["https:\/\/capy-planet.com\/fr\/shop\/capywrap-bracelet-en-peluche-capybara-snap-et-jouet-en-peluche-au-poignet\/"]}]},{"@type":"ImageObject","inLanguage":"fr-FR","@id":"https:\/\/capy-planet.com\/fr\/shop\/capywrap-bracelet-en-peluche-capybara-snap-et-jouet-en-peluche-au-poignet\/#primaryimage","url":"https:\/\/i0.wp.com\/capy-planet.com\/wp-content\/uploads\/sites\/2\/2025\/03\/S883365683f9c4d25a2d70c607803cfcbQ.webp?fit=1200%2C1200&ssl=1","contentUrl":"https:\/\/i0.wp.com\/capy-planet.com\/wp-content\/uploads\/sites\/2\/2025\/03\/S883365683f9c4d25a2d70c607803cfcbQ.webp?fit=1200%2C1200&ssl=1","width":1200,"height":1200},{"@type":"BreadcrumbList","@id":"https:\/\/capy-planet.com\/fr\/shop\/capywrap-bracelet-en-peluche-capybara-snap-et-jouet-en-peluche-au-poignet\/#breadcrumb","itemListElement":[{"@type":"ListItem","position":1,"name":"Home","item":"https:\/\/capy-planet.com\/fr\/home\/"},{"@type":"ListItem","position":2,"name":"Capy Shop","item":"https:\/\/capy-planet.com\/shop\/"},{"@type":"ListItem","position":3,"name":"CapyWrap \u2013 Bracelet Peluche Capybara \u00e0 Enroulement et Jouet Peluche de Poignet"}]},{"@type":"WebSite","@id":"https:\/\/capy-planet.com\/fr\/#website","url":"https:\/\/capy-planet.com\/fr\/","name":"Capy Planet","description":"Adoptez la vibe Capybara !","publisher":{"@id":"https:\/\/capy-planet.com\/fr\/#organization"},"potentialAction":[{"@type":"SearchAction","target":{"@type":"EntryPoint","urlTemplate":"https:\/\/capy-planet.com\/fr\/?s={search_term_string}"},"query-input":{"@type":"PropertyValueSpecification","valueRequired":true,"valueName":"search_term_string"}}],"inLanguage":"fr-FR"},{"@type":"Organization","@id":"https:\/\/capy-planet.com\/fr\/#organization","name":"Plan\u00e8te Capy","url":"https:\/\/capy-planet.com\/fr\/","logo":{"@type":"ImageObject","inLanguage":"fr-FR","@id":"https:\/\/capy-planet.com\/fr\/#\/schema\/logo\/image\/","url":"https:\/\/i0.wp.com\/capy-planet.com\/wp-content\/uploads\/sites\/2\/2025\/03\/Henri_Hardillier_Capybara_face_large_smile_big_white_kawaii_eyes_c795f5d3-126d-4c2b-bf35-82751b2d63bb-2.png?fit=705%2C705&ssl=1","contentUrl":"https:\/\/i0.wp.com\/capy-planet.com\/wp-content\/uploads\/sites\/2\/2025\/03\/Henri_Hardillier_Capybara_face_large_smile_big_white_kawaii_eyes_c795f5d3-126d-4c2b-bf35-82751b2d63bb-2.png?fit=705%2C705&ssl=1","width":705,"height":705,"caption":"Plan\u00e8te Capy"},"image":{"@id":"https:\/\/capy-planet.com\/fr\/#\/schema\/logo\/image\/"},"sameAs":["https:\/\/www.facebook.com\/capy.planet","https:\/\/www.instagram.com\/capy_planet_com"]}]}},"jetpack_sharing_enabled":true,"_links":{"self":[{"href":"https:\/\/capy-planet.com\/fr\/wp-json\/wp\/v2\/product\/39055","targetHints":{"allow":["GET"]}}],"collection":[{"href":"https:\/\/capy-planet.com\/fr\/wp-json\/wp\/v2\/product"}],"about":[{"href":"https:\/\/capy-planet.com\/fr\/wp-json\/wp\/v2\/types\/product"}],"replies":[{"embeddable":true,"href":"https:\/\/capy-planet.com\/fr\/wp-json\/wp\/v2\/comments?post=39055"}],"wp:featuredmedia":[{"embeddable":true,"href":"https:\/\/capy-planet.com\/fr\/wp-json\/wp\/v2\/media\/38988"}],"wp:attachment":[{"href":"https:\/\/capy-planet.com\/fr\/wp-json\/wp\/v2\/media?parent=39055"}],"wp:term":[{"taxonomy":"product_brand","embeddable":true,"href":"https:\/\/capy-planet.com\/fr\/wp-json\/wp\/v2\/product_brand?post=39055"},{"taxonomy":"product_cat","embeddable":true,"href":"https:\/\/capy-planet.com\/fr\/wp-json\/wp\/v2\/product_cat?post=39055"},{"taxonomy":"product_tag","embeddable":true,"href":"https:\/\/capy-planet.com\/fr\/wp-json\/wp\/v2\/product_tag?post=39055"}],"curies":[{"name":"wp","href":"https:\/\/api.w.org\/{rel}","templated":true}]}}