{"id":38723,"date":"2025-03-26T14:33:46","date_gmt":"2025-03-26T07:33:46","guid":{"rendered":"https:\/\/capy-planet.com\/shop\/capyhair-porte-cles-et-pendentif-de-sac-hilarant-en-peluche-capybara-a-poils-longs\/"},"modified":"2025-04-19T18:05:17","modified_gmt":"2025-04-19T11:05:17","slug":"capyhair-porte-cles-et-pendentif-de-sac-hilarant-en-peluche-capybara-a-poils-longs","status":"publish","type":"product","link":"https:\/\/capy-planet.com\/fr\/shop\/capyhair-porte-cles-et-pendentif-de-sac-hilarant-en-peluche-capybara-a-poils-longs\/","title":{"rendered":"CapyHair \u2013 Porte-cl\u00e9s et pendentif de sac en peluche hilarant de capybara aux longs cheveux"},"content":{"rendered":"<p class=\"\" data-start=\"191\" data-end=\"272\">\ud83d\ude02\ud83d\udd25 <strong data-start=\"196\" data-end=\"270\">CapyHair \u2013 Le porte-cl\u00e9s capybara le plus dr\u00f4le et le plus duveteux que vous ayez jamais vu !<\/strong><\/p>\n<p class=\"\" data-start=\"274\" data-end=\"697\">Pr\u00e9parez-vous \u00e0 <strong data-start=\"287\" data-end=\"325\">attirer l&rsquo;attention et \u00e0 susciter des conversations<\/strong> avec <strong data-start=\"331\" data-end=\"344\">CapyHair<\/strong>, le porte-cl\u00e9s en peluche capybara le plus <strong data-start=\"355\" data-end=\"378\">hilarant et styl\u00e9<\/strong> ! Arborant une <strong data-start=\"414\" data-end=\"433\">chevelure longue et sauvage<\/strong> et un design en peluche excentrique, ce <strong data-start=\"466\" data-end=\"484\">minuscule et adorable<\/strong> capybara est <strong data-start=\"497\" data-end=\"550\">parfait comme breloque de sac, porte-cl\u00e9s, ou compagnon de bureau<\/strong>. Que vous soyez amateur de capybaras, d&rsquo;accessoires amusants, ou que vous souhaitiez simplement ajouter une <strong data-start=\"621\" data-end=\"661\">touche d&rsquo;humour \u00e0 votre quotidien<\/strong>, CapyHair est votre nouveau must-have !  <\/p>\n<h3 class=\"\" data-start=\"699\" data-end=\"738\"><strong data-start=\"703\" data-end=\"736\">\ud83c\udf1f Pourquoi vous adorerez CapyHair :<\/strong><\/h3>\n<p class=\"\" data-start=\"739\" data-end=\"1300\">\u2705 <strong data-start=\"741\" data-end=\"766\">Conception amusante et unique<\/strong> \u2013 Chaque peluche CapyHair poss\u00e8de <strong data-start=\"794\" data-end=\"831\">une chevelure extravagante et un visage expressif<\/strong>, ce qui en fait un objet v\u00e9ritablement remarquable !<br data-start=\"859\" data-end=\"862\">\u2705 <strong data-start=\"864\" data-end=\"893\">Peluche douce et de haute qualit\u00e9<\/strong> \u2013 Fabriqu\u00e9e \u00e0 partir de <strong data-start=\"906\" data-end=\"929\">tissu doux de premi\u00e8re qualit\u00e9<\/strong>, id\u00e9ale pour c\u00e2liner et serrer.<br data-start=\"965\" data-end=\"968\">\u2705 <strong data-start=\"970\" data-end=\"1002\">Taille parfaite pour les sacs et les cl\u00e9s<\/strong> \u2013 <strong data-start=\"1005\" data-end=\"1031\">L\u00e9g\u00e8re et portable<\/strong>, attachez-la sans effort \u00e0 votre sac \u00e0 dos, votre sac \u00e0 main ou vos cl\u00e9s.<br data-start=\"1089\" data-end=\"1092\">\u2705 <strong data-start=\"1094\" data-end=\"1113\">Excellente id\u00e9e de cadeau<\/strong> \u2013 <strong data-start=\"1116\" data-end=\"1152\">Surprenez vos amis et votre famille<\/strong> avec un cadeau <strong data-start=\"1160\" data-end=\"1178\">mignon et amusant<\/strong> sur le th\u00e8me du capybara !<br data-start=\"1200\" data-end=\"1203\" data-is-only-node=\"\">\u2705 <strong data-start=\"1205\" data-end=\"1237\">Disponible en plusieurs styles<\/strong> \u2013 Choisissez votre <strong data-start=\"1261\" data-end=\"1298\">personnalit\u00e9 de capybara \u00e0 la chevelure sauvage pr\u00e9f\u00e9r\u00e9e !<\/strong><\/p>\n<p class=\"\" data-start=\"1302\" data-end=\"1388\">\ud83c\udf81 <strong data-start=\"1305\" data-end=\"1382\">Apportez de la joie, du rire et des vibrations de capybara partout o\u00f9 vous allez avec CapyHair !<\/strong> \ud83d\udc39\u2728<\/p>\n","protected":false},"excerpt":{"rendered":"<p>\ud83e\udd23\ud83d\udc39 <strong data-start=\"1456\" data-end=\"1509\">CapyHair \u2013 Le porte-cl\u00e9s en peluche capybara le plus dr\u00f4le !<\/strong> Doux, adorable et arborant une chevelure longue et folle. Parfait pour les sacs, les cl\u00e9s et les amateurs de capybaras ! <\/p>\n","protected":false},"featured_media":38695,"comment_status":"open","ping_status":"closed","template":"","meta":[],"product_brand":[],"product_cat":[378],"product_tag":[924,666,670,922,921,920,919,917,918,923],"class_list":{"0":"post-38723","1":"product","2":"type-product","3":"status-publish","4":"has-post-thumbnail","6":"product_cat-capy-accessories-fr","7":"product_tag-accessoires-kawaii","8":"product_tag-capybara-gift-fr","9":"product_tag-capybara-decor-fr","10":"product_tag-jouet-capybara","11":"product_tag-peluche-a-poils-longs","12":"product_tag-adorable-peluche-capybara","13":"product_tag-pendentif-de-sac-amusant","14":"product_tag-porte-cles-capybara","15":"product_tag-porte-cles-en-peluche-kawaii","16":"product_tag-porte-cles-fantaisie","18":"first","19":"instock","20":"sale","21":"shipping-taxable","22":"purchasable","23":"product-type-variable"},"yoast_head":"<!-- This site is optimized with the Yoast SEO plugin v27.0 - https:\/\/yoast.com\/product\/yoast-seo-wordpress\/ -->\n<title>CapyHair \u2013 Porte-cl\u00e9s et pendentif de sac en peluche hilarant de capybara aux longs cheveux - Capy Planet<\/title>\n<meta name=\"description\" content=\"\ud83e\udd23\ud83d\udc39 CapyHair: Porte-cl\u00e9s capybara hilarant, doux, aux cheveux fous. Id\u00e9al pour sacs et cl\u00e9s!\" \/>\n<meta name=\"robots\" content=\"index, follow, max-snippet:-1, max-image-preview:large, max-video-preview:-1\" \/>\n<link rel=\"canonical\" href=\"https:\/\/capy-planet.com\/fr\/shop\/capyhair-porte-cles-et-pendentif-de-sac-hilarant-en-peluche-capybara-a-poils-longs\/\" \/>\n<meta property=\"og:locale\" content=\"fr_FR\" \/>\n<meta property=\"og:type\" content=\"article\" \/>\n<meta property=\"og:title\" content=\"CapyHair \u2013 Porte-cl\u00e9s et pendentif de sac en peluche hilarant de capybara aux longs cheveux - Capy Planet\" \/>\n<meta property=\"og:description\" content=\"\ud83e\udd23\ud83d\udc39 CapyHair: Porte-cl\u00e9s capybara hilarant, doux, aux cheveux fous. Id\u00e9al pour sacs et cl\u00e9s!\" \/>\n<meta property=\"og:url\" content=\"https:\/\/capy-planet.com\/fr\/shop\/capyhair-porte-cles-et-pendentif-de-sac-hilarant-en-peluche-capybara-a-poils-longs\/\" \/>\n<meta property=\"og:site_name\" content=\"Capy Planet\" \/>\n<meta property=\"article:publisher\" content=\"https:\/\/www.facebook.com\/capy.planet\" \/>\n<meta property=\"article:modified_time\" content=\"2025-04-19T11:05:17+00:00\" \/>\n<meta property=\"og:image\" content=\"https:\/\/i0.wp.com\/capy-planet.com\/wp-content\/uploads\/sites\/2\/2025\/03\/S66c1f3ea01004cd7828802616bc80703U.webp?fit=1000%2C1000&ssl=1\" \/>\n\t<meta property=\"og:image:width\" content=\"1000\" \/>\n\t<meta property=\"og:image:height\" content=\"1000\" \/>\n\t<meta property=\"og:image:type\" content=\"image\/webp\" \/>\n<meta name=\"twitter:card\" content=\"summary_large_image\" \/>\n<meta name=\"twitter:label1\" content=\"Dur\u00e9e de lecture estim\u00e9e\" \/>\n\t<meta name=\"twitter:data1\" content=\"1 minute\" \/>\n<script type=\"application\/ld+json\" class=\"yoast-schema-graph\">{\"@context\":\"https:\/\/schema.org\",\"@graph\":[{\"@type\":\"WebPage\",\"@id\":\"https:\/\/capy-planet.com\/fr\/shop\/capyhair-porte-cles-et-pendentif-de-sac-hilarant-en-peluche-capybara-a-poils-longs\/\",\"url\":\"https:\/\/capy-planet.com\/fr\/shop\/capyhair-porte-cles-et-pendentif-de-sac-hilarant-en-peluche-capybara-a-poils-longs\/\",\"name\":\"CapyHair \u2013 Porte-cl\u00e9s et pendentif de sac en peluche hilarant de capybara aux longs cheveux - Capy Planet\",\"isPartOf\":{\"@id\":\"https:\/\/capy-planet.com\/fr\/#website\"},\"primaryImageOfPage\":{\"@id\":\"https:\/\/capy-planet.com\/fr\/shop\/capyhair-porte-cles-et-pendentif-de-sac-hilarant-en-peluche-capybara-a-poils-longs\/#primaryimage\"},\"image\":{\"@id\":\"https:\/\/capy-planet.com\/fr\/shop\/capyhair-porte-cles-et-pendentif-de-sac-hilarant-en-peluche-capybara-a-poils-longs\/#primaryimage\"},\"thumbnailUrl\":\"https:\/\/i0.wp.com\/capy-planet.com\/wp-content\/uploads\/sites\/2\/2025\/03\/S66c1f3ea01004cd7828802616bc80703U.webp?fit=1000%2C1000&ssl=1\",\"datePublished\":\"2025-03-26T07:33:46+00:00\",\"dateModified\":\"2025-04-19T11:05:17+00:00\",\"description\":\"\ud83e\udd23\ud83d\udc39 CapyHair: Porte-cl\u00e9s capybara hilarant, doux, aux cheveux fous. Id\u00e9al pour sacs et cl\u00e9s!\",\"breadcrumb\":{\"@id\":\"https:\/\/capy-planet.com\/fr\/shop\/capyhair-porte-cles-et-pendentif-de-sac-hilarant-en-peluche-capybara-a-poils-longs\/#breadcrumb\"},\"inLanguage\":\"fr-FR\",\"potentialAction\":[{\"@type\":\"ReadAction\",\"target\":[\"https:\/\/capy-planet.com\/fr\/shop\/capyhair-porte-cles-et-pendentif-de-sac-hilarant-en-peluche-capybara-a-poils-longs\/\"]}]},{\"@type\":\"ImageObject\",\"inLanguage\":\"fr-FR\",\"@id\":\"https:\/\/capy-planet.com\/fr\/shop\/capyhair-porte-cles-et-pendentif-de-sac-hilarant-en-peluche-capybara-a-poils-longs\/#primaryimage\",\"url\":\"https:\/\/i0.wp.com\/capy-planet.com\/wp-content\/uploads\/sites\/2\/2025\/03\/S66c1f3ea01004cd7828802616bc80703U.webp?fit=1000%2C1000&ssl=1\",\"contentUrl\":\"https:\/\/i0.wp.com\/capy-planet.com\/wp-content\/uploads\/sites\/2\/2025\/03\/S66c1f3ea01004cd7828802616bc80703U.webp?fit=1000%2C1000&ssl=1\",\"width\":1000,\"height\":1000},{\"@type\":\"BreadcrumbList\",\"@id\":\"https:\/\/capy-planet.com\/fr\/shop\/capyhair-porte-cles-et-pendentif-de-sac-hilarant-en-peluche-capybara-a-poils-longs\/#breadcrumb\",\"itemListElement\":[{\"@type\":\"ListItem\",\"position\":1,\"name\":\"Home\",\"item\":\"https:\/\/capy-planet.com\/fr\/home\/\"},{\"@type\":\"ListItem\",\"position\":2,\"name\":\"Capy Shop\",\"item\":\"https:\/\/capy-planet.com\/shop\/\"},{\"@type\":\"ListItem\",\"position\":3,\"name\":\"CapyHair \u2013 Porte-cl\u00e9s et pendentif de sac en peluche hilarant de capybara aux longs cheveux\"}]},{\"@type\":\"WebSite\",\"@id\":\"https:\/\/capy-planet.com\/fr\/#website\",\"url\":\"https:\/\/capy-planet.com\/fr\/\",\"name\":\"Capy Planet\",\"description\":\"Adoptez la vibe Capybara !\",\"publisher\":{\"@id\":\"https:\/\/capy-planet.com\/fr\/#organization\"},\"potentialAction\":[{\"@type\":\"SearchAction\",\"target\":{\"@type\":\"EntryPoint\",\"urlTemplate\":\"https:\/\/capy-planet.com\/fr\/?s={search_term_string}\"},\"query-input\":{\"@type\":\"PropertyValueSpecification\",\"valueRequired\":true,\"valueName\":\"search_term_string\"}}],\"inLanguage\":\"fr-FR\"},{\"@type\":\"Organization\",\"@id\":\"https:\/\/capy-planet.com\/fr\/#organization\",\"name\":\"Plan\u00e8te Capy\",\"url\":\"https:\/\/capy-planet.com\/fr\/\",\"logo\":{\"@type\":\"ImageObject\",\"inLanguage\":\"fr-FR\",\"@id\":\"https:\/\/capy-planet.com\/fr\/#\/schema\/logo\/image\/\",\"url\":\"https:\/\/i0.wp.com\/capy-planet.com\/wp-content\/uploads\/sites\/2\/2025\/03\/Henri_Hardillier_Capybara_face_large_smile_big_white_kawaii_eyes_c795f5d3-126d-4c2b-bf35-82751b2d63bb-2.png?fit=705%2C705&ssl=1\",\"contentUrl\":\"https:\/\/i0.wp.com\/capy-planet.com\/wp-content\/uploads\/sites\/2\/2025\/03\/Henri_Hardillier_Capybara_face_large_smile_big_white_kawaii_eyes_c795f5d3-126d-4c2b-bf35-82751b2d63bb-2.png?fit=705%2C705&ssl=1\",\"width\":705,\"height\":705,\"caption\":\"Plan\u00e8te Capy\"},\"image\":{\"@id\":\"https:\/\/capy-planet.com\/fr\/#\/schema\/logo\/image\/\"},\"sameAs\":[\"https:\/\/www.facebook.com\/capy.planet\",\"https:\/\/www.instagram.com\/capy_planet_com\"]}]}<\/script>\n<!-- \/ Yoast SEO plugin. -->","yoast_head_json":{"title":"CapyHair \u2013 Porte-cl\u00e9s et pendentif de sac en peluche hilarant de capybara aux longs cheveux - Capy Planet","description":"\ud83e\udd23\ud83d\udc39 CapyHair: Porte-cl\u00e9s capybara hilarant, doux, aux cheveux fous. Id\u00e9al pour sacs et cl\u00e9s!","robots":{"index":"index","follow":"follow","max-snippet":"max-snippet:-1","max-image-preview":"max-image-preview:large","max-video-preview":"max-video-preview:-1"},"canonical":"https:\/\/capy-planet.com\/fr\/shop\/capyhair-porte-cles-et-pendentif-de-sac-hilarant-en-peluche-capybara-a-poils-longs\/","og_locale":"fr_FR","og_type":"article","og_title":"CapyHair \u2013 Porte-cl\u00e9s et pendentif de sac en peluche hilarant de capybara aux longs cheveux - Capy Planet","og_description":"\ud83e\udd23\ud83d\udc39 CapyHair: Porte-cl\u00e9s capybara hilarant, doux, aux cheveux fous. Id\u00e9al pour sacs et cl\u00e9s!","og_url":"https:\/\/capy-planet.com\/fr\/shop\/capyhair-porte-cles-et-pendentif-de-sac-hilarant-en-peluche-capybara-a-poils-longs\/","og_site_name":"Capy Planet","article_publisher":"https:\/\/www.facebook.com\/capy.planet","article_modified_time":"2025-04-19T11:05:17+00:00","og_image":[{"width":1000,"height":1000,"url":"https:\/\/i0.wp.com\/capy-planet.com\/wp-content\/uploads\/sites\/2\/2025\/03\/S66c1f3ea01004cd7828802616bc80703U.webp?fit=1000%2C1000&ssl=1","type":"image\/webp"}],"twitter_card":"summary_large_image","twitter_misc":{"Dur\u00e9e de lecture estim\u00e9e":"1 minute"},"schema":{"@context":"https:\/\/schema.org","@graph":[{"@type":"WebPage","@id":"https:\/\/capy-planet.com\/fr\/shop\/capyhair-porte-cles-et-pendentif-de-sac-hilarant-en-peluche-capybara-a-poils-longs\/","url":"https:\/\/capy-planet.com\/fr\/shop\/capyhair-porte-cles-et-pendentif-de-sac-hilarant-en-peluche-capybara-a-poils-longs\/","name":"CapyHair \u2013 Porte-cl\u00e9s et pendentif de sac en peluche hilarant de capybara aux longs cheveux - Capy Planet","isPartOf":{"@id":"https:\/\/capy-planet.com\/fr\/#website"},"primaryImageOfPage":{"@id":"https:\/\/capy-planet.com\/fr\/shop\/capyhair-porte-cles-et-pendentif-de-sac-hilarant-en-peluche-capybara-a-poils-longs\/#primaryimage"},"image":{"@id":"https:\/\/capy-planet.com\/fr\/shop\/capyhair-porte-cles-et-pendentif-de-sac-hilarant-en-peluche-capybara-a-poils-longs\/#primaryimage"},"thumbnailUrl":"https:\/\/i0.wp.com\/capy-planet.com\/wp-content\/uploads\/sites\/2\/2025\/03\/S66c1f3ea01004cd7828802616bc80703U.webp?fit=1000%2C1000&ssl=1","datePublished":"2025-03-26T07:33:46+00:00","dateModified":"2025-04-19T11:05:17+00:00","description":"\ud83e\udd23\ud83d\udc39 CapyHair: Porte-cl\u00e9s capybara hilarant, doux, aux cheveux fous. Id\u00e9al pour sacs et cl\u00e9s!","breadcrumb":{"@id":"https:\/\/capy-planet.com\/fr\/shop\/capyhair-porte-cles-et-pendentif-de-sac-hilarant-en-peluche-capybara-a-poils-longs\/#breadcrumb"},"inLanguage":"fr-FR","potentialAction":[{"@type":"ReadAction","target":["https:\/\/capy-planet.com\/fr\/shop\/capyhair-porte-cles-et-pendentif-de-sac-hilarant-en-peluche-capybara-a-poils-longs\/"]}]},{"@type":"ImageObject","inLanguage":"fr-FR","@id":"https:\/\/capy-planet.com\/fr\/shop\/capyhair-porte-cles-et-pendentif-de-sac-hilarant-en-peluche-capybara-a-poils-longs\/#primaryimage","url":"https:\/\/i0.wp.com\/capy-planet.com\/wp-content\/uploads\/sites\/2\/2025\/03\/S66c1f3ea01004cd7828802616bc80703U.webp?fit=1000%2C1000&ssl=1","contentUrl":"https:\/\/i0.wp.com\/capy-planet.com\/wp-content\/uploads\/sites\/2\/2025\/03\/S66c1f3ea01004cd7828802616bc80703U.webp?fit=1000%2C1000&ssl=1","width":1000,"height":1000},{"@type":"BreadcrumbList","@id":"https:\/\/capy-planet.com\/fr\/shop\/capyhair-porte-cles-et-pendentif-de-sac-hilarant-en-peluche-capybara-a-poils-longs\/#breadcrumb","itemListElement":[{"@type":"ListItem","position":1,"name":"Home","item":"https:\/\/capy-planet.com\/fr\/home\/"},{"@type":"ListItem","position":2,"name":"Capy Shop","item":"https:\/\/capy-planet.com\/shop\/"},{"@type":"ListItem","position":3,"name":"CapyHair \u2013 Porte-cl\u00e9s et pendentif de sac en peluche hilarant de capybara aux longs cheveux"}]},{"@type":"WebSite","@id":"https:\/\/capy-planet.com\/fr\/#website","url":"https:\/\/capy-planet.com\/fr\/","name":"Capy Planet","description":"Adoptez la vibe Capybara !","publisher":{"@id":"https:\/\/capy-planet.com\/fr\/#organization"},"potentialAction":[{"@type":"SearchAction","target":{"@type":"EntryPoint","urlTemplate":"https:\/\/capy-planet.com\/fr\/?s={search_term_string}"},"query-input":{"@type":"PropertyValueSpecification","valueRequired":true,"valueName":"search_term_string"}}],"inLanguage":"fr-FR"},{"@type":"Organization","@id":"https:\/\/capy-planet.com\/fr\/#organization","name":"Plan\u00e8te Capy","url":"https:\/\/capy-planet.com\/fr\/","logo":{"@type":"ImageObject","inLanguage":"fr-FR","@id":"https:\/\/capy-planet.com\/fr\/#\/schema\/logo\/image\/","url":"https:\/\/i0.wp.com\/capy-planet.com\/wp-content\/uploads\/sites\/2\/2025\/03\/Henri_Hardillier_Capybara_face_large_smile_big_white_kawaii_eyes_c795f5d3-126d-4c2b-bf35-82751b2d63bb-2.png?fit=705%2C705&ssl=1","contentUrl":"https:\/\/i0.wp.com\/capy-planet.com\/wp-content\/uploads\/sites\/2\/2025\/03\/Henri_Hardillier_Capybara_face_large_smile_big_white_kawaii_eyes_c795f5d3-126d-4c2b-bf35-82751b2d63bb-2.png?fit=705%2C705&ssl=1","width":705,"height":705,"caption":"Plan\u00e8te Capy"},"image":{"@id":"https:\/\/capy-planet.com\/fr\/#\/schema\/logo\/image\/"},"sameAs":["https:\/\/www.facebook.com\/capy.planet","https:\/\/www.instagram.com\/capy_planet_com"]}]}},"jetpack_sharing_enabled":true,"_links":{"self":[{"href":"https:\/\/capy-planet.com\/fr\/wp-json\/wp\/v2\/product\/38723","targetHints":{"allow":["GET"]}}],"collection":[{"href":"https:\/\/capy-planet.com\/fr\/wp-json\/wp\/v2\/product"}],"about":[{"href":"https:\/\/capy-planet.com\/fr\/wp-json\/wp\/v2\/types\/product"}],"replies":[{"embeddable":true,"href":"https:\/\/capy-planet.com\/fr\/wp-json\/wp\/v2\/comments?post=38723"}],"wp:featuredmedia":[{"embeddable":true,"href":"https:\/\/capy-planet.com\/fr\/wp-json\/wp\/v2\/media\/38695"}],"wp:attachment":[{"href":"https:\/\/capy-planet.com\/fr\/wp-json\/wp\/v2\/media?parent=38723"}],"wp:term":[{"taxonomy":"product_brand","embeddable":true,"href":"https:\/\/capy-planet.com\/fr\/wp-json\/wp\/v2\/product_brand?post=38723"},{"taxonomy":"product_cat","embeddable":true,"href":"https:\/\/capy-planet.com\/fr\/wp-json\/wp\/v2\/product_cat?post=38723"},{"taxonomy":"product_tag","embeddable":true,"href":"https:\/\/capy-planet.com\/fr\/wp-json\/wp\/v2\/product_tag?post=38723"}],"curies":[{"name":"wp","href":"https:\/\/api.w.org\/{rel}","templated":true}]}}