{"id":38675,"date":"2025-03-26T14:29:52","date_gmt":"2025-03-26T07:29:52","guid":{"rendered":"https:\/\/capy-planet.com\/shop\/capybag-adorable-sac-bandouliere-en-peluche-capybara-avec-bandouliere-reglable-et-fermeture-eclair\/"},"modified":"2025-04-19T17:59:05","modified_gmt":"2025-04-19T10:59:05","slug":"capybag-adorable-sac-bandouliere-en-peluche-capybara-avec-bandouliere-reglable-et-fermeture-eclair","status":"publish","type":"product","link":"https:\/\/capy-planet.com\/fr\/shop\/capybag-adorable-sac-bandouliere-en-peluche-capybara-avec-bandouliere-reglable-et-fermeture-eclair\/","title":{"rendered":"CapyBag \u2013 Sac bandouli\u00e8re en peluche de capybara adorable avec sangle ajustable et fermeture \u00e9clair"},"content":{"rendered":"<p class=\"\" data-start=\"199\" data-end=\"270\">\ud83c\udf92\u2728 <strong data-start=\"203\" data-end=\"268\">CapyBag \u2013 La fa\u00e7on la plus mignonne et la plus douce de transporter vos effets personnels !<\/strong><\/p>\n<p class=\"\" data-start=\"272\" data-end=\"604\">\u00cates-vous \u00e0 la recherche d&rsquo;un sac <strong data-start=\"286\" data-end=\"316\">original, amusant et pratique<\/strong> ? D\u00e9couvrez le <strong data-start=\"327\" data-end=\"339\">CapyBag<\/strong>, le <strong data-start=\"345\" data-end=\"387\">charmant sac bandouli\u00e8re en forme de capybara<\/strong> qui allie <strong data-start=\"400\" data-end=\"438\">style, fonctionnalit\u00e9 et charme<\/strong> ! Fabriqu\u00e9 \u00e0 partir d&rsquo;un <strong data-start=\"459\" data-end=\"488\">mat\u00e9riau en peluche extr\u00eamement doux<\/strong>, ce sac est <strong data-start=\"502\" data-end=\"602\">l\u00e9ger, spacieux et parfait pour transporter votre t\u00e9l\u00e9phone, portefeuille, cl\u00e9s et petits accessoires.<\/strong>  <\/p>\n<h3 class=\"\" data-start=\"606\" data-end=\"644\"><strong data-start=\"610\" data-end=\"642\">\ud83c\udf1f Pourquoi vous allez adorer CapyBag :<\/strong><\/h3>\n<p class=\"\" data-start=\"645\" data-end=\"1201\">\u2705 <strong data-start=\"647\" data-end=\"677\">Design de capybara ultra-mignon<\/strong> \u2013 D\u00e9marquez-vous avec ce sac en peluche de capybara <strong data-start=\"700\" data-end=\"727\">amusant, kawaii et tendance<\/strong> !<br data-start=\"747\" data-end=\"750\">\u2705 <strong data-start=\"752\" data-end=\"776\">Spacieux et pratique<\/strong> \u2013 Parfait pour transporter <strong data-start=\"800\" data-end=\"852\">t\u00e9l\u00e9phones, portefeuilles, cosm\u00e9tiques et effets quotidiens<\/strong> avec style.<br data-start=\"862\" data-end=\"865\">\u2705 <strong data-start=\"867\" data-end=\"887\">Bandouli\u00e8re ajustable<\/strong> \u2013 Portez-le <strong data-start=\"898\" data-end=\"932\">en bandouli\u00e8re ou en sac \u00e0 l&rsquo;\u00e9paule<\/strong> pour un maximum de confort et de polyvalence.<br data-start=\"969\" data-end=\"972\">\u2705 <strong data-start=\"974\" data-end=\"1005\">Tissu en peluche doux et durable<\/strong> \u2013 De haute qualit\u00e9, <strong data-start=\"1022\" data-end=\"1053\">l\u00e9ger et extr\u00eamement confortable<\/strong> au toucher !<br data-start=\"1067\" data-end=\"1070\">\u2705 <strong data-start=\"1072\" data-end=\"1108\">Cadeau parfait pour les amateurs de capybaras<\/strong> \u2013 Un <strong data-start=\"1113\" data-end=\"1199\">incontournable pour les fans de capybaras, les amateurs d&rsquo;anime et tous ceux qui adorent les accessoires mignons !<\/strong><\/p>\n<p class=\"\" data-start=\"1203\" data-end=\"1293\">\ud83c\udf81 <strong data-start=\"1206\" data-end=\"1286\">Rendez chaque tenue adorable avec CapyBag \u2013 Le sac bandouli\u00e8re en peluche ultime !<\/strong> \ud83e\uddf8\ud83d\udc96<\/p>\n","protected":false},"excerpt":{"rendered":"<p>\ud83d\udc5c\ud83d\udc39 <strong data-start=\"1361\" data-end=\"1416\">CapyBag \u2013 Le plus mignon des sacs bandouli\u00e8re en peluche de capybara !<\/strong> Spacieux, doux et l\u00e9ger avec une sangle ajustable. Parfait pour les effets quotidiens et les amateurs de capybaras ! <\/p>\n","protected":false},"featured_media":38651,"comment_status":"open","ping_status":"closed","template":"","meta":[],"product_brand":[],"product_cat":[1701],"product_tag":[882,885,887,881,883,884,886,880,700,879],"class_list":{"0":"post-38675","1":"product","2":"type-product","3":"status-publish","4":"has-post-thumbnail","6":"product_cat-capy-bags-fr","7":"product_tag-accessoire-en-peluche-capybara","8":"product_tag-cadeau-pour-les-amoureux-des-capybaras","9":"product_tag-mode-kawaii","10":"product_tag-joli-sac-a-bandouliere","11":"product_tag-sac-a-main-en-peluche-douce","12":"product_tag-sac-a-bandouliere-reglable","13":"product_tag-sac-anime-tendance","14":"product_tag-sac-a-bandouliere-pour-telephone","15":"product_tag-capybara-bag-fr","16":"product_tag-sac-en-peluche-kawaii","18":"first","19":"instock","20":"sale","21":"shipping-taxable","22":"purchasable","23":"product-type-variable"},"yoast_head":"<!-- This site is optimized with the Yoast SEO plugin v27.0 - https:\/\/yoast.com\/product\/yoast-seo-wordpress\/ -->\n<title>CapyBag \u2013 Sac bandouli\u00e8re en peluche de capybara adorable avec sangle ajustable et fermeture \u00e9clair - Capy Planet<\/title>\n<meta name=\"description\" content=\"\ud83d\udc5c\ud83d\udc39 CapyBag \u2013 Le sac bandouli\u00e8re en peluche de capybara le plus adorable ! Spacieux, doux et l\u00e9ger avec une bandouli\u00e8re ajustable. Parfait pour les effets quotidiens et les amateurs de capybaras !\" \/>\n<meta name=\"robots\" content=\"index, follow, max-snippet:-1, max-image-preview:large, max-video-preview:-1\" \/>\n<link rel=\"canonical\" href=\"https:\/\/capy-planet.com\/fr\/shop\/capybag-adorable-sac-bandouliere-en-peluche-capybara-avec-bandouliere-reglable-et-fermeture-eclair\/\" \/>\n<meta property=\"og:locale\" content=\"fr_FR\" \/>\n<meta property=\"og:type\" content=\"article\" \/>\n<meta property=\"og:title\" content=\"CapyBag \u2013 Sac bandouli\u00e8re en peluche de capybara adorable avec sangle ajustable et fermeture \u00e9clair - Capy Planet\" \/>\n<meta property=\"og:description\" content=\"\ud83d\udc5c\ud83d\udc39 CapyBag \u2013 Le sac bandouli\u00e8re en peluche de capybara le plus adorable ! Spacieux, doux et l\u00e9ger avec une bandouli\u00e8re ajustable. Parfait pour les effets quotidiens et les amateurs de capybaras !\" \/>\n<meta property=\"og:url\" content=\"https:\/\/capy-planet.com\/fr\/shop\/capybag-adorable-sac-bandouliere-en-peluche-capybara-avec-bandouliere-reglable-et-fermeture-eclair\/\" \/>\n<meta property=\"og:site_name\" content=\"Capy Planet\" \/>\n<meta property=\"article:publisher\" content=\"https:\/\/www.facebook.com\/capy.planet\" \/>\n<meta property=\"article:modified_time\" content=\"2025-04-19T10:59:05+00:00\" \/>\n<meta property=\"og:image\" content=\"https:\/\/i0.wp.com\/capy-planet.com\/wp-content\/uploads\/sites\/2\/2025\/03\/Sc9bded42ea6b49918cb4b2e65edd8ce5u-1.webp?fit=1000%2C1000&ssl=1\" \/>\n\t<meta property=\"og:image:width\" content=\"1000\" \/>\n\t<meta property=\"og:image:height\" content=\"1000\" \/>\n\t<meta property=\"og:image:type\" content=\"image\/webp\" \/>\n<meta name=\"twitter:card\" content=\"summary_large_image\" \/>\n<meta name=\"twitter:label1\" content=\"Dur\u00e9e de lecture estim\u00e9e\" \/>\n\t<meta name=\"twitter:data1\" content=\"1 minute\" \/>\n<script type=\"application\/ld+json\" class=\"yoast-schema-graph\">{\"@context\":\"https:\/\/schema.org\",\"@graph\":[{\"@type\":\"WebPage\",\"@id\":\"https:\/\/capy-planet.com\/fr\/shop\/capybag-adorable-sac-bandouliere-en-peluche-capybara-avec-bandouliere-reglable-et-fermeture-eclair\/\",\"url\":\"https:\/\/capy-planet.com\/fr\/shop\/capybag-adorable-sac-bandouliere-en-peluche-capybara-avec-bandouliere-reglable-et-fermeture-eclair\/\",\"name\":\"CapyBag \u2013 Sac bandouli\u00e8re en peluche de capybara adorable avec sangle ajustable et fermeture \u00e9clair - Capy Planet\",\"isPartOf\":{\"@id\":\"https:\/\/capy-planet.com\/fr\/#website\"},\"primaryImageOfPage\":{\"@id\":\"https:\/\/capy-planet.com\/fr\/shop\/capybag-adorable-sac-bandouliere-en-peluche-capybara-avec-bandouliere-reglable-et-fermeture-eclair\/#primaryimage\"},\"image\":{\"@id\":\"https:\/\/capy-planet.com\/fr\/shop\/capybag-adorable-sac-bandouliere-en-peluche-capybara-avec-bandouliere-reglable-et-fermeture-eclair\/#primaryimage\"},\"thumbnailUrl\":\"https:\/\/i0.wp.com\/capy-planet.com\/wp-content\/uploads\/sites\/2\/2025\/03\/Sc9bded42ea6b49918cb4b2e65edd8ce5u-1.webp?fit=1000%2C1000&ssl=1\",\"datePublished\":\"2025-03-26T07:29:52+00:00\",\"dateModified\":\"2025-04-19T10:59:05+00:00\",\"description\":\"\ud83d\udc5c\ud83d\udc39 CapyBag \u2013 Le sac bandouli\u00e8re en peluche de capybara le plus adorable ! Spacieux, doux et l\u00e9ger avec une bandouli\u00e8re ajustable. Parfait pour les effets quotidiens et les amateurs de capybaras !\",\"breadcrumb\":{\"@id\":\"https:\/\/capy-planet.com\/fr\/shop\/capybag-adorable-sac-bandouliere-en-peluche-capybara-avec-bandouliere-reglable-et-fermeture-eclair\/#breadcrumb\"},\"inLanguage\":\"fr-FR\",\"potentialAction\":[{\"@type\":\"ReadAction\",\"target\":[\"https:\/\/capy-planet.com\/fr\/shop\/capybag-adorable-sac-bandouliere-en-peluche-capybara-avec-bandouliere-reglable-et-fermeture-eclair\/\"]}]},{\"@type\":\"ImageObject\",\"inLanguage\":\"fr-FR\",\"@id\":\"https:\/\/capy-planet.com\/fr\/shop\/capybag-adorable-sac-bandouliere-en-peluche-capybara-avec-bandouliere-reglable-et-fermeture-eclair\/#primaryimage\",\"url\":\"https:\/\/i0.wp.com\/capy-planet.com\/wp-content\/uploads\/sites\/2\/2025\/03\/Sc9bded42ea6b49918cb4b2e65edd8ce5u-1.webp?fit=1000%2C1000&ssl=1\",\"contentUrl\":\"https:\/\/i0.wp.com\/capy-planet.com\/wp-content\/uploads\/sites\/2\/2025\/03\/Sc9bded42ea6b49918cb4b2e65edd8ce5u-1.webp?fit=1000%2C1000&ssl=1\",\"width\":1000,\"height\":1000},{\"@type\":\"BreadcrumbList\",\"@id\":\"https:\/\/capy-planet.com\/fr\/shop\/capybag-adorable-sac-bandouliere-en-peluche-capybara-avec-bandouliere-reglable-et-fermeture-eclair\/#breadcrumb\",\"itemListElement\":[{\"@type\":\"ListItem\",\"position\":1,\"name\":\"Home\",\"item\":\"https:\/\/capy-planet.com\/fr\/home\/\"},{\"@type\":\"ListItem\",\"position\":2,\"name\":\"Capy Shop\",\"item\":\"https:\/\/capy-planet.com\/shop\/\"},{\"@type\":\"ListItem\",\"position\":3,\"name\":\"CapyBag \u2013 Sac bandouli\u00e8re en peluche de capybara adorable avec sangle ajustable et fermeture \u00e9clair\"}]},{\"@type\":\"WebSite\",\"@id\":\"https:\/\/capy-planet.com\/fr\/#website\",\"url\":\"https:\/\/capy-planet.com\/fr\/\",\"name\":\"Capy Planet\",\"description\":\"Adoptez la vibe Capybara !\",\"publisher\":{\"@id\":\"https:\/\/capy-planet.com\/fr\/#organization\"},\"potentialAction\":[{\"@type\":\"SearchAction\",\"target\":{\"@type\":\"EntryPoint\",\"urlTemplate\":\"https:\/\/capy-planet.com\/fr\/?s={search_term_string}\"},\"query-input\":{\"@type\":\"PropertyValueSpecification\",\"valueRequired\":true,\"valueName\":\"search_term_string\"}}],\"inLanguage\":\"fr-FR\"},{\"@type\":\"Organization\",\"@id\":\"https:\/\/capy-planet.com\/fr\/#organization\",\"name\":\"Plan\u00e8te Capy\",\"url\":\"https:\/\/capy-planet.com\/fr\/\",\"logo\":{\"@type\":\"ImageObject\",\"inLanguage\":\"fr-FR\",\"@id\":\"https:\/\/capy-planet.com\/fr\/#\/schema\/logo\/image\/\",\"url\":\"https:\/\/i0.wp.com\/capy-planet.com\/wp-content\/uploads\/sites\/2\/2025\/03\/Henri_Hardillier_Capybara_face_large_smile_big_white_kawaii_eyes_c795f5d3-126d-4c2b-bf35-82751b2d63bb-2.png?fit=705%2C705&ssl=1\",\"contentUrl\":\"https:\/\/i0.wp.com\/capy-planet.com\/wp-content\/uploads\/sites\/2\/2025\/03\/Henri_Hardillier_Capybara_face_large_smile_big_white_kawaii_eyes_c795f5d3-126d-4c2b-bf35-82751b2d63bb-2.png?fit=705%2C705&ssl=1\",\"width\":705,\"height\":705,\"caption\":\"Plan\u00e8te Capy\"},\"image\":{\"@id\":\"https:\/\/capy-planet.com\/fr\/#\/schema\/logo\/image\/\"},\"sameAs\":[\"https:\/\/www.facebook.com\/capy.planet\",\"https:\/\/www.instagram.com\/capy_planet_com\"]}]}<\/script>\n<!-- \/ Yoast SEO plugin. -->","yoast_head_json":{"title":"CapyBag \u2013 Sac bandouli\u00e8re en peluche de capybara adorable avec sangle ajustable et fermeture \u00e9clair - Capy Planet","description":"\ud83d\udc5c\ud83d\udc39 CapyBag \u2013 Le sac bandouli\u00e8re en peluche de capybara le plus adorable ! Spacieux, doux et l\u00e9ger avec une bandouli\u00e8re ajustable. Parfait pour les effets quotidiens et les amateurs de capybaras !","robots":{"index":"index","follow":"follow","max-snippet":"max-snippet:-1","max-image-preview":"max-image-preview:large","max-video-preview":"max-video-preview:-1"},"canonical":"https:\/\/capy-planet.com\/fr\/shop\/capybag-adorable-sac-bandouliere-en-peluche-capybara-avec-bandouliere-reglable-et-fermeture-eclair\/","og_locale":"fr_FR","og_type":"article","og_title":"CapyBag \u2013 Sac bandouli\u00e8re en peluche de capybara adorable avec sangle ajustable et fermeture \u00e9clair - Capy Planet","og_description":"\ud83d\udc5c\ud83d\udc39 CapyBag \u2013 Le sac bandouli\u00e8re en peluche de capybara le plus adorable ! Spacieux, doux et l\u00e9ger avec une bandouli\u00e8re ajustable. Parfait pour les effets quotidiens et les amateurs de capybaras !","og_url":"https:\/\/capy-planet.com\/fr\/shop\/capybag-adorable-sac-bandouliere-en-peluche-capybara-avec-bandouliere-reglable-et-fermeture-eclair\/","og_site_name":"Capy Planet","article_publisher":"https:\/\/www.facebook.com\/capy.planet","article_modified_time":"2025-04-19T10:59:05+00:00","og_image":[{"width":1000,"height":1000,"url":"https:\/\/i0.wp.com\/capy-planet.com\/wp-content\/uploads\/sites\/2\/2025\/03\/Sc9bded42ea6b49918cb4b2e65edd8ce5u-1.webp?fit=1000%2C1000&ssl=1","type":"image\/webp"}],"twitter_card":"summary_large_image","twitter_misc":{"Dur\u00e9e de lecture estim\u00e9e":"1 minute"},"schema":{"@context":"https:\/\/schema.org","@graph":[{"@type":"WebPage","@id":"https:\/\/capy-planet.com\/fr\/shop\/capybag-adorable-sac-bandouliere-en-peluche-capybara-avec-bandouliere-reglable-et-fermeture-eclair\/","url":"https:\/\/capy-planet.com\/fr\/shop\/capybag-adorable-sac-bandouliere-en-peluche-capybara-avec-bandouliere-reglable-et-fermeture-eclair\/","name":"CapyBag \u2013 Sac bandouli\u00e8re en peluche de capybara adorable avec sangle ajustable et fermeture \u00e9clair - Capy Planet","isPartOf":{"@id":"https:\/\/capy-planet.com\/fr\/#website"},"primaryImageOfPage":{"@id":"https:\/\/capy-planet.com\/fr\/shop\/capybag-adorable-sac-bandouliere-en-peluche-capybara-avec-bandouliere-reglable-et-fermeture-eclair\/#primaryimage"},"image":{"@id":"https:\/\/capy-planet.com\/fr\/shop\/capybag-adorable-sac-bandouliere-en-peluche-capybara-avec-bandouliere-reglable-et-fermeture-eclair\/#primaryimage"},"thumbnailUrl":"https:\/\/i0.wp.com\/capy-planet.com\/wp-content\/uploads\/sites\/2\/2025\/03\/Sc9bded42ea6b49918cb4b2e65edd8ce5u-1.webp?fit=1000%2C1000&ssl=1","datePublished":"2025-03-26T07:29:52+00:00","dateModified":"2025-04-19T10:59:05+00:00","description":"\ud83d\udc5c\ud83d\udc39 CapyBag \u2013 Le sac bandouli\u00e8re en peluche de capybara le plus adorable ! Spacieux, doux et l\u00e9ger avec une bandouli\u00e8re ajustable. Parfait pour les effets quotidiens et les amateurs de capybaras !","breadcrumb":{"@id":"https:\/\/capy-planet.com\/fr\/shop\/capybag-adorable-sac-bandouliere-en-peluche-capybara-avec-bandouliere-reglable-et-fermeture-eclair\/#breadcrumb"},"inLanguage":"fr-FR","potentialAction":[{"@type":"ReadAction","target":["https:\/\/capy-planet.com\/fr\/shop\/capybag-adorable-sac-bandouliere-en-peluche-capybara-avec-bandouliere-reglable-et-fermeture-eclair\/"]}]},{"@type":"ImageObject","inLanguage":"fr-FR","@id":"https:\/\/capy-planet.com\/fr\/shop\/capybag-adorable-sac-bandouliere-en-peluche-capybara-avec-bandouliere-reglable-et-fermeture-eclair\/#primaryimage","url":"https:\/\/i0.wp.com\/capy-planet.com\/wp-content\/uploads\/sites\/2\/2025\/03\/Sc9bded42ea6b49918cb4b2e65edd8ce5u-1.webp?fit=1000%2C1000&ssl=1","contentUrl":"https:\/\/i0.wp.com\/capy-planet.com\/wp-content\/uploads\/sites\/2\/2025\/03\/Sc9bded42ea6b49918cb4b2e65edd8ce5u-1.webp?fit=1000%2C1000&ssl=1","width":1000,"height":1000},{"@type":"BreadcrumbList","@id":"https:\/\/capy-planet.com\/fr\/shop\/capybag-adorable-sac-bandouliere-en-peluche-capybara-avec-bandouliere-reglable-et-fermeture-eclair\/#breadcrumb","itemListElement":[{"@type":"ListItem","position":1,"name":"Home","item":"https:\/\/capy-planet.com\/fr\/home\/"},{"@type":"ListItem","position":2,"name":"Capy Shop","item":"https:\/\/capy-planet.com\/shop\/"},{"@type":"ListItem","position":3,"name":"CapyBag \u2013 Sac bandouli\u00e8re en peluche de capybara adorable avec sangle ajustable et fermeture \u00e9clair"}]},{"@type":"WebSite","@id":"https:\/\/capy-planet.com\/fr\/#website","url":"https:\/\/capy-planet.com\/fr\/","name":"Capy Planet","description":"Adoptez la vibe Capybara !","publisher":{"@id":"https:\/\/capy-planet.com\/fr\/#organization"},"potentialAction":[{"@type":"SearchAction","target":{"@type":"EntryPoint","urlTemplate":"https:\/\/capy-planet.com\/fr\/?s={search_term_string}"},"query-input":{"@type":"PropertyValueSpecification","valueRequired":true,"valueName":"search_term_string"}}],"inLanguage":"fr-FR"},{"@type":"Organization","@id":"https:\/\/capy-planet.com\/fr\/#organization","name":"Plan\u00e8te Capy","url":"https:\/\/capy-planet.com\/fr\/","logo":{"@type":"ImageObject","inLanguage":"fr-FR","@id":"https:\/\/capy-planet.com\/fr\/#\/schema\/logo\/image\/","url":"https:\/\/i0.wp.com\/capy-planet.com\/wp-content\/uploads\/sites\/2\/2025\/03\/Henri_Hardillier_Capybara_face_large_smile_big_white_kawaii_eyes_c795f5d3-126d-4c2b-bf35-82751b2d63bb-2.png?fit=705%2C705&ssl=1","contentUrl":"https:\/\/i0.wp.com\/capy-planet.com\/wp-content\/uploads\/sites\/2\/2025\/03\/Henri_Hardillier_Capybara_face_large_smile_big_white_kawaii_eyes_c795f5d3-126d-4c2b-bf35-82751b2d63bb-2.png?fit=705%2C705&ssl=1","width":705,"height":705,"caption":"Plan\u00e8te Capy"},"image":{"@id":"https:\/\/capy-planet.com\/fr\/#\/schema\/logo\/image\/"},"sameAs":["https:\/\/www.facebook.com\/capy.planet","https:\/\/www.instagram.com\/capy_planet_com"]}]}},"jetpack_sharing_enabled":true,"_links":{"self":[{"href":"https:\/\/capy-planet.com\/fr\/wp-json\/wp\/v2\/product\/38675","targetHints":{"allow":["GET"]}}],"collection":[{"href":"https:\/\/capy-planet.com\/fr\/wp-json\/wp\/v2\/product"}],"about":[{"href":"https:\/\/capy-planet.com\/fr\/wp-json\/wp\/v2\/types\/product"}],"replies":[{"embeddable":true,"href":"https:\/\/capy-planet.com\/fr\/wp-json\/wp\/v2\/comments?post=38675"}],"wp:featuredmedia":[{"embeddable":true,"href":"https:\/\/capy-planet.com\/fr\/wp-json\/wp\/v2\/media\/38651"}],"wp:attachment":[{"href":"https:\/\/capy-planet.com\/fr\/wp-json\/wp\/v2\/media?parent=38675"}],"wp:term":[{"taxonomy":"product_brand","embeddable":true,"href":"https:\/\/capy-planet.com\/fr\/wp-json\/wp\/v2\/product_brand?post=38675"},{"taxonomy":"product_cat","embeddable":true,"href":"https:\/\/capy-planet.com\/fr\/wp-json\/wp\/v2\/product_cat?post=38675"},{"taxonomy":"product_tag","embeddable":true,"href":"https:\/\/capy-planet.com\/fr\/wp-json\/wp\/v2\/product_tag?post=38675"}],"curies":[{"name":"wp","href":"https:\/\/api.w.org\/{rel}","templated":true}]}}