{"id":37577,"date":"2025-03-12T08:38:18","date_gmt":"2025-03-12T01:38:18","guid":{"rendered":"https:\/\/capy-planet.com\/product\/capyglow-peluche-capybara-apaisante-avec-lumieres-respiratoires-et-berceuses\/"},"modified":"2025-04-19T17:59:02","modified_gmt":"2025-04-19T10:59:02","slug":"capyglow-peluche-capybara-apaisante-avec-lumieres-respiratoires-et-berceuses","status":"publish","type":"product","link":"https:\/\/capy-planet.com\/fr\/shop\/capyglow-peluche-capybara-apaisante-avec-lumieres-respiratoires-et-berceuses\/","title":{"rendered":"CapyGlow \u2013 Peluche de Capybara Apaisant avec Lumi\u00e8res Respirantes et Sons de Berceuse"},"content":{"rendered":"<p data-start=\"194\" data-end=\"262\">\ud83e\uddf8\u2728 <strong data-start=\"198\" data-end=\"260\">CapyGlow \u2013 Le Compagnon de Sommeil Ultime pour des R\u00eaves Doux !<\/strong><\/p>\n<p data-start=\"264\" data-end=\"577\">Faites la connaissance de <strong data-start=\"269\" data-end=\"282\">CapyGlow<\/strong>, la <strong data-start=\"288\" data-end=\"335\">peluche de capybara la plus douce et la plus r\u00e9confortante<\/strong> con\u00e7ue pour vous aider, vous ou votre petit, \u00e0 <strong data-start=\"376\" data-end=\"403\">s&rsquo;endormir paisiblement.<\/strong> Avec sa <strong data-start=\"413\" data-end=\"495\">douce lumi\u00e8re respirante rythmique, ses berceuses apaisantes et sa texture en peluche ultra-douce<\/strong>, cet adorable capybara <strong data-start=\"520\" data-end=\"575\">cr\u00e9e une atmosph\u00e8re de sommeil apaisante comme nulle autre !<\/strong><\/p>\n<h3 data-start=\"579\" data-end=\"618\"><strong data-start=\"583\" data-end=\"616\">\ud83c\udf19 Pourquoi Vous Adorerez CapyGlow :<\/strong><\/h3>\n<p>&nbsp;<\/p>\n<p data-start=\"619\" data-end=\"1207\">\u2705 <strong data-start=\"621\" data-end=\"644\">Lumi\u00e8re LED Respirante<\/strong> \u2013 Imite une douce lueur rythmique pour <strong data-start=\"678\" data-end=\"729\">aider \u00e0 r\u00e9guler la respiration et promouvoir la relaxation.<\/strong><br data-start=\"729\" data-end=\"732\">\u2705 <strong data-start=\"734\" data-end=\"761\">Sons de Berceuses Apaisants<\/strong> \u2013 Diffuse <strong data-start=\"770\" data-end=\"789\">des m\u00e9lodies douces<\/strong> pour r\u00e9conforter et bercer les b\u00e9b\u00e9s, les enfants et m\u00eame les adultes jusqu&rsquo;au sommeil.<br data-start=\"849\" data-end=\"852\">\u2705 <strong data-start=\"854\" data-end=\"883\">Mat\u00e9riau en Peluche Ultra-Doux<\/strong> \u2013 Fabriqu\u00e9 \u00e0 partir de <strong data-start=\"896\" data-end=\"921\">tissu moelleux de qualit\u00e9 sup\u00e9rieure<\/strong>, parfait pour c\u00e2liner !<br data-start=\"944\" data-end=\"947\">\u2705 <strong data-start=\"949\" data-end=\"986\">Id\u00e9al pour Soulager l&rsquo;Anxi\u00e9t\u00e9 et le Stress<\/strong> \u2013 Parfait pour <strong data-start=\"999\" data-end=\"1036\">les enfants, les b\u00e9b\u00e9s et m\u00eame les adultes<\/strong> n\u00e9cessitant une pr\u00e9sence r\u00e9confortante.<br data-start=\"1067\" data-end=\"1070\">\u2705 <strong data-start=\"1072\" data-end=\"1108\" data-is-only-node=\"\">Cadeau Id\u00e9al pour les Amateurs de Capybaras<\/strong> \u2013 Que ce soit pour <strong data-start=\"1123\" data-end=\"1159\">les enfants, les nouveau-n\u00e9s ou les fans de capybaras<\/strong>, cette peluche constitue un <strong data-start=\"1180\" data-end=\"1205\">pr\u00e9sent chaleureux !<\/strong><\/p>\n<p data-start=\"1209\" data-end=\"1304\">\ud83d\udc96 <strong data-start=\"1212\" data-end=\"1298\">Ramenez CapyGlow chez vous et laissez la magie apaisante des capybaras illuminer vos nuits !<\/strong> \ud83d\udca4\u2728<\/p>\n","protected":false},"excerpt":{"rendered":"<p>\ud83e\uddf8\ud83d\udca4 <strong data-start=\"1372\" data-end=\"1437\">CapyGlow \u2013 Peluche Capybara avec Lumi\u00e8res Respirantes et Berceuses !<\/strong> Ultra-douce, apaisante et parfaite pour les enfants et les adultes recherchant un sommeil paisible.<\/p>\n","protected":false},"featured_media":38500,"comment_status":"open","ping_status":"closed","template":"","meta":[],"product_brand":[],"product_cat":[455],"product_tag":[741,549,743,740,744,738,739,507,742,745],"class_list":{"0":"post-37577","1":"product","2":"type-product","3":"status-publish","4":"has-post-thumbnail","6":"product_cat-capy-plushies-fr","7":"product_tag-baby-sleep-aid-fr","8":"product_tag-capybara-stuffed-animal-fr","9":"product_tag-kawaii-capybara-gift-fr","10":"product_tag-soft-cuddle-toy-fr","11":"product_tag-sensory-plush-toy-fr","12":"product_tag-breathing-night-light-toy-fr","13":"product_tag-lullaby-sleep-plush-fr","14":"product_tag-capybara-plush-fr","15":"product_tag-anxiety-relief-plush-fr","16":"product_tag-night-light-for-kids-fr","18":"first","19":"instock","20":"sale","21":"shipping-taxable","22":"purchasable","23":"product-type-variable"},"yoast_head":"<!-- This site is optimized with the Yoast SEO plugin v27.0 - https:\/\/yoast.com\/product\/yoast-seo-wordpress\/ -->\n<title>CapyGlow \u2013 Peluche de Capybara Apaisant avec Lumi\u00e8res Respirantes et Sons de Berceuse - Capy Planet<\/title>\n<meta name=\"description\" content=\"\ud83e\uddf8\ud83d\udca4 CapyGlow \u2013 Peluche Capybara lumineuse et musicale. Douce et apaisante pour tous.\" \/>\n<meta name=\"robots\" content=\"index, follow, max-snippet:-1, max-image-preview:large, max-video-preview:-1\" \/>\n<link rel=\"canonical\" href=\"https:\/\/capy-planet.com\/fr\/shop\/capyglow-peluche-capybara-apaisante-avec-lumieres-respiratoires-et-berceuses\/\" \/>\n<meta property=\"og:locale\" content=\"fr_FR\" \/>\n<meta property=\"og:type\" content=\"article\" \/>\n<meta property=\"og:title\" content=\"CapyGlow \u2013 Peluche de Capybara Apaisant avec Lumi\u00e8res Respirantes et Sons de Berceuse - Capy Planet\" \/>\n<meta property=\"og:description\" content=\"\ud83e\uddf8\ud83d\udca4 CapyGlow \u2013 Peluche Capybara lumineuse et musicale. Douce et apaisante pour tous.\" \/>\n<meta property=\"og:url\" content=\"https:\/\/capy-planet.com\/fr\/shop\/capyglow-peluche-capybara-apaisante-avec-lumieres-respiratoires-et-berceuses\/\" \/>\n<meta property=\"og:site_name\" content=\"Capy Planet\" \/>\n<meta property=\"article:publisher\" content=\"https:\/\/www.facebook.com\/capy.planet\" \/>\n<meta property=\"article:modified_time\" content=\"2025-04-19T10:59:02+00:00\" \/>\n<meta property=\"og:image\" content=\"https:\/\/i0.wp.com\/capy-planet.com\/wp-content\/uploads\/sites\/2\/2025\/03\/S0163438a4b5c4abda3f15fc87ca524c40-1.webp?fit=1000%2C1000&ssl=1\" \/>\n\t<meta property=\"og:image:width\" content=\"1000\" \/>\n\t<meta property=\"og:image:height\" content=\"1000\" \/>\n\t<meta property=\"og:image:type\" content=\"image\/webp\" \/>\n<meta name=\"twitter:card\" content=\"summary_large_image\" \/>\n<meta name=\"twitter:label1\" content=\"Dur\u00e9e de lecture estim\u00e9e\" \/>\n\t<meta name=\"twitter:data1\" content=\"1 minute\" \/>\n<script type=\"application\/ld+json\" class=\"yoast-schema-graph\">{\"@context\":\"https:\/\/schema.org\",\"@graph\":[{\"@type\":\"WebPage\",\"@id\":\"https:\/\/capy-planet.com\/fr\/shop\/capyglow-peluche-capybara-apaisante-avec-lumieres-respiratoires-et-berceuses\/\",\"url\":\"https:\/\/capy-planet.com\/fr\/shop\/capyglow-peluche-capybara-apaisante-avec-lumieres-respiratoires-et-berceuses\/\",\"name\":\"CapyGlow \u2013 Peluche de Capybara Apaisant avec Lumi\u00e8res Respirantes et Sons de Berceuse - Capy Planet\",\"isPartOf\":{\"@id\":\"https:\/\/capy-planet.com\/fr\/#website\"},\"primaryImageOfPage\":{\"@id\":\"https:\/\/capy-planet.com\/fr\/shop\/capyglow-peluche-capybara-apaisante-avec-lumieres-respiratoires-et-berceuses\/#primaryimage\"},\"image\":{\"@id\":\"https:\/\/capy-planet.com\/fr\/shop\/capyglow-peluche-capybara-apaisante-avec-lumieres-respiratoires-et-berceuses\/#primaryimage\"},\"thumbnailUrl\":\"https:\/\/i0.wp.com\/capy-planet.com\/wp-content\/uploads\/sites\/2\/2025\/03\/S0163438a4b5c4abda3f15fc87ca524c40-1.webp?fit=1000%2C1000&ssl=1\",\"datePublished\":\"2025-03-12T01:38:18+00:00\",\"dateModified\":\"2025-04-19T10:59:02+00:00\",\"description\":\"\ud83e\uddf8\ud83d\udca4 CapyGlow \u2013 Peluche Capybara lumineuse et musicale. Douce et apaisante pour tous.\",\"breadcrumb\":{\"@id\":\"https:\/\/capy-planet.com\/fr\/shop\/capyglow-peluche-capybara-apaisante-avec-lumieres-respiratoires-et-berceuses\/#breadcrumb\"},\"inLanguage\":\"fr-FR\",\"potentialAction\":[{\"@type\":\"ReadAction\",\"target\":[\"https:\/\/capy-planet.com\/fr\/shop\/capyglow-peluche-capybara-apaisante-avec-lumieres-respiratoires-et-berceuses\/\"]}]},{\"@type\":\"ImageObject\",\"inLanguage\":\"fr-FR\",\"@id\":\"https:\/\/capy-planet.com\/fr\/shop\/capyglow-peluche-capybara-apaisante-avec-lumieres-respiratoires-et-berceuses\/#primaryimage\",\"url\":\"https:\/\/i0.wp.com\/capy-planet.com\/wp-content\/uploads\/sites\/2\/2025\/03\/S0163438a4b5c4abda3f15fc87ca524c40-1.webp?fit=1000%2C1000&ssl=1\",\"contentUrl\":\"https:\/\/i0.wp.com\/capy-planet.com\/wp-content\/uploads\/sites\/2\/2025\/03\/S0163438a4b5c4abda3f15fc87ca524c40-1.webp?fit=1000%2C1000&ssl=1\",\"width\":1000,\"height\":1000},{\"@type\":\"BreadcrumbList\",\"@id\":\"https:\/\/capy-planet.com\/fr\/shop\/capyglow-peluche-capybara-apaisante-avec-lumieres-respiratoires-et-berceuses\/#breadcrumb\",\"itemListElement\":[{\"@type\":\"ListItem\",\"position\":1,\"name\":\"Home\",\"item\":\"https:\/\/capy-planet.com\/fr\/home\/\"},{\"@type\":\"ListItem\",\"position\":2,\"name\":\"Capy Shop\",\"item\":\"https:\/\/capy-planet.com\/shop\/\"},{\"@type\":\"ListItem\",\"position\":3,\"name\":\"CapyGlow \u2013 Peluche de Capybara Apaisant avec Lumi\u00e8res Respirantes et Sons de Berceuse\"}]},{\"@type\":\"WebSite\",\"@id\":\"https:\/\/capy-planet.com\/fr\/#website\",\"url\":\"https:\/\/capy-planet.com\/fr\/\",\"name\":\"Capy Planet\",\"description\":\"Adoptez la vibe Capybara !\",\"publisher\":{\"@id\":\"https:\/\/capy-planet.com\/fr\/#organization\"},\"potentialAction\":[{\"@type\":\"SearchAction\",\"target\":{\"@type\":\"EntryPoint\",\"urlTemplate\":\"https:\/\/capy-planet.com\/fr\/?s={search_term_string}\"},\"query-input\":{\"@type\":\"PropertyValueSpecification\",\"valueRequired\":true,\"valueName\":\"search_term_string\"}}],\"inLanguage\":\"fr-FR\"},{\"@type\":\"Organization\",\"@id\":\"https:\/\/capy-planet.com\/fr\/#organization\",\"name\":\"Plan\u00e8te Capy\",\"url\":\"https:\/\/capy-planet.com\/fr\/\",\"logo\":{\"@type\":\"ImageObject\",\"inLanguage\":\"fr-FR\",\"@id\":\"https:\/\/capy-planet.com\/fr\/#\/schema\/logo\/image\/\",\"url\":\"https:\/\/i0.wp.com\/capy-planet.com\/wp-content\/uploads\/sites\/2\/2025\/03\/Henri_Hardillier_Capybara_face_large_smile_big_white_kawaii_eyes_c795f5d3-126d-4c2b-bf35-82751b2d63bb-2.png?fit=705%2C705&ssl=1\",\"contentUrl\":\"https:\/\/i0.wp.com\/capy-planet.com\/wp-content\/uploads\/sites\/2\/2025\/03\/Henri_Hardillier_Capybara_face_large_smile_big_white_kawaii_eyes_c795f5d3-126d-4c2b-bf35-82751b2d63bb-2.png?fit=705%2C705&ssl=1\",\"width\":705,\"height\":705,\"caption\":\"Plan\u00e8te Capy\"},\"image\":{\"@id\":\"https:\/\/capy-planet.com\/fr\/#\/schema\/logo\/image\/\"},\"sameAs\":[\"https:\/\/www.facebook.com\/capy.planet\",\"https:\/\/www.instagram.com\/capy_planet_com\"]}]}<\/script>\n<!-- \/ Yoast SEO plugin. -->","yoast_head_json":{"title":"CapyGlow \u2013 Peluche de Capybara Apaisant avec Lumi\u00e8res Respirantes et Sons de Berceuse - Capy Planet","description":"\ud83e\uddf8\ud83d\udca4 CapyGlow \u2013 Peluche Capybara lumineuse et musicale. Douce et apaisante pour tous.","robots":{"index":"index","follow":"follow","max-snippet":"max-snippet:-1","max-image-preview":"max-image-preview:large","max-video-preview":"max-video-preview:-1"},"canonical":"https:\/\/capy-planet.com\/fr\/shop\/capyglow-peluche-capybara-apaisante-avec-lumieres-respiratoires-et-berceuses\/","og_locale":"fr_FR","og_type":"article","og_title":"CapyGlow \u2013 Peluche de Capybara Apaisant avec Lumi\u00e8res Respirantes et Sons de Berceuse - Capy Planet","og_description":"\ud83e\uddf8\ud83d\udca4 CapyGlow \u2013 Peluche Capybara lumineuse et musicale. Douce et apaisante pour tous.","og_url":"https:\/\/capy-planet.com\/fr\/shop\/capyglow-peluche-capybara-apaisante-avec-lumieres-respiratoires-et-berceuses\/","og_site_name":"Capy Planet","article_publisher":"https:\/\/www.facebook.com\/capy.planet","article_modified_time":"2025-04-19T10:59:02+00:00","og_image":[{"width":1000,"height":1000,"url":"https:\/\/i0.wp.com\/capy-planet.com\/wp-content\/uploads\/sites\/2\/2025\/03\/S0163438a4b5c4abda3f15fc87ca524c40-1.webp?fit=1000%2C1000&ssl=1","type":"image\/webp"}],"twitter_card":"summary_large_image","twitter_misc":{"Dur\u00e9e de lecture estim\u00e9e":"1 minute"},"schema":{"@context":"https:\/\/schema.org","@graph":[{"@type":"WebPage","@id":"https:\/\/capy-planet.com\/fr\/shop\/capyglow-peluche-capybara-apaisante-avec-lumieres-respiratoires-et-berceuses\/","url":"https:\/\/capy-planet.com\/fr\/shop\/capyglow-peluche-capybara-apaisante-avec-lumieres-respiratoires-et-berceuses\/","name":"CapyGlow \u2013 Peluche de Capybara Apaisant avec Lumi\u00e8res Respirantes et Sons de Berceuse - Capy Planet","isPartOf":{"@id":"https:\/\/capy-planet.com\/fr\/#website"},"primaryImageOfPage":{"@id":"https:\/\/capy-planet.com\/fr\/shop\/capyglow-peluche-capybara-apaisante-avec-lumieres-respiratoires-et-berceuses\/#primaryimage"},"image":{"@id":"https:\/\/capy-planet.com\/fr\/shop\/capyglow-peluche-capybara-apaisante-avec-lumieres-respiratoires-et-berceuses\/#primaryimage"},"thumbnailUrl":"https:\/\/i0.wp.com\/capy-planet.com\/wp-content\/uploads\/sites\/2\/2025\/03\/S0163438a4b5c4abda3f15fc87ca524c40-1.webp?fit=1000%2C1000&ssl=1","datePublished":"2025-03-12T01:38:18+00:00","dateModified":"2025-04-19T10:59:02+00:00","description":"\ud83e\uddf8\ud83d\udca4 CapyGlow \u2013 Peluche Capybara lumineuse et musicale. Douce et apaisante pour tous.","breadcrumb":{"@id":"https:\/\/capy-planet.com\/fr\/shop\/capyglow-peluche-capybara-apaisante-avec-lumieres-respiratoires-et-berceuses\/#breadcrumb"},"inLanguage":"fr-FR","potentialAction":[{"@type":"ReadAction","target":["https:\/\/capy-planet.com\/fr\/shop\/capyglow-peluche-capybara-apaisante-avec-lumieres-respiratoires-et-berceuses\/"]}]},{"@type":"ImageObject","inLanguage":"fr-FR","@id":"https:\/\/capy-planet.com\/fr\/shop\/capyglow-peluche-capybara-apaisante-avec-lumieres-respiratoires-et-berceuses\/#primaryimage","url":"https:\/\/i0.wp.com\/capy-planet.com\/wp-content\/uploads\/sites\/2\/2025\/03\/S0163438a4b5c4abda3f15fc87ca524c40-1.webp?fit=1000%2C1000&ssl=1","contentUrl":"https:\/\/i0.wp.com\/capy-planet.com\/wp-content\/uploads\/sites\/2\/2025\/03\/S0163438a4b5c4abda3f15fc87ca524c40-1.webp?fit=1000%2C1000&ssl=1","width":1000,"height":1000},{"@type":"BreadcrumbList","@id":"https:\/\/capy-planet.com\/fr\/shop\/capyglow-peluche-capybara-apaisante-avec-lumieres-respiratoires-et-berceuses\/#breadcrumb","itemListElement":[{"@type":"ListItem","position":1,"name":"Home","item":"https:\/\/capy-planet.com\/fr\/home\/"},{"@type":"ListItem","position":2,"name":"Capy Shop","item":"https:\/\/capy-planet.com\/shop\/"},{"@type":"ListItem","position":3,"name":"CapyGlow \u2013 Peluche de Capybara Apaisant avec Lumi\u00e8res Respirantes et Sons de Berceuse"}]},{"@type":"WebSite","@id":"https:\/\/capy-planet.com\/fr\/#website","url":"https:\/\/capy-planet.com\/fr\/","name":"Capy Planet","description":"Adoptez la vibe Capybara !","publisher":{"@id":"https:\/\/capy-planet.com\/fr\/#organization"},"potentialAction":[{"@type":"SearchAction","target":{"@type":"EntryPoint","urlTemplate":"https:\/\/capy-planet.com\/fr\/?s={search_term_string}"},"query-input":{"@type":"PropertyValueSpecification","valueRequired":true,"valueName":"search_term_string"}}],"inLanguage":"fr-FR"},{"@type":"Organization","@id":"https:\/\/capy-planet.com\/fr\/#organization","name":"Plan\u00e8te Capy","url":"https:\/\/capy-planet.com\/fr\/","logo":{"@type":"ImageObject","inLanguage":"fr-FR","@id":"https:\/\/capy-planet.com\/fr\/#\/schema\/logo\/image\/","url":"https:\/\/i0.wp.com\/capy-planet.com\/wp-content\/uploads\/sites\/2\/2025\/03\/Henri_Hardillier_Capybara_face_large_smile_big_white_kawaii_eyes_c795f5d3-126d-4c2b-bf35-82751b2d63bb-2.png?fit=705%2C705&ssl=1","contentUrl":"https:\/\/i0.wp.com\/capy-planet.com\/wp-content\/uploads\/sites\/2\/2025\/03\/Henri_Hardillier_Capybara_face_large_smile_big_white_kawaii_eyes_c795f5d3-126d-4c2b-bf35-82751b2d63bb-2.png?fit=705%2C705&ssl=1","width":705,"height":705,"caption":"Plan\u00e8te Capy"},"image":{"@id":"https:\/\/capy-planet.com\/fr\/#\/schema\/logo\/image\/"},"sameAs":["https:\/\/www.facebook.com\/capy.planet","https:\/\/www.instagram.com\/capy_planet_com"]}]}},"jetpack_sharing_enabled":true,"_links":{"self":[{"href":"https:\/\/capy-planet.com\/fr\/wp-json\/wp\/v2\/product\/37577","targetHints":{"allow":["GET"]}}],"collection":[{"href":"https:\/\/capy-planet.com\/fr\/wp-json\/wp\/v2\/product"}],"about":[{"href":"https:\/\/capy-planet.com\/fr\/wp-json\/wp\/v2\/types\/product"}],"replies":[{"embeddable":true,"href":"https:\/\/capy-planet.com\/fr\/wp-json\/wp\/v2\/comments?post=37577"}],"wp:featuredmedia":[{"embeddable":true,"href":"https:\/\/capy-planet.com\/fr\/wp-json\/wp\/v2\/media\/38500"}],"wp:attachment":[{"href":"https:\/\/capy-planet.com\/fr\/wp-json\/wp\/v2\/media?parent=37577"}],"wp:term":[{"taxonomy":"product_brand","embeddable":true,"href":"https:\/\/capy-planet.com\/fr\/wp-json\/wp\/v2\/product_brand?post=37577"},{"taxonomy":"product_cat","embeddable":true,"href":"https:\/\/capy-planet.com\/fr\/wp-json\/wp\/v2\/product_cat?post=37577"},{"taxonomy":"product_tag","embeddable":true,"href":"https:\/\/capy-planet.com\/fr\/wp-json\/wp\/v2\/product_tag?post=37577"}],"curies":[{"name":"wp","href":"https:\/\/api.w.org\/{rel}","templated":true}]}}