{"id":37543,"date":"2025-03-12T08:28:26","date_gmt":"2025-03-12T01:28:26","guid":{"rendered":"https:\/\/capy-planet.com\/product\/capynest-peluche-capybara-douillette-avec-cabane-en-avocat-oreiller-doux-et-calin\/"},"modified":"2025-04-19T17:58:13","modified_gmt":"2025-04-19T10:58:13","slug":"capynest-peluche-capybara-douillette-avec-cabane-en-avocat-oreiller-doux-et-calin","status":"publish","type":"product","link":"https:\/\/capy-planet.com\/fr\/shop\/capynest-peluche-capybara-douillette-avec-cabane-en-avocat-oreiller-doux-et-calin\/","title":{"rendered":"CapyNest \u2013 Peluche Douillet de Capybara avec Hutte en Forme d&rsquo;Avocat | Jouet Moelleux et C\u00e2lin en Forme d&rsquo;Oreiller"},"content":{"rendered":"<p data-start=\"195\" data-end=\"268\">\ud83e\udd51\ud83d\udc39 <strong data-start=\"200\" data-end=\"266\">CapyNest \u2013 L&rsquo;Ultime Refuge Douillet pour Votre Capybara en Peluche !<\/strong><\/p>\n<p data-start=\"270\" data-end=\"583\">\u00cates-vous \u00e0 la recherche du <strong data-start=\"286\" data-end=\"332\">parfait m\u00e9lange d&rsquo;adorable, de douceur et d&rsquo;originalit\u00e9 ?<\/strong> D\u00e9couvrez <strong data-start=\"338\" data-end=\"351\">CapyNest<\/strong>, un <strong data-start=\"356\" data-end=\"380\">ensemble en peluche ultra-doux<\/strong> comprenant une <strong data-start=\"393\" data-end=\"449\">adorable peluche capybara et une hutte confortable en forme d&rsquo;avocat !<\/strong> Ce <strong data-start=\"455\" data-end=\"471\">duo c\u00e2lin<\/strong> est id\u00e9al pour les amateurs de capybaras, les collectionneurs de peluches, et tous ceux qui appr\u00e9cient une <strong data-start=\"547\" data-end=\"574\">d\u00e9coration fantaisiste de style kawaii<\/strong>.<\/p>\n<h3 data-start=\"585\" data-end=\"633\"><strong data-start=\"589\" data-end=\"631\">\u2728 Pourquoi CapyNest Devrait Faire Partie de Votre Vie :<\/strong><\/h3>\n<p>&nbsp;<\/p>\n<p data-start=\"634\" data-end=\"1209\">\u2705 <strong data-start=\"636\" data-end=\"661\">Ultra-douce et c\u00e2linable<\/strong> \u2013 Confectionn\u00e9e \u00e0 partir d&rsquo;un tissu peluche de qualit\u00e9 sup\u00e9rieure, offrant un toucher d&rsquo;une douceur velout\u00e9e.<br data-start=\"728\" data-end=\"731\">\u2705 <strong data-start=\"733\" data-end=\"760\">Cachette unique en forme d&rsquo;avocat<\/strong> \u2013 La peluche capybara <strong data-start=\"782\" data-end=\"823\">s&rsquo;ins\u00e8re parfaitement \u00e0 l&rsquo;int\u00e9rieur de la hutte en forme d&rsquo;avocat<\/strong>, la rendant <strong data-start=\"835\" data-end=\"856\">extr\u00eamement mignonne et amusante !<\/strong><br data-start=\"856\" data-end=\"859\">\u2705 <strong data-start=\"861\" data-end=\"885\">Conception polyvalente<\/strong> \u2013 Utilisable comme <strong data-start=\"897\" data-end=\"964\">peluche d\u00e9corative, oreiller confortable ou compagnon anti-stress.<\/strong><br data-start=\"964\" data-end=\"967\">\u2705 <strong data-start=\"969\" data-end=\"993\">Convient \u00e0 tous les \u00e2ges<\/strong> \u2013 Que vous soyez <strong data-start=\"1011\" data-end=\"1066\">un enfant, un passionn\u00e9 de peluches ou simplement un amateur de capybaras<\/strong>, cet article est indispensable !<br data-start=\"1088\" data-end=\"1091\">\u2705 <strong data-start=\"1093\" data-end=\"1114\">Choix de cadeau id\u00e9al<\/strong> \u2013 Surprenez vos <strong data-start=\"1131\" data-end=\"1167\">amis, vos proches ou vous-m\u00eame<\/strong> avec cet <strong data-start=\"1178\" data-end=\"1207\">ensemble de peluches amusant et original !<\/strong><\/p>\n<p data-start=\"1211\" data-end=\"1332\">\ud83c\udf81 <strong data-start=\"1214\" data-end=\"1326\">Offrez un foyer douillet \u00e0 votre peluche capybara \u2014 procurez-vous votre CapyNest d\u00e8s aujourd&rsquo;hui et d\u00e9couvrez le compagnon de c\u00e2lins ultime !<\/strong> \ud83e\udd51\u2728<\/p>\n","protected":false},"excerpt":{"rendered":"<p>\ud83d\udc39\ud83e\udd51 <strong data-start=\"1400\" data-end=\"1462\">CapyNest \u2013 Adorable Peluche Capybara avec Hutte Confortable en Forme d&rsquo;Avocat !<\/strong> Doux, c\u00e2lin et parfait pour les amateurs de capybaras et les collectionneurs de peluches.<\/p>\n","protected":false},"featured_media":38425,"comment_status":"open","ping_status":"closed","template":"","meta":[],"product_brand":[],"product_cat":[455],"product_tag":[671,666,663,670,669,667,665,664,668,626],"class_list":{"0":"post-37543","1":"product","2":"type-product","3":"status-publish","4":"has-post-thumbnail","6":"product_cat-capy-plushies-fr","7":"product_tag-aesthetic-room-accessory-fr","8":"product_tag-capybara-gift-fr","9":"product_tag-kawaii-capybara-fr","10":"product_tag-capybara-decor-fr","11":"product_tag-trendy-plush-toy-fr","12":"product_tag-cute-plushie-house-fr","13":"product_tag-cozy-animal-pillow-fr","14":"product_tag-avocado-plush-fr","15":"product_tag-huggable-plush-fr","16":"product_tag-capybara-plush-toy-fr","18":"first","19":"instock","20":"sale","21":"featured","22":"shipping-taxable","23":"purchasable","24":"product-type-variable"},"yoast_head":"<!-- This site is optimized with the Yoast SEO plugin v27.0 - https:\/\/yoast.com\/product\/yoast-seo-wordpress\/ -->\n<title>CapyNest \u2013 Peluche Douillet de Capybara avec Hutte en Forme d&#039;Avocat | Jouet Moelleux et C\u00e2lin en Forme d&#039;Oreiller - Capy Planet<\/title>\n<meta name=\"description\" content=\"\ud83d\udc39\ud83e\udd51 CapyNest - Peluche capybara avec hutte avocat. Doux, c\u00e2lin, id\u00e9al pour fans.\" \/>\n<meta name=\"robots\" content=\"index, follow, max-snippet:-1, max-image-preview:large, max-video-preview:-1\" \/>\n<link rel=\"canonical\" href=\"https:\/\/capy-planet.com\/fr\/shop\/capynest-peluche-capybara-douillette-avec-cabane-en-avocat-oreiller-doux-et-calin\/\" \/>\n<meta property=\"og:locale\" content=\"fr_FR\" \/>\n<meta property=\"og:type\" content=\"article\" \/>\n<meta property=\"og:title\" content=\"CapyNest \u2013 Peluche Douillet de Capybara avec Hutte en Forme d&#039;Avocat | Jouet Moelleux et C\u00e2lin en Forme d&#039;Oreiller - Capy Planet\" \/>\n<meta property=\"og:description\" content=\"\ud83d\udc39\ud83e\udd51 CapyNest - Peluche capybara avec hutte avocat. Doux, c\u00e2lin, id\u00e9al pour fans.\" \/>\n<meta property=\"og:url\" content=\"https:\/\/capy-planet.com\/fr\/shop\/capynest-peluche-capybara-douillette-avec-cabane-en-avocat-oreiller-doux-et-calin\/\" \/>\n<meta property=\"og:site_name\" content=\"Capy Planet\" \/>\n<meta property=\"article:publisher\" content=\"https:\/\/www.facebook.com\/capy.planet\" \/>\n<meta property=\"article:modified_time\" content=\"2025-04-19T10:58:13+00:00\" \/>\n<meta property=\"og:image\" content=\"https:\/\/i0.wp.com\/capy-planet.com\/wp-content\/uploads\/sites\/2\/2025\/03\/Sbfa9ac8fb94c49799f8336b1abbb44bcs.webp?fit=800%2C800&ssl=1\" \/>\n\t<meta property=\"og:image:width\" content=\"800\" \/>\n\t<meta property=\"og:image:height\" content=\"800\" \/>\n\t<meta property=\"og:image:type\" content=\"image\/webp\" \/>\n<meta name=\"twitter:card\" content=\"summary_large_image\" \/>\n<meta name=\"twitter:label1\" content=\"Dur\u00e9e de lecture estim\u00e9e\" \/>\n\t<meta name=\"twitter:data1\" content=\"1 minute\" \/>\n<script type=\"application\/ld+json\" class=\"yoast-schema-graph\">{\"@context\":\"https:\/\/schema.org\",\"@graph\":[{\"@type\":\"WebPage\",\"@id\":\"https:\/\/capy-planet.com\/fr\/shop\/capynest-peluche-capybara-douillette-avec-cabane-en-avocat-oreiller-doux-et-calin\/\",\"url\":\"https:\/\/capy-planet.com\/fr\/shop\/capynest-peluche-capybara-douillette-avec-cabane-en-avocat-oreiller-doux-et-calin\/\",\"name\":\"CapyNest \u2013 Peluche Douillet de Capybara avec Hutte en Forme d'Avocat | Jouet Moelleux et C\u00e2lin en Forme d'Oreiller - Capy Planet\",\"isPartOf\":{\"@id\":\"https:\/\/capy-planet.com\/fr\/#website\"},\"primaryImageOfPage\":{\"@id\":\"https:\/\/capy-planet.com\/fr\/shop\/capynest-peluche-capybara-douillette-avec-cabane-en-avocat-oreiller-doux-et-calin\/#primaryimage\"},\"image\":{\"@id\":\"https:\/\/capy-planet.com\/fr\/shop\/capynest-peluche-capybara-douillette-avec-cabane-en-avocat-oreiller-doux-et-calin\/#primaryimage\"},\"thumbnailUrl\":\"https:\/\/i0.wp.com\/capy-planet.com\/wp-content\/uploads\/sites\/2\/2025\/03\/Sbfa9ac8fb94c49799f8336b1abbb44bcs.webp?fit=800%2C800&ssl=1\",\"datePublished\":\"2025-03-12T01:28:26+00:00\",\"dateModified\":\"2025-04-19T10:58:13+00:00\",\"description\":\"\ud83d\udc39\ud83e\udd51 CapyNest - Peluche capybara avec hutte avocat. Doux, c\u00e2lin, id\u00e9al pour fans.\",\"breadcrumb\":{\"@id\":\"https:\/\/capy-planet.com\/fr\/shop\/capynest-peluche-capybara-douillette-avec-cabane-en-avocat-oreiller-doux-et-calin\/#breadcrumb\"},\"inLanguage\":\"fr-FR\",\"potentialAction\":[{\"@type\":\"ReadAction\",\"target\":[\"https:\/\/capy-planet.com\/fr\/shop\/capynest-peluche-capybara-douillette-avec-cabane-en-avocat-oreiller-doux-et-calin\/\"]}]},{\"@type\":\"ImageObject\",\"inLanguage\":\"fr-FR\",\"@id\":\"https:\/\/capy-planet.com\/fr\/shop\/capynest-peluche-capybara-douillette-avec-cabane-en-avocat-oreiller-doux-et-calin\/#primaryimage\",\"url\":\"https:\/\/i0.wp.com\/capy-planet.com\/wp-content\/uploads\/sites\/2\/2025\/03\/Sbfa9ac8fb94c49799f8336b1abbb44bcs.webp?fit=800%2C800&ssl=1\",\"contentUrl\":\"https:\/\/i0.wp.com\/capy-planet.com\/wp-content\/uploads\/sites\/2\/2025\/03\/Sbfa9ac8fb94c49799f8336b1abbb44bcs.webp?fit=800%2C800&ssl=1\",\"width\":800,\"height\":800},{\"@type\":\"BreadcrumbList\",\"@id\":\"https:\/\/capy-planet.com\/fr\/shop\/capynest-peluche-capybara-douillette-avec-cabane-en-avocat-oreiller-doux-et-calin\/#breadcrumb\",\"itemListElement\":[{\"@type\":\"ListItem\",\"position\":1,\"name\":\"Home\",\"item\":\"https:\/\/capy-planet.com\/fr\/home\/\"},{\"@type\":\"ListItem\",\"position\":2,\"name\":\"Capy Shop\",\"item\":\"https:\/\/capy-planet.com\/shop\/\"},{\"@type\":\"ListItem\",\"position\":3,\"name\":\"CapyNest \u2013 Peluche Douillet de Capybara avec Hutte en Forme d&#8217;Avocat | Jouet Moelleux et C\u00e2lin en Forme d&#8217;Oreiller\"}]},{\"@type\":\"WebSite\",\"@id\":\"https:\/\/capy-planet.com\/fr\/#website\",\"url\":\"https:\/\/capy-planet.com\/fr\/\",\"name\":\"Capy Planet\",\"description\":\"Adoptez la vibe Capybara !\",\"publisher\":{\"@id\":\"https:\/\/capy-planet.com\/fr\/#organization\"},\"potentialAction\":[{\"@type\":\"SearchAction\",\"target\":{\"@type\":\"EntryPoint\",\"urlTemplate\":\"https:\/\/capy-planet.com\/fr\/?s={search_term_string}\"},\"query-input\":{\"@type\":\"PropertyValueSpecification\",\"valueRequired\":true,\"valueName\":\"search_term_string\"}}],\"inLanguage\":\"fr-FR\"},{\"@type\":\"Organization\",\"@id\":\"https:\/\/capy-planet.com\/fr\/#organization\",\"name\":\"Plan\u00e8te Capy\",\"url\":\"https:\/\/capy-planet.com\/fr\/\",\"logo\":{\"@type\":\"ImageObject\",\"inLanguage\":\"fr-FR\",\"@id\":\"https:\/\/capy-planet.com\/fr\/#\/schema\/logo\/image\/\",\"url\":\"https:\/\/i0.wp.com\/capy-planet.com\/wp-content\/uploads\/sites\/2\/2025\/03\/Henri_Hardillier_Capybara_face_large_smile_big_white_kawaii_eyes_c795f5d3-126d-4c2b-bf35-82751b2d63bb-2.png?fit=705%2C705&ssl=1\",\"contentUrl\":\"https:\/\/i0.wp.com\/capy-planet.com\/wp-content\/uploads\/sites\/2\/2025\/03\/Henri_Hardillier_Capybara_face_large_smile_big_white_kawaii_eyes_c795f5d3-126d-4c2b-bf35-82751b2d63bb-2.png?fit=705%2C705&ssl=1\",\"width\":705,\"height\":705,\"caption\":\"Plan\u00e8te Capy\"},\"image\":{\"@id\":\"https:\/\/capy-planet.com\/fr\/#\/schema\/logo\/image\/\"},\"sameAs\":[\"https:\/\/www.facebook.com\/capy.planet\",\"https:\/\/www.instagram.com\/capy_planet_com\"]}]}<\/script>\n<!-- \/ Yoast SEO plugin. -->","yoast_head_json":{"title":"CapyNest \u2013 Peluche Douillet de Capybara avec Hutte en Forme d'Avocat | Jouet Moelleux et C\u00e2lin en Forme d'Oreiller - Capy Planet","description":"\ud83d\udc39\ud83e\udd51 CapyNest - Peluche capybara avec hutte avocat. Doux, c\u00e2lin, id\u00e9al pour fans.","robots":{"index":"index","follow":"follow","max-snippet":"max-snippet:-1","max-image-preview":"max-image-preview:large","max-video-preview":"max-video-preview:-1"},"canonical":"https:\/\/capy-planet.com\/fr\/shop\/capynest-peluche-capybara-douillette-avec-cabane-en-avocat-oreiller-doux-et-calin\/","og_locale":"fr_FR","og_type":"article","og_title":"CapyNest \u2013 Peluche Douillet de Capybara avec Hutte en Forme d'Avocat | Jouet Moelleux et C\u00e2lin en Forme d'Oreiller - Capy Planet","og_description":"\ud83d\udc39\ud83e\udd51 CapyNest - Peluche capybara avec hutte avocat. Doux, c\u00e2lin, id\u00e9al pour fans.","og_url":"https:\/\/capy-planet.com\/fr\/shop\/capynest-peluche-capybara-douillette-avec-cabane-en-avocat-oreiller-doux-et-calin\/","og_site_name":"Capy Planet","article_publisher":"https:\/\/www.facebook.com\/capy.planet","article_modified_time":"2025-04-19T10:58:13+00:00","og_image":[{"width":800,"height":800,"url":"https:\/\/i0.wp.com\/capy-planet.com\/wp-content\/uploads\/sites\/2\/2025\/03\/Sbfa9ac8fb94c49799f8336b1abbb44bcs.webp?fit=800%2C800&ssl=1","type":"image\/webp"}],"twitter_card":"summary_large_image","twitter_misc":{"Dur\u00e9e de lecture estim\u00e9e":"1 minute"},"schema":{"@context":"https:\/\/schema.org","@graph":[{"@type":"WebPage","@id":"https:\/\/capy-planet.com\/fr\/shop\/capynest-peluche-capybara-douillette-avec-cabane-en-avocat-oreiller-doux-et-calin\/","url":"https:\/\/capy-planet.com\/fr\/shop\/capynest-peluche-capybara-douillette-avec-cabane-en-avocat-oreiller-doux-et-calin\/","name":"CapyNest \u2013 Peluche Douillet de Capybara avec Hutte en Forme d'Avocat | Jouet Moelleux et C\u00e2lin en Forme d'Oreiller - Capy Planet","isPartOf":{"@id":"https:\/\/capy-planet.com\/fr\/#website"},"primaryImageOfPage":{"@id":"https:\/\/capy-planet.com\/fr\/shop\/capynest-peluche-capybara-douillette-avec-cabane-en-avocat-oreiller-doux-et-calin\/#primaryimage"},"image":{"@id":"https:\/\/capy-planet.com\/fr\/shop\/capynest-peluche-capybara-douillette-avec-cabane-en-avocat-oreiller-doux-et-calin\/#primaryimage"},"thumbnailUrl":"https:\/\/i0.wp.com\/capy-planet.com\/wp-content\/uploads\/sites\/2\/2025\/03\/Sbfa9ac8fb94c49799f8336b1abbb44bcs.webp?fit=800%2C800&ssl=1","datePublished":"2025-03-12T01:28:26+00:00","dateModified":"2025-04-19T10:58:13+00:00","description":"\ud83d\udc39\ud83e\udd51 CapyNest - Peluche capybara avec hutte avocat. Doux, c\u00e2lin, id\u00e9al pour fans.","breadcrumb":{"@id":"https:\/\/capy-planet.com\/fr\/shop\/capynest-peluche-capybara-douillette-avec-cabane-en-avocat-oreiller-doux-et-calin\/#breadcrumb"},"inLanguage":"fr-FR","potentialAction":[{"@type":"ReadAction","target":["https:\/\/capy-planet.com\/fr\/shop\/capynest-peluche-capybara-douillette-avec-cabane-en-avocat-oreiller-doux-et-calin\/"]}]},{"@type":"ImageObject","inLanguage":"fr-FR","@id":"https:\/\/capy-planet.com\/fr\/shop\/capynest-peluche-capybara-douillette-avec-cabane-en-avocat-oreiller-doux-et-calin\/#primaryimage","url":"https:\/\/i0.wp.com\/capy-planet.com\/wp-content\/uploads\/sites\/2\/2025\/03\/Sbfa9ac8fb94c49799f8336b1abbb44bcs.webp?fit=800%2C800&ssl=1","contentUrl":"https:\/\/i0.wp.com\/capy-planet.com\/wp-content\/uploads\/sites\/2\/2025\/03\/Sbfa9ac8fb94c49799f8336b1abbb44bcs.webp?fit=800%2C800&ssl=1","width":800,"height":800},{"@type":"BreadcrumbList","@id":"https:\/\/capy-planet.com\/fr\/shop\/capynest-peluche-capybara-douillette-avec-cabane-en-avocat-oreiller-doux-et-calin\/#breadcrumb","itemListElement":[{"@type":"ListItem","position":1,"name":"Home","item":"https:\/\/capy-planet.com\/fr\/home\/"},{"@type":"ListItem","position":2,"name":"Capy Shop","item":"https:\/\/capy-planet.com\/shop\/"},{"@type":"ListItem","position":3,"name":"CapyNest \u2013 Peluche Douillet de Capybara avec Hutte en Forme d&#8217;Avocat | Jouet Moelleux et C\u00e2lin en Forme d&#8217;Oreiller"}]},{"@type":"WebSite","@id":"https:\/\/capy-planet.com\/fr\/#website","url":"https:\/\/capy-planet.com\/fr\/","name":"Capy Planet","description":"Adoptez la vibe Capybara !","publisher":{"@id":"https:\/\/capy-planet.com\/fr\/#organization"},"potentialAction":[{"@type":"SearchAction","target":{"@type":"EntryPoint","urlTemplate":"https:\/\/capy-planet.com\/fr\/?s={search_term_string}"},"query-input":{"@type":"PropertyValueSpecification","valueRequired":true,"valueName":"search_term_string"}}],"inLanguage":"fr-FR"},{"@type":"Organization","@id":"https:\/\/capy-planet.com\/fr\/#organization","name":"Plan\u00e8te Capy","url":"https:\/\/capy-planet.com\/fr\/","logo":{"@type":"ImageObject","inLanguage":"fr-FR","@id":"https:\/\/capy-planet.com\/fr\/#\/schema\/logo\/image\/","url":"https:\/\/i0.wp.com\/capy-planet.com\/wp-content\/uploads\/sites\/2\/2025\/03\/Henri_Hardillier_Capybara_face_large_smile_big_white_kawaii_eyes_c795f5d3-126d-4c2b-bf35-82751b2d63bb-2.png?fit=705%2C705&ssl=1","contentUrl":"https:\/\/i0.wp.com\/capy-planet.com\/wp-content\/uploads\/sites\/2\/2025\/03\/Henri_Hardillier_Capybara_face_large_smile_big_white_kawaii_eyes_c795f5d3-126d-4c2b-bf35-82751b2d63bb-2.png?fit=705%2C705&ssl=1","width":705,"height":705,"caption":"Plan\u00e8te Capy"},"image":{"@id":"https:\/\/capy-planet.com\/fr\/#\/schema\/logo\/image\/"},"sameAs":["https:\/\/www.facebook.com\/capy.planet","https:\/\/www.instagram.com\/capy_planet_com"]}]}},"jetpack_sharing_enabled":true,"_links":{"self":[{"href":"https:\/\/capy-planet.com\/fr\/wp-json\/wp\/v2\/product\/37543","targetHints":{"allow":["GET"]}}],"collection":[{"href":"https:\/\/capy-planet.com\/fr\/wp-json\/wp\/v2\/product"}],"about":[{"href":"https:\/\/capy-planet.com\/fr\/wp-json\/wp\/v2\/types\/product"}],"replies":[{"embeddable":true,"href":"https:\/\/capy-planet.com\/fr\/wp-json\/wp\/v2\/comments?post=37543"}],"wp:featuredmedia":[{"embeddable":true,"href":"https:\/\/capy-planet.com\/fr\/wp-json\/wp\/v2\/media\/38425"}],"wp:attachment":[{"href":"https:\/\/capy-planet.com\/fr\/wp-json\/wp\/v2\/media?parent=37543"}],"wp:term":[{"taxonomy":"product_brand","embeddable":true,"href":"https:\/\/capy-planet.com\/fr\/wp-json\/wp\/v2\/product_brand?post=37543"},{"taxonomy":"product_cat","embeddable":true,"href":"https:\/\/capy-planet.com\/fr\/wp-json\/wp\/v2\/product_cat?post=37543"},{"taxonomy":"product_tag","embeddable":true,"href":"https:\/\/capy-planet.com\/fr\/wp-json\/wp\/v2\/product_tag?post=37543"}],"curies":[{"name":"wp","href":"https:\/\/api.w.org\/{rel}","templated":true}]}}