{"id":37469,"date":"2025-03-12T08:15:58","date_gmt":"2025-03-12T01:15:58","guid":{"rendered":"https:\/\/capy-planet.com\/product\/capyslap-ladorable-peluche-bracelet-capybara-slap-bracelet-amusant-et-kawaii\/"},"modified":"2025-04-19T17:58:11","modified_gmt":"2025-04-19T10:58:11","slug":"capyslap-ladorable-peluche-bracelet-capybara-slap-bracelet-amusant-et-kawaii","status":"publish","type":"product","link":"https:\/\/capy-planet.com\/fr\/shop\/capyslap-ladorable-peluche-bracelet-capybara-slap-bracelet-amusant-et-kawaii\/","title":{"rendered":"CapySlap \u2013 Le bracelet claque peluche capybara adorable | Bracelet amusant et kawaii !"},"content":{"rendered":"<p data-start=\"199\" data-end=\"285\">\ud83d\udc39\u2728 <strong data-start=\"203\" data-end=\"283\">Enveloppez-vous de mignonnerie avec CapySlap \u2013 Le bracelet claque peluche capybara !<\/strong><\/p>\n<p data-start=\"287\" data-end=\"701\">Recherchez-vous un <strong data-start=\"301\" data-end=\"331\">accessoire mignon, amusant et interactif<\/strong> ? <strong data-start=\"343\" data-end=\"356\">CapySlap<\/strong> est l\u00e0 pour apporter <strong data-start=\"374\" data-end=\"405\">joie, style et douceur<\/strong> \u00e0 votre poignet ! Cette <strong data-start=\"426\" data-end=\"453\">adorable peluche capybara<\/strong> repose sur un bracelet claque doux et souple, en faisant <strong data-start=\"511\" data-end=\"539\">la peluche portable parfaite<\/strong> pour les enfants et les amateurs de capybaras ! <strong data-start=\"576\" data-end=\"699\">Claquez-le simplement sur votre poignet, et il s&rsquo;enroule confortablement \u2014 se transformant instantan\u00e9ment en le plus mignon des compagnons de poignet !<\/strong> <\/p>\n<h3 data-start=\"703\" data-end=\"741\"><strong data-start=\"707\" data-end=\"739\">\u2728 Pourquoi vous adorerez CapySlap :<\/strong><\/h3>\n<p>&nbsp;<\/p>\n<p data-start=\"742\" data-end=\"1341\">\u2705 <strong data-start=\"744\" data-end=\"763\">Divertissement interactif<\/strong> \u2013 Il suffit de <strong data-start=\"771\" data-end=\"796\">le claquer sur votre poignet<\/strong> et observez-le s&rsquo;enrouler sans effort !<br data-start=\"835\" data-end=\"838\">\u2705 <strong data-start=\"840\" data-end=\"860\">Peluche ultra-douce<\/strong> \u2013 Fabriqu\u00e9e \u00e0 partir de <strong data-start=\"873\" data-end=\"897\">tissu en peluche de qualit\u00e9 sup\u00e9rieure<\/strong>, parfaite pour c\u00e2liner et manipuler.<br data-start=\"934\" data-end=\"937\">\u2705 <strong data-start=\"939\" data-end=\"968\">Design kawaii et hilarant<\/strong> \u2013 Un <strong data-start=\"973\" data-end=\"1004\">capybara assis sur une grenouille ?<\/strong> Trop mignon pour r\u00e9sister ! \ud83d\udc39\ud83d\udc38<br data-start=\"1029\" data-end=\"1032\">\u2705 <strong data-start=\"1034\" data-end=\"1058\">Parfait pour tous les \u00e2ges<\/strong> \u2013 Un excellent <strong data-start=\"1069\" data-end=\"1128\">jouet anti-stress, une peluche sensorielle et un accessoire de mode<\/strong> tout en un !<br data-start=\"1136\" data-end=\"1139\">\u2705 <strong data-start=\"1141\" data-end=\"1160\">Excellente id\u00e9e de cadeau<\/strong> \u2013 Surprenez les <strong data-start=\"1172\" data-end=\"1227\">amateurs de capybaras, les passionn\u00e9s de peluches et les enthousiastes du kawaii<\/strong> avec cet accessoire unique.<br data-start=\"1255\" data-end=\"1258\">\u2705 <strong data-start=\"1260\" data-end=\"1286\">Portable et l\u00e9ger<\/strong> \u2013 Facile \u00e0 porter, \u00e0 transporter et \u00e0 exhiber partout o\u00f9 vous allez ! <\/p>\n<p data-start=\"1343\" data-end=\"1468\">\ud83c\udf81 <strong data-start=\"1346\" data-end=\"1461\">Transformez votre poignet en un terrain de jeu de mignonnerie avec CapySlap \u2014 parce que tout le monde a besoin d&rsquo;un compagnon capybara en d\u00e9placement !<\/strong> \ud83d\udc9b\ud83d\udc39<\/p>\n","protected":false},"excerpt":{"rendered":"<p>\ud83d\udc39\u2728 <strong data-start=\"1535\" data-end=\"1591\">CapySlap \u2013 Le plus mignon bracelet claque peluche capybara !<\/strong> Doux, interactif et <strong data-start=\"1615\" data-end=\"1636\">super amusant \u00e0 porter<\/strong>, ce bracelet peluche kawaii est <strong data-start=\"1669\" data-end=\"1707\">parfait pour les enfants et les amateurs de capybaras<\/strong> !<\/p>\n","protected":false},"featured_media":38344,"comment_status":"open","ping_status":"closed","template":"","meta":[],"product_brand":[],"product_cat":[378],"product_tag":[592,589,584,583,586,590,588,585,587,591],"class_list":{"0":"post-37469","1":"product","2":"type-product","3":"status-publish","4":"has-post-thumbnail","6":"product_cat-capy-accessories-fr","7":"product_tag-kawaii-fashion-accessory-fr","8":"product_tag-soft-slap-bracelet-fr","9":"product_tag-slap-bracelet-plush-fr","10":"product_tag-capybara-plush-bracelet-fr","11":"product_tag-cute-wristband-plush-fr","12":"product_tag-funny-capybara-gift-fr","13":"product_tag-capybara-fidget-toy-fr","14":"product_tag-kawaii-capybara-toy-fr","15":"product_tag-interactive-plush-toy-fr","16":"product_tag-wearable-plush-toy-fr","18":"first","19":"instock","20":"sale","21":"shipping-taxable","22":"purchasable","23":"product-type-variable"},"yoast_head":"<!-- This site is optimized with the Yoast SEO plugin v27.0 - https:\/\/yoast.com\/product\/yoast-seo-wordpress\/ -->\n<title>CapySlap \u2013 Le bracelet claque peluche capybara adorable | Bracelet amusant et kawaii ! - Capy Planet<\/title>\n<meta name=\"description\" content=\"\ud83d\udc39\u2728 CapySlap \u2013 La peluche bracelet \u00e0 claque capybara la plus adorable ! Douce, interactive et extr\u00eamement amusante \u00e0 porter, ce bracelet en peluche kawaii est parfait pour les enfants et les amateurs de capybaras !\" \/>\n<meta name=\"robots\" content=\"index, follow, max-snippet:-1, max-image-preview:large, max-video-preview:-1\" \/>\n<link rel=\"canonical\" href=\"https:\/\/capy-planet.com\/fr\/shop\/capyslap-ladorable-peluche-bracelet-capybara-slap-bracelet-amusant-et-kawaii\/\" \/>\n<meta property=\"og:locale\" content=\"fr_FR\" \/>\n<meta property=\"og:type\" content=\"article\" \/>\n<meta property=\"og:title\" content=\"CapySlap \u2013 Le bracelet claque peluche capybara adorable | Bracelet amusant et kawaii ! - Capy Planet\" \/>\n<meta property=\"og:description\" content=\"\ud83d\udc39\u2728 CapySlap \u2013 La peluche bracelet \u00e0 claque capybara la plus adorable ! Douce, interactive et extr\u00eamement amusante \u00e0 porter, ce bracelet en peluche kawaii est parfait pour les enfants et les amateurs de capybaras !\" \/>\n<meta property=\"og:url\" content=\"https:\/\/capy-planet.com\/fr\/shop\/capyslap-ladorable-peluche-bracelet-capybara-slap-bracelet-amusant-et-kawaii\/\" \/>\n<meta property=\"og:site_name\" content=\"Capy Planet\" \/>\n<meta property=\"article:publisher\" content=\"https:\/\/www.facebook.com\/capy.planet\" \/>\n<meta property=\"article:modified_time\" content=\"2025-04-19T10:58:11+00:00\" \/>\n<meta property=\"og:image\" content=\"https:\/\/i0.wp.com\/capy-planet.com\/wp-content\/uploads\/sites\/2\/2025\/03\/S716ce765f85a4df39590f760b9d9af89h.webp?fit=800%2C800&ssl=1\" \/>\n\t<meta property=\"og:image:width\" content=\"800\" \/>\n\t<meta property=\"og:image:height\" content=\"800\" \/>\n\t<meta property=\"og:image:type\" content=\"image\/webp\" \/>\n<meta name=\"twitter:card\" content=\"summary_large_image\" \/>\n<meta name=\"twitter:label1\" content=\"Dur\u00e9e de lecture estim\u00e9e\" \/>\n\t<meta name=\"twitter:data1\" content=\"1 minute\" \/>\n<script type=\"application\/ld+json\" class=\"yoast-schema-graph\">{\"@context\":\"https:\/\/schema.org\",\"@graph\":[{\"@type\":\"WebPage\",\"@id\":\"https:\/\/capy-planet.com\/fr\/shop\/capyslap-ladorable-peluche-bracelet-capybara-slap-bracelet-amusant-et-kawaii\/\",\"url\":\"https:\/\/capy-planet.com\/fr\/shop\/capyslap-ladorable-peluche-bracelet-capybara-slap-bracelet-amusant-et-kawaii\/\",\"name\":\"CapySlap \u2013 Le bracelet claque peluche capybara adorable | Bracelet amusant et kawaii ! - Capy Planet\",\"isPartOf\":{\"@id\":\"https:\/\/capy-planet.com\/fr\/#website\"},\"primaryImageOfPage\":{\"@id\":\"https:\/\/capy-planet.com\/fr\/shop\/capyslap-ladorable-peluche-bracelet-capybara-slap-bracelet-amusant-et-kawaii\/#primaryimage\"},\"image\":{\"@id\":\"https:\/\/capy-planet.com\/fr\/shop\/capyslap-ladorable-peluche-bracelet-capybara-slap-bracelet-amusant-et-kawaii\/#primaryimage\"},\"thumbnailUrl\":\"https:\/\/i0.wp.com\/capy-planet.com\/wp-content\/uploads\/sites\/2\/2025\/03\/S716ce765f85a4df39590f760b9d9af89h.webp?fit=800%2C800&ssl=1\",\"datePublished\":\"2025-03-12T01:15:58+00:00\",\"dateModified\":\"2025-04-19T10:58:11+00:00\",\"description\":\"\ud83d\udc39\u2728 CapySlap \u2013 La peluche bracelet \u00e0 claque capybara la plus adorable ! Douce, interactive et extr\u00eamement amusante \u00e0 porter, ce bracelet en peluche kawaii est parfait pour les enfants et les amateurs de capybaras !\",\"breadcrumb\":{\"@id\":\"https:\/\/capy-planet.com\/fr\/shop\/capyslap-ladorable-peluche-bracelet-capybara-slap-bracelet-amusant-et-kawaii\/#breadcrumb\"},\"inLanguage\":\"fr-FR\",\"potentialAction\":[{\"@type\":\"ReadAction\",\"target\":[\"https:\/\/capy-planet.com\/fr\/shop\/capyslap-ladorable-peluche-bracelet-capybara-slap-bracelet-amusant-et-kawaii\/\"]}]},{\"@type\":\"ImageObject\",\"inLanguage\":\"fr-FR\",\"@id\":\"https:\/\/capy-planet.com\/fr\/shop\/capyslap-ladorable-peluche-bracelet-capybara-slap-bracelet-amusant-et-kawaii\/#primaryimage\",\"url\":\"https:\/\/i0.wp.com\/capy-planet.com\/wp-content\/uploads\/sites\/2\/2025\/03\/S716ce765f85a4df39590f760b9d9af89h.webp?fit=800%2C800&ssl=1\",\"contentUrl\":\"https:\/\/i0.wp.com\/capy-planet.com\/wp-content\/uploads\/sites\/2\/2025\/03\/S716ce765f85a4df39590f760b9d9af89h.webp?fit=800%2C800&ssl=1\",\"width\":800,\"height\":800},{\"@type\":\"BreadcrumbList\",\"@id\":\"https:\/\/capy-planet.com\/fr\/shop\/capyslap-ladorable-peluche-bracelet-capybara-slap-bracelet-amusant-et-kawaii\/#breadcrumb\",\"itemListElement\":[{\"@type\":\"ListItem\",\"position\":1,\"name\":\"Home\",\"item\":\"https:\/\/capy-planet.com\/fr\/home\/\"},{\"@type\":\"ListItem\",\"position\":2,\"name\":\"Capy Shop\",\"item\":\"https:\/\/capy-planet.com\/shop\/\"},{\"@type\":\"ListItem\",\"position\":3,\"name\":\"CapySlap \u2013 Le bracelet claque peluche capybara adorable | Bracelet amusant et kawaii !\"}]},{\"@type\":\"WebSite\",\"@id\":\"https:\/\/capy-planet.com\/fr\/#website\",\"url\":\"https:\/\/capy-planet.com\/fr\/\",\"name\":\"Capy Planet\",\"description\":\"Adoptez la vibe Capybara !\",\"publisher\":{\"@id\":\"https:\/\/capy-planet.com\/fr\/#organization\"},\"potentialAction\":[{\"@type\":\"SearchAction\",\"target\":{\"@type\":\"EntryPoint\",\"urlTemplate\":\"https:\/\/capy-planet.com\/fr\/?s={search_term_string}\"},\"query-input\":{\"@type\":\"PropertyValueSpecification\",\"valueRequired\":true,\"valueName\":\"search_term_string\"}}],\"inLanguage\":\"fr-FR\"},{\"@type\":\"Organization\",\"@id\":\"https:\/\/capy-planet.com\/fr\/#organization\",\"name\":\"Plan\u00e8te Capy\",\"url\":\"https:\/\/capy-planet.com\/fr\/\",\"logo\":{\"@type\":\"ImageObject\",\"inLanguage\":\"fr-FR\",\"@id\":\"https:\/\/capy-planet.com\/fr\/#\/schema\/logo\/image\/\",\"url\":\"https:\/\/i0.wp.com\/capy-planet.com\/wp-content\/uploads\/sites\/2\/2025\/03\/Henri_Hardillier_Capybara_face_large_smile_big_white_kawaii_eyes_c795f5d3-126d-4c2b-bf35-82751b2d63bb-2.png?fit=705%2C705&ssl=1\",\"contentUrl\":\"https:\/\/i0.wp.com\/capy-planet.com\/wp-content\/uploads\/sites\/2\/2025\/03\/Henri_Hardillier_Capybara_face_large_smile_big_white_kawaii_eyes_c795f5d3-126d-4c2b-bf35-82751b2d63bb-2.png?fit=705%2C705&ssl=1\",\"width\":705,\"height\":705,\"caption\":\"Plan\u00e8te Capy\"},\"image\":{\"@id\":\"https:\/\/capy-planet.com\/fr\/#\/schema\/logo\/image\/\"},\"sameAs\":[\"https:\/\/www.facebook.com\/capy.planet\",\"https:\/\/www.instagram.com\/capy_planet_com\"]}]}<\/script>\n<!-- \/ Yoast SEO plugin. -->","yoast_head_json":{"title":"CapySlap \u2013 Le bracelet claque peluche capybara adorable | Bracelet amusant et kawaii ! - Capy Planet","description":"\ud83d\udc39\u2728 CapySlap \u2013 La peluche bracelet \u00e0 claque capybara la plus adorable ! Douce, interactive et extr\u00eamement amusante \u00e0 porter, ce bracelet en peluche kawaii est parfait pour les enfants et les amateurs de capybaras !","robots":{"index":"index","follow":"follow","max-snippet":"max-snippet:-1","max-image-preview":"max-image-preview:large","max-video-preview":"max-video-preview:-1"},"canonical":"https:\/\/capy-planet.com\/fr\/shop\/capyslap-ladorable-peluche-bracelet-capybara-slap-bracelet-amusant-et-kawaii\/","og_locale":"fr_FR","og_type":"article","og_title":"CapySlap \u2013 Le bracelet claque peluche capybara adorable | Bracelet amusant et kawaii ! - Capy Planet","og_description":"\ud83d\udc39\u2728 CapySlap \u2013 La peluche bracelet \u00e0 claque capybara la plus adorable ! Douce, interactive et extr\u00eamement amusante \u00e0 porter, ce bracelet en peluche kawaii est parfait pour les enfants et les amateurs de capybaras !","og_url":"https:\/\/capy-planet.com\/fr\/shop\/capyslap-ladorable-peluche-bracelet-capybara-slap-bracelet-amusant-et-kawaii\/","og_site_name":"Capy Planet","article_publisher":"https:\/\/www.facebook.com\/capy.planet","article_modified_time":"2025-04-19T10:58:11+00:00","og_image":[{"width":800,"height":800,"url":"https:\/\/i0.wp.com\/capy-planet.com\/wp-content\/uploads\/sites\/2\/2025\/03\/S716ce765f85a4df39590f760b9d9af89h.webp?fit=800%2C800&ssl=1","type":"image\/webp"}],"twitter_card":"summary_large_image","twitter_misc":{"Dur\u00e9e de lecture estim\u00e9e":"1 minute"},"schema":{"@context":"https:\/\/schema.org","@graph":[{"@type":"WebPage","@id":"https:\/\/capy-planet.com\/fr\/shop\/capyslap-ladorable-peluche-bracelet-capybara-slap-bracelet-amusant-et-kawaii\/","url":"https:\/\/capy-planet.com\/fr\/shop\/capyslap-ladorable-peluche-bracelet-capybara-slap-bracelet-amusant-et-kawaii\/","name":"CapySlap \u2013 Le bracelet claque peluche capybara adorable | Bracelet amusant et kawaii ! - Capy Planet","isPartOf":{"@id":"https:\/\/capy-planet.com\/fr\/#website"},"primaryImageOfPage":{"@id":"https:\/\/capy-planet.com\/fr\/shop\/capyslap-ladorable-peluche-bracelet-capybara-slap-bracelet-amusant-et-kawaii\/#primaryimage"},"image":{"@id":"https:\/\/capy-planet.com\/fr\/shop\/capyslap-ladorable-peluche-bracelet-capybara-slap-bracelet-amusant-et-kawaii\/#primaryimage"},"thumbnailUrl":"https:\/\/i0.wp.com\/capy-planet.com\/wp-content\/uploads\/sites\/2\/2025\/03\/S716ce765f85a4df39590f760b9d9af89h.webp?fit=800%2C800&ssl=1","datePublished":"2025-03-12T01:15:58+00:00","dateModified":"2025-04-19T10:58:11+00:00","description":"\ud83d\udc39\u2728 CapySlap \u2013 La peluche bracelet \u00e0 claque capybara la plus adorable ! Douce, interactive et extr\u00eamement amusante \u00e0 porter, ce bracelet en peluche kawaii est parfait pour les enfants et les amateurs de capybaras !","breadcrumb":{"@id":"https:\/\/capy-planet.com\/fr\/shop\/capyslap-ladorable-peluche-bracelet-capybara-slap-bracelet-amusant-et-kawaii\/#breadcrumb"},"inLanguage":"fr-FR","potentialAction":[{"@type":"ReadAction","target":["https:\/\/capy-planet.com\/fr\/shop\/capyslap-ladorable-peluche-bracelet-capybara-slap-bracelet-amusant-et-kawaii\/"]}]},{"@type":"ImageObject","inLanguage":"fr-FR","@id":"https:\/\/capy-planet.com\/fr\/shop\/capyslap-ladorable-peluche-bracelet-capybara-slap-bracelet-amusant-et-kawaii\/#primaryimage","url":"https:\/\/i0.wp.com\/capy-planet.com\/wp-content\/uploads\/sites\/2\/2025\/03\/S716ce765f85a4df39590f760b9d9af89h.webp?fit=800%2C800&ssl=1","contentUrl":"https:\/\/i0.wp.com\/capy-planet.com\/wp-content\/uploads\/sites\/2\/2025\/03\/S716ce765f85a4df39590f760b9d9af89h.webp?fit=800%2C800&ssl=1","width":800,"height":800},{"@type":"BreadcrumbList","@id":"https:\/\/capy-planet.com\/fr\/shop\/capyslap-ladorable-peluche-bracelet-capybara-slap-bracelet-amusant-et-kawaii\/#breadcrumb","itemListElement":[{"@type":"ListItem","position":1,"name":"Home","item":"https:\/\/capy-planet.com\/fr\/home\/"},{"@type":"ListItem","position":2,"name":"Capy Shop","item":"https:\/\/capy-planet.com\/shop\/"},{"@type":"ListItem","position":3,"name":"CapySlap \u2013 Le bracelet claque peluche capybara adorable | Bracelet amusant et kawaii !"}]},{"@type":"WebSite","@id":"https:\/\/capy-planet.com\/fr\/#website","url":"https:\/\/capy-planet.com\/fr\/","name":"Capy Planet","description":"Adoptez la vibe Capybara !","publisher":{"@id":"https:\/\/capy-planet.com\/fr\/#organization"},"potentialAction":[{"@type":"SearchAction","target":{"@type":"EntryPoint","urlTemplate":"https:\/\/capy-planet.com\/fr\/?s={search_term_string}"},"query-input":{"@type":"PropertyValueSpecification","valueRequired":true,"valueName":"search_term_string"}}],"inLanguage":"fr-FR"},{"@type":"Organization","@id":"https:\/\/capy-planet.com\/fr\/#organization","name":"Plan\u00e8te Capy","url":"https:\/\/capy-planet.com\/fr\/","logo":{"@type":"ImageObject","inLanguage":"fr-FR","@id":"https:\/\/capy-planet.com\/fr\/#\/schema\/logo\/image\/","url":"https:\/\/i0.wp.com\/capy-planet.com\/wp-content\/uploads\/sites\/2\/2025\/03\/Henri_Hardillier_Capybara_face_large_smile_big_white_kawaii_eyes_c795f5d3-126d-4c2b-bf35-82751b2d63bb-2.png?fit=705%2C705&ssl=1","contentUrl":"https:\/\/i0.wp.com\/capy-planet.com\/wp-content\/uploads\/sites\/2\/2025\/03\/Henri_Hardillier_Capybara_face_large_smile_big_white_kawaii_eyes_c795f5d3-126d-4c2b-bf35-82751b2d63bb-2.png?fit=705%2C705&ssl=1","width":705,"height":705,"caption":"Plan\u00e8te Capy"},"image":{"@id":"https:\/\/capy-planet.com\/fr\/#\/schema\/logo\/image\/"},"sameAs":["https:\/\/www.facebook.com\/capy.planet","https:\/\/www.instagram.com\/capy_planet_com"]}]}},"jetpack_sharing_enabled":true,"_links":{"self":[{"href":"https:\/\/capy-planet.com\/fr\/wp-json\/wp\/v2\/product\/37469","targetHints":{"allow":["GET"]}}],"collection":[{"href":"https:\/\/capy-planet.com\/fr\/wp-json\/wp\/v2\/product"}],"about":[{"href":"https:\/\/capy-planet.com\/fr\/wp-json\/wp\/v2\/types\/product"}],"replies":[{"embeddable":true,"href":"https:\/\/capy-planet.com\/fr\/wp-json\/wp\/v2\/comments?post=37469"}],"wp:featuredmedia":[{"embeddable":true,"href":"https:\/\/capy-planet.com\/fr\/wp-json\/wp\/v2\/media\/38344"}],"wp:attachment":[{"href":"https:\/\/capy-planet.com\/fr\/wp-json\/wp\/v2\/media?parent=37469"}],"wp:term":[{"taxonomy":"product_brand","embeddable":true,"href":"https:\/\/capy-planet.com\/fr\/wp-json\/wp\/v2\/product_brand?post=37469"},{"taxonomy":"product_cat","embeddable":true,"href":"https:\/\/capy-planet.com\/fr\/wp-json\/wp\/v2\/product_cat?post=37469"},{"taxonomy":"product_tag","embeddable":true,"href":"https:\/\/capy-planet.com\/fr\/wp-json\/wp\/v2\/product_tag?post=37469"}],"curies":[{"name":"wp","href":"https:\/\/api.w.org\/{rel}","templated":true}]}}